{"id":123,"date":"2022-08-10T01:21:20","date_gmt":"2022-08-10T01:21:20","guid":{"rendered":"https:\/\/www.eggtray.org\/?page_id=123"},"modified":"2022-08-31T03:03:51","modified_gmt":"2022-08-31T03:03:51","slug":"about-us","status":"publish","type":"page","link":"https:\/\/www.eggtray.org\/de\/about-us\/","title":{"rendered":"\u00dcber uns"},"content":{"rendered":"<h2 class=\"wp-block-heading\" id=\"h-shuliy-machinery\"><strong>Shuliy-Maschinen<\/strong><\/h2>    <div class=\"wp-block-media-text alignwide is-stacked-on-mobile\"><figure class=\"wp-block-media-text__media\"><img loading=\"lazy\" decoding=\"async\" width=\"720\" height=\"540\" src=\"https:\/\/www.eggtray.org\/wp-content\/uploads\/2022\/08\/egg-tray-machine-manufacturer-supplier-.webp\" alt=\"Hersteller und Lieferant von Eierablagemaschinen\" class=\"wp-image-121 size-full\" title=\"\" srcset=\"https:\/\/www.eggtray.org\/wp-content\/uploads\/2022\/08\/egg-tray-machine-manufacturer-supplier-.webp 720w, https:\/\/www.eggtray.org\/wp-content\/uploads\/2022\/08\/egg-tray-machine-manufacturer-supplier--300x225.webp 300w\" sizes=\"auto, (max-width: 720px) 100vw, 720px\" \/><\/figure><div class=\"wp-block-media-text__content\"> <p>Wir, Shuliy Machinery, sind auf die Herstellung und den Verkauf umweltfreundlicher Maschinen spezialisiert. <\/p>    <p>Unsere Eierablagemaschinen sind hocheffizient, langlebig und wartungsfreundlich. Wir entwickeln unser Unternehmen mit dem Konzept einer harmonischen Entwicklung mit der Gesellschaft. <\/p> <\/div><\/div>    <p><\/p>    <p class=\"translation-block\">Unsere Maschinen umfassen die <strong>Eierpaletten-Produktionslinie, Eierkarton-Produktionslinie, <a href=\"https:\/\/www.eggtray.org\/de\/product\/egg-tray-making-machine\/\" target=\"_blank\" rel=\"noreferrer noopener\">Eierpalettenmaschine<\/a>, <a href=\"https:\/\/www.eggtray.org\/de\/product\/egg-carton-making-machine\/\" target=\"_blank\" rel=\"noreferrer noopener\">Eierkartonmaschine<\/a>, <a href=\"https:\/\/www.eggtray.org\/de\/product\/apple-tray-making-machine\/\" target=\"_blank\" rel=\"noreferrer noopener\">Apfelpalettenmaschine<\/a>, <a href=\"https:\/\/www.eggtray.org\/de\/product\/quail-egg-tray-making-machine\/\" target=\"_blank\" rel=\"noreferrer noopener\">Wachtelei-Maschine<\/a>,<\/strong> usw. Es gibt auch eine Reihe von <strong>Pulp-Herstellungsmaschinen, Trocknungsmaschinen, Hei\u00dfpressmaschinen<\/strong> und <strong>Ballenpressen<\/strong>. Kontaktieren Sie uns jederzeit!<\/p>    <h2 class=\"wp-block-heading\" id=\"h-certificates\"><strong>Zertifikate<\/strong><\/h2>    <p>Diese Zertifikate zeigen, dass unsere Maschinen im In- und Ausland zertifiziert sind und eine gute Qualit\u00e4t aufweisen.<\/p>   <div class=\"wp-block-image\"> <figure class=\"aligncenter size-full\"><img loading=\"lazy\" decoding=\"async\" width=\"750\" height=\"934\" src=\"https:\/\/www.eggtray.org\/wp-content\/uploads\/2022\/08\/certificates.webp\" alt=\"Zertifikate\" class=\"wp-image-413\" title=\"\" srcset=\"https:\/\/www.eggtray.org\/wp-content\/uploads\/2022\/08\/certificates.webp 750w, https:\/\/www.eggtray.org\/wp-content\/uploads\/2022\/08\/certificates-241x300.webp 241w\" sizes=\"auto, (max-width: 750px) 100vw, 750px\" \/><figcaption>Zertifikate<\/figcaption><\/figure> <\/div>   <h2 class=\"wp-block-heading\"><strong>Geh\u00e4use der Eierablagemaschine<\/strong><\/h2>    <div class=\"wp-block-media-text alignwide is-stacked-on-mobile\"><figure class=\"wp-block-media-text__media\"><img loading=\"lazy\" decoding=\"async\" width=\"720\" height=\"540\" src=\"https:\/\/www.eggtray.org\/wp-content\/uploads\/2022\/08\/egg-tray-machine-customer.webp\" alt=\"Kunde einer Eierablagemaschine\" class=\"wp-image-408 size-full\" title=\"\" srcset=\"https:\/\/www.eggtray.org\/wp-content\/uploads\/2022\/08\/egg-tray-machine-customer.webp 720w, https:\/\/www.eggtray.org\/wp-content\/uploads\/2022\/08\/egg-tray-machine-customer-300x225.webp 300w\" sizes=\"auto, (max-width: 720px) 100vw, 720px\" \/><\/figure><div class=\"wp-block-media-text__content\"> <p>Ein Kunde aus Saudi-Arabien besuchte unsere Fabrik und unser Unternehmen und dr\u00fcckte seine Zufriedenheit mit den produzierten Eierschalen aus!<\/p> <\/div><\/div>    <div class=\"wp-block-media-text alignwide has-media-on-the-right is-stacked-on-mobile\"><figure class=\"wp-block-media-text__media\"><img loading=\"lazy\" decoding=\"async\" width=\"720\" height=\"540\" src=\"https:\/\/www.eggtray.org\/wp-content\/uploads\/2022\/08\/Shuliy-egg-tray-machine.webp\" alt=\"Shuliy Eierablagemaschine\" class=\"wp-image-409 size-full\" title=\"\" srcset=\"https:\/\/www.eggtray.org\/wp-content\/uploads\/2022\/08\/Shuliy-egg-tray-machine.webp 720w, https:\/\/www.eggtray.org\/wp-content\/uploads\/2022\/08\/Shuliy-egg-tray-machine-300x225.webp 300w\" sizes=\"auto, (max-width: 720px) 100vw, 720px\" \/><\/figure><div class=\"wp-block-media-text__content\"> <p>Der nigerianische Kunde kam nach China, um die Eierablagemaschine zu testen und war mit den Ergebnissen sehr zufrieden!<\/p> <\/div><\/div>    <div class=\"wp-block-media-text alignwide is-stacked-on-mobile\"><figure class=\"wp-block-media-text__media\"><img loading=\"lazy\" decoding=\"async\" width=\"720\" height=\"540\" src=\"https:\/\/www.eggtray.org\/wp-content\/uploads\/2022\/08\/customer-visiting-the-egg-tray-factory.webp\" alt=\"Kunde besucht die Eierschalenfabrik\" class=\"wp-image-411 size-full\" title=\"\" srcset=\"https:\/\/www.eggtray.org\/wp-content\/uploads\/2022\/08\/customer-visiting-the-egg-tray-factory.webp 720w, https:\/\/www.eggtray.org\/wp-content\/uploads\/2022\/08\/customer-visiting-the-egg-tray-factory-300x225.webp 300w\" sizes=\"auto, (max-width: 720px) 100vw, 720px\" \/><\/figure><div class=\"wp-block-media-text__content\"> <p>Ein Kunde aus Gro\u00dfbritannien kam in die Fabrik, um den Zustand der Eierablagemaschine zu \u00fcberpr\u00fcfen, und kaufte erfreulicherweise ein\uff01<\/p> <\/div><\/div>","protected":false},"excerpt":{"rendered":"<p>Shuliy Machinery We, Shuliy Machinery, are specialized in manufacturing and selling environment-friendly machines. Our egg tray machines are highly efficient, long-lasting, and easy to maintain. We are developing our company with the concept of harmonious development with society. Our machines include the egg tray production line, egg carton production line, egg tray machine, egg carton [&hellip;]<\/p>\n","protected":false},"author":1,"featured_media":0,"parent":0,"menu_order":0,"comment_status":"closed","ping_status":"closed","template":"","meta":{"footnotes":""},"class_list":["post-123","page","type-page","status-publish","hentry"],"_links":{"self":[{"href":"https:\/\/www.eggtray.org\/de\/wp-json\/wp\/v2\/pages\/123","targetHints":{"allow":["GET"]}}],"collection":[{"href":"https:\/\/www.eggtray.org\/de\/wp-json\/wp\/v2\/pages"}],"about":[{"href":"https:\/\/www.eggtray.org\/de\/wp-json\/wp\/v2\/types\/page"}],"author":[{"embeddable":true,"href":"https:\/\/www.eggtray.org\/de\/wp-json\/wp\/v2\/users\/1"}],"replies":[{"embeddable":true,"href":"https:\/\/www.eggtray.org\/de\/wp-json\/wp\/v2\/comments?post=123"}],"version-history":[{"count":0,"href":"https:\/\/www.eggtray.org\/de\/wp-json\/wp\/v2\/pages\/123\/revisions"}],"wp:attachment":[{"href":"https:\/\/www.eggtray.org\/de\/wp-json\/wp\/v2\/media?parent=123"}],"curies":[{"name":"wp","href":"https:\/\/api.w.org\/{rel}","templated":true}]}}