{"id":184,"date":"2022-08-10T09:05:04","date_gmt":"2022-08-10T01:05:04","guid":{"rendered":"https:\/\/www.eggtray.org\/?post_type=product&#038;p=184"},"modified":"2025-10-30T16:57:44","modified_gmt":"2025-10-30T08:57:44","slug":"apple-tray-making-machine","status":"publish","type":"product","link":"https:\/\/www.eggtray.org\/de\/product\/apple-tray-making-machine\/","title":{"rendered":"Maschine zur Herstellung von Apfelschalen"},"content":{"rendered":"<p class=\"translation-block\">Wie der Name schon sagt, wird die Apfel-Tablettenmaschine haupts\u00e4chlich zur Herstellung von Pappschalen speziell f\u00fcr \u00c4pfel verwendet. Im Wesentlichen ist es eigentlich eine<a href=\"https:\/\/www.eggtray.org\/de\/product\/egg-tray-making-machine\/\" target=\"_blank\" rel=\"noreferrer noopener\">Eier-Tablettenmaschine<\/a>. Nat\u00fcrlich gibt es auch andere Fruchtschalen, die \u00c4pfeln \u00e4hnlich sind, wie Avocado, Mango, Pfirsich usw. Au\u00dferdem weist diese Maschine verschiedene Eigenschaften auf, wie hohe Effizienz und unterschiedliche Kapazit\u00e4ten. Dar\u00fcber hinaus werden unsere Maschinen ins Ausland exportiert, wie<strong>Marokko, Angola,<a href=\"https:\/\/www.eggtray.org\/de\/Info\/egg-crate-making-machine-nigeria\/\" target=\"_blank\" rel=\"noreferrer noopener\">Nigeria<\/a>, Sambia, Botswana, Chile, \u00c4gypten, Kenia<\/strong>usw. Wenn Sie an dieser Maschine interessiert sind, kontaktieren Sie uns bitte!<\/p>    <h2 class=\"wp-block-heading\"><strong>Automatische Maschine zur Herstellung von Apfelschalen zu verkaufen<\/strong><\/h2>    <p>Tats\u00e4chlich ist die Apfel-Tablettenmaschine sehr \u00e4hnlich zur Eier-Tablettenmaschine und zum Eierkartonmaschinen. Daher sind die Modelle der Maschinen sehr \u00e4hnlich. Der gr\u00f6\u00dfte Unterschied zwischen diesen beiden Maschinen besteht darin, dass die Formen unterschiedlich sind, und die Formen k\u00f6nnen entsprechend den Bed\u00fcrfnissen des Kunden angepasst werden. Wenn Sie an dieser Maschine interessiert sind, kontaktieren Sie uns bitte!<\/p>   <div class=\"wp-block-image\"> <figure class=\"aligncenter size-full\"><img loading=\"lazy\" decoding=\"async\" width=\"720\" height=\"540\" src=\"https:\/\/www.eggtray.org\/wp-content\/uploads\/2022\/08\/pulp-paper-tray-making-machine.webp\" alt=\"Maschine zur Herstellung von Zellstoffpapierschalen\" class=\"wp-image-321\" title=\"\" srcset=\"https:\/\/www.eggtray.org\/wp-content\/uploads\/2022\/08\/pulp-paper-tray-making-machine.webp 720w, https:\/\/www.eggtray.org\/wp-content\/uploads\/2022\/08\/pulp-paper-tray-making-machine-300x225.webp 300w\" sizes=\"auto, (max-width: 720px) 100vw, 720px\" \/><figcaption class=\"wp-element-caption\">Maschine zur Herstellung von Zellstoffpapierschalen<\/figcaption><\/figure> <\/div>   <h2 class=\"wp-block-heading\"><strong>Shuliy Apfel-Obsttablett-Maschinenanwendungen<\/strong><\/h2>    <p>Es k\u00f6nnen verschiedene Obstpapierschalen hergestellt werden, z. B. Birne, Pfirsich, Apfel, Erdbeere, Orange, Avocado, Mango usw.<\/p>   <div class=\"wp-block-image\"> <figure class=\"aligncenter size-full\"><img loading=\"lazy\" decoding=\"async\" width=\"720\" height=\"540\" src=\"https:\/\/www.eggtray.org\/wp-content\/uploads\/2022\/08\/various-paper-fruit-trays.webp\" alt=\"verschiedene Obsttabletts aus Papier\" class=\"wp-image-317\" title=\"\" srcset=\"https:\/\/www.eggtray.org\/wp-content\/uploads\/2022\/08\/various-paper-fruit-trays.webp 720w, https:\/\/www.eggtray.org\/wp-content\/uploads\/2022\/08\/various-paper-fruit-trays-300x225.webp 300w\" sizes=\"auto, (max-width: 720px) 100vw, 720px\" \/><figcaption class=\"wp-element-caption\">verschiedene Obsttabletts aus Papier<\/figcaption><\/figure> <\/div>   <h2 class=\"wp-block-heading\" id=\"h-advantages-of-using-the-apple-tray-making-machine\"><strong>Vorteile der Verwendung der Apfelschalenmaschine<\/strong><\/h2>    <ul class=\"wp-block-list\"> <li>Einfach zu lagern und zu transportieren. Nach der Apfelernte k\u00f6nnen sie unsicher sein und beim Stapeln der \u00c4pfel zu F\u00e4ulnis neigen. Durch den Einsatz von Papierschalen k\u00f6nnen die \u00c4pfel jedoch so gelagert und transportiert werden, dass St\u00f6\u00dfe vermieden werden.<\/li>    <li>Umweltschutz. Die Rohstoffe f\u00fcr die Herstellung von Apfelschalen sind Altpapier, B\u00fccher, Zeitschriften usw. Man findet sie \u00fcberall im Leben. Dieses geh\u00f6rt zur Wiederverwertung und Nutzung und tr\u00e4gt somit zum Umweltschutz bei.<\/li>    <li>Hervorragende Maschinenqualit\u00e4t. Unsere Shuliy-Maschinen sind von der Beh\u00f6rde zertifiziert und die Produktqualit\u00e4t ist garantiert.<\/li>    <li>Leicht zu bedienen. Zu unserer Papierkassettenmaschine erhalten Sie eine entsprechende Bedienungsanleitung und eine Videoerkl\u00e4rung. Wenn der Kunde die Maschine erh\u00e4lt, erfolgt eine Einf\u00fchrung in die verschiedenen Teile der Maschine.<\/li>    <li>Breites Anwendungsspektrum. Diese Maschine zur Herstellung von Apfelschalen wird f\u00fcr die Herstellung verschiedener Obstschalen aus Papier verwendet, die f\u00fcr vielf\u00e4ltige Anwendungen verwendet werden k\u00f6nnen.<\/li> <\/ul>    <h2 class=\"wp-block-heading\" id=\"h-why-invest-in-the-apple-tray-machine\"><strong>Warum in die Apfelschalenmaschine investieren?<\/strong><\/h2>    <ul class=\"wp-block-list\"> <li><strong>Geringe Investition<\/strong>. Wenn Sie die Kosten analysieren, k\u00f6nnen Sie gleich zu Beginn dieses Gesch\u00e4fts das kleinste Modell kaufen <a href=\"https:\/\/www.eggtray.org\/de\/products\/production-line\/\" target=\"_blank\" rel=\"noreferrer noopener\">Produktionslinie f\u00fcr Papierf\u00e4cher<\/a>. Der Rohstoff f\u00fcr Papierschalen ist sehr g\u00fcnstig und leicht zu bekommen.<\/li>    <li><strong>Niedriges Risiko<\/strong>. Die Maschine zur Herstellung von Apfelschalen weist eine hohe Endproduktrate und eine niedrige Ausfallrate auf und kann in gro\u00dfem Umfang in Gesch\u00e4ftsaktivit\u00e4ten eingesetzt werden. Das Risiko, eine solche Maschine zu kaufen, ist sehr gering.<\/li>    <li><strong>Umweltfreundlich<\/strong>. Jetzt bef\u00fcrwortet die Welt einen umweltfreundlichen Konsum. Unsere Maschine ist eine so umweltfreundliche Maschine, die Rohstoffe (Altpapier, Altb\u00fccher usw.) im Einklang mit dem Thema der Weltentwicklung wieder recycelt.<\/li> <\/ul>   <div class=\"wp-block-image\"> <figure class=\"aligncenter size-full\"><img loading=\"lazy\" decoding=\"async\" width=\"720\" height=\"540\" src=\"https:\/\/www.eggtray.org\/wp-content\/uploads\/2022\/08\/paper-tray-machine-manufacturer.webp\" alt=\"Hersteller von Papierfachmaschinen\" class=\"wp-image-322\" title=\"\" srcset=\"https:\/\/www.eggtray.org\/wp-content\/uploads\/2022\/08\/paper-tray-machine-manufacturer.webp 720w, https:\/\/www.eggtray.org\/wp-content\/uploads\/2022\/08\/paper-tray-machine-manufacturer-300x225.webp 300w\" sizes=\"auto, (max-width: 720px) 100vw, 720px\" \/><figcaption class=\"wp-element-caption\">Hersteller von Papierfachmaschinen<\/figcaption><\/figure> <\/div>   <h2 class=\"wp-block-heading\"><strong>Shuliy Machinery \u2013 der zuverl\u00e4ssige Hersteller und Lieferant von Maschinen zur Herstellung von Apfelschalen<\/strong><\/h2>    <p class=\"translation-block\"><strong>Vorverkaufsservice<\/strong>. Unser Personal wird in der Vorverkaufsphase eine freundliche und herzliche Haltung einnehmen, um aktiv und effektiv mit Ihnen zu kommunizieren.<\/p>    <p class=\"translation-block\"><strong>Verkaufsservice<\/strong>. W\u00e4hrend der Kommunikation beantworten unsere Vertriebsmitarbeiter Ihre Fragen mit Fachwissen und geduldiger Haltung.<\/p>    <p class=\"translation-block\"><strong>After-Sales-Service<\/strong>. Nachdem Sie die Maschine erhalten haben, wenn Sie Fragen zur Maschine haben, wird sich unser Personal rund um die Uhr zeitnah bei Ihnen melden.<\/p>    <h2 class=\"wp-block-heading\"><strong>Faktoren, die den Preis der Apfelfruchtschalen-Herstellungsmaschine beeinflussen<\/strong><\/h2>    <p class=\"translation-block\"><strong>Konfiguration<\/strong>. Wenn Sie eine Maschine kaufen m\u00f6chten, w\u00e4hlen Sie eine andere Konfiguration, der Preis ist nicht derselbe. Zum Beispiel ist der Preis unterschiedlich, wenn Sie einen Apfel-Tray f\u00fcr die nat\u00fcrliche Trocknung und einen Ziegelofen zum Trocknen w\u00e4hlen.<\/p>    <p class=\"translation-block\"><strong>Kapazit\u00e4t<\/strong>. Sie m\u00f6chten 1.500 St\u00fcck pro Stunde und 2.500 St\u00fcck pro Stunde produzieren, die Maschinen zur Herstellung von Apfeltrays, die Sie w\u00e4hlen, sind unterschiedlich und der Preis ist nicht derselbe.<\/p>    <p class=\"translation-block\"><strong>Andere Faktoren<\/strong>. Zum Beispiel Versandkosten, Zeitkosten usw.<\/p>   <div class=\"wp-block-image\"> <figure class=\"aligncenter size-full\"><img loading=\"lazy\" decoding=\"async\" width=\"720\" height=\"540\" src=\"https:\/\/www.eggtray.org\/wp-content\/uploads\/2022\/08\/apple-tray-making-machine-manufacturer.webp\" alt=\"Hersteller von Maschinen zur Herstellung von Apfelschalen\" class=\"wp-image-319\" title=\"\" srcset=\"https:\/\/www.eggtray.org\/wp-content\/uploads\/2022\/08\/apple-tray-making-machine-manufacturer.webp 720w, https:\/\/www.eggtray.org\/wp-content\/uploads\/2022\/08\/apple-tray-making-machine-manufacturer-300x225.webp 300w\" sizes=\"auto, (max-width: 720px) 100vw, 720px\" \/><figcaption class=\"wp-element-caption\">Hersteller von Maschinen zur Herstellung von Apfelschalen<\/figcaption><\/figure> <\/div>   <h2 class=\"wp-block-heading\"><strong>Erfolgreicher Fall: Vollautomatische Maschine zur Herstellung von Apfelschalen nach Brasilien geliefert<\/strong><\/h2>    <p>Ein Kunde in Brasilien besitzt eine Apfelplantage und transportiert \u00c4pfel \u00fcber weite Strecken zu verschiedenen Standorten. Wenn die \u00c4pfel jedoch w\u00e4hrend des Transports nicht gesch\u00fctzt sind, werden die \u00c4pfel w\u00e4hrend der Reise besch\u00e4digt. Letztendlich werden die Interessen des brasilianischen Kunden gesch\u00e4digt, wenn er sein Ziel erreicht. Deshalb ben\u00f6tigt er die Apfelschalen, um die \u00c4pfel zu sch\u00fctzen. Dann ist die Apfelschalenmaschine eine gute Wahl. Nachdem er von unserer Maschine erfahren hatte, war er sehr zufrieden und beschloss, sie sofort zu kaufen. Nachdem er die Maschine erhalten und eine Zeit lang benutzt hatte, erz\u00e4hlte er uns, dass seine Plantage drei\u00dfig Prozent mehr Gewinn als \u00fcblich erwirtschaftete.<\/p>   <div class=\"wp-block-image\"> <figure class=\"aligncenter size-full\"><img loading=\"lazy\" decoding=\"async\" width=\"720\" height=\"540\" src=\"https:\/\/www.eggtray.org\/wp-content\/uploads\/2022\/08\/fruit-tray-machine-for-sale.webp\" alt=\"Obsttablettmaschine zu verkaufen\" class=\"wp-image-320\" title=\"\" srcset=\"https:\/\/www.eggtray.org\/wp-content\/uploads\/2022\/08\/fruit-tray-machine-for-sale.webp 720w, https:\/\/www.eggtray.org\/wp-content\/uploads\/2022\/08\/fruit-tray-machine-for-sale-300x225.webp 300w\" sizes=\"auto, (max-width: 720px) 100vw, 720px\" \/><figcaption class=\"wp-element-caption\">Obsttablettmaschine zu verkaufen<\/figcaption><\/figure> <\/div>   <h2 class=\"wp-block-heading\"><strong>Technische Parameter der Papierfachmaschine<\/strong><\/h2>    <figure class=\"wp-block-table\"><table><tbody><tr><td>Modell<\/td><td>Kapazit\u00e4t<\/td><td>Papierverbrauch<\/td><td>Wasserverbrauch<\/td><td>Energie verbraucht<\/td><td>Arbeiter<\/td><\/tr><tr><td>SL-3*1<\/td><td>1000-1500 St\u00fcck\/h<\/td><td>120kg\/h<\/td><td>300kg\/h<\/td><td>32kW\/h<\/td><td>3-4<\/td><\/tr><tr><td>SL-4*1<\/td><td>1500-2000 St\u00fcck\/h<\/td><td>160kg\/h<\/td><td>380kg\/h<\/td><td>45 kWW\/h<\/td><td>3-4<\/td><\/tr><tr><td>SL-3*4<\/td><td>2000-2500 St\u00fcck\/h<\/td><td>200kg\/h<\/td><td>450kg\/h<\/td><td>58kW\/h<\/td><td>4-5<\/td><\/tr><tr><td>SL-4*4<\/td><td>3000-3500 St\u00fcck\/h<\/td><td>280kg\/h<\/td><td>560kg\/h<\/td><td>78kW\/h<\/td><td>4-5<\/td><\/tr><tr><td>SL-4*8<\/td><td>4000 St\u00fcck\/h<\/td><td>320kg\/h<\/td><td>600kg\/h<\/td><td>80kW\/h<\/td><td>5-6<\/td><\/tr><tr><td>SL-5*8<\/td><td>5000 St\u00fcck\/h<\/td><td>400kg\/h<\/td><td>750kg\/h<\/td><td>85kW\/h<\/td><td>3-4<\/td><\/tr><tr><td>SL-5*12<\/td><td>6000 St\u00fcck\/h<\/td><td>480kg\/h<\/td><td>900kg\/h<\/td><td>90kW\/h<\/td><td>3-4<\/td><\/tr><tr><td>SL-6*12<\/td><td>8000 St\u00fcck\/h<\/td><td>640kg\/h<\/td><td>1040 kg\/h<\/td><td>100 kW\/h<\/td><td>3-4<\/td><\/tr><\/tbody><\/table><\/figure>","protected":false},"excerpt":{"rendered":"<p>As the name implies, the apple tray making machine is mainly used to produce paper trays specifically for apples. Essentially, it is actually a kind of egg tray machine. Of course, there are other fruit trays similar to the apple, such as avocado, mango, peach, etc. In addition, this machine has the characteristics of various [&hellip;]<\/p>\n","protected":false},"author":1,"featured_media":303,"parent":0,"template":"","tags":[92,34,33,91,35,36],"product-type":[5,60],"class_list":["post-184","product","type-product","status-publish","has-post-thumbnail","hentry","tag-apple-tray","tag-apple-tray-machine","tag-apple-tray-making-machine","tag-fruit-tray","tag-fruit-tray-machine","tag-fruit-tray-making-machine","product-type-main-equipment","product-type-by-products"],"_links":{"self":[{"href":"https:\/\/www.eggtray.org\/de\/wp-json\/wp\/v2\/product\/184","targetHints":{"allow":["GET"]}}],"collection":[{"href":"https:\/\/www.eggtray.org\/de\/wp-json\/wp\/v2\/product"}],"about":[{"href":"https:\/\/www.eggtray.org\/de\/wp-json\/wp\/v2\/types\/product"}],"author":[{"embeddable":true,"href":"https:\/\/www.eggtray.org\/de\/wp-json\/wp\/v2\/users\/1"}],"wp:featuredmedia":[{"embeddable":true,"href":"https:\/\/www.eggtray.org\/de\/wp-json\/wp\/v2\/media\/303"}],"wp:attachment":[{"href":"https:\/\/www.eggtray.org\/de\/wp-json\/wp\/v2\/media?parent=184"}],"wp:term":[{"taxonomy":"post_tag","embeddable":true,"href":"https:\/\/www.eggtray.org\/de\/wp-json\/wp\/v2\/tags?post=184"},{"taxonomy":"product-type","embeddable":true,"href":"https:\/\/www.eggtray.org\/de\/wp-json\/wp\/v2\/product-type?post=184"}],"curies":[{"name":"wp","href":"https:\/\/api.w.org\/{rel}","templated":true}]}}