{"id":19,"date":"2022-08-08T10:07:32","date_gmt":"2022-08-08T10:07:32","guid":{"rendered":"https:\/\/www.eggtray.org\/?post_type=product&#038;p=19"},"modified":"2026-02-10T14:31:10","modified_gmt":"2026-02-10T06:31:10","slug":"egg-tray-production-line-egg-tray-machine","status":"publish","type":"product","link":"https:\/\/www.eggtray.org\/de\/product\/egg-tray-production-line-egg-tray-machine\/","title":{"rendered":"Produktionslinie f\u00fcr Eierablagen zur Herstellung von Papierablagen"},"content":{"rendered":"<p class=\"translation-block\">Die <strong>Eierkartonproduktionslinie<\/strong> ist eine wirtschaftliche Linie, die sehr praktisch ist. Diese Eierkartonfabrik eignet sich f\u00fcr kleine, mittlere und gro\u00dfe Investoren. <\/p>    <p>Dar\u00fcber hinaus ist die Verwendung dieser Maschine zur Herstellung von Eierschalen aufgrund ihres Rohmaterials umweltfreundlich. Wenn Sie an diesem Gesch\u00e4ft interessiert sind, k\u00f6nnen Sie uns gerne f\u00fcr weitere Informationen kontaktieren!<\/p>    <figure class=\"wp-block-embed is-type-video is-provider-youtube wp-block-embed-youtube wp-embed-aspect-16-9 wp-has-aspect-ratio\"><div class=\"wp-block-embed__wrapper\"> <iframe loading=\"lazy\" title=\"8000 St\u00fcck\/h vollautomatische Eierschalen-Produktionslinie von Shuliy | Abfallrecyclinganlage#eggtray\" width=\"500\" height=\"281\" src=\"https:\/\/www.youtube.com\/embed\/YjOJhcC9-3U?feature=oembed\" frameborder=\"0\" allow=\"accelerometer; autoplay; clipboard-write; encrypted-media; gyroscope; picture-in-picture; web-share\" referrerpolicy=\"strict-origin-when-cross-origin\" allowfullscreen><\/iframe> <\/div><figcaption class=\"wp-element-caption\">Arbeitsvideo des vollautomatischen Papierschalen-Produktionsprozesses<\/figcaption><\/figure>    <h2 class=\"wp-block-heading\" id=\"h-what-material-is-used-to-make-egg-trays\"><strong>Aus welchem \u200b\u200bMaterial werden Eierablagen hergestellt?<\/strong><\/h2>    <p>Tats\u00e4chlich sind die Rohstoffe in der Eierschalen-Produktionslinie sehr verbreitet und billig. In unserem t\u00e4glichen Leben werden viele Rohstoffe produziert. <\/p>    <p class=\"translation-block\">Die Rohstoffe sind Altpapier, alte Zeitschriften, alte B\u00fccher, alte <a href=\"https:\/\/en.wikipedia.org\/wiki\/Carton\" target=\"_blank\" rel=\"noreferrer noopener\">Kartons<\/a> usw.<\/p>    <figure class=\"wp-block-gallery aligncenter has-nested-images columns-default is-cropped wp-block-gallery-2 is-layout-flex wp-block-gallery-is-layout-flex\"> <figure class=\"wp-block-image size-full\"><img loading=\"lazy\" decoding=\"async\" width=\"720\" height=\"540\" data-id=\"134\" src=\"https:\/\/www.eggtray.org\/wp-content\/uploads\/2022\/08\/waste-paper.webp\" alt=\"Altpapier\" class=\"wp-image-134\" title=\"\" srcset=\"https:\/\/www.eggtray.org\/wp-content\/uploads\/2022\/08\/waste-paper.webp 720w, https:\/\/www.eggtray.org\/wp-content\/uploads\/2022\/08\/waste-paper-300x225.webp 300w\" sizes=\"auto, (max-width: 720px) 100vw, 720px\" \/><figcaption class=\"wp-element-caption\">Altpapier<\/figcaption><\/figure>    <figure class=\"wp-block-image size-full\"><img loading=\"lazy\" decoding=\"async\" width=\"720\" height=\"540\" data-id=\"136\" src=\"https:\/\/www.eggtray.org\/wp-content\/uploads\/2022\/08\/waste-cardboard.webp\" alt=\"Abfallkarton\" class=\"wp-image-136\" title=\"\" srcset=\"https:\/\/www.eggtray.org\/wp-content\/uploads\/2022\/08\/waste-cardboard.webp 720w, https:\/\/www.eggtray.org\/wp-content\/uploads\/2022\/08\/waste-cardboard-300x225.webp 300w\" sizes=\"auto, (max-width: 720px) 100vw, 720px\" \/><figcaption class=\"wp-element-caption\">Abfallkarton<\/figcaption><\/figure>    <figure class=\"wp-block-image size-full\"><img loading=\"lazy\" decoding=\"async\" width=\"720\" height=\"540\" data-id=\"135\" src=\"https:\/\/www.eggtray.org\/wp-content\/uploads\/2022\/08\/waste-materials.webp\" alt=\"Abfallstoffe\" class=\"wp-image-135\" title=\"\" srcset=\"https:\/\/www.eggtray.org\/wp-content\/uploads\/2022\/08\/waste-materials.webp 720w, https:\/\/www.eggtray.org\/wp-content\/uploads\/2022\/08\/waste-materials-300x225.webp 300w\" sizes=\"auto, (max-width: 720px) 100vw, 720px\" \/><figcaption class=\"wp-element-caption\">Schrottmaterialien<\/figcaption><\/figure> <\/figure>    <p>Wenn Sie also ein neues Unternehmen gr\u00fcnden m\u00f6chten, w\u00e4re die Herstellung von Eierschalen eine gute Wahl. Aufgrund der F\u00fclle und des geringen Rohstoffvorkommens werden Ihre Produktionskosten gesenkt.<\/p>    <h2 class=\"wp-block-heading\"><strong>Einf\u00fchrung der Produktionslinie f\u00fcr Eierschalen<\/strong><\/h2>    <p>Als f\u00fchrender Hersteller und Lieferant von Maschinen zur Herstellung von Eierschalen verf\u00fcgt unser Shuliy Machinery \u00fcber den vollst\u00e4ndigen und automatischen Prozess zur Herstellung von Eierschalen. <\/p>    <p>Wenn Sie einer der Eierschalenlieferanten sind, ist es notwendig, diese grundlegenden Informationen zu kennen.<\/p>    <h3 class=\"wp-block-heading\"><strong>Maschinen zur Herstellung von Eierschalen<\/strong><\/h3>    <p class=\"translation-block\">Es gibt f\u00fcnf Maschinen, die in dieser Produktionslinie verwendet werden. Die erste ist die <strong>Pulpausr\u00fcstung<\/strong>. Die zweite ist die <strong><a href=\"https:\/\/www.eggtray.org\/de\/product\/egg-tray-making-machine\/\" target=\"_blank\" rel=\"noreferrer noopener\">Papier-Eierkartonmaschine<\/a><\/strong> (Schl\u00fcsselmachiner). Die dritte ist der <strong>Trockner<\/strong>. Die vierte ist die <strong>Hei\u00dfpressmaschine<\/strong>. Die f\u00fcnfte ist die <strong>Ballenmaschine<\/strong>.<\/p>    <figure class=\"wp-block-gallery aligncenter has-nested-images columns-default is-cropped wp-block-gallery-3 is-layout-flex wp-block-gallery-is-layout-flex\"> <figure class=\"wp-block-image size-full\"><img loading=\"lazy\" decoding=\"async\" width=\"720\" height=\"540\" data-id=\"215\" src=\"https:\/\/www.eggtray.org\/wp-content\/uploads\/2022\/08\/pulp-making-machine.webp\" alt=\"Maschine zur Zellstoffherstellung\" class=\"wp-image-215\" title=\"\" srcset=\"https:\/\/www.eggtray.org\/wp-content\/uploads\/2022\/08\/pulp-making-machine.webp 720w, https:\/\/www.eggtray.org\/wp-content\/uploads\/2022\/08\/pulp-making-machine-300x225.webp 300w\" sizes=\"auto, (max-width: 720px) 100vw, 720px\" \/><figcaption class=\"wp-element-caption\">Maschine zur Zellstoffherstellung<\/figcaption><\/figure>    <figure class=\"wp-block-image size-full\"><img loading=\"lazy\" decoding=\"async\" width=\"720\" height=\"540\" data-id=\"214\" src=\"https:\/\/www.eggtray.org\/wp-content\/uploads\/2022\/08\/egg-tray-machine.webp\" alt=\"Eierablagemaschine\" class=\"wp-image-214\" title=\"\" srcset=\"https:\/\/www.eggtray.org\/wp-content\/uploads\/2022\/08\/egg-tray-machine.webp 720w, https:\/\/www.eggtray.org\/wp-content\/uploads\/2022\/08\/egg-tray-machine-300x225.webp 300w\" sizes=\"auto, (max-width: 720px) 100vw, 720px\" \/><figcaption class=\"wp-element-caption\">Eierablagemaschine<\/figcaption><\/figure> <\/figure>    <figure class=\"wp-block-gallery aligncenter has-nested-images columns-default is-cropped wp-block-gallery-4 is-layout-flex wp-block-gallery-is-layout-flex\"> <figure class=\"wp-block-image size-full\"><img loading=\"lazy\" decoding=\"async\" width=\"720\" height=\"540\" data-id=\"217\" src=\"https:\/\/www.eggtray.org\/wp-content\/uploads\/2022\/08\/dryer.webp\" alt=\"Trockner\" class=\"wp-image-217\" title=\"\" srcset=\"https:\/\/www.eggtray.org\/wp-content\/uploads\/2022\/08\/dryer.webp 720w, https:\/\/www.eggtray.org\/wp-content\/uploads\/2022\/08\/dryer-300x225.webp 300w\" sizes=\"auto, (max-width: 720px) 100vw, 720px\" \/><figcaption class=\"wp-element-caption\">Trockner<\/figcaption><\/figure>    <figure class=\"wp-block-image size-full\"><img loading=\"lazy\" decoding=\"async\" width=\"720\" height=\"540\" data-id=\"219\" src=\"https:\/\/www.eggtray.org\/wp-content\/uploads\/2022\/08\/hot-pressing-machine.webp\" alt=\"Hei\u00dfpressmaschine\" class=\"wp-image-219\" title=\"\" srcset=\"https:\/\/www.eggtray.org\/wp-content\/uploads\/2022\/08\/hot-pressing-machine.webp 720w, https:\/\/www.eggtray.org\/wp-content\/uploads\/2022\/08\/hot-pressing-machine-300x225.webp 300w\" sizes=\"auto, (max-width: 720px) 100vw, 720px\" \/><figcaption class=\"wp-element-caption\">Hei\u00dfpressmaschine<\/figcaption><\/figure>    <figure class=\"wp-block-image size-full\"><img loading=\"lazy\" decoding=\"async\" width=\"720\" height=\"540\" data-id=\"218\" src=\"https:\/\/www.eggtray.org\/wp-content\/uploads\/2022\/08\/baling-machine.webp\" alt=\"Ballenpresse\" class=\"wp-image-218\" title=\"\" srcset=\"https:\/\/www.eggtray.org\/wp-content\/uploads\/2022\/08\/baling-machine.webp 720w, https:\/\/www.eggtray.org\/wp-content\/uploads\/2022\/08\/baling-machine-300x225.webp 300w\" sizes=\"auto, (max-width: 720px) 100vw, 720px\" \/><figcaption class=\"wp-element-caption\">Ballenpresse<\/figcaption><\/figure> <\/figure>    <h3 class=\"wp-block-heading\"><strong>Herstellungsverfahren f\u00fcr Eierablagen aus Papier<\/strong><\/h3>    <p>Bei der Herstellung von Eierschalen m\u00fcssen insgesamt vier Schritte durchgef\u00fchrt werden, um hochwertige Eierschalen zu erhalten.<\/p>    <ol class=\"wp-block-list\"> <li>Die <strong>Maschine zur Zellstoffherstellung<\/strong>: Bei dieser Art von Pulper handelt es sich um einen Hydra-Pulper, der die hydraulische Kraft nutzt, um Abf\u00e4lle in Zellstoff zu zerkleinern und so den n\u00e4chsten Schritt vorzubereiten. Wenn Sie \u00fcbrigens eine ansprechende Farbe f\u00fcr die Eierablage w\u00fcnschen, k\u00f6nnen Sie die Zusatzstoffe hinzuf\u00fcgen.<\/li>    <li>Die <strong>Eierablagemaschine<\/strong>: Diese Maschine zur Herstellung von Eierschalen aus Zellstoff ist das Herzst\u00fcck der gesamten Linie. Diese Zellstoff-Eierablagemaschine gibt es in verschiedenen Ausf\u00fchrungen. Es dient dazu, die Eierablage zu formen. Bitte kontaktieren Sie uns f\u00fcr weitere Details!<\/li>    <li>Die <strong>Trockner<\/strong>: Anhand des Maschinennamens l\u00e4sst sich leicht erkennen, dass diese Maschine zum Trocknen der Eierablage dient. Es gibt jedoch drei Arten von Trocknungsmethoden: \u2460nat\u00fcrliche Trocknung; \u2461 Ziegeltrocknung; \u2462 Eierschalen-Trocknungsmaschine. Sie k\u00f6nnen die geeignete Methode entsprechend Ihrer Unternehmensgr\u00f6\u00dfe ausw\u00e4hlen. Au\u00dferdem bietet Ihnen unser Vertriebsleiter tolle L\u00f6sungen f\u00fcr Ihre Anforderungen!<\/li>    <li>Die <strong>Hei\u00dfpressmaschine<\/strong>: Diese Maschine dient haupts\u00e4chlich zum Pressen der Eierablage, um sch\u00f6nere und attraktivere Eierablagen zu erhalten.<\/li>    <li>Die <strong>Ballenpresse<\/strong>: Es wird zum Ballenpressen der Eierschalen verwendet, um eine einfache Lagerung zu erm\u00f6glichen.<\/li> <\/ol>   <div class=\"wp-block-image\"> <figure class=\"aligncenter size-full\"><img loading=\"lazy\" decoding=\"async\" width=\"720\" height=\"470\" src=\"https:\/\/www.eggtray.org\/wp-content\/uploads\/2022\/08\/flow-chart-of-the-egg-tray-production-line.webp\" alt=\"Flussdiagramm der Eierschalen-Produktionslinie \" class=\"wp-image-221\" title=\"\" srcset=\"https:\/\/www.eggtray.org\/wp-content\/uploads\/2022\/08\/flow-chart-of-the-egg-tray-production-line.webp 720w, https:\/\/www.eggtray.org\/wp-content\/uploads\/2022\/08\/flow-chart-of-the-egg-tray-production-line-300x196.webp 300w\" sizes=\"auto, (max-width: 720px) 100vw, 720px\" \/><figcaption class=\"wp-element-caption\">Flussdiagramm der Eierschalen-Produktionslinie <\/figcaption><\/figure> <\/div>   <p>Bitte beachten Sie, dass w\u00e4hrend der Produktionslinie f\u00fcr Eierschalen mehrere Wasserbecken erforderlich sind. Wir stellen jedoch geeignete Wasserbeckenzeichnungen zur Verf\u00fcgung, die den Gesch\u00e4ftsanforderungen des Kunden entsprechen.<\/p>    <figure class=\"wp-block-embed is-type-video is-provider-youtube wp-block-embed-youtube wp-embed-aspect-16-9 wp-has-aspect-ratio\"><div class=\"wp-block-embed__wrapper\"> <iframe loading=\"lazy\" title=\"Vollautomatische Eierablage-Produktionslinie mit Ziegelofentrocknung \u2013 Verwendung von Altpapier zur Herstellung von Eierablagen\" width=\"500\" height=\"281\" src=\"https:\/\/www.youtube.com\/embed\/ZDfD3ahafE4?feature=oembed\" frameborder=\"0\" allow=\"accelerometer; autoplay; clipboard-write; encrypted-media; gyroscope; picture-in-picture; web-share\" referrerpolicy=\"strict-origin-when-cross-origin\" allowfullscreen><\/iframe> <\/div><figcaption class=\"wp-element-caption\">Vollautomatische Eierschalen-Herstellungsmaschine mit Ziegelofentrocknung<\/figcaption><\/figure>    <h2 class=\"wp-block-heading\"><strong>Beschreibung der Eierablage<\/strong><\/h2>    <p>Die von der automatischen Eierablagemaschine hergestellten Eierablagen sind nicht nur leicht, sondern auch zuverl\u00e4ssig in der Qualit\u00e4t. <\/p>    <p>Die Qualit\u00e4t ist zuverl\u00e4ssig, da die Eierablage selbst dann nicht besch\u00e4digt wird, wenn eine Person darauf steht.<\/p>    <figure class=\"wp-block-gallery aligncenter has-nested-images columns-default is-cropped wp-block-gallery-5 is-layout-flex wp-block-gallery-is-layout-flex\"> <figure class=\"wp-block-image size-large\"><img loading=\"lazy\" decoding=\"async\" width=\"540\" height=\"720\" data-id=\"224\" src=\"https:\/\/www.eggtray.org\/wp-content\/uploads\/2022\/08\/egg-trays.webp\" alt=\"Eierablagen\" class=\"wp-image-224\" title=\"\" srcset=\"https:\/\/www.eggtray.org\/wp-content\/uploads\/2022\/08\/egg-trays.webp 540w, https:\/\/www.eggtray.org\/wp-content\/uploads\/2022\/08\/egg-trays-225x300.webp 225w\" sizes=\"auto, (max-width: 540px) 100vw, 540px\" \/><figcaption class=\"wp-element-caption\">Eierablagen<\/figcaption><\/figure>    <figure class=\"wp-block-image size-large\"><img loading=\"lazy\" decoding=\"async\" width=\"540\" height=\"720\" data-id=\"223\" src=\"https:\/\/www.eggtray.org\/wp-content\/uploads\/2022\/08\/quality-egg-trays.webp\" alt=\"Qualit\u00e4ts-Eierschalen\" class=\"wp-image-223\" title=\"\" srcset=\"https:\/\/www.eggtray.org\/wp-content\/uploads\/2022\/08\/quality-egg-trays.webp 540w, https:\/\/www.eggtray.org\/wp-content\/uploads\/2022\/08\/quality-egg-trays-225x300.webp 225w\" sizes=\"auto, (max-width: 540px) 100vw, 540px\" \/><figcaption class=\"wp-element-caption\">Hochwertige Eierablagen<\/figcaption><\/figure> <\/figure>    <p>Au\u00dferdem ist auch die Farbe der Eierablage unterschiedlich. Es gibt die \u00fcblichen Farben wie Erdbrei, Lila, Gelb, Wei\u00df usw. Wenn Sie eine bestimmte Farbe im Sinn haben, kann die rotierende Eierablagemaschine diese auch f\u00fcr Sie produzieren.<\/p>   <div class=\"wp-block-image\"> <figure class=\"aligncenter size-full\"><img loading=\"lazy\" decoding=\"async\" width=\"720\" height=\"540\" src=\"https:\/\/www.eggtray.org\/wp-content\/uploads\/2022\/08\/different-colors-and-types-of-the-paper-trays.jpg\" alt=\"verschiedene-farben-und-typen-der-papierf\u00e4cher\" class=\"wp-image-225\" title=\"\" srcset=\"https:\/\/www.eggtray.org\/wp-content\/uploads\/2022\/08\/different-colors-and-types-of-the-paper-trays.jpg 720w, https:\/\/www.eggtray.org\/wp-content\/uploads\/2022\/08\/different-colors-and-types-of-the-paper-trays-300x225.jpg 300w\" sizes=\"auto, (max-width: 720px) 100vw, 720px\" \/><figcaption class=\"wp-element-caption\">verschiedene Farben und Arten der Papierf\u00e4cher<\/figcaption><\/figure> <\/div>   <h2 class=\"wp-block-heading\" id=\"h-spotlights-of-the-egg-tray-production-line\"><strong>Spotlights der Eierschalen-Produktionslinie<\/strong><\/h2>    <ol class=\"wp-block-list\"> <li><strong>Umweltfreundlich<\/strong>. Aufgrund seiner Rohstoffe wird die Umweltverschmutzung teilweise reduziert. F\u00fcr das aktuelle Umfeld spielt es eine gro\u00dfe Rolle.<\/li>    <li><strong>Niedrige Kosten<\/strong>. Wie wir wissen, wurden Altpapier, Altzeitschriften, Altb\u00fccher usw. verwendet. F\u00fcr den neuen Investor ist die Anschaffung einfach und der Preis ist g\u00fcnstig.<\/li>    <li><strong>Automatisierung<\/strong>. Wir klassifizieren den Eierschalen-Herstellungsprozess anhand der Trocknungsmethoden. Es stehen sowohl die vollautomatische Eierschalenmaschine als auch die manuelle Eierschalenmaschine zur Verf\u00fcgung. Sie k\u00f6nnen w\u00e4hlen, was zu Ihrem Unternehmen passt.<\/li>    <li><strong>Bequem und schnell<\/strong>. Wenn Sie diese Eierschalen-Produktionslinie starten m\u00f6chten, kaufen Sie einfach die erforderlichen Maschinen bei uns, Shuliy Machinery. Und dann kann es schnell losgehen! Dies f\u00fchrt zu einer kurzen Investitionsdauer und schnellen Ertr\u00e4gen.<\/li>    <li><strong>Arbeitsersparnis<\/strong>. Aufgrund der hohen Automatisierung m\u00fcssen Sie nur mehrere Arbeiter einsetzen, die sich um den Betrieb der Maschine k\u00fcmmern. Es spart erheblich Arbeitskosten.<\/li> <\/ol>   <div class=\"wp-block-image\"> <figure class=\"aligncenter size-full\"><img loading=\"lazy\" decoding=\"async\" width=\"720\" height=\"540\" src=\"https:\/\/www.eggtray.org\/wp-content\/uploads\/2022\/08\/automatic-egg-tray-production-line.webp\" alt=\"Automatische Produktionslinie f\u00fcr Eierschalen\" class=\"wp-image-226\" title=\"\" srcset=\"https:\/\/www.eggtray.org\/wp-content\/uploads\/2022\/08\/automatic-egg-tray-production-line.webp 720w, https:\/\/www.eggtray.org\/wp-content\/uploads\/2022\/08\/automatic-egg-tray-production-line-300x225.webp 300w\" sizes=\"auto, (max-width: 720px) 100vw, 720px\" \/><figcaption class=\"wp-element-caption\">Automatische Produktionslinie f\u00fcr Eierschalen<\/figcaption><\/figure> <\/div>   <h2 class=\"wp-block-heading\" id=\"h-what-affects-the-cost-of-the-egg-tray-machine\"><strong>Was beeinflusst die Kosten der Eierablagemaschine?<\/strong><\/h2>    <ol class=\"wp-block-list\"> <li>Unternehmensgr\u00f6\u00dfe. Da sich die Gr\u00f6\u00dfe des Unternehmens auf die Maschinenkapazit\u00e4t auswirkt. Wenn Sie in der gro\u00dfen Produktionslinie f\u00fcr Eierschalen t\u00e4tig sind, sollten Sie die entsprechenden Maschinen kaufen, um Ihren Anforderungen gerecht zu werden. <\/li>    <li>Automatisierung. Denn die Automatisierung bestimmt, welche Trocknungsmethode angewendet wird. Die nat\u00fcrliche Trocknung, die Ziegeltrocknung und die Trocknungsmaschine haben definitiv unterschiedliche Preise.<\/li>    <li>Erforderliche Zeit. Auf dem internationalen Markt variiert der Wechselkurs immer.<\/li> <\/ol>   <div class=\"wp-block-image\"> <figure class=\"aligncenter size-full\"><img loading=\"lazy\" decoding=\"async\" width=\"720\" height=\"540\" src=\"https:\/\/www.eggtray.org\/wp-content\/uploads\/2022\/08\/egg-tray-machine-manufacturer.webp\" alt=\"Hersteller von Eierablagemaschinen\" class=\"wp-image-228\" title=\"\" srcset=\"https:\/\/www.eggtray.org\/wp-content\/uploads\/2022\/08\/egg-tray-machine-manufacturer.webp 720w, https:\/\/www.eggtray.org\/wp-content\/uploads\/2022\/08\/egg-tray-machine-manufacturer-300x225.webp 300w\" sizes=\"auto, (max-width: 720px) 100vw, 720px\" \/><figcaption class=\"wp-element-caption\">Hersteller von Eierablagemaschinen<\/figcaption><\/figure> <\/div>   <h2 class=\"wp-block-heading\" id=\"h-why-choose-the-egg-tray-production-line-from-shuliy-machinery\"><strong>Warum sollten Sie sich f\u00fcr die Eierschalen-Produktionslinie von Shuliy Machinery entscheiden?<\/strong><\/h2>    <ol class=\"wp-block-list\"> <li><strong>Professionelle Angestellte<\/strong>. Unser Vertriebsleiter verf\u00fcgt \u00fcber das Fachwissen, um unseren Kunden die Eierablagemaschine vorzustellen und ihre Fragen zu beantworten.<\/li>    <li><strong>Kaufen Sie gleich die ben\u00f6tigten Maschinen<\/strong>. Als herausragendes Unternehmen verf\u00fcgen wir \u00fcber verschiedene Maschinen, um den Anforderungen der Kunden gerecht zu werden. Sie k\u00f6nnen alles, was Sie brauchen, auf einmal kaufen, was sehr praktisch ist.<\/li>    <li>F<strong>verliebte Marke<\/strong>. Unsere Eierablagemaschinen werden in verschiedene ausl\u00e4ndische L\u00e4nder und Regionen exportiert, wie z. B. Sambia, die Philippinen, Indonesien, Nigeria, Mocorro usw.<\/li> <\/ol>    <h2 class=\"wp-block-heading\" id=\"h-how-to-use-the-egg-tray-production-line-safely-for-a-long-time\"><strong>Wie kann die Produktionslinie f\u00fcr Eierablagen \u00fcber einen langen Zeitraum hinweg sicher genutzt werden?<\/strong><\/h2>    <ol class=\"wp-block-list\"> <li>\u00dcberpr\u00fcfen Sie vor Beginn der Arbeiten sorgf\u00e4ltig jeden Teil der Produktionslinie, um sicherzustellen, dass er fehlerfrei ist.<\/li>    <li>Achten Sie w\u00e4hrend des Arbeitsprozesses auf die Arbeitsleistung der Maschine sowie den Arbeitszustand. Wenn etwas nicht stimmt, stellen Sie die Arbeit sofort ein.<\/li>    <li>Nach Abschluss der Arbeiten sollte die Maschine gereinigt werden, insbesondere die Formen der Zellstoffmaschine und der Eierablagemaschine, damit sie in gutem Zustand bleiben und die Lebensdauer verl\u00e4ngern.<\/li> <\/ol>    <h2 class=\"wp-block-heading\" id=\"h-successful-case-automatic-egg-tray-production-line-sold-to-zambia\"><strong>Erfolgreicher Fall: Verkauf einer automatischen Eierschalen-Produktionslinie nach Sambia<\/strong><\/h2>    <p>Der sambische Kunde ist auf die Herstellung verschiedener Arten von Papierschalen f\u00fcr den lokalen Verkauf spezialisiert. Deshalb war er sehr interessiert, als er unsere Website durchst\u00f6berte, die f\u00fcr seine Bed\u00fcrfnisse sehr gut geeignet war. \u00dcber WhatsApp haben wir Kontakt aufgenommen. <\/p>    <p>Nachdem wir die Informationen \u00fcber die Maschine, einschlie\u00dflich Arbeitsvideo, Form, Parameter, Preis usw., erhalten hatten, unterzeichneten wir sofort den Vertrag. Beide Seiten haben sehr gut zusammengearbeitet.<\/p>   <div class=\"wp-block-image\"> <figure class=\"aligncenter size-full\"><img loading=\"lazy\" decoding=\"async\" width=\"551\" height=\"413\" src=\"https:\/\/www.eggtray.org\/wp-content\/uploads\/2022\/08\/loading-the-egg-tray-machine.webp\" alt=\"Beladen der Eierablagemaschine\" class=\"wp-image-231\" title=\"\" srcset=\"https:\/\/www.eggtray.org\/wp-content\/uploads\/2022\/08\/loading-the-egg-tray-machine.webp 551w, https:\/\/www.eggtray.org\/wp-content\/uploads\/2022\/08\/loading-the-egg-tray-machine-300x225.webp 300w\" sizes=\"auto, (max-width: 551px) 100vw, 551px\" \/><figcaption class=\"wp-element-caption\">Beladen der Eierablagemaschine<\/figcaption><\/figure> <\/div>   <h2 class=\"wp-block-heading\"><strong>Technische Parameter der Eierablagemaschine<\/strong><\/h2>    <figure class=\"wp-block-table\"><table><tbody><tr><td>Modell<\/td><td>Kapazit\u00e4t<\/td><td>Papierverbrauch<\/td><td>Wasserverbrauch<\/td><td>Energie verbraucht<\/td><td>Arbeiter<\/td><\/tr><tr><td>SL-3*1<\/td><td>1000-1500 St\u00fcck\/h<\/td><td>120kg\/h<\/td><td>300kg\/h<\/td><td>32kW\/h<\/td><td>3-4<\/td><\/tr><tr><td>SL-4*1<\/td><td>1500\u20132000 St\u00fcck\/h<\/td><td>160kg\/h<\/td><td>380kg\/h<\/td><td>45 kWW\/h<\/td><td>3-4<\/td><\/tr><tr><td>SL-3*4<\/td><td>2000-2500 St\u00fcck\/h<\/td><td>200kg\/h<\/td><td>450kg\/h<\/td><td>58kW\/h<\/td><td>4-5<\/td><\/tr><tr><td>SL-4*4<\/td><td>3000-3500 St\u00fcck\/h<\/td><td>280kg\/h<\/td><td>560kg\/h<\/td><td>78kW\/h<\/td><td>4-5<\/td><\/tr><tr><td>SL-4*8<\/td><td>4000 St\u00fcck\/h<\/td><td>320kg\/h<\/td><td>600kg\/h<\/td><td>80kW\/h<\/td><td>5-6<\/td><\/tr><tr><td>SL-5*8<\/td><td>5000 St\u00fcck\/h<\/td><td>400kg\/h<\/td><td>750kg\/h<\/td><td>85kW\/h<\/td><td>3-4<\/td><\/tr><tr><td>SL-6*8<\/td><td>6000 St\u00fcck\/h<\/td><td>480kg\/h<\/td><td>900kg\/h<\/td><td>90kW\/h<\/td><td>3-4<\/td><\/tr><tr><td>SL-8*8<\/td><td>8000 St\u00fcck\/h<\/td><td>640kg\/h<\/td><td>1040 kg\/h<\/td><td>100 kW\/h<\/td><td>3-4<\/td><\/tr><\/tbody><\/table><figcaption class=\"wp-element-caption\">Parameter der Eierablagemaschine<\/figcaption><\/figure>    <h2 class=\"wp-block-heading\" id=\"h-faq\"><strong>FAQ zur Eierschalen-Produktionslinie von Shuliy<\/strong><\/h2>   <div id=\"rank-math-faq\" class=\"rank-math-block\"> <div class=\"rank-math-list\"> <div id=\"faq-question-1664332297015\" class=\"rank-math-list-item\"> <h3 class=\"rank-math-question\"><strong>F: Wird es Auswirkungen haben, wenn das Rohmaterial mehr Verunreinigungen enth\u00e4lt?<\/strong><\/h3> <div class=\"rank-math-answer\">  <p>A: Dem Rohmaterial kann etwas Kalk und Bagasse zugesetzt werden, um die H\u00e4rte der Eierschale zu erh\u00f6hen. Wenn mehr Verunreinigungen vorhanden sind, kann ein Vibrationssieb hinzugef\u00fcgt werden, um Verunreinigungen zu entfernen. (Vibrationssiebe werden verwendet, wenn eine Produktionslinie f\u00fcr gro\u00dfe Eierschalen verf\u00fcgbar ist.)<\/p>  <\/div> <\/div> <div id=\"faq-question-1664332304175\" class=\"rank-math-list-item\"> <h3 class=\"rank-math-question\"><strong>F: Wird sich die Form der Eierablagemaschine w\u00e4hrend des Produktionsprozesses abnutzen?<\/strong><\/h3> <div class=\"rank-math-answer\">  <p>A: Wenn mehr Verunreinigungen vorhanden sind, ist der Verschlei\u00df gr\u00f6\u00dfer, im Allgemeinen ist der Verschlei\u00df jedoch gering.<\/p>  <\/div> <\/div> <div id=\"faq-question-1664332318509\" class=\"rank-math-list-item\"> <h3 class=\"rank-math-question\"><strong>F: Wenn ein Kunde ein normales Eiertablett und auch ein geformtes Tablett m\u00f6chte, k\u00f6nnen die Formen ausgetauscht werden?<\/strong><\/h3> <div class=\"rank-math-answer\">  <p>A: Sie k\u00f6nnen eine Maschine verwenden, wechseln Sie einfach die Form.<\/p>  <\/div> <\/div> <div id=\"faq-question-1664332330477\" class=\"rank-math-list-item\"> <h3 class=\"rank-math-question\"><strong>F: Wie viele Wasserbecken muss der Kunde selbst bauen?<\/strong><\/h3> <div class=\"rank-math-answer\">  <p>A: Das h\u00e4ngt vom Produktions- und Anlagenbereich des Kunden ab. Wenn es sich um eine kleine Produktion handelt, reichen 2-3 Becken. Bei gr\u00f6\u00dferer Produktion gibt es 3-4 Becken. Keine Sorge, wir stellen Ihnen die Zeichnungen zur Verf\u00fcgung.<\/p>  <\/div> <\/div> <\/div> <\/div>","protected":false},"excerpt":{"rendered":"<p>Die Produktionslinie f\u00fcr Eierschalen produziert haupts\u00e4chlich hochwertige Eierschalen in verschiedenen Gr\u00f6\u00dfen und Farben anstelle von Plastikverpackungen mit einer Kapazit\u00e4t von 1000\u20138000 St\u00fcck\/h. <\/p>","protected":false},"author":1,"featured_media":142,"parent":0,"template":"","tags":[15,12,70,10,11,17,9,16,13,14],"product-type":[3],"class_list":["post-19","product","type-product","status-publish","has-post-thumbnail","hentry","tag-baling-machine","tag-dryer","tag-egg-tray","tag-egg-tray-machine","tag-egg-tray-making-machine","tag-egg-tray-manufacturing-process","tag-egg-tray-production-line","tag-egg-tray-production-process","tag-hot-pressing-machine","tag-pulp-making-machine","product-type-production-line"],"_links":{"self":[{"href":"https:\/\/www.eggtray.org\/de\/wp-json\/wp\/v2\/product\/19","targetHints":{"allow":["GET"]}}],"collection":[{"href":"https:\/\/www.eggtray.org\/de\/wp-json\/wp\/v2\/product"}],"about":[{"href":"https:\/\/www.eggtray.org\/de\/wp-json\/wp\/v2\/types\/product"}],"author":[{"embeddable":true,"href":"https:\/\/www.eggtray.org\/de\/wp-json\/wp\/v2\/users\/1"}],"wp:featuredmedia":[{"embeddable":true,"href":"https:\/\/www.eggtray.org\/de\/wp-json\/wp\/v2\/media\/142"}],"wp:attachment":[{"href":"https:\/\/www.eggtray.org\/de\/wp-json\/wp\/v2\/media?parent=19"}],"wp:term":[{"taxonomy":"post_tag","embeddable":true,"href":"https:\/\/www.eggtray.org\/de\/wp-json\/wp\/v2\/tags?post=19"},{"taxonomy":"product-type","embeddable":true,"href":"https:\/\/www.eggtray.org\/de\/wp-json\/wp\/v2\/product-type?post=19"}],"curies":[{"name":"wp","href":"https:\/\/api.w.org\/{rel}","templated":true}]}}