{"id":255,"date":"2022-08-11T06:52:12","date_gmt":"2022-08-10T22:52:12","guid":{"rendered":"https:\/\/www.eggtray.org\/?post_type=product&#038;p=255"},"modified":"2025-10-30T16:47:10","modified_gmt":"2025-10-30T08:47:10","slug":"egg-carton-making-machine","status":"publish","type":"product","link":"https:\/\/www.eggtray.org\/de\/product\/egg-carton-making-machine\/","title":{"rendered":"Maschine zur Herstellung von Eierkartons"},"content":{"rendered":"<p>Die Eierkartonmaschine wird haupts\u00e4chlich zur Herstellung hochwertiger Pappschalen zum Schutz der Eier verwendet. Wir, Shuliy Machinery, als einer der besten Hersteller und Lieferanten von Schalenmaschinen, produzieren verschiedene Arten von Eierkartonmaschinen. Unsere Eierkartonmaschine eignet sich f\u00fcr die Produktion in kleinen, mittleren und gro\u00dfen Mengen. Egal, wie gro\u00df Ihre Fabrik ist, unsere Eierkistenmaschine kann Sie zufriedenstellen. F\u00fcr Investoren ist der Kauf unserer Eierkistenmaschine die richtige Entscheidung f\u00fcr Sie. Rufen Sie uns f\u00fcr weitere Informationen an!<\/p>    <h2 class=\"wp-block-heading\" id=\"h-egg-carton-machine-for-sale\"><strong>Eierkartonmaschine zu verkaufen<\/strong><\/h2>    <p class=\"translation-block\">Tats\u00e4chlich hat die Eierkartonherstellungsmaschine denselben Typ wie die <a href=\"https:\/\/www.eggtray.org\/de\/product\/egg-tray-making-machine\/\" target=\"_blank\" rel=\"noreferrer noopener\">Eiertray-Maschine<\/a>, mit Kapazit\u00e4ten von 1000 St\u00fcck pro Stunde bis 8000 St\u00fcck pro Stunde. Die Maschine hat eine hervorragende Qualit\u00e4t, einen stabilen Betrieb und eine lange Lebensdauer. Im Vergleich zu anderen haben unsere Maschinen nicht nur verschiedene Typen, sondern auch Preisvorteile. Da wir zur Industrie- und Handelsgesellschaft geh\u00f6ren, haben wir unsere eigene Fabrik und ein F&amp;E-Team. Wir freuen uns auf Ihre Anfrage!<\/p>    <figure class=\"wp-block-gallery aligncenter has-nested-images columns-default is-cropped wp-block-gallery-2 is-layout-flex wp-block-gallery-is-layout-flex\"> <figure class=\"wp-block-image size-large\"><img loading=\"lazy\" decoding=\"async\" width=\"540\" height=\"720\" data-id=\"370\" src=\"https:\/\/www.eggtray.org\/wp-content\/uploads\/2022\/08\/egg-carton-machine-for-sale.webp\" alt=\"Eierkartonmaschine zu verkaufen\" class=\"wp-image-370\" title=\"\" srcset=\"https:\/\/www.eggtray.org\/wp-content\/uploads\/2022\/08\/egg-carton-machine-for-sale.webp 540w, https:\/\/www.eggtray.org\/wp-content\/uploads\/2022\/08\/egg-carton-machine-for-sale-225x300.webp 225w\" sizes=\"auto, (max-width: 540px) 100vw, 540px\" \/><figcaption class=\"wp-element-caption\">Eierkartonmaschine zu verkaufen<\/figcaption><\/figure>    <figure class=\"wp-block-image size-large\"><img loading=\"lazy\" decoding=\"async\" width=\"540\" height=\"720\" data-id=\"371\" src=\"https:\/\/www.eggtray.org\/wp-content\/uploads\/2022\/08\/egg-carton-making-machine-egg-carton-machine.webp\" alt=\"Maschine zur Herstellung von Eierkartons \u2013 Eierkartonmaschine\" class=\"wp-image-371\" title=\"\" srcset=\"https:\/\/www.eggtray.org\/wp-content\/uploads\/2022\/08\/egg-carton-making-machine-egg-carton-machine.webp 540w, https:\/\/www.eggtray.org\/wp-content\/uploads\/2022\/08\/egg-carton-making-machine-egg-carton-machine-225x300.webp 225w\" sizes=\"auto, (max-width: 540px) 100vw, 540px\" \/><figcaption class=\"wp-element-caption\">Maschine zur Herstellung von Eierkartons \u2013 Maschine zur Herstellung von Eierkartons<\/figcaption><\/figure> <\/figure>    <h2 class=\"wp-block-heading\"><strong>Aus welchem \u200b\u200bMaterial besteht die Eierkiste?<\/strong><\/h2>    <p>Altb\u00fccher, Altpapier, Altzeitschriften, Papier, B\u00fccher usw. All dies kann der Rohstoff f\u00fcr die Eierkarton-Herstellungsmaschine sein.<\/p>    <p class=\"translation-block\">Diese Rohstoffe sind sehr leicht zu beschaffen und die Kosten sind niedrig. F\u00fcr Gesch\u00e4ftsleute, die eine neue Branche gr\u00fcnden m\u00f6chten, ist die Investition in eine <a href=\"https:\/\/www.eggtray.org\/de\/product\/egg-carton-production-line-egg-carton-machine\/\" target=\"_blank\" rel=\"noreferrer noopener\">Papier-Eierkartonproduktionslinie<\/a> eine gute Wahl.<\/p>    <h2 class=\"wp-block-heading\"><strong>Anwendungen des Eierkartonherstellers<\/strong><\/h2>    <p class=\"translation-block\">Die Eierboxherstellungsmaschine kann nicht nur Eierkartons, sondern auch Eiertrays, Apfeltrays, Kindertrays, Weintrays, medizinische Trays, Papier-Schalen, <a href=\"https:\/\/www.eggtray.org\/de\/product\/quail-egg-tray-making-machine\/\" target=\"_blank\" rel=\"noreferrer noopener\">Wachtel-Eiertrays<\/a> usw. herstellen. Zum Beispiel wird die Eiercrate-Herstellungsmaschine, die das Eiertray produzieren kann, als Eiertray-Maschine bezeichnet, und die f\u00fcr das Apfeltray ist die <a href=\"https:\/\/www.eggtray.org\/de\/product\/apple-tray-making-machine\/\" target=\"_blank\" rel=\"noreferrer noopener\">Apfeltray-Maschine<\/a>.<\/p>    <figure class=\"wp-block-gallery aligncenter has-nested-images columns-default is-cropped wp-block-gallery-3 is-layout-flex wp-block-gallery-is-layout-flex\"> <figure class=\"wp-block-image size-large\"><img loading=\"lazy\" decoding=\"async\" width=\"560\" height=\"400\" data-id=\"309\" src=\"https:\/\/www.eggtray.org\/wp-content\/uploads\/2022\/08\/pulp-paper-trays.webp\" alt=\"Zellstoffpapierschalen\" class=\"wp-image-309\" title=\"\" srcset=\"https:\/\/www.eggtray.org\/wp-content\/uploads\/2022\/08\/pulp-paper-trays.webp 560w, https:\/\/www.eggtray.org\/wp-content\/uploads\/2022\/08\/pulp-paper-trays-300x214.webp 300w\" sizes=\"auto, (max-width: 560px) 100vw, 560px\" \/><figcaption class=\"wp-element-caption\">Papierschalen aus Zellstoff<\/figcaption><\/figure> <\/figure>    <h2 class=\"wp-block-heading\"><strong>Vorteile der zum Verkauf stehenden Eierkistenmaschine<\/strong><\/h2>    <ul class=\"wp-block-list\"> <li>Wirtschaftlich. Die Rohstoffe f\u00fcr diese Maschine zur Herstellung von Eierkartons sind leicht zu beschaffen und g\u00fcnstig, und insgesamt werden die Kosten gesenkt.<\/li>    <li>Leistungsstarke Funktion. Mit dieser Maschine zur Herstellung von Eierschachteln aus Papier k\u00f6nnen nicht nur Eierkartons, sondern auch Eierschalen, Wachteleierschalen, Apfelschalen usw. hergestellt werden, indem einfach die Formen ausgetauscht werden.<\/li>    <li>Verschiedene Arten. Unsere Maschine eignet sich f\u00fcr die Produktion im kleinen, mittleren und gro\u00dfen Ma\u00dfstab. Ganz gleich, welchen Ma\u00dfstab Sie w\u00fcnschen, unsere Maschine zur Herstellung von Eierkartons wird Ihr Unternehmen zufriedenstellen.<\/li> <\/ul>    <h2 class=\"wp-block-heading\"><strong>Attraktiver Preis f\u00fcr Eierkartonmaschinen<\/strong><\/h2>    <p>Die umweltfreundlichen Maschinen unserer Shuliy Machinery folgen der Entwicklung der Gesellschaft. Der Preis unserer Maschine zur Herstellung von Eierkartons bietet folgende Vorteile.<\/p>    <ol class=\"wp-block-list\"> <li>Wir haben unser eigenes<strong> F&amp;E-Team<\/strong>. Im Prozess der gesellschaftlichen Entwicklung zielen unsere selbst entwickelten Maschinen immer darauf ab, die Kundenbed\u00fcrfnisse zu erf\u00fcllen, was bedeutet, dass unsere Maschinen sehr gut f\u00fcr die Kundenbed\u00fcrfnisse geeignet sind.<\/li>    <li>Unser <strong>Qualit\u00e4t<\/strong> ist garantiert. Wir k\u00f6nnen Ihnen garantieren, dass unsere Maschinen unter gleichen Bedingungen l\u00e4ngere Zeit einsetzbar sind.<\/li> <\/ol>    <figure class=\"wp-block-gallery aligncenter has-nested-images columns-default is-cropped wp-block-gallery-4 is-layout-flex wp-block-gallery-is-layout-flex\"> <figure class=\"wp-block-image size-large\"><img loading=\"lazy\" decoding=\"async\" width=\"720\" height=\"540\" data-id=\"373\" src=\"https:\/\/www.eggtray.org\/wp-content\/uploads\/2022\/08\/egg-carton-machine-manufacturer.webp\" alt=\"Hersteller von Eierkartonmaschinen\" class=\"wp-image-373\" title=\"\" srcset=\"https:\/\/www.eggtray.org\/wp-content\/uploads\/2022\/08\/egg-carton-machine-manufacturer.webp 720w, https:\/\/www.eggtray.org\/wp-content\/uploads\/2022\/08\/egg-carton-machine-manufacturer-300x225.webp 300w\" sizes=\"auto, (max-width: 720px) 100vw, 720px\" \/><figcaption class=\"wp-element-caption\">Hersteller von Eierkartonmaschinen<\/figcaption><\/figure>    <figure class=\"wp-block-image size-large\"><img loading=\"lazy\" decoding=\"async\" width=\"720\" height=\"540\" data-id=\"374\" src=\"https:\/\/www.eggtray.org\/wp-content\/uploads\/2022\/08\/egg-crate-making-machine-manufacturer.webp\" alt=\"Hersteller von Eierkisten-Herstellungsmaschinen\" class=\"wp-image-374\" title=\"\" srcset=\"https:\/\/www.eggtray.org\/wp-content\/uploads\/2022\/08\/egg-crate-making-machine-manufacturer.webp 720w, https:\/\/www.eggtray.org\/wp-content\/uploads\/2022\/08\/egg-crate-making-machine-manufacturer-300x225.webp 300w\" sizes=\"auto, (max-width: 720px) 100vw, 720px\" \/><figcaption class=\"wp-element-caption\">Hersteller von Maschinen zur Herstellung von Eierkisten<\/figcaption><\/figure> <\/figure>    <h2 class=\"wp-block-heading\"><strong>Tipps zur Auswahl der geeigneten Maschine zur Herstellung von Papier-Eierkisten <\/strong><\/h2>    <ol class=\"wp-block-list\"> <li>Was f\u00fcr <strong>Ausgabe, die Sie w\u00fcnschen<\/strong>. Da die Leistung unterschiedlich ist, ist auch die verwendete Maschine unterschiedlich. Daher m\u00fcssen Sie zun\u00e4chst best\u00e4tigen, um welche Art von Ausgabe es sich handelt.<\/li>    <li>Der <strong>anwendbare Trocknungsmethode. <\/strong>Dies wird durch Ihre Ausgabe bestimmt. Wenn Sie eine kleine Papierkassettenmaschine w\u00fcnschen, ist die nat\u00fcrliche Sonnentrocknung die beste Wahl.<\/li>    <li><strong>Innerhalb des Budgets. <\/strong>Nachdem Sie sich f\u00fcr die Maschine entschieden haben, liegt der Gesamtpreis in Ihrem Budget. Es handelt sich also um eine Win-Win-Kooperation.<\/li> <\/ol>    <p>Unsere Vertriebsmitarbeiter sind professionell und empfehlen Ihnen je nach Bedarf das am besten geeignete Produkt.<\/p>    <h2 class=\"wp-block-heading\"><strong>Erfolgreicher Fall: Export der manuellen Eierkartonmaschine nach West-Samoa<\/strong><\/h2>    <p class=\"translation-block\">Dieser Kunde hat eine gro\u00dfe Anzahl von Industrien und m\u00f6chte eine neue gr\u00fcnden. Nach R\u00fccksprache entschied er sich, mit den Papiertrays zu beginnen. Also wollte er die entsprechende Maschine kaufen. Nachdem er unsere Maschinen gesehen hatte, kontaktierte er uns. Unser Verkaufsleiter stellte ihm die betreffende Maschine im Detail vor und sagte, dass er verschiedene Trays einfach durch Wechseln der Formen herstellen k\u00f6nnte. Nach \u00dcberlegung kaufte der Kunde aus Westsamoa eine <a href=\"https:\/\/www.eggtray.org\/de\/product\/egg-carton-production-line-egg-carton-machine\/\" target=\"_blank\" rel=\"noreferrer noopener\">Eierboxproduktionslinie<\/a> von uns. Nach der Benutzung der Maschine f\u00fcr einige Zeit \u00e4u\u00dferte er seine gro\u00dfe Zufriedenheit.<\/p>   <div class=\"wp-block-image\"> <figure class=\"aligncenter size-full\"><img loading=\"lazy\" decoding=\"async\" width=\"720\" height=\"540\" src=\"https:\/\/www.eggtray.org\/wp-content\/uploads\/2022\/08\/1000pcs-per-hour-semi-automatic-paper-tray-machine.webp\" alt=\"Halbautomatische Papierfachmaschine mit 1000 St\u00fcck pro Stunde\" class=\"wp-image-375\" title=\"\" srcset=\"https:\/\/www.eggtray.org\/wp-content\/uploads\/2022\/08\/1000pcs-per-hour-semi-automatic-paper-tray-machine.webp 720w, https:\/\/www.eggtray.org\/wp-content\/uploads\/2022\/08\/1000pcs-per-hour-semi-automatic-paper-tray-machine-300x225.webp 300w\" sizes=\"auto, (max-width: 720px) 100vw, 720px\" \/><figcaption class=\"wp-element-caption\">Halbautomatische Papierfachmaschine mit 1000 St\u00fcck pro Stunde<\/figcaption><\/figure> <\/div>   <h2 class=\"wp-block-heading\"><strong>Technische Parameter der Eierkartonmaschine<\/strong><\/h2>    <figure class=\"wp-block-table\"><table><tbody><tr><td>Modell<\/td><td>Kapazit\u00e4t<\/td><td>Papierverbrauch<\/td><td>Wasserverbrauch<\/td><td>Energie verbraucht<\/td><td>Arbeiter<\/td><\/tr><tr><td>SL-3*1<\/td><td>1000-1500 St\u00fcck\/h<\/td><td>120kg\/h<\/td><td>300kg\/h<\/td><td>32kW\/h<\/td><td>3-4<\/td><\/tr><tr><td>SL-4*1<\/td><td>1500-2000 St\u00fcck\/h<\/td><td>160kg\/h<\/td><td>380kg\/h<\/td><td>45 kWW\/h<\/td><td>3-4<\/td><\/tr><tr><td>SL-3*4<\/td><td>2000-2500 St\u00fcck\/h<\/td><td>200kg\/h<\/td><td>450kg\/h<\/td><td>58kW\/h<\/td><td>4-5<\/td><\/tr><tr><td>SL-4*4<\/td><td>3000-3500 St\u00fcck\/h<\/td><td>280kg\/h<\/td><td>560kg\/h<\/td><td>78kW\/h<\/td><td>4-5<\/td><\/tr><tr><td>SL-4*8<\/td><td>4000 St\u00fcck\/h<\/td><td>320kg\/h<\/td><td>600kg\/h<\/td><td>80kW\/h<\/td><td>5-6<\/td><\/tr><tr><td>SL-5*8<\/td><td>5000 St\u00fcck\/h<\/td><td>400kg\/h<\/td><td>750kg\/h<\/td><td>85kW\/h<\/td><td>3-4<\/td><\/tr><tr><td>SL-5*12<\/td><td>6000 St\u00fcck\/h<\/td><td>480kg\/h<\/td><td>900kg\/h<\/td><td>90kW\/h<\/td><td>3-4<\/td><\/tr><tr><td>SL-6*12<\/td><td>8000 St\u00fcck\/h<\/td><td>640kg\/h<\/td><td>1040 kg\/h<\/td><td>100 kW\/h<\/td><td>3-4<\/td><\/tr><\/tbody><\/table><figcaption class=\"wp-element-caption\">Spezifikationen der Eierkartonmaschine<\/figcaption><\/figure>","protected":false},"excerpt":{"rendered":"<p>The egg carton making machine is mainly used to produce high-quality paper trays for protecting eggs. We, Shuliy Machinery, as one of the best tray machine manufacturers and suppliers, produce various types of egg carton machines. Our egg carton machine is suitable for small, medium, and large-scale production. No matter what size your factory is, [&hellip;]<\/p>\n","protected":false},"author":1,"featured_media":325,"parent":0,"template":"","tags":[50,89,21,22,20,48,46],"product-type":[5,60,4],"class_list":["post-255","product","type-product","status-publish","has-post-thumbnail","hentry","tag-egg-box-machine","tag-egg-carton","tag-egg-carton-machine","tag-egg-carton-making-machine","tag-egg-carton-production-line","tag-egg-crate-machine","tag-egg-crate-making-machine","product-type-main-equipment","product-type-by-products","product-type-product"],"_links":{"self":[{"href":"https:\/\/www.eggtray.org\/de\/wp-json\/wp\/v2\/product\/255","targetHints":{"allow":["GET"]}}],"collection":[{"href":"https:\/\/www.eggtray.org\/de\/wp-json\/wp\/v2\/product"}],"about":[{"href":"https:\/\/www.eggtray.org\/de\/wp-json\/wp\/v2\/types\/product"}],"author":[{"embeddable":true,"href":"https:\/\/www.eggtray.org\/de\/wp-json\/wp\/v2\/users\/1"}],"wp:featuredmedia":[{"embeddable":true,"href":"https:\/\/www.eggtray.org\/de\/wp-json\/wp\/v2\/media\/325"}],"wp:attachment":[{"href":"https:\/\/www.eggtray.org\/de\/wp-json\/wp\/v2\/media?parent=255"}],"wp:term":[{"taxonomy":"post_tag","embeddable":true,"href":"https:\/\/www.eggtray.org\/de\/wp-json\/wp\/v2\/tags?post=255"},{"taxonomy":"product-type","embeddable":true,"href":"https:\/\/www.eggtray.org\/de\/wp-json\/wp\/v2\/product-type?post=255"}],"curies":[{"name":"wp","href":"https:\/\/api.w.org\/{rel}","templated":true}]}}