{"id":275,"date":"2022-08-11T08:42:39","date_gmt":"2022-08-11T00:42:39","guid":{"rendered":"https:\/\/www.eggtray.org\/?post_type=product&#038;p=275"},"modified":"2025-10-30T16:55:53","modified_gmt":"2025-10-30T08:55:53","slug":"quail-egg-tray-making-machine","status":"publish","type":"product","link":"https:\/\/www.eggtray.org\/de\/product\/quail-egg-tray-making-machine\/","title":{"rendered":"Maschine zur Herstellung von Wachteleierschalen"},"content":{"rendered":"<p class=\"translation-block\">Die Wachtelei-Tray-Maschine dient zur Herstellung hochwertiger Wachtelei-Papier-Trays. Au\u00dferdem kann diese Maschine nach dem Wechsel des Werkzeugs auch Eier-Trays, Eierkartons, Apfel-Trays, Rotwein-Trays, Anzucht-Trays, Rotwein-Trays usw. herstellen. Die entsprechenden Papier-Trays werden unter dem Namen der Maschine hergestellt, wie z. B. <a href=\"https:\/\/www.eggtray.org\/de\/product\/egg-tray-making-machine\/\" target=\"_blank\" rel=\"noreferrer noopener\">Eier-Tray-Maschine<\/a>, Eierkartonmaschine, <a href=\"https:\/\/www.eggtray.org\/de\/product\/apple-tray-making-machine\/\" target=\"_blank\" rel=\"noreferrer noopener\">Apfel-Tray-Herstellungsmaschine<\/a> usw. Wenn Sie daran interessiert sind, kontaktieren Sie uns gerne!<\/p>    <h2 class=\"wp-block-heading\" id=\"h-complete-quail-egg-tray-production-process\"><strong>Kompletter Produktionsprozess f\u00fcr Wachteleierschalen<\/strong><\/h2>    <p class=\"translation-block\">Tats\u00e4chlich ist sie der <a href=\"https:\/\/www.eggtray.org\/de\/product\/egg-tray-production-line-egg-tray-machine\/\" target=\"_blank\" rel=\"noreferrer noopener\">Eier-Tray-Produktionslinie<\/a> und der Eierkarton-Produktionslinie sehr \u00e4hnlich. Beide ben\u00f6tigen eine Pulpermaschine, eine Wachtelei-Tray-Maschine, eine Trocknungsmaschine, eine Hei\u00dfpresse und eine Verpackungsmaschine.<\/p>   <div class=\"wp-block-image\"> <figure class=\"aligncenter size-full\"><img loading=\"lazy\" decoding=\"async\" width=\"720\" height=\"450\" src=\"https:\/\/www.eggtray.org\/wp-content\/uploads\/2022\/08\/complete-paper-tray-production-line.webp\" alt=\"Komplette Papierfach-Produktionslinie \" class=\"wp-image-377\" title=\"\" srcset=\"https:\/\/www.eggtray.org\/wp-content\/uploads\/2022\/08\/complete-paper-tray-production-line.webp 720w, https:\/\/www.eggtray.org\/wp-content\/uploads\/2022\/08\/complete-paper-tray-production-line-300x188.webp 300w\" sizes=\"auto, (max-width: 720px) 100vw, 720px\" \/><figcaption class=\"wp-element-caption\">Komplette Papierfach-Produktionslinie <\/figcaption><\/figure> <\/div>   <p class=\"translation-block\"><strong>Pulpen<\/strong>: Geben Sie die Rohmaterialien in die Pulpermaschine. Die Pulpermaschine zerkleinert die Papierrohstoffe durch die rotierende Bewegung der Maschine. Wichtig ist, dass eine bestimmte Menge Wasser hinzugef\u00fcgt werden muss. Wenn Sie Fragen haben, k\u00f6nnen Sie uns gerne konsultieren.<\/p>    <p class=\"translation-block\"><strong>Formen<\/strong>: Dies ist der entscheidende Schritt. Nach dem Mischen wird mit der Wachtelei-Tray-Maschine die entsprechende Papier-Tray hergestellt. Bei diesem Prozess werden ein Luftkompressor und eine Vakuumpumpe verwendet. Die Vakuumpumpe saugt den Pulpe zum Formwerkzeug und der Luftkompressor bl\u00e4st zum Transferwerkzeug. Wenn Sie mehr Details erfahren m\u00f6chten, kontaktieren Sie uns gerne! <a href=\"https:\/\/www.eggtray.org\/de\/contact-us\/\" target=\"_blank\" rel=\"noreferrer noopener\">Kontaktieren Sie uns<\/a>!<\/p>    <p class=\"translation-block\"><strong>Trocknen<\/strong>: Da die Wachtelei-Tray-Herstellung feucht ist, muss sie getrocknet werden. Es gibt drei Trocknungsmethoden: \u2460 nat\u00fcrliche Trocknung, \u2461 Trocknung im Ziegelofen und \u2462 maschinelle Trocknung. Jede von ihnen hat ihre eigenen Vorteile. Sie k\u00f6nnen sich auch auf die <strong>Trocknungsmethode f\u00fcr Papier-Trays<\/strong> f\u00fcr weitere Details beziehen!<\/p>    <p class=\"translation-block\"><strong>Hei\u00dfpressen &amp; B\u00fcndeln<\/strong>: Die Hei\u00dfpresse wird oft f\u00fcr schachtelartige Trays verwendet, um sie sch\u00f6ner zu machen. Anschlie\u00dfend werden sie mit einer Ballenpresse verpackt.<\/p>    <h2 class=\"wp-block-heading\"><strong>Arten von Wachteleierformen, die hergestellt werden k\u00f6nnen<\/strong><\/h2>    <p class=\"translation-block\">Diese Maschine ist sehr praktisch. Durch einfaches \u00c4ndern der Formen k\u00f6nnen verschiedene Trays hergestellt werden. Wenn Sie <a href=\"https:\/\/en.wikipedia.org\/wiki\/Tray\" target=\"_blank\" rel=\"noreferrer noopener\">Trays<\/a> \u00e4hnlich wie Eier-Trays und Eierkartons herstellen m\u00f6chten, m\u00fcssen Sie beim Kauf der Maschine nur die passenden Formen erwerben. Kurz gesagt, egal welche Art von Tray Sie w\u00fcnschen, unsere Wachtelei-Tray-Maschine kann es.<\/p>    <figure class=\"wp-block-gallery aligncenter has-nested-images columns-default is-cropped wp-block-gallery-2 is-layout-flex wp-block-gallery-is-layout-flex\"> <figure class=\"wp-block-image size-large\"><img loading=\"lazy\" decoding=\"async\" width=\"720\" height=\"540\" data-id=\"378\" src=\"https:\/\/www.eggtray.org\/wp-content\/uploads\/2022\/08\/different-paper-tray-molds.webp\" alt=\"Verschiedene Papierfachformen\" class=\"wp-image-378\" title=\"\" srcset=\"https:\/\/www.eggtray.org\/wp-content\/uploads\/2022\/08\/different-paper-tray-molds.webp 720w, https:\/\/www.eggtray.org\/wp-content\/uploads\/2022\/08\/different-paper-tray-molds-300x225.webp 300w\" sizes=\"auto, (max-width: 720px) 100vw, 720px\" \/><figcaption class=\"wp-element-caption\">Verschiedene Papierfachformen<\/figcaption><\/figure>    <figure class=\"wp-block-image size-large\"><img loading=\"lazy\" decoding=\"async\" width=\"720\" height=\"540\" data-id=\"379\" src=\"https:\/\/www.eggtray.org\/wp-content\/uploads\/2022\/08\/paper-tray-types.webp\" alt=\"Papierfachtypen\" class=\"wp-image-379\" title=\"\" srcset=\"https:\/\/www.eggtray.org\/wp-content\/uploads\/2022\/08\/paper-tray-types.webp 720w, https:\/\/www.eggtray.org\/wp-content\/uploads\/2022\/08\/paper-tray-types-300x225.webp 300w\" sizes=\"auto, (max-width: 720px) 100vw, 720px\" \/><figcaption class=\"wp-element-caption\">Papierfachtypen<\/figcaption><\/figure> <\/figure>    <h2 class=\"wp-block-heading\"><strong>Vorteile der Investition in eine Maschine zur Herstellung von Wachteleierschalen<\/strong><\/h2>    <p class=\"translation-block\"><strong>Geringe Investition.<\/strong> Bei der Investition in dieses Gesch\u00e4ft ist es wichtig, die individuellen Kosten zu ber\u00fccksichtigen. Zum Beispiel Rohmaterialien, Maschinen, Arbeitskr\u00e4fte, Zeit usw. Im Vergleich zu anderen Branchen sind die Investitionskosten f\u00fcr diese Papier-Tray-Formmaschine sehr gering. Au\u00dferdem ist diese Maschine vollautomatisch und spart Arbeitskr\u00e4fte.<\/p>    <p class=\"translation-block\"><strong>Hoher Ertrag.<\/strong> Diese Maschine hat eine hohe Formrate und eine lange Lebensdauer. Im gleichen Zeitraum kann unsere Maschine Wachtelei-Trays herstellen. Au\u00dferdem kann unsere Maschine l\u00e4nger verwendet werden.<\/p>    <h2 class=\"wp-block-heading\"><strong>Wie w\u00e4hlt man den richtigen Preis f\u00fcr eine Wachteleier-Ablagemaschine?<\/strong><\/h2>    <p class=\"translation-block\"><strong>Qualit\u00e4t an erster Stelle<\/strong>. Bei der Auswahl einer Maschine ist die Qualit\u00e4t das Wichtigste.<\/p>    <p class=\"translation-block\"><strong>Zuverl\u00e4ssiger Hersteller<\/strong>. Die Wahl eines zuverl\u00e4ssigen Herstellers ist f\u00fcr Investoren sehr wichtig. Nicht nur die Qualit\u00e4t der Maschine ist garantiert, sondern auch der Kundendienst.<\/p>    <p class=\"translation-block\"><strong>Hohe Kostenleistung<\/strong>. Es ist sehr kosteng\u00fcnstig, die Maschine von einem Unternehmen zu kaufen, das Industrie und Handel integriert. Shuliy Machinery ist ein solches Unternehmen.<\/p>   <div class=\"wp-block-image\"> <figure class=\"aligncenter size-full\"><img loading=\"lazy\" decoding=\"async\" width=\"720\" height=\"540\" src=\"https:\/\/www.eggtray.org\/wp-content\/uploads\/2022\/08\/quail-egg-tray-making-machine-manufacturer.webp\" alt=\"Hersteller von Maschinen zur Herstellung von Wachteleierschalen\" class=\"wp-image-380\" title=\"\" srcset=\"https:\/\/www.eggtray.org\/wp-content\/uploads\/2022\/08\/quail-egg-tray-making-machine-manufacturer.webp 720w, https:\/\/www.eggtray.org\/wp-content\/uploads\/2022\/08\/quail-egg-tray-making-machine-manufacturer-300x225.webp 300w\" sizes=\"auto, (max-width: 720px) 100vw, 720px\" \/><figcaption class=\"wp-element-caption\">Hersteller von Maschinen zur Herstellung von Wachteleierschalen<\/figcaption><\/figure> <\/div>   <h2 class=\"wp-block-heading\"><strong>Shuliy Machinery \u2013 Hersteller und Lieferant von Maschinen zur Herstellung von Wachteleierschalen<\/strong><\/h2>    <p>Wir, Shuliy Machinery, sind ein Hersteller und Lieferant, der sich auf verschiedene Arten von Zellstoffschalenformmaschinen spezialisiert hat. Bei uns stehen Ihnen nicht nur verschiedene Maschinentypen, sondern auch verschiedene Produktionslinien zur Auswahl. Unsere Maschinen sind f\u00fcr Ihre unterschiedlichen Gesch\u00e4ftsanforderungen absolut geeignet. Au\u00dferdem verf\u00fcgen unsere Maschinen \u00fcber Zertifikate. Wenn Sie einen Hersteller ben\u00f6tigen, kontaktieren Sie uns bitte.<\/p>   <div class=\"wp-block-image\"> <figure class=\"aligncenter size-full\"><img loading=\"lazy\" decoding=\"async\" width=\"720\" height=\"540\" src=\"https:\/\/www.eggtray.org\/wp-content\/uploads\/2022\/08\/Shuliy-Machinery-paper-tray-machine-manufacturer-supplier.webp\" alt=\"Shuliy Machinery \u2013 Hersteller und Lieferant von Papierfachmaschinen\" class=\"wp-image-382\" title=\"\" srcset=\"https:\/\/www.eggtray.org\/wp-content\/uploads\/2022\/08\/Shuliy-Machinery-paper-tray-machine-manufacturer-supplier.webp 720w, https:\/\/www.eggtray.org\/wp-content\/uploads\/2022\/08\/Shuliy-Machinery-paper-tray-machine-manufacturer-supplier-300x225.webp 300w\" sizes=\"auto, (max-width: 720px) 100vw, 720px\" \/><figcaption class=\"wp-element-caption\">Shuliy Machinery \u2013 Hersteller und Lieferant von Papierfachmaschinen<\/figcaption><\/figure> <\/div>   <h2 class=\"wp-block-heading\"><strong>L\u00e4nder, in denen sich die Maschinen gut verkaufen<\/strong><\/h2>    <p class=\"translation-block\">Unsere Wachteleipapierpaletten-Maschine wird ins Ausland verkauft. Wir haben Kunden in Asien, Europa, Afrika, Nordamerika, Ozeanien usw. Spezifische L\u00e4nder wie <strong>Saudi-Arabien, T\u00fcrkei, Iran, Vereinigte Arabische Emirate, Malaysia, Nepal, Philippinen, Laos, Afghanistan, Armenien, Korea, Botswana, Algerien, Angola, Namibia, Niger, Elfenbeink\u00fcste, Nigeria, Indonesien, Rum\u00e4nien, Berlin, Ukraine, Polen, Spanien, Russland, Vereinigtes K\u00f6nigreich, Frankreich, Italien, Spanien, Russland, Vereinigtes K\u00f6nigreich. Italien<\/strong> usw.<\/p>    <h2 class=\"wp-block-heading\"><strong>Spezifikationen der Papierfachmaschine<\/strong><\/h2>    <figure class=\"wp-block-table\"><table><tbody><tr><td>Modell<\/td><td>Kapazit\u00e4t<\/td><td>Papierverbrauch<\/td><td>Wasserverbrauch<\/td><td>Energie verbraucht<\/td><td>Arbeiter<\/td><\/tr><tr><td>SL-3*1<\/td><td>1000-1500 St\u00fcck\/h<\/td><td>120kg\/h<\/td><td>300kg\/h<\/td><td>32kW\/h<\/td><td>3-4<\/td><\/tr><tr><td>SL-4*1<\/td><td>1500-2000 St\u00fcck\/h<\/td><td>160kg\/h<\/td><td>380kg\/h<\/td><td>45 kWW\/h<\/td><td>3-4<\/td><\/tr><tr><td>SL-3*4<\/td><td>2000-2500 St\u00fcck\/h<\/td><td>200kg\/h<\/td><td>450kg\/h<\/td><td>58kW\/h<\/td><td>4-5<\/td><\/tr><tr><td>SL-4*4<\/td><td>3000-3500 St\u00fcck\/h<\/td><td>280kg\/h<\/td><td>560kg\/h<\/td><td>78kW\/h<\/td><td>4-5<\/td><\/tr><tr><td>SL-4*8<\/td><td>4000 St\u00fcck\/h<\/td><td>320kg\/h<\/td><td>600kg\/h<\/td><td>80kW\/h<\/td><td>5-6<\/td><\/tr><tr><td>SL-5*8<\/td><td>5000 St\u00fcck\/h<\/td><td>400kg\/h<\/td><td>750kg\/h<\/td><td>85kW\/h<\/td><td>3-4<\/td><\/tr><tr><td>SL-5*12<\/td><td>6000 St\u00fcck\/h<\/td><td>480kg\/h<\/td><td>900kg\/h<\/td><td>90kW\/h<\/td><td>3-4<\/td><\/tr><tr><td>SL-6*12<\/td><td>8000 St\u00fcck\/h<\/td><td>640kg\/h<\/td><td>1040 kg\/h<\/td><td>100 kW\/h<\/td><td>3-4<\/td><\/tr><\/tbody><\/table><\/figure>","protected":false},"excerpt":{"rendered":"<p>The quail egg tray making machine is to produce high-quality quail egg paper trays. Besides, after changing the mold, this machine can also produce the egg tray, egg carton, apple tray, red wine tray, nursery tray, red wine tray, etc. The corresponding paper trays are produced with the name of the machine, such as egg [&hellip;]<\/p>\n","protected":false},"author":1,"featured_media":326,"parent":0,"template":"","tags":[11,9,51],"product-type":[5,60,4],"class_list":["post-275","product","type-product","status-publish","has-post-thumbnail","hentry","tag-egg-tray-making-machine","tag-egg-tray-production-line","tag-quail-egg-tray-making-machine","product-type-main-equipment","product-type-by-products","product-type-product"],"_links":{"self":[{"href":"https:\/\/www.eggtray.org\/de\/wp-json\/wp\/v2\/product\/275","targetHints":{"allow":["GET"]}}],"collection":[{"href":"https:\/\/www.eggtray.org\/de\/wp-json\/wp\/v2\/product"}],"about":[{"href":"https:\/\/www.eggtray.org\/de\/wp-json\/wp\/v2\/types\/product"}],"author":[{"embeddable":true,"href":"https:\/\/www.eggtray.org\/de\/wp-json\/wp\/v2\/users\/1"}],"wp:featuredmedia":[{"embeddable":true,"href":"https:\/\/www.eggtray.org\/de\/wp-json\/wp\/v2\/media\/326"}],"wp:attachment":[{"href":"https:\/\/www.eggtray.org\/de\/wp-json\/wp\/v2\/media?parent=275"}],"wp:term":[{"taxonomy":"post_tag","embeddable":true,"href":"https:\/\/www.eggtray.org\/de\/wp-json\/wp\/v2\/tags?post=275"},{"taxonomy":"product-type","embeddable":true,"href":"https:\/\/www.eggtray.org\/de\/wp-json\/wp\/v2\/product-type?post=275"}],"curies":[{"name":"wp","href":"https:\/\/api.w.org\/{rel}","templated":true}]}}