{"id":334,"date":"2022-08-12T09:22:57","date_gmt":"2022-08-12T09:22:57","guid":{"rendered":"https:\/\/www.eggtray.org\/?post_type=product&#038;p=334"},"modified":"2025-12-18T15:06:45","modified_gmt":"2025-12-18T07:06:45","slug":"egg-tray-dryer","status":"publish","type":"product","link":"https:\/\/www.eggtray.org\/de\/product\/egg-tray-dryer\/","title":{"rendered":"Eierschalentrockner"},"content":{"rendered":"<p>Der Eierschalentrockner dient haupts\u00e4chlich zum Trocknen der nassen Eierschale. Es spielt eine aktive Rolle im Prozess der Herstellung und Produktion von Eierschalen. Dieser Schritt ist die Maschine, die es dem K\u00e4ufer erm\u00f6glicht, die Verwendung der Eierablage zu beschleunigen. Diese Maschine ist ein unverzichtbarer Schritt, wenn Sie sich f\u00fcr Eierablagen aus Papier interessieren. Bitte rufen Sie uns f\u00fcr weitere Informationen an!<\/p>    <h2 class=\"wp-block-heading\" id=\"h-what-is-the-egg-tray-dryer\"><strong>Was ist der Eierschalentrockner?<\/strong><\/h2>    <p class=\"translation-block\">Die Eierkartontrocknungsmaschine ist auch das Eierkartontrocknungssystem im <a href=\"https:\/\/www.eggtray.org\/de\/product\/egg-tray-production-line-egg-tray-machine\/\" target=\"_blank\" rel=\"noreferrer noopener\">Eierkartonherstellungsprozess<\/a>. Ihre Funktion ist es, die nassen Papierkartons zu trocknen. In der Produktionslinie von Shuliy Machinery ist die Trocknungsmethode ebenfalls unterschiedlich und wird entsprechend dem Produktionsumfang ausgew\u00e4hlt. Wenn Sie mehr erfahren m\u00f6chten, lesen Sie bitte den Inhalt.<\/p>    <h2 class=\"wp-block-heading\"><strong>Typ 1: die nat\u00fcrliche Trocknung <\/strong><\/h2>    <p class=\"translation-block\">Nat\u00fcrliche Trocknung, wie der Name schon sagt, bedeutet, die nassen Kartons zu trocknen, indem man sie unter die Sonne legt und sie mit der Kraft der Natur trocknet. Es ist ein rein manueller Typ. Dies ist kosteng\u00fcnstig, aber nur f\u00fcr die Kleinproduktion geeignet. Wie die <a href=\"https:\/\/www.eggtray.org\/de\/product\/egg-tray-making-machine\/\" target=\"_blank\" rel=\"noreferrer noopener\">Eierkartonmaschine<\/a> f\u00fcr 1000 St\u00fcck pro Stunde oder 1500 St\u00fcck pro Stunde.<\/p>    <div class=\"wp-block-group\"><div class=\"wp-block-group__inner-container is-layout-flow wp-block-group-is-layout-flow\"> <p>Dar\u00fcber hinaus kann diese Art von Eierschalentrockner auch dazu verwendet werden, die Eierschale mit einem St\u00e4nder abzust\u00fctzen, der zum Trocknen in die Sonne gestellt oder in einem geschlossenen Raum aufgestellt werden kann.<\/p> <\/div><\/div>    <figure class=\"wp-block-gallery aligncenter has-nested-images columns-default is-cropped wp-block-gallery-2 is-layout-flex wp-block-gallery-is-layout-flex\"> <figure class=\"wp-block-image size-large\"><img loading=\"lazy\" decoding=\"async\" width=\"720\" height=\"540\" data-id=\"338\" src=\"https:\/\/www.eggtray.org\/wp-content\/uploads\/2022\/08\/drying-in-the-sun.webp\" alt=\"in der Sonne trocknen\" class=\"wp-image-338\" title=\"\" srcset=\"https:\/\/www.eggtray.org\/wp-content\/uploads\/2022\/08\/drying-in-the-sun.webp 720w, https:\/\/www.eggtray.org\/wp-content\/uploads\/2022\/08\/drying-in-the-sun-300x225.webp 300w\" sizes=\"auto, (max-width: 720px) 100vw, 720px\" \/><figcaption class=\"wp-element-caption\">Trocknen in der Sonne<\/figcaption><\/figure>    <figure class=\"wp-block-image size-large\"><img loading=\"lazy\" decoding=\"async\" width=\"720\" height=\"540\" data-id=\"337\" src=\"https:\/\/www.eggtray.org\/wp-content\/uploads\/2022\/08\/trolley-the-container.webp\" alt=\"Trolley und Container\" class=\"wp-image-337\" title=\"\" srcset=\"https:\/\/www.eggtray.org\/wp-content\/uploads\/2022\/08\/trolley-the-container.webp 720w, https:\/\/www.eggtray.org\/wp-content\/uploads\/2022\/08\/trolley-the-container-300x225.webp 300w\" sizes=\"auto, (max-width: 720px) 100vw, 720px\" \/><figcaption class=\"wp-element-caption\">Trolley &amp;Amp; Der Container<\/figcaption><\/figure> <\/figure>    <div class=\"wp-block-columns is-layout-flex wp-container-core-columns-is-layout-9d6595d7 wp-block-columns-is-layout-flex\"> <div class=\"wp-block-column is-layout-flow wp-block-column-is-layout-flow\"> <h3 class=\"wp-block-heading\"><strong>Merkmale der nat\u00fcrlichen Trocknung<\/strong><\/h3>    <ul class=\"wp-block-list\"> <li>Sparsam und kosteng\u00fcnstig: Sparen Sie Geld durch Trocknen mit der Kraft des Sonnenlichts.<\/li>    <li>Geeignet f\u00fcr die Produktion in kleinem Ma\u00dfstab. Da es auf nat\u00fcrliche Weise getrocknet wird, ist manuelle Hilfe erforderlich. Wenn der Produktionsumfang zu gro\u00df ist, ist der Arbeitsaufwand etwas \u00fcberw\u00e4ltigend.<\/li>    <li>Vom Wetter beeinflusst. Da es sich um eine nat\u00fcrliche Sonnentrocknung handelt, ist das Wetter entscheidend.<\/li>    <li>Gro\u00dfer Raum. Es sollte gen\u00fcgend Platz f\u00fcr die nat\u00fcrliche Trocknung vorhanden sein.<\/li>    <li>Lange Zeit. Im Vergleich dazu dauert die nat\u00fcrliche Trocknung l\u00e4nger.<\/li> <\/ul> <\/div> <\/div>    <h3 class=\"wp-block-heading\"><strong>Empfohlene Eierablagemaschine f\u00fcr die nat\u00fcrliche Trocknung <\/strong><\/h3>    <figure class=\"wp-block-table\"><table><tbody><tr><td>Modell<\/td><td>Kapazit\u00e4t<\/td><td>Papierverbrauch<\/td><td>Wasserverbrauch<\/td><td>Energie verbraucht<\/td><td>Arbeiter<\/td><\/tr><tr><td>SL-3*1<\/td><td>1000-1500 St\u00fcck\/h<\/td><td>120kg\/h<\/td><td>300kg\/h<\/td><td>32kW\/h<\/td><td>3-4<\/td><\/tr><tr><td>SL-4*1<\/td><td>1500\u20132000 St\u00fcck\/h<\/td><td>160kg\/h<\/td><td>380kg\/h<\/td><td>45 kWW\/h<\/td><td>3-4<\/td><\/tr><tr><td>SL-3*4<\/td><td>2000-2500 St\u00fcck\/h<\/td><td>200kg\/h<\/td><td>450kg\/h<\/td><td>58kW\/h<\/td><td>4-5<\/td><\/tr><\/tbody><\/table><\/figure>    <h2 class=\"wp-block-heading\"><strong>Typ 2: Ziegelofen-Trocknungslinie<\/strong><\/h2>    <p>Diese Art von Eierschalentrockner ist viel schneller und nutzt die Temperatur zum Trocknen beim Erhitzen im Randofen. Es handelt sich um einen halbautomatischen Typ. Es eignet sich f\u00fcr die Maschinenproduktion mittlerer bis gro\u00dfer Gr\u00f6\u00dfe. Diese Trocknungsmethode ist effizienter als die erste und kosteng\u00fcnstiger als die dritte. Das Trocknen der Tabletts dauert nur wenige Minuten.<\/p>   <div class=\"wp-block-image\"> <figure class=\"aligncenter size-full\"><img loading=\"lazy\" decoding=\"async\" width=\"720\" height=\"540\" src=\"https:\/\/www.eggtray.org\/wp-content\/uploads\/2022\/08\/brick-kiln-drying.webp\" alt=\"Ziegelofentrocknung \" class=\"wp-image-347\" title=\"\" srcset=\"https:\/\/www.eggtray.org\/wp-content\/uploads\/2022\/08\/brick-kiln-drying.webp 720w, https:\/\/www.eggtray.org\/wp-content\/uploads\/2022\/08\/brick-kiln-drying-300x225.webp 300w\" sizes=\"auto, (max-width: 720px) 100vw, 720px\" \/><figcaption class=\"wp-element-caption\">Ziegelofentrocknung <\/figcaption><\/figure> <\/div>   <h3 class=\"wp-block-heading\"><strong>Eigenschaften der Ziegelofentrocknung<\/strong><\/h3>    <ul class=\"wp-block-list\"> <li>Sparen Sie Zeit und M\u00fche und trocknen Sie Papierf\u00e4cher in wenigen Minuten.<\/li>    <li>Halbautomatischer Abschluss. Das F\u00f6rderband kann Tabletts transportieren, es ist jedoch eine manuelle Sammlung erforderlich.<\/li>    <li>Preiswert. Im Vergleich zur Metalltrocknung ist der Preis g\u00fcnstig.<\/li>    <li>Einfache Wartung und lange Lebensdauer. Der Ziegelofen h\u00e4lt l\u00e4nger.<\/li>    <li>Den gro\u00dfen Raum einnehmen. Benutzer m\u00fcssen einen Ziegelofen in einschichtiger Bauweise und mit einer Fl\u00e4che von mindestens 30 Quadratmetern bauen.<\/li> <\/ul>    <h3 class=\"wp-block-heading\">Parameter der gebrauchten Eierablagemaschine<\/h3>    <figure class=\"wp-block-table\"><table><tbody><tr><td>Modell<\/td><td>Kapazit\u00e4t<\/td><td>Papierverbrauch<\/td><td>Wasserverbrauch<\/td><td>Energie verbraucht<\/td><td>Arbeiter<\/td><\/tr><tr><td>SL-4*4<\/td><td>3000-3500 St\u00fcck\/h<\/td><td>280kg\/h<\/td><td>560kg\/h<\/td><td>78kW\/h<\/td><td>4-5<\/td><\/tr><tr><td>SL-4*8<\/td><td>4000 St\u00fcck\/h<\/td><td>320kg\/h<\/td><td>600kg\/h<\/td><td>80kW\/h<\/td><td>5-6<\/td><\/tr><tr><td>SL-5*8<\/td><td>5000 St\u00fcck\/h<\/td><td>400kg\/h<\/td><td>750kg\/h<\/td><td>85kW\/h<\/td><td>3-4<\/td><\/tr><tr><td>SL-5*12<\/td><td>6000 St\u00fcck\/h<\/td><td>480kg\/h<\/td><td>900kg\/h<\/td><td>90kW\/h<\/td><td>3-4<\/td><\/tr><tr><td>SL-6*12<\/td><td>8000 St\u00fcck\/h<\/td><td>640kg\/h<\/td><td>1040 kg\/h<\/td><td>100 kW\/h<\/td><td>3-4<\/td><\/tr><\/tbody><\/table><\/figure>    <h2 class=\"wp-block-heading\"><strong>Typ 3: Eierschalentrockner aus Metall<\/strong><\/h2>    <p>Der Metalltrockner ist ein vollautomatisches Eierschalen-Trocknungssystem mit mehreren Schichten, abh\u00e4ngig vom Produktionsumfang. Aufgrund der Kosteneffizienz wird empfohlen, diese Art der Trocknung zusammen mit der Massenproduktion einzusetzen, um Ihren Nutzen zu maximieren. Wir freuen uns auf Ihre Anfrage!<\/p>   <div class=\"wp-block-image\"> <figure class=\"aligncenter size-full\"><img loading=\"lazy\" decoding=\"async\" width=\"720\" height=\"540\" src=\"https:\/\/www.eggtray.org\/wp-content\/uploads\/2022\/08\/metal-multiple-layer-egg-tray-dryer.webp\" alt=\"Mehrschichtiger Eierschalentrockner aus Metall\" class=\"wp-image-344\" title=\"\" srcset=\"https:\/\/www.eggtray.org\/wp-content\/uploads\/2022\/08\/metal-multiple-layer-egg-tray-dryer.webp 720w, https:\/\/www.eggtray.org\/wp-content\/uploads\/2022\/08\/metal-multiple-layer-egg-tray-dryer-300x225.webp 300w\" sizes=\"auto, (max-width: 720px) 100vw, 720px\" \/><figcaption class=\"wp-element-caption\">Mehrschichtiger Eierschalentrockner aus Metall <\/figcaption><\/figure> <\/div>   <h3 class=\"wp-block-heading\"><strong>Highlights des Eierschalentrockners<\/strong><\/h3>    <ul class=\"wp-block-list\"> <li>Ein hoher Automatisierungsgrad. Diese Trocknungsart ist die am st\u00e4rksten automatisierte der drei und spart Arbeitsaufwand.<\/li>    <li>Als Brennstoff f\u00fcr die Beheizung der Maschine k\u00f6nnen Erdgas, Strom, Dampf und Heiz\u00f6l verwendet werden.<\/li>    <li>Gro\u00dfes Gebiet. Da die Maschine mehrschichtig ist, deckt sie einen gro\u00dfen Bereich ab.<\/li>    <li>Ein hohes Ma\u00df an Anwendbarkeit. Unabh\u00e4ngig von der Gr\u00f6\u00dfe des Produktionsma\u00dfstabs ist die Verwendung einer Metall-Mehrschichttrocknung m\u00f6glich.<\/li>    <li>Teuer. Hohe Maschinenkosten und hohe Investitionen in die Erstinvestition.<\/li> <\/ul>    <h3 class=\"wp-block-heading\"><strong>Spezifikationen der empfohlenen Eierablagemaschine<\/strong><\/h3>    <figure class=\"wp-block-table\"><table><tbody><tr><td>Modell<\/td><td>Kapazit\u00e4t<\/td><td>Papierverbrauch<\/td><td>Wasserverbrauch<\/td><td>Energie verbraucht<\/td><td>Arbeiter<\/td><\/tr><tr><td>SL-4*4<\/td><td>3000-3500 St\u00fcck\/h<\/td><td>280kg\/h<\/td><td>560kg\/h<\/td><td>78kW\/h<\/td><td>4-5<\/td><\/tr><tr><td>SL-4*8<\/td><td>4000 St\u00fcck\/h<\/td><td>320kg\/h<\/td><td>600kg\/h<\/td><td>80kW\/h<\/td><td>5-6<\/td><\/tr><tr><td>SL-5*8<\/td><td>5000 St\u00fcck\/h<\/td><td>400kg\/h<\/td><td>750kg\/h<\/td><td>85kW\/h<\/td><td>3-4<\/td><\/tr><tr><td>SL-5*12<\/td><td>6000 St\u00fcck\/h<\/td><td>480kg\/h<\/td><td>900kg\/h<\/td><td>90kW\/h<\/td><td>3-4<\/td><\/tr><tr><td>SL-6*12<\/td><td>8000 St\u00fcck\/h<\/td><td>640kg\/h<\/td><td>1040 kg\/h<\/td><td>100 kW\/h<\/td><td>3-4<\/td><\/tr><\/tbody><\/table><\/figure>    <h2 class=\"wp-block-heading\" id=\"h-how-to-choose-the-right-drying-method\"><strong>Wie w\u00e4hlt man die richtige Trocknungsmethode?<\/strong><\/h2>    <p>Im gesamten Artikel wissen wir, dass es drei Arten von Trocknungsmethoden gibt, aber wie w\u00e4hlt man die richtige Trocknungsmethode aus? Sie m\u00fcssen die folgenden Punkte verstehen.<\/p>    <ol class=\"wp-block-list\"> <li>Der Umfang der Produktion. Wie viele Eierschalen m\u00f6chten Sie in einer Stunde produzieren?<\/li>    <li>Automatisierungsgrad. Sie m\u00f6chten je nach Trocknungsmethode manuell, halbautomatisch oder vollautomatisch arbeiten.<\/li>    <li>Arbeitskosten. Unabh\u00e4ngig davon, welche Trocknungsmethode verwendet wird, ist Arbeitsaufwand erforderlich. Daher m\u00fcssen auch die Arbeitskosten ber\u00fccksichtigt werden.<\/li>    <li>Raum. Die Ziegelofentrocknung und die Metalltrocknung erfordern gro\u00dfe Stellfl\u00e4chen.<\/li>    <li>Budget. Wie viel Geld m\u00f6chten Sie investieren, um die Investition zu t\u00e4tigen?<\/li> <\/ol>    <p>Unser Vertriebsleiter erarbeitet f\u00fcr Sie auch eine auf Ihre Bed\u00fcrfnisse abgestimmte, sinnvolle L\u00f6sung.<\/p>","protected":false},"excerpt":{"rendered":"<p>The egg tray dryer is mainly to dry the wet egg tray. It plays an active role in the process of egg tray manufacturing and production. This step is the machine that enables the buyer to speed up the use of the egg tray. This machine is an indispensable step if you are interested in [&hellip;]<\/p>\n","protected":false},"author":1,"featured_media":336,"parent":0,"template":"","tags":[40,37,38,39],"product-type":[6],"class_list":["post-334","product","type-product","status-publish","has-post-thumbnail","hentry","tag-brick-kilin-drying-method","tag-egg-tray-dryer","tag-egg-tray-drying-system","tag-metal-dryer","product-type-auxiliary-equipment"],"_links":{"self":[{"href":"https:\/\/www.eggtray.org\/de\/wp-json\/wp\/v2\/product\/334","targetHints":{"allow":["GET"]}}],"collection":[{"href":"https:\/\/www.eggtray.org\/de\/wp-json\/wp\/v2\/product"}],"about":[{"href":"https:\/\/www.eggtray.org\/de\/wp-json\/wp\/v2\/types\/product"}],"author":[{"embeddable":true,"href":"https:\/\/www.eggtray.org\/de\/wp-json\/wp\/v2\/users\/1"}],"wp:featuredmedia":[{"embeddable":true,"href":"https:\/\/www.eggtray.org\/de\/wp-json\/wp\/v2\/media\/336"}],"wp:attachment":[{"href":"https:\/\/www.eggtray.org\/de\/wp-json\/wp\/v2\/media?parent=334"}],"wp:term":[{"taxonomy":"post_tag","embeddable":true,"href":"https:\/\/www.eggtray.org\/de\/wp-json\/wp\/v2\/tags?post=334"},{"taxonomy":"product-type","embeddable":true,"href":"https:\/\/www.eggtray.org\/de\/wp-json\/wp\/v2\/product-type?post=334"}],"curies":[{"name":"wp","href":"https:\/\/api.w.org\/{rel}","templated":true}]}}