{"id":345,"date":"2022-08-15T07:34:09","date_gmt":"2022-08-15T07:34:09","guid":{"rendered":"https:\/\/www.eggtray.org\/?post_type=product&#038;p=345"},"modified":"2025-10-31T17:31:01","modified_gmt":"2025-10-31T09:31:01","slug":"hot-pressing-machine","status":"publish","type":"product","link":"https:\/\/www.eggtray.org\/de\/product\/hot-pressing-machine\/","title":{"rendered":"Hei\u00dfpressmaschine"},"content":{"rendered":"<p class=\"translation-block\">Die Hei\u00dfpresse dient haupts\u00e4chlich dazu, die getrockneten Kartons\/Kisten zu pressen, um ihre flache Oberfl\u00e4che ordentlicher und sch\u00f6ner zu machen. Der Hauptzweck ist das Hei\u00dfpressen von Papierboxen. Daher wird diese Maschine meistens in der <a href=\"https:\/\/www.eggtray.org\/de\/product\/egg-carton-production-line-egg-carton-machine\/\" target=\"_blank\" rel=\"noreferrer noopener\">Produktionslinie f\u00fcr Eierkartons<\/a> verwendet, normalerweise als Hilfsmaschine. Aber sie ist wirklich ein wesentlicher Bestandteil.<\/p>    <h2 class=\"wp-block-heading\"><strong>Anwendungen der Eierkarton-Hei\u00dfformmaschine<\/strong><\/h2>    <p class=\"translation-block\">Diese Hei\u00dfpresse wird zum Hei\u00dfpressen verschiedener Arten von Boxprodukten verwendet. Diese Maschine kann also f\u00fcr alle Arten von Boxprodukten verwendet werden. Wie z.B. <a href=\"https:\/\/www.eggtray.org\/de\/product\/apple-tray-making-machine\/\" target=\"_blank\" rel=\"noreferrer noopener\">Apfeltrays<\/a>, <a href=\"https:\/\/www.eggtray.org\/de\/product\/quail-egg-tray-making-machine\/\" target=\"_blank\" rel=\"noreferrer noopener\">Wachteleitertrays<\/a>, Eierkartons, Wein-Trays usw. Solange der Boxentyp diese Maschine verwenden kann.<\/p>   <div class=\"wp-block-image\"> <figure class=\"aligncenter size-full\"><img loading=\"lazy\" decoding=\"async\" width=\"560\" height=\"400\" src=\"https:\/\/www.eggtray.org\/wp-content\/uploads\/2022\/08\/pulp-paper-trays.webp\" alt=\"Zellstoffpapierschalen\" class=\"wp-image-309\" title=\"\" srcset=\"https:\/\/www.eggtray.org\/wp-content\/uploads\/2022\/08\/pulp-paper-trays.webp 560w, https:\/\/www.eggtray.org\/wp-content\/uploads\/2022\/08\/pulp-paper-trays-300x214.webp 300w\" sizes=\"auto, (max-width: 560px) 100vw, 560px\" \/><figcaption>Zellstoffpapierschalen<\/figcaption><\/figure> <\/div>   <h2 class=\"wp-block-heading\"><strong>Vorteile der Verwendung der Hei\u00dfpressmaschine<\/strong><\/h2>    <ol class=\"wp-block-list\"><li>Die Eierkartons sind sch\u00f6ner und ordentlicher. Das Aussehen des Eierkartons nach dem Hei\u00dfpressen ist attraktiver.<\/li><li>Erh\u00f6hter Verkauf. Ob einzeln oder zusammen mit Eiern verkauft, sie sind attraktiver.<\/li><li><a href=\"https:\/\/www.eggtray.org\/de\/product\/egg-carton-production-line-egg-carton-machine\/\" target=\"_blank\" rel=\"noreferrer noopener\">Komplette Produktionslinie f\u00fcr Eierkartons<\/a>. F\u00fcr Kartons ist die Verwendung einer Hei\u00dfpresse erforderlich.<\/li><\/ol>   <div class=\"wp-block-image\"> <figure class=\"aligncenter size-full\"><img loading=\"lazy\" decoding=\"async\" width=\"720\" height=\"540\" src=\"https:\/\/www.eggtray.org\/wp-content\/uploads\/2022\/08\/hot-press-shaping-machine.webp\" alt=\"Hei\u00dfpressformmaschine\" class=\"wp-image-241\" title=\"\" srcset=\"https:\/\/www.eggtray.org\/wp-content\/uploads\/2022\/08\/hot-press-shaping-machine.webp 720w, https:\/\/www.eggtray.org\/wp-content\/uploads\/2022\/08\/hot-press-shaping-machine-300x225.webp 300w\" sizes=\"auto, (max-width: 720px) 100vw, 720px\" \/><figcaption>Hei\u00dfpressformmaschine<\/figcaption><\/figure> <\/div>   <h2 class=\"wp-block-heading\" id=\"h-why-choose-shuliy-machinery\"><strong>Warum sollten Sie sich f\u00fcr Shuliy Machinery entscheiden?<\/strong><\/h2>    <p class=\"translation-block\">Es gibt so viele Unternehmen auf dem Markt, warum sollten Sie Shuliy Machinery als Ihren <a href=\"https:\/\/en.wikipedia.org\/wiki\/Manufacturing\" target=\"_blank\" rel=\"noreferrer noopener\">Lieferanten<\/a> w\u00e4hlen? Hier sind die folgenden Punkte f\u00fcr Ihre \u00dcberlegung.<\/p>    <ul class=\"wp-block-list\"><li>Komplette Maschinen. Aufgrund der integrierten Herstellung und des Handels verf\u00fcgen wir \u00fcber viele Arten relevanter Eierablagemaschinen. So wie die <a href=\"https:\/\/www.eggtray.org\/de\/product\/egg-tray-dryer\/\" target=\"_blank\" rel=\"noreferrer noopener\">Eierschalen-Trocknungsmaschine<\/a>, <a href=\"https:\/\/www.eggtray.org\/de\/product\/egg-carton-making-machine\/\" target=\"_blank\" rel=\"noreferrer noopener\">Maschine zur Herstellung von Eierkisten<\/a>, Zellstoffherstellungsmaschine, Hei\u00dfpressmaschine, Ballenpresse usw. Sie k\u00f6nnen sofort kaufen, was Sie wollen. <\/li><li>Professioneller Service. Als f\u00fchrender Hersteller und Lieferant verf\u00fcgen wir \u00fcber das Fachwissen und die Einstellung, die besten L\u00f6sungen anzubieten.<\/li><li>Exzellenter After-Sales-Service. Wir bieten auch einen hervorragenden Kundendienst, um den Kunden zu helfen, den besten Service zu erhalten.<\/li><\/ul>   <div class=\"wp-block-image\"> <figure class=\"aligncenter size-full\"><img loading=\"lazy\" decoding=\"async\" width=\"720\" height=\"540\" src=\"https:\/\/www.eggtray.org\/wp-content\/uploads\/2022\/08\/working-scene-of-the-hot-pressing-machine.webp\" alt=\"Arbeitsszene der Hei\u00dfpressmaschine\" class=\"wp-image-386\" title=\"\" srcset=\"https:\/\/www.eggtray.org\/wp-content\/uploads\/2022\/08\/working-scene-of-the-hot-pressing-machine.webp 720w, https:\/\/www.eggtray.org\/wp-content\/uploads\/2022\/08\/working-scene-of-the-hot-pressing-machine-300x225.webp 300w\" sizes=\"auto, (max-width: 720px) 100vw, 720px\" \/><figcaption>Arbeitsszene der Hei\u00dfpressmaschine<\/figcaption><\/figure> <\/div>   <h2 class=\"wp-block-heading\" id=\"h-technical-parameters-of-the-hot-press-shaping-machine-for-the-egg-carton\"><strong>Technische Parameter der Hei\u00dfpressformung<\/strong> <strong>Maschine f\u00fcr den Eierkarton<\/strong><\/h2>    <figure class=\"wp-block-table\"><table><tbody><tr><td>Maschinenname<\/td><td>Hei\u00dfpressmaschine<\/td><\/tr><tr><td>Abmessungen<\/td><td>1200*800*1800mm<\/td><\/tr><tr><td>Arbeitsdruck<\/td><td>15 Tonnen<\/td><\/tr><tr><td>Leistung<\/td><td>6,5 kW<\/td><\/tr><tr><td>Arbeitstemperatur<\/td><td>160~200\u2103<\/td><\/tr><tr><td>Arbeitszykluszeit<\/td><td>6-10 Sekunden<\/td><\/tr><tr><td>Druckluft erforderlich<\/td><td>0,5~0,6 MPa, 1M3\/min;<\/td><\/tr><tr><td>Kontrolle<\/td><td>SPS-Steuerung<\/td><\/tr><\/tbody><\/table><\/figure>","protected":false},"excerpt":{"rendered":"<p>The hot pressing machine mainly functions to press the dried carton\/crate to make its flat surface more neat and beautiful. The main purpose is to heat press paper boxes. Therefore, this machine is mostly used in the egg carton manufacturing production line, usually as an auxiliary machine. But it is really an essential part. Applications [&hellip;]<\/p>\n","protected":false},"author":1,"featured_media":348,"parent":0,"template":"","tags":[42,20,43,41,13],"product-type":[6],"class_list":["post-345","product","type-product","status-publish","has-post-thumbnail","hentry","tag-egg-carton-press-machine","tag-egg-carton-production-line","tag-egg-crate-hot-press","tag-hot-press","tag-hot-pressing-machine","product-type-auxiliary-equipment"],"_links":{"self":[{"href":"https:\/\/www.eggtray.org\/de\/wp-json\/wp\/v2\/product\/345","targetHints":{"allow":["GET"]}}],"collection":[{"href":"https:\/\/www.eggtray.org\/de\/wp-json\/wp\/v2\/product"}],"about":[{"href":"https:\/\/www.eggtray.org\/de\/wp-json\/wp\/v2\/types\/product"}],"author":[{"embeddable":true,"href":"https:\/\/www.eggtray.org\/de\/wp-json\/wp\/v2\/users\/1"}],"wp:featuredmedia":[{"embeddable":true,"href":"https:\/\/www.eggtray.org\/de\/wp-json\/wp\/v2\/media\/348"}],"wp:attachment":[{"href":"https:\/\/www.eggtray.org\/de\/wp-json\/wp\/v2\/media?parent=345"}],"wp:term":[{"taxonomy":"post_tag","embeddable":true,"href":"https:\/\/www.eggtray.org\/de\/wp-json\/wp\/v2\/tags?post=345"},{"taxonomy":"product-type","embeddable":true,"href":"https:\/\/www.eggtray.org\/de\/wp-json\/wp\/v2\/product-type?post=345"}],"curies":[{"name":"wp","href":"https:\/\/api.w.org\/{rel}","templated":true}]}}