{"id":353,"date":"2022-08-15T08:58:14","date_gmt":"2022-08-15T08:58:14","guid":{"rendered":"https:\/\/www.eggtray.org\/?post_type=product&#038;p=353"},"modified":"2025-10-31T17:28:49","modified_gmt":"2025-10-31T09:28:49","slug":"egg-tray-packing-machine","status":"publish","type":"product","link":"https:\/\/www.eggtray.org\/de\/product\/egg-tray-packing-machine\/","title":{"rendered":"Eierablage-Verpackungsmaschine"},"content":{"rendered":"<p class=\"translation-block\">Diese Eierkarton-Verpackungsmaschine wird haupts\u00e4chlich f\u00fcr den letzten Schritt der <a href=\"https:\/\/www.eggtray.org\/de\/products\/production-line\/\" target=\"_blank\" rel=\"noreferrer noopener\">kompletten Papierkarton-Produktionslinie<\/a> verwendet, zum Ballen verschiedener Papierkartons. Nach der Verpackung sind die Kartons ordentlicher. Dies ist notwendig f\u00fcr Lagerung und Transport. F\u00fcr die Lagerung spart es Platz und erm\u00f6glicht die Lagerung von mehr Eierkartons. F\u00fcr den <a href=\"https:\/\/en.wikipedia.org\/wiki\/Transport\" target=\"_blank\" rel=\"noreferrer noopener\">Transport<\/a> ist es m\u00f6glich, einen besseren Transport durchzuf\u00fchren.<\/p>    <h2 class=\"wp-block-heading\"><strong>Anwendungen der Eierschalen-Ballenpresse<\/strong><\/h2>    <p class=\"translation-block\">Diese Eierkarton-Verpackungsmaschine wird als Hilfsmaschine in der Eierkarton-Produktionslinie eingesetzt. Sie wird zum Verpacken verschiedener Kartons nach dem Trocknen verwendet. Haupts\u00e4chlich automatische Verpackung. Die zu verpackenden Kartons sind <a href=\"https:\/\/www.eggtray.org\/de\/product\/egg-tray-making-machine\/\" target=\"_blank\" rel=\"noreferrer noopener\">Eierkartons<\/a>, Apfelkartons, Weinkartons, Baumschul-Kartons, medizinische Kartons, <a href=\"https:\/\/www.eggtray.org\/de\/product\/quail-egg-tray-making-machine\/\" target=\"_blank\" rel=\"noreferrer noopener\">Wachteleierkartons<\/a> usw. Bitte kontaktieren Sie uns f\u00fcr weitere Informationen.<\/p>   <div class=\"wp-block-image\"> <figure class=\"aligncenter size-full\"><img loading=\"lazy\" decoding=\"async\" width=\"720\" height=\"540\" src=\"https:\/\/www.eggtray.org\/wp-content\/uploads\/2022\/08\/packed-egg-trays.webp\" alt=\"verpackte Eierschalen \" class=\"wp-image-385\" title=\"\" srcset=\"https:\/\/www.eggtray.org\/wp-content\/uploads\/2022\/08\/packed-egg-trays.webp 720w, https:\/\/www.eggtray.org\/wp-content\/uploads\/2022\/08\/packed-egg-trays-300x225.webp 300w\" sizes=\"auto, (max-width: 720px) 100vw, 720px\" \/><figcaption>verpackte Eierschalen <\/figcaption><\/figure> <\/div>   <h2 class=\"wp-block-heading\"><strong>Vorteile der Verwendung der Verpackungsmaschine f\u00fcr Papierschalen<\/strong><\/h2>    <ol class=\"wp-block-list\"><li>Eine komplette Produktionslinie f\u00fcr Eierschalen. Die gesamte Linie ist vollst\u00e4ndig und erm\u00f6glicht eine schnelle Produktion. Es verbessert die Produktion erheblich.<\/li><li>Sparen Sie Lager- und Transportraum. Durch die Stapelung nehmen die Papierf\u00e4cher weniger Platz ein und Sie k\u00f6nnen mehr lagern und ausliefern.<\/li><li>Hohe Automatisierung. In der Produktionslinie, von <a href=\"https:\/\/www.eggtray.org\/de\/product\/paper-pulping-machine\/\" target=\"_blank\" rel=\"noreferrer noopener\">Aufschluss<\/a>Vom Formen \u00fcber das Trocknen und Hei\u00dfpressen bis hin zur Ballenbildung wird ein hoher Automatisierungsgrad erreicht.<\/li><\/ol>    <figure class=\"wp-block-gallery aligncenter has-nested-images columns-default is-cropped wp-block-gallery-2 is-layout-flex wp-block-gallery-is-layout-flex\"> <figure class=\"wp-block-image size-large\"><img loading=\"lazy\" decoding=\"async\" width=\"540\" height=\"720\" data-id=\"383\" src=\"https:\/\/www.eggtray.org\/wp-content\/uploads\/2022\/08\/automatic-egg-tray-baling-machine.webp\" alt=\"automatische Eierschalen-Ballenpresse\" class=\"wp-image-383\" title=\"\" srcset=\"https:\/\/www.eggtray.org\/wp-content\/uploads\/2022\/08\/automatic-egg-tray-baling-machine.webp 540w, https:\/\/www.eggtray.org\/wp-content\/uploads\/2022\/08\/automatic-egg-tray-baling-machine-225x300.webp 225w\" sizes=\"auto, (max-width: 540px) 100vw, 540px\" \/><figcaption>Automatische Eierschalen-Ballenpresse<\/figcaption><\/figure>    <figure class=\"wp-block-image size-large\"><img loading=\"lazy\" decoding=\"async\" width=\"540\" height=\"720\" data-id=\"384\" src=\"https:\/\/www.eggtray.org\/wp-content\/uploads\/2022\/08\/baling-machine-for-egg-trays.webp\" alt=\"Ballenpresse f\u00fcr Eierschalen\" class=\"wp-image-384\" title=\"\" srcset=\"https:\/\/www.eggtray.org\/wp-content\/uploads\/2022\/08\/baling-machine-for-egg-trays.webp 540w, https:\/\/www.eggtray.org\/wp-content\/uploads\/2022\/08\/baling-machine-for-egg-trays-225x300.webp 225w\" sizes=\"auto, (max-width: 540px) 100vw, 540px\" \/><figcaption>Ballenpresse f\u00fcr Eierschalen<\/figcaption><\/figure> <\/figure>    <h2 class=\"wp-block-heading\"><strong>Von Shuliy Machinery angebotene Dienstleistungen<\/strong><\/h2>    <ol class=\"wp-block-list\"><li>Anpassung. Nicht nur die Eierschalen-Verpackungsmaschine, sondern auch die Eierschalen-Herstellungsmaschine kann individuell angepasst werden.<\/li><li>Kundendienst. Nach Erhalt der entsprechenden Maschinen ist auch der Kundendienst wichtig. Es kann Kunden dabei helfen, die Maschine schnell zu nutzen und ihre Interessen zu erf\u00fcllen.<\/li><li>Ganzt\u00e4giger Service. Egal zu welcher Tageszeit, Sie erreichen uns immer bei erster Gelegenheit.<\/li><li>Verschiedene Maschinentypen. Egal welche Art von Maschine Sie kaufen m\u00f6chten, wir k\u00f6nnen sie beim ersten Mal f\u00fcr Sie ausw\u00e4hlen.<\/li><\/ol>    <h2 class=\"wp-block-heading\" id=\"h-specifications-of-the-egg-tray-packing-machine\"><strong>Spezifikationen der Eierschalen-Verpackungsmaschine<\/strong><\/h2>    <figure class=\"wp-block-table\"><table><tbody><tr><td>Maschinenname<\/td><td>Ballenpresse f\u00fcr Eierschale<\/td><\/tr><tr><td>Energiequelle<\/td><td>Pneumatisch<\/td><\/tr><tr><td>Automatisierungstyp<\/td><td>Automatisierung<\/td><\/tr><tr><td>Maschinenfarbe<\/td><td>Anpassung<\/td><\/tr><tr><td>Anwendungen<\/td><td>Verschiedene Papierschalen, wie Eierschalen, Apfelschalen, Wachteleierschalen usw<\/td><\/tr><tr><td>Funktionen<\/td><td>Paket<\/td><\/tr><\/tbody><\/table><\/figure>","protected":false},"excerpt":{"rendered":"<p>This egg tray packing machine is mainly used for the last step of the complete paper tray production line, for baling various paper trays. After packing, the trays are more neatly. This is necessary for storage and transportation. For storage, it can save space and store more egg trays. For transportation, it is possible to [&hellip;]<\/p>\n","protected":false},"author":1,"featured_media":355,"parent":0,"template":"","tags":[10,44,45],"product-type":[6],"class_list":["post-353","product","type-product","status-publish","has-post-thumbnail","hentry","tag-egg-tray-machine","tag-egg-tray-packing-machine","tag-egg-tray-stacker","product-type-auxiliary-equipment"],"_links":{"self":[{"href":"https:\/\/www.eggtray.org\/de\/wp-json\/wp\/v2\/product\/353","targetHints":{"allow":["GET"]}}],"collection":[{"href":"https:\/\/www.eggtray.org\/de\/wp-json\/wp\/v2\/product"}],"about":[{"href":"https:\/\/www.eggtray.org\/de\/wp-json\/wp\/v2\/types\/product"}],"author":[{"embeddable":true,"href":"https:\/\/www.eggtray.org\/de\/wp-json\/wp\/v2\/users\/1"}],"wp:featuredmedia":[{"embeddable":true,"href":"https:\/\/www.eggtray.org\/de\/wp-json\/wp\/v2\/media\/355"}],"wp:attachment":[{"href":"https:\/\/www.eggtray.org\/de\/wp-json\/wp\/v2\/media?parent=353"}],"wp:term":[{"taxonomy":"post_tag","embeddable":true,"href":"https:\/\/www.eggtray.org\/de\/wp-json\/wp\/v2\/tags?post=353"},{"taxonomy":"product-type","embeddable":true,"href":"https:\/\/www.eggtray.org\/de\/wp-json\/wp\/v2\/product-type?post=353"}],"curies":[{"name":"wp","href":"https:\/\/api.w.org\/{rel}","templated":true}]}}