{"id":512,"date":"2022-11-10T13:48:29","date_gmt":"2022-11-10T05:48:29","guid":{"rendered":"https:\/\/www.eggtray.org\/?post_type=product&#038;p=512"},"modified":"2025-10-30T11:45:09","modified_gmt":"2025-10-30T03:45:09","slug":"1000-1500pcs-pulp-egg-tray-making-machine","status":"publish","type":"product","link":"https:\/\/www.eggtray.org\/de\/product\/1000-1500pcs-pulp-egg-tray-making-machine\/","title":{"rendered":"1000-1500PCS\/H Zellstoff-Eierablage-Herstellungsmaschine"},"content":{"rendered":"<p class=\"translation-block\">Die 1000-1500pcs\/h <strong>Verarbeitungseinheit f\u00fcr pulp-Schachteln aus Eierschachteln<\/strong> ist eine kleinserielle Rotationsproduktion von Eierschachteln, die sehr gut f\u00fcr ein kleines Unternehmen oder Start-ups geeignet ist. <\/p>    <p>F\u00fcr Investoren kann diese kleine Eierablagemaschine das Investitionsrisiko reduzieren und gleichzeitig Gewinne bringen, was sie zu einer sehr praktischen Maschine macht.<\/p>    <figure class=\"wp-block-embed is-type-video is-provider-youtube wp-block-embed-youtube wp-embed-aspect-16-9 wp-has-aspect-ratio\"><div class=\"wp-block-embed__wrapper\"> <iframe loading=\"lazy\" title=\"1000 St\u00fcck\/h Eierschalen-Herstellungsmaschine f\u00fcr Papierschalen | Wie funktioniert eine Papierschalenformmaschine?\" width=\"500\" height=\"281\" src=\"https:\/\/www.youtube.com\/embed\/ZTEkNhmunNg?feature=oembed\" frameborder=\"0\" allow=\"accelerometer; autoplay; clipboard-write; encrypted-media; gyroscope; picture-in-picture; web-share\" referrerpolicy=\"strict-origin-when-cross-origin\" allowfullscreen><\/iframe> <\/div><figcaption class=\"wp-element-caption\">Video einer kleinen Eierablagemaschine f\u00fcr Start-up-Unternehmen<\/figcaption><\/figure>    <h2 class=\"wp-block-heading\"><strong>Verf\u00fcgbare Rohstoffe f\u00fcr eine Maschine zur Herstellung von Zellstoff-Eierschalen mit 1000\u20131500 St\u00fcck\/h <\/strong><\/h2>    <p>F\u00fcr diese Maschine zur Herstellung von Eierschalen werden folgende Rohstoffe verwendet, die sowohl g\u00fcnstig als auch leicht zu beschaffen sind: <br>Altpapier, Altkarton, Stroh, Reste, Altb\u00fccher, Altbuchkartons, Altzeitungen und Zeitschriften, A4-Kopierpapier usw.<\/p>    <figure class=\"wp-block-gallery aligncenter has-nested-images columns-2 is-cropped wp-block-gallery-2 is-layout-flex wp-block-gallery-is-layout-flex\"> <figure class=\"wp-block-image size-large\"><img loading=\"lazy\" decoding=\"async\" width=\"720\" height=\"540\" data-id=\"233\" src=\"https:\/\/www.eggtray.org\/wp-content\/uploads\/2022\/08\/waste-materials-1.webp\" alt=\"Abfallstoffe\" class=\"wp-image-233\" title=\"\" srcset=\"https:\/\/www.eggtray.org\/wp-content\/uploads\/2022\/08\/waste-materials-1.webp 720w, https:\/\/www.eggtray.org\/wp-content\/uploads\/2022\/08\/waste-materials-1-300x225.webp 300w\" sizes=\"auto, (max-width: 720px) 100vw, 720px\" \/><figcaption class=\"wp-element-caption\">Rohstoffe verschwenden<\/figcaption><\/figure>    <figure class=\"wp-block-image size-large\"><img loading=\"lazy\" decoding=\"async\" width=\"720\" height=\"540\" data-id=\"136\" src=\"https:\/\/www.eggtray.org\/wp-content\/uploads\/2022\/08\/waste-cardboard.webp\" alt=\"Abfallkarton\" class=\"wp-image-136\" title=\"\" srcset=\"https:\/\/www.eggtray.org\/wp-content\/uploads\/2022\/08\/waste-cardboard.webp 720w, https:\/\/www.eggtray.org\/wp-content\/uploads\/2022\/08\/waste-cardboard-300x225.webp 300w\" sizes=\"auto, (max-width: 720px) 100vw, 720px\" \/><figcaption class=\"wp-element-caption\">Abfallkarton<\/figcaption><\/figure>    <figure class=\"wp-block-image size-large\"><img loading=\"lazy\" decoding=\"async\" width=\"720\" height=\"540\" data-id=\"135\" src=\"https:\/\/www.eggtray.org\/wp-content\/uploads\/2022\/08\/waste-materials.webp\" alt=\"Abfallstoffe\" class=\"wp-image-135\" title=\"\" srcset=\"https:\/\/www.eggtray.org\/wp-content\/uploads\/2022\/08\/waste-materials.webp 720w, https:\/\/www.eggtray.org\/wp-content\/uploads\/2022\/08\/waste-materials-300x225.webp 300w\" sizes=\"auto, (max-width: 720px) 100vw, 720px\" \/><figcaption class=\"wp-element-caption\">Schrottmaterialien<\/figcaption><\/figure>    <figure class=\"wp-block-image size-large\"><img loading=\"lazy\" decoding=\"async\" width=\"720\" height=\"540\" data-id=\"134\" src=\"https:\/\/www.eggtray.org\/wp-content\/uploads\/2022\/08\/waste-paper.webp\" alt=\"Altpapier\" class=\"wp-image-134\" title=\"\" srcset=\"https:\/\/www.eggtray.org\/wp-content\/uploads\/2022\/08\/waste-paper.webp 720w, https:\/\/www.eggtray.org\/wp-content\/uploads\/2022\/08\/waste-paper-300x225.webp 300w\" sizes=\"auto, (max-width: 720px) 100vw, 720px\" \/><figcaption class=\"wp-element-caption\">Altpapier<\/figcaption><\/figure> <\/figure>    <h2 class=\"wp-block-heading\"><strong>Endprodukte, hergestellt mit der Eierablagemaschine SL-3*1<\/strong><\/h2>    <p>Die Maschine zur Herstellung von Eierschalen aus Zellstoff mit einer Leistung von 1000\u20131500 St\u00fcck\/h kann je nach Kundenwunsch verschiedene Papierschalen herstellen. Zuerst wird das gew\u00fcnschte Papierfach ermittelt, dann die passende Form verwendet und schlie\u00dflich die passenden Tabletts hergestellt.<\/p>    <p>Zu den Papiertabletts, die hergestellt werden k\u00f6nnen, geh\u00f6ren unter anderem Eiertabletts, Eierkartons, Apfel-\/Obsttabletts, Kaffeetassentabletts, Schuhtabletts, Weintabletts, S\u00e4mlingstabletts, medizinische Tabletts, Wachteleiertabletts, kundenspezifische Tabletts usw. Wenn Sie Wenn Sie Interesse haben, k\u00f6nnen Sie uns jederzeit kontaktieren!<\/p>    <figure class=\"wp-block-gallery aligncenter has-nested-images columns-default is-cropped wp-block-gallery-3 is-layout-flex wp-block-gallery-is-layout-flex\"> <figure class=\"wp-block-image size-large\"><img loading=\"lazy\" decoding=\"async\" width=\"720\" height=\"540\" data-id=\"54\" src=\"https:\/\/www.eggtray.org\/wp-content\/uploads\/2022\/08\/egg-tray-1.webp\" alt=\"Eierablagen\" class=\"wp-image-54\" title=\"\" srcset=\"https:\/\/www.eggtray.org\/wp-content\/uploads\/2022\/08\/egg-tray-1.webp 720w, https:\/\/www.eggtray.org\/wp-content\/uploads\/2022\/08\/egg-tray-1-300x225.webp 300w\" sizes=\"auto, (max-width: 720px) 100vw, 720px\" \/><figcaption class=\"wp-element-caption\">Eierablagen<\/figcaption><\/figure>    <figure class=\"wp-block-image size-large\"><img loading=\"lazy\" decoding=\"async\" width=\"720\" height=\"540\" data-id=\"49\" src=\"https:\/\/www.eggtray.org\/wp-content\/uploads\/2022\/08\/egg-carton-.webp\" alt=\"Eierkarton\" class=\"wp-image-49\" title=\"\" srcset=\"https:\/\/www.eggtray.org\/wp-content\/uploads\/2022\/08\/egg-carton-.webp 720w, https:\/\/www.eggtray.org\/wp-content\/uploads\/2022\/08\/egg-carton--300x225.webp 300w\" sizes=\"auto, (max-width: 720px) 100vw, 720px\" \/><figcaption class=\"wp-element-caption\">Eierkarton<\/figcaption><\/figure>    <figure class=\"wp-block-image size-large\"><img loading=\"lazy\" decoding=\"async\" width=\"720\" height=\"540\" data-id=\"50\" src=\"https:\/\/www.eggtray.org\/wp-content\/uploads\/2022\/08\/apple-tray.webp\" alt=\"Apfeltablett\" class=\"wp-image-50\" title=\"\" srcset=\"https:\/\/www.eggtray.org\/wp-content\/uploads\/2022\/08\/apple-tray.webp 720w, https:\/\/www.eggtray.org\/wp-content\/uploads\/2022\/08\/apple-tray-300x225.webp 300w\" sizes=\"auto, (max-width: 720px) 100vw, 720px\" \/><figcaption class=\"wp-element-caption\">Apfeltablett<\/figcaption><\/figure>    <figure class=\"wp-block-image size-large\"><img loading=\"lazy\" decoding=\"async\" width=\"720\" height=\"540\" data-id=\"51\" src=\"https:\/\/www.eggtray.org\/wp-content\/uploads\/2022\/08\/coffee-tray-.webp\" alt=\"Kaffeetablett\" class=\"wp-image-51\" title=\"\" srcset=\"https:\/\/www.eggtray.org\/wp-content\/uploads\/2022\/08\/coffee-tray-.webp 720w, https:\/\/www.eggtray.org\/wp-content\/uploads\/2022\/08\/coffee-tray--300x225.webp 300w\" sizes=\"auto, (max-width: 720px) 100vw, 720px\" \/><figcaption class=\"wp-element-caption\">Kaffeetablett<\/figcaption><\/figure>    <figure class=\"wp-block-image size-large\"><img loading=\"lazy\" decoding=\"async\" width=\"720\" height=\"540\" data-id=\"52\" src=\"https:\/\/www.eggtray.org\/wp-content\/uploads\/2022\/08\/shoe-tray-.webp\" alt=\"Schuhablage\" class=\"wp-image-52\" title=\"\" srcset=\"https:\/\/www.eggtray.org\/wp-content\/uploads\/2022\/08\/shoe-tray-.webp 720w, https:\/\/www.eggtray.org\/wp-content\/uploads\/2022\/08\/shoe-tray--300x225.webp 300w\" sizes=\"auto, (max-width: 720px) 100vw, 720px\" \/><figcaption class=\"wp-element-caption\">Schuhablage<\/figcaption><\/figure>    <figure class=\"wp-block-image size-full\"><img loading=\"lazy\" decoding=\"async\" width=\"720\" height=\"540\" data-id=\"521\" src=\"https:\/\/www.eggtray.org\/wp-content\/uploads\/2022\/11\/wine-tray-.webp\" alt=\"Weintablett\" class=\"wp-image-521\" title=\"\" srcset=\"https:\/\/www.eggtray.org\/wp-content\/uploads\/2022\/11\/wine-tray-.webp 720w, https:\/\/www.eggtray.org\/wp-content\/uploads\/2022\/11\/wine-tray--300x225.webp 300w\" sizes=\"auto, (max-width: 720px) 100vw, 720px\" \/><figcaption class=\"wp-element-caption\">Weintablett<\/figcaption><\/figure> <\/figure>    <h2 class=\"wp-block-heading\"><strong>Warum sollten Sie sich f\u00fcr die Shuliy-Maschine zur Herstellung von Eierschalen aus Zellstoff entscheiden?<\/strong><\/h2>    <p>Tats\u00e4chlich gibt es viele Gr\u00fcnde, warum sich Kunden f\u00fcr unsere Shuliy-Maschinen entscheiden. Die folgenden Punkte sind nur einige der vielen Gr\u00fcnde f\u00fcr Ihre Referenz.<\/p>    <ul class=\"wp-block-list\"> <li><strong>Vertrauensw\u00fcrdige Marke<\/strong>. Eierablagemaschinen von Shuliy werden h\u00e4ufig in mehr als 80 L\u00e4nder exportiert, darunter Sambia, Nigeria, Saudi-Arabien, Angola, Namibia usw.<\/li>    <li><strong>Harmonische Kundenbeziehung<\/strong>. Wir t\u00e4tigen Gesch\u00e4fte mit dem Ziel der gegenseitigen Rentabilit\u00e4t, und wenn wir unseren Kunden Maschinen empfehlen, werden wir unser Bestes tun, um die Interessen sowohl unserer Kunden als auch unserer selbst zu wahren, um das Ziel einer Win-Win-Zusammenarbeit zu erreichen.<\/li>    <li><strong>Vorteilhafter Preis der Maschine zur Herstellung von Zellstoff-Eierschalen<\/strong>. Als professioneller Produzent und Lieferant der <a href=\"https:\/\/www.eggtray.org\/de\/product\/egg-tray-making-machine\/\">Eierablagemaschine<\/a>, der Preis unserer Maschine ist wettbewerbsf\u00e4hig. Da unsere Maschinen direkt ab Werk verkauft werden, gibt es im Vergleich zu anderen Anbietern keinen zus\u00e4tzlichen Preisaufschlag.<\/li> <\/ul>   <div class=\"wp-block-image\"> <figure class=\"aligncenter size-full\"><img loading=\"lazy\" decoding=\"async\" width=\"720\" height=\"540\" src=\"https:\/\/www.eggtray.org\/wp-content\/uploads\/2022\/08\/Shuliy-egg-tray-machine.webp\" alt=\"Shuliy Eierablagemaschine\" class=\"wp-image-409\" title=\"\" srcset=\"https:\/\/www.eggtray.org\/wp-content\/uploads\/2022\/08\/Shuliy-egg-tray-machine.webp 720w, https:\/\/www.eggtray.org\/wp-content\/uploads\/2022\/08\/Shuliy-egg-tray-machine-300x225.webp 300w\" sizes=\"auto, (max-width: 720px) 100vw, 720px\" \/><figcaption class=\"wp-element-caption\">Shuliy Eierablagemaschine<\/figcaption><\/figure> <\/div>   <h2 class=\"wp-block-heading\"><strong>Erfolgreiche F\u00e4lle einer Zellstoff-Eierablagemaschine mit 1000\u20131500 St\u00fcck\/h<\/strong><\/h2>    <p>Shuliy-Eierablagemaschinen zeichnen sich durch gute Qualit\u00e4t, gute Leistung, hohe Effizienz und vielf\u00e4ltige Kapazit\u00e4ten aus. Daher erfreuen sie sich im In- und Ausland gro\u00dfer Beliebtheit und werden h\u00e4ufig ins Ausland exportiert. Zum Beispiel:<\/p>    <ul class=\"wp-block-list\"> <li>Wir haben viele Male nach Nigeria exportiert, und die nigerianischen Kunden kauften zun\u00e4chst einen Satz einer Maschine zur Herstellung von Zellstoff-Eierschalen mit 1000\u20131500 St\u00fcck\/h und kauften dann andere passende Ger\u00e4te (Papierl\u00f6ser), um die Produktionseffizienz zu steigern.<\/li>    <li>Der sambische Kunde bestellte eine Shuliy SL-3*1 Eierablagemaschine, die Obstschalen herstellen kann.<\/li> <\/ul>    <figure class=\"wp-block-gallery has-nested-images columns-default is-cropped wp-block-gallery-4 is-layout-flex wp-block-gallery-is-layout-flex\"> <figure class=\"wp-block-image size-large\"><img loading=\"lazy\" decoding=\"async\" width=\"720\" height=\"540\" data-id=\"1156\" src=\"https:\/\/www.eggtray.org\/wp-content\/uploads\/2025\/08\/small-egg-tray-making-machine-for-sale.webp\" alt=\"kleine Eierkistenmaschine zu verkaufen\" class=\"wp-image-1156\" title=\"\" srcset=\"https:\/\/www.eggtray.org\/wp-content\/uploads\/2025\/08\/small-egg-tray-making-machine-for-sale.webp 720w, https:\/\/www.eggtray.org\/wp-content\/uploads\/2025\/08\/small-egg-tray-making-machine-for-sale-300x225.webp 300w, https:\/\/www.eggtray.org\/wp-content\/uploads\/2025\/08\/small-egg-tray-making-machine-for-sale-16x12.webp 16w\" sizes=\"auto, (max-width: 720px) 100vw, 720px\" \/><figcaption class=\"wp-element-caption\">Kleine Eierkartonmaschine zu verkaufen<\/figcaption><\/figure>    <figure class=\"wp-block-image size-large\"><img loading=\"lazy\" decoding=\"async\" width=\"720\" height=\"540\" data-id=\"957\" src=\"https:\/\/www.eggtray.org\/wp-content\/uploads\/2024\/01\/small-scale-egg-tray-making-machine.webp\" alt=\"Kleine Maschine zur Herstellung von Eierschalen\" class=\"wp-image-957\" title=\"\" srcset=\"https:\/\/www.eggtray.org\/wp-content\/uploads\/2024\/01\/small-scale-egg-tray-making-machine.webp 720w, https:\/\/www.eggtray.org\/wp-content\/uploads\/2024\/01\/small-scale-egg-tray-making-machine-300x225.webp 300w\" sizes=\"auto, (max-width: 720px) 100vw, 720px\" \/><figcaption class=\"wp-element-caption\">Kleine Maschine zur Herstellung von Eierschalen<\/figcaption><\/figure> <\/figure>    <h2 class=\"wp-block-heading\"><strong>Parameter einer Rotationsmaschine zur Herstellung von Zellstoff-Eierschalen mit 1000\u20131500 St\u00fcck\/h zum Verkauf<\/strong><\/h2>    <p>Die folgende Tabelle zeigt die Spezifikationen f\u00fcr die rotierende Eierschalen-Herstellungsmaschine SL-3*1 mit einer Kapazit\u00e4t von 1000\u20131500 St\u00fcck\/h. <\/p>    <figure class=\"wp-block-table\"><table><tbody><tr><td>Modell<\/td><td>SL-3*1<\/td><\/tr><tr><td>Stromspannung<\/td><td>220 V\/380 V\/50 Hz<\/td><\/tr><tr><td>Leistung<\/td><td>2,2 kW<\/td><\/tr><tr><td>Kapazit\u00e4t<\/td><td>1000-1500 St\u00fcck\/h<\/td><\/tr><tr><td>Vorlagengr\u00f6\u00dfe<\/td><td>1,23 m * 0,4 m<\/td><\/tr><tr><td>Arbeitsgeschwindigkeit<\/td><td>7 Mal\/Min<\/td><\/tr><tr><td>Gr\u00f6\u00dfe<\/td><td>2,3 * 1,2 * 1,6 m<\/td><\/tr><\/tbody><\/table><figcaption class=\"wp-element-caption\">Spezifikationen der kleinen Eierablagemaschine aus Papier<\/figcaption><\/figure>    <figure class=\"wp-block-embed is-type-video is-provider-youtube wp-block-embed-youtube wp-embed-aspect-16-9 wp-has-aspect-ratio\"><div class=\"wp-block-embed__wrapper\"> <iframe loading=\"lazy\" title=\"Beste kleine Papierschalen-Herstellungsmaschine | 1000 St\u00fcck pro Stunde Eierschalen-Herstellungsmaschine #papertray\" width=\"500\" height=\"281\" src=\"https:\/\/www.youtube.com\/embed\/KdIsUl_Oggc?feature=oembed\" frameborder=\"0\" allow=\"accelerometer; autoplay; clipboard-write; encrypted-media; gyroscope; picture-in-picture; web-share\" referrerpolicy=\"strict-origin-when-cross-origin\" allowfullscreen><\/iframe> <\/div><figcaption class=\"wp-element-caption\">Arbeitsvideo einer kleinen Maschine zur Herstellung von Eierschalen<\/figcaption><\/figure>    <p class=\"translation-block\">Wenn Sie mit <a href=\"https:\/\/en.wikipedia.org\/wiki\/Paper_recycling\" target=\"_blank\" rel=\"noopener\">Altpapier<\/a> Gewinn erzielen m\u00f6chten, teilen Sie uns einfach Ihre Anforderungen mit, z. B. die Arten von Eiertray, Gr\u00f6\u00dfe der Form, Kapazit\u00e4t usw., und unser Personal wird Ihnen die optimale L\u00f6sung empfehlen.<\/p>    <figure class=\"wp-block-embed is-type-video is-provider-youtube wp-block-embed-youtube wp-embed-aspect-16-9 wp-has-aspect-ratio\"><div class=\"wp-block-embed__wrapper\"> <iframe loading=\"lazy\" title=\"Wie produziere ich Eierkarton mit 18-Kavenit\u00e4t mit Eierbox-Maschine? Effizienter Eierkartonproduktionsprozess\" width=\"500\" height=\"281\" src=\"https:\/\/www.youtube.com\/embed\/2u6UAwwYXMM?feature=oembed\" frameborder=\"0\" allow=\"accelerometer; autoplay; clipboard-write; encrypted-media; gyroscope; picture-in-picture; web-share\" referrerpolicy=\"strict-origin-when-cross-origin\" allowfullscreen><\/iframe> <\/div><figcaption class=\"wp-element-caption\">18-Ei-Papier-Eiermaschine<\/figcaption><\/figure>","protected":false},"excerpt":{"rendered":"<p>Die Maschine zur Herstellung von Zellstoff-Eierschalen mit einer Leistung von 1000\u20131500 St\u00fcck\/h ist eine kleine Rotations-Eierschalen-Produktionsmaschine, die sich sehr gut f\u00fcr kleine Unternehmen oder Start-ups eignet. <\/p>","protected":false},"author":1,"featured_media":516,"parent":0,"template":"","tags":[11,88,63],"product-type":[61,5,4],"class_list":["post-512","product","type-product","status-publish","has-post-thumbnail","hentry","tag-egg-tray-making-machine","tag-egg-trays","tag-pulp-egg-tray-making-machine","product-type-by-capacity","product-type-main-equipment","product-type-product"],"_links":{"self":[{"href":"https:\/\/www.eggtray.org\/de\/wp-json\/wp\/v2\/product\/512","targetHints":{"allow":["GET"]}}],"collection":[{"href":"https:\/\/www.eggtray.org\/de\/wp-json\/wp\/v2\/product"}],"about":[{"href":"https:\/\/www.eggtray.org\/de\/wp-json\/wp\/v2\/types\/product"}],"author":[{"embeddable":true,"href":"https:\/\/www.eggtray.org\/de\/wp-json\/wp\/v2\/users\/1"}],"wp:featuredmedia":[{"embeddable":true,"href":"https:\/\/www.eggtray.org\/de\/wp-json\/wp\/v2\/media\/516"}],"wp:attachment":[{"href":"https:\/\/www.eggtray.org\/de\/wp-json\/wp\/v2\/media?parent=512"}],"wp:term":[{"taxonomy":"post_tag","embeddable":true,"href":"https:\/\/www.eggtray.org\/de\/wp-json\/wp\/v2\/tags?post=512"},{"taxonomy":"product-type","embeddable":true,"href":"https:\/\/www.eggtray.org\/de\/wp-json\/wp\/v2\/product-type?post=512"}],"curies":[{"name":"wp","href":"https:\/\/api.w.org\/{rel}","templated":true}]}}