{"id":562,"date":"2022-11-15T16:32:59","date_gmt":"2022-11-15T08:32:59","guid":{"rendered":"https:\/\/www.eggtray.org\/?post_type=product&#038;p=562"},"modified":"2025-10-30T15:03:24","modified_gmt":"2025-10-30T07:03:24","slug":"2000-2500pcs-h-automatic-egg-tray-machine","status":"publish","type":"product","link":"https:\/\/www.eggtray.org\/de\/product\/2000-2500pcs-h-automatic-egg-tray-machine\/","title":{"rendered":"2000-2500PCS\/H automatische Eierablagemaschine"},"content":{"rendered":"<p class=\"translation-block\">Diese 2000-2500 Stk.\/h <strong>automatische Eierverpackungsmaschine<\/strong>, Modell SL-3*4, kann Eierverpackungen verschiedener Arten und Gr\u00f6\u00dfen mit einer Leistung von 2000-2500 Stk.\/h produzieren. Sie ist sehr geeignet f\u00fcr Investoren und Fabriken mit mittlerer Produktion. <\/p>    <p>Diese Papier-Eierablagemaschine wird speziell zur Herstellung verschiedener Arten von Papierhaltern verwendet, wie z. B. Eierablagen, Eierkisten, Obsttabletts, Weintabletts usw.<\/p>    <p>Dar\u00fcber hinaus ist das Design der Maschinenstruktur vern\u00fcnftig, sehr einfach und leicht verst\u00e4ndlich und sehr benutzerfreundlich. Wenn Sie Interesse an solchen Maschinen haben, kontaktieren Sie uns bitte!<\/p>    <figure class=\"wp-block-embed is-type-video is-provider-youtube wp-block-embed-youtube wp-embed-aspect-16-9 wp-has-aspect-ratio\"><div class=\"wp-block-embed__wrapper\"> <iframe loading=\"lazy\" title=\"2000-2500 St\u00fcck\/h Papierschalen-Formmaschine, ideal f\u00fcr die Massenherstellung von Eierschalenkartons mit #-Papierschalen\" width=\"500\" height=\"281\" src=\"https:\/\/www.youtube.com\/embed\/1Q8NMlwahfI?feature=oembed\" frameborder=\"0\" allow=\"accelerometer; autoplay; clipboard-write; encrypted-media; gyroscope; picture-in-picture; web-share\" referrerpolicy=\"strict-origin-when-cross-origin\" allowfullscreen><\/iframe> <\/div><figcaption class=\"wp-element-caption\">Arbeitsvideo der Papier-Eierablagemaschine SL-3*4<\/figcaption><\/figure>    <h2 class=\"wp-block-heading\"><strong>Warum ist dieser automatische Eierablageautomat bei Anlegern so beliebt?<\/strong><\/h2>    <ol class=\"wp-block-list\"> <li><strong>Rohstoffe sind leicht zu beschaffen<\/strong>. Die Rohstoffe f\u00fcr Shuliy <a href=\"https:\/\/www.eggtray.org\/de\/product\/egg-tray-making-machine\/\">Eierschalen-Produktionsmaschine<\/a> sind alle Arten von Altpapier, Altb\u00fcchern, Altzeitschriften usw. Diese Materialien kommen im Leben sehr h\u00e4ufig vor und sind leicht zu bekommen.<\/li>    <li><strong>Wirtschaftlich<\/strong>. T\u00e4glich wird eine gro\u00dfe Menge Altpapier produziert. Die Kosten f\u00fcr diese Materialien sind gering und die Anfangsinvestition f\u00fcr Investoren wird nicht zu hoch sein.<\/li>    <li><strong>Sch\u00fctze die Umwelt<\/strong>. Tats\u00e4chlich werden die in dieser automatischen Eierablagemaschine verwendeten Rohstoffe f\u00fcr die Sekund\u00e4rverwertung verwendet, wodurch Umweltverschmutzung vermieden und somit die Umwelt geschont wird.<\/li>    <li><strong>Hohe Gewinne<\/strong>. Nachdem eine Tonne Altpapier verarbeitet und produziert wurde, wird die Eierschale verkauft und der Gewinn verdoppelt sich direkt.<\/li>    <li><strong>Gro\u00dfe Nachfrage<\/strong>. Im t\u00e4glichen Leben der Menschen war die Nachfrage nach Eiern schon immer hoch, daher waren auch die H\u00fchnerz\u00fcchter gro\u00df, und die Nachfrage nach Eierschalen ist daher gro\u00df.<\/li> <\/ol>    <figure class=\"wp-block-gallery aligncenter has-nested-images columns-default is-cropped wp-block-gallery-2 is-layout-flex wp-block-gallery-is-layout-flex\"> <figure class=\"wp-block-image size-full\"><img loading=\"lazy\" decoding=\"async\" width=\"720\" height=\"540\" data-id=\"576\" src=\"https:\/\/www.eggtray.org\/wp-content\/uploads\/2022\/11\/SL-3-4-automatic-egg-tray-machine.webp\" alt=\"Automatische Eierablagemaschine SL-3*4\" class=\"wp-image-576\" title=\"\" srcset=\"https:\/\/www.eggtray.org\/wp-content\/uploads\/2022\/11\/SL-3-4-automatic-egg-tray-machine.webp 720w, https:\/\/www.eggtray.org\/wp-content\/uploads\/2022\/11\/SL-3-4-automatic-egg-tray-machine-300x225.webp 300w\" sizes=\"auto, (max-width: 720px) 100vw, 720px\" \/><figcaption class=\"wp-element-caption\">Sl-3*4 Automatische Eierablagemaschine<\/figcaption><\/figure>    <figure class=\"wp-block-image size-full\"><img loading=\"lazy\" decoding=\"async\" width=\"720\" height=\"540\" data-id=\"575\" src=\"https:\/\/www.eggtray.org\/wp-content\/uploads\/2022\/11\/2000-2500-egg-tray-machine.webp\" alt=\"2000-2500 St\u00fcck\/h Eierablagemaschine\" class=\"wp-image-575\" title=\"\" srcset=\"https:\/\/www.eggtray.org\/wp-content\/uploads\/2022\/11\/2000-2500-egg-tray-machine.webp 720w, https:\/\/www.eggtray.org\/wp-content\/uploads\/2022\/11\/2000-2500-egg-tray-machine-300x225.webp 300w\" sizes=\"auto, (max-width: 720px) 100vw, 720px\" \/><figcaption class=\"wp-element-caption\">2000-2500 St\u00fcck\/h Eierablagemaschine<\/figcaption><\/figure> <\/figure>    <h2 class=\"wp-block-heading\"><strong>Individuelle Papierf\u00e4cher f\u00fcr Sie<\/strong><\/h2>    <p>Als Kunde denken Sie vielleicht manchmal an verschiedene Arten von Papierschalen, die sich von Eierschalen unterscheiden. <\/p>    <p>Zu diesem Zeitpunkt m\u00fcssen Sie die Gr\u00f6\u00dfe des Papierhalters kennen, den Sie Ihren Kunden mit ma\u00dfgeschneiderten Maschinen anbieten m\u00f6chten. <\/p>    <p class=\"translation-block\">Die Papierkartons, die wir produzieren k\u00f6nnen, umfassen Eierkartons, <a href=\"https:\/\/en.wikipedia.org\/wiki\/Egg_carton\" target=\"_blank\" rel=\"noopener\">Eierboxen<\/a>, Obstkartons, Setzk\u00e4sten, medizinische Tabletts, Schuhkartons, Wachtel-Eierkartons und ma\u00dfgeschneiderte Kartons. <\/p>    <p>Kurz gesagt: Wenn Sie Papierhalter jeglicher Art herstellen m\u00fcssen, kontaktieren Sie uns bitte. Unser Vertriebsleiter wird die f\u00fcr Sie am besten geeignete Maschine entsprechend Ihren Anforderungen anpassen.<\/p>   <div class=\"wp-block-image\"> <figure class=\"aligncenter size-full\"><img loading=\"lazy\" decoding=\"async\" width=\"560\" height=\"400\" src=\"https:\/\/www.eggtray.org\/wp-content\/uploads\/2022\/08\/pulp-paper-trays.webp\" alt=\"Zellstoffpapierschalen\" class=\"wp-image-309\" title=\"\" srcset=\"https:\/\/www.eggtray.org\/wp-content\/uploads\/2022\/08\/pulp-paper-trays.webp 560w, https:\/\/www.eggtray.org\/wp-content\/uploads\/2022\/08\/pulp-paper-trays-300x214.webp 300w\" sizes=\"auto, (max-width: 560px) 100vw, 560px\" \/><figcaption class=\"wp-element-caption\">Zellstoffpapierschalen<\/figcaption><\/figure> <\/div>   <h2 class=\"wp-block-heading\"><strong>Verf\u00fcgbare Trocknungsmethoden f\u00fcr die automatische Eierablagemaschine Shuliy SL-3*4<\/strong><\/h2>    <p>Diese Eierablagemaschine mit einer Leistung von 2000\u20132500 St\u00fcck\/h eignet sich f\u00fcr mittelgro\u00dfe Produktionen, daher stehen drei Trocknungsmethoden zur Auswahl.<\/p>    <div class=\"wp-block-columns is-layout-flex wp-container-core-columns-is-layout-9d6595d7 wp-block-columns-is-layout-flex\"> <div class=\"wp-block-column is-layout-flow wp-block-column-is-layout-flow\"> <figure class=\"wp-block-image size-full\"><img loading=\"lazy\" decoding=\"async\" width=\"720\" height=\"540\" src=\"https:\/\/www.eggtray.org\/wp-content\/uploads\/2022\/08\/drying-in-the-sun.webp\" alt=\"in der Sonne trocknen\" class=\"wp-image-338\" title=\"\" srcset=\"https:\/\/www.eggtray.org\/wp-content\/uploads\/2022\/08\/drying-in-the-sun.webp 720w, https:\/\/www.eggtray.org\/wp-content\/uploads\/2022\/08\/drying-in-the-sun-300x225.webp 300w\" sizes=\"auto, (max-width: 720px) 100vw, 720px\" \/><figcaption class=\"wp-element-caption\">Trocknen in der Sonne<\/figcaption><\/figure>    <p>Wirtschaftlicher, erfordert aber ausreichend Arbeitskr\u00e4fte<\/p> <\/div>    <div class=\"wp-block-column is-layout-flow wp-block-column-is-layout-flow\"> <figure class=\"wp-block-image size-full\"><img loading=\"lazy\" decoding=\"async\" width=\"720\" height=\"540\" src=\"https:\/\/www.eggtray.org\/wp-content\/uploads\/2022\/08\/brick-kiln-drying.webp\" alt=\"Ziegelofentrocknung\" class=\"wp-image-347\" title=\"\" srcset=\"https:\/\/www.eggtray.org\/wp-content\/uploads\/2022\/08\/brick-kiln-drying.webp 720w, https:\/\/www.eggtray.org\/wp-content\/uploads\/2022\/08\/brick-kiln-drying-300x225.webp 300w\" sizes=\"auto, (max-width: 720px) 100vw, 720px\" \/><figcaption class=\"wp-element-caption\">Ziegelofentrocknung <\/figcaption><\/figure>    <p>Bequemer und schneller, aber die Investition wird h\u00f6her sein<\/p> <\/div>    <div class=\"wp-block-column is-layout-flow wp-block-column-is-layout-flow\"> <figure class=\"wp-block-image size-full\"><img loading=\"lazy\" decoding=\"async\" width=\"720\" height=\"540\" src=\"https:\/\/www.eggtray.org\/wp-content\/uploads\/2022\/08\/metal-multiple-layer-egg-tray-dryer.webp\" alt=\"Mehrschichtiger Eierschalentrockner aus Metall\" class=\"wp-image-344\" title=\"\" srcset=\"https:\/\/www.eggtray.org\/wp-content\/uploads\/2022\/08\/metal-multiple-layer-egg-tray-dryer.webp 720w, https:\/\/www.eggtray.org\/wp-content\/uploads\/2022\/08\/metal-multiple-layer-egg-tray-dryer-300x225.webp 300w\" sizes=\"auto, (max-width: 720px) 100vw, 720px\" \/><figcaption class=\"wp-element-caption\">Mehrschichtiger Eierschalentrockner aus Metall <\/figcaption><\/figure>    <p>Automatische Trocknung mit hoher Effizienz und Geschwindigkeit<\/p> <\/div> <\/div>    <h2 class=\"wp-block-heading\"><strong>Erfolgreiche F\u00e4lle der Eierschalen-Herstellungsmaschine Shuliy SL-3*4<\/strong><\/h2>    <p>Unsere automatische Eierablagemaschine zeichnet sich durch hervorragende Qualit\u00e4t und Leistung aus und hat Kunden auf der ganzen Welt. <\/p>    <p>Unsere Maschine zur Herstellung von Eierschalen wird nach Saudi-Arabien, Nigeria, Sambia, Nigeria, Pal\u00e4stina usw. exportiert. Kunden aus diesen L\u00e4ndern m\u00f6gen unsere Maschinen sehr. <\/p>    <p>Nach der Benutzung der Maschine empfinden sie die Wirkung als sehr gut. Einige von ihnen kaufen auch erneut ein, wenn sie den Produktionsumfang von Eierkartons erweitern, beispielsweise nigerianische Kunden.<\/p>    <h2 class=\"wp-block-heading\"><strong>Parameter der automatischen Eierablagemaschine Shuliy SL-3*4<\/strong><\/h2>    <figure class=\"wp-block-table\"><table><tbody><tr><td>Modell<\/td><td>Kapazit\u00e4t<\/td><td>Papierverbrauch<\/td><td>Wasserverbrauch<\/td><td>Energie verbraucht<\/td><td>Arbeiter<\/td><\/tr><tr><td>SL-3*4<\/td><td>2000-2500 St\u00fcck\/h<\/td><td>200kg\/h<\/td><td>450kg\/h<\/td><td>58kW\/h<\/td><td>4-5<\/td><\/tr><\/tbody><\/table><figcaption class=\"wp-element-caption\">Technische Parameter der Papierfachmaschine<\/figcaption><\/figure>","protected":false},"excerpt":{"rendered":"<p>Diese automatische Eierablagemaschine mit einer Leistung von 2000\u20132500 St\u00fcck\/h kann Eierablagen verschiedener Arten und Gr\u00f6\u00dfen herstellen und eignet sich f\u00fcr Investoren und Fabriken mit mittlerer Produktion. <\/p>","protected":false},"author":1,"featured_media":570,"parent":0,"template":"","tags":[65,11,88],"product-type":[61,5,4],"class_list":["post-562","product","type-product","status-publish","has-post-thumbnail","hentry","tag-automatic-egg-tray-machine","tag-egg-tray-making-machine","tag-egg-trays","product-type-by-capacity","product-type-main-equipment","product-type-product"],"_links":{"self":[{"href":"https:\/\/www.eggtray.org\/de\/wp-json\/wp\/v2\/product\/562","targetHints":{"allow":["GET"]}}],"collection":[{"href":"https:\/\/www.eggtray.org\/de\/wp-json\/wp\/v2\/product"}],"about":[{"href":"https:\/\/www.eggtray.org\/de\/wp-json\/wp\/v2\/types\/product"}],"author":[{"embeddable":true,"href":"https:\/\/www.eggtray.org\/de\/wp-json\/wp\/v2\/users\/1"}],"wp:featuredmedia":[{"embeddable":true,"href":"https:\/\/www.eggtray.org\/de\/wp-json\/wp\/v2\/media\/570"}],"wp:attachment":[{"href":"https:\/\/www.eggtray.org\/de\/wp-json\/wp\/v2\/media?parent=562"}],"wp:term":[{"taxonomy":"post_tag","embeddable":true,"href":"https:\/\/www.eggtray.org\/de\/wp-json\/wp\/v2\/tags?post=562"},{"taxonomy":"product-type","embeddable":true,"href":"https:\/\/www.eggtray.org\/de\/wp-json\/wp\/v2\/product-type?post=562"}],"curies":[{"name":"wp","href":"https:\/\/api.w.org\/{rel}","templated":true}]}}