{"id":123,"date":"2022-08-10T01:21:20","date_gmt":"2022-08-10T01:21:20","guid":{"rendered":"https:\/\/www.eggtray.org\/?page_id=123"},"modified":"2022-08-31T03:03:51","modified_gmt":"2022-08-31T03:03:51","slug":"about-us","status":"publish","type":"page","link":"https:\/\/www.eggtray.org\/es\/about-us\/","title":{"rendered":"Sobre nosotros"},"content":{"rendered":"<h2 class=\"wp-block-heading\" id=\"h-shuliy-machinery\"><strong>Maquinaria Shuliy<\/strong><\/h2>    <div class=\"wp-block-media-text alignwide is-stacked-on-mobile\"><figure class=\"wp-block-media-text__media\"><img loading=\"lazy\" decoding=\"async\" width=\"720\" height=\"540\" src=\"https:\/\/www.eggtray.org\/wp-content\/uploads\/2022\/08\/egg-tray-machine-manufacturer-supplier-.webp\" alt=\"fabricante y proveedor de m\u00e1quinas para bandejas de huevos\" class=\"wp-image-121 size-full\" title=\"\" srcset=\"https:\/\/www.eggtray.org\/wp-content\/uploads\/2022\/08\/egg-tray-machine-manufacturer-supplier-.webp 720w, https:\/\/www.eggtray.org\/wp-content\/uploads\/2022\/08\/egg-tray-machine-manufacturer-supplier--300x225.webp 300w\" sizes=\"auto, (max-width: 720px) 100vw, 720px\" \/><\/figure><div class=\"wp-block-media-text__content\"> <p>Nosotros, Shuliy Machinery, estamos especializados en la fabricaci\u00f3n y venta de m\u00e1quinas respetuosas con el medio ambiente. <\/p>    <p>Nuestras m\u00e1quinas para fabricar bandejas de huevos son muy eficientes, duraderas y f\u00e1ciles de mantener. Desarrollamos nuestra empresa con el concepto de desarrollo armonioso con la sociedad. <\/p> <\/div><\/div>    <p><\/p>    <p class=\"translation-block\">Nuestras m\u00e1quinas incluyen la <strong>l\u00ednea de producci\u00f3n de bandejas para huevos, l\u00ednea de producci\u00f3n de cartones para huevos, <a href=\"https:\/\/www.eggtray.org\/es\/product\/egg-tray-making-machine\/\" target=\"_blank\" rel=\"noreferrer noopener\">m\u00e1quina para bandejas de huevos<\/a>, <a href=\"https:\/\/www.eggtray.org\/es\/product\/egg-carton-making-machine\/\" target=\"_blank\" rel=\"noreferrer noopener\">m\u00e1quina para cartones de huevos<\/a>, <a href=\"https:\/\/www.eggtray.org\/es\/product\/apple-tray-making-machine\/\" target=\"_blank\" rel=\"noreferrer noopener\">m\u00e1quina para bandejas de manzanas<\/a>, <a href=\"https:\/\/www.eggtray.org\/es\/product\/quail-egg-tray-making-machine\/\" target=\"_blank\" rel=\"noreferrer noopener\">m\u00e1quina para huevos de codorniz<\/a>,<\/strong> etc. Tambi\u00e9n hay una serie de <strong>m\u00e1quinas para hacer pulpa, m\u00e1quinas de secado, m\u00e1quinas de prensado en caliente<\/strong> y <strong>m\u00e1quinas empacadoras<\/strong>. \u00a1Bienvenido a contactarnos en cualquier momento!<\/p>    <h2 class=\"wp-block-heading\" id=\"h-certificates\"><strong>Certificados<\/strong><\/h2>    <p>Estos certificados demuestran que nuestras m\u00e1quinas est\u00e1n certificadas en el pa\u00eds y en el extranjero y tienen buena calidad.<\/p>   <div class=\"wp-block-image\"> <figure class=\"aligncenter size-full\"><img loading=\"lazy\" decoding=\"async\" width=\"750\" height=\"934\" src=\"https:\/\/www.eggtray.org\/wp-content\/uploads\/2022\/08\/certificates.webp\" alt=\"certificados\" class=\"wp-image-413\" title=\"\" srcset=\"https:\/\/www.eggtray.org\/wp-content\/uploads\/2022\/08\/certificates.webp 750w, https:\/\/www.eggtray.org\/wp-content\/uploads\/2022\/08\/certificates-241x300.webp 241w\" sizes=\"auto, (max-width: 750px) 100vw, 750px\" \/><figcaption>certificados<\/figcaption><\/figure> <\/div>   <h2 class=\"wp-block-heading\"><strong>Cajas de la m\u00e1quina para bandejas de huevos.<\/strong><\/h2>    <div class=\"wp-block-media-text alignwide is-stacked-on-mobile\"><figure class=\"wp-block-media-text__media\"><img loading=\"lazy\" decoding=\"async\" width=\"720\" height=\"540\" src=\"https:\/\/www.eggtray.org\/wp-content\/uploads\/2022\/08\/egg-tray-machine-customer.webp\" alt=\"cliente de la m\u00e1quina de bandeja de huevos\" class=\"wp-image-408 size-full\" title=\"\" srcset=\"https:\/\/www.eggtray.org\/wp-content\/uploads\/2022\/08\/egg-tray-machine-customer.webp 720w, https:\/\/www.eggtray.org\/wp-content\/uploads\/2022\/08\/egg-tray-machine-customer-300x225.webp 300w\" sizes=\"auto, (max-width: 720px) 100vw, 720px\" \/><\/figure><div class=\"wp-block-media-text__content\"> <p>\u00a1Un cliente que viene de Arabia Saudita visit\u00f3 nuestra f\u00e1brica y empresa y expres\u00f3 su satisfacci\u00f3n con las bandejas de huevos producidas!<\/p> <\/div><\/div>    <div class=\"wp-block-media-text alignwide has-media-on-the-right is-stacked-on-mobile\"><figure class=\"wp-block-media-text__media\"><img loading=\"lazy\" decoding=\"async\" width=\"720\" height=\"540\" src=\"https:\/\/www.eggtray.org\/wp-content\/uploads\/2022\/08\/Shuliy-egg-tray-machine.webp\" alt=\"M\u00e1quina de bandejas de huevos Shuliy\" class=\"wp-image-409 size-full\" title=\"\" srcset=\"https:\/\/www.eggtray.org\/wp-content\/uploads\/2022\/08\/Shuliy-egg-tray-machine.webp 720w, https:\/\/www.eggtray.org\/wp-content\/uploads\/2022\/08\/Shuliy-egg-tray-machine-300x225.webp 300w\" sizes=\"auto, (max-width: 720px) 100vw, 720px\" \/><\/figure><div class=\"wp-block-media-text__content\"> <p>\u00a1El cliente nigeriano vino a China para probar la m\u00e1quina para bandejas de huevos y qued\u00f3 muy contento con los resultados!<\/p> <\/div><\/div>    <div class=\"wp-block-media-text alignwide is-stacked-on-mobile\"><figure class=\"wp-block-media-text__media\"><img loading=\"lazy\" decoding=\"async\" width=\"720\" height=\"540\" src=\"https:\/\/www.eggtray.org\/wp-content\/uploads\/2022\/08\/customer-visiting-the-egg-tray-factory.webp\" alt=\"cliente visitando la f\u00e1brica de bandejas de huevos\" class=\"wp-image-411 size-full\" title=\"\" srcset=\"https:\/\/www.eggtray.org\/wp-content\/uploads\/2022\/08\/customer-visiting-the-egg-tray-factory.webp 720w, https:\/\/www.eggtray.org\/wp-content\/uploads\/2022\/08\/customer-visiting-the-egg-tray-factory-300x225.webp 300w\" sizes=\"auto, (max-width: 720px) 100vw, 720px\" \/><\/figure><div class=\"wp-block-media-text__content\"> <p>\u00a1Un cliente del Reino Unido vino a la f\u00e1brica para verificar las condiciones de la m\u00e1quina de bandejas de huevos y compr\u00f3 con gusto!<\/p> <\/div><\/div>","protected":false},"excerpt":{"rendered":"<p>Shuliy Machinery We, Shuliy Machinery, are specialized in manufacturing and selling environment-friendly machines. Our egg tray machines are highly efficient, long-lasting, and easy to maintain. We are developing our company with the concept of harmonious development with society. Our machines include the egg tray production line, egg carton production line, egg tray machine, egg carton [&hellip;]<\/p>\n","protected":false},"author":1,"featured_media":0,"parent":0,"menu_order":0,"comment_status":"closed","ping_status":"closed","template":"","meta":{"footnotes":""},"class_list":["post-123","page","type-page","status-publish","hentry"],"_links":{"self":[{"href":"https:\/\/www.eggtray.org\/es\/wp-json\/wp\/v2\/pages\/123","targetHints":{"allow":["GET"]}}],"collection":[{"href":"https:\/\/www.eggtray.org\/es\/wp-json\/wp\/v2\/pages"}],"about":[{"href":"https:\/\/www.eggtray.org\/es\/wp-json\/wp\/v2\/types\/page"}],"author":[{"embeddable":true,"href":"https:\/\/www.eggtray.org\/es\/wp-json\/wp\/v2\/users\/1"}],"replies":[{"embeddable":true,"href":"https:\/\/www.eggtray.org\/es\/wp-json\/wp\/v2\/comments?post=123"}],"version-history":[{"count":0,"href":"https:\/\/www.eggtray.org\/es\/wp-json\/wp\/v2\/pages\/123\/revisions"}],"wp:attachment":[{"href":"https:\/\/www.eggtray.org\/es\/wp-json\/wp\/v2\/media?parent=123"}],"curies":[{"name":"wp","href":"https:\/\/api.w.org\/{rel}","templated":true}]}}