{"id":255,"date":"2022-08-11T06:52:12","date_gmt":"2022-08-10T22:52:12","guid":{"rendered":"https:\/\/www.eggtray.org\/?post_type=product&#038;p=255"},"modified":"2025-10-30T16:47:10","modified_gmt":"2025-10-30T08:47:10","slug":"egg-carton-making-machine","status":"publish","type":"product","link":"https:\/\/www.eggtray.org\/es\/product\/egg-carton-making-machine\/","title":{"rendered":"M\u00e1quina para fabricar cart\u00f3n de huevos"},"content":{"rendered":"<p>La m\u00e1quina para fabricar cartones de huevo se utiliza principalmente para producir bandejas de papel de alta calidad para proteger los huevos. Nosotros, Shuliy Machinery, como uno de los mejores fabricantes y proveedores de m\u00e1quinas para bandejas, producimos varios tipos de m\u00e1quinas para cartones de huevo. Nuestra m\u00e1quina para cartones de huevo es adecuada para producci\u00f3n a peque\u00f1a, mediana y gran escala. No importa el tama\u00f1o de su f\u00e1brica, nuestra m\u00e1quina trituradora de huevos puede satisfacerle. Para los inversionistas, comprar nuestra m\u00e1quina de fabricaci\u00f3n de c\u00e1sulas de huevo es la opci\u00f3n adecuada para usted. \u00a1Bienvenido a llamarnos para m\u00e1s informaci\u00f3n!<\/p>    <h2 class=\"wp-block-heading\" id=\"h-egg-carton-machine-for-sale\"><strong>Vendo maquina para fabricar cartones de huevos<\/strong><\/h2>    <p class=\"translation-block\">De hecho, la m\u00e1quina de hacer cajas para huevos tiene el mismo tipo que la <a href=\"https:\/\/www.eggtray.org\/es\/product\/egg-tray-making-machine\/\" target=\"_blank\" rel=\"noreferrer noopener\">m\u00e1quina de bandejas de huevos<\/a>, con capacidades de 1000 piezas por hora a 8000 piezas por hora. La m\u00e1quina tiene excelente calidad, operaci\u00f3n estable y larga vida \u00fatil. En comparaci\u00f3n con otras, nuestras m\u00e1quinas no solo tienen varios tipos sino tambi\u00e9n ventajas de precio. Porque pertenecemos a la empresa de industria y comercio, tenemos nuestra propia f\u00e1brica y equipo de I+D. \u00a1Esperamos su consulta!<\/p>    <figure class=\"wp-block-gallery aligncenter has-nested-images columns-default is-cropped wp-block-gallery-2 is-layout-flex wp-block-gallery-is-layout-flex\"> <figure class=\"wp-block-image size-large\"><img loading=\"lazy\" decoding=\"async\" width=\"540\" height=\"720\" data-id=\"370\" src=\"https:\/\/www.eggtray.org\/wp-content\/uploads\/2022\/08\/egg-carton-machine-for-sale.webp\" alt=\"M\u00e1quina de cart\u00f3n de huevos a la venta\" class=\"wp-image-370\" title=\"\" srcset=\"https:\/\/www.eggtray.org\/wp-content\/uploads\/2022\/08\/egg-carton-machine-for-sale.webp 540w, https:\/\/www.eggtray.org\/wp-content\/uploads\/2022\/08\/egg-carton-machine-for-sale-225x300.webp 225w\" sizes=\"auto, (max-width: 540px) 100vw, 540px\" \/><figcaption class=\"wp-element-caption\">M\u00e1quina de cart\u00f3n de huevos a la venta<\/figcaption><\/figure>    <figure class=\"wp-block-image size-large\"><img loading=\"lazy\" decoding=\"async\" width=\"540\" height=\"720\" data-id=\"371\" src=\"https:\/\/www.eggtray.org\/wp-content\/uploads\/2022\/08\/egg-carton-making-machine-egg-carton-machine.webp\" alt=\"M\u00e1quina para fabricar cartones de huevos-M\u00e1quina para fabricar cartones de huevos\" class=\"wp-image-371\" title=\"\" srcset=\"https:\/\/www.eggtray.org\/wp-content\/uploads\/2022\/08\/egg-carton-making-machine-egg-carton-machine.webp 540w, https:\/\/www.eggtray.org\/wp-content\/uploads\/2022\/08\/egg-carton-making-machine-egg-carton-machine-225x300.webp 225w\" sizes=\"auto, (max-width: 540px) 100vw, 540px\" \/><figcaption class=\"wp-element-caption\">M\u00e1quina para fabricar cart\u00f3n de huevos-M\u00e1quina para fabricar cart\u00f3n de huevos<\/figcaption><\/figure> <\/figure>    <h2 class=\"wp-block-heading\"><strong>\u00bfCu\u00e1l es el material de la caja de huevos?<\/strong><\/h2>    <p>Libros de desecho, papel de desecho, revistas de desecho, papel, libros, etc. Todos estos pueden ser la materia prima para la m\u00e1quina para fabricar cartones de huevos.<\/p>    <p class=\"translation-block\">Estos materiales son muy f\u00e1ciles de obtener y el costo es bajo. Para empresarios que desean iniciar una nueva industria, invertir en una <a href=\"https:\/\/www.eggtray.org\/es\/product\/egg-carton-production-line-egg-carton-machine\/\" target=\"_blank\" rel=\"noreferrer noopener\">l\u00ednea de producci\u00f3n de cart\u00f3n para huevos de papel<\/a> es una buena opci\u00f3n.<\/p>    <h2 class=\"wp-block-heading\"><strong>Aplicaciones del fabricante de cartones de huevos<\/strong><\/h2>    <p class=\"translation-block\">La m\u00e1quina para hacer la caja de huevos puede producir no solo cartones para huevos sino tambi\u00e9n bandejas de huevos, bandejas para manzanas, bandejas de vivero, bandejas para vino, bandejas m\u00e9dicas, cuencos de papel, <a href=\"https:\/\/www.eggtray.org\/es\/product\/quail-egg-tray-making-machine\/\" target=\"_blank\" rel=\"noreferrer noopener\">bandejas de huevos de codorniz<\/a>, etc. Por ejemplo, la m\u00e1quina de fabricaci\u00f3n de jaulas que puede producir la bandeja de huevos se llama m\u00e1quina de bandejas de huevos, y la que es para la bandeja de manzanas se llama la <a href=\"https:\/\/www.eggtray.org\/es\/product\/apple-tray-making-machine\/\" target=\"_blank\" rel=\"noreferrer noopener\">m\u00e1quina de bandejas de manzanas<\/a>.<\/p>    <figure class=\"wp-block-gallery aligncenter has-nested-images columns-default is-cropped wp-block-gallery-3 is-layout-flex wp-block-gallery-is-layout-flex\"> <figure class=\"wp-block-image size-large\"><img loading=\"lazy\" decoding=\"async\" width=\"560\" height=\"400\" data-id=\"309\" src=\"https:\/\/www.eggtray.org\/wp-content\/uploads\/2022\/08\/pulp-paper-trays.webp\" alt=\"bandejas de papel de pulpa\" class=\"wp-image-309\" title=\"\" srcset=\"https:\/\/www.eggtray.org\/wp-content\/uploads\/2022\/08\/pulp-paper-trays.webp 560w, https:\/\/www.eggtray.org\/wp-content\/uploads\/2022\/08\/pulp-paper-trays-300x214.webp 300w\" sizes=\"auto, (max-width: 560px) 100vw, 560px\" \/><figcaption class=\"wp-element-caption\">Bandejas de papel de pulpa<\/figcaption><\/figure> <\/figure>    <h2 class=\"wp-block-heading\"><strong>Ventajas de la m\u00e1quina para fabricar cajas de huevos a la venta.<\/strong><\/h2>    <ul class=\"wp-block-list\"> <li>Econ\u00f3mico. Las materias primas para esta m\u00e1quina para fabricar cartones de huevos son f\u00e1ciles de obtener y econ\u00f3micas y, en general, el costo se reducir\u00e1.<\/li>    <li>Potente funci\u00f3n. Esta m\u00e1quina para fabricar cajas de huevos de papel puede producir no solo cartones de huevos sino tambi\u00e9n bandejas para huevos, bandejas para huevos de codorniz, bandejas para manzanas, etc., simplemente cambiando los moldes.<\/li>    <li>Varios tipos. Nuestra m\u00e1quina es adecuada para producci\u00f3n a peque\u00f1a, mediana y gran escala, por lo que no importa la escala que desee, nuestra m\u00e1quina para fabricar cartones de huevos satisfar\u00e1 su negocio.<\/li> <\/ul>    <h2 class=\"wp-block-heading\"><strong>Precio atractivo de la m\u00e1quina de cart\u00f3n de huevos<\/strong><\/h2>    <p>Las m\u00e1quinas respetuosas con el medio ambiente de Shuliy Machinery siguen el desarrollo de la sociedad. El precio de nuestra m\u00e1quina para fabricar cartones de huevos tiene las siguientes ventajas.<\/p>    <ol class=\"wp-block-list\"> <li>tenemos el nuestro<strong> equipo de I + D<\/strong>. En el proceso de desarrollo social, nuestras m\u00e1quinas de desarrollo propio siempre tienen como objetivo satisfacer las necesidades del cliente, lo que significa que nuestras m\u00e1quinas son muy adecuadas para las necesidades del cliente.<\/li>    <li>Nuestro <strong>calidad<\/strong> Est\u00e1 garantizado. Podemos ofrecerle la garant\u00eda de que nuestras m\u00e1quinas se pueden utilizar durante m\u00e1s tiempo en las mismas condiciones.<\/li> <\/ol>    <figure class=\"wp-block-gallery aligncenter has-nested-images columns-default is-cropped wp-block-gallery-4 is-layout-flex wp-block-gallery-is-layout-flex\"> <figure class=\"wp-block-image size-large\"><img loading=\"lazy\" decoding=\"async\" width=\"720\" height=\"540\" data-id=\"373\" src=\"https:\/\/www.eggtray.org\/wp-content\/uploads\/2022\/08\/egg-carton-machine-manufacturer.webp\" alt=\"fabricante-de-maquina-de-carton-de-huevos\" class=\"wp-image-373\" title=\"\" srcset=\"https:\/\/www.eggtray.org\/wp-content\/uploads\/2022\/08\/egg-carton-machine-manufacturer.webp 720w, https:\/\/www.eggtray.org\/wp-content\/uploads\/2022\/08\/egg-carton-machine-manufacturer-300x225.webp 300w\" sizes=\"auto, (max-width: 720px) 100vw, 720px\" \/><figcaption class=\"wp-element-caption\">Fabricante de m\u00e1quinas de cart\u00f3n de huevos<\/figcaption><\/figure>    <figure class=\"wp-block-image size-large\"><img loading=\"lazy\" decoding=\"async\" width=\"720\" height=\"540\" data-id=\"374\" src=\"https:\/\/www.eggtray.org\/wp-content\/uploads\/2022\/08\/egg-crate-making-machine-manufacturer.webp\" alt=\"fabricante-de-m\u00e1quina-para-hacer-cajas-de-huevos\" class=\"wp-image-374\" title=\"\" srcset=\"https:\/\/www.eggtray.org\/wp-content\/uploads\/2022\/08\/egg-crate-making-machine-manufacturer.webp 720w, https:\/\/www.eggtray.org\/wp-content\/uploads\/2022\/08\/egg-crate-making-machine-manufacturer-300x225.webp 300w\" sizes=\"auto, (max-width: 720px) 100vw, 720px\" \/><figcaption class=\"wp-element-caption\">Fabricante de m\u00e1quinas para fabricar cajas de huevos<\/figcaption><\/figure> <\/figure>    <h2 class=\"wp-block-heading\"><strong>Consejos para elegir la m\u00e1quina para fabricar cajas de huevos de papel adecuada <\/strong><\/h2>    <ol class=\"wp-block-list\"> <li>Que tipo de <strong>salida que deseas<\/strong>. Debido a que el resultado es diferente, la m\u00e1quina utilizada tambi\u00e9n es diferente. Primero que nada, debes confirmar qu\u00e9 tipo de salida es.<\/li>    <li>El <strong>m\u00e9todo de secado aplicable. <\/strong>Esto est\u00e1 determinado por su salida. Si desea una m\u00e1quina de bandejas de papel a peque\u00f1a escala, el secado natural al sol es la mejor opci\u00f3n.<\/li>    <li><strong>Dentro del presupuesto. <\/strong>Despu\u00e9s de decidirse por la m\u00e1quina, el precio total est\u00e1 dentro de su dinero. Por tanto, se trata de una cooperaci\u00f3n en la que todos ganan.<\/li> <\/ol>    <p>Nuestro personal de ventas es profesional y le recomendar\u00e1 el m\u00e1s adecuado seg\u00fan sus necesidades.<\/p>    <h2 class=\"wp-block-heading\"><strong>Caso de \u00e9xito: exportaci\u00f3n de la m\u00e1quina manual para fabricar cartones de huevos a Samoa Occidental<\/strong><\/h2>    <p class=\"translation-block\">Este cliente tiene un gran n\u00famero de industrias y quiere iniciar una nueva. Despu\u00e9s de la consulta, decidi\u00f3 empezar con las bandejas de papel. As\u00ed que quiso comprar la m\u00e1quina relacionada. Tras ver nuestras m\u00e1quinas, nos contact\u00f3. Nuestro gerente de ventas le present\u00f3 la m\u00e1quina relevante en detalle y explic\u00f3 que podr\u00eda producir diferentes bandejas simplemente cambiando los moldes. Despu\u00e9s de considerarlo, el cliente de Samoa Occidental compr\u00f3 una <a href=\"https:\/\/www.eggtray.org\/es\/product\/egg-carton-production-line-egg-carton-machine\/\" target=\"_blank\" rel=\"noreferrer noopener\">l\u00ednea de producci\u00f3n de cajas para huevos<\/a> de nuestra parte. Despu\u00e9s de usar la m\u00e1quina durante alg\u00fan tiempo, expres\u00f3 su gran satisfacci\u00f3n.<\/p>   <div class=\"wp-block-image\"> <figure class=\"aligncenter size-full\"><img loading=\"lazy\" decoding=\"async\" width=\"720\" height=\"540\" src=\"https:\/\/www.eggtray.org\/wp-content\/uploads\/2022\/08\/1000pcs-per-hour-semi-automatic-paper-tray-machine.webp\" alt=\"M\u00e1quina semiautom\u00e1tica de bandejas de papel de 1000 unidades por hora\" class=\"wp-image-375\" title=\"\" srcset=\"https:\/\/www.eggtray.org\/wp-content\/uploads\/2022\/08\/1000pcs-per-hour-semi-automatic-paper-tray-machine.webp 720w, https:\/\/www.eggtray.org\/wp-content\/uploads\/2022\/08\/1000pcs-per-hour-semi-automatic-paper-tray-machine-300x225.webp 300w\" sizes=\"auto, (max-width: 720px) 100vw, 720px\" \/><figcaption class=\"wp-element-caption\">M\u00e1quina semiautom\u00e1tica de bandejas de papel de 1000 unidades por hora<\/figcaption><\/figure> <\/div>   <h2 class=\"wp-block-heading\"><strong>Par\u00e1metros t\u00e9cnicos de la m\u00e1quina de cajas de huevos.<\/strong><\/h2>    <figure class=\"wp-block-table\"><table><tbody><tr><td>Modelo<\/td><td>Capacidad<\/td><td>Consumo de papel<\/td><td>Consumo de agua<\/td><td>Energ\u00eda utilizada<\/td><td>Obrero<\/td><\/tr><tr><td>SL-3*1<\/td><td>1000-1500 unidades\/h<\/td><td>120kg\/hora<\/td><td>300kg\/h<\/td><td>32kW\/h<\/td><td>3-4<\/td><\/tr><tr><td>SL-4*1<\/td><td>1500-2000 piezas\/h<\/td><td>160kg\/hora<\/td><td>380kg\/h<\/td><td>45kW\/h<\/td><td>3-4<\/td><\/tr><tr><td>SL-3*4<\/td><td>2000-2500 piezas\/h<\/td><td>200kg\/h<\/td><td>450kg\/h<\/td><td>58 kWh<\/td><td>4-5<\/td><\/tr><tr><td>SL-4*4<\/td><td>3000-3500 piezas\/h<\/td><td>280kg\/hora<\/td><td>560kg\/hora<\/td><td>78kWh<\/td><td>4-5<\/td><\/tr><tr><td>SL-4*8<\/td><td>4000 piezas\/hora<\/td><td>320kg\/h<\/td><td>600kg\/hora<\/td><td>80kW\/h<\/td><td>5-6<\/td><\/tr><tr><td>SL-5*8<\/td><td>5000 piezas\/hora<\/td><td>400kg\/h<\/td><td>750kg\/hora<\/td><td>85kW\/h<\/td><td>3-4<\/td><\/tr><tr><td>SL-5*12<\/td><td>6000 piezas\/hora<\/td><td>480kg\/h<\/td><td>900kg\/hora<\/td><td>90kW\/h<\/td><td>3-4<\/td><\/tr><tr><td>SL-6*12<\/td><td>8000 piezas\/hora<\/td><td>640kg\/hora<\/td><td>1040kg\/hora<\/td><td>100 kWh<\/td><td>3-4<\/td><\/tr><\/tbody><\/table><figcaption class=\"wp-element-caption\">especificaciones de la m\u00e1quina de fabricar cajas de huevo<\/figcaption><\/figure>","protected":false},"excerpt":{"rendered":"<p>The egg carton making machine is mainly used to produce high-quality paper trays for protecting eggs. We, Shuliy Machinery, as one of the best tray machine manufacturers and suppliers, produce various types of egg carton machines. Our egg carton machine is suitable for small, medium, and large-scale production. No matter what size your factory is, [&hellip;]<\/p>\n","protected":false},"author":1,"featured_media":325,"parent":0,"template":"","tags":[50,89,21,22,20,48,46],"product-type":[5,60,4],"class_list":["post-255","product","type-product","status-publish","has-post-thumbnail","hentry","tag-egg-box-machine","tag-egg-carton","tag-egg-carton-machine","tag-egg-carton-making-machine","tag-egg-carton-production-line","tag-egg-crate-machine","tag-egg-crate-making-machine","product-type-main-equipment","product-type-by-products","product-type-product"],"_links":{"self":[{"href":"https:\/\/www.eggtray.org\/es\/wp-json\/wp\/v2\/product\/255","targetHints":{"allow":["GET"]}}],"collection":[{"href":"https:\/\/www.eggtray.org\/es\/wp-json\/wp\/v2\/product"}],"about":[{"href":"https:\/\/www.eggtray.org\/es\/wp-json\/wp\/v2\/types\/product"}],"author":[{"embeddable":true,"href":"https:\/\/www.eggtray.org\/es\/wp-json\/wp\/v2\/users\/1"}],"wp:featuredmedia":[{"embeddable":true,"href":"https:\/\/www.eggtray.org\/es\/wp-json\/wp\/v2\/media\/325"}],"wp:attachment":[{"href":"https:\/\/www.eggtray.org\/es\/wp-json\/wp\/v2\/media?parent=255"}],"wp:term":[{"taxonomy":"post_tag","embeddable":true,"href":"https:\/\/www.eggtray.org\/es\/wp-json\/wp\/v2\/tags?post=255"},{"taxonomy":"product-type","embeddable":true,"href":"https:\/\/www.eggtray.org\/es\/wp-json\/wp\/v2\/product-type?post=255"}],"curies":[{"name":"wp","href":"https:\/\/api.w.org\/{rel}","templated":true}]}}