{"id":275,"date":"2022-08-11T08:42:39","date_gmt":"2022-08-11T00:42:39","guid":{"rendered":"https:\/\/www.eggtray.org\/?post_type=product&#038;p=275"},"modified":"2025-10-30T16:55:53","modified_gmt":"2025-10-30T08:55:53","slug":"quail-egg-tray-making-machine","status":"publish","type":"product","link":"https:\/\/www.eggtray.org\/es\/product\/quail-egg-tray-making-machine\/","title":{"rendered":"M\u00e1quina para fabricar bandejas de huevos de codorniz"},"content":{"rendered":"<p class=\"translation-block\">La m\u00e1quina para fabricar bandejas de huevos de codorniz produce bandejas de papel para huevos de codorniz de alta calidad. Adem\u00e1s, despu\u00e9s de cambiar el molde, esta m\u00e1quina tambi\u00e9n puede producir bandejas de huevos, cartones de huevos, bandejas de manzanas, bandejas para vino tinto, bandejas de vivero, etc. Las bandejas de papel correspondientes se producen con el nombre de la m\u00e1quina, como <a href=\"https:\/\/www.eggtray.org\/es\/product\/egg-tray-making-machine\/\" target=\"_blank\" rel=\"noreferrer noopener\">m\u00e1quina para bandejas de huevos<\/a>, m\u00e1quina para cartones de huevos, <a href=\"https:\/\/www.eggtray.org\/es\/product\/apple-tray-making-machine\/\" target=\"_blank\" rel=\"noreferrer noopener\">m\u00e1quina para fabricar bandejas de manzanas<\/a>, etc. Si est\u00e1 interesado en ellas, \u00a1p\u00f3ngase en contacto con nosotros!<\/p>    <h2 class=\"wp-block-heading\" id=\"h-complete-quail-egg-tray-production-process\"><strong>Proceso completo de producci\u00f3n de bandejas de huevos de codorniz.<\/strong><\/h2>    <p class=\"translation-block\">De hecho, es muy similar a la <a href=\"https:\/\/www.eggtray.org\/es\/product\/egg-tray-production-line-egg-tray-machine\/\" target=\"_blank\" rel=\"noreferrer noopener\">l\u00ednea de fabricaci\u00f3n de bandejas de huevos<\/a> y a la l\u00ednea de producci\u00f3n de cartones de huevos, ambas necesitan utilizar la m\u00e1quina pulpadora, la m\u00e1quina para fabricar bandejas de huevos de codorniz, la m\u00e1quina secadora, la prensa en caliente y la m\u00e1quina empacadora.<\/p>   <div class=\"wp-block-image\"> <figure class=\"aligncenter size-full\"><img loading=\"lazy\" decoding=\"async\" width=\"720\" height=\"450\" src=\"https:\/\/www.eggtray.org\/wp-content\/uploads\/2022\/08\/complete-paper-tray-production-line.webp\" alt=\"L\u00ednea completa de producci\u00f3n de bandejas de papel. \" class=\"wp-image-377\" title=\"\" srcset=\"https:\/\/www.eggtray.org\/wp-content\/uploads\/2022\/08\/complete-paper-tray-production-line.webp 720w, https:\/\/www.eggtray.org\/wp-content\/uploads\/2022\/08\/complete-paper-tray-production-line-300x188.webp 300w\" sizes=\"auto, (max-width: 720px) 100vw, 720px\" \/><figcaption class=\"wp-element-caption\">L\u00ednea completa de producci\u00f3n de bandejas de papel. <\/figcaption><\/figure> <\/div>   <p class=\"translation-block\"><strong>Pulpado<\/strong>: Coloque las materias primas en la m\u00e1quina pulpadora. La m\u00e1quina pulpadora tritura las materias primas de papel mediante el movimiento giratorio de la m\u00e1quina. Es importante tener en cuenta que necesita a\u00f1adir una cierta cantidad de agua. Si tiene alguna pregunta, puede consultarnos.<\/p>    <p class=\"translation-block\"><strong>Formado<\/strong>: Este es el paso clave. Despu\u00e9s de un poco de mezcla, usar la m\u00e1quina para bandejas de huevos de codorniz es para producir las bandejas de papel adecuadas. En este proceso, se utilizan un compresor de aire y una bomba de vac\u00edo. La bomba de vac\u00edo succiona la pulpa al molde de formado, y el compresor de aire sopla al molde de transferencia. Si desea saber m\u00e1s detalles, \u00a1p\u00f3ngase en contacto con nosotros!<\/p>    <p class=\"translation-block\"><strong>Secado<\/strong>: Debido a que las bandejas de huevos de codorniz est\u00e1n h\u00famedas, necesitan secarse. Hay tres m\u00e9todos de secado: \u2460 secado natural, \u2461 secado en horno de ladrillos y \u2462 secado en m\u00e1quina. Cada uno de ellos tiene sus propias ventajas, \u00a1tambi\u00e9n puede consultar la <strong>forma de secado de las bandejas de papel<\/strong> para m\u00e1s detalles!<\/p>    <p class=\"translation-block\"><strong>Prensado en caliente y enfardado<\/strong>: La m\u00e1quina de prensado en caliente se utiliza a menudo para bandejas tipo caja, lo que puede hacerlas m\u00e1s bonitas. Luego, empaqu\u00e9telas con una enfardadora.<\/p>    <h2 class=\"wp-block-heading\"><strong>Tipos de moldes para huevos de codorniz que se pueden producir<\/strong><\/h2>    <p class=\"translation-block\">Esta m\u00e1quina es muy pr\u00e1ctica. Se pueden producir diferentes bandejas simplemente cambiando los moldes. Si desea producir <a href=\"https:\/\/en.wikipedia.org\/wiki\/Tray\" target=\"_blank\" rel=\"noreferrer noopener\">bandejas<\/a> similares a las bandejas de huevos y los cartones de huevos, solo necesita comprar los moldes correspondientes al comprar la m\u00e1quina. En resumen, no importa qu\u00e9 tipo de bandeja desee, nuestra m\u00e1quina para fabricar bandejas de huevos de codorniz puede hacerlo.<\/p>    <figure class=\"wp-block-gallery aligncenter has-nested-images columns-default is-cropped wp-block-gallery-2 is-layout-flex wp-block-gallery-is-layout-flex\"> <figure class=\"wp-block-image size-large\"><img loading=\"lazy\" decoding=\"async\" width=\"720\" height=\"540\" data-id=\"378\" src=\"https:\/\/www.eggtray.org\/wp-content\/uploads\/2022\/08\/different-paper-tray-molds.webp\" alt=\"diferentes-moldes-para-bandejas-de-papel\" class=\"wp-image-378\" title=\"\" srcset=\"https:\/\/www.eggtray.org\/wp-content\/uploads\/2022\/08\/different-paper-tray-molds.webp 720w, https:\/\/www.eggtray.org\/wp-content\/uploads\/2022\/08\/different-paper-tray-molds-300x225.webp 300w\" sizes=\"auto, (max-width: 720px) 100vw, 720px\" \/><figcaption class=\"wp-element-caption\">Diferentes moldes para bandejas de papel<\/figcaption><\/figure>    <figure class=\"wp-block-image size-large\"><img loading=\"lazy\" decoding=\"async\" width=\"720\" height=\"540\" data-id=\"379\" src=\"https:\/\/www.eggtray.org\/wp-content\/uploads\/2022\/08\/paper-tray-types.webp\" alt=\"tipos de bandejas de papel\" class=\"wp-image-379\" title=\"\" srcset=\"https:\/\/www.eggtray.org\/wp-content\/uploads\/2022\/08\/paper-tray-types.webp 720w, https:\/\/www.eggtray.org\/wp-content\/uploads\/2022\/08\/paper-tray-types-300x225.webp 300w\" sizes=\"auto, (max-width: 720px) 100vw, 720px\" \/><figcaption class=\"wp-element-caption\">Tipos de bandejas de papel<\/figcaption><\/figure> <\/figure>    <h2 class=\"wp-block-heading\"><strong>Beneficios de invertir en una m\u00e1quina para fabricar bandejas de huevos de codorniz<\/strong><\/h2>    <p class=\"translation-block\"><strong>Baja inversi\u00f3n. <\/strong>Al invertir en este negocio, es importante tener en cuenta los costos individuales. Por ejemplo, materias primas, m\u00e1quinas, mano de obra, tiempo, etc. En comparaci\u00f3n con otras industrias, el costo de invertir en esta m\u00e1quina formadora de bandejas de papel es muy bajo. Adem\u00e1s, esta m\u00e1quina est\u00e1 completamente automatizada y ahorra mano de obra.<\/p>    <p class=\"translation-block\"><strong>Alto retorno. <\/strong>Esta m\u00e1quina tiene una alta tasa de moldeo y una larga vida \u00fatil. En el mismo per\u00edodo de tiempo, nuestra m\u00e1quina puede producir bandejas de huevos de codorniz. Adem\u00e1s, nuestra m\u00e1quina se puede utilizar durante m\u00e1s tiempo.<\/p>    <h2 class=\"wp-block-heading\"><strong>\u00bfC\u00f3mo elegir el precio adecuado para una m\u00e1quina para bandejas de huevos de codorniz?<\/strong><\/h2>    <p class=\"translation-block\"><strong>La calidad ante todo<\/strong>. Al elegir una m\u00e1quina, la calidad es lo primero a considerar.<\/p>    <p class=\"translation-block\"><strong>Fabricante fiable<\/strong>. Elegir un fabricante fiable es muy importante para los inversores. No solo se puede garantizar la calidad de la m\u00e1quina, sino que tambi\u00e9n se garantiza el servicio posventa.<\/p>    <p class=\"translation-block\"><strong>Alto rendimiento de costos<\/strong>. Es muy rentable comprar la m\u00e1quina a una empresa que est\u00e1 integrada con la industria y el comercio. Shuliy Machinery es una de esas empresas.<\/p>   <div class=\"wp-block-image\"> <figure class=\"aligncenter size-full\"><img loading=\"lazy\" decoding=\"async\" width=\"720\" height=\"540\" src=\"https:\/\/www.eggtray.org\/wp-content\/uploads\/2022\/08\/quail-egg-tray-making-machine-manufacturer.webp\" alt=\"fabricante de m\u00e1quinas para fabricar bandejas de huevos de codorniz\" class=\"wp-image-380\" title=\"\" srcset=\"https:\/\/www.eggtray.org\/wp-content\/uploads\/2022\/08\/quail-egg-tray-making-machine-manufacturer.webp 720w, https:\/\/www.eggtray.org\/wp-content\/uploads\/2022\/08\/quail-egg-tray-making-machine-manufacturer-300x225.webp 300w\" sizes=\"auto, (max-width: 720px) 100vw, 720px\" \/><figcaption class=\"wp-element-caption\">fabricante de m\u00e1quinas para fabricar bandejas de huevos de codorniz<\/figcaption><\/figure> <\/div>   <h2 class=\"wp-block-heading\"><strong>Shuliy Machinery: fabricante y proveedor de m\u00e1quinas para fabricar bandejas de huevos de codorniz<\/strong><\/h2>    <p>Nosotros, Shuliy Machinery, somos un fabricante y proveedor especializado en varios tipos de m\u00e1quinas formadoras de bandejas de pulpa. No s\u00f3lo contamos con varios tipos de m\u00e1quinas, sino tambi\u00e9n varias l\u00edneas de producci\u00f3n entre las que puede elegir. Nuestras m\u00e1quinas son absolutamente adecuadas para sus diversas necesidades comerciales. Adem\u00e1s, nuestras m\u00e1quinas cuentan con certificados. Si necesita un fabricante, cont\u00e1ctenos.<\/p>   <div class=\"wp-block-image\"> <figure class=\"aligncenter size-full\"><img loading=\"lazy\" decoding=\"async\" width=\"720\" height=\"540\" src=\"https:\/\/www.eggtray.org\/wp-content\/uploads\/2022\/08\/Shuliy-Machinery-paper-tray-machine-manufacturer-supplier.webp\" alt=\"Shuliy Machinery-fabricante y proveedor de m\u00e1quinas para bandejas de papel\" class=\"wp-image-382\" title=\"\" srcset=\"https:\/\/www.eggtray.org\/wp-content\/uploads\/2022\/08\/Shuliy-Machinery-paper-tray-machine-manufacturer-supplier.webp 720w, https:\/\/www.eggtray.org\/wp-content\/uploads\/2022\/08\/Shuliy-Machinery-paper-tray-machine-manufacturer-supplier-300x225.webp 300w\" sizes=\"auto, (max-width: 720px) 100vw, 720px\" \/><figcaption class=\"wp-element-caption\">Shuliy Machinery-fabricante y proveedor de m\u00e1quinas para bandejas de papel<\/figcaption><\/figure> <\/div>   <h2 class=\"wp-block-heading\"><strong>Pa\u00edses donde las m\u00e1quinas se venden bien<\/strong><\/h2>    <p class=\"translation-block\">Nuestra m\u00e1quina para fabricar bandejas para huevos de codorniz se vende en el extranjero. Tenemos clientes en Asia, Europa, \u00c1frica, Am\u00e9rica del Norte, Ocean\u00eda, etc. Pa\u00edses espec\u00edficos como <strong>Arabia Saudita, Turqu\u00eda, Ir\u00e1n, Emiratos \u00c1rabes Unidos, Malasia, Nepal, Filipinas, Laos, Afganist\u00e1n, Armenia, Corea, Botsuana, Argelia, Angola, Namibia, N\u00edger, Costa de Marfil, Nigeria, Indonesia, Rumania, Berl\u00edn, Ucrania, Polonia, Espa\u00f1a, Rusia, Reino Unido, Francia, Italia, Espa\u00f1a, Rusia, Reino Unido. Italia<\/strong>, etc.<\/p>    <h2 class=\"wp-block-heading\"><strong>Especificaciones de la m\u00e1quina de bandeja de papel.<\/strong><\/h2>    <figure class=\"wp-block-table\"><table><tbody><tr><td>Modelo<\/td><td>Capacidad<\/td><td>Consumo de papel<\/td><td>Consumo de agua<\/td><td>Energ\u00eda utilizada<\/td><td>Obrero<\/td><\/tr><tr><td>SL-3*1<\/td><td>1000-1500 unidades\/h<\/td><td>120kg\/hora<\/td><td>300kg\/h<\/td><td>32kW\/h<\/td><td>3-4<\/td><\/tr><tr><td>SL-4*1<\/td><td>1500-2000 piezas\/h<\/td><td>160kg\/hora<\/td><td>380kg\/h<\/td><td>45kW\/h<\/td><td>3-4<\/td><\/tr><tr><td>SL-3*4<\/td><td>2000-2500 piezas\/h<\/td><td>200kg\/h<\/td><td>450kg\/h<\/td><td>58 kWh<\/td><td>4-5<\/td><\/tr><tr><td>SL-4*4<\/td><td>3000-3500 piezas\/h<\/td><td>280kg\/hora<\/td><td>560kg\/hora<\/td><td>78kWh<\/td><td>4-5<\/td><\/tr><tr><td>SL-4*8<\/td><td>4000 piezas\/hora<\/td><td>320kg\/h<\/td><td>600kg\/hora<\/td><td>80kW\/h<\/td><td>5-6<\/td><\/tr><tr><td>SL-5*8<\/td><td>5000 piezas\/hora<\/td><td>400kg\/h<\/td><td>750kg\/hora<\/td><td>85kW\/h<\/td><td>3-4<\/td><\/tr><tr><td>SL-5*12<\/td><td>6000 piezas\/hora<\/td><td>480kg\/h<\/td><td>900kg\/hora<\/td><td>90kW\/h<\/td><td>3-4<\/td><\/tr><tr><td>SL-6*12<\/td><td>8000 piezas\/hora<\/td><td>640kg\/hora<\/td><td>1040kg\/hora<\/td><td>100 kWh<\/td><td>3-4<\/td><\/tr><\/tbody><\/table><\/figure>","protected":false},"excerpt":{"rendered":"<p>The quail egg tray making machine is to produce high-quality quail egg paper trays. Besides, after changing the mold, this machine can also produce the egg tray, egg carton, apple tray, red wine tray, nursery tray, red wine tray, etc. The corresponding paper trays are produced with the name of the machine, such as egg [&hellip;]<\/p>\n","protected":false},"author":1,"featured_media":326,"parent":0,"template":"","tags":[11,9,51],"product-type":[5,60,4],"class_list":["post-275","product","type-product","status-publish","has-post-thumbnail","hentry","tag-egg-tray-making-machine","tag-egg-tray-production-line","tag-quail-egg-tray-making-machine","product-type-main-equipment","product-type-by-products","product-type-product"],"_links":{"self":[{"href":"https:\/\/www.eggtray.org\/es\/wp-json\/wp\/v2\/product\/275","targetHints":{"allow":["GET"]}}],"collection":[{"href":"https:\/\/www.eggtray.org\/es\/wp-json\/wp\/v2\/product"}],"about":[{"href":"https:\/\/www.eggtray.org\/es\/wp-json\/wp\/v2\/types\/product"}],"author":[{"embeddable":true,"href":"https:\/\/www.eggtray.org\/es\/wp-json\/wp\/v2\/users\/1"}],"wp:featuredmedia":[{"embeddable":true,"href":"https:\/\/www.eggtray.org\/es\/wp-json\/wp\/v2\/media\/326"}],"wp:attachment":[{"href":"https:\/\/www.eggtray.org\/es\/wp-json\/wp\/v2\/media?parent=275"}],"wp:term":[{"taxonomy":"post_tag","embeddable":true,"href":"https:\/\/www.eggtray.org\/es\/wp-json\/wp\/v2\/tags?post=275"},{"taxonomy":"product-type","embeddable":true,"href":"https:\/\/www.eggtray.org\/es\/wp-json\/wp\/v2\/product-type?post=275"}],"curies":[{"name":"wp","href":"https:\/\/api.w.org\/{rel}","templated":true}]}}