{"id":327,"date":"2022-08-12T06:50:58","date_gmt":"2022-08-12T06:50:58","guid":{"rendered":"https:\/\/www.eggtray.org\/?post_type=product&#038;p=327"},"modified":"2025-10-31T17:33:57","modified_gmt":"2025-10-31T09:33:57","slug":"paper-pulping-machine","status":"publish","type":"product","link":"https:\/\/www.eggtray.org\/es\/product\/paper-pulping-machine\/","title":{"rendered":"M\u00e1quina de pulpa de papel"},"content":{"rendered":"<p>Una m\u00e1quina despulpadora de papel es una m\u00e1quina que tritura diversas materias primas hasta convertirlas en pulpa. En Shuliy Machinery, principalmente tritura varios tipos de papel para producir pulpa para el siguiente paso de formaci\u00f3n. Para invertir en la producci\u00f3n de diversas bandejas de papel, es fundamental adquirir una m\u00e1quina de fabricaci\u00f3n de pulpa adecuada.<\/p>    <h2 class=\"wp-block-heading\" id=\"h-what-is-a-paper-pulper-machine\"><strong>\u00bfQu\u00e9 es una m\u00e1quina despulpadora de papel?<\/strong><\/h2>    <p class=\"translation-block\">La m\u00e1quina trituradora de papel es una trituradora hidr\u00e1ulica que tritura varios tipos de papel en pulpa haciendo girar a alta velocidad. Por supuesto, es necesario a\u00f1adir una cierta cantidad de agua. Esta m\u00e1quina es f\u00e1cil de operar y tiene una estructura razonable, lo que la convierte en la mejor opci\u00f3n para triturar diversos materiales. Nuestra empresa es una empresa industrial y comercial. Por lo tanto, en comparaci\u00f3n con otras empresas del mismo tipo, nuestra m\u00e1quina tiene un precio competitivo. Si est\u00e1 interesado en esta m\u00e1quina, bienvenido a contactarnos.<\/p>    <figure class=\"wp-block-gallery aligncenter has-nested-images columns-default is-cropped wp-block-gallery-2 is-layout-flex wp-block-gallery-is-layout-flex\"> <figure class=\"wp-block-image size-large\"><img loading=\"lazy\" decoding=\"async\" width=\"720\" height=\"540\" data-id=\"390\" src=\"https:\/\/www.eggtray.org\/wp-content\/uploads\/2022\/08\/egg-tray-pulper.webp\" alt=\"despulpadora de bandejas de huevos\" class=\"wp-image-390\" title=\"\" srcset=\"https:\/\/www.eggtray.org\/wp-content\/uploads\/2022\/08\/egg-tray-pulper.webp 720w, https:\/\/www.eggtray.org\/wp-content\/uploads\/2022\/08\/egg-tray-pulper-300x225.webp 300w\" sizes=\"auto, (max-width: 720px) 100vw, 720px\" \/><figcaption>Pulper de bandeja de huevos<\/figcaption><\/figure>    <figure class=\"wp-block-image size-large\"><img loading=\"lazy\" decoding=\"async\" width=\"720\" height=\"540\" data-id=\"391\" src=\"https:\/\/www.eggtray.org\/wp-content\/uploads\/2022\/08\/pulper-machine.webp\" alt=\"m\u00e1quina pulper\" class=\"wp-image-391\" title=\"\" srcset=\"https:\/\/www.eggtray.org\/wp-content\/uploads\/2022\/08\/pulper-machine.webp 720w, https:\/\/www.eggtray.org\/wp-content\/uploads\/2022\/08\/pulper-machine-300x225.webp 300w\" sizes=\"auto, (max-width: 720px) 100vw, 720px\" \/><figcaption>M\u00e1quina despulpadora<\/figcaption><\/figure> <\/figure>    <h2 class=\"wp-block-heading\"><strong>Aplicaci\u00f3n en la l\u00ednea de producci\u00f3n de bandejas de huevos\/cart\u00f3n.<\/strong><\/h2>    <p class=\"translation-block\">En la <strong><a href=\"https:\/\/www.eggtray.org\/es\/products\/production-line\/\" target=\"_blank\" rel=\"noreferrer noopener\">l\u00ednea de producci\u00f3n completa de bandejas de papel<\/a><\/strong>, los pasos necesarios son la fabricaci\u00f3n de pulpa, el formado, el secado, el prensado en caliente y el embalado. Se puede ver que la fabricaci\u00f3n de pulpa es el primer paso. Por lo tanto, la m\u00e1quina trituradora de papel es muy importante.<\/p>    <p>El papel y el agua se mezclan en una proporci\u00f3n determinada y luego se enciende la energ\u00eda. Bajo la acci\u00f3n de la rotaci\u00f3n, el papel se tritura hasta convertirlo en pulpa y se prepara para el siguiente paso de formaci\u00f3n. Este es el sistema de despulpado en la l\u00ednea de producci\u00f3n de bandejas\/cajas de huevos. <\/p>    <h2 class=\"wp-block-heading\"><strong>\u00bfQu\u00e9 equipos componen el sistema de despulpado?<\/strong><\/h2>    <p>Tomando como ejemplo la l\u00ednea de fabricaci\u00f3n de bandejas de huevos de 1000 piezas\/h, el equipo se enumera a continuaci\u00f3n. Si desea una mayor capacidad, puede elegir la m\u00e1quina correspondiente con la capacidad adecuada. <\/p>    <figure class=\"wp-block-table\"><table><tbody><tr><td>Nombre de la m\u00e1quina<\/td><td>Modelo<\/td><td>Fuerza<\/td><td>Unidad<\/td><\/tr><tr><td>pulper hidra<\/td><td>SL1.0<\/td><td>7,5kW<\/td><td>1 juego<\/td><\/tr><tr><td>V\u00e1lvula de mariposa<\/td><td>DN100<\/td><td>\/<\/td><td>1 PC<\/td><\/tr><tr><td>bomba de pulpa<\/td><td>3 pulgadas<\/td><td>2,2kW<\/td><td>1 juego<\/td><\/tr><tr><td>Batidor de pulpa para estanques<\/td><td>110 rpm<\/td><td>1,5kW<\/td><td>1 juego<\/td><\/tr><tr><td>Bombas de aguas residuales&nbsp;<\/td><td>\/<\/td><td>0,75kW<\/td><td>1 juego<\/td><\/tr><tr><td>Tuber\u00eda de transporte de pulpa<\/td><td>\/<\/td><td>\/<\/td><td>1 juego<\/td><\/tr><\/tbody><\/table><\/figure>    <h2 class=\"wp-block-heading\"><strong>Principio de funcionamiento de la m\u00e1quina despulpadora de papel.<\/strong><\/h2>    <p>El principio de funcionamiento es realmente muy simple. Debido a que se trata de un hidrapulper, utilice la alta velocidad para producir la fricci\u00f3n y luego rompa el papel hasta convertirlo en pulpa. <\/p>   <div class=\"wp-block-image\"> <figure class=\"aligncenter size-full\"><img loading=\"lazy\" decoding=\"async\" width=\"720\" height=\"540\" src=\"https:\/\/www.eggtray.org\/wp-content\/uploads\/2022\/08\/pulp-making-machine-manufacturer.webp\" alt=\"fabricante de m\u00e1quinas para fabricar pulpa\" class=\"wp-image-389\" title=\"\" srcset=\"https:\/\/www.eggtray.org\/wp-content\/uploads\/2022\/08\/pulp-making-machine-manufacturer.webp 720w, https:\/\/www.eggtray.org\/wp-content\/uploads\/2022\/08\/pulp-making-machine-manufacturer-300x225.webp 300w\" sizes=\"auto, (max-width: 720px) 100vw, 720px\" \/><figcaption>fabricante de m\u00e1quinas para fabricar pulpa<\/figcaption><\/figure> <\/div>   <h2 class=\"wp-block-heading\"><strong>Ventajas de la m\u00e1quina despulpadora de papel.<\/strong><\/h2>    <ol class=\"wp-block-list\"><li>Estructura simple, f\u00e1cil de usar y muy amigable para los usuarios.<\/li><li>La hidropulpadora es rentable y ofrece ventajas de precio.<\/li><li>Hay varios tipos disponibles, adecuados para producci\u00f3n a peque\u00f1a, mediana y gran escala. <\/li><\/ol>    <h2 class=\"wp-block-heading\"><strong>Par\u00e1metros t\u00e9cnicos de la m\u00e1quina despulpadora de papel.<\/strong><\/h2>    <figure class=\"wp-block-table\"><table><tbody><tr><td>Modelo<\/td><td>Potencia (kW)<\/td><td>Volumen (m\u00b3)<\/td><td>Tama\u00f1o (mm)<\/td><td>Capacidad (kg\/una vez)<\/td><\/tr><tr><td>SL-1.0<\/td><td>7.5<\/td><td>1.2<\/td><td>1400*1200*1400<\/td><td>300<\/td><\/tr><tr><td>SL-2.0<\/td><td>11<\/td><td>2.0<\/td><td>1550*1500*1400<\/td><td>400<\/td><\/tr><tr><td>SL-4.5<\/td><td>22<\/td><td>4.5<\/td><td>2200*2200*2600<\/td><td>600<\/td><\/tr><\/tbody><\/table><\/figure>","protected":false},"excerpt":{"rendered":"<p>A paper pulping machine is a machine that crushes various raw materials into pulp. In Shuliy Machinery, it mainly crushes various kinds of paper to make pulp for the next step of forming. For investing in the production of various paper trays, it is essential to purchase a suitable pulp making machine. What is a [&hellip;]<\/p>\n","protected":false},"author":1,"featured_media":333,"parent":0,"template":"","tags":[53,54,52,14],"product-type":[6],"class_list":["post-327","product","type-product","status-publish","has-post-thumbnail","hentry","tag-egg-tray-pulper","tag-egg-tray-pulping-system","tag-paper-pulping-machine","tag-pulp-making-machine","product-type-auxiliary-equipment"],"_links":{"self":[{"href":"https:\/\/www.eggtray.org\/es\/wp-json\/wp\/v2\/product\/327","targetHints":{"allow":["GET"]}}],"collection":[{"href":"https:\/\/www.eggtray.org\/es\/wp-json\/wp\/v2\/product"}],"about":[{"href":"https:\/\/www.eggtray.org\/es\/wp-json\/wp\/v2\/types\/product"}],"author":[{"embeddable":true,"href":"https:\/\/www.eggtray.org\/es\/wp-json\/wp\/v2\/users\/1"}],"wp:featuredmedia":[{"embeddable":true,"href":"https:\/\/www.eggtray.org\/es\/wp-json\/wp\/v2\/media\/333"}],"wp:attachment":[{"href":"https:\/\/www.eggtray.org\/es\/wp-json\/wp\/v2\/media?parent=327"}],"wp:term":[{"taxonomy":"post_tag","embeddable":true,"href":"https:\/\/www.eggtray.org\/es\/wp-json\/wp\/v2\/tags?post=327"},{"taxonomy":"product-type","embeddable":true,"href":"https:\/\/www.eggtray.org\/es\/wp-json\/wp\/v2\/product-type?post=327"}],"curies":[{"name":"wp","href":"https:\/\/api.w.org\/{rel}","templated":true}]}}