{"id":334,"date":"2022-08-12T09:22:57","date_gmt":"2022-08-12T09:22:57","guid":{"rendered":"https:\/\/www.eggtray.org\/?post_type=product&#038;p=334"},"modified":"2025-12-18T15:06:45","modified_gmt":"2025-12-18T07:06:45","slug":"egg-tray-dryer","status":"publish","type":"product","link":"https:\/\/www.eggtray.org\/es\/product\/egg-tray-dryer\/","title":{"rendered":"Secadora de bandejas de huevos"},"content":{"rendered":"<p>El secador de bandejas de huevos sirve principalmente para secar la bandeja de huevos h\u00fameda. Desempe\u00f1a un papel activo en el proceso de fabricaci\u00f3n y producci\u00f3n de bandejas de huevos. Este paso es la m\u00e1quina que permite al comprador acelerar el uso de la bandeja de huevos. Esta m\u00e1quina es un paso indispensable si est\u00e1s interesado en las bandejas de huevos de papel. \u00a1Por favor ll\u00e1menos para m\u00e1s informaci\u00f3n!<\/p>    <h2 class=\"wp-block-heading\" id=\"h-what-is-the-egg-tray-dryer\"><strong>\u00bfQu\u00e9 es el secador de bandejas de huevos?<\/strong><\/h2>    <p class=\"translation-block\">La m\u00e1quina secadora de bandejas de huevos es tambi\u00e9n el sistema secador de bandejas de huevos en el <a href=\"https:\/\/www.eggtray.org\/es\/product\/egg-tray-production-line-egg-tray-machine\/\" target=\"_blank\" rel=\"noreferrer noopener\">proceso de fabricaci\u00f3n de bandejas de huevos<\/a>. Su funci\u00f3n es secar las bandejas de papel h\u00famedas. En la l\u00ednea de producci\u00f3n de Shuliy Machinery, el m\u00e9todo de secado tambi\u00e9n es diferente y se seleccionar\u00e1 seg\u00fan la escala de producci\u00f3n. Si desea saber m\u00e1s, bienvenido a leer el contenido.<\/p>    <h2 class=\"wp-block-heading\"><strong>Tipo 1: el secado natural <\/strong><\/h2>    <p class=\"translation-block\">Secado natural, como su nombre indica, consiste en secar las bandejas h\u00famedas poni\u00e9ndolas al sol y sec\u00e1ndolas con el poder de la naturaleza. Es un tipo totalmente manual. Esto es rentable pero solo adecuado para producci\u00f3n a peque\u00f1a escala. Como la <a href=\"https:\/\/www.eggtray.org\/es\/product\/egg-tray-making-machine\/\" target=\"_blank\" rel=\"noreferrer noopener\">m\u00e1quina para bandejas de huevos<\/a> de 1000 unidades por hora o 1500 unidades por hora.<\/p>    <div class=\"wp-block-group\"><div class=\"wp-block-group__inner-container is-layout-flow wp-block-group-is-layout-flow\"> <p>Adem\u00e1s, este tipo de secador de bandejas de huevos tambi\u00e9n se puede utilizar para apuntalar la bandeja de huevos con un soporte, que se puede colocar bajo el sol o en un espacio cerrado para secarla.<\/p> <\/div><\/div>    <figure class=\"wp-block-gallery aligncenter has-nested-images columns-default is-cropped wp-block-gallery-2 is-layout-flex wp-block-gallery-is-layout-flex\"> <figure class=\"wp-block-image size-large\"><img loading=\"lazy\" decoding=\"async\" width=\"720\" height=\"540\" data-id=\"338\" src=\"https:\/\/www.eggtray.org\/wp-content\/uploads\/2022\/08\/drying-in-the-sun.webp\" alt=\"secarse al sol\" class=\"wp-image-338\" title=\"\" srcset=\"https:\/\/www.eggtray.org\/wp-content\/uploads\/2022\/08\/drying-in-the-sun.webp 720w, https:\/\/www.eggtray.org\/wp-content\/uploads\/2022\/08\/drying-in-the-sun-300x225.webp 300w\" sizes=\"auto, (max-width: 720px) 100vw, 720px\" \/><figcaption class=\"wp-element-caption\">Secar al sol<\/figcaption><\/figure>    <figure class=\"wp-block-image size-large\"><img loading=\"lazy\" decoding=\"async\" width=\"720\" height=\"540\" data-id=\"337\" src=\"https:\/\/www.eggtray.org\/wp-content\/uploads\/2022\/08\/trolley-the-container.webp\" alt=\"carro y el contenedor\" class=\"wp-image-337\" title=\"\" srcset=\"https:\/\/www.eggtray.org\/wp-content\/uploads\/2022\/08\/trolley-the-container.webp 720w, https:\/\/www.eggtray.org\/wp-content\/uploads\/2022\/08\/trolley-the-container-300x225.webp 300w\" sizes=\"auto, (max-width: 720px) 100vw, 720px\" \/><figcaption class=\"wp-element-caption\">Carro y amplificador; El contenedor<\/figcaption><\/figure> <\/figure>    <div class=\"wp-block-columns is-layout-flex wp-container-core-columns-is-layout-9d6595d7 wp-block-columns-is-layout-flex\"> <div class=\"wp-block-column is-layout-flow wp-block-column-is-layout-flow\"> <h3 class=\"wp-block-heading\"><strong>Caracter\u00edsticas del secado natural.<\/strong><\/h3>    <ul class=\"wp-block-list\"> <li>Econ\u00f3mico y rentable, ahorre dinero secando con el poder de la luz solar.<\/li>    <li>Adecuado para producci\u00f3n a peque\u00f1a escala. Como se seca de forma natural, necesita ayuda manual. Si la escala de producci\u00f3n es demasiado grande, la mano de obra es un poco abrumadora.<\/li>    <li>Afectado por el clima. Debido a que el secado al sol es natural, el clima es crucial.<\/li>    <li>Gran espacio. Debe haber suficiente espacio para el secado natural.<\/li>    <li>Largo tiempo. En comparaci\u00f3n, el secado natural lleva m\u00e1s tiempo.<\/li> <\/ul> <\/div> <\/div>    <h3 class=\"wp-block-heading\"><strong>M\u00e1quina de bandejas de huevos recomendada para el secado natural. <\/strong><\/h3>    <figure class=\"wp-block-table\"><table><tbody><tr><td>Modelo<\/td><td>Capacidad<\/td><td>Consumo de papel<\/td><td>Consumo de agua<\/td><td>Energ\u00eda utilizada<\/td><td>Obrero<\/td><\/tr><tr><td>SL-3*1<\/td><td>1000-1500 unidades\/h<\/td><td>120kg\/hora<\/td><td>300kg\/h<\/td><td>32kW\/h<\/td><td>3-4<\/td><\/tr><tr><td>SL-4*1<\/td><td>1500-2000PCS\/h<\/td><td>160kg\/hora<\/td><td>380kg\/h<\/td><td>45kW\/h<\/td><td>3-4<\/td><\/tr><tr><td>SL-3*4<\/td><td>2000-2500 piezas\/h<\/td><td>200kg\/h<\/td><td>450kg\/h<\/td><td>58 kWh<\/td><td>4-5<\/td><\/tr><\/tbody><\/table><\/figure>    <h2 class=\"wp-block-heading\"><strong>Tipo 2: l\u00ednea de secado en horno de ladrillos<\/strong><\/h2>    <p>Este tipo de secadora de bandejas de huevos es mucho m\u00e1s r\u00e1pida y utiliza la temperatura para secar cuando se calienta en el horno de borde. Es de tipo semiautom\u00e1tico. Es adecuado para la producci\u00f3n de m\u00e1quinas de tama\u00f1o mediano a grande. Este m\u00e9todo de secado es m\u00e1s eficaz que el primero y m\u00e1s econ\u00f3mico que el tercero. S\u00f3lo se necesitan unos minutos para secar las bandejas.<\/p>   <div class=\"wp-block-image\"> <figure class=\"aligncenter size-full\"><img loading=\"lazy\" decoding=\"async\" width=\"720\" height=\"540\" src=\"https:\/\/www.eggtray.org\/wp-content\/uploads\/2022\/08\/brick-kiln-drying.webp\" alt=\"secado en horno de ladrillos \" class=\"wp-image-347\" title=\"\" srcset=\"https:\/\/www.eggtray.org\/wp-content\/uploads\/2022\/08\/brick-kiln-drying.webp 720w, https:\/\/www.eggtray.org\/wp-content\/uploads\/2022\/08\/brick-kiln-drying-300x225.webp 300w\" sizes=\"auto, (max-width: 720px) 100vw, 720px\" \/><figcaption class=\"wp-element-caption\">secado en horno de ladrillos <\/figcaption><\/figure> <\/div>   <h3 class=\"wp-block-heading\"><strong>Caracter\u00edsticas del secado al horno de ladrillos.<\/strong><\/h3>    <ul class=\"wp-block-list\"> <li>Ahorre tiempo y esfuerzo y seque las bandejas de papel en minutos.<\/li>    <li>Grado semiautom\u00e1tico. La cinta transportadora puede transferir bandejas, pero se requiere recogida manual.<\/li>    <li>Barato. Comparado con el secado de metales, el precio es econ\u00f3mico.<\/li>    <li>F\u00e1cil de mantener y larga vida \u00fatil. El horno de ladrillos dura m\u00e1s.<\/li>    <li>Ocupando el gran espacio. Los usuarios deben construir un horno de ladrillos con un dise\u00f1o de una sola capa y un \u00e1rea de al menos 30 metros cuadrados.<\/li> <\/ul>    <h3 class=\"wp-block-heading\">Par\u00e1metros de la m\u00e1quina de bandejas de huevos usada<\/h3>    <figure class=\"wp-block-table\"><table><tbody><tr><td>Modelo<\/td><td>Capacidad<\/td><td>Consumo de papel<\/td><td>Consumo de agua<\/td><td>Energ\u00eda utilizada<\/td><td>Obrero<\/td><\/tr><tr><td>SL-4*4<\/td><td>3000-3500 piezas\/h<\/td><td>280kg\/hora<\/td><td>560kg\/hora<\/td><td>78kWh<\/td><td>4-5<\/td><\/tr><tr><td>SL-4*8<\/td><td>4000 piezas\/hora<\/td><td>320kg\/h<\/td><td>600kg\/hora<\/td><td>80kW\/h<\/td><td>5-6<\/td><\/tr><tr><td>SL-5*8<\/td><td>5000 piezas\/hora<\/td><td>400kg\/h<\/td><td>750kg\/hora<\/td><td>85kW\/h<\/td><td>3-4<\/td><\/tr><tr><td>SL-5*12<\/td><td>6000 piezas\/hora<\/td><td>480kg\/h<\/td><td>900kg\/hora<\/td><td>90kW\/h<\/td><td>3-4<\/td><\/tr><tr><td>SL-6*12<\/td><td>8000 piezas\/hora<\/td><td>640kg\/hora<\/td><td>1040kg\/hora<\/td><td>100 kWh<\/td><td>3-4<\/td><\/tr><\/tbody><\/table><\/figure>    <h2 class=\"wp-block-heading\"><strong>Tipo 3: Secadora de bandejas de huevos de metal<\/strong><\/h2>    <p>El secador de metal es un sistema de secado de bandejas de huevos totalmente automatizado con m\u00faltiples capas, seg\u00fan la escala de producci\u00f3n. En funci\u00f3n de la rentabilidad, se recomienda utilizar este tipo de secado junto con la producci\u00f3n en masa para maximizar sus beneficios. \u00a1Esperamos su consulta!<\/p>   <div class=\"wp-block-image\"> <figure class=\"aligncenter size-full\"><img loading=\"lazy\" decoding=\"async\" width=\"720\" height=\"540\" src=\"https:\/\/www.eggtray.org\/wp-content\/uploads\/2022\/08\/metal-multiple-layer-egg-tray-dryer.webp\" alt=\"Secador de bandeja de huevos de m\u00faltiples capas de metal\" class=\"wp-image-344\" title=\"\" srcset=\"https:\/\/www.eggtray.org\/wp-content\/uploads\/2022\/08\/metal-multiple-layer-egg-tray-dryer.webp 720w, https:\/\/www.eggtray.org\/wp-content\/uploads\/2022\/08\/metal-multiple-layer-egg-tray-dryer-300x225.webp 300w\" sizes=\"auto, (max-width: 720px) 100vw, 720px\" \/><figcaption class=\"wp-element-caption\">Secador de bandeja de huevos de m\u00faltiples capas de metal <\/figcaption><\/figure> <\/div>   <h3 class=\"wp-block-heading\"><strong>Lo m\u00e1s destacado del secador de bandejas para huevos<\/strong><\/h3>    <ul class=\"wp-block-list\"> <li>Un alto grado de automatizaci\u00f3n. Este tipo de secado es el m\u00e1s automatizado de los tres, ahorrando mano de obra.<\/li>    <li>Como combustible para calentar la m\u00e1quina se puede utilizar gas natural, electricidad, vapor y fueloil.<\/li>    <li>\u00c1rea grande. Debido a que la m\u00e1quina es multicapa, cubre un \u00e1rea amplia.<\/li>    <li>Un alto grado de aplicabilidad. Independientemente del tama\u00f1o de la escala de producci\u00f3n, es posible utilizar el secado multicapa de metal.<\/li>    <li>Caro. Alto coste de la m\u00e1quina y gran inversi\u00f3n en la inversi\u00f3n inicial.<\/li> <\/ul>    <h3 class=\"wp-block-heading\"><strong>Especificaciones de la m\u00e1quina para bandejas de huevos sugerida.<\/strong><\/h3>    <figure class=\"wp-block-table\"><table><tbody><tr><td>Modelo<\/td><td>Capacidad<\/td><td>Consumo de papel<\/td><td>Consumo de agua<\/td><td>Energ\u00eda utilizada<\/td><td>Obrero<\/td><\/tr><tr><td>SL-4*4<\/td><td>3000-3500 piezas\/h<\/td><td>280kg\/hora<\/td><td>560kg\/hora<\/td><td>78kWh<\/td><td>4-5<\/td><\/tr><tr><td>SL-4*8<\/td><td>4000 piezas\/hora<\/td><td>320kg\/h<\/td><td>600kg\/hora<\/td><td>80kW\/h<\/td><td>5-6<\/td><\/tr><tr><td>SL-5*8<\/td><td>5000 piezas\/hora<\/td><td>400kg\/h<\/td><td>750kg\/hora<\/td><td>85kW\/h<\/td><td>3-4<\/td><\/tr><tr><td>SL-5*12<\/td><td>6000 piezas\/hora<\/td><td>480kg\/h<\/td><td>900kg\/hora<\/td><td>90kW\/h<\/td><td>3-4<\/td><\/tr><tr><td>SL-6*12<\/td><td>8000 piezas\/hora<\/td><td>640kg\/hora<\/td><td>1040kg\/hora<\/td><td>100 kWh<\/td><td>3-4<\/td><\/tr><\/tbody><\/table><\/figure>    <h2 class=\"wp-block-heading\" id=\"h-how-to-choose-the-right-drying-method\"><strong>\u00bfC\u00f3mo elegir el m\u00e9todo de secado adecuado?<\/strong><\/h2>    <p>A lo largo de todo el art\u00edculo podemos saber que tenemos tres tipos de m\u00e9todos de secado, pero \u00bfc\u00f3mo elegir el m\u00e9todo de secado adecuado? Es necesario comprender los siguientes puntos.<\/p>    <ol class=\"wp-block-list\"> <li>La escala de producci\u00f3n. \u00bfCu\u00e1ntas bandejas de huevos quieres producir en una hora?<\/li>    <li>Nivel de automatizaci\u00f3n. Desea ser manual, semiautom\u00e1tico o completamente autom\u00e1tico, respectivamente, correspondiente a diferentes m\u00e9todos de secado.<\/li>    <li>Coste laboral. No importa qu\u00e9 m\u00e9todo de secado se utilice, se necesita mano de obra. Por tanto, tambi\u00e9n hay que tener en cuenta el coste de la mano de obra.<\/li>    <li>Espacio. El secado en hornos de ladrillos y el secado de metales requieren un gran espacio.<\/li>    <li>Presupuesto. \u00bfCu\u00e1nto dinero piensas invertir para realizar la inversi\u00f3n?<\/li> <\/ol>    <p>Nuestro gerente de ventas tambi\u00e9n personalizar\u00e1 una soluci\u00f3n razonable para usted de acuerdo con sus necesidades.<\/p>","protected":false},"excerpt":{"rendered":"<p>The egg tray dryer is mainly to dry the wet egg tray. It plays an active role in the process of egg tray manufacturing and production. This step is the machine that enables the buyer to speed up the use of the egg tray. This machine is an indispensable step if you are interested in [&hellip;]<\/p>\n","protected":false},"author":1,"featured_media":336,"parent":0,"template":"","tags":[40,37,38,39],"product-type":[6],"class_list":["post-334","product","type-product","status-publish","has-post-thumbnail","hentry","tag-brick-kilin-drying-method","tag-egg-tray-dryer","tag-egg-tray-drying-system","tag-metal-dryer","product-type-auxiliary-equipment"],"_links":{"self":[{"href":"https:\/\/www.eggtray.org\/es\/wp-json\/wp\/v2\/product\/334","targetHints":{"allow":["GET"]}}],"collection":[{"href":"https:\/\/www.eggtray.org\/es\/wp-json\/wp\/v2\/product"}],"about":[{"href":"https:\/\/www.eggtray.org\/es\/wp-json\/wp\/v2\/types\/product"}],"author":[{"embeddable":true,"href":"https:\/\/www.eggtray.org\/es\/wp-json\/wp\/v2\/users\/1"}],"wp:featuredmedia":[{"embeddable":true,"href":"https:\/\/www.eggtray.org\/es\/wp-json\/wp\/v2\/media\/336"}],"wp:attachment":[{"href":"https:\/\/www.eggtray.org\/es\/wp-json\/wp\/v2\/media?parent=334"}],"wp:term":[{"taxonomy":"post_tag","embeddable":true,"href":"https:\/\/www.eggtray.org\/es\/wp-json\/wp\/v2\/tags?post=334"},{"taxonomy":"product-type","embeddable":true,"href":"https:\/\/www.eggtray.org\/es\/wp-json\/wp\/v2\/product-type?post=334"}],"curies":[{"name":"wp","href":"https:\/\/api.w.org\/{rel}","templated":true}]}}