{"id":345,"date":"2022-08-15T07:34:09","date_gmt":"2022-08-15T07:34:09","guid":{"rendered":"https:\/\/www.eggtray.org\/?post_type=product&#038;p=345"},"modified":"2025-10-31T17:31:01","modified_gmt":"2025-10-31T09:31:01","slug":"hot-pressing-machine","status":"publish","type":"product","link":"https:\/\/www.eggtray.org\/es\/product\/hot-pressing-machine\/","title":{"rendered":"M\u00e1quina de prensado en caliente"},"content":{"rendered":"<p class=\"translation-block\">La m\u00e1quina de prensado en caliente funciona principalmente para prensar el cart\u00f3n\/caja seca para hacer que su superficie plana sea m\u00e1s ordenada y hermosa. El prop\u00f3sito principal es prensar en caliente cajas de papel. Por lo tanto, esta m\u00e1quina se utiliza principalmente en la <a href=\"https:\/\/www.eggtray.org\/es\/product\/egg-carton-production-line-egg-carton-machine\/\" target=\"_blank\" rel=\"noreferrer noopener\">l\u00ednea de producci\u00f3n de cartones de huevo<\/a>, generalmente como una m\u00e1quina auxiliar. Pero realmente es una parte esencial.<\/p>    <h2 class=\"wp-block-heading\"><strong>Aplicaciones de la m\u00e1quina formadora en caliente de cart\u00f3n de huevos<\/strong><\/h2>    <p class=\"translation-block\">Esta m\u00e1quina de prensado en caliente se utiliza para prensar en caliente varios tipos de productos en caja. As\u00ed que esta m\u00e1quina puede ser utilizada para todo tipo de productos en caja. Como <a href=\"https:\/\/www.eggtray.org\/es\/product\/apple-tray-making-machine\/\" target=\"_blank\" rel=\"noreferrer noopener\">bandeja de manzana<\/a>, <a href=\"https:\/\/www.eggtray.org\/es\/product\/quail-egg-tray-making-machine\/\" target=\"_blank\" rel=\"noreferrer noopener\">bandeja para huevos de codorniz<\/a>, cart\u00f3n de huevo, bandeja de vino, etc. Siempre que el tipo de caja pueda usar esta m\u00e1quina.<\/p>   <div class=\"wp-block-image\"> <figure class=\"aligncenter size-full\"><img loading=\"lazy\" decoding=\"async\" width=\"560\" height=\"400\" src=\"https:\/\/www.eggtray.org\/wp-content\/uploads\/2022\/08\/pulp-paper-trays.webp\" alt=\"bandejas de papel de pulpa\" class=\"wp-image-309\" title=\"\" srcset=\"https:\/\/www.eggtray.org\/wp-content\/uploads\/2022\/08\/pulp-paper-trays.webp 560w, https:\/\/www.eggtray.org\/wp-content\/uploads\/2022\/08\/pulp-paper-trays-300x214.webp 300w\" sizes=\"auto, (max-width: 560px) 100vw, 560px\" \/><figcaption>bandejas de papel de pulpa<\/figcaption><\/figure> <\/div>   <h2 class=\"wp-block-heading\"><strong>Beneficios de utilizar la m\u00e1quina de prensado en caliente<\/strong><\/h2>    <ol class=\"wp-block-list\"><li>Los cartones de huevos son m\u00e1s bonitos y ordenados. La apariencia del cart\u00f3n de huevos despu\u00e9s del prensado en caliente es m\u00e1s atractiva.<\/li><li>Aumento de ventas. Ya sea que se vendan solos o junto con huevos, son m\u00e1s atractivos.<\/li><li><a href=\"https:\/\/www.eggtray.org\/es\/product\/egg-carton-production-line-egg-carton-machine\/\" target=\"_blank\" rel=\"noreferrer noopener\">L\u00ednea completa de fabricaci\u00f3n de cartones de huevos.<\/a>. Es necesario utilizar una prensa caliente para cajas.<\/li><\/ol>   <div class=\"wp-block-image\"> <figure class=\"aligncenter size-full\"><img loading=\"lazy\" decoding=\"async\" width=\"720\" height=\"540\" src=\"https:\/\/www.eggtray.org\/wp-content\/uploads\/2022\/08\/hot-press-shaping-machine.webp\" alt=\"m\u00e1quina formadora de prensa caliente\" class=\"wp-image-241\" title=\"\" srcset=\"https:\/\/www.eggtray.org\/wp-content\/uploads\/2022\/08\/hot-press-shaping-machine.webp 720w, https:\/\/www.eggtray.org\/wp-content\/uploads\/2022\/08\/hot-press-shaping-machine-300x225.webp 300w\" sizes=\"auto, (max-width: 720px) 100vw, 720px\" \/><figcaption>m\u00e1quina formadora de prensa caliente<\/figcaption><\/figure> <\/div>   <h2 class=\"wp-block-heading\" id=\"h-why-choose-shuliy-machinery\"><strong>\u00bfPor qu\u00e9 elegir Shuliy Machinery?<\/strong><\/h2>    <p class=\"translation-block\">Hay tantas empresas en el mercado, \u00bfpor qu\u00e9 elegir Shuliy Machinery como su <a href=\"https:\/\/en.wikipedia.org\/wiki\/Manufacturing\" target=\"_blank\" rel=\"noreferrer noopener\">proveedor<\/a>? Hay los siguientes puntos para su consideraci\u00f3n.<\/p>    <ul class=\"wp-block-list\"><li>M\u00e1quinas completas. Debido a la fabricaci\u00f3n y comercializaci\u00f3n integradas, tenemos muchos tipos de m\u00e1quinas para bandejas de huevos relevantes. Tales como el <a href=\"https:\/\/www.eggtray.org\/es\/product\/egg-tray-dryer\/\" target=\"_blank\" rel=\"noreferrer noopener\">secadora de bandejas de huevos<\/a>, <a href=\"https:\/\/www.eggtray.org\/es\/product\/egg-carton-making-machine\/\" target=\"_blank\" rel=\"noreferrer noopener\">m\u00e1quina para fabricar cajas de huevos<\/a>, m\u00e1quina para fabricar pulpa, m\u00e1quina prensadora en caliente, m\u00e1quina empacadora, etc. Puedes comprar lo que quieras de inmediato. <\/li><li>Servicio profesional. Al ser el fabricante y proveedor l\u00edder, tenemos el conocimiento y la actitud profesionales para ofrecer las mejores soluciones.<\/li><li>Excelente servicio postventa. Tambi\u00e9n brindamos un excelente servicio postventa para ayudar a los clientes a obtener los mejores servicios.<\/li><\/ul>   <div class=\"wp-block-image\"> <figure class=\"aligncenter size-full\"><img loading=\"lazy\" decoding=\"async\" width=\"720\" height=\"540\" src=\"https:\/\/www.eggtray.org\/wp-content\/uploads\/2022\/08\/working-scene-of-the-hot-pressing-machine.webp\" alt=\"escena de trabajo de la m\u00e1quina de prensado en caliente\" class=\"wp-image-386\" title=\"\" srcset=\"https:\/\/www.eggtray.org\/wp-content\/uploads\/2022\/08\/working-scene-of-the-hot-pressing-machine.webp 720w, https:\/\/www.eggtray.org\/wp-content\/uploads\/2022\/08\/working-scene-of-the-hot-pressing-machine-300x225.webp 300w\" sizes=\"auto, (max-width: 720px) 100vw, 720px\" \/><figcaption>escena de trabajo de la m\u00e1quina de prensado en caliente<\/figcaption><\/figure> <\/div>   <h2 class=\"wp-block-heading\" id=\"h-technical-parameters-of-the-hot-press-shaping-machine-for-the-egg-carton\"><strong>Par\u00e1metros t\u00e9cnicos del conformado por prensa en caliente.<\/strong> <strong>m\u00e1quina para el cart\u00f3n de huevos<\/strong><\/h2>    <figure class=\"wp-block-table\"><table><tbody><tr><td>Nombre de la m\u00e1quina<\/td><td>M\u00e1quina de prensado en caliente<\/td><\/tr><tr><td>Dimensi\u00f3n<\/td><td>1200*800*1800mm<\/td><\/tr><tr><td>Presi\u00f3n laboral<\/td><td>15 toneladas<\/td><\/tr><tr><td>Fuerza<\/td><td>6,5kW<\/td><\/tr><tr><td>Temperatura de trabajo<\/td><td>160~200\u2103<\/td><\/tr><tr><td>tiempo del ciclo de trabajo<\/td><td>6-10 segundos<\/td><\/tr><tr><td>Se requiere aire comprimido<\/td><td>0,5~0,6MPa, 1M3\/minuto;<\/td><\/tr><tr><td>Control<\/td><td>control PLC<\/td><\/tr><\/tbody><\/table><\/figure>","protected":false},"excerpt":{"rendered":"<p>The hot pressing machine mainly functions to press the dried carton\/crate to make its flat surface more neat and beautiful. The main purpose is to heat press paper boxes. Therefore, this machine is mostly used in the egg carton manufacturing production line, usually as an auxiliary machine. But it is really an essential part. Applications [&hellip;]<\/p>\n","protected":false},"author":1,"featured_media":348,"parent":0,"template":"","tags":[42,20,43,41,13],"product-type":[6],"class_list":["post-345","product","type-product","status-publish","has-post-thumbnail","hentry","tag-egg-carton-press-machine","tag-egg-carton-production-line","tag-egg-crate-hot-press","tag-hot-press","tag-hot-pressing-machine","product-type-auxiliary-equipment"],"_links":{"self":[{"href":"https:\/\/www.eggtray.org\/es\/wp-json\/wp\/v2\/product\/345","targetHints":{"allow":["GET"]}}],"collection":[{"href":"https:\/\/www.eggtray.org\/es\/wp-json\/wp\/v2\/product"}],"about":[{"href":"https:\/\/www.eggtray.org\/es\/wp-json\/wp\/v2\/types\/product"}],"author":[{"embeddable":true,"href":"https:\/\/www.eggtray.org\/es\/wp-json\/wp\/v2\/users\/1"}],"wp:featuredmedia":[{"embeddable":true,"href":"https:\/\/www.eggtray.org\/es\/wp-json\/wp\/v2\/media\/348"}],"wp:attachment":[{"href":"https:\/\/www.eggtray.org\/es\/wp-json\/wp\/v2\/media?parent=345"}],"wp:term":[{"taxonomy":"post_tag","embeddable":true,"href":"https:\/\/www.eggtray.org\/es\/wp-json\/wp\/v2\/tags?post=345"},{"taxonomy":"product-type","embeddable":true,"href":"https:\/\/www.eggtray.org\/es\/wp-json\/wp\/v2\/product-type?post=345"}],"curies":[{"name":"wp","href":"https:\/\/api.w.org\/{rel}","templated":true}]}}