{"id":353,"date":"2022-08-15T08:58:14","date_gmt":"2022-08-15T08:58:14","guid":{"rendered":"https:\/\/www.eggtray.org\/?post_type=product&#038;p=353"},"modified":"2025-10-31T17:28:49","modified_gmt":"2025-10-31T09:28:49","slug":"egg-tray-packing-machine","status":"publish","type":"product","link":"https:\/\/www.eggtray.org\/es\/product\/egg-tray-packing-machine\/","title":{"rendered":"M\u00e1quina empacadora de bandejas de huevos"},"content":{"rendered":"<p class=\"translation-block\">Esta m\u00e1quina empacadora de bandejas de huevos se utiliza principalmente para el \u00faltimo paso de la <a href=\"https:\/\/www.eggtray.org\/es\/products\/production-line\/\" target=\"_blank\" rel=\"noreferrer noopener\">l\u00ednea de producci\u00f3n completa de bandejas de papel<\/a>, para enfardar varias bandejas de papel. Despu\u00e9s de empacar, las bandejas quedan m\u00e1s ordenadas. Esto es necesario para el almacenamiento y el transporte. Para el almacenamiento, puede ahorrar espacio y almacenar m\u00e1s bandejas de huevos. Para el <a href=\"https:\/\/en.wikipedia.org\/wiki\/Transport\" target=\"_blank\" rel=\"noreferrer noopener\">transporte<\/a>, es posible realizar un mejor transporte.<\/p>    <h2 class=\"wp-block-heading\"><strong>Aplicaciones de la empacadora de bandejas de huevos<\/strong><\/h2>    <p class=\"translation-block\">Esta m\u00e1quina empacadora de bandejas de huevos se utiliza como m\u00e1quina auxiliar en la l\u00ednea de producci\u00f3n de bandejas de huevos. Se utiliza para empacar varias bandejas despu\u00e9s del secado. Principalmente empaquetado autom\u00e1tico. Las bandejas que se pueden empacar son <a href=\"https:\/\/www.eggtray.org\/es\/product\/egg-tray-making-machine\/\" target=\"_blank\" rel=\"noreferrer noopener\">bandejas de huevos<\/a>, bandejas de manzanas, bandejas de vino, bandejas de vivero, bandejas m\u00e9dicas, <a href=\"https:\/\/www.eggtray.org\/es\/product\/quail-egg-tray-making-machine\/\" target=\"_blank\" rel=\"noreferrer noopener\">bandejas para huevos de codorniz<\/a>, etc. No dude en contactarnos para obtener m\u00e1s informaci\u00f3n.<\/p>   <div class=\"wp-block-image\"> <figure class=\"aligncenter size-full\"><img loading=\"lazy\" decoding=\"async\" width=\"720\" height=\"540\" src=\"https:\/\/www.eggtray.org\/wp-content\/uploads\/2022\/08\/packed-egg-trays.webp\" alt=\"bandejas de huevos envasados \" class=\"wp-image-385\" title=\"\" srcset=\"https:\/\/www.eggtray.org\/wp-content\/uploads\/2022\/08\/packed-egg-trays.webp 720w, https:\/\/www.eggtray.org\/wp-content\/uploads\/2022\/08\/packed-egg-trays-300x225.webp 300w\" sizes=\"auto, (max-width: 720px) 100vw, 720px\" \/><figcaption>bandejas de huevos envasados <\/figcaption><\/figure> <\/div>   <h2 class=\"wp-block-heading\"><strong>Ventajas de utilizar la m\u00e1quina envasadora de bandejas de papel<\/strong><\/h2>    <ol class=\"wp-block-list\"><li>Una l\u00ednea completa de producci\u00f3n de bandejas para huevos. Toda la l\u00ednea est\u00e1 completa y tiene una producci\u00f3n r\u00e1pida. Mejora mucho la producci\u00f3n.<\/li><li>Ahorra espacio de almacenamiento y transporte. Gracias al apilamiento, las bandejas de papel ocupan menos espacio y puedes almacenar y entregar m\u00e1s.<\/li><li>Alta automatizaci\u00f3n. En la l\u00ednea de producci\u00f3n, desde <a href=\"https:\/\/www.eggtray.org\/es\/product\/paper-pulping-machine\/\" target=\"_blank\" rel=\"noreferrer noopener\">despulpar<\/a>, formado, secado y prensado en caliente para enfardar, logra un alto grado de automatizaci\u00f3n.<\/li><\/ol>    <figure class=\"wp-block-gallery aligncenter has-nested-images columns-default is-cropped wp-block-gallery-2 is-layout-flex wp-block-gallery-is-layout-flex\"> <figure class=\"wp-block-image size-large\"><img loading=\"lazy\" decoding=\"async\" width=\"540\" height=\"720\" data-id=\"383\" src=\"https:\/\/www.eggtray.org\/wp-content\/uploads\/2022\/08\/automatic-egg-tray-baling-machine.webp\" alt=\"empacadora-autom\u00e1tica-de-bandejas-de-huevos\" class=\"wp-image-383\" title=\"\" srcset=\"https:\/\/www.eggtray.org\/wp-content\/uploads\/2022\/08\/automatic-egg-tray-baling-machine.webp 540w, https:\/\/www.eggtray.org\/wp-content\/uploads\/2022\/08\/automatic-egg-tray-baling-machine-225x300.webp 225w\" sizes=\"auto, (max-width: 540px) 100vw, 540px\" \/><figcaption>M\u00e1quina empacadora autom\u00e1tica de bandejas de huevos<\/figcaption><\/figure>    <figure class=\"wp-block-image size-large\"><img loading=\"lazy\" decoding=\"async\" width=\"540\" height=\"720\" data-id=\"384\" src=\"https:\/\/www.eggtray.org\/wp-content\/uploads\/2022\/08\/baling-machine-for-egg-trays.webp\" alt=\"empacadora-para-bandejas-de-huevos\" class=\"wp-image-384\" title=\"\" srcset=\"https:\/\/www.eggtray.org\/wp-content\/uploads\/2022\/08\/baling-machine-for-egg-trays.webp 540w, https:\/\/www.eggtray.org\/wp-content\/uploads\/2022\/08\/baling-machine-for-egg-trays-225x300.webp 225w\" sizes=\"auto, (max-width: 540px) 100vw, 540px\" \/><figcaption>M\u00e1quina empacadora para bandejas de huevos<\/figcaption><\/figure> <\/figure>    <h2 class=\"wp-block-heading\"><strong>Servicios ofrecidos por Shuliy Machinery<\/strong><\/h2>    <ol class=\"wp-block-list\"><li>Personalizaci\u00f3n. No solo se puede personalizar la m\u00e1quina empacadora de bandejas de huevos, sino tambi\u00e9n la m\u00e1quina para fabricar bandejas de huevos.<\/li><li>Servicio postventa. Despu\u00e9s de recibir las m\u00e1quinas correspondientes, el servicio postventa tambi\u00e9n es importante. Puede ayudar a los clientes a utilizar r\u00e1pidamente la m\u00e1quina y obtener sus intereses.<\/li><li>Servicio todo el d\u00eda. No importa la hora del d\u00eda, siempre podr\u00e1 comunicarse con nosotros en la primera oportunidad.<\/li><li>Varios tipos de m\u00e1quinas. No importa qu\u00e9 tipo de m\u00e1quina desee comprar, podemos elegirla por usted la primera vez.<\/li><\/ol>    <h2 class=\"wp-block-heading\" id=\"h-specifications-of-the-egg-tray-packing-machine\"><strong>Especificaciones de la m\u00e1quina empacadora de bandejas de huevos.<\/strong><\/h2>    <figure class=\"wp-block-table\"><table><tbody><tr><td>Nombre de la m\u00e1quina<\/td><td>Empacadora para bandeja de huevos<\/td><\/tr><tr><td>Fuente de alimentaci\u00f3n<\/td><td>Neum\u00e1tico<\/td><\/tr><tr><td>Tipo de automatizaci\u00f3n<\/td><td>Automatizaci\u00f3n<\/td><\/tr><tr><td>Color de la m\u00e1quina<\/td><td>Personalizaci\u00f3n<\/td><\/tr><tr><td>Aplicaciones<\/td><td>Diversas bandejas de papel, como bandejas para huevos, bandejas para manzanas, bandejas para huevos de codorniz, etc.<\/td><\/tr><tr><td>Funciones<\/td><td>Paquete<\/td><\/tr><\/tbody><\/table><\/figure>","protected":false},"excerpt":{"rendered":"<p>This egg tray packing machine is mainly used for the last step of the complete paper tray production line, for baling various paper trays. After packing, the trays are more neatly. This is necessary for storage and transportation. For storage, it can save space and store more egg trays. For transportation, it is possible to [&hellip;]<\/p>\n","protected":false},"author":1,"featured_media":355,"parent":0,"template":"","tags":[10,44,45],"product-type":[6],"class_list":["post-353","product","type-product","status-publish","has-post-thumbnail","hentry","tag-egg-tray-machine","tag-egg-tray-packing-machine","tag-egg-tray-stacker","product-type-auxiliary-equipment"],"_links":{"self":[{"href":"https:\/\/www.eggtray.org\/es\/wp-json\/wp\/v2\/product\/353","targetHints":{"allow":["GET"]}}],"collection":[{"href":"https:\/\/www.eggtray.org\/es\/wp-json\/wp\/v2\/product"}],"about":[{"href":"https:\/\/www.eggtray.org\/es\/wp-json\/wp\/v2\/types\/product"}],"author":[{"embeddable":true,"href":"https:\/\/www.eggtray.org\/es\/wp-json\/wp\/v2\/users\/1"}],"wp:featuredmedia":[{"embeddable":true,"href":"https:\/\/www.eggtray.org\/es\/wp-json\/wp\/v2\/media\/355"}],"wp:attachment":[{"href":"https:\/\/www.eggtray.org\/es\/wp-json\/wp\/v2\/media?parent=353"}],"wp:term":[{"taxonomy":"post_tag","embeddable":true,"href":"https:\/\/www.eggtray.org\/es\/wp-json\/wp\/v2\/tags?post=353"},{"taxonomy":"product-type","embeddable":true,"href":"https:\/\/www.eggtray.org\/es\/wp-json\/wp\/v2\/product-type?post=353"}],"curies":[{"name":"wp","href":"https:\/\/api.w.org\/{rel}","templated":true}]}}