{"id":512,"date":"2022-11-10T13:48:29","date_gmt":"2022-11-10T05:48:29","guid":{"rendered":"https:\/\/www.eggtray.org\/?post_type=product&#038;p=512"},"modified":"2025-10-30T11:45:09","modified_gmt":"2025-10-30T03:45:09","slug":"1000-1500pcs-pulp-egg-tray-making-machine","status":"publish","type":"product","link":"https:\/\/www.eggtray.org\/es\/product\/1000-1500pcs-pulp-egg-tray-making-machine\/","title":{"rendered":"M\u00e1quina para fabricar bandejas de huevos de pulpa 1000-1500PCS\/H"},"content":{"rendered":"<p class=\"translation-block\">La <strong>m\u00e1quina para fabricar bandejas de huevos de pulpa<\/strong> de 1000-1500 unidades\/h es una producci\u00f3n de bandejas de huevos rotativas a peque\u00f1a escala, muy adecuada para peque\u00f1as empresas o empresas emergentes. <\/p>    <p>Para los inversores, esta peque\u00f1a m\u00e1quina para bandejas de huevos puede reducir el riesgo de inversi\u00f3n y generar ganancias al mismo tiempo, lo que la convierte en una m\u00e1quina muy pr\u00e1ctica.<\/p>    <figure class=\"wp-block-embed is-type-video is-provider-youtube wp-block-embed-youtube wp-embed-aspect-16-9 wp-has-aspect-ratio\"><div class=\"wp-block-embed__wrapper\"> <iframe loading=\"lazy\" title=\"m\u00e1quina para fabricar bandejas de huevos 1000pcs\/h para bandejas de papel | \u00bfC\u00f3mo funciona la m\u00e1quina moldeadora de bandejas de papel?\" width=\"500\" height=\"281\" src=\"https:\/\/www.youtube.com\/embed\/ZTEkNhmunNg?feature=oembed\" frameborder=\"0\" allow=\"accelerometer; autoplay; clipboard-write; encrypted-media; gyroscope; picture-in-picture; web-share\" referrerpolicy=\"strict-origin-when-cross-origin\" allowfullscreen><\/iframe> <\/div><figcaption class=\"wp-element-caption\">Video de una peque\u00f1a m\u00e1quina de bandejas de huevos para empresas emergentes.<\/figcaption><\/figure>    <h2 class=\"wp-block-heading\"><strong>Materias primas disponibles para la m\u00e1quina para fabricar bandejas de pulpa de huevos de 1000-1500 unidades\/h <\/strong><\/h2>    <p>Para esta m\u00e1quina para fabricar bandejas de huevos, las materias primas utilizadas para producir la m\u00e1quina son econ\u00f3micas y f\u00e1ciles de obtener y son las siguientes: <br>Papel de desecho, cart\u00f3n de desecho, paja, pasamaner\u00eda, libros de desecho, cajas de libros de desecho, peri\u00f3dicos y revistas de desecho, papel de copia A4, etc.<\/p>    <figure class=\"wp-block-gallery aligncenter has-nested-images columns-2 is-cropped wp-block-gallery-2 is-layout-flex wp-block-gallery-is-layout-flex\"> <figure class=\"wp-block-image size-large\"><img loading=\"lazy\" decoding=\"async\" width=\"720\" height=\"540\" data-id=\"233\" src=\"https:\/\/www.eggtray.org\/wp-content\/uploads\/2022\/08\/waste-materials-1.webp\" alt=\"materiales de desecho\" class=\"wp-image-233\" title=\"\" srcset=\"https:\/\/www.eggtray.org\/wp-content\/uploads\/2022\/08\/waste-materials-1.webp 720w, https:\/\/www.eggtray.org\/wp-content\/uploads\/2022\/08\/waste-materials-1-300x225.webp 300w\" sizes=\"auto, (max-width: 720px) 100vw, 720px\" \/><figcaption class=\"wp-element-caption\">Materiales de desecho<\/figcaption><\/figure>    <figure class=\"wp-block-image size-large\"><img loading=\"lazy\" decoding=\"async\" width=\"720\" height=\"540\" data-id=\"136\" src=\"https:\/\/www.eggtray.org\/wp-content\/uploads\/2022\/08\/waste-cardboard.webp\" alt=\"cart\u00f3n de desecho\" class=\"wp-image-136\" title=\"\" srcset=\"https:\/\/www.eggtray.org\/wp-content\/uploads\/2022\/08\/waste-cardboard.webp 720w, https:\/\/www.eggtray.org\/wp-content\/uploads\/2022\/08\/waste-cardboard-300x225.webp 300w\" sizes=\"auto, (max-width: 720px) 100vw, 720px\" \/><figcaption class=\"wp-element-caption\">Cart\u00f3n de desecho<\/figcaption><\/figure>    <figure class=\"wp-block-image size-large\"><img loading=\"lazy\" decoding=\"async\" width=\"720\" height=\"540\" data-id=\"135\" src=\"https:\/\/www.eggtray.org\/wp-content\/uploads\/2022\/08\/waste-materials.webp\" alt=\"materiales de desecho\" class=\"wp-image-135\" title=\"\" srcset=\"https:\/\/www.eggtray.org\/wp-content\/uploads\/2022\/08\/waste-materials.webp 720w, https:\/\/www.eggtray.org\/wp-content\/uploads\/2022\/08\/waste-materials-300x225.webp 300w\" sizes=\"auto, (max-width: 720px) 100vw, 720px\" \/><figcaption class=\"wp-element-caption\">Materiales de desecho<\/figcaption><\/figure>    <figure class=\"wp-block-image size-large\"><img loading=\"lazy\" decoding=\"async\" width=\"720\" height=\"540\" data-id=\"134\" src=\"https:\/\/www.eggtray.org\/wp-content\/uploads\/2022\/08\/waste-paper.webp\" alt=\"papeles usados\" class=\"wp-image-134\" title=\"\" srcset=\"https:\/\/www.eggtray.org\/wp-content\/uploads\/2022\/08\/waste-paper.webp 720w, https:\/\/www.eggtray.org\/wp-content\/uploads\/2022\/08\/waste-paper-300x225.webp 300w\" sizes=\"auto, (max-width: 720px) 100vw, 720px\" \/><figcaption class=\"wp-element-caption\">Papel de desecho<\/figcaption><\/figure> <\/figure>    <h2 class=\"wp-block-heading\"><strong>Productos finales elaborados con la m\u00e1quina para bandejas de huevos SL-3*1<\/strong><\/h2>    <p>La m\u00e1quina para fabricar bandejas de huevos con pulpa de 1000-1500 piezas\/h puede producir diferentes bandejas de papel seg\u00fan las necesidades del cliente. Primero se determina la bandeja de papel que se desea, luego se utiliza el molde correspondiente y finalmente se fabrican las bandejas adecuadas.<\/p>    <p>Las bandejas de papel que se pueden producir incluyen, entre otras, bandejas para huevos, cartones de huevos, bandejas para manzanas\/frutas, bandejas para tazas de caf\u00e9, bandejas para zapatos, bandejas para vino, bandejas para pl\u00e1ntulas, bandejas m\u00e9dicas, bandejas para huevos de codorniz, bandejas personalizadas, etc. Si est\u00e1 interesado, \u00a1bienvenido a contactarnos en cualquier momento!<\/p>    <figure class=\"wp-block-gallery aligncenter has-nested-images columns-default is-cropped wp-block-gallery-3 is-layout-flex wp-block-gallery-is-layout-flex\"> <figure class=\"wp-block-image size-large\"><img loading=\"lazy\" decoding=\"async\" width=\"720\" height=\"540\" data-id=\"54\" src=\"https:\/\/www.eggtray.org\/wp-content\/uploads\/2022\/08\/egg-tray-1.webp\" alt=\"bandejas de huevos\" class=\"wp-image-54\" title=\"\" srcset=\"https:\/\/www.eggtray.org\/wp-content\/uploads\/2022\/08\/egg-tray-1.webp 720w, https:\/\/www.eggtray.org\/wp-content\/uploads\/2022\/08\/egg-tray-1-300x225.webp 300w\" sizes=\"auto, (max-width: 720px) 100vw, 720px\" \/><figcaption class=\"wp-element-caption\">Bandejas para huevos<\/figcaption><\/figure>    <figure class=\"wp-block-image size-large\"><img loading=\"lazy\" decoding=\"async\" width=\"720\" height=\"540\" data-id=\"49\" src=\"https:\/\/www.eggtray.org\/wp-content\/uploads\/2022\/08\/egg-carton-.webp\" alt=\"Carton de huevos\" class=\"wp-image-49\" title=\"\" srcset=\"https:\/\/www.eggtray.org\/wp-content\/uploads\/2022\/08\/egg-carton-.webp 720w, https:\/\/www.eggtray.org\/wp-content\/uploads\/2022\/08\/egg-carton--300x225.webp 300w\" sizes=\"auto, (max-width: 720px) 100vw, 720px\" \/><figcaption class=\"wp-element-caption\">Carton de huevos<\/figcaption><\/figure>    <figure class=\"wp-block-image size-large\"><img loading=\"lazy\" decoding=\"async\" width=\"720\" height=\"540\" data-id=\"50\" src=\"https:\/\/www.eggtray.org\/wp-content\/uploads\/2022\/08\/apple-tray.webp\" alt=\"bandeja de manzana\" class=\"wp-image-50\" title=\"\" srcset=\"https:\/\/www.eggtray.org\/wp-content\/uploads\/2022\/08\/apple-tray.webp 720w, https:\/\/www.eggtray.org\/wp-content\/uploads\/2022\/08\/apple-tray-300x225.webp 300w\" sizes=\"auto, (max-width: 720px) 100vw, 720px\" \/><figcaption class=\"wp-element-caption\">Bandeja de manzana<\/figcaption><\/figure>    <figure class=\"wp-block-image size-large\"><img loading=\"lazy\" decoding=\"async\" width=\"720\" height=\"540\" data-id=\"51\" src=\"https:\/\/www.eggtray.org\/wp-content\/uploads\/2022\/08\/coffee-tray-.webp\" alt=\"bandeja de cafe\" class=\"wp-image-51\" title=\"\" srcset=\"https:\/\/www.eggtray.org\/wp-content\/uploads\/2022\/08\/coffee-tray-.webp 720w, https:\/\/www.eggtray.org\/wp-content\/uploads\/2022\/08\/coffee-tray--300x225.webp 300w\" sizes=\"auto, (max-width: 720px) 100vw, 720px\" \/><figcaption class=\"wp-element-caption\">Bandeja de caf\u00e9<\/figcaption><\/figure>    <figure class=\"wp-block-image size-large\"><img loading=\"lazy\" decoding=\"async\" width=\"720\" height=\"540\" data-id=\"52\" src=\"https:\/\/www.eggtray.org\/wp-content\/uploads\/2022\/08\/shoe-tray-.webp\" alt=\"bandeja de zapatos\" class=\"wp-image-52\" title=\"\" srcset=\"https:\/\/www.eggtray.org\/wp-content\/uploads\/2022\/08\/shoe-tray-.webp 720w, https:\/\/www.eggtray.org\/wp-content\/uploads\/2022\/08\/shoe-tray--300x225.webp 300w\" sizes=\"auto, (max-width: 720px) 100vw, 720px\" \/><figcaption class=\"wp-element-caption\">Bandeja para zapatos<\/figcaption><\/figure>    <figure class=\"wp-block-image size-full\"><img loading=\"lazy\" decoding=\"async\" width=\"720\" height=\"540\" data-id=\"521\" src=\"https:\/\/www.eggtray.org\/wp-content\/uploads\/2022\/11\/wine-tray-.webp\" alt=\"bandeja de vino\" class=\"wp-image-521\" title=\"\" srcset=\"https:\/\/www.eggtray.org\/wp-content\/uploads\/2022\/11\/wine-tray-.webp 720w, https:\/\/www.eggtray.org\/wp-content\/uploads\/2022\/11\/wine-tray--300x225.webp 300w\" sizes=\"auto, (max-width: 720px) 100vw, 720px\" \/><figcaption class=\"wp-element-caption\">Bandeja de vino<\/figcaption><\/figure> <\/figure>    <h2 class=\"wp-block-heading\"><strong>\u00bfPor qu\u00e9 elegir la m\u00e1quina para fabricar bandejas de huevos con pulpa Shuliy?<\/strong><\/h2>    <p>De hecho, hay muchas razones por las que los clientes eligen nuestras m\u00e1quinas Shuliy; los siguientes puntos son s\u00f3lo algunas de las muchas razones para su referencia.<\/p>    <ul class=\"wp-block-list\"> <li><strong>Marca confiable<\/strong>. Las m\u00e1quinas para bandejas de huevos Shuliy a menudo se exportan a m\u00e1s de 80 pa\u00edses, como Zambia, Nigeria, Arabia Saudita, Angola, Namibia, etc.<\/li>    <li><strong>Relaci\u00f3n armoniosa con el cliente<\/strong>. Hacemos negocios con el objetivo de obtener rentabilidad mutua y, al recomendar m\u00e1quinas para nuestros clientes, haremos todo lo posible para garantizar los intereses tanto de nuestros clientes como de nosotros mismos, a fin de lograr el objetivo de una cooperaci\u00f3n beneficiosa para todos.<\/li>    <li><strong>Precio ventajoso de la m\u00e1quina para fabricar bandejas de pulpa de huevos.<\/strong>. Como productor y proveedor profesional de <a href=\"https:\/\/www.eggtray.org\/es\/product\/egg-tray-making-machine\/\">m\u00e1quina de bandeja de huevos<\/a>, el precio de nuestra m\u00e1quina es competitivo. Debido a que nuestras m\u00e1quinas se venden directamente desde la f\u00e1brica, no hay ning\u00fan aumento de precio adicional en comparaci\u00f3n con otros proveedores.<\/li> <\/ul>   <div class=\"wp-block-image\"> <figure class=\"aligncenter size-full\"><img loading=\"lazy\" decoding=\"async\" width=\"720\" height=\"540\" src=\"https:\/\/www.eggtray.org\/wp-content\/uploads\/2022\/08\/Shuliy-egg-tray-machine.webp\" alt=\"M\u00e1quina de bandejas de huevos Shuliy\" class=\"wp-image-409\" title=\"\" srcset=\"https:\/\/www.eggtray.org\/wp-content\/uploads\/2022\/08\/Shuliy-egg-tray-machine.webp 720w, https:\/\/www.eggtray.org\/wp-content\/uploads\/2022\/08\/Shuliy-egg-tray-machine-300x225.webp 300w\" sizes=\"auto, (max-width: 720px) 100vw, 720px\" \/><figcaption class=\"wp-element-caption\">M\u00e1quina de bandejas de huevos Shuliy<\/figcaption><\/figure> <\/div>   <h2 class=\"wp-block-heading\"><strong>Casos exitosos de m\u00e1quina de bandejas de pulpa de huevos de 1000-1500 piezas\/h<\/strong><\/h2>    <p>Las m\u00e1quinas para bandejas de huevos Shuliy se caracterizan por su buena calidad, buen rendimiento, alta eficiencia y capacidad diversa. Por lo tanto, son muy populares en el pa\u00eds y en el extranjero y, a menudo, se exportan al extranjero. Por ejemplo:<\/p>    <ul class=\"wp-block-list\"> <li>Hemos exportado a Nigeria muchas veces, y los clientes nigerianos compraron primero un juego de m\u00e1quina para fabricar bandejas de huevos con pulpa de 1000-1500 piezas\/h y luego compraron otros equipos combinados (despulpadora de papel) para aumentar la eficiencia de producci\u00f3n.<\/li>    <li>El cliente de Zambia pidi\u00f3 una m\u00e1quina para fabricar bandejas de huevos Shuliy SL-3*1 que puede producir bandejas de frutas.<\/li> <\/ul>    <figure class=\"wp-block-gallery has-nested-images columns-default is-cropped wp-block-gallery-4 is-layout-flex wp-block-gallery-is-layout-flex\"> <figure class=\"wp-block-image size-large\"><img loading=\"lazy\" decoding=\"async\" width=\"720\" height=\"540\" data-id=\"1156\" src=\"https:\/\/www.eggtray.org\/wp-content\/uploads\/2025\/08\/small-egg-tray-making-machine-for-sale.webp\" alt=\"peque\u00f1a m\u00e1quina para hacer bandejas de huevo en venta\" class=\"wp-image-1156\" title=\"\" srcset=\"https:\/\/www.eggtray.org\/wp-content\/uploads\/2025\/08\/small-egg-tray-making-machine-for-sale.webp 720w, https:\/\/www.eggtray.org\/wp-content\/uploads\/2025\/08\/small-egg-tray-making-machine-for-sale-300x225.webp 300w, https:\/\/www.eggtray.org\/wp-content\/uploads\/2025\/08\/small-egg-tray-making-machine-for-sale-16x12.webp 16w\" sizes=\"auto, (max-width: 720px) 100vw, 720px\" \/><figcaption class=\"wp-element-caption\">M\u00e1quina peque\u00f1a para hacer bandejas de huevos en venta<\/figcaption><\/figure>    <figure class=\"wp-block-image size-large\"><img loading=\"lazy\" decoding=\"async\" width=\"720\" height=\"540\" data-id=\"957\" src=\"https:\/\/www.eggtray.org\/wp-content\/uploads\/2024\/01\/small-scale-egg-tray-making-machine.webp\" alt=\"M\u00e1quina para fabricar bandejas de huevos a peque\u00f1a escala.\" class=\"wp-image-957\" title=\"\" srcset=\"https:\/\/www.eggtray.org\/wp-content\/uploads\/2024\/01\/small-scale-egg-tray-making-machine.webp 720w, https:\/\/www.eggtray.org\/wp-content\/uploads\/2024\/01\/small-scale-egg-tray-making-machine-300x225.webp 300w\" sizes=\"auto, (max-width: 720px) 100vw, 720px\" \/><figcaption class=\"wp-element-caption\">M\u00e1quina para fabricar bandejas de huevos a peque\u00f1a escala<\/figcaption><\/figure> <\/figure>    <h2 class=\"wp-block-heading\"><strong>Par\u00e1metros de la m\u00e1quina para fabricar bandejas de huevos de pulpa rotativa 1000-1500pcs\/h a la venta<\/strong><\/h2>    <p>La siguiente tabla muestra las especificaciones de la m\u00e1quina giratoria para fabricar bandejas de huevos SL-3*1, con una capacidad de 1000-1500 piezas\/h. <\/p>    <figure class=\"wp-block-table\"><table><tbody><tr><td>Modelo<\/td><td>SL-3*1<\/td><\/tr><tr><td>Voltaje<\/td><td>220v\/380v\/50hz<\/td><\/tr><tr><td>Fuerza<\/td><td>2,2kW<\/td><\/tr><tr><td>Capacidad<\/td><td>1000-1500 unidades\/h<\/td><\/tr><tr><td>Tama\u00f1o de plantilla<\/td><td>1,23m*0,4m<\/td><\/tr><tr><td>Velocidad de operacion<\/td><td>7 veces\/minuto<\/td><\/tr><tr><td>Tama\u00f1o<\/td><td>2,3*1,2*1,6 m<\/td><\/tr><\/tbody><\/table><figcaption class=\"wp-element-caption\">Especificaciones de la m\u00e1quina de bandejas de huevos de papel peque\u00f1a.<\/figcaption><\/figure>    <figure class=\"wp-block-embed is-type-video is-provider-youtube wp-block-embed-youtube wp-embed-aspect-16-9 wp-has-aspect-ratio\"><div class=\"wp-block-embed__wrapper\"> <iframe loading=\"lazy\" title=\"La mejor m\u00e1quina para fabricar bandejas de papel a peque\u00f1a escala | M\u00e1quina para fabricar bandejas de huevos de 1000 unidades por hora #papertray\" width=\"500\" height=\"281\" src=\"https:\/\/www.youtube.com\/embed\/KdIsUl_Oggc?feature=oembed\" frameborder=\"0\" allow=\"accelerometer; autoplay; clipboard-write; encrypted-media; gyroscope; picture-in-picture; web-share\" referrerpolicy=\"strict-origin-when-cross-origin\" allowfullscreen><\/iframe> <\/div><figcaption class=\"wp-element-caption\">Video de trabajo de la m\u00e1quina para fabricar bandejas de huevos peque\u00f1as.<\/figcaption><\/figure>    <p class=\"translation-block\">Si desea obtener beneficios del <a href=\"https:\/\/en.wikipedia.org\/wiki\/Paper_recycling\" target=\"_blank\" rel=\"noopener\">papel de desecho<\/a>, solo d\u00edganos sus requisitos, como los tipos de bandejas de papel, el tama\u00f1o del molde, la capacidad, etc., y nuestro personal le recomendar\u00e1 la soluci\u00f3n \u00f3ptima.<\/p>    <figure class=\"wp-block-embed is-type-video is-provider-youtube wp-block-embed-youtube wp-embed-aspect-16-9 wp-has-aspect-ratio\"><div class=\"wp-block-embed__wrapper\"> <iframe loading=\"lazy\" title=\"\u00bfC\u00f3mo producir cart\u00f3n de huevo de 18 cavidad con m\u00e1quina de caja de huevo? Proceso eficiente de producci\u00f3n de cart\u00f3n de huevo\" width=\"500\" height=\"281\" src=\"https:\/\/www.youtube.com\/embed\/2u6UAwwYXMM?feature=oembed\" frameborder=\"0\" allow=\"accelerometer; autoplay; clipboard-write; encrypted-media; gyroscope; picture-in-picture; web-share\" referrerpolicy=\"strict-origin-when-cross-origin\" allowfullscreen><\/iframe> <\/div><figcaption class=\"wp-element-caption\">M\u00e1quina de huevo de papel de 18 huevos<\/figcaption><\/figure>","protected":false},"excerpt":{"rendered":"<p>La m\u00e1quina para fabricar bandejas de huevos con pulpa de 1000-1500 piezas\/h es una producci\u00f3n de bandejas de huevos giratorias a peque\u00f1a escala, que es muy adecuada para una peque\u00f1a empresa o una nueva empresa. <\/p>","protected":false},"author":1,"featured_media":516,"parent":0,"template":"","tags":[11,88,63],"product-type":[61,5,4],"class_list":["post-512","product","type-product","status-publish","has-post-thumbnail","hentry","tag-egg-tray-making-machine","tag-egg-trays","tag-pulp-egg-tray-making-machine","product-type-by-capacity","product-type-main-equipment","product-type-product"],"_links":{"self":[{"href":"https:\/\/www.eggtray.org\/es\/wp-json\/wp\/v2\/product\/512","targetHints":{"allow":["GET"]}}],"collection":[{"href":"https:\/\/www.eggtray.org\/es\/wp-json\/wp\/v2\/product"}],"about":[{"href":"https:\/\/www.eggtray.org\/es\/wp-json\/wp\/v2\/types\/product"}],"author":[{"embeddable":true,"href":"https:\/\/www.eggtray.org\/es\/wp-json\/wp\/v2\/users\/1"}],"wp:featuredmedia":[{"embeddable":true,"href":"https:\/\/www.eggtray.org\/es\/wp-json\/wp\/v2\/media\/516"}],"wp:attachment":[{"href":"https:\/\/www.eggtray.org\/es\/wp-json\/wp\/v2\/media?parent=512"}],"wp:term":[{"taxonomy":"post_tag","embeddable":true,"href":"https:\/\/www.eggtray.org\/es\/wp-json\/wp\/v2\/tags?post=512"},{"taxonomy":"product-type","embeddable":true,"href":"https:\/\/www.eggtray.org\/es\/wp-json\/wp\/v2\/product-type?post=512"}],"curies":[{"name":"wp","href":"https:\/\/api.w.org\/{rel}","templated":true}]}}