{"id":562,"date":"2022-11-15T16:32:59","date_gmt":"2022-11-15T08:32:59","guid":{"rendered":"https:\/\/www.eggtray.org\/?post_type=product&#038;p=562"},"modified":"2025-10-30T15:03:24","modified_gmt":"2025-10-30T07:03:24","slug":"2000-2500pcs-h-automatic-egg-tray-machine","status":"publish","type":"product","link":"https:\/\/www.eggtray.org\/es\/product\/2000-2500pcs-h-automatic-egg-tray-machine\/","title":{"rendered":"M\u00e1quina autom\u00e1tica de bandeja de huevos 2000-2500PCS\/H"},"content":{"rendered":"<p class=\"translation-block\">Esta <strong>m\u00e1quina autom\u00e1tica para bandejas de huevos<\/strong> de 2000-2500 piezas\/h, modelo SL-3*4, puede producir bandejas de huevos de varios tipos y tama\u00f1os, con una producci\u00f3n de 2000-2500 piezas\/h. Es muy adecuada para inversores y f\u00e1bricas de producci\u00f3n media. <\/p>    <p>Esta m\u00e1quina de bandejas de huevos de papel se utiliza especialmente para producir varios tipos de soportes de papel, como bandejas de huevos, cajas de huevos, bandejas de frutas, bandejas de vino, etc.<\/p>    <p>Adem\u00e1s, el dise\u00f1o de la estructura de la m\u00e1quina es razonable, muy simple y f\u00e1cil de entender, y muy amigable para los usuarios. Si est\u00e1 interesado en este tipo de m\u00e1quinas, \u00a1cont\u00e1ctenos!<\/p>    <figure class=\"wp-block-embed is-type-video is-provider-youtube wp-block-embed-youtube wp-embed-aspect-16-9 wp-has-aspect-ratio\"><div class=\"wp-block-embed__wrapper\"> <iframe loading=\"lazy\" title=\"M\u00e1quina de moldeo de bandejas de papel 2000-2500pcs\/h ideal para la fabricaci\u00f3n de cartones de bandejas de huevos en masa #papertray\" width=\"500\" height=\"281\" src=\"https:\/\/www.youtube.com\/embed\/1Q8NMlwahfI?feature=oembed\" frameborder=\"0\" allow=\"accelerometer; autoplay; clipboard-write; encrypted-media; gyroscope; picture-in-picture; web-share\" referrerpolicy=\"strict-origin-when-cross-origin\" allowfullscreen><\/iframe> <\/div><figcaption class=\"wp-element-caption\">V\u00eddeo de trabajo de la m\u00e1quina de bandejas de huevos de papel SL-3*4<\/figcaption><\/figure>    <h2 class=\"wp-block-heading\"><strong>\u00bfPor qu\u00e9 esta m\u00e1quina autom\u00e1tica para bandejas de huevos es tan popular entre los inversores?<\/strong><\/h2>    <ol class=\"wp-block-list\"> <li><strong>Las materias primas son f\u00e1ciles de obtener.<\/strong>. Las materias primas para Shuliy <a href=\"https:\/\/www.eggtray.org\/es\/product\/egg-tray-making-machine\/\">m\u00e1quina de producci\u00f3n de bandejas de huevos<\/a> Hay todo tipo de papeles usados, libros usados, revistas usadas, etc. Estos materiales son muy comunes en la vida y son f\u00e1ciles de conseguir.<\/li>    <li><strong>Econ\u00f3mico<\/strong>. Cada d\u00eda se producir\u00e1 una gran cantidad de papel usado. El coste de estos materiales es bajo y la inversi\u00f3n inicial para los inversores no ser\u00e1 excesiva.<\/li>    <li><strong>Proteger el medio ambiente<\/strong>. De hecho, las materias primas utilizadas en esta m\u00e1quina autom\u00e1tica para fabricar bandejas de huevos se utilizan para un uso secundario, lo que evita la contaminaci\u00f3n ambiental y, por lo tanto, protege el medio ambiente.<\/li>    <li><strong>Altas ganancias<\/strong>. Despu\u00e9s de procesar y producir una tonelada de papel usado, se vende la bandeja de huevos y la ganancia se duplica directamente.<\/li>    <li><strong>Gran demanda<\/strong>. En la vida diaria de las personas, la demanda de huevos siempre ha sido alta, por lo que los criadores de pollos tambi\u00e9n lo han sido y la consiguiente demanda de bandejas de huevos es grande.<\/li> <\/ol>    <figure class=\"wp-block-gallery aligncenter has-nested-images columns-default is-cropped wp-block-gallery-2 is-layout-flex wp-block-gallery-is-layout-flex\"> <figure class=\"wp-block-image size-full\"><img loading=\"lazy\" decoding=\"async\" width=\"720\" height=\"540\" data-id=\"576\" src=\"https:\/\/www.eggtray.org\/wp-content\/uploads\/2022\/11\/SL-3-4-automatic-egg-tray-machine.webp\" alt=\"M\u00e1quina autom\u00e1tica de bandejas de huevos SL-3*4\" class=\"wp-image-576\" title=\"\" srcset=\"https:\/\/www.eggtray.org\/wp-content\/uploads\/2022\/11\/SL-3-4-automatic-egg-tray-machine.webp 720w, https:\/\/www.eggtray.org\/wp-content\/uploads\/2022\/11\/SL-3-4-automatic-egg-tray-machine-300x225.webp 300w\" sizes=\"auto, (max-width: 720px) 100vw, 720px\" \/><figcaption class=\"wp-element-caption\">M\u00e1quina autom\u00e1tica de bandejas de huevos Sl-3*4<\/figcaption><\/figure>    <figure class=\"wp-block-image size-full\"><img loading=\"lazy\" decoding=\"async\" width=\"720\" height=\"540\" data-id=\"575\" src=\"https:\/\/www.eggtray.org\/wp-content\/uploads\/2022\/11\/2000-2500-egg-tray-machine.webp\" alt=\"M\u00e1quina de bandeja de huevos 2000-2500pcs\/h\" class=\"wp-image-575\" title=\"\" srcset=\"https:\/\/www.eggtray.org\/wp-content\/uploads\/2022\/11\/2000-2500-egg-tray-machine.webp 720w, https:\/\/www.eggtray.org\/wp-content\/uploads\/2022\/11\/2000-2500-egg-tray-machine-300x225.webp 300w\" sizes=\"auto, (max-width: 720px) 100vw, 720px\" \/><figcaption class=\"wp-element-caption\">M\u00e1quina de bandeja de huevos 2000-2500Pcs\/H<\/figcaption><\/figure> <\/figure>    <h2 class=\"wp-block-heading\"><strong>Bandejas de papel personalizadas para ti<\/strong><\/h2>    <p>Como cliente, a veces puede pensar en varios tipos de bandejas de papel, que son diferentes de las bandejas para huevos. <\/p>    <p>En este momento, necesita saber el tama\u00f1o del soporte de papel que desea ofrecer a los clientes con m\u00e1quinas personalizadas. <\/p>    <p class=\"translation-block\">Las bandejas de papel que podemos producir incluyen bandejas de huevos, <a href=\"https:\/\/en.wikipedia.org\/wiki\/Egg_carton\" target=\"_blank\" rel=\"noopener\">cajas de huevos<\/a>, bandejas de frutas, bandejas de semillero, bandejas m\u00e9dicas, bandejas para zapatos, bandejas para huevos de codorniz y bandejas personalizadas. <\/p>    <p>En una palabra, si necesita producir cualquier tipo de soporte para papel, no dude en contactarnos. Nuestro responsable de ventas personalizar\u00e1 la m\u00e1quina m\u00e1s adecuada para usted seg\u00fan sus necesidades.<\/p>   <div class=\"wp-block-image\"> <figure class=\"aligncenter size-full\"><img loading=\"lazy\" decoding=\"async\" width=\"560\" height=\"400\" src=\"https:\/\/www.eggtray.org\/wp-content\/uploads\/2022\/08\/pulp-paper-trays.webp\" alt=\"bandejas de papel de pulpa\" class=\"wp-image-309\" title=\"\" srcset=\"https:\/\/www.eggtray.org\/wp-content\/uploads\/2022\/08\/pulp-paper-trays.webp 560w, https:\/\/www.eggtray.org\/wp-content\/uploads\/2022\/08\/pulp-paper-trays-300x214.webp 300w\" sizes=\"auto, (max-width: 560px) 100vw, 560px\" \/><figcaption class=\"wp-element-caption\">bandejas de papel de pulpa<\/figcaption><\/figure> <\/div>   <h2 class=\"wp-block-heading\"><strong>M\u00e9todos de secado disponibles para la m\u00e1quina autom\u00e1tica de bandejas de huevos Shuliy SL-3*4<\/strong><\/h2>    <p>Esta m\u00e1quina para bandejas de huevos de 2000-2500 piezas\/h es adecuada para producci\u00f3n de tama\u00f1o mediano, por lo que hay tres m\u00e9todos de secado para elegir.<\/p>    <div class=\"wp-block-columns is-layout-flex wp-container-core-columns-is-layout-9d6595d7 wp-block-columns-is-layout-flex\"> <div class=\"wp-block-column is-layout-flow wp-block-column-is-layout-flow\"> <figure class=\"wp-block-image size-full\"><img loading=\"lazy\" decoding=\"async\" width=\"720\" height=\"540\" src=\"https:\/\/www.eggtray.org\/wp-content\/uploads\/2022\/08\/drying-in-the-sun.webp\" alt=\"secarse al sol\" class=\"wp-image-338\" title=\"\" srcset=\"https:\/\/www.eggtray.org\/wp-content\/uploads\/2022\/08\/drying-in-the-sun.webp 720w, https:\/\/www.eggtray.org\/wp-content\/uploads\/2022\/08\/drying-in-the-sun-300x225.webp 300w\" sizes=\"auto, (max-width: 720px) 100vw, 720px\" \/><figcaption class=\"wp-element-caption\">Secar al sol<\/figcaption><\/figure>    <p>M\u00e1s econ\u00f3mico pero necesita suficiente mano de obra.<\/p> <\/div>    <div class=\"wp-block-column is-layout-flow wp-block-column-is-layout-flow\"> <figure class=\"wp-block-image size-full\"><img loading=\"lazy\" decoding=\"async\" width=\"720\" height=\"540\" src=\"https:\/\/www.eggtray.org\/wp-content\/uploads\/2022\/08\/brick-kiln-drying.webp\" alt=\"secado en horno de ladrillos\" class=\"wp-image-347\" title=\"\" srcset=\"https:\/\/www.eggtray.org\/wp-content\/uploads\/2022\/08\/brick-kiln-drying.webp 720w, https:\/\/www.eggtray.org\/wp-content\/uploads\/2022\/08\/brick-kiln-drying-300x225.webp 300w\" sizes=\"auto, (max-width: 720px) 100vw, 720px\" \/><figcaption class=\"wp-element-caption\">Secado en horno de ladrillos <\/figcaption><\/figure>    <p>M\u00e1s c\u00f3modo y r\u00e1pido, pero la inversi\u00f3n ser\u00e1 mayor<\/p> <\/div>    <div class=\"wp-block-column is-layout-flow wp-block-column-is-layout-flow\"> <figure class=\"wp-block-image size-full\"><img loading=\"lazy\" decoding=\"async\" width=\"720\" height=\"540\" src=\"https:\/\/www.eggtray.org\/wp-content\/uploads\/2022\/08\/metal-multiple-layer-egg-tray-dryer.webp\" alt=\"Secador de bandeja de huevos de m\u00faltiples capas de metal\" class=\"wp-image-344\" title=\"\" srcset=\"https:\/\/www.eggtray.org\/wp-content\/uploads\/2022\/08\/metal-multiple-layer-egg-tray-dryer.webp 720w, https:\/\/www.eggtray.org\/wp-content\/uploads\/2022\/08\/metal-multiple-layer-egg-tray-dryer-300x225.webp 300w\" sizes=\"auto, (max-width: 720px) 100vw, 720px\" \/><figcaption class=\"wp-element-caption\">Secador de bandejas de huevos de m\u00faltiples capas de metal <\/figcaption><\/figure>    <p>Secado autom\u00e1tico, con alta eficiencia y velocidad.<\/p> <\/div> <\/div>    <h2 class=\"wp-block-heading\"><strong>Casos exitosos de la m\u00e1quina para fabricar bandejas de huevos Shuliy SL-3*4<\/strong><\/h2>    <p>Nuestra m\u00e1quina autom\u00e1tica para bandejas de huevos tiene una calidad y rendimiento excelentes y tiene clientes en todo el mundo. <\/p>    <p>Nuestra m\u00e1quina para fabricar bandejas de huevos se exporta a Arabia Saudita, Nigeria, Zambia, Nigeria, Palestina, etc. A los clientes de estos pa\u00edses les gustan mucho nuestras m\u00e1quinas. <\/p>    <p>Despu\u00e9s de usar la m\u00e1quina, sienten que el efecto es muy bueno. Algunos de ellos tambi\u00e9n vuelven a comprar al ampliar la escala de producci\u00f3n de cartones de huevos, como los clientes nigerianos.<\/p>    <h2 class=\"wp-block-heading\"><strong>Par\u00e1metros de la m\u00e1quina autom\u00e1tica para bandejas de huevos Shuliy SL-3*4<\/strong><\/h2>    <figure class=\"wp-block-table\"><table><tbody><tr><td>Modelo<\/td><td>Capacidad<\/td><td>Consumo de papel<\/td><td>Consumo de agua<\/td><td>Energ\u00eda utilizada<\/td><td>Obrero<\/td><\/tr><tr><td>SL-3*4<\/td><td>2000-2500 piezas\/h<\/td><td>200kg\/h<\/td><td>450kg\/h<\/td><td>58 kWh<\/td><td>4-5<\/td><\/tr><\/tbody><\/table><figcaption class=\"wp-element-caption\">Par\u00e1metros t\u00e9cnicos de la m\u00e1quina de bandeja de papel.<\/figcaption><\/figure>","protected":false},"excerpt":{"rendered":"<p>Esta m\u00e1quina autom\u00e1tica para fabricar bandejas de huevos de 2000-2500 piezas\/h puede producir bandejas de huevos de varios tipos y tama\u00f1os, adecuadas para inversores y f\u00e1bricas de producci\u00f3n media. <\/p>","protected":false},"author":1,"featured_media":570,"parent":0,"template":"","tags":[65,11,88],"product-type":[61,5,4],"class_list":["post-562","product","type-product","status-publish","has-post-thumbnail","hentry","tag-automatic-egg-tray-machine","tag-egg-tray-making-machine","tag-egg-trays","product-type-by-capacity","product-type-main-equipment","product-type-product"],"_links":{"self":[{"href":"https:\/\/www.eggtray.org\/es\/wp-json\/wp\/v2\/product\/562","targetHints":{"allow":["GET"]}}],"collection":[{"href":"https:\/\/www.eggtray.org\/es\/wp-json\/wp\/v2\/product"}],"about":[{"href":"https:\/\/www.eggtray.org\/es\/wp-json\/wp\/v2\/types\/product"}],"author":[{"embeddable":true,"href":"https:\/\/www.eggtray.org\/es\/wp-json\/wp\/v2\/users\/1"}],"wp:featuredmedia":[{"embeddable":true,"href":"https:\/\/www.eggtray.org\/es\/wp-json\/wp\/v2\/media\/570"}],"wp:attachment":[{"href":"https:\/\/www.eggtray.org\/es\/wp-json\/wp\/v2\/media?parent=562"}],"wp:term":[{"taxonomy":"post_tag","embeddable":true,"href":"https:\/\/www.eggtray.org\/es\/wp-json\/wp\/v2\/tags?post=562"},{"taxonomy":"product-type","embeddable":true,"href":"https:\/\/www.eggtray.org\/es\/wp-json\/wp\/v2\/product-type?post=562"}],"curies":[{"name":"wp","href":"https:\/\/api.w.org\/{rel}","templated":true}]}}