{"id":577,"date":"2022-11-16T16:51:33","date_gmt":"2022-11-16T08:51:33","guid":{"rendered":"https:\/\/www.eggtray.org\/?post_type=product&#038;p=577"},"modified":"2025-10-30T15:43:40","modified_gmt":"2025-10-30T07:43:40","slug":"3000-3500pcs-h-egg-tray-manufacturing-machine","status":"publish","type":"product","link":"https:\/\/www.eggtray.org\/es\/product\/3000-3500pcs-h-egg-tray-manufacturing-machine\/","title":{"rendered":"M\u00e1quina de fabricaci\u00f3n de bandejas de huevos 3000-3500PCS\/H"},"content":{"rendered":"<p class=\"translation-block\">Esta m\u00e1quina para fabricar bandejas de huevos de 3000-3500 piezas\/h es muy adecuada para la producci\u00f3n en masa de bandejas de huevos. Para los inversores, este tipo de m\u00e1quina para fabricar bandejas de huevos es la soluci\u00f3n \u00f3ptima para la producci\u00f3n de bandejas de papel a escala media.<\/p>    <figure class=\"wp-block-embed is-type-video is-provider-youtube wp-block-embed-youtube wp-embed-aspect-16-9 wp-has-aspect-ratio\"><div class=\"wp-block-embed__wrapper\"> <iframe loading=\"lazy\" title=\"M\u00e1quina para fabricar bandejas de huevos de 3000-3500 unidades por hora, adecuada para que una planta de reciclaje de mediana escala obtenga ganancias\" width=\"500\" height=\"281\" src=\"https:\/\/www.youtube.com\/embed\/rgCTtpcIBfU?feature=oembed\" frameborder=\"0\" allow=\"accelerometer; autoplay; clipboard-write; encrypted-media; gyroscope; picture-in-picture; web-share\" referrerpolicy=\"strict-origin-when-cross-origin\" allowfullscreen><\/iframe> <\/div><figcaption class=\"wp-element-caption\">V\u00eddeo de trabajo de la m\u00e1quina de bandejas de huevos SL-4*4<\/figcaption><\/figure>    <h2 class=\"wp-block-heading\"><strong>Par\u00e1metros de la m\u00e1quina de fabricaci\u00f3n de bandejas de huevos 3000-3500pcs\/h<\/strong><\/h2>    <figure class=\"wp-block-table\"><table><tbody><tr><td>Modelo<\/td><td>Capacidad<\/td><td>Consumo de papel<\/td><td>Consumo de agua<\/td><td>Energ\u00eda utilizada<\/td><td>Obrero<\/td><\/tr><tr><td>SL-4*4<\/td><td>3000-3500 piezas\/h<\/td><td>280kg\/hora<\/td><td>560kg\/hora<\/td><td>78kWh<\/td><td>4-5<\/td><\/tr><\/tbody><\/table><figcaption class=\"wp-element-caption\">Especificaciones de la m\u00e1quina formadora de bandejas de huevos<\/figcaption><\/figure>    <p>Si desea elegir este equipo, debido a la producci\u00f3n por hora de 3000-4500 piezas, entonces el mejor m\u00e9todo de secado es el secado de metales. <\/p>    <p>Si est\u00e1 interesado en esto o tiene preguntas, \u00a1cont\u00e1ctenos para obtener m\u00e1s detalles!<\/p>    <h2 class=\"wp-block-heading\"><strong>Todo el procedimiento del proceso completo de fabricaci\u00f3n de bandejas de huevos.<\/strong><\/h2>    <ol class=\"wp-block-list\"> <li><strong>despulpado<\/strong>: poner las materias primas en el <a href=\"https:\/\/nl.wikipedia.org\/wiki\/Pulper\" target=\"_blank\" rel=\"noreferrer noopener\">despulpadora <\/a>para convertirlos en pulpa de papel.<\/li>    <li><strong>formando<\/strong>: utilice la m\u00e1quina para fabricar bandejas de papel para moldear las bandejas que desea producir.<\/li>    <li><strong>El secado<\/strong>: adopte el m\u00e9todo adecuado para secar las bandejas de huevos mojadas. Generalmente, tres formas son, respectivamente, el secado natural, el secado en horno de ladrillos y el secado de metales.<\/li>    <li><strong>Prensado y empacado en caliente<\/strong>: despu\u00e9s del secado, use la m\u00e1quina de prensado en caliente para dar forma a las bandejas de papel y luego use la m\u00e1quina empacadora para empacar para facilitar el almacenamiento y transporte.<\/li> <\/ol>   <div class=\"wp-block-image\"> <figure class=\"aligncenter size-full\"><img loading=\"lazy\" decoding=\"async\" width=\"720\" height=\"470\" src=\"https:\/\/www.eggtray.org\/wp-content\/uploads\/2022\/08\/flow-chart-of-the-egg-tray-production-line.webp\" alt=\"diagrama de flujo de la l\u00ednea de producci\u00f3n de bandejas de huevos\" class=\"wp-image-221\" title=\"\" srcset=\"https:\/\/www.eggtray.org\/wp-content\/uploads\/2022\/08\/flow-chart-of-the-egg-tray-production-line.webp 720w, https:\/\/www.eggtray.org\/wp-content\/uploads\/2022\/08\/flow-chart-of-the-egg-tray-production-line-300x196.webp 300w\" sizes=\"auto, (max-width: 720px) 100vw, 720px\" \/><figcaption class=\"wp-element-caption\">diagrama de flujo de la l\u00ednea de producci\u00f3n de bandejas de huevos <\/figcaption><\/figure> <\/div>   <h2 class=\"wp-block-heading\"><strong>M\u00e1quina de fabricaci\u00f3n de bandejas de huevos 3000-3500pcs\/h VS 1500-2000pcs\/h<\/strong><\/h2>    <p>Al iniciar el negocio de producci\u00f3n de bandejas de huevos, debe considerar sus aportaciones, su presupuesto, el retorno, etc. <\/p>    <p class=\"translation-block\">Por ejemplo, hay dos tipos de <a href=\"https:\/\/www.eggtray.org\/es\/product\/egg-tray-making-machine\/\" target=\"_blank\" rel=\"noreferrer noopener\">m\u00e1quinas para fabricar bandejas de huevos<\/a> disponibles para su negocio, debe considerar los siguientes factores, que incluyen, entre otros.<\/p>    <figure class=\"wp-block-gallery aligncenter has-nested-images columns-default is-cropped wp-block-gallery-2 is-layout-flex wp-block-gallery-is-layout-flex\"> <figure class=\"wp-block-image size-large\"><img loading=\"lazy\" decoding=\"async\" width=\"720\" height=\"540\" data-id=\"560\" src=\"https:\/\/www.eggtray.org\/wp-content\/uploads\/2022\/11\/paper-egg-tray-molding-machine.webp\" alt=\"m\u00e1quina de moldeo de bandejas de huevos de papel\" class=\"wp-image-560\" title=\"\" srcset=\"https:\/\/www.eggtray.org\/wp-content\/uploads\/2022\/11\/paper-egg-tray-molding-machine.webp 720w, https:\/\/www.eggtray.org\/wp-content\/uploads\/2022\/11\/paper-egg-tray-molding-machine-300x225.webp 300w\" sizes=\"auto, (max-width: 720px) 100vw, 720px\" \/><figcaption class=\"wp-element-caption\">M\u00e1quina de moldeo de bandeja de huevos de papel 1500-2000Pcs\/H<\/figcaption><\/figure>    <figure class=\"wp-block-image size-large\"><img loading=\"lazy\" decoding=\"async\" width=\"720\" height=\"540\" data-id=\"579\" src=\"https:\/\/www.eggtray.org\/wp-content\/uploads\/2022\/11\/3000-3500-egg-tray-manufacturing-machine.webp\" alt=\"M\u00e1quina de fabricaci\u00f3n de bandejas de huevos 3000-3500pcs\/h\" class=\"wp-image-579\" title=\"\" srcset=\"https:\/\/www.eggtray.org\/wp-content\/uploads\/2022\/11\/3000-3500-egg-tray-manufacturing-machine.webp 720w, https:\/\/www.eggtray.org\/wp-content\/uploads\/2022\/11\/3000-3500-egg-tray-manufacturing-machine-300x225.webp 300w\" sizes=\"auto, (max-width: 720px) 100vw, 720px\" \/><figcaption class=\"wp-element-caption\">M\u00e1quina de fabricaci\u00f3n de bandejas de huevos 3000-3500Pcs\/H<\/figcaption><\/figure> <\/figure>    <ol class=\"wp-block-list\"> <li><strong>Costo<\/strong>. En realidad, esto est\u00e1 muy relacionado con tu presupuesto. Porque su presupuesto determina cu\u00e1ntas capacidades de m\u00e1quina puede comprar.<\/li>    <li><strong>La escala de tu negocio<\/strong>. Si quieres realizar una producci\u00f3n de bandejas de huevos peque\u00f1a, mediana o grande, debes tener un objetivo claro. Afecta directamente a su elecci\u00f3n de tipos de m\u00e1quinas.<\/li>    <li><strong>Lugar de trabajo<\/strong>. Debido a que el lugar de trabajo de la m\u00e1quina de fabricaci\u00f3n de bandejas de huevos es muy importante, tiene una gran influencia en el m\u00e9todo de secado. Si hay suficiente espacio, tambi\u00e9n es adecuado el secado natural.<\/li>    <li><strong>Periodo de devoluci\u00f3n<\/strong>. Debes saber cu\u00e1ndo tu negocio obtiene beneficios. Es esencial. Por lo tanto, debe tener suficiente preparaci\u00f3n antes de iniciar este negocio.<\/li> <\/ol>    <p>Los anteriores son s\u00f3lo algunos elementos. Se deben considerar otros factores. Todo esto es para su referencia cuando elija la m\u00e1quina para bandejas de huevos.<\/p>    <h2 class=\"wp-block-heading\"><strong>\u00bfCu\u00e1l es el m\u00e9todo de secado m\u00e1s adecuado para la m\u00e1quina para bandejas de huevos SL-4*4?<\/strong><\/h2>    <p>Para esta capacidad, normalmente, el gerente de ventas recomendar\u00e1 el secador met\u00e1lico para secar las bandejas de huevos. <\/p>   <div class=\"wp-block-image\"> <figure class=\"aligncenter size-full\"><img loading=\"lazy\" decoding=\"async\" width=\"720\" height=\"540\" src=\"https:\/\/www.eggtray.org\/wp-content\/uploads\/2022\/08\/metal-multiple-layer-egg-tray-dryer.webp\" alt=\"Secador de bandeja de huevos de m\u00faltiples capas de metal\" class=\"wp-image-344\" title=\"\" srcset=\"https:\/\/www.eggtray.org\/wp-content\/uploads\/2022\/08\/metal-multiple-layer-egg-tray-dryer.webp 720w, https:\/\/www.eggtray.org\/wp-content\/uploads\/2022\/08\/metal-multiple-layer-egg-tray-dryer-300x225.webp 300w\" sizes=\"auto, (max-width: 720px) 100vw, 720px\" \/><figcaption class=\"wp-element-caption\">Secador de bandejas de huevos de m\u00faltiples capas de metal. <\/figcaption><\/figure> <\/div>   <p>Como m\u00e1quina de entrada para el secado, este tipo de m\u00e1quina para fabricar bandejas de huevos puede utilizar eficazmente la energ\u00eda del secado y la producci\u00f3n tambi\u00e9n puede aumentar.<\/p>    <h2 class=\"wp-block-heading\"><strong>Beneficios de comprar la m\u00e1quina de fabricaci\u00f3n de bandejas de huevos de 3000-3500 piezas\/h<\/strong><\/h2>    <p>La m\u00e1quina para fabricar bandejas de huevos de 3000-3500 piezas\/h puede producir bandejas de 60000-70000 piezas por un d\u00eda. Y una pieza tiene una ganancia de 0,04 RMB. Entonces, el beneficio total por un d\u00eda es de 2400-2800RMB. El margen de beneficio es muy considerable.<\/p>   <div class=\"wp-block-image\"> <figure class=\"aligncenter size-full\"><img loading=\"lazy\" decoding=\"async\" width=\"720\" height=\"540\" src=\"https:\/\/www.eggtray.org\/wp-content\/uploads\/2022\/08\/packed-egg-trays.webp\" alt=\"bandejas de huevos envasados\" class=\"wp-image-385\" title=\"\" srcset=\"https:\/\/www.eggtray.org\/wp-content\/uploads\/2022\/08\/packed-egg-trays.webp 720w, https:\/\/www.eggtray.org\/wp-content\/uploads\/2022\/08\/packed-egg-trays-300x225.webp 300w\" sizes=\"auto, (max-width: 720px) 100vw, 720px\" \/><figcaption class=\"wp-element-caption\">bandejas de huevos envasados <\/figcaption><\/figure> <\/div>","protected":false},"excerpt":{"rendered":"<p>Esta m\u00e1quina de fabricaci\u00f3n de bandejas para huevos de 3000-3500 piezas\/h sirve para fabricar bandejas de papel en grandes cantidades, lo cual es una soluci\u00f3n \u00f3ptima para plantas de mediana escala.<\/p>","protected":false},"author":1,"featured_media":578,"parent":0,"template":"","tags":[10,11,66,88],"product-type":[61,5,4],"class_list":["post-577","product","type-product","status-publish","has-post-thumbnail","hentry","tag-egg-tray-machine","tag-egg-tray-making-machine","tag-egg-tray-manufacturing-machine","tag-egg-trays","product-type-by-capacity","product-type-main-equipment","product-type-product"],"_links":{"self":[{"href":"https:\/\/www.eggtray.org\/es\/wp-json\/wp\/v2\/product\/577","targetHints":{"allow":["GET"]}}],"collection":[{"href":"https:\/\/www.eggtray.org\/es\/wp-json\/wp\/v2\/product"}],"about":[{"href":"https:\/\/www.eggtray.org\/es\/wp-json\/wp\/v2\/types\/product"}],"author":[{"embeddable":true,"href":"https:\/\/www.eggtray.org\/es\/wp-json\/wp\/v2\/users\/1"}],"wp:featuredmedia":[{"embeddable":true,"href":"https:\/\/www.eggtray.org\/es\/wp-json\/wp\/v2\/media\/578"}],"wp:attachment":[{"href":"https:\/\/www.eggtray.org\/es\/wp-json\/wp\/v2\/media?parent=577"}],"wp:term":[{"taxonomy":"post_tag","embeddable":true,"href":"https:\/\/www.eggtray.org\/es\/wp-json\/wp\/v2\/tags?post=577"},{"taxonomy":"product-type","embeddable":true,"href":"https:\/\/www.eggtray.org\/es\/wp-json\/wp\/v2\/product-type?post=577"}],"curies":[{"name":"wp","href":"https:\/\/api.w.org\/{rel}","templated":true}]}}