{"id":581,"date":"2022-11-18T16:15:47","date_gmt":"2022-11-18T08:15:47","guid":{"rendered":"https:\/\/www.eggtray.org\/?post_type=product&#038;p=581"},"modified":"2025-10-30T16:35:47","modified_gmt":"2025-10-30T08:35:47","slug":"4000pcs-h-paper-tray-making-machine","status":"publish","type":"product","link":"https:\/\/www.eggtray.org\/es\/product\/4000pcs-h-paper-tray-making-machine\/","title":{"rendered":"Bandeja de papel 4000PCS\/H que hace la m\u00e1quina"},"content":{"rendered":"<p class=\"translation-block\">Esta <strong>m\u00e1quina para fabricar bandejas de papel<\/strong> es capaz de producir 4.000 piezas de bandejas para huevos por hora y es altamente eficiente, ahorra energ\u00eda y es respetuosa con el medio ambiente. <\/p>    <p>Esta m\u00e1quina para fabricar bandejas de huevos es adecuada para f\u00e1bricas de mediana o gran capacidad, o para inversores que quieran invertir en producci\u00f3n a gran escala.<\/p>    <figure class=\"wp-block-embed is-type-video is-provider-youtube wp-block-embed-youtube wp-embed-aspect-16-9 wp-has-aspect-ratio\"><div class=\"wp-block-embed__wrapper\"> <iframe loading=\"lazy\" title=\"\u00a1Presentaci\u00f3n de Marvel: Egg Tray Machine en acci\u00f3n real! \ud83e\udd5a\ud83d\udd27M\u00e1quina para fabricar bandejas de huevos 4000 PCS\/H a la venta\" width=\"500\" height=\"281\" src=\"https:\/\/www.youtube.com\/embed\/FZ-dyptdaEM?feature=oembed\" frameborder=\"0\" allow=\"accelerometer; autoplay; clipboard-write; encrypted-media; gyroscope; picture-in-picture; web-share\" referrerpolicy=\"strict-origin-when-cross-origin\" allowfullscreen><\/iframe> <\/div><figcaption class=\"wp-element-caption\">V\u00eddeo sobre la m\u00e1quina de bandeja de papel de 4000 unidades\/h.<\/figcaption><\/figure>    <h2 class=\"wp-block-heading\"><strong>Las ventajas de invertir en esta m\u00e1quina fabricadora de bandejas de papel SL-4*8<\/strong><\/h2>    <ol class=\"wp-block-list\"> <li><strong>Materias primas baratas<\/strong> utilizado en esta m\u00e1quina de bandejas de huevos se puede reciclar nuevamente, lo cual es muy ecol\u00f3gico.<\/li>    <li><strong>La capacidad es de 4000 piezas por hora.<\/strong>, alta eficiencia, puede satisfacer la producci\u00f3n a mediana o gran escala.<\/li>    <li>El <strong>alto grado de automatizaci\u00f3n<\/strong>. Esta m\u00e1quina puede formar una l\u00ednea completa de producci\u00f3n de bandejas de papel con otras m\u00e1quinas, con alta automatizaci\u00f3n.<\/li>    <li>El <strong>m\u00e9todo de secado<\/strong> Se puede elegir entre el horno de ladrillos o el secado del metal, que es muy selectivo.<\/li>    <li><strong>Gran margen de beneficio<\/strong>. El coste de producci\u00f3n es bajo, pero el mercado es enorme.<\/li> <\/ol>    <figure class=\"wp-block-gallery aligncenter has-nested-images columns-default is-cropped wp-block-gallery-2 is-layout-flex wp-block-gallery-is-layout-flex\"> <figure class=\"wp-block-image size-large\"><img loading=\"lazy\" decoding=\"async\" width=\"720\" height=\"540\" data-id=\"611\" src=\"https:\/\/www.eggtray.org\/wp-content\/uploads\/2022\/11\/paper-egg-tray-machine.webp\" alt=\"m\u00e1quina de bandeja de huevos de papel\" class=\"wp-image-611\" title=\"\" srcset=\"https:\/\/www.eggtray.org\/wp-content\/uploads\/2022\/11\/paper-egg-tray-machine.webp 720w, https:\/\/www.eggtray.org\/wp-content\/uploads\/2022\/11\/paper-egg-tray-machine-300x225.webp 300w\" sizes=\"auto, (max-width: 720px) 100vw, 720px\" \/><figcaption class=\"wp-element-caption\">M\u00e1quina de bandeja de huevos de papel<\/figcaption><\/figure>    <figure class=\"wp-block-image size-large\"><img loading=\"lazy\" decoding=\"async\" width=\"720\" height=\"540\" data-id=\"612\" src=\"https:\/\/www.eggtray.org\/wp-content\/uploads\/2022\/11\/paper-tray-machine.webp\" alt=\"m\u00e1quina de bandeja de papel\" class=\"wp-image-612\" title=\"\" srcset=\"https:\/\/www.eggtray.org\/wp-content\/uploads\/2022\/11\/paper-tray-machine.webp 720w, https:\/\/www.eggtray.org\/wp-content\/uploads\/2022\/11\/paper-tray-machine-300x225.webp 300w\" sizes=\"auto, (max-width: 720px) 100vw, 720px\" \/><figcaption class=\"wp-element-caption\">M\u00e1quina de bandeja de papel<\/figcaption><\/figure> <\/figure>    <h2 class=\"wp-block-heading\"><strong>Par\u00e1metros de la m\u00e1quina para fabricar bandejas de papel Shuliy 4000pcs\/h a la venta<\/strong><\/h2>    <figure class=\"wp-block-table\"><table><tbody><tr><td>Modelo<\/td><td>Capacidad<\/td><td>Consumo de papel<\/td><td>Consumo de agua<\/td><td>Energ\u00eda utilizada<\/td><td>Obrero<\/td><\/tr><tr><td>SL-4*8<\/td><td>4000 piezas\/hora<\/td><td>320kg\/h<\/td><td>600kg\/hora<\/td><td>80kW\/h<\/td><td>5-6<\/td><\/tr><\/tbody><\/table><figcaption class=\"wp-element-caption\">Par\u00e1metros de la m\u00e1quina para fabricar bandejas de huevos de papel<\/figcaption><\/figure>    <p>Debido a que este tipo de m\u00e1quina para bandejas de huevos tiene una capacidad de 4000 unidades por hora, cuando decide invertir en ella, para su producci\u00f3n eficiente y retorno en poco tiempo, debe seleccionar la m\u00e1quina secadora para bandejas de huevos (secadora de metal).<\/p>    <figure class=\"wp-block-embed is-type-video is-provider-youtube wp-block-embed-youtube wp-embed-aspect-16-9 wp-has-aspect-ratio\"><div class=\"wp-block-embed__wrapper\"> <iframe loading=\"lazy\" title=\"M\u00e1quina de moldeo de pulpa de papel de 8 lados con secadora de bandeja de huevo: \u00bfC\u00f3mo funciona la m\u00e1quina de hacer huevos?\" width=\"500\" height=\"281\" src=\"https:\/\/www.youtube.com\/embed\/skFBy8XtZK8?feature=oembed\" frameborder=\"0\" allow=\"accelerometer; autoplay; clipboard-write; encrypted-media; gyroscope; picture-in-picture; web-share\" referrerpolicy=\"strict-origin-when-cross-origin\" allowfullscreen><\/iframe> <\/div><figcaption class=\"wp-element-caption\">M\u00e1quina de bandejas de huevos de 8 lados<\/figcaption><\/figure>    <h2 class=\"wp-block-heading\"><strong>\u00bfPor qu\u00e9 elegir esta m\u00e1quina para fabricar bandejas de pulpa de papel de 4000 unidades por hora?<\/strong><\/h2>    <p class=\"translation-block\">En realidad, esta <a href=\"https:\/\/www.eggtray.org\/es\/product\/egg-tray-making-machine\/\">m\u00e1quina para fabricar bandejas de huevos de papel<\/a> es perfecta para inversiones de producci\u00f3n a media escala. <\/p>    <p>Como inversionista, si tiene suficiente capital listo, suficiente espacio en el sitio y suficientes materias primas, puede realizar una inversi\u00f3n de producci\u00f3n mediana. <\/p>    <p>De esta manera, la recuperaci\u00f3n de la inversi\u00f3n ser\u00e1 r\u00e1pida y nuestro gerente de ventas le brindar\u00e1 asesoramiento y soporte profesional.<\/p>    <h2 class=\"wp-block-heading\"><strong>Los factores afectan el precio de la m\u00e1quina para fabricar bandejas de papel para huevos.<\/strong><\/h2>    <p>El precio de la m\u00e1quina se ve afectado por varios factores, como el molde, la capacidad de la m\u00e1quina, la m\u00e1quina \u00fanica o la l\u00ednea de producci\u00f3n, el capital, etc., que tendr\u00e1n un impacto en el precio de la m\u00e1quina. <\/p>    <p>Por ejemplo, el precio de la m\u00e1quina para fabricar tazones de papel y el precio de la m\u00e1quina para fabricar bandejas de huevos no son los mismos. <\/p>    <p>Shuliy es una empresa integral y potente, su personal es muy profesional y le brindar\u00e1 la mejor soluci\u00f3n seg\u00fan sus necesidades.<\/p>    <figure class=\"wp-block-gallery aligncenter has-nested-images columns-default is-cropped wp-block-gallery-3 is-layout-flex wp-block-gallery-is-layout-flex\"> <figure class=\"wp-block-image size-full\"><img loading=\"lazy\" decoding=\"async\" width=\"720\" height=\"540\" data-id=\"614\" src=\"https:\/\/www.eggtray.org\/wp-content\/uploads\/2022\/11\/egg-tray-making-machine-for-sale.webp\" alt=\"M\u00e1quina para fabricar bandejas de huevos a la venta\" class=\"wp-image-614\" title=\"\" srcset=\"https:\/\/www.eggtray.org\/wp-content\/uploads\/2022\/11\/egg-tray-making-machine-for-sale.webp 720w, https:\/\/www.eggtray.org\/wp-content\/uploads\/2022\/11\/egg-tray-making-machine-for-sale-300x225.webp 300w\" sizes=\"auto, (max-width: 720px) 100vw, 720px\" \/><figcaption class=\"wp-element-caption\">M\u00e1quina para fabricar bandejas de huevos a la venta<\/figcaption><\/figure>    <figure class=\"wp-block-image size-full\"><img loading=\"lazy\" decoding=\"async\" width=\"720\" height=\"540\" data-id=\"613\" src=\"https:\/\/www.eggtray.org\/wp-content\/uploads\/2022\/11\/egg-tray-machine-manufacturer.webp\" alt=\"fabricante de m\u00e1quinas para bandejas de huevos\" class=\"wp-image-613\" title=\"\" srcset=\"https:\/\/www.eggtray.org\/wp-content\/uploads\/2022\/11\/egg-tray-machine-manufacturer.webp 720w, https:\/\/www.eggtray.org\/wp-content\/uploads\/2022\/11\/egg-tray-machine-manufacturer-300x225.webp 300w\" sizes=\"auto, (max-width: 720px) 100vw, 720px\" \/><figcaption class=\"wp-element-caption\">Fabricante de m\u00e1quinas para bandejas de huevos<\/figcaption><\/figure> <\/figure>    <h2 class=\"wp-block-heading\"><strong>Fabricantes y proveedores de m\u00e1quinas para fabricar bandejas de papel - Shuliy Machinery<\/strong><\/h2>    <p>Hay muchos fabricantes y proveedores de m\u00e1quinas para fabricar bandejas de huevos en el mercado. <\/p>    <p>Nosotros, Shuliy Machinery, como empresa que goza de una gran reputaci\u00f3n en el mundo, integramos la fabricaci\u00f3n y el suministro. <\/p>    <p>Contamos con un equipo de ventas profesional, servicio postventa las 24 horas, varios modelos de m\u00e1quinas para bandejas de huevos y una l\u00ednea completa de producci\u00f3n de bandejas de papel con m\u00e1quinas de soporte. <\/p>    <p>Adem\u00e1s, nuestras m\u00e1quinas no solo son de buena calidad sino tambi\u00e9n de alto costo, nunca se arrepentir\u00e1 de habernos elegido.<\/p>    <figure class=\"wp-block-gallery has-nested-images columns-default is-cropped wp-block-gallery-4 is-layout-flex wp-block-gallery-is-layout-flex\"> <figure class=\"wp-block-image size-large\"><img loading=\"lazy\" decoding=\"async\" width=\"720\" height=\"540\" data-id=\"382\" src=\"https:\/\/www.eggtray.org\/wp-content\/uploads\/2022\/08\/Shuliy-Machinery-paper-tray-machine-manufacturer-supplier.webp\" alt=\"Shuliy Machinery-fabricante y proveedor de m\u00e1quinas para bandejas de papel\" class=\"wp-image-382\" title=\"\" srcset=\"https:\/\/www.eggtray.org\/wp-content\/uploads\/2022\/08\/Shuliy-Machinery-paper-tray-machine-manufacturer-supplier.webp 720w, https:\/\/www.eggtray.org\/wp-content\/uploads\/2022\/08\/Shuliy-Machinery-paper-tray-machine-manufacturer-supplier-300x225.webp 300w\" sizes=\"auto, (max-width: 720px) 100vw, 720px\" \/><figcaption class=\"wp-element-caption\">Shuliy Machinery Fabricante de m\u00e1quinas para bandejas de papel &amp;Amp; Proveedor<\/figcaption><\/figure>    <figure class=\"wp-block-image size-large\"><img loading=\"lazy\" decoding=\"async\" width=\"720\" height=\"540\" data-id=\"122\" src=\"https:\/\/www.eggtray.org\/wp-content\/uploads\/2022\/08\/factory.webp\" alt=\"f\u00e1brica de fabricante de m\u00e1quinas de bandejas de huevos\" class=\"wp-image-122\" title=\"\" srcset=\"https:\/\/www.eggtray.org\/wp-content\/uploads\/2022\/08\/factory.webp 720w, https:\/\/www.eggtray.org\/wp-content\/uploads\/2022\/08\/factory-300x225.webp 300w\" sizes=\"auto, (max-width: 720px) 100vw, 720px\" \/><figcaption class=\"wp-element-caption\">F\u00e1brica de fabricantes de m\u00e1quinas para bandejas de huevos<\/figcaption><\/figure> <\/figure>    <h2 class=\"wp-block-heading\"><strong>\u00a1Obtenga una cotizaci\u00f3n ahora!<\/strong><\/h2>    <p class=\"translation-block\">\u00bfEst\u00e1 interesado en esta m\u00e1quina para la producci\u00f3n de <a href=\"https:\/\/en.wikipedia.org\/wiki\/Egg_carton\" target=\"_blank\" rel=\"noopener\">cartones para bandejas de huevos<\/a>? Si es as\u00ed, \u00a1cont\u00e1ctenos para obtener un presupuesto!<\/p>","protected":false},"excerpt":{"rendered":"<p>Esta m\u00e1quina para fabricar bandejas de papel es capaz de producir 4000 bandejas de huevos por hora y es altamente eficiente, ahorra energ\u00eda y es respetuosa con el medio ambiente. <\/p>","protected":false},"author":1,"featured_media":583,"parent":0,"template":"","tags":[10,11,88,67],"product-type":[61],"class_list":["post-581","product","type-product","status-publish","has-post-thumbnail","hentry","tag-egg-tray-machine","tag-egg-tray-making-machine","tag-egg-trays","tag-paper-tray-making-machine","product-type-by-capacity"],"_links":{"self":[{"href":"https:\/\/www.eggtray.org\/es\/wp-json\/wp\/v2\/product\/581","targetHints":{"allow":["GET"]}}],"collection":[{"href":"https:\/\/www.eggtray.org\/es\/wp-json\/wp\/v2\/product"}],"about":[{"href":"https:\/\/www.eggtray.org\/es\/wp-json\/wp\/v2\/types\/product"}],"author":[{"embeddable":true,"href":"https:\/\/www.eggtray.org\/es\/wp-json\/wp\/v2\/users\/1"}],"wp:featuredmedia":[{"embeddable":true,"href":"https:\/\/www.eggtray.org\/es\/wp-json\/wp\/v2\/media\/583"}],"wp:attachment":[{"href":"https:\/\/www.eggtray.org\/es\/wp-json\/wp\/v2\/media?parent=581"}],"wp:term":[{"taxonomy":"post_tag","embeddable":true,"href":"https:\/\/www.eggtray.org\/es\/wp-json\/wp\/v2\/tags?post=581"},{"taxonomy":"product-type","embeddable":true,"href":"https:\/\/www.eggtray.org\/es\/wp-json\/wp\/v2\/product-type?post=581"}],"curies":[{"name":"wp","href":"https:\/\/api.w.org\/{rel}","templated":true}]}}