{"id":593,"date":"2022-11-24T15:46:06","date_gmt":"2022-11-24T07:46:06","guid":{"rendered":"https:\/\/www.eggtray.org\/?post_type=product&#038;p=593"},"modified":"2025-10-30T14:15:06","modified_gmt":"2025-10-30T06:15:06","slug":"6000pcs-h-paper-egg-tray-making-machine","status":"publish","type":"product","link":"https:\/\/www.eggtray.org\/es\/product\/6000pcs-h-paper-egg-tray-making-machine\/","title":{"rendered":"Bandeja de papel para huevos 6000PCS\/H que hace la m\u00e1quina"},"content":{"rendered":"<p class=\"translation-block\">Esta <strong>m\u00e1quina para fabricar bandejas de huevos de papel<\/strong> de 6000 unidades\/h, modelo SL-5*12, es una m\u00e1quina ideal para llevar a cabo la producci\u00f3n en masa de bandejas de papel, adecuada para granjas a gran escala. <\/p>    <p>Para los inversores, si cuentan con suficiente capital y planean producir bandejas de huevos en masa, esta m\u00e1quina de producci\u00f3n de bandejas de huevos es una excelente opci\u00f3n.<\/p>    <figure class=\"wp-block-embed is-type-video is-provider-youtube wp-block-embed-youtube wp-embed-aspect-16-9 wp-has-aspect-ratio\"><div class=\"wp-block-embed__wrapper\"> <iframe loading=\"lazy\" title=\"Fabricaci\u00f3n eficaz de cajas de cart\u00f3n para bandejas de huevos: \u00a1desde el moldeado, el secado hasta el embalaje! Precio de la m\u00e1quina de bandejas de huevos\" width=\"500\" height=\"281\" src=\"https:\/\/www.youtube.com\/embed\/usW7Li1ju98?feature=oembed\" frameborder=\"0\" allow=\"accelerometer; autoplay; clipboard-write; encrypted-media; gyroscope; picture-in-picture; web-share\" referrerpolicy=\"strict-origin-when-cross-origin\" allowfullscreen><\/iframe> <\/div><figcaption class=\"wp-element-caption\">Video sobre una gran planta de fabricaci\u00f3n de bandejas de huevos.<\/figcaption><\/figure>    <h2 class=\"wp-block-heading\"><strong>Ventajas de la m\u00e1quina autom\u00e1tica para fabricar bandejas de huevos de papel 6000pcs\/h <\/strong><\/h2>    <ul class=\"wp-block-list\"> <li><strong>Gran capacidad<\/strong>, alta eficiencia, adecuado para producci\u00f3n a gran escala.<\/li>    <li><strong>Protecci\u00f3n del medio ambiente<\/strong>. Las materias primas se reutilizan y reciclan para producir nuevamente valiosas bandejas para uso comercial.<\/li>    <li><strong>Varios moldes<\/strong>. Hay disponibles moldes de pl\u00e1stico y moldes de aluminio para uso a m\u00e1quina, muy f\u00e1ciles de limpiar y quitar los residuos.<\/li>    <li><strong>Diferentes formas de bandejas de papel.<\/strong> se puede producir. Basta con cambiar el molde correspondiente.<\/li>    <li><strong>Ganancias r\u00e1pidamente<\/strong>. Debido a que esta m\u00e1quina de producci\u00f3n tiene una capacidad de 6000 unidades por hora, produce muchas bandejas de huevos y genera ganancias r\u00e1pidamente.<\/li> <\/ul>    <figure class=\"wp-block-gallery has-nested-images columns-default is-cropped wp-block-gallery-2 is-layout-flex wp-block-gallery-is-layout-flex\"> <figure class=\"wp-block-image size-large\"><img loading=\"lazy\" decoding=\"async\" width=\"720\" height=\"540\" data-id=\"1035\" src=\"https:\/\/www.eggtray.org\/wp-content\/uploads\/2022\/11\/paper-pulp-egg-tray-making-machine-for-sale.webp\" alt=\"M\u00e1quina para fabricar bandejas de huevos de pulpa de papel a la venta\" class=\"wp-image-1035\" title=\"\" srcset=\"https:\/\/www.eggtray.org\/wp-content\/uploads\/2022\/11\/paper-pulp-egg-tray-making-machine-for-sale.webp 720w, https:\/\/www.eggtray.org\/wp-content\/uploads\/2022\/11\/paper-pulp-egg-tray-making-machine-for-sale-300x225.webp 300w, https:\/\/www.eggtray.org\/wp-content\/uploads\/2022\/11\/paper-pulp-egg-tray-making-machine-for-sale-16x12.webp 16w\" sizes=\"auto, (max-width: 720px) 100vw, 720px\" \/><figcaption class=\"wp-element-caption\">M\u00e1quina para fabricar bandejas de huevos de pulpa de papel a la venta<\/figcaption><\/figure>    <figure class=\"wp-block-image size-large\"><img loading=\"lazy\" decoding=\"async\" width=\"720\" height=\"540\" data-id=\"1033\" src=\"https:\/\/www.eggtray.org\/wp-content\/uploads\/2022\/11\/fully-automatic-paper-tray-machine.webp\" alt=\"m\u00e1quina de bandeja de papel completamente autom\u00e1tica\" class=\"wp-image-1033\" title=\"\" srcset=\"https:\/\/www.eggtray.org\/wp-content\/uploads\/2022\/11\/fully-automatic-paper-tray-machine.webp 720w, https:\/\/www.eggtray.org\/wp-content\/uploads\/2022\/11\/fully-automatic-paper-tray-machine-300x225.webp 300w, https:\/\/www.eggtray.org\/wp-content\/uploads\/2022\/11\/fully-automatic-paper-tray-machine-16x12.webp 16w\" sizes=\"auto, (max-width: 720px) 100vw, 720px\" \/><figcaption class=\"wp-element-caption\">M\u00e1quina de bandeja de papel completamente autom\u00e1tica<\/figcaption><\/figure>    <figure class=\"wp-block-image size-large\"><img loading=\"lazy\" decoding=\"async\" width=\"720\" height=\"540\" data-id=\"1034\" src=\"https:\/\/www.eggtray.org\/wp-content\/uploads\/2022\/11\/large-egg-tray-making-machine.webp\" alt=\"m\u00e1quina para fabricar bandejas de huevos grandes\" class=\"wp-image-1034\" title=\"\" srcset=\"https:\/\/www.eggtray.org\/wp-content\/uploads\/2022\/11\/large-egg-tray-making-machine.webp 720w, https:\/\/www.eggtray.org\/wp-content\/uploads\/2022\/11\/large-egg-tray-making-machine-300x225.webp 300w, https:\/\/www.eggtray.org\/wp-content\/uploads\/2022\/11\/large-egg-tray-making-machine-16x12.webp 16w\" sizes=\"auto, (max-width: 720px) 100vw, 720px\" \/><figcaption class=\"wp-element-caption\">M\u00e1quina para fabricar bandejas de huevos grandes<\/figcaption><\/figure> <\/figure>    <h2 class=\"wp-block-heading\"><strong>Par\u00e1metros t\u00e9cnicos de la m\u00e1quina para fabricar bandejas de huevos de papel Shuliy 6000pcs\/h<\/strong><\/h2>    <figure class=\"wp-block-table\"><table><tbody><tr><td>Modelo<\/td><td>Capacidad<\/td><td>Consumo de papel<\/td><td>Consumo de agua<\/td><td>Energ\u00eda utilizada<\/td><td>Obrero<\/td><\/tr><tr><td>SL-5*12<\/td><td>6000 piezas\/hora<\/td><td>480kg\/h<\/td><td>900kg\/hora<\/td><td>90kW\/h<\/td><td>3-4<\/td><\/tr><\/tbody><\/table><figcaption class=\"wp-element-caption\">Par\u00e1metros de la m\u00e1quina para fabricar bandejas de huevos grandes<\/figcaption><\/figure>    <p>Si desea iniciar una producci\u00f3n de bandejas de papel de gran volumen o expandir su negocio, entonces esta m\u00e1quina para fabricar bandejas de huevos es la opci\u00f3n correcta para usted. Si desea obtener m\u00e1s informaci\u00f3n, \u00a1bienvenido a contactarnos!<\/p>    <h2 class=\"wp-block-heading\"><strong>Gran l\u00ednea completa de producci\u00f3n de bandejas de huevos de papel. <\/strong><\/h2>    <p>El proceso de fabricaci\u00f3n de bandejas de huevos incluye despulpado, formado, secado, prensado en caliente y empacado.<\/p>    <p class=\"translation-block\">Si elige esta m\u00e1quina para fabricar bandejas de huevos de papel de 6000 unidades\/h, la mejor soluci\u00f3n de secado es la <a href=\"https:\/\/www.eggtray.org\/es\/product\/egg-tray-dryer\/\" target=\"_blank\" rel=\"noreferrer noopener\">m\u00e1quina secadora de metal<\/a>.<\/p>   <div class=\"wp-block-image\"> <figure class=\"aligncenter size-full\"><img loading=\"lazy\" decoding=\"async\" width=\"720\" height=\"540\" src=\"https:\/\/www.eggtray.org\/wp-content\/uploads\/2022\/11\/egg-tray-machine-with-metal-dryer.webp\" alt=\"M\u00e1quina de bandejas de huevos con secador de metal.\" class=\"wp-image-1032\" title=\"\" srcset=\"https:\/\/www.eggtray.org\/wp-content\/uploads\/2022\/11\/egg-tray-machine-with-metal-dryer.webp 720w, https:\/\/www.eggtray.org\/wp-content\/uploads\/2022\/11\/egg-tray-machine-with-metal-dryer-300x225.webp 300w, https:\/\/www.eggtray.org\/wp-content\/uploads\/2022\/11\/egg-tray-machine-with-metal-dryer-16x12.webp 16w\" sizes=\"auto, (max-width: 720px) 100vw, 720px\" \/><figcaption class=\"wp-element-caption\">M\u00e1quina de bandejas de huevos con secador de metal.<\/figcaption><\/figure> <\/div>   <p>La l\u00ednea de fabricaci\u00f3n autom\u00e1tica presenta gran capacidad, alta eficiencia y gran rendimiento. Si est\u00e1 interesado, \u00a1bienvenido a contactarnos!<\/p>   <div class=\"wp-block-image\"> <figure class=\"aligncenter size-full\"><img loading=\"lazy\" decoding=\"async\" width=\"720\" height=\"540\" src=\"https:\/\/www.eggtray.org\/wp-content\/uploads\/2022\/08\/fully-automatic-paper-egg-carton-production-line.webp\" alt=\"L\u00ednea de producci\u00f3n de cart\u00f3n de huevos de papel completamente autom\u00e1tica.\" class=\"wp-image-252\" title=\"\" srcset=\"https:\/\/www.eggtray.org\/wp-content\/uploads\/2022\/08\/fully-automatic-paper-egg-carton-production-line.webp 720w, https:\/\/www.eggtray.org\/wp-content\/uploads\/2022\/08\/fully-automatic-paper-egg-carton-production-line-300x225.webp 300w\" sizes=\"auto, (max-width: 720px) 100vw, 720px\" \/><figcaption class=\"wp-element-caption\">L\u00ednea de producci\u00f3n de cart\u00f3n de huevos de papel completamente autom\u00e1tica.<\/figcaption><\/figure> <\/div>   <h2 class=\"wp-block-heading\"><strong>Moldes para la m\u00e1quina para fabricar bandejas de huevos de papel de pulpa Shuliy SL-5*12<\/strong><\/h2>    <p>Disponemos de moldes de pl\u00e1stico y aluminio para producci\u00f3n. Estos moldes tienen una larga vida \u00fatil y un per\u00edodo de garant\u00eda para garantizar el funcionamiento de su m\u00e1quina. <\/p>    <p>Puedes elegir los moldes que m\u00e1s te gusten para producir bandejas de papel.<\/p>    <figure class=\"wp-block-gallery aligncenter has-nested-images columns-default is-cropped wp-block-gallery-3 is-layout-flex wp-block-gallery-is-layout-flex\"> <figure class=\"wp-block-image size-large\"><img loading=\"lazy\" decoding=\"async\" width=\"720\" height=\"540\" data-id=\"310\" src=\"https:\/\/www.eggtray.org\/wp-content\/uploads\/2022\/08\/molds.webp\" alt=\"moldes\" class=\"wp-image-310\" title=\"\" srcset=\"https:\/\/www.eggtray.org\/wp-content\/uploads\/2022\/08\/molds.webp 720w, https:\/\/www.eggtray.org\/wp-content\/uploads\/2022\/08\/molds-300x225.webp 300w\" sizes=\"auto, (max-width: 720px) 100vw, 720px\" \/><figcaption class=\"wp-element-caption\">Moldes<\/figcaption><\/figure>    <figure class=\"wp-block-image size-large\"><img loading=\"lazy\" decoding=\"async\" width=\"720\" height=\"540\" data-id=\"378\" src=\"https:\/\/www.eggtray.org\/wp-content\/uploads\/2022\/08\/different-paper-tray-molds.webp\" alt=\"diferentes-moldes-para-bandejas-de-papel\" class=\"wp-image-378\" title=\"\" srcset=\"https:\/\/www.eggtray.org\/wp-content\/uploads\/2022\/08\/different-paper-tray-molds.webp 720w, https:\/\/www.eggtray.org\/wp-content\/uploads\/2022\/08\/different-paper-tray-molds-300x225.webp 300w\" sizes=\"auto, (max-width: 720px) 100vw, 720px\" \/><figcaption class=\"wp-element-caption\">Diferentes moldes para bandejas de papel<\/figcaption><\/figure> <\/figure>    <h2 class=\"wp-block-heading\"><strong>Proyectos de la m\u00e1quina para fabricar bandejas de huevos de papel Shuliy SL-5*12<\/strong><\/h2>    <p>La m\u00e1quina para bandejas de huevos de Shuliy Machinery es una m\u00e1quina respetuosa con el medio ambiente que es popular en todo el mundo y hay compradores de la m\u00e1quina en todo el mundo. <\/p>    <p class=\"translation-block\">Nuestras m\u00e1quinas se exportan a menudo a <strong>Nigeria, Kenia, Arabia Saud\u00ed, Zambia, Camboya<\/strong>, etc.<\/p>   <div class=\"wp-block-image\"> <figure class=\"aligncenter size-full\"><img loading=\"lazy\" decoding=\"async\" width=\"720\" height=\"540\" src=\"https:\/\/www.eggtray.org\/wp-content\/uploads\/2022\/11\/12-side-paper-egg-tray-making-machine.webp\" alt=\"M\u00e1quina para fabricar bandejas de huevos de papel de 12 lados\" class=\"wp-image-606\" title=\"\" srcset=\"https:\/\/www.eggtray.org\/wp-content\/uploads\/2022\/11\/12-side-paper-egg-tray-making-machine.webp 720w, https:\/\/www.eggtray.org\/wp-content\/uploads\/2022\/11\/12-side-paper-egg-tray-making-machine-300x225.webp 300w\" sizes=\"auto, (max-width: 720px) 100vw, 720px\" \/><figcaption class=\"wp-element-caption\">M\u00e1quina para fabricar bandejas de huevos de papel de 12 lados<\/figcaption><\/figure> <\/div>   <h2 class=\"wp-block-heading\"><strong>\u00a1Cont\u00e1ctanos para iniciar tu negocio ahora!<\/strong><\/h2>    <p class=\"translation-block\">\u00bfQuiere obtener un retorno rentable a trav\u00e9s del <a href=\"https:\/\/en.wikipedia.org\/wiki\/Paper_recycling\" target=\"_blank\" rel=\"noopener\">reciclaje de papel usado<\/a>? Cont\u00e1ctenos y le ayudaremos a maximizar sus beneficios en poco tiempo con una m\u00e1quina para bandejas de huevos.<\/p>    <figure class=\"wp-block-embed is-type-video is-provider-youtube wp-block-embed-youtube wp-embed-aspect-16-9 wp-has-aspect-ratio\"><div class=\"wp-block-embed__wrapper\"> <iframe loading=\"lazy\" title=\"M\u00e1quina de bandeja de huevos grande con sistema de secado y recolecci\u00f3n de horno de ladrillo en operaci\u00f3n completa #eggTray\" width=\"500\" height=\"281\" src=\"https:\/\/www.youtube.com\/embed\/5DUwmLc3b3k?feature=oembed\" frameborder=\"0\" allow=\"accelerometer; autoplay; clipboard-write; encrypted-media; gyroscope; picture-in-picture; web-share\" referrerpolicy=\"strict-origin-when-cross-origin\" allowfullscreen><\/iframe> <\/div><figcaption class=\"wp-element-caption\">Video de la m\u00e1quina de formaci\u00f3n de bandeja de papel de huevo grande<\/figcaption><\/figure>","protected":false},"excerpt":{"rendered":"<p>Esta m\u00e1quina para fabricar bandejas de huevos de papel sirve para fabricar bandejas de papel con una producci\u00f3n de 6000 unidades por hora, adecuada para invertir en grandes plantas.<\/p>","protected":false},"author":1,"featured_media":605,"parent":0,"template":"","tags":[11,88,68],"product-type":[61,5,4],"class_list":["post-593","product","type-product","status-publish","has-post-thumbnail","hentry","tag-egg-tray-making-machine","tag-egg-trays","tag-paper-egg-tray-making-machine","product-type-by-capacity","product-type-main-equipment","product-type-product"],"_links":{"self":[{"href":"https:\/\/www.eggtray.org\/es\/wp-json\/wp\/v2\/product\/593","targetHints":{"allow":["GET"]}}],"collection":[{"href":"https:\/\/www.eggtray.org\/es\/wp-json\/wp\/v2\/product"}],"about":[{"href":"https:\/\/www.eggtray.org\/es\/wp-json\/wp\/v2\/types\/product"}],"author":[{"embeddable":true,"href":"https:\/\/www.eggtray.org\/es\/wp-json\/wp\/v2\/users\/1"}],"wp:featuredmedia":[{"embeddable":true,"href":"https:\/\/www.eggtray.org\/es\/wp-json\/wp\/v2\/media\/605"}],"wp:attachment":[{"href":"https:\/\/www.eggtray.org\/es\/wp-json\/wp\/v2\/media?parent=593"}],"wp:term":[{"taxonomy":"post_tag","embeddable":true,"href":"https:\/\/www.eggtray.org\/es\/wp-json\/wp\/v2\/tags?post=593"},{"taxonomy":"product-type","embeddable":true,"href":"https:\/\/www.eggtray.org\/es\/wp-json\/wp\/v2\/product-type?post=593"}],"curies":[{"name":"wp","href":"https:\/\/api.w.org\/{rel}","templated":true}]}}