{"id":275,"date":"2022-08-11T08:42:39","date_gmt":"2022-08-11T00:42:39","guid":{"rendered":"https:\/\/www.eggtray.org\/?post_type=product&#038;p=275"},"modified":"2025-10-30T16:55:53","modified_gmt":"2025-10-30T08:55:53","slug":"quail-egg-tray-making-machine","status":"publish","type":"product","link":"https:\/\/www.eggtray.org\/fr\/product\/quail-egg-tray-making-machine\/","title":{"rendered":"Plateau d'oeufs de caille faisant la machine"},"content":{"rendered":"<p class=\"translation-block\">La machine de fabrication de plateaux en papier pour \u0153ufs de caille vise \u00e0 produire des plateaux en papier de haute qualit\u00e9 pour les \u0153ufs de caille. Par ailleurs, apr\u00e8s avoir chang\u00e9 le moule, cette machine peut aussi produire le plateau d\u2019\u0153ufs, la bo\u00eete \u00e0 \u0153ufs, le plateau de pommes, le plateau de vin rouge, le plateau de p\u00e9pini\u00e8re, le plateau de vin rouge, etc. Les plateaux correspondants sont produits sous le nom de la machine, tels que <a href=\"https:\/\/www.eggtray.org\/fr\/product\/egg-tray-making-machine\/\" target=\"_blank\" rel=\"noreferrer noopener\">machine \u00e0 plateaux pour \u0153ufs<\/a>, machine \u00e0 bo\u00eete \u00e0 \u0153ufs, <a href=\"https:\/\/www.eggtray.org\/fr\/product\/apple-tray-making-machine\/\" target=\"_blank\" rel=\"noreferrer noopener\">machine de fabrication de plateaux pour pommes<\/a>, etc. Si vous \u00eates int\u00e9ress\u00e9 par ceux-ci, n\u2019h\u00e9sitez pas \u00e0 nous contacter !<\/p>    <h2 class=\"wp-block-heading\" id=\"h-complete-quail-egg-tray-production-process\"><strong>Processus complet de production de plateaux \u00e0 \u0153ufs de caille<\/strong><\/h2>    <p class=\"translation-block\">En fait, il est tr\u00e8s similaire \u00e0 la <a href=\"https:\/\/www.eggtray.org\/fr\/product\/egg-tray-production-line-egg-tray-machine\/\" target=\"_blank\" rel=\"noreferrer noopener\">ligne de fabrication de plateaux d\u2019\u0153ufs<\/a> et \u00e0 la ligne de production de bo\u00eetes \u00e0 \u0153ufs, les deux n\u00e9cessitent l\u2019utilisation de la machine \u00e0 pulper, la machine de fabrication de plateaux pour \u0153ufs de caille, la machine de s\u00e9chage, l\u2019unit\u00e9 de presse \u00e0 chaud et la machine d\u2019emballage.<\/p>   <div class=\"wp-block-image\"> <figure class=\"aligncenter size-full\"><img loading=\"lazy\" decoding=\"async\" width=\"720\" height=\"450\" src=\"https:\/\/www.eggtray.org\/wp-content\/uploads\/2022\/08\/complete-paper-tray-production-line.webp\" alt=\"ligne de production compl\u00e8te de bacs \u00e0 papier \" class=\"wp-image-377\" title=\"\" srcset=\"https:\/\/www.eggtray.org\/wp-content\/uploads\/2022\/08\/complete-paper-tray-production-line.webp 720w, https:\/\/www.eggtray.org\/wp-content\/uploads\/2022\/08\/complete-paper-tray-production-line-300x188.webp 300w\" sizes=\"auto, (max-width: 720px) 100vw, 720px\" \/><figcaption class=\"wp-element-caption\">ligne de production compl\u00e8te de bacs \u00e0 papier <\/figcaption><\/figure> <\/div>   <p class=\"translation-block\"><strong>Pulpage<\/strong> : Mettre les mati\u00e8res premi\u00e8res dans la machine \u00e0 pulper. La machine \u00e0 pulper \u00e9crase les mati\u00e8res premi\u00e8res en papier par le mouvement rotatif de la machine. Il est important de noter que vous devez ajouter une certaine quantit\u00e9 d\u2019eau. Si vous avez des questions, vous pouvez nous consulter.<\/p>    <p class=\"translation-block\"><strong>Moulage<\/strong> : C\u2019est l\u2019\u00e9tape cl\u00e9. Apr\u00e8s quelques m\u00e9langes, l\u2019utilisation de la machine \u00e0 plateaux pour \u0153ufs de caille sert \u00e0 produire les plateaux en papier appropri\u00e9s. Dans ce processus, un compresseur d\u2019air et une pompe \u00e0 vide sont utilis\u00e9s. La pompe \u00e0 vide sert \u00e0 aspirer la pulpe vers le moule de formation, et le compresseur d\u2019air sert \u00e0 souffler vers le moule de transfert. Si vous voulez en savoir plus, n\u2019h\u00e9sitez pas \u00e0 <a href=\"https:\/\/www.eggtray.org\/fr\/contact-us\/\" target=\"_blank\" rel=\"noreferrer noopener\">nous contacter<\/a> !<\/p>    <p class=\"translation-block\"><strong>S\u00e9chage<\/strong> : Comme la fabrication de plateaux pour \u0153ufs de caille est humide, elle doit \u00eatre s\u00e8che. Il existe trois m\u00e9thodes de s\u00e9chage : \u2460 s\u00e9chage naturel, \u2461 s\u00e9chage en briqueterie, et \u2462 s\u00e9chage m\u00e9canique. Chacune a ses avantages, vous pouvez \u00e9galement vous r\u00e9f\u00e9rer \u00e0 la <strong>m\u00e9thode de s\u00e9chage des plateaux en papier<\/strong> pour plus de d\u00e9tails !<\/p>    <p class=\"translation-block\"><strong>Post-pression \u00e0 chaud et ballage<\/strong> : La presse \u00e0 chaud est souvent utilis\u00e9e pour les plateaux de type bo\u00eete, ce qui peut les rendre plus esth\u00e9tiques. Ensuite, ils sont emball\u00e9s avec une machine de ballage.<\/p>    <h2 class=\"wp-block-heading\"><strong>Types de moules \u00e0 \u0153ufs de caille pouvant \u00eatre produits<\/strong><\/h2>    <p class=\"translation-block\">Cette machine est tr\u00e8s pratique. Diff\u00e9rents plateaux peuvent \u00eatre produits simplement en changeant les moules. Si vous souhaitez produire des <a href=\"https:\/\/en.wikipedia.org\/wiki\/Tray\" target=\"_blank\" rel=\"noreferrer noopener\">plateaux<\/a> similaires aux plateaux d\u2019\u0153ufs et aux bo\u00eetes \u00e0 \u0153ufs, il vous suffit d\u2019acheter les moules correspondants lors de l\u2019achat de la machine. En bref, quel que soit le type de plateau que vous souhaitez, notre machine de fabrication de plateaux pour \u0153ufs de caille peut le faire.<\/p>    <figure class=\"wp-block-gallery aligncenter has-nested-images columns-default is-cropped wp-block-gallery-2 is-layout-flex wp-block-gallery-is-layout-flex\"> <figure class=\"wp-block-image size-large\"><img loading=\"lazy\" decoding=\"async\" width=\"720\" height=\"540\" data-id=\"378\" src=\"https:\/\/www.eggtray.org\/wp-content\/uploads\/2022\/08\/different-paper-tray-molds.webp\" alt=\"diff\u00e9rents-moules-pour-bacs-\u00e0-papier\" class=\"wp-image-378\" title=\"\" srcset=\"https:\/\/www.eggtray.org\/wp-content\/uploads\/2022\/08\/different-paper-tray-molds.webp 720w, https:\/\/www.eggtray.org\/wp-content\/uploads\/2022\/08\/different-paper-tray-molds-300x225.webp 300w\" sizes=\"auto, (max-width: 720px) 100vw, 720px\" \/><figcaption class=\"wp-element-caption\">Diff\u00e9rents moules de bacs \u00e0 papier<\/figcaption><\/figure>    <figure class=\"wp-block-image size-large\"><img loading=\"lazy\" decoding=\"async\" width=\"720\" height=\"540\" data-id=\"379\" src=\"https:\/\/www.eggtray.org\/wp-content\/uploads\/2022\/08\/paper-tray-types.webp\" alt=\"types de bacs \u00e0 papier\" class=\"wp-image-379\" title=\"\" srcset=\"https:\/\/www.eggtray.org\/wp-content\/uploads\/2022\/08\/paper-tray-types.webp 720w, https:\/\/www.eggtray.org\/wp-content\/uploads\/2022\/08\/paper-tray-types-300x225.webp 300w\" sizes=\"auto, (max-width: 720px) 100vw, 720px\" \/><figcaption class=\"wp-element-caption\">Types de bacs \u00e0 papier<\/figcaption><\/figure> <\/figure>    <h2 class=\"wp-block-heading\"><strong>Avantages d'investir dans une machine de fabrication de plateaux \u00e0 \u0153ufs de caille<\/strong><\/h2>    <p class=\"translation-block\"><strong>Faible investissement. <\/strong>Lors d\u2019un investissement dans ce secteur, il est important de prendre en compte les co\u00fbts individuels. Par exemple, les mati\u00e8res premi\u00e8res, les machines, la main-d\u2019\u0153uvre, le temps, etc. Par rapport \u00e0 d\u2019autres industries, le co\u00fbt d\u2019investissement dans cette machine de formation de plateaux en papier est tr\u00e8s faible. De plus, cette machine est enti\u00e8rement automatis\u00e9e et permet d\u2019\u00e9conomiser de la main-d\u2019\u0153uvre.<\/p>    <p class=\"translation-block\"><strong>Rendement \u00e9lev\u00e9. <\/strong>Cette machine a un <strong>fort taux de moulage<\/strong> et une longue dur\u00e9e de vie. Dans la m\u00eame p\u00e9riode, notre machine peut produire des plateaux d\u2019\u0153ufs de caille. De plus, notre machine peut \u00eatre utilis\u00e9e plus longtemps.<\/p>    <h2 class=\"wp-block-heading\"><strong>Comment choisir le bon prix pour une machine \u00e0 plateaux \u00e0 \u0153ufs de caille ?<\/strong><\/h2>    <p class=\"translation-block\"><strong>La qualit\u00e9 avant tout<\/strong>. Lors du choix d\u2019une machine, la qualit\u00e9 est la premi\u00e8re chose \u00e0 prendre en compte.<\/p>    <p class=\"translation-block\"><strong>Fabricant fiable<\/strong>. Choisir un fabricant fiable est tr\u00e8s important pour les investisseurs. Non seulement la qualit\u00e9 de la machine peut \u00eatre garantie, mais le service apr\u00e8s-vente est \u00e9galement assur\u00e9.<\/p>    <p class=\"translation-block\"><strong>Bon rapport qualit\u00e9-prix<\/strong>. Il est tr\u00e8s rentable d\u2019acheter la machine chez une entreprise int\u00e9gr\u00e9e \u00e0 la fois l\u2019industrie et le commerce. Shuliy Machinery est une telle entreprise.<\/p>   <div class=\"wp-block-image\"> <figure class=\"aligncenter size-full\"><img loading=\"lazy\" decoding=\"async\" width=\"720\" height=\"540\" src=\"https:\/\/www.eggtray.org\/wp-content\/uploads\/2022\/08\/quail-egg-tray-making-machine-manufacturer.webp\" alt=\"fabricant de machine de fabrication de plateaux \u00e0 \u0153ufs de caille\" class=\"wp-image-380\" title=\"\" srcset=\"https:\/\/www.eggtray.org\/wp-content\/uploads\/2022\/08\/quail-egg-tray-making-machine-manufacturer.webp 720w, https:\/\/www.eggtray.org\/wp-content\/uploads\/2022\/08\/quail-egg-tray-making-machine-manufacturer-300x225.webp 300w\" sizes=\"auto, (max-width: 720px) 100vw, 720px\" \/><figcaption class=\"wp-element-caption\">fabricant de machine de fabrication de plateaux \u00e0 \u0153ufs de caille<\/figcaption><\/figure> <\/div>   <h2 class=\"wp-block-heading\"><strong>Shuliy Machinery \u2013 fabricant et fournisseur de machines de fabrication de plateaux \u00e0 \u0153ufs de caille<\/strong><\/h2>    <p>Nous, Shuliy Machinery, sommes un fabricant et fournisseur sp\u00e9cialis\u00e9 dans divers types de machines de formage de plateaux \u00e0 pulpe. Nous disposons non seulement de diff\u00e9rents types de machines, mais \u00e9galement de diff\u00e9rentes lignes de production parmi lesquelles vous pouvez choisir. Nos machines sont parfaitement adapt\u00e9es \u00e0 vos diff\u00e9rents besoins professionnels. De plus, nos machines ont des certificats. Si vous avez besoin d'un fabricant, veuillez nous contacter.<\/p>   <div class=\"wp-block-image\"> <figure class=\"aligncenter size-full\"><img loading=\"lazy\" decoding=\"async\" width=\"720\" height=\"540\" src=\"https:\/\/www.eggtray.org\/wp-content\/uploads\/2022\/08\/Shuliy-Machinery-paper-tray-machine-manufacturer-supplier.webp\" alt=\"Shuliy Machinery-fabricant et fournisseur de machine \u00e0 bacs \u00e0 papier\" class=\"wp-image-382\" title=\"\" srcset=\"https:\/\/www.eggtray.org\/wp-content\/uploads\/2022\/08\/Shuliy-Machinery-paper-tray-machine-manufacturer-supplier.webp 720w, https:\/\/www.eggtray.org\/wp-content\/uploads\/2022\/08\/Shuliy-Machinery-paper-tray-machine-manufacturer-supplier-300x225.webp 300w\" sizes=\"auto, (max-width: 720px) 100vw, 720px\" \/><figcaption class=\"wp-element-caption\">Shuliy Machinery-fabricant et fournisseur de machine \u00e0 bacs \u00e0 papier<\/figcaption><\/figure> <\/div>   <h2 class=\"wp-block-heading\"><strong>Pays o\u00f9 les machines se vendent bien<\/strong><\/h2>    <p class=\"translation-block\">Notre machine de fabrication de plateaux \u00e0 \u0153ufs de caille est vendue \u00e0 l\u2019\u00e9tranger. Nous avons des clients en Asie, en Europe, en Afrique, en Am\u00e9rique du Nord, en Oc\u00e9anie, etc. Des pays sp\u00e9cifiques tels que l\u2019Arabie Saoudite, la Turquie, l\u2019Iran, les \u00c9mirats Arabes Unis, la Malaisie, le N\u00e9pal, les Philippines, le Laos, l\u2019Afghanistan, l\u2019Arm\u00e9nie, la Cor\u00e9e, le Botswana, l\u2019Alg\u00e9rie, l\u2019Angola, la Namibie, le Niger, la C\u00f4te d\u2019Ivoire, le Nig\u00e9ria, l\u2019Indon\u00e9sie, la Roumanie, Berlin, l\u2019Ukraine, la Pologne, l\u2019Espagne, la Russie, le Royaume-Uni, la France, l\u2019Italie, l\u2019Espagne, la Russie, le Royaume-Uni. Italie, etc.\u00aa<\/p>    <h2 class=\"wp-block-heading\"><strong>Sp\u00e9cifications de la machine \u00e0 bacs \u00e0 papier<\/strong><\/h2>    <figure class=\"wp-block-table\"><table><tbody><tr><td>Mod\u00e8le<\/td><td>Capacit\u00e9<\/td><td>Consommation de papier<\/td><td>Consommation d'eau<\/td><td>\u00c9nergie utilis\u00e9e<\/td><td>Ouvrier<\/td><\/tr><tr><td>SL-3*1<\/td><td>1000-1500 pi\u00e8ces\/heure<\/td><td>120kg\/h<\/td><td>300kg\/heure<\/td><td>32 kW\/h<\/td><td>3-4<\/td><\/tr><tr><td>SL-4*1<\/td><td>1500-2000 pi\u00e8ces\/heure<\/td><td>160kg\/heure<\/td><td>380kg\/heure<\/td><td>45kwW\/h<\/td><td>3-4<\/td><\/tr><tr><td>SL-3*4<\/td><td>2000-2500 pi\u00e8ces\/heure<\/td><td>200kg\/h<\/td><td>450kg\/heure<\/td><td>58 kW\/h<\/td><td>4-5<\/td><\/tr><tr><td>SL-4*4<\/td><td>3000-3500 pi\u00e8ces\/heure<\/td><td>280kg\/h<\/td><td>560kg\/heure<\/td><td>78 kW\/h<\/td><td>4-5<\/td><\/tr><tr><td>SL-4*8<\/td><td>4000 pi\u00e8ces\/heure<\/td><td>320kg\/h<\/td><td>600kg\/heure<\/td><td>80 kW\/h<\/td><td>5-6<\/td><\/tr><tr><td>SL-5*8<\/td><td>5000 pi\u00e8ces\/heure<\/td><td>400kg\/heure<\/td><td>750kg\/heure<\/td><td>85 kW\/h<\/td><td>3-4<\/td><\/tr><tr><td>SL-5*12<\/td><td>6000 pi\u00e8ces\/heure<\/td><td>480kg\/h<\/td><td>900kg\/h<\/td><td>90 kW\/h<\/td><td>3-4<\/td><\/tr><tr><td>SL-6*12<\/td><td>8000 pi\u00e8ces\/heure<\/td><td>640 kg\/heure<\/td><td>1040 kg\/heure<\/td><td>100 kW\/h<\/td><td>3-4<\/td><\/tr><\/tbody><\/table><\/figure>","protected":false},"excerpt":{"rendered":"<p>The quail egg tray making machine is to produce high-quality quail egg paper trays. Besides, after changing the mold, this machine can also produce the egg tray, egg carton, apple tray, red wine tray, nursery tray, red wine tray, etc. The corresponding paper trays are produced with the name of the machine, such as egg [&hellip;]<\/p>\n","protected":false},"author":1,"featured_media":326,"parent":0,"template":"","tags":[11,9,51],"product-type":[5,60,4],"class_list":["post-275","product","type-product","status-publish","has-post-thumbnail","hentry","tag-egg-tray-making-machine","tag-egg-tray-production-line","tag-quail-egg-tray-making-machine","product-type-main-equipment","product-type-by-products","product-type-product"],"_links":{"self":[{"href":"https:\/\/www.eggtray.org\/fr\/wp-json\/wp\/v2\/product\/275","targetHints":{"allow":["GET"]}}],"collection":[{"href":"https:\/\/www.eggtray.org\/fr\/wp-json\/wp\/v2\/product"}],"about":[{"href":"https:\/\/www.eggtray.org\/fr\/wp-json\/wp\/v2\/types\/product"}],"author":[{"embeddable":true,"href":"https:\/\/www.eggtray.org\/fr\/wp-json\/wp\/v2\/users\/1"}],"wp:featuredmedia":[{"embeddable":true,"href":"https:\/\/www.eggtray.org\/fr\/wp-json\/wp\/v2\/media\/326"}],"wp:attachment":[{"href":"https:\/\/www.eggtray.org\/fr\/wp-json\/wp\/v2\/media?parent=275"}],"wp:term":[{"taxonomy":"post_tag","embeddable":true,"href":"https:\/\/www.eggtray.org\/fr\/wp-json\/wp\/v2\/tags?post=275"},{"taxonomy":"product-type","embeddable":true,"href":"https:\/\/www.eggtray.org\/fr\/wp-json\/wp\/v2\/product-type?post=275"}],"curies":[{"name":"wp","href":"https:\/\/api.w.org\/{rel}","templated":true}]}}