{"id":327,"date":"2022-08-12T06:50:58","date_gmt":"2022-08-12T06:50:58","guid":{"rendered":"https:\/\/www.eggtray.org\/?post_type=product&#038;p=327"},"modified":"2025-10-31T17:33:57","modified_gmt":"2025-10-31T09:33:57","slug":"paper-pulping-machine","status":"publish","type":"product","link":"https:\/\/www.eggtray.org\/fr\/product\/paper-pulping-machine\/","title":{"rendered":"Machine de fabrication de p\u00e2te \u00e0 papier"},"content":{"rendered":"<p>Une machine \u00e0 p\u00e2te \u00e0 papier est une machine qui broie diverses mati\u00e8res premi\u00e8res en p\u00e2te. Chez Shuliy Machinery, on broie principalement diff\u00e9rents types de papier pour fabriquer de la p\u00e2te destin\u00e9e \u00e0 l'\u00e9tape suivante de formage. Pour investir dans la production de diverses barquettes \u00e0 papier, il est essentiel d'acheter une machine de fabrication de p\u00e2te adapt\u00e9e.<\/p>    <h2 class=\"wp-block-heading\" id=\"h-what-is-a-paper-pulper-machine\"><strong>Qu'est-ce qu'une machine \u00e0 pulper le papier ?<\/strong><\/h2>    <p class=\"translation-block\">La machine \u00e0 pulper le papier est une pulpeuse <a href=\"https:\/\/en.wikipedia.org\/wiki\/Hydraulics\" target=\"_blank\" rel=\"noreferrer noopener\">hydraulique<\/a> qui \u00e9crase divers types de papier en pulpe en tournant \u00e0 grande vitesse. Bien s\u00fbr, une certaine quantit\u00e9 d'eau doit \u00eatre ajout\u00e9e. Cette machine est facile \u00e0 utiliser et poss\u00e8de une structure raisonnable, ce qui en fait le meilleur choix pour le broyage de divers mat\u00e9riaux. Notre entreprise est une soci\u00e9t\u00e9 industrielle et commerciale. Ainsi, compar\u00e9 \u00e0 d'autres entreprises du m\u00eame type, notre machine a un prix comp\u00e9titif. Si vous \u00eates int\u00e9ress\u00e9 par cette machine, n'h\u00e9sitez pas \u00e0 <a href=\"https:\/\/www.eggtray.org\/fr\/contact-us\/\" target=\"_blank\" rel=\"noreferrer noopener\">nous contacter<\/a>.<\/p>    <figure class=\"wp-block-gallery aligncenter has-nested-images columns-default is-cropped wp-block-gallery-2 is-layout-flex wp-block-gallery-is-layout-flex\"> <figure class=\"wp-block-image size-large\"><img loading=\"lazy\" decoding=\"async\" width=\"720\" height=\"540\" data-id=\"390\" src=\"https:\/\/www.eggtray.org\/wp-content\/uploads\/2022\/08\/egg-tray-pulper.webp\" alt=\"pulpeur de plateaux \u00e0 \u0153ufs\" class=\"wp-image-390\" title=\"\" srcset=\"https:\/\/www.eggtray.org\/wp-content\/uploads\/2022\/08\/egg-tray-pulper.webp 720w, https:\/\/www.eggtray.org\/wp-content\/uploads\/2022\/08\/egg-tray-pulper-300x225.webp 300w\" sizes=\"auto, (max-width: 720px) 100vw, 720px\" \/><figcaption>Pulpeur de plateaux \u00e0 \u0153ufs<\/figcaption><\/figure>    <figure class=\"wp-block-image size-large\"><img loading=\"lazy\" decoding=\"async\" width=\"720\" height=\"540\" data-id=\"391\" src=\"https:\/\/www.eggtray.org\/wp-content\/uploads\/2022\/08\/pulper-machine.webp\" alt=\"machine \u00e0 pulper\" class=\"wp-image-391\" title=\"\" srcset=\"https:\/\/www.eggtray.org\/wp-content\/uploads\/2022\/08\/pulper-machine.webp 720w, https:\/\/www.eggtray.org\/wp-content\/uploads\/2022\/08\/pulper-machine-300x225.webp 300w\" sizes=\"auto, (max-width: 720px) 100vw, 720px\" \/><figcaption>Machine \u00e0 pulper<\/figcaption><\/figure> <\/figure>    <h2 class=\"wp-block-heading\"><strong>Application dans la ligne de production de plateaux \u00e0 \u0153ufs\/carton<\/strong><\/h2>    <p class=\"translation-block\">Dans la <strong><a href=\"https:\/\/www.eggtray.org\/fr\/products\/production-line\/\" target=\"_blank\" rel=\"noreferrer noopener\">ligne de production compl\u00e8te de bo\u00eetes \u00e0 \u0153ufs<\/a><\/strong>, les \u00e9tapes n\u00e9cessaires sont la fabrication de la pulpe, le formage, le s\u00e9chage, le pressage \u00e0 chaud et le conditionnement. On peut voir que la fabrication de la pulpe est la premi\u00e8re \u00e9tape. Par cons\u00e9quent, la machine \u00e0 pulper le papier est tr\u00e8s importante.<\/p>    <p>Le papier et l'eau sont m\u00e9lang\u00e9s dans un certain rapport, puis le courant est d\u00e9marr\u00e9. Sous l'action d'une rotation r\u00e9v\u00e9latrice, le papier est d\u00e9chiquet\u00e9 en p\u00e2te et pr\u00e9par\u00e9 pour l'\u00e9tape suivante de formage. Il s'agit du syst\u00e8me de r\u00e9duction en p\u00e2te dans la cha\u00eene de production de plateaux\/caisses \u00e0 \u0153ufs. <\/p>    <h2 class=\"wp-block-heading\"><strong>Quel \u00e9quipement compose le syst\u00e8me de r\u00e9duction en p\u00e2te\u00a0?<\/strong><\/h2>    <p>En prenant comme exemple la ligne de fabrication de plateaux \u00e0 \u0153ufs de 1 000 pi\u00e8ces\/h, l'\u00e9quipement est r\u00e9pertori\u00e9 ci-dessous. Si vous souhaitez une plus grande capacit\u00e9, vous pouvez choisir la machine correspondante avec la bonne capacit\u00e9. <\/p>    <figure class=\"wp-block-table\"><table><tbody><tr><td>Nom de la machine<\/td><td>Mod\u00e8le<\/td><td>Pouvoir<\/td><td>Unit\u00e9<\/td><\/tr><tr><td>Pulpeur d'hydre<\/td><td>SL1.0<\/td><td>7,5 kW<\/td><td>1 jeu<\/td><\/tr><tr><td>Vanne papillon<\/td><td>DN100<\/td><td>\/<\/td><td>1 pc<\/td><\/tr><tr><td>Pompe \u00e0 pulpe<\/td><td>3 pouces<\/td><td>2,2 kW<\/td><td>1 jeu<\/td><\/tr><tr><td>Batteur pour bassin \u00e0 pulpe<\/td><td>110 tr\/min<\/td><td>1,5 kW<\/td><td>1 jeu<\/td><\/tr><tr><td>Pompes \u00e0 eaux us\u00e9es&nbsp;<\/td><td>\/<\/td><td>0,75 kW<\/td><td>1 jeu<\/td><\/tr><tr><td>Tuyau de transport de p\u00e2te<\/td><td>\/<\/td><td>\/<\/td><td>1 jeu<\/td><\/tr><\/tbody><\/table><\/figure>    <h2 class=\"wp-block-heading\"><strong>Principe de fonctionnement de la machine \u00e0 p\u00e2te \u00e0 papier<\/strong><\/h2>    <p>Le principe de fonctionnement est en r\u00e9alit\u00e9 tr\u00e8s simple. Puisqu'il s'agit d'un hydrapulpeur, utilisez la vitesse \u00e9lev\u00e9e pour produire la friction, puis cassez le papier en p\u00e2te. <\/p>   <div class=\"wp-block-image\"> <figure class=\"aligncenter size-full\"><img loading=\"lazy\" decoding=\"async\" width=\"720\" height=\"540\" src=\"https:\/\/www.eggtray.org\/wp-content\/uploads\/2022\/08\/pulp-making-machine-manufacturer.webp\" alt=\"fabricant de machines de fabrication de p\u00e2te \u00e0 papier\" class=\"wp-image-389\" title=\"\" srcset=\"https:\/\/www.eggtray.org\/wp-content\/uploads\/2022\/08\/pulp-making-machine-manufacturer.webp 720w, https:\/\/www.eggtray.org\/wp-content\/uploads\/2022\/08\/pulp-making-machine-manufacturer-300x225.webp 300w\" sizes=\"auto, (max-width: 720px) 100vw, 720px\" \/><figcaption>fabricant de machines de fabrication de p\u00e2te \u00e0 papier<\/figcaption><\/figure> <\/div>   <h2 class=\"wp-block-heading\"><strong>Avantages de la machine \u00e0 p\u00e2te \u00e0 papier<\/strong><\/h2>    <ol class=\"wp-block-list\"><li>Structure simple, facile \u00e0 utiliser et tr\u00e8s conviviale pour les utilisateurs.<\/li><li>Le pulpeur hydraulique est rentable, avec des avantages en termes de prix.<\/li><li>Diff\u00e9rents types sont disponibles, adapt\u00e9s \u00e0 la production \u00e0 petite, moyenne et grande \u00e9chelle. <\/li><\/ol>    <h2 class=\"wp-block-heading\"><strong>Param\u00e8tres techniques de la machine \u00e0 p\u00e2te \u00e0 papier<\/strong><\/h2>    <figure class=\"wp-block-table\"><table><tbody><tr><td>Mod\u00e8le<\/td><td>Puissance (kW)<\/td><td>Volume\uff08m\u00b3\uff09<\/td><td>Taille (mm)<\/td><td>Capacit\u00e9 (kg\/une fois)<\/td><\/tr><tr><td>SL-1.0<\/td><td>7.5<\/td><td>1.2<\/td><td>1400*1200*1400<\/td><td>300<\/td><\/tr><tr><td>SL-2.0<\/td><td>11<\/td><td>2.0<\/td><td>1550*1500*1400<\/td><td>400<\/td><\/tr><tr><td>SL-4.5<\/td><td>22<\/td><td>4.5<\/td><td>2200*2200*2600<\/td><td>600<\/td><\/tr><\/tbody><\/table><\/figure>","protected":false},"excerpt":{"rendered":"<p>A paper pulping machine is a machine that crushes various raw materials into pulp. In Shuliy Machinery, it mainly crushes various kinds of paper to make pulp for the next step of forming. For investing in the production of various paper trays, it is essential to purchase a suitable pulp making machine. What is a [&hellip;]<\/p>\n","protected":false},"author":1,"featured_media":333,"parent":0,"template":"","tags":[53,54,52,14],"product-type":[6],"class_list":["post-327","product","type-product","status-publish","has-post-thumbnail","hentry","tag-egg-tray-pulper","tag-egg-tray-pulping-system","tag-paper-pulping-machine","tag-pulp-making-machine","product-type-auxiliary-equipment"],"_links":{"self":[{"href":"https:\/\/www.eggtray.org\/fr\/wp-json\/wp\/v2\/product\/327","targetHints":{"allow":["GET"]}}],"collection":[{"href":"https:\/\/www.eggtray.org\/fr\/wp-json\/wp\/v2\/product"}],"about":[{"href":"https:\/\/www.eggtray.org\/fr\/wp-json\/wp\/v2\/types\/product"}],"author":[{"embeddable":true,"href":"https:\/\/www.eggtray.org\/fr\/wp-json\/wp\/v2\/users\/1"}],"wp:featuredmedia":[{"embeddable":true,"href":"https:\/\/www.eggtray.org\/fr\/wp-json\/wp\/v2\/media\/333"}],"wp:attachment":[{"href":"https:\/\/www.eggtray.org\/fr\/wp-json\/wp\/v2\/media?parent=327"}],"wp:term":[{"taxonomy":"post_tag","embeddable":true,"href":"https:\/\/www.eggtray.org\/fr\/wp-json\/wp\/v2\/tags?post=327"},{"taxonomy":"product-type","embeddable":true,"href":"https:\/\/www.eggtray.org\/fr\/wp-json\/wp\/v2\/product-type?post=327"}],"curies":[{"name":"wp","href":"https:\/\/api.w.org\/{rel}","templated":true}]}}