{"id":334,"date":"2022-08-12T09:22:57","date_gmt":"2022-08-12T09:22:57","guid":{"rendered":"https:\/\/www.eggtray.org\/?post_type=product&#038;p=334"},"modified":"2025-12-18T15:06:45","modified_gmt":"2025-12-18T07:06:45","slug":"egg-tray-dryer","status":"publish","type":"product","link":"https:\/\/www.eggtray.org\/fr\/product\/egg-tray-dryer\/","title":{"rendered":"S\u00e9choir \u00e0 plateaux \u00e0 \u0153ufs"},"content":{"rendered":"<p>Le s\u00e9choir \u00e0 plateaux \u00e0 \u0153ufs sert principalement \u00e0 s\u00e9cher le plateau \u00e0 \u0153ufs humide. Elle joue un r\u00f4le actif dans le processus de fabrication et de production des plateaux \u00e0 \u0153ufs. Cette \u00e9tape est la machine qui permet \u00e0 l'acheteur d'acc\u00e9l\u00e9rer l'utilisation du plateau \u00e0 \u0153ufs. Cette machine est une \u00e9tape indispensable si vous \u00eates int\u00e9ress\u00e9 par les barquettes \u00e0 \u0153ufs en papier. S'il vous pla\u00eet, appelez-nous pour plus d'informations!<\/p>    <h2 class=\"wp-block-heading\" id=\"h-what-is-the-egg-tray-dryer\"><strong>Qu'est-ce que le s\u00e9choir \u00e0 plateaux \u00e0 \u0153ufs\u00a0?<\/strong><\/h2>    <p class=\"translation-block\">La machine de s\u00e9chage de casiers \u00e0 \u0153ufs est \u00e9galement le syst\u00e8me de s\u00e9chage de casiers \u00e0 \u0153ufs dans le <a href=\"https:\/\/www.eggtray.org\/fr\/product\/egg-tray-production-line-egg-tray-machine\/\" target=\"_blank\" rel=\"noreferrer noopener\">processus de fabrication de casiers \u00e0 \u0153ufs<\/a>. Sa fonction est de s\u00e9cher les plateaux en papier humides. Dans la ligne de production de Shuliy Machinery, la m\u00e9thode de s\u00e9chage est \u00e9galement diff\u00e9rente et sera s\u00e9lectionn\u00e9e en fonction de l'\u00e9chelle de production. Si vous souhaitez en savoir plus, bienvenue \u00e0 lire le contenu.<\/p>    <h2 class=\"wp-block-heading\"><strong>Type 1 : le s\u00e9chage naturel <\/strong><\/h2>    <p class=\"translation-block\">Le s\u00e9chage naturel, comme son nom l'indique, consiste \u00e0 s\u00e9cher les plateaux humides en les exposant au soleil et en les s\u00e9chant gr\u00e2ce \u00e0 la puissance de la nature. C'est un type enti\u00e8rement manuel. C'est rentable mais ne convient qu'\u00e0 la production \u00e0 petite \u00e9chelle. Comme la <a href=\"https:\/\/www.eggtray.org\/fr\/product\/egg-tray-making-machine\/\" target=\"_blank\" rel=\"noreferrer noopener\">machine \u00e0 plateaux \u00e0 \u0153ufs<\/a> pour 1000 pi\u00e8ces par heure ou 1500 pi\u00e8ces par heure.<\/p>    <div class=\"wp-block-group\"><div class=\"wp-block-group__inner-container is-layout-flow wp-block-group-is-layout-flow\"> <p>En outre, ce type de s\u00e9choir \u00e0 \u0153ufs peut \u00e9galement \u00eatre utilis\u00e9 pour soutenir le plateau \u00e0 \u0153ufs avec un support, qui peut \u00eatre plac\u00e9 au soleil ou plac\u00e9 dans un espace ferm\u00e9 pour le s\u00e9cher.<\/p> <\/div><\/div>    <figure class=\"wp-block-gallery aligncenter has-nested-images columns-default is-cropped wp-block-gallery-2 is-layout-flex wp-block-gallery-is-layout-flex\"> <figure class=\"wp-block-image size-large\"><img loading=\"lazy\" decoding=\"async\" width=\"720\" height=\"540\" data-id=\"338\" src=\"https:\/\/www.eggtray.org\/wp-content\/uploads\/2022\/08\/drying-in-the-sun.webp\" alt=\"s\u00e9cher au soleil\" class=\"wp-image-338\" title=\"\" srcset=\"https:\/\/www.eggtray.org\/wp-content\/uploads\/2022\/08\/drying-in-the-sun.webp 720w, https:\/\/www.eggtray.org\/wp-content\/uploads\/2022\/08\/drying-in-the-sun-300x225.webp 300w\" sizes=\"auto, (max-width: 720px) 100vw, 720px\" \/><figcaption class=\"wp-element-caption\">S\u00e9chage au soleil<\/figcaption><\/figure>    <figure class=\"wp-block-image size-large\"><img loading=\"lazy\" decoding=\"async\" width=\"720\" height=\"540\" data-id=\"337\" src=\"https:\/\/www.eggtray.org\/wp-content\/uploads\/2022\/08\/trolley-the-container.webp\" alt=\"chariot et le conteneur\" class=\"wp-image-337\" title=\"\" srcset=\"https:\/\/www.eggtray.org\/wp-content\/uploads\/2022\/08\/trolley-the-container.webp 720w, https:\/\/www.eggtray.org\/wp-content\/uploads\/2022\/08\/trolley-the-container-300x225.webp 300w\" sizes=\"auto, (max-width: 720px) 100vw, 720px\" \/><figcaption class=\"wp-element-caption\">Chariot &amp;Amp; Le conteneur<\/figcaption><\/figure> <\/figure>    <div class=\"wp-block-columns is-layout-flex wp-container-core-columns-is-layout-9d6595d7 wp-block-columns-is-layout-flex\"> <div class=\"wp-block-column is-layout-flow wp-block-column-is-layout-flow\"> <h3 class=\"wp-block-heading\"><strong>Caract\u00e9ristiques du s\u00e9chage naturel<\/strong><\/h3>    <ul class=\"wp-block-list\"> <li>\u00c9conomique et rentable, \u00e9conomisez de l'argent en s\u00e9chant gr\u00e2ce \u00e0 la puissance de la lumi\u00e8re du soleil.<\/li>    <li>Convient \u00e0 la production \u00e0 petite \u00e9chelle. Parce qu'il est s\u00e9ch\u00e9 naturellement, il a besoin d'une aide manuelle. Si l\u2019\u00e9chelle de production est trop grande, la main d\u2019\u0153uvre est un peu \u00e9crasante.<\/li>    <li>Affect\u00e9 par la m\u00e9t\u00e9o. Parce qu'il s'agit d'un s\u00e9chage naturel au soleil, la m\u00e9t\u00e9o est cruciale.<\/li>    <li>Grand espace. Il devrait y avoir suffisamment d'espace pour un s\u00e9chage naturel.<\/li>    <li>Longue dur\u00e9e. En comparaison, le s\u00e9chage naturel prend plus de temps.<\/li> <\/ul> <\/div> <\/div>    <h3 class=\"wp-block-heading\"><strong>Machine \u00e0 plateaux \u00e0 \u0153ufs recommand\u00e9e pour le s\u00e9chage naturel <\/strong><\/h3>    <figure class=\"wp-block-table\"><table><tbody><tr><td>Mod\u00e8le<\/td><td>Capacit\u00e9<\/td><td>Consommation de papier<\/td><td>Consommation d'eau<\/td><td>\u00c9nergie utilis\u00e9e<\/td><td>Ouvrier<\/td><\/tr><tr><td>SL-3*1<\/td><td>1000-1500 pi\u00e8ces\/heure<\/td><td>120kg\/h<\/td><td>300kg\/heure<\/td><td>32 kW\/h<\/td><td>3-4<\/td><\/tr><tr><td>SL-4*1<\/td><td>1500-2000 pi\u00e8ces\/heure<\/td><td>160kg\/heure<\/td><td>380kg\/heure<\/td><td>45kwW\/h<\/td><td>3-4<\/td><\/tr><tr><td>SL-3*4<\/td><td>2000-2500 pi\u00e8ces\/heure<\/td><td>200kg\/h<\/td><td>450kg\/heure<\/td><td>58 kW\/h<\/td><td>4-5<\/td><\/tr><\/tbody><\/table><\/figure>    <h2 class=\"wp-block-heading\"><strong>Type 2\u00a0: ligne de s\u00e9chage au four \u00e0 briques<\/strong><\/h2>    <p>Ce type de s\u00e9choir \u00e0 plateaux \u00e0 \u0153ufs est beaucoup plus rapide et utilise la temp\u00e9rature pour s\u00e9cher lors du chauffage dans le four Brink. C'est un type semi-automatique. Il convient \u00e0 la production de machines de taille moyenne \u00e0 grande. Cette m\u00e9thode de s\u00e9chage est plus efficace que la premi\u00e8re et moins ch\u00e8re que la troisi\u00e8me. Le s\u00e9chage des plateaux ne prend que quelques minutes.<\/p>   <div class=\"wp-block-image\"> <figure class=\"aligncenter size-full\"><img loading=\"lazy\" decoding=\"async\" width=\"720\" height=\"540\" src=\"https:\/\/www.eggtray.org\/wp-content\/uploads\/2022\/08\/brick-kiln-drying.webp\" alt=\"s\u00e9chage au four \u00e0 briques \" class=\"wp-image-347\" title=\"\" srcset=\"https:\/\/www.eggtray.org\/wp-content\/uploads\/2022\/08\/brick-kiln-drying.webp 720w, https:\/\/www.eggtray.org\/wp-content\/uploads\/2022\/08\/brick-kiln-drying-300x225.webp 300w\" sizes=\"auto, (max-width: 720px) 100vw, 720px\" \/><figcaption class=\"wp-element-caption\">s\u00e9chage au four \u00e0 briques <\/figcaption><\/figure> <\/div>   <h3 class=\"wp-block-heading\"><strong>Caract\u00e9ristiques du s\u00e9chage au four \u00e0 briques<\/strong><\/h3>    <ul class=\"wp-block-list\"> <li>Gagnez du temps et des efforts et s\u00e9chez les bacs \u00e0 papier en quelques minutes.<\/li>    <li>Dipl\u00f4me semi-automatique. La bande transporteuse peut transf\u00e9rer les plateaux, mais une collecte manuelle est n\u00e9cessaire.<\/li>    <li>Peu co\u00fbteux. Compar\u00e9 au s\u00e9chage des m\u00e9taux, le prix est bon march\u00e9.<\/li>    <li>Facile \u00e0 entretenir et longue dur\u00e9e de vie. Le four \u00e0 briques dure plus longtemps.<\/li>    <li>Occupant le grand espace. Les utilisateurs doivent construire un four \u00e0 briques avec une conception monocouche et une superficie d'au moins 30 m\u00e8tres carr\u00e9s.<\/li> <\/ul>    <h3 class=\"wp-block-heading\">Param\u00e8tres de la machine \u00e0 plateaux \u00e0 \u0153ufs d'occasion<\/h3>    <figure class=\"wp-block-table\"><table><tbody><tr><td>Mod\u00e8le<\/td><td>Capacit\u00e9<\/td><td>Consommation de papier<\/td><td>Consommation d'eau<\/td><td>\u00c9nergie utilis\u00e9e<\/td><td>Ouvrier<\/td><\/tr><tr><td>SL-4*4<\/td><td>3000-3500 pi\u00e8ces\/heure<\/td><td>280kg\/h<\/td><td>560kg\/heure<\/td><td>78 kW\/h<\/td><td>4-5<\/td><\/tr><tr><td>SL-4*8<\/td><td>4000 pi\u00e8ces\/heure<\/td><td>320kg\/h<\/td><td>600kg\/heure<\/td><td>80 kW\/h<\/td><td>5-6<\/td><\/tr><tr><td>SL-5*8<\/td><td>5000 pi\u00e8ces\/heure<\/td><td>400kg\/heure<\/td><td>750kg\/heure<\/td><td>85 kW\/h<\/td><td>3-4<\/td><\/tr><tr><td>SL-5*12<\/td><td>6000 pi\u00e8ces\/heure<\/td><td>480kg\/h<\/td><td>900kg\/h<\/td><td>90 kW\/h<\/td><td>3-4<\/td><\/tr><tr><td>SL-6*12<\/td><td>8000 pi\u00e8ces\/heure<\/td><td>640 kg\/heure<\/td><td>1040 kg\/heure<\/td><td>100 kW\/h<\/td><td>3-4<\/td><\/tr><\/tbody><\/table><\/figure>    <h2 class=\"wp-block-heading\"><strong>Type 3\u00a0: s\u00e9choir \u00e0 plateaux \u00e0 \u0153ufs en m\u00e9tal<\/strong><\/h2>    <p>Le s\u00e9choir m\u00e9tallique est un syst\u00e8me de s\u00e9chage de plateaux \u00e0 \u0153ufs enti\u00e8rement automatis\u00e9 \u00e0 plusieurs couches, en fonction de l'\u00e9chelle de production. Sur la base de la rentabilit\u00e9, il est recommand\u00e9 d\u2019utiliser ce type de s\u00e9chage en conjonction avec la production de masse pour maximiser vos avantages. Au plaisir de votre enqu\u00eate!<\/p>   <div class=\"wp-block-image\"> <figure class=\"aligncenter size-full\"><img loading=\"lazy\" decoding=\"async\" width=\"720\" height=\"540\" src=\"https:\/\/www.eggtray.org\/wp-content\/uploads\/2022\/08\/metal-multiple-layer-egg-tray-dryer.webp\" alt=\"S\u00e9choir \u00e0 plateaux \u00e0 \u0153ufs \u00e0 plusieurs couches en m\u00e9tal\" class=\"wp-image-344\" title=\"\" srcset=\"https:\/\/www.eggtray.org\/wp-content\/uploads\/2022\/08\/metal-multiple-layer-egg-tray-dryer.webp 720w, https:\/\/www.eggtray.org\/wp-content\/uploads\/2022\/08\/metal-multiple-layer-egg-tray-dryer-300x225.webp 300w\" sizes=\"auto, (max-width: 720px) 100vw, 720px\" \/><figcaption class=\"wp-element-caption\">S\u00e9choir \u00e0 plateaux \u00e0 \u0153ufs \u00e0 plusieurs couches en m\u00e9tal <\/figcaption><\/figure> <\/div>   <h3 class=\"wp-block-heading\"><strong>Points forts du s\u00e9choir \u00e0 plateaux \u00e0 \u0153ufs<\/strong><\/h3>    <ul class=\"wp-block-list\"> <li>Un haut degr\u00e9 d'automatisation. Ce type de s\u00e9chage est le plus automatis\u00e9 des trois, \u00e9conomisant du travail.<\/li>    <li>Le gaz naturel, l\u2019\u00e9lectricit\u00e9, la vapeur et le fioul peuvent \u00eatre utilis\u00e9s comme combustible pour chauffer la machine.<\/li>    <li>Grande surface. La machine \u00e9tant multicouche, elle couvre une large zone.<\/li>    <li>Un haut degr\u00e9 d'applicabilit\u00e9. Quelle que soit la taille de l'\u00e9chelle de production, il est possible d'utiliser un s\u00e9chage multicouche m\u00e9tallique.<\/li>    <li>Cher. Co\u00fbt de la machine \u00e9lev\u00e9 et investissement important dans l'investissement initial.<\/li> <\/ul>    <h3 class=\"wp-block-heading\"><strong>Sp\u00e9cifications de la machine \u00e0 plateaux \u00e0 \u0153ufs sugg\u00e9r\u00e9e<\/strong><\/h3>    <figure class=\"wp-block-table\"><table><tbody><tr><td>Mod\u00e8le<\/td><td>Capacit\u00e9<\/td><td>Consommation de papier<\/td><td>Consommation d'eau<\/td><td>\u00c9nergie utilis\u00e9e<\/td><td>Ouvrier<\/td><\/tr><tr><td>SL-4*4<\/td><td>3000-3500 pi\u00e8ces\/heure<\/td><td>280kg\/h<\/td><td>560kg\/heure<\/td><td>78 kW\/h<\/td><td>4-5<\/td><\/tr><tr><td>SL-4*8<\/td><td>4000 pi\u00e8ces\/heure<\/td><td>320kg\/h<\/td><td>600kg\/heure<\/td><td>80 kW\/h<\/td><td>5-6<\/td><\/tr><tr><td>SL-5*8<\/td><td>5000 pi\u00e8ces\/heure<\/td><td>400kg\/heure<\/td><td>750kg\/heure<\/td><td>85 kW\/h<\/td><td>3-4<\/td><\/tr><tr><td>SL-5*12<\/td><td>6000 pi\u00e8ces\/heure<\/td><td>480kg\/h<\/td><td>900kg\/h<\/td><td>90 kW\/h<\/td><td>3-4<\/td><\/tr><tr><td>SL-6*12<\/td><td>8000 pi\u00e8ces\/heure<\/td><td>640 kg\/heure<\/td><td>1040 kg\/heure<\/td><td>100 kW\/h<\/td><td>3-4<\/td><\/tr><\/tbody><\/table><\/figure>    <h2 class=\"wp-block-heading\" id=\"h-how-to-choose-the-right-drying-method\"><strong>Comment choisir la bonne m\u00e9thode de s\u00e9chage ?<\/strong><\/h2>    <p>Tout au long de l'article, nous pouvons savoir qu'il existe trois types de m\u00e9thodes de s\u00e9chage, mais comment choisir la bonne m\u00e9thode de s\u00e9chage ? Vous devez comprendre les points suivants.<\/p>    <ol class=\"wp-block-list\"> <li>L'\u00e9chelle de production. Combien de plateaux \u00e0 \u0153ufs souhaitez-vous produire en une heure\u00a0?<\/li>    <li>Niveau d'automatisation. Vous souhaitez \u00eatre respectivement manuel, semi-automatique ou enti\u00e8rement automatique, correspondant \u00e0 diff\u00e9rentes m\u00e9thodes de s\u00e9chage.<\/li>    <li>Co\u00fbt du travail. Quelle que soit la m\u00e9thode de s\u00e9chage utilis\u00e9e, de la main d\u2019\u0153uvre est n\u00e9cessaire. Il faut donc \u00e9galement consid\u00e9rer le co\u00fbt de la main d\u2019\u0153uvre.<\/li>    <li>Espace. Le s\u00e9chage au four \u00e0 briques et le s\u00e9chage des m\u00e9taux n\u00e9cessitent un grand espace au sol.<\/li>    <li>Budget. Combien d'argent avez-vous l'intention d'investir pour r\u00e9aliser l'investissement ?<\/li> <\/ol>    <p>Notre directeur commercial personnalisera \u00e9galement une solution raisonnable pour vous en fonction de vos besoins.<\/p>","protected":false},"excerpt":{"rendered":"<p>The egg tray dryer is mainly to dry the wet egg tray. It plays an active role in the process of egg tray manufacturing and production. This step is the machine that enables the buyer to speed up the use of the egg tray. This machine is an indispensable step if you are interested in [&hellip;]<\/p>\n","protected":false},"author":1,"featured_media":336,"parent":0,"template":"","tags":[40,37,38,39],"product-type":[6],"class_list":["post-334","product","type-product","status-publish","has-post-thumbnail","hentry","tag-brick-kilin-drying-method","tag-egg-tray-dryer","tag-egg-tray-drying-system","tag-metal-dryer","product-type-auxiliary-equipment"],"_links":{"self":[{"href":"https:\/\/www.eggtray.org\/fr\/wp-json\/wp\/v2\/product\/334","targetHints":{"allow":["GET"]}}],"collection":[{"href":"https:\/\/www.eggtray.org\/fr\/wp-json\/wp\/v2\/product"}],"about":[{"href":"https:\/\/www.eggtray.org\/fr\/wp-json\/wp\/v2\/types\/product"}],"author":[{"embeddable":true,"href":"https:\/\/www.eggtray.org\/fr\/wp-json\/wp\/v2\/users\/1"}],"wp:featuredmedia":[{"embeddable":true,"href":"https:\/\/www.eggtray.org\/fr\/wp-json\/wp\/v2\/media\/336"}],"wp:attachment":[{"href":"https:\/\/www.eggtray.org\/fr\/wp-json\/wp\/v2\/media?parent=334"}],"wp:term":[{"taxonomy":"post_tag","embeddable":true,"href":"https:\/\/www.eggtray.org\/fr\/wp-json\/wp\/v2\/tags?post=334"},{"taxonomy":"product-type","embeddable":true,"href":"https:\/\/www.eggtray.org\/fr\/wp-json\/wp\/v2\/product-type?post=334"}],"curies":[{"name":"wp","href":"https:\/\/api.w.org\/{rel}","templated":true}]}}