{"id":345,"date":"2022-08-15T07:34:09","date_gmt":"2022-08-15T07:34:09","guid":{"rendered":"https:\/\/www.eggtray.org\/?post_type=product&#038;p=345"},"modified":"2025-10-31T17:31:01","modified_gmt":"2025-10-31T09:31:01","slug":"hot-pressing-machine","status":"publish","type":"product","link":"https:\/\/www.eggtray.org\/fr\/product\/hot-pressing-machine\/","title":{"rendered":"Machine de pressage \u00e0 chaud"},"content":{"rendered":"<p class=\"translation-block\">La machine de pressage \u00e0 chaud sert principalement \u00e0 presser le carton\/crate s\u00e9ch\u00e9 pour rendre sa surface plate plus soign\u00e9e et plus belle. Le but principal est de chauffer des bo\u00eetes en papier. Par cons\u00e9quent, cette machine est principalement utilis\u00e9e dans la <a href=\"https:\/\/www.eggtray.org\/fr\/product\/egg-carton-production-line-egg-carton-machine\/\" target=\"_blank\" rel=\"noreferrer noopener\">ligne de production de cartons d'\u0153ufs<\/a>, g\u00e9n\u00e9ralement comme machine auxiliaire. Mais c'est vraiment une partie essentielle.<\/p>    <h2 class=\"wp-block-heading\"><strong>Applications de la machine de formage \u00e0 chaud de cartons d'\u0153ufs<\/strong><\/h2>    <p class=\"translation-block\">Cette machine de pressage \u00e0 chaud est utilis\u00e9e pour presser \u00e0 chaud divers types de produits en bo\u00eete. Ainsi, cette machine peut \u00eatre utilis\u00e9e pour tous les types de produits en bo\u00eete. Comme <a href=\"https:\/\/www.eggtray.org\/fr\/product\/apple-tray-making-machine\/\" target=\"_blank\" rel=\"noreferrer noopener\">plateau \u00e0 pommes<\/a>, <a href=\"https:\/\/www.eggtray.org\/fr\/product\/quail-egg-tray-making-machine\/\" target=\"_blank\" rel=\"noreferrer noopener\">plateau \u00e0 \u0153ufs de caille<\/a>, carton d'\u0153ufs, plateau \u00e0 vin, etc. Tant que le type de bo\u00eete peut utiliser cette machine.<\/p>   <div class=\"wp-block-image\"> <figure class=\"aligncenter size-full\"><img loading=\"lazy\" decoding=\"async\" width=\"560\" height=\"400\" src=\"https:\/\/www.eggtray.org\/wp-content\/uploads\/2022\/08\/pulp-paper-trays.webp\" alt=\"plateaux de p\u00e2te \u00e0 papier\" class=\"wp-image-309\" title=\"\" srcset=\"https:\/\/www.eggtray.org\/wp-content\/uploads\/2022\/08\/pulp-paper-trays.webp 560w, https:\/\/www.eggtray.org\/wp-content\/uploads\/2022\/08\/pulp-paper-trays-300x214.webp 300w\" sizes=\"auto, (max-width: 560px) 100vw, 560px\" \/><figcaption>plateaux de p\u00e2te \u00e0 papier<\/figcaption><\/figure> <\/div>   <h2 class=\"wp-block-heading\"><strong>Avantages de l'utilisation de la presse \u00e0 chaud<\/strong><\/h2>    <ol class=\"wp-block-list\"><li>Les cartons d'\u0153ufs sont plus beaux et plus soign\u00e9s. L'apparence de la bo\u00eete \u00e0 \u0153ufs apr\u00e8s pressage \u00e0 chaud est plus attrayante.<\/li><li>Augmentation des ventes. Qu'ils soient vendus seuls ou accompagn\u00e9s d'\u0153ufs, ils sont plus attractifs.<\/li><li><a href=\"https:\/\/www.eggtray.org\/fr\/product\/egg-carton-production-line-egg-carton-machine\/\" target=\"_blank\" rel=\"noreferrer noopener\">Ligne compl\u00e8te de fabrication de cartons \u00e0 \u0153ufs<\/a>. Il est n\u00e9cessaire d'utiliser une presse \u00e0 chaud pour les cartons.<\/li><\/ol>   <div class=\"wp-block-image\"> <figure class=\"aligncenter size-full\"><img loading=\"lazy\" decoding=\"async\" width=\"720\" height=\"540\" src=\"https:\/\/www.eggtray.org\/wp-content\/uploads\/2022\/08\/hot-press-shaping-machine.webp\" alt=\"machine de fa\u00e7onnage \u00e0 chaud\" class=\"wp-image-241\" title=\"\" srcset=\"https:\/\/www.eggtray.org\/wp-content\/uploads\/2022\/08\/hot-press-shaping-machine.webp 720w, https:\/\/www.eggtray.org\/wp-content\/uploads\/2022\/08\/hot-press-shaping-machine-300x225.webp 300w\" sizes=\"auto, (max-width: 720px) 100vw, 720px\" \/><figcaption>machine de fa\u00e7onnage \u00e0 chaud<\/figcaption><\/figure> <\/div>   <h2 class=\"wp-block-heading\" id=\"h-why-choose-shuliy-machinery\"><strong>Pourquoi choisir les machines Shuliy ?<\/strong><\/h2>    <p class=\"translation-block\">Il y a tellement d'entreprises sur le march\u00e9, pourquoi choisir Shuliy Machinery comme votre <a href=\"https:\/\/en.wikipedia.org\/wiki\/Manufacturing\" target=\"_blank\" rel=\"noreferrer noopener\">fournisseur<\/a> ? Voici les points suivants \u00e0 prendre en consid\u00e9ration.<\/p>    <ul class=\"wp-block-list\"><li>Machines compl\u00e8tes. En raison de la fabrication et du commerce int\u00e9gr\u00e9s, nous disposons de nombreux types de machines \u00e0 plateaux \u00e0 \u0153ufs pertinentes. Comme le <a href=\"https:\/\/www.eggtray.org\/fr\/product\/egg-tray-dryer\/\" target=\"_blank\" rel=\"noreferrer noopener\">Machine de s\u00e9chage de plateaux \u00e0 \u0153ufs<\/a>, <a href=\"https:\/\/www.eggtray.org\/fr\/product\/egg-carton-making-machine\/\" target=\"_blank\" rel=\"noreferrer noopener\">machine de fabrication de caisses \u00e0 \u0153ufs<\/a>, machine de fabrication de p\u00e2te \u00e0 papier, machine de pressage \u00e0 chaud, machine de mise en balles, etc. Vous pouvez acheter ce que vous voulez en m\u00eame temps. <\/li><li>Service professionnel. En tant que fabricant et fournisseur leader, nous poss\u00e9dons les connaissances professionnelles et l\u2019attitude n\u00e9cessaires pour offrir les meilleures solutions.<\/li><li>Excellent service apr\u00e8s-vente. Nous fournissons \u00e9galement un excellent service apr\u00e8s-vente pour aider les clients \u00e0 obtenir les meilleurs services.<\/li><\/ul>   <div class=\"wp-block-image\"> <figure class=\"aligncenter size-full\"><img loading=\"lazy\" decoding=\"async\" width=\"720\" height=\"540\" src=\"https:\/\/www.eggtray.org\/wp-content\/uploads\/2022\/08\/working-scene-of-the-hot-pressing-machine.webp\" alt=\"sc\u00e8ne de travail de la presse \u00e0 chaud\" class=\"wp-image-386\" title=\"\" srcset=\"https:\/\/www.eggtray.org\/wp-content\/uploads\/2022\/08\/working-scene-of-the-hot-pressing-machine.webp 720w, https:\/\/www.eggtray.org\/wp-content\/uploads\/2022\/08\/working-scene-of-the-hot-pressing-machine-300x225.webp 300w\" sizes=\"auto, (max-width: 720px) 100vw, 720px\" \/><figcaption>sc\u00e8ne de travail de la presse \u00e0 chaud<\/figcaption><\/figure> <\/div>   <h2 class=\"wp-block-heading\" id=\"h-technical-parameters-of-the-hot-press-shaping-machine-for-the-egg-carton\"><strong>Param\u00e8tres techniques de la mise en forme \u00e0 chaud<\/strong> <strong>machine pour le carton d'oeufs<\/strong><\/h2>    <figure class=\"wp-block-table\"><table><tbody><tr><td>Nom de la machine<\/td><td>Machine de pressage \u00e0 chaud<\/td><\/tr><tr><td>Dimension<\/td><td>1200*800*1800mm<\/td><\/tr><tr><td>Pression de travail<\/td><td>15 tonnes<\/td><\/tr><tr><td>Pouvoir<\/td><td>6,5 kW<\/td><\/tr><tr><td>Temp\u00e9rature de fonctionnement<\/td><td>160 ~ 200 \u2103<\/td><\/tr><tr><td>Temps de cycle de travail<\/td><td>6-10 secondes<\/td><\/tr><tr><td>Air comprim\u00e9 requis<\/td><td>0,5 ~ 0,6MPa, 1M3\/min\u00a0;<\/td><\/tr><tr><td>Contr\u00f4le<\/td><td>Contr\u00f4le par API<\/td><\/tr><\/tbody><\/table><\/figure>","protected":false},"excerpt":{"rendered":"<p>The hot pressing machine mainly functions to press the dried carton\/crate to make its flat surface more neat and beautiful. The main purpose is to heat press paper boxes. Therefore, this machine is mostly used in the egg carton manufacturing production line, usually as an auxiliary machine. But it is really an essential part. Applications [&hellip;]<\/p>\n","protected":false},"author":1,"featured_media":348,"parent":0,"template":"","tags":[42,20,43,41,13],"product-type":[6],"class_list":["post-345","product","type-product","status-publish","has-post-thumbnail","hentry","tag-egg-carton-press-machine","tag-egg-carton-production-line","tag-egg-crate-hot-press","tag-hot-press","tag-hot-pressing-machine","product-type-auxiliary-equipment"],"_links":{"self":[{"href":"https:\/\/www.eggtray.org\/fr\/wp-json\/wp\/v2\/product\/345","targetHints":{"allow":["GET"]}}],"collection":[{"href":"https:\/\/www.eggtray.org\/fr\/wp-json\/wp\/v2\/product"}],"about":[{"href":"https:\/\/www.eggtray.org\/fr\/wp-json\/wp\/v2\/types\/product"}],"author":[{"embeddable":true,"href":"https:\/\/www.eggtray.org\/fr\/wp-json\/wp\/v2\/users\/1"}],"wp:featuredmedia":[{"embeddable":true,"href":"https:\/\/www.eggtray.org\/fr\/wp-json\/wp\/v2\/media\/348"}],"wp:attachment":[{"href":"https:\/\/www.eggtray.org\/fr\/wp-json\/wp\/v2\/media?parent=345"}],"wp:term":[{"taxonomy":"post_tag","embeddable":true,"href":"https:\/\/www.eggtray.org\/fr\/wp-json\/wp\/v2\/tags?post=345"},{"taxonomy":"product-type","embeddable":true,"href":"https:\/\/www.eggtray.org\/fr\/wp-json\/wp\/v2\/product-type?post=345"}],"curies":[{"name":"wp","href":"https:\/\/api.w.org\/{rel}","templated":true}]}}