{"id":353,"date":"2022-08-15T08:58:14","date_gmt":"2022-08-15T08:58:14","guid":{"rendered":"https:\/\/www.eggtray.org\/?post_type=product&#038;p=353"},"modified":"2025-10-31T17:28:49","modified_gmt":"2025-10-31T09:28:49","slug":"egg-tray-packing-machine","status":"publish","type":"product","link":"https:\/\/www.eggtray.org\/fr\/product\/egg-tray-packing-machine\/","title":{"rendered":"Machine d'emballage de plateaux \u00e0 \u0153ufs"},"content":{"rendered":"<p class=\"translation-block\">Cette machine d'emballage de plateaux \u00e0 \u0153ufs est principalement utilis\u00e9e pour la derni\u00e8re \u00e9tape de la <a href=\"https:\/\/www.eggtray.org\/fr\/products\/production-line\/\" target=\"_blank\" rel=\"noreferrer noopener\">ligne de production compl\u00e8te de plateaux en papier<\/a>, pour le conditionnement de divers plateaux en papier. Apr\u00e8s emballage, les plateaux sont plus soign\u00e9s. Cela est n\u00e9cessaire pour le stockage et le transport. Pour le stockage, cela peut \u00e9conomiser de l'espace et stocker plus de plateaux \u00e0 \u0153ufs. Pour le <a href=\"https:\/\/en.wikipedia.org\/wiki\/Transport\" target=\"_blank\" rel=\"noreferrer noopener\">transport<\/a>, il est possible d'effectuer un meilleur transport.<\/p>    <h2 class=\"wp-block-heading\"><strong>Applications de la presse \u00e0 \u0153ufs pour plateaux \u00e0 \u0153ufs<\/strong><\/h2>    <p class=\"translation-block\">Cette machine d'emballage de plateaux \u00e0 \u0153ufs est utilis\u00e9e comme machine auxiliaire dans la ligne de production de plateaux \u00e0 \u0153ufs. Elle est utilis\u00e9e pour emballer divers plateaux apr\u00e8s s\u00e9chage. Principalement un emballage automatique. Les plateaux qui peuvent \u00eatre emball\u00e9s sont <a href=\"https:\/\/www.eggtray.org\/fr\/product\/egg-tray-making-machine\/\" target=\"_blank\" rel=\"noreferrer noopener\">des plateaux \u00e0 \u0153ufs<\/a>, des plateaux \u00e0 pommes, des plateaux \u00e0 vin, des plateaux de p\u00e9pini\u00e8re, des plateaux m\u00e9dicaux, <a href=\"https:\/\/www.eggtray.org\/fr\/product\/quail-egg-tray-making-machine\/\" target=\"_blank\" rel=\"noreferrer noopener\">des plateaux \u00e0 \u0153ufs de caille<\/a>, etc. N'h\u00e9sitez pas \u00e0 nous contacter pour plus d'informations.<\/p>   <div class=\"wp-block-image\"> <figure class=\"aligncenter size-full\"><img loading=\"lazy\" decoding=\"async\" width=\"720\" height=\"540\" src=\"https:\/\/www.eggtray.org\/wp-content\/uploads\/2022\/08\/packed-egg-trays.webp\" alt=\"plateaux d&#039;oeufs emball\u00e9s \" class=\"wp-image-385\" title=\"\" srcset=\"https:\/\/www.eggtray.org\/wp-content\/uploads\/2022\/08\/packed-egg-trays.webp 720w, https:\/\/www.eggtray.org\/wp-content\/uploads\/2022\/08\/packed-egg-trays-300x225.webp 300w\" sizes=\"auto, (max-width: 720px) 100vw, 720px\" \/><figcaption>plateaux d'oeufs emball\u00e9s <\/figcaption><\/figure> <\/div>   <h2 class=\"wp-block-heading\"><strong>Avantages de l'utilisation de la machine d'emballage pour les bacs \u00e0 papier<\/strong><\/h2>    <ol class=\"wp-block-list\"><li>Une ligne compl\u00e8te de production de plateaux \u00e0 \u0153ufs. L'ensemble de la ligne est complet et a une production rapide. Cela am\u00e9liore grandement la production.<\/li><li>\u00c9conomisez de l\u2019espace de stockage et de transport. Gr\u00e2ce \u00e0 l'empilage, les bacs \u00e0 papier occupent moins d'espace et vous pouvez stocker et livrer davantage.<\/li><li>Haute automatisation. Dans la cha\u00eene de production, de <a href=\"https:\/\/www.eggtray.org\/fr\/product\/paper-pulping-machine\/\" target=\"_blank\" rel=\"noreferrer noopener\">r\u00e9duction en p\u00e2te<\/a>, formage, s\u00e9chage et pressage \u00e0 chaud jusqu'\u00e0 la mise en balles, il atteint un haut degr\u00e9 d'automatisation.<\/li><\/ol>    <figure class=\"wp-block-gallery aligncenter has-nested-images columns-default is-cropped wp-block-gallery-2 is-layout-flex wp-block-gallery-is-layout-flex\"> <figure class=\"wp-block-image size-large\"><img loading=\"lazy\" decoding=\"async\" width=\"540\" height=\"720\" data-id=\"383\" src=\"https:\/\/www.eggtray.org\/wp-content\/uploads\/2022\/08\/automatic-egg-tray-baling-machine.webp\" alt=\"Presse-balles-\u00e0-oeufs-automatique\" class=\"wp-image-383\" title=\"\" srcset=\"https:\/\/www.eggtray.org\/wp-content\/uploads\/2022\/08\/automatic-egg-tray-baling-machine.webp 540w, https:\/\/www.eggtray.org\/wp-content\/uploads\/2022\/08\/automatic-egg-tray-baling-machine-225x300.webp 225w\" sizes=\"auto, (max-width: 540px) 100vw, 540px\" \/><figcaption>Machine automatique de mise en balles de plateaux \u00e0 \u0153ufs<\/figcaption><\/figure>    <figure class=\"wp-block-image size-large\"><img loading=\"lazy\" decoding=\"async\" width=\"540\" height=\"720\" data-id=\"384\" src=\"https:\/\/www.eggtray.org\/wp-content\/uploads\/2022\/08\/baling-machine-for-egg-trays.webp\" alt=\"presse-\u00e0-balles-pour-plateaux-\u00e0-oeufs\" class=\"wp-image-384\" title=\"\" srcset=\"https:\/\/www.eggtray.org\/wp-content\/uploads\/2022\/08\/baling-machine-for-egg-trays.webp 540w, https:\/\/www.eggtray.org\/wp-content\/uploads\/2022\/08\/baling-machine-for-egg-trays-225x300.webp 225w\" sizes=\"auto, (max-width: 540px) 100vw, 540px\" \/><figcaption>Machine \u00e0 balles pour plateaux \u00e0 \u0153ufs<\/figcaption><\/figure> <\/figure>    <h2 class=\"wp-block-heading\"><strong>Services propos\u00e9s par Shuliy Machinery<\/strong><\/h2>    <ol class=\"wp-block-list\"><li>Personnalisation. Non seulement la machine d'emballage de plateaux \u00e0 \u0153ufs mais \u00e9galement la machine de fabrication de plateaux \u00e0 \u0153ufs peuvent \u00eatre personnalis\u00e9es.<\/li><li>Service apr\u00e8s-vente. Apr\u00e8s r\u00e9ception des machines concern\u00e9es, le service apr\u00e8s-vente est \u00e9galement important. Cela peut aider les clients \u00e0 utiliser rapidement la machine et \u00e0 obtenir leurs int\u00e9r\u00eats.<\/li><li>Service toute la journ\u00e9e. Quelle que soit l'heure de la journ\u00e9e, vous pouvez toujours nous joindre \u00e0 la premi\u00e8re occasion.<\/li><li>Diff\u00e9rents types de machines. Quel que soit le type de machine que vous souhaitez acheter, nous pouvons la choisir pour vous du premier coup.<\/li><\/ol>    <h2 class=\"wp-block-heading\" id=\"h-specifications-of-the-egg-tray-packing-machine\"><strong>Sp\u00e9cifications de la machine d'emballage de plateaux \u00e0 \u0153ufs<\/strong><\/h2>    <figure class=\"wp-block-table\"><table><tbody><tr><td>Nom de la machine<\/td><td>Presse \u00e0 balles pour plateau \u00e0 \u0153ufs<\/td><\/tr><tr><td>Source d'\u00e9nergie<\/td><td>Pneumatique<\/td><\/tr><tr><td>Type d'automatisation<\/td><td>Automatisation<\/td><\/tr><tr><td>Couleur machine<\/td><td>Personnalisation<\/td><\/tr><tr><td>Applications<\/td><td>Divers plateaux en papier, tels que plateaux \u00e0 \u0153ufs, plateaux \u00e0 pommes, plateaux \u00e0 \u0153ufs de caille, etc.<\/td><\/tr><tr><td>Les fonctions<\/td><td>Emballer<\/td><\/tr><\/tbody><\/table><\/figure>","protected":false},"excerpt":{"rendered":"<p>This egg tray packing machine is mainly used for the last step of the complete paper tray production line, for baling various paper trays. After packing, the trays are more neatly. This is necessary for storage and transportation. For storage, it can save space and store more egg trays. For transportation, it is possible to [&hellip;]<\/p>\n","protected":false},"author":1,"featured_media":355,"parent":0,"template":"","tags":[10,44,45],"product-type":[6],"class_list":["post-353","product","type-product","status-publish","has-post-thumbnail","hentry","tag-egg-tray-machine","tag-egg-tray-packing-machine","tag-egg-tray-stacker","product-type-auxiliary-equipment"],"_links":{"self":[{"href":"https:\/\/www.eggtray.org\/fr\/wp-json\/wp\/v2\/product\/353","targetHints":{"allow":["GET"]}}],"collection":[{"href":"https:\/\/www.eggtray.org\/fr\/wp-json\/wp\/v2\/product"}],"about":[{"href":"https:\/\/www.eggtray.org\/fr\/wp-json\/wp\/v2\/types\/product"}],"author":[{"embeddable":true,"href":"https:\/\/www.eggtray.org\/fr\/wp-json\/wp\/v2\/users\/1"}],"wp:featuredmedia":[{"embeddable":true,"href":"https:\/\/www.eggtray.org\/fr\/wp-json\/wp\/v2\/media\/355"}],"wp:attachment":[{"href":"https:\/\/www.eggtray.org\/fr\/wp-json\/wp\/v2\/media?parent=353"}],"wp:term":[{"taxonomy":"post_tag","embeddable":true,"href":"https:\/\/www.eggtray.org\/fr\/wp-json\/wp\/v2\/tags?post=353"},{"taxonomy":"product-type","embeddable":true,"href":"https:\/\/www.eggtray.org\/fr\/wp-json\/wp\/v2\/product-type?post=353"}],"curies":[{"name":"wp","href":"https:\/\/api.w.org\/{rel}","templated":true}]}}