{"id":488,"date":"2022-11-09T13:46:00","date_gmt":"2022-11-09T05:46:00","guid":{"rendered":"https:\/\/www.eggtray.org\/?post_type=product&#038;p=488"},"modified":"2025-10-30T13:45:15","modified_gmt":"2025-10-30T05:45:15","slug":"1000pcs-h-egg-tray-forming-machine","status":"publish","type":"product","link":"https:\/\/www.eggtray.org\/fr\/product\/1000pcs-h-egg-tray-forming-machine\/","title":{"rendered":"Plateau d'oeufs 1000PCS\/H formant la machine"},"content":{"rendered":"<p class=\"translation-block\">Cette <strong>machine \u00e0 former des plateaux d'\u0153ufs<\/strong> est une petite machine \u00e0 plateau d'\u0153ufs \u00e0 mouvement alternatif qui produit 1000 pi\u00e8ces par heure, ce qui rend la machine id\u00e9ale pour les petites usines et les start-ups. <\/p>    <p>\u00c0 l\u2019avenir, si vous souhaitez augmenter votre production, vous pourrez acheter une autre machine de fabrication de plateaux \u00e0 \u0153ufs \u00e0 grande \u00e9chelle. <\/p>    <p>Si vous avez des besoins, n'h\u00e9sitez pas \u00e0 nous contacter et notre \u00e9quipe professionnelle vous fournira la solution commerciale optimale.<\/p>    <figure class=\"wp-block-embed is-type-video is-provider-youtube wp-block-embed-youtube wp-embed-aspect-16-9 wp-has-aspect-ratio\"><div class=\"wp-block-embed__wrapper\"> <iframe loading=\"lazy\" title=\"D\u00e9marrer correctement votre entreprise de conditionnement d&#039;\u0153ufs\u00a0: test de d\u00e9marrage et fonctionnement d&#039;une machine \u00e0 plateaux \u00e0 \u0153ufs \u00e0 petite \u00e9chelle\" width=\"500\" height=\"281\" src=\"https:\/\/www.youtube.com\/embed\/6pk53GNZnV0?feature=oembed\" frameborder=\"0\" allow=\"accelerometer; autoplay; clipboard-write; encrypted-media; gyroscope; picture-in-picture; web-share\" referrerpolicy=\"strict-origin-when-cross-origin\" allowfullscreen><\/iframe> <\/div><figcaption class=\"wp-element-caption\">petite machine de fabrication de plateaux \u00e0 \u0153ufs pour les entreprises en d\u00e9marrage<\/figcaption><\/figure>    <h2 class=\"wp-block-heading\"><strong>Des bacs \u00e0 papier pouvant \u00eatre produits selon vos besoins<\/strong><\/h2>    <p class=\"translation-block\">La machine \u00e0 former des plateaux d'\u0153ufs Shuliy 1000pcs\/h peut produire tous types de plateaux, y compris mais sans s'y limiter aux <strong>plateaux d'\u0153ufs, cartons d'\u0153ufs, plateaux de fruits, plateaux de tasses \u00e0 caf\u00e9, plateaux \u00e0 chaussures, plateaux de p\u00e9pini\u00e8re, plateaux \u00e0 bol, plateaux m\u00e9dicaux, plateaux \u00e0 vin, plateaux \u00e0 lunch, plateaux personnalis\u00e9s<\/strong> et plus encore. <\/p>    <p>Il est important de noter que notre machine \u00e0 plateaux \u00e0 \u0153ufs peut produire tous types de plateaux et peut \u00e9galement personnaliser les plateaux en fonction de vos besoins.<\/p>   <div class=\"wp-block-image\"> <figure class=\"aligncenter size-full\"><img loading=\"lazy\" decoding=\"async\" width=\"720\" height=\"540\" src=\"https:\/\/www.eggtray.org\/wp-content\/uploads\/2022\/11\/paper-trays.webp\" alt=\"bacs \u00e0 papier\" class=\"wp-image-497\" title=\"\" srcset=\"https:\/\/www.eggtray.org\/wp-content\/uploads\/2022\/11\/paper-trays.webp 720w, https:\/\/www.eggtray.org\/wp-content\/uploads\/2022\/11\/paper-trays-300x225.webp 300w\" sizes=\"auto, (max-width: 720px) 100vw, 720px\" \/><figcaption class=\"wp-element-caption\">bacs \u00e0 papier<\/figcaption><\/figure> <\/div>   <h2 class=\"wp-block-heading\"><strong>Moules appliqu\u00e9s \u00e0 la machine de formage de plateaux \u00e0 \u0153ufs 1000 pcs\/h<\/strong><\/h2>    <p>En tant que march\u00e9 professionnel des machines \u00e0 plateaux \u00e0 \u0153ufs, fabricant et fournisseur, nos moules pour machines \u00e0 plateaux \u00e0 \u0153ufs peuvent \u00eatre fabriqu\u00e9s \u00e0 partir de diff\u00e9rents mat\u00e9riaux. <\/p>    <p>Nous avons des moules en aluminium et en plastique. La forme du moule est d\u00e9termin\u00e9e par la forme du plateau \u00e0 \u0153ufs que vous souhaitez r\u00e9aliser. <\/p>    <p>Vous pouvez donc nous indiquer la taille de votre plateau \u00e0 \u0153ufs et nous personnaliserons les moules en fonction de la taille du plateau \u00e0 \u0153ufs.<\/p>    <figure class=\"wp-block-gallery aligncenter has-nested-images columns-default is-cropped wp-block-gallery-2 is-layout-flex wp-block-gallery-is-layout-flex\"> <figure class=\"wp-block-image size-full\"><img loading=\"lazy\" decoding=\"async\" width=\"720\" height=\"540\" data-id=\"378\" src=\"https:\/\/www.eggtray.org\/wp-content\/uploads\/2022\/08\/different-paper-tray-molds.webp\" alt=\"diff\u00e9rents-moules-pour-bacs-\u00e0-papier\" class=\"wp-image-378\" title=\"\" srcset=\"https:\/\/www.eggtray.org\/wp-content\/uploads\/2022\/08\/different-paper-tray-molds.webp 720w, https:\/\/www.eggtray.org\/wp-content\/uploads\/2022\/08\/different-paper-tray-molds-300x225.webp 300w\" sizes=\"auto, (max-width: 720px) 100vw, 720px\" \/><figcaption class=\"wp-element-caption\">Diff\u00e9rents moules de bacs \u00e0 papier<\/figcaption><\/figure>    <figure class=\"wp-block-image size-full\"><img loading=\"lazy\" decoding=\"async\" width=\"720\" height=\"540\" data-id=\"310\" src=\"https:\/\/www.eggtray.org\/wp-content\/uploads\/2022\/08\/molds.webp\" alt=\"moules\" class=\"wp-image-310\" title=\"\" srcset=\"https:\/\/www.eggtray.org\/wp-content\/uploads\/2022\/08\/molds.webp 720w, https:\/\/www.eggtray.org\/wp-content\/uploads\/2022\/08\/molds-300x225.webp 300w\" sizes=\"auto, (max-width: 720px) 100vw, 720px\" \/><figcaption class=\"wp-element-caption\">Moules<\/figcaption><\/figure>    <figure class=\"wp-block-image size-full\"><img loading=\"lazy\" decoding=\"async\" width=\"720\" height=\"540\" data-id=\"311\" src=\"https:\/\/www.eggtray.org\/wp-content\/uploads\/2022\/08\/molding-shape.webp\" alt=\"forme moul\u00e9e\" class=\"wp-image-311\" title=\"\" srcset=\"https:\/\/www.eggtray.org\/wp-content\/uploads\/2022\/08\/molding-shape.webp 720w, https:\/\/www.eggtray.org\/wp-content\/uploads\/2022\/08\/molding-shape-300x225.webp 300w\" sizes=\"auto, (max-width: 720px) 100vw, 720px\" \/><figcaption class=\"wp-element-caption\">Forme de moulage<\/figcaption><\/figure> <\/figure>    <h2 class=\"wp-block-heading\"><strong>Pourquoi choisir la machine de formage de plateaux \u00e0 \u0153ufs Shuliy 1000 pcs\/h ?<\/strong><\/h2>    <ul class=\"wp-block-list\"> <li><strong>L'avantage de prix de la machine<\/strong>. Parce que Shuliy est une soci\u00e9t\u00e9 de production et de vente, le prix de la machine est le prix d'usine, par rapport aux autres vendeurs, la machine de moulage de plateaux \u00e0 \u0153ufs Shuliy a un avantage de prix plus \u00e9vident.<\/li>    <li><strong>Exportations fr\u00e9quentes<\/strong>. La machine \u00e0 plateaux \u00e0 \u0153ufs Shuliy est de bonne qualit\u00e9 et est tr\u00e8s populaire aupr\u00e8s des clients \u00e9trangers et est souvent export\u00e9e vers des pays tels que <strong>Cameroun, Arabie Saoudite, Zambie et Nig\u00e9ria<\/strong>.<\/li>    <li><strong>Service attentionn\u00e9. <\/strong>Quelle que soit l'heure \u00e0 laquelle les clients posent diverses questions, notre personnel r\u00e9pondra imm\u00e9diatement lorsqu'il les lira, et r\u00e9pondra aux clients tr\u00e8s rapidement, et pourra \u00e9galement r\u00e9soudre efficacement le probl\u00e8me.<\/li>    <li><strong>Capacit\u00e9 de machine diversifi\u00e9e<\/strong>. Notre machine de formage de plateaux \u00e0 \u0153ufs mesure non seulement 1 000 pi\u00e8ces\/h, mais \u00e9galement 1 000 \u00e0 1 500 pi\u00e8ces\/h, 2 000 pi\u00e8ces\/h, jusqu'\u00e0 8 000 pi\u00e8ces\/h, quel que soit le type de capacit\u00e9 que vous souhaitez, nos machines peuvent vous satisfaire.<\/li> <\/ul>   <div class=\"wp-block-image\"> <figure class=\"aligncenter size-full\"><img loading=\"lazy\" decoding=\"async\" width=\"720\" height=\"540\" src=\"https:\/\/www.eggtray.org\/wp-content\/uploads\/2024\/01\/well-designed-paper-egg-carton-making-machine.webp\" alt=\"machine de fabrication de cartons \u00e0 \u0153ufs en papier bien con\u00e7ue\" class=\"wp-image-959\" title=\"\" srcset=\"https:\/\/www.eggtray.org\/wp-content\/uploads\/2024\/01\/well-designed-paper-egg-carton-making-machine.webp 720w, https:\/\/www.eggtray.org\/wp-content\/uploads\/2024\/01\/well-designed-paper-egg-carton-making-machine-300x225.webp 300w\" sizes=\"auto, (max-width: 720px) 100vw, 720px\" \/><figcaption class=\"wp-element-caption\">machine de fabrication de cartons \u00e0 \u0153ufs en papier bien con\u00e7ue<\/figcaption><\/figure> <\/div>   <h2 class=\"wp-block-heading\"><strong>\u00c9quipement auxiliaire pour machine compl\u00e8te de formage de plateaux \u00e0 \u0153ufs en papier <\/strong><\/h2>    <p class=\"translation-block\">Pour cette machine \u00e0 plateau d'\u0153ufs 1000pcs\/h, il y a de nombreuses machines et \u00e9quipements inclus pour former une <a href=\"https:\/\/www.eggtray.org\/fr\/product\/egg-tray-production-line-egg-tray-machine\/\">ligne de fabrication de plateaux d'\u0153ufs<\/a> compl\u00e8te. <\/p>    <p>Il y a le pulpeur hydraulique, la pompe \u00e0 vide, le compresseur d'air, la presse \u00e0 plateaux \u00e0 \u0153ufs et le s\u00e9choir traditionnel.<\/p>   <div class=\"wp-block-image\"> <figure class=\"aligncenter size-full\"><img loading=\"lazy\" decoding=\"async\" width=\"720\" height=\"540\" src=\"https:\/\/www.eggtray.org\/wp-content\/uploads\/2022\/11\/matching-equipment-for-1000pcs-egg-tray-forming-machine.webp\" alt=\"\u00c9quipement correspondant pour machine de formage de plateaux \u00e0 \u0153ufs 1000 pi\u00e8ces\/h\" class=\"wp-image-509\" title=\"\" srcset=\"https:\/\/www.eggtray.org\/wp-content\/uploads\/2022\/11\/matching-equipment-for-1000pcs-egg-tray-forming-machine.webp 720w, https:\/\/www.eggtray.org\/wp-content\/uploads\/2022\/11\/matching-equipment-for-1000pcs-egg-tray-forming-machine-300x225.webp 300w\" sizes=\"auto, (max-width: 720px) 100vw, 720px\" \/><figcaption class=\"wp-element-caption\">\u00c9quipement correspondant pour machine de formage de plateaux \u00e0 \u0153ufs 1000 pi\u00e8ces\/h<\/figcaption><\/figure> <\/div>   <h2 class=\"wp-block-heading\"><strong>Projets de machine de formage de plateaux \u00e0 \u0153ufs Shuliy 1000pcs\/h<\/strong><\/h2>    <p>La machine de formage de plateaux \u00e0 \u0153ufs Shuliy 1000 pcs\/h est un \u00e9quipement de vente chaude pour les d\u00e9butants, les investisseurs ou les petites entreprises. <\/p>    <p class=\"translation-block\">Ce type de machine \u00e0 mouler des plateaux d'\u0153ufs a \u00e9t\u00e9 vendu dans plus de 80 pays, y compris <strong>la Zambie, le Cameroun, l'Arabie Saoudite, le Nigeria, le Mali, le Soudan, le Ghana, l'Alg\u00e9rie<\/strong>, etc. <\/p>    <p>Si vous \u00eates int\u00e9ress\u00e9 par cette machine, n'h\u00e9sitez pas \u00e0 nous contacter\u00a0!<\/p>    <figure class=\"wp-block-gallery aligncenter has-nested-images columns-default is-cropped wp-block-gallery-3 is-layout-flex wp-block-gallery-is-layout-flex\"> <figure class=\"wp-block-image size-full\"><img loading=\"lazy\" decoding=\"async\" width=\"720\" height=\"540\" data-id=\"507\" src=\"https:\/\/www.eggtray.org\/wp-content\/uploads\/2022\/11\/reciprocating-egg-tray-forming-machine.webp\" alt=\"machine \u00e0 former des plateaux \u00e0 \u0153ufs \u00e0 mouvement alternatif\" class=\"wp-image-507\" title=\"\" srcset=\"https:\/\/www.eggtray.org\/wp-content\/uploads\/2022\/11\/reciprocating-egg-tray-forming-machine.webp 720w, https:\/\/www.eggtray.org\/wp-content\/uploads\/2022\/11\/reciprocating-egg-tray-forming-machine-300x225.webp 300w\" sizes=\"auto, (max-width: 720px) 100vw, 720px\" \/><figcaption class=\"wp-element-caption\">Machine de formage de plateaux \u00e0 \u0153ufs alternatifs<\/figcaption><\/figure>    <figure class=\"wp-block-image size-full\"><img loading=\"lazy\" decoding=\"async\" width=\"720\" height=\"540\" data-id=\"506\" src=\"https:\/\/www.eggtray.org\/wp-content\/uploads\/2022\/11\/reciprocating-egg-tray-forming-machine-sold-to-Zambia.webp\" alt=\"machine \u00e0 former des plateaux \u00e0 \u0153ufs \u00e0 mouvement alternatif vendue en Zambie\" class=\"wp-image-506\" title=\"\" srcset=\"https:\/\/www.eggtray.org\/wp-content\/uploads\/2022\/11\/reciprocating-egg-tray-forming-machine-sold-to-Zambia.webp 720w, https:\/\/www.eggtray.org\/wp-content\/uploads\/2022\/11\/reciprocating-egg-tray-forming-machine-sold-to-Zambia-300x225.webp 300w\" sizes=\"auto, (max-width: 720px) 100vw, 720px\" \/><figcaption class=\"wp-element-caption\">Machine de formage de plateaux \u00e0 \u0153ufs alternatifs vendue \u00e0 la Zambie<\/figcaption><\/figure> <\/figure>    <h2 class=\"wp-block-heading\"><strong>Param\u00e8tres de la machine de fabrication de plateaux \u00e0 \u0153ufs 1000 pi\u00e8ces\/h<\/strong><\/h2>    <p>\u00c0 partir du tableau ci-dessous, vous pouvez facilement comprendre les informations de base de la machine \u00e0 plateaux \u00e0 \u0153ufs SL-3*1A, \u00e0 savoir la machine de formage de plateaux \u00e0 \u0153ufs 1000 pcs\/h. <\/p>    <figure class=\"wp-block-table\"><table><tbody><tr><td>Mod\u00e8le<\/td><td>SL-3*1A<\/td><\/tr><tr><td>Tension<\/td><td>220 V\/380 V\/50 Hz<\/td><\/tr><tr><td>Pouvoir<\/td><td>2,2 kW<\/td><\/tr><tr><td>Capacit\u00e9<\/td><td>1000 pi\u00e8ces\/heure<\/td><\/tr><tr><td>Taille du mod\u00e8le<\/td><td>1,23 m*0,4 m<\/td><\/tr><tr><td>La vitesse de fonctionnement<\/td><td>6 fois\/min<\/td><\/tr><tr><td>Taille<\/td><td>1,7*1*2m<\/td><\/tr><\/tbody><\/table><figcaption class=\"wp-element-caption\">sp\u00e9cifications de la petite machine de fabrication de plateaux \u00e0 \u0153ufs<\/figcaption><\/figure>    <p class=\"translation-block\">Si vous souhaitez en savoir plus sur cette machine, veuillez nous communiquer vos exigences, telles que le plateau en papier (comme <a href=\"https:\/\/en.wikipedia.org\/wiki\/Egg_carton\" target=\"_blank\" rel=\"noopener\">carton d'\u0153ufs<\/a>) que vous souhaitez produire, le mat\u00e9riau du moule que vous souhaitez, votre budget, etc., et notre responsable des ventes vous fournira la meilleure solution pour r\u00e9pondre \u00e0 vos besoins.<\/p>    <figure class=\"wp-block-gallery has-nested-images columns-default is-cropped wp-block-gallery-4 is-layout-flex wp-block-gallery-is-layout-flex\"> <figure class=\"wp-block-image size-large\"><img loading=\"lazy\" decoding=\"async\" width=\"720\" height=\"540\" data-id=\"945\" src=\"https:\/\/www.eggtray.org\/wp-content\/uploads\/2023\/12\/manual-egg-tray-making-machine.webp\" alt=\"machine de fabrication de plateaux \u00e0 \u0153ufs manuelle\" class=\"wp-image-945\" title=\"\" srcset=\"https:\/\/www.eggtray.org\/wp-content\/uploads\/2023\/12\/manual-egg-tray-making-machine.webp 720w, https:\/\/www.eggtray.org\/wp-content\/uploads\/2023\/12\/manual-egg-tray-making-machine-300x225.webp 300w\" sizes=\"auto, (max-width: 720px) 100vw, 720px\" \/><figcaption class=\"wp-element-caption\">Machine de fabrication de plateaux \u00e0 \u0153ufs manuelle<\/figcaption><\/figure>    <figure class=\"wp-block-image size-large\"><img loading=\"lazy\" decoding=\"async\" width=\"720\" height=\"540\" data-id=\"322\" src=\"https:\/\/www.eggtray.org\/wp-content\/uploads\/2022\/08\/paper-tray-machine-manufacturer.webp\" alt=\"fabricant de machine \u00e0 bacs \u00e0 papier\" class=\"wp-image-322\" title=\"\" srcset=\"https:\/\/www.eggtray.org\/wp-content\/uploads\/2022\/08\/paper-tray-machine-manufacturer.webp 720w, https:\/\/www.eggtray.org\/wp-content\/uploads\/2022\/08\/paper-tray-machine-manufacturer-300x225.webp 300w\" sizes=\"auto, (max-width: 720px) 100vw, 720px\" \/><figcaption class=\"wp-element-caption\">Fabricant de machines \u00e0 bacs \u00e0 papier<\/figcaption><\/figure> <\/figure>    <h2 class=\"wp-block-heading\"><strong>Vid\u00e9o de r\u00e9troaction sur la machine de fabrication du plateau d'\u0153ufs de 1000 pcs \/ h<\/strong><\/h2>    <figure class=\"wp-block-embed is-type-video is-provider-youtube wp-block-embed-youtube wp-embed-aspect-16-9 wp-has-aspect-ratio\"><div class=\"wp-block-embed__wrapper\"> <iframe loading=\"lazy\" title=\"Le Cameroun utilise la machine de formation de bacs \u00e0 \u0153ufs de 1000pcs \/ h pour 30 plateaux de fabrication avec du papier d\u00e9chet\" width=\"500\" height=\"281\" src=\"https:\/\/www.youtube.com\/embed\/9H41SmorzIo?feature=oembed\" frameborder=\"0\" allow=\"accelerometer; autoplay; clipboard-write; encrypted-media; gyroscope; picture-in-picture; web-share\" referrerpolicy=\"strict-origin-when-cross-origin\" allowfullscreen><\/iframe> <\/div><figcaption class=\"wp-element-caption\">usine de fabrication de plateau \u00e0 \u0153ufs \u00e0 partir du Cameroun <\/figcaption><\/figure>","protected":false},"excerpt":{"rendered":"<p>Cette machine de formage de plateaux \u00e0 \u0153ufs doit produire 1 000 plateaux \u00e0 \u0153ufs par heure, ce qui la rend id\u00e9ale pour les petites usines et les start-ups. <\/p>","protected":false},"author":1,"featured_media":495,"parent":0,"template":"","tags":[62,11,88],"product-type":[61,5,4],"class_list":["post-488","product","type-product","status-publish","has-post-thumbnail","hentry","tag-egg-tray-forming-machine","tag-egg-tray-making-machine","tag-egg-trays","product-type-by-capacity","product-type-main-equipment","product-type-product"],"_links":{"self":[{"href":"https:\/\/www.eggtray.org\/fr\/wp-json\/wp\/v2\/product\/488","targetHints":{"allow":["GET"]}}],"collection":[{"href":"https:\/\/www.eggtray.org\/fr\/wp-json\/wp\/v2\/product"}],"about":[{"href":"https:\/\/www.eggtray.org\/fr\/wp-json\/wp\/v2\/types\/product"}],"author":[{"embeddable":true,"href":"https:\/\/www.eggtray.org\/fr\/wp-json\/wp\/v2\/users\/1"}],"wp:featuredmedia":[{"embeddable":true,"href":"https:\/\/www.eggtray.org\/fr\/wp-json\/wp\/v2\/media\/495"}],"wp:attachment":[{"href":"https:\/\/www.eggtray.org\/fr\/wp-json\/wp\/v2\/media?parent=488"}],"wp:term":[{"taxonomy":"post_tag","embeddable":true,"href":"https:\/\/www.eggtray.org\/fr\/wp-json\/wp\/v2\/tags?post=488"},{"taxonomy":"product-type","embeddable":true,"href":"https:\/\/www.eggtray.org\/fr\/wp-json\/wp\/v2\/product-type?post=488"}],"curies":[{"name":"wp","href":"https:\/\/api.w.org\/{rel}","templated":true}]}}