{"id":512,"date":"2022-11-10T13:48:29","date_gmt":"2022-11-10T05:48:29","guid":{"rendered":"https:\/\/www.eggtray.org\/?post_type=product&#038;p=512"},"modified":"2025-10-30T11:45:09","modified_gmt":"2025-10-30T03:45:09","slug":"1000-1500pcs-pulp-egg-tray-making-machine","status":"publish","type":"product","link":"https:\/\/www.eggtray.org\/fr\/product\/1000-1500pcs-pulp-egg-tray-making-machine\/","title":{"rendered":"Plateau d'oeufs de pulpe 1000-1500PCS\/H faisant la machine"},"content":{"rendered":"<p class=\"translation-block\">La <strong>machine de fabrication de barquettes \u00e0 \u0153ufs en pulpe de 1000-1500 pi\u00e8ces\/h<\/strong> est une production de barquettes \u00e0 \u0153ufs rotative \u00e0 petite \u00e9chelle, tr\u00e8s appropri\u00e9e pour une petite entreprise ou une start-up. <\/p>    <p>Pour les investisseurs, cette petite machine \u00e0 plateaux \u00e0 \u0153ufs peut r\u00e9duire le risque d'investissement et g\u00e9n\u00e9rer des b\u00e9n\u00e9fices en m\u00eame temps, ce qui en fait une machine tr\u00e8s pratique.<\/p>    <figure class=\"wp-block-embed is-type-video is-provider-youtube wp-block-embed-youtube wp-embed-aspect-16-9 wp-has-aspect-ratio\"><div class=\"wp-block-embed__wrapper\"> <iframe loading=\"lazy\" title=\"Machine de fabrication de plateaux \u00e0 \u0153ufs 1000 pi\u00e8ces\/h pour bac \u00e0 papier | Comment fonctionne la machine de moulage de bacs \u00e0 papier\u00a0?\" width=\"500\" height=\"281\" src=\"https:\/\/www.youtube.com\/embed\/ZTEkNhmunNg?feature=oembed\" frameborder=\"0\" allow=\"accelerometer; autoplay; clipboard-write; encrypted-media; gyroscope; picture-in-picture; web-share\" referrerpolicy=\"strict-origin-when-cross-origin\" allowfullscreen><\/iframe> <\/div><figcaption class=\"wp-element-caption\">vid\u00e9o d'une petite machine \u00e0 plateaux \u00e0 \u0153ufs pour une entreprise en d\u00e9marrage<\/figcaption><\/figure>    <h2 class=\"wp-block-heading\"><strong>Mati\u00e8res premi\u00e8res disponibles pour la machine de fabrication de plateaux \u00e0 \u0153ufs en pulpe 1000-1500 pcs\/h <\/strong><\/h2>    <p>Pour cette machine de fabrication de plateaux \u00e0 \u0153ufs, les mati\u00e8res premi\u00e8res utilis\u00e9es pour produire la machine sont \u00e0 la fois bon march\u00e9 et faciles \u00e0 obtenir et sont les suivantes\u00a0: <br>Vieux papiers, vieux cartons, paille, chutes, vieux livres, vieux cartons, vieux journaux et magazines, papiers de copie A4, etc.<\/p>    <figure class=\"wp-block-gallery aligncenter has-nested-images columns-2 is-cropped wp-block-gallery-2 is-layout-flex wp-block-gallery-is-layout-flex\"> <figure class=\"wp-block-image size-large\"><img loading=\"lazy\" decoding=\"async\" width=\"720\" height=\"540\" data-id=\"233\" src=\"https:\/\/www.eggtray.org\/wp-content\/uploads\/2022\/08\/waste-materials-1.webp\" alt=\"d\u00e9chets\" class=\"wp-image-233\" title=\"\" srcset=\"https:\/\/www.eggtray.org\/wp-content\/uploads\/2022\/08\/waste-materials-1.webp 720w, https:\/\/www.eggtray.org\/wp-content\/uploads\/2022\/08\/waste-materials-1-300x225.webp 300w\" sizes=\"auto, (max-width: 720px) 100vw, 720px\" \/><figcaption class=\"wp-element-caption\">D\u00e9chets<\/figcaption><\/figure>    <figure class=\"wp-block-image size-large\"><img loading=\"lazy\" decoding=\"async\" width=\"720\" height=\"540\" data-id=\"136\" src=\"https:\/\/www.eggtray.org\/wp-content\/uploads\/2022\/08\/waste-cardboard.webp\" alt=\"d\u00e9chets de carton\" class=\"wp-image-136\" title=\"\" srcset=\"https:\/\/www.eggtray.org\/wp-content\/uploads\/2022\/08\/waste-cardboard.webp 720w, https:\/\/www.eggtray.org\/wp-content\/uploads\/2022\/08\/waste-cardboard-300x225.webp 300w\" sizes=\"auto, (max-width: 720px) 100vw, 720px\" \/><figcaption class=\"wp-element-caption\">D\u00e9chets de carton<\/figcaption><\/figure>    <figure class=\"wp-block-image size-large\"><img loading=\"lazy\" decoding=\"async\" width=\"720\" height=\"540\" data-id=\"135\" src=\"https:\/\/www.eggtray.org\/wp-content\/uploads\/2022\/08\/waste-materials.webp\" alt=\"d\u00e9chets\" class=\"wp-image-135\" title=\"\" srcset=\"https:\/\/www.eggtray.org\/wp-content\/uploads\/2022\/08\/waste-materials.webp 720w, https:\/\/www.eggtray.org\/wp-content\/uploads\/2022\/08\/waste-materials-300x225.webp 300w\" sizes=\"auto, (max-width: 720px) 100vw, 720px\" \/><figcaption class=\"wp-element-caption\">Mat\u00e9riaux de rebut<\/figcaption><\/figure>    <figure class=\"wp-block-image size-large\"><img loading=\"lazy\" decoding=\"async\" width=\"720\" height=\"540\" data-id=\"134\" src=\"https:\/\/www.eggtray.org\/wp-content\/uploads\/2022\/08\/waste-paper.webp\" alt=\"vieux papiers\" class=\"wp-image-134\" title=\"\" srcset=\"https:\/\/www.eggtray.org\/wp-content\/uploads\/2022\/08\/waste-paper.webp 720w, https:\/\/www.eggtray.org\/wp-content\/uploads\/2022\/08\/waste-paper-300x225.webp 300w\" sizes=\"auto, (max-width: 720px) 100vw, 720px\" \/><figcaption class=\"wp-element-caption\">Vieux papiers<\/figcaption><\/figure> <\/figure>    <h2 class=\"wp-block-heading\"><strong>Produits finaux fabriqu\u00e9s par la machine \u00e0 plateaux \u00e0 \u0153ufs SL-3*1<\/strong><\/h2>    <p>La machine de fabrication de plateaux \u00e0 \u0153ufs en p\u00e2te \u00e0 papier 1000-1500 pcs\/h peut produire diff\u00e9rents plateaux en papier en fonction des besoins du client. Tout d'abord, le bac \u00e0 papier souhait\u00e9 est d\u00e9termin\u00e9, puis le moule correspondant est utilis\u00e9, enfin, les bacs appropri\u00e9s sont fabriqu\u00e9s.<\/p>    <p>Les plateaux en papier qui peuvent \u00eatre produits comprennent, sans s'y limiter, les plateaux \u00e0 \u0153ufs, les cartons d'\u0153ufs, les plateaux \u00e0 pommes\/fruits, les plateaux \u00e0 tasses \u00e0 caf\u00e9, les plateaux \u00e0 chaussures, les plateaux \u00e0 vin, les plateaux \u00e0 semis, les plateaux m\u00e9dicaux, les plateaux \u00e0 \u0153ufs de caille, les plateaux personnalis\u00e9s, etc. \u00eates int\u00e9ress\u00e9s, n'h\u00e9sitez pas \u00e0 nous contacter \u00e0 tout moment\u00a0!<\/p>    <figure class=\"wp-block-gallery aligncenter has-nested-images columns-default is-cropped wp-block-gallery-3 is-layout-flex wp-block-gallery-is-layout-flex\"> <figure class=\"wp-block-image size-large\"><img loading=\"lazy\" decoding=\"async\" width=\"720\" height=\"540\" data-id=\"54\" src=\"https:\/\/www.eggtray.org\/wp-content\/uploads\/2022\/08\/egg-tray-1.webp\" alt=\"plateaux \u00e0 \u0153ufs\" class=\"wp-image-54\" title=\"\" srcset=\"https:\/\/www.eggtray.org\/wp-content\/uploads\/2022\/08\/egg-tray-1.webp 720w, https:\/\/www.eggtray.org\/wp-content\/uploads\/2022\/08\/egg-tray-1-300x225.webp 300w\" sizes=\"auto, (max-width: 720px) 100vw, 720px\" \/><figcaption class=\"wp-element-caption\">Plateaux \u00e0 \u0153ufs<\/figcaption><\/figure>    <figure class=\"wp-block-image size-large\"><img loading=\"lazy\" decoding=\"async\" width=\"720\" height=\"540\" data-id=\"49\" src=\"https:\/\/www.eggtray.org\/wp-content\/uploads\/2022\/08\/egg-carton-.webp\" alt=\"carton d&#039;oeufs\" class=\"wp-image-49\" title=\"\" srcset=\"https:\/\/www.eggtray.org\/wp-content\/uploads\/2022\/08\/egg-carton-.webp 720w, https:\/\/www.eggtray.org\/wp-content\/uploads\/2022\/08\/egg-carton--300x225.webp 300w\" sizes=\"auto, (max-width: 720px) 100vw, 720px\" \/><figcaption class=\"wp-element-caption\">Carton d'oeufs<\/figcaption><\/figure>    <figure class=\"wp-block-image size-large\"><img loading=\"lazy\" decoding=\"async\" width=\"720\" height=\"540\" data-id=\"50\" src=\"https:\/\/www.eggtray.org\/wp-content\/uploads\/2022\/08\/apple-tray.webp\" alt=\"plateau de pommes\" class=\"wp-image-50\" title=\"\" srcset=\"https:\/\/www.eggtray.org\/wp-content\/uploads\/2022\/08\/apple-tray.webp 720w, https:\/\/www.eggtray.org\/wp-content\/uploads\/2022\/08\/apple-tray-300x225.webp 300w\" sizes=\"auto, (max-width: 720px) 100vw, 720px\" \/><figcaption class=\"wp-element-caption\">Plateau de pommes<\/figcaption><\/figure>    <figure class=\"wp-block-image size-large\"><img loading=\"lazy\" decoding=\"async\" width=\"720\" height=\"540\" data-id=\"51\" src=\"https:\/\/www.eggtray.org\/wp-content\/uploads\/2022\/08\/coffee-tray-.webp\" alt=\"plateau \u00e0 caf\u00e9\" class=\"wp-image-51\" title=\"\" srcset=\"https:\/\/www.eggtray.org\/wp-content\/uploads\/2022\/08\/coffee-tray-.webp 720w, https:\/\/www.eggtray.org\/wp-content\/uploads\/2022\/08\/coffee-tray--300x225.webp 300w\" sizes=\"auto, (max-width: 720px) 100vw, 720px\" \/><figcaption class=\"wp-element-caption\">Plateau \u00e0 caf\u00e9<\/figcaption><\/figure>    <figure class=\"wp-block-image size-large\"><img loading=\"lazy\" decoding=\"async\" width=\"720\" height=\"540\" data-id=\"52\" src=\"https:\/\/www.eggtray.org\/wp-content\/uploads\/2022\/08\/shoe-tray-.webp\" alt=\"plateau \u00e0 chaussures\" class=\"wp-image-52\" title=\"\" srcset=\"https:\/\/www.eggtray.org\/wp-content\/uploads\/2022\/08\/shoe-tray-.webp 720w, https:\/\/www.eggtray.org\/wp-content\/uploads\/2022\/08\/shoe-tray--300x225.webp 300w\" sizes=\"auto, (max-width: 720px) 100vw, 720px\" \/><figcaption class=\"wp-element-caption\">Plateau \u00e0 chaussures<\/figcaption><\/figure>    <figure class=\"wp-block-image size-full\"><img loading=\"lazy\" decoding=\"async\" width=\"720\" height=\"540\" data-id=\"521\" src=\"https:\/\/www.eggtray.org\/wp-content\/uploads\/2022\/11\/wine-tray-.webp\" alt=\"plateau \u00e0 vin\" class=\"wp-image-521\" title=\"\" srcset=\"https:\/\/www.eggtray.org\/wp-content\/uploads\/2022\/11\/wine-tray-.webp 720w, https:\/\/www.eggtray.org\/wp-content\/uploads\/2022\/11\/wine-tray--300x225.webp 300w\" sizes=\"auto, (max-width: 720px) 100vw, 720px\" \/><figcaption class=\"wp-element-caption\">Plateau \u00e0 vin<\/figcaption><\/figure> <\/figure>    <h2 class=\"wp-block-heading\"><strong>Pourquoi choisir la machine de fabrication de plateaux \u00e0 \u0153ufs en pulpe Shuliy ?<\/strong><\/h2>    <p>En fait, il existe de nombreuses raisons pour lesquelles les clients choisissent nos machines Shuliy, les points suivants ne sont que quelques-unes des nombreuses raisons qui justifient votre r\u00e9f\u00e9rence.<\/p>    <ul class=\"wp-block-list\"> <li><strong>Marque digne de confiance<\/strong>. Les machines \u00e0 plateaux \u00e0 \u0153ufs Shuliy sont souvent export\u00e9es vers plus de 80 pays, tels que la Zambie, le Nigeria, l'Arabie saoudite, l'Angola, la Namibie, etc.<\/li>    <li><strong>Relation client harmonieuse<\/strong>. Nous faisons des affaires dans le but d'une rentabilit\u00e9 mutuelle, et lorsque nous recommandons des machines \u00e0 nos clients, nous ferons de notre mieux pour garantir les int\u00e9r\u00eats de nos clients et de nous-m\u00eames, afin d'atteindre l'objectif d'une coop\u00e9ration gagnant-gagnant.<\/li>    <li><strong>Prix \u200b\u200bavantageux de la machine de fabrication de plateaux \u00e0 \u0153ufs en pulpe<\/strong>. En tant que producteur et fournisseur professionnel de <a href=\"https:\/\/www.eggtray.org\/fr\/product\/egg-tray-making-machine\/\">machine \u00e0 plateaux \u00e0 \u0153ufs<\/a>, le prix de notre machine est comp\u00e9titif. \u00c9tant donn\u00e9 que nos machines sont vendues directement depuis l\u2019usine, il n\u2019y a pas de suppl\u00e9ment de prix par rapport \u00e0 d\u2019autres fournisseurs.<\/li> <\/ul>   <div class=\"wp-block-image\"> <figure class=\"aligncenter size-full\"><img loading=\"lazy\" decoding=\"async\" width=\"720\" height=\"540\" src=\"https:\/\/www.eggtray.org\/wp-content\/uploads\/2022\/08\/Shuliy-egg-tray-machine.webp\" alt=\"Machine \u00e0 plateaux \u00e0 \u0153ufs Shuliy\" class=\"wp-image-409\" title=\"\" srcset=\"https:\/\/www.eggtray.org\/wp-content\/uploads\/2022\/08\/Shuliy-egg-tray-machine.webp 720w, https:\/\/www.eggtray.org\/wp-content\/uploads\/2022\/08\/Shuliy-egg-tray-machine-300x225.webp 300w\" sizes=\"auto, (max-width: 720px) 100vw, 720px\" \/><figcaption class=\"wp-element-caption\">Machine \u00e0 plateaux \u00e0 \u0153ufs Shuliy<\/figcaption><\/figure> <\/div>   <h2 class=\"wp-block-heading\"><strong>Cas r\u00e9ussis de machine \u00e0 plateaux \u00e0 \u0153ufs en pulpe de 1000 \u00e0 1500 pi\u00e8ces\/h<\/strong><\/h2>    <p>Les machines \u00e0 plateaux \u00e0 \u0153ufs Shuliy se caract\u00e9risent par une bonne qualit\u00e9, de bonnes performances, un rendement \u00e9lev\u00e9 et une capacit\u00e9 diversifi\u00e9e. Par cons\u00e9quent, ils sont tr\u00e8s populaires dans le pays et \u00e0 l\u2019\u00e9tranger et sont souvent export\u00e9s \u00e0 l\u2019\u00e9tranger. Par exemple:<\/p>    <ul class=\"wp-block-list\"> <li>Nous avons export\u00e9 vers le Nigeria \u00e0 plusieurs reprises, et les clients nig\u00e9rians ont d'abord achet\u00e9 1 ensemble de machine de fabrication de plateaux \u00e0 \u0153ufs en p\u00e2te \u00e0 papier de 1 000 \u00e0 1 500 pi\u00e8ces\/h, puis ont achet\u00e9 d'autres \u00e9quipements correspondants (pulpeur de papier) pour augmenter l'efficacit\u00e9 de la production.<\/li>    <li>Le client zambien a command\u00e9 une machine \u00e0 plateaux \u00e0 \u0153ufs Shuliy SL-3*1 capable de produire des plateaux de fruits.<\/li> <\/ul>    <figure class=\"wp-block-gallery has-nested-images columns-default is-cropped wp-block-gallery-4 is-layout-flex wp-block-gallery-is-layout-flex\"> <figure class=\"wp-block-image size-large\"><img loading=\"lazy\" decoding=\"async\" width=\"720\" height=\"540\" data-id=\"1156\" src=\"https:\/\/www.eggtray.org\/wp-content\/uploads\/2025\/08\/small-egg-tray-making-machine-for-sale.webp\" alt=\"petite machine \u00e0 fabriquer des plateaux \u00e0 \u0153ufs \u00e0 vendre\" class=\"wp-image-1156\" title=\"\" srcset=\"https:\/\/www.eggtray.org\/wp-content\/uploads\/2025\/08\/small-egg-tray-making-machine-for-sale.webp 720w, https:\/\/www.eggtray.org\/wp-content\/uploads\/2025\/08\/small-egg-tray-making-machine-for-sale-300x225.webp 300w, https:\/\/www.eggtray.org\/wp-content\/uploads\/2025\/08\/small-egg-tray-making-machine-for-sale-16x12.webp 16w\" sizes=\"auto, (max-width: 720px) 100vw, 720px\" \/><figcaption class=\"wp-element-caption\">Petite machine \u00e0 plateaux \u00e0 \u0153ufs \u00e0 vendre<\/figcaption><\/figure>    <figure class=\"wp-block-image size-large\"><img loading=\"lazy\" decoding=\"async\" width=\"720\" height=\"540\" data-id=\"957\" src=\"https:\/\/www.eggtray.org\/wp-content\/uploads\/2024\/01\/small-scale-egg-tray-making-machine.webp\" alt=\"machine de fabrication de plateaux \u00e0 \u0153ufs \u00e0 petite \u00e9chelle\" class=\"wp-image-957\" title=\"\" srcset=\"https:\/\/www.eggtray.org\/wp-content\/uploads\/2024\/01\/small-scale-egg-tray-making-machine.webp 720w, https:\/\/www.eggtray.org\/wp-content\/uploads\/2024\/01\/small-scale-egg-tray-making-machine-300x225.webp 300w\" sizes=\"auto, (max-width: 720px) 100vw, 720px\" \/><figcaption class=\"wp-element-caption\">Machine de fabrication de plateaux \u00e0 \u0153ufs \u00e0 petite \u00e9chelle<\/figcaption><\/figure> <\/figure>    <h2 class=\"wp-block-heading\"><strong>Param\u00e8tres de la machine de fabrication de plateaux \u00e0 \u0153ufs en p\u00e2te rotative 1000-1500 pi\u00e8ces\/h \u00e0 vendre<\/strong><\/h2>    <p>Le tableau ci-dessous montre les sp\u00e9cifications de la machine rotative de fabrication de plateaux \u00e0 \u0153ufs SL-3*1, d'une capacit\u00e9 de 1 000 \u00e0 1 500 pi\u00e8ces\/h. <\/p>    <figure class=\"wp-block-table\"><table><tbody><tr><td>Mod\u00e8le<\/td><td>SL-3*1<\/td><\/tr><tr><td>Tension<\/td><td>220 V\/380 V\/50 Hz<\/td><\/tr><tr><td>Pouvoir<\/td><td>2,2 kW<\/td><\/tr><tr><td>Capacit\u00e9<\/td><td>1000-1500 pi\u00e8ces\/heure<\/td><\/tr><tr><td>Taille du mod\u00e8le<\/td><td>1,23 m*0,4 m<\/td><\/tr><tr><td>La vitesse de fonctionnement<\/td><td>7 fois\/min<\/td><\/tr><tr><td>Taille<\/td><td>2,3*1,2*1,6m<\/td><\/tr><\/tbody><\/table><figcaption class=\"wp-element-caption\">sp\u00e9cifications de la petite machine \u00e0 plateaux \u00e0 \u0153ufs en papier<\/figcaption><\/figure>    <figure class=\"wp-block-embed is-type-video is-provider-youtube wp-block-embed-youtube wp-embed-aspect-16-9 wp-has-aspect-ratio\"><div class=\"wp-block-embed__wrapper\"> <iframe loading=\"lazy\" title=\"Meilleure machine de fabrication de bacs \u00e0 papier \u00e0 petite \u00e9chelle | 1000pcs par plateau d&#039;oeufs d&#039;heure faisant la machine #papertray\" width=\"500\" height=\"281\" src=\"https:\/\/www.youtube.com\/embed\/KdIsUl_Oggc?feature=oembed\" frameborder=\"0\" allow=\"accelerometer; autoplay; clipboard-write; encrypted-media; gyroscope; picture-in-picture; web-share\" referrerpolicy=\"strict-origin-when-cross-origin\" allowfullscreen><\/iframe> <\/div><figcaption class=\"wp-element-caption\">vid\u00e9o de travail d'une petite machine de fabrication de plateaux \u00e0 \u0153ufs<\/figcaption><\/figure>    <p class=\"translation-block\">Si vous souhaitez tirer profit du <a href=\"https:\/\/en.wikipedia.org\/wiki\/Paper_recycling\" target=\"_blank\" rel=\"noopener\">papier de rebut<\/a>, dites-nous simplement vos besoins, tels que les types de barquettes \u00e0 \u0153ufs, la taille du moule, la capacit\u00e9, etc., et notre personnel vous recommandera la solution optimale.<\/p>    <figure class=\"wp-block-embed is-type-video is-provider-youtube wp-block-embed-youtube wp-embed-aspect-16-9 wp-has-aspect-ratio\"><div class=\"wp-block-embed__wrapper\"> <iframe loading=\"lazy\" title=\"Comment produire un carton d&#039;oeuf 18-cavit\u00e9 avec une machine \u00e0 \u0153ufs? Processus de production efficace des cartons d&#039;oeufs\" width=\"500\" height=\"281\" src=\"https:\/\/www.youtube.com\/embed\/2u6UAwwYXMM?feature=oembed\" frameborder=\"0\" allow=\"accelerometer; autoplay; clipboard-write; encrypted-media; gyroscope; picture-in-picture; web-share\" referrerpolicy=\"strict-origin-when-cross-origin\" allowfullscreen><\/iframe> <\/div><figcaption class=\"wp-element-caption\">Machine de caisse d'oeuf en papier 18-\u0153ufs<\/figcaption><\/figure>","protected":false},"excerpt":{"rendered":"<p>La machine de fabrication de plateaux \u00e0 \u0153ufs en pulpe de 1 000 \u00e0 1 500 pi\u00e8ces\/h est une production de plateaux \u00e0 \u0153ufs rotatifs \u00e0 petite \u00e9chelle, ce qui est tr\u00e8s appropri\u00e9 pour une petite entreprise ou une start-up. <\/p>","protected":false},"author":1,"featured_media":516,"parent":0,"template":"","tags":[11,88,63],"product-type":[61,5,4],"class_list":["post-512","product","type-product","status-publish","has-post-thumbnail","hentry","tag-egg-tray-making-machine","tag-egg-trays","tag-pulp-egg-tray-making-machine","product-type-by-capacity","product-type-main-equipment","product-type-product"],"_links":{"self":[{"href":"https:\/\/www.eggtray.org\/fr\/wp-json\/wp\/v2\/product\/512","targetHints":{"allow":["GET"]}}],"collection":[{"href":"https:\/\/www.eggtray.org\/fr\/wp-json\/wp\/v2\/product"}],"about":[{"href":"https:\/\/www.eggtray.org\/fr\/wp-json\/wp\/v2\/types\/product"}],"author":[{"embeddable":true,"href":"https:\/\/www.eggtray.org\/fr\/wp-json\/wp\/v2\/users\/1"}],"wp:featuredmedia":[{"embeddable":true,"href":"https:\/\/www.eggtray.org\/fr\/wp-json\/wp\/v2\/media\/516"}],"wp:attachment":[{"href":"https:\/\/www.eggtray.org\/fr\/wp-json\/wp\/v2\/media?parent=512"}],"wp:term":[{"taxonomy":"post_tag","embeddable":true,"href":"https:\/\/www.eggtray.org\/fr\/wp-json\/wp\/v2\/tags?post=512"},{"taxonomy":"product-type","embeddable":true,"href":"https:\/\/www.eggtray.org\/fr\/wp-json\/wp\/v2\/product-type?post=512"}],"curies":[{"name":"wp","href":"https:\/\/api.w.org\/{rel}","templated":true}]}}