{"id":530,"date":"2022-11-11T15:48:22","date_gmt":"2022-11-11T07:48:22","guid":{"rendered":"https:\/\/www.eggtray.org\/?post_type=product&#038;p=530"},"modified":"2025-10-30T14:50:28","modified_gmt":"2025-10-30T06:50:28","slug":"1500-2000pcs-h-egg-tray-molding-machine","status":"publish","type":"product","link":"https:\/\/www.eggtray.org\/fr\/product\/1500-2000pcs-h-egg-tray-molding-machine\/","title":{"rendered":"Machine de b\u00e2ti de plateau d'oeufs 1500-2000PCS\/H"},"content":{"rendered":"<p class=\"translation-block\">La machine de moulage de plateaux \u00e0 \u0153ufs de 1500-2000 pi\u00e8ces\/h est sp\u00e9cialement con\u00e7ue pour produire des plateaux en papier de haute qualit\u00e9 avec un rendement de 1500-2000 pi\u00e8ces\/h \u00e0 partir de papier usag\u00e9 pour g\u00e9n\u00e9rer des profits. <\/p>    <p>Nous pouvons produire toutes sortes de plateaux \u00e0 \u0153ufs, notamment des plateaux \u00e0 \u0153ufs, des bo\u00eetes \u00e0 \u0153ufs, des plateaux de p\u00e9pini\u00e8re, des plateaux \u00e0 vin, des plateaux \u00e0 tasses \u00e0 caf\u00e9, des plateaux m\u00e9dicaux, des plateaux \u00e0 fruits, des plateaux \u00e0 \u0153ufs de caille et des plateaux en papier sur mesure. <\/p>    <p>Vous pouvez nous indiquer le type de bacs dont vous avez besoin et nous personnaliserons la machine \u00e0 bacs \u00e0 papier correspondante pour vous.<\/p>    <figure class=\"wp-block-embed is-type-video is-provider-youtube wp-block-embed-youtube wp-embed-aspect-16-9 wp-has-aspect-ratio\"><div class=\"wp-block-embed__wrapper\"> <iframe loading=\"lazy\" title=\"Petite machine \u00e0 plateaux \u00e0 \u0153ufs pour la production de plateaux en papier et de cartons \u00e0 \u0153ufs\u00a0: adapt\u00e9e aux entreprises en d\u00e9marrage\" width=\"500\" height=\"281\" src=\"https:\/\/www.youtube.com\/embed\/hHqsjrIIexs?feature=oembed\" frameborder=\"0\" allow=\"accelerometer; autoplay; clipboard-write; encrypted-media; gyroscope; picture-in-picture; web-share\" referrerpolicy=\"strict-origin-when-cross-origin\" allowfullscreen><\/iframe> <\/div><figcaption class=\"wp-element-caption\">vid\u00e9o sur la petite machine de moulage de plateaux \u00e0 \u0153ufs<\/figcaption><\/figure>    <h2 class=\"wp-block-heading\"><strong>Avantages de la machine de moulage de plateaux \u00e0 \u0153ufs SL-4*1<\/strong><\/h2>    <ul class=\"wp-block-list\"> <li><strong>Capacit\u00e9 de 1 500 \u00e0 2 000 pi\u00e8ces\/h<\/strong>: Convient aux besoins de production des petites et moyennes entreprises et am\u00e9liore efficacement l'efficacit\u00e9 de la production pour r\u00e9pondre \u00e0 la demande du march\u00e9.<\/li>    <li><strong>Co\u00fbts d\u2019investissement et de maintenance r\u00e9duits<\/strong>: R\u00e9duisez l\u2019investissement initial et les co\u00fbts d\u2019exploitation, offrant ainsi une option plus rentable pour les petites et moyennes entreprises.<\/li>    <li><strong>Conception simple et fonctionnement convivial<\/strong>: Utilisez la machine avec comp\u00e9tence apr\u00e8s une simple formation.<\/li>    <li><strong>Polyvalence<\/strong>: En plus de produire des plateaux \u00e0 \u0153ufs, d'autres plateaux en papier peuvent \u00eatre r\u00e9alis\u00e9s, comme des plateaux \u00e0 fruits, des plateaux \u00e0 bouteilles de vin, etc.<\/li> <\/ul>    <figure class=\"wp-block-gallery has-nested-images columns-default is-cropped wp-block-gallery-2 is-layout-flex wp-block-gallery-is-layout-flex\"> <figure class=\"wp-block-image size-full\"><img loading=\"lazy\" decoding=\"async\" width=\"720\" height=\"540\" data-id=\"1038\" src=\"https:\/\/www.eggtray.org\/wp-content\/uploads\/2024\/06\/egg-tray-moulding-machine-for-sale.webp\" alt=\"machine de moulage de plateaux \u00e0 \u0153ufs \u00e0 vendre\" class=\"wp-image-1038\" title=\"\" srcset=\"https:\/\/www.eggtray.org\/wp-content\/uploads\/2024\/06\/egg-tray-moulding-machine-for-sale.webp 720w, https:\/\/www.eggtray.org\/wp-content\/uploads\/2024\/06\/egg-tray-moulding-machine-for-sale-300x225.webp 300w, https:\/\/www.eggtray.org\/wp-content\/uploads\/2024\/06\/egg-tray-moulding-machine-for-sale-16x12.webp 16w\" sizes=\"auto, (max-width: 720px) 100vw, 720px\" \/><figcaption class=\"wp-element-caption\">Machine de moulage de plateaux \u00e0 \u0153ufs \u00e0 vendre<\/figcaption><\/figure>    <figure class=\"wp-block-image size-full\"><img loading=\"lazy\" decoding=\"async\" width=\"720\" height=\"540\" data-id=\"1039\" src=\"https:\/\/www.eggtray.org\/wp-content\/uploads\/2024\/06\/quality-egg-tray-machine.webp\" alt=\"machine \u00e0 plateaux \u00e0 \u0153ufs de qualit\u00e9\" class=\"wp-image-1039\" title=\"\" srcset=\"https:\/\/www.eggtray.org\/wp-content\/uploads\/2024\/06\/quality-egg-tray-machine.webp 720w, https:\/\/www.eggtray.org\/wp-content\/uploads\/2024\/06\/quality-egg-tray-machine-300x225.webp 300w, https:\/\/www.eggtray.org\/wp-content\/uploads\/2024\/06\/quality-egg-tray-machine-16x12.webp 16w\" sizes=\"auto, (max-width: 720px) 100vw, 720px\" \/><figcaption class=\"wp-element-caption\">Machine \u00e0 plateaux \u00e0 \u0153ufs de qualit\u00e9<\/figcaption><\/figure> <\/figure>    <h2 class=\"wp-block-heading\"><strong>Param\u00e8tres de la machine de moulage de plateaux \u00e0 \u0153ufs 1500-2000 pcs\/h<\/strong><\/h2>    <p>D'apr\u00e8s le tableau ci-dessous, ce type de machine de fabrication de plateaux en papier a une capacit\u00e9 de 1 500 \u00e0 2 000 pi\u00e8ces par heure. Et la consommation de papier et d'eau a \u00e9t\u00e9 r\u00e9pertori\u00e9e, avec une certaine valeur pour le montrer. <\/p>    <p class=\"translation-block\">Bien s\u00fbr, nos <a href=\"https:\/\/www.eggtray.org\/fr\/product\/egg-tray-making-machine\/\">machines \u00e0 plateaux \u00e0 \u0153ufs<\/a> ont \u00e9galement d'autres capacit\u00e9s, comme 1000-1500 pi\u00e8ces\/h, notre directeur des ventes vous fournira celle qui convient le mieux \u00e0 vos besoins.<\/p>    <div class=\"wp-block-media-text alignwide is-stacked-on-mobile\"><figure class=\"wp-block-media-text__media\"><img loading=\"lazy\" decoding=\"async\" width=\"720\" height=\"540\" src=\"https:\/\/www.eggtray.org\/wp-content\/uploads\/2022\/11\/egg-tray-molding-machine.webp\" alt=\"machine de moulage de plateaux \u00e0 \u0153ufs\" class=\"wp-image-556 size-full\" title=\"\" srcset=\"https:\/\/www.eggtray.org\/wp-content\/uploads\/2022\/11\/egg-tray-molding-machine.webp 720w, https:\/\/www.eggtray.org\/wp-content\/uploads\/2022\/11\/egg-tray-molding-machine-300x225.webp 300w\" sizes=\"auto, (max-width: 720px) 100vw, 720px\" \/><\/figure><div class=\"wp-block-media-text__content\"> <figure class=\"wp-block-table\"><table><tbody><tr><td>Mod\u00e8le<\/td><td>SL-4*1<\/td><\/tr><tr><td>Capacit\u00e9<\/td><td>1500-2000 pi\u00e8ces\/heure<\/td><\/tr><tr><td>Consommation de papier<\/td><td>160kg\/heure<\/td><\/tr><tr><td>Consommation d'eau<\/td><td>380kg\/heure<\/td><\/tr><tr><td>\u00c9nergie utilis\u00e9e<\/td><td>45 kW\/h<\/td><\/tr><tr><td>Ouvrier<\/td><td>3-4<\/td><\/tr><\/tbody><\/table><figcaption class=\"wp-element-caption\">Sp\u00e9cifications de la machine \u00e0 plateaux \u00e0 \u0153ufs<\/figcaption><\/figure> <\/div><\/div>    <h2 class=\"wp-block-heading\"><strong>Moules pour machine de moulage de plateaux \u00e0 \u0153ufs de 1500 \u00e0 2000 pi\u00e8ces\/h<\/strong><\/h2>    <p>Nous disposons de moules en plastique et en aluminium. Et la dur\u00e9e de conservation des moules est d'au moins un an. En outre, nos moules peuvent \u00e9galement produire diff\u00e9rents types de barquettes en papier. <\/p>    <p>Tant que vous avez besoin de barquettes papier, nous pouvons personnaliser les moules correspondants en fonction des barquettes papier, qu'elles soient en plastique ou en aluminium selon vos exigences.<\/p>    <figure class=\"wp-block-gallery aligncenter has-nested-images columns-default is-cropped wp-block-gallery-3 is-layout-flex wp-block-gallery-is-layout-flex\"> <figure class=\"wp-block-image size-full\"><img loading=\"lazy\" decoding=\"async\" width=\"720\" height=\"600\" data-id=\"554\" src=\"https:\/\/www.eggtray.org\/wp-content\/uploads\/2022\/11\/plastic-moulds.webp\" alt=\"moules en plastique\" class=\"wp-image-554\" title=\"\" srcset=\"https:\/\/www.eggtray.org\/wp-content\/uploads\/2022\/11\/plastic-moulds.webp 720w, https:\/\/www.eggtray.org\/wp-content\/uploads\/2022\/11\/plastic-moulds-300x250.webp 300w\" sizes=\"auto, (max-width: 720px) 100vw, 720px\" \/><figcaption class=\"wp-element-caption\">Moules en plastique<\/figcaption><\/figure>    <figure class=\"wp-block-image size-full\"><img loading=\"lazy\" decoding=\"async\" width=\"720\" height=\"600\" data-id=\"553\" src=\"https:\/\/www.eggtray.org\/wp-content\/uploads\/2022\/11\/aluminum-moulds-1.webp\" alt=\"moules-en-aluminium-1\" class=\"wp-image-553\" title=\"\" srcset=\"https:\/\/www.eggtray.org\/wp-content\/uploads\/2022\/11\/aluminum-moulds-1.webp 720w, https:\/\/www.eggtray.org\/wp-content\/uploads\/2022\/11\/aluminum-moulds-1-300x250.webp 300w\" sizes=\"auto, (max-width: 720px) 100vw, 720px\" \/><figcaption class=\"wp-element-caption\">Moules en aluminium <\/figcaption><\/figure> <\/figure>    <h2 class=\"wp-block-heading\"><strong>M\u00e9thode de s\u00e9chage pour la machine de moulage de p\u00e2te Shuliy SL-4*1<\/strong><\/h2>    <p>En fait, il existe trois m\u00e9thodes de s\u00e9chage, respectivement le s\u00e9chage naturel, le s\u00e9chage au four et le s\u00e9chage des m\u00e9taux. <\/p>    <p>Pour une capacit\u00e9 de 1 500 \u00e0 2 000 pi\u00e8ces par heure, la m\u00e9thode de s\u00e9chage naturel est la plus adapt\u00e9e. Les raisons sont les suivantes:<\/p>    <div class=\"wp-block-columns is-layout-flex wp-container-core-columns-is-layout-9d6595d7 wp-block-columns-is-layout-flex\"> <div class=\"wp-block-column is-layout-flow wp-block-column-is-layout-flow\"> <ul class=\"wp-block-list\"> <li>Production \u00e0 petite \u00e9chelle<\/li> <\/ul> <\/div>    <div class=\"wp-block-column is-layout-flow wp-block-column-is-layout-flow\"> <ul class=\"wp-block-list\"> <li>Faible co\u00fbt des machines <\/li> <\/ul> <\/div> <\/div>    <div class=\"wp-block-columns is-layout-flex wp-container-core-columns-is-layout-9d6595d7 wp-block-columns-is-layout-flex\"> <div class=\"wp-block-column is-layout-flow wp-block-column-is-layout-flow\"> <ul class=\"wp-block-list\"> <li>\u00c9conomique et rentable<\/li> <\/ul> <\/div>    <div class=\"wp-block-column is-layout-flow wp-block-column-is-layout-flow\"> <ul class=\"wp-block-list\"> <li>\u00c9conomie de travail et \u00e9conomie d'\u00e9nergie<\/li> <\/ul> <\/div> <\/div>    <h2 class=\"wp-block-heading\"><strong>Services offerts pour la machine \u00e0 plateaux \u00e0 \u0153ufs Shuliy 4*1 <\/strong><\/h2>   <div class=\"wp-block-image\"> <figure class=\"aligncenter size-full\"><img loading=\"lazy\" decoding=\"async\" width=\"720\" height=\"540\" src=\"https:\/\/www.eggtray.org\/wp-content\/uploads\/2022\/11\/paper-egg-tray-molding-machine.webp\" alt=\"machine de moulage de plateaux \u00e0 \u0153ufs en papier\" class=\"wp-image-560\" title=\"\" srcset=\"https:\/\/www.eggtray.org\/wp-content\/uploads\/2022\/11\/paper-egg-tray-molding-machine.webp 720w, https:\/\/www.eggtray.org\/wp-content\/uploads\/2022\/11\/paper-egg-tray-molding-machine-300x225.webp 300w\" sizes=\"auto, (max-width: 720px) 100vw, 720px\" \/><figcaption class=\"wp-element-caption\">machine de moulage de plateaux \u00e0 \u0153ufs en papier<\/figcaption><\/figure> <\/div>   <div class=\"wp-block-columns is-layout-flex wp-container-core-columns-is-layout-9d6595d7 wp-block-columns-is-layout-flex\"> <div class=\"wp-block-column is-layout-flow wp-block-column-is-layout-flow\"> <p class=\"has-text-align-left translation-block\"><strong>Service personnalis\u00e9 un \u00e0 un<\/strong><\/p>    <p class=\"has-text-align-left has-cyan-bluish-gray-background-color has-background has-small-font-size\">Nous fournissons aux clients un service personnalis\u00e9 et proposons la bonne machine bas\u00e9e sur nos solides connaissances professionnelles.<\/p> <\/div>    <div class=\"wp-block-column is-layout-flow wp-block-column-is-layout-flow\"> <p class=\"has-text-align-left translation-block\"><strong>Service apr\u00e8s-vente<\/strong><\/p>    <p class=\"has-text-align-left has-cyan-bluish-gray-background-color has-background has-small-font-size\">Nous fournissons un service apr\u00e8s-vente 24h\/24 pour r\u00e9soudre les probl\u00e8mes des clients, afin de faciliter leurs affaires.<\/p> <\/div>    <div class=\"wp-block-column is-layout-flow wp-block-column-is-layout-flow\"> <p class=\"translation-block\"><strong>Service personnalis\u00e9<\/strong><\/p>    <p class=\"has-cyan-bluish-gray-background-color has-background has-small-font-size\">Nous pouvons personnaliser le moule de la machine, en fonction de la taille des barquettes papier que vous souhaitez produire.<\/p> <\/div> <\/div>    <h2 class=\"wp-block-heading\"><strong>Le cas r\u00e9ussi de la machine de moulage automatique de plateaux \u00e0 \u0153ufs Shuliy<\/strong><\/h2>    <p>Notre machine de moulage de plateaux \u00e0 \u0153ufs est toujours export\u00e9e vers les pays \u00e9trangers, cette machine a donc une bonne r\u00e9putation \u00e0 l'\u00e9tranger. Ensuite, \u00e9num\u00e9rez un cas r\u00e9ussi pour votre r\u00e9f\u00e9rence. <\/p>    <figure class=\"wp-block-embed is-type-wp-embed is-provider-shuliy-machinery wp-block-embed-shuliy-machinery\"><div class=\"wp-block-embed__wrapper\"> <blockquote class=\"wp-embedded-content\" data-secret=\"vkZTPMtsxV\"><a href=\"https:\/\/www.eggtray.org\/fr\/Info\/egg-tray-making-machine-for-sale-cameroon\/\">Machine de fabrication de plateaux \u00e0 \u0153ufs, 1500 \u00e0 2000 pi\u00e8ces\/heure, \u00e0 vendre au Cameroun<\/a><\/blockquote><iframe loading=\"lazy\" class=\"wp-embedded-content\" sandbox=\"allow-scripts\" security=\"restricted\" style=\"position: absolute; visibility: hidden;\" title=\"\u00ab Machine \u00e0 fabriquer des plateaux \u00e0 \u0153ufs de 1500-2000 pi\u00e8ces\/heure \u00e0 vendre au Cameroun \u00bb \u2014 Machines Shuliy\" src=\"https:\/\/www.eggtray.org\/Info\/egg-tray-making-machine-for-sale-cameroon\/embed\/#?secret=FB8hDkypJ9#?secret=vkZTPMtsxV\" data-secret=\"vkZTPMtsxV\" width=\"500\" height=\"282\" frameborder=\"0\" marginwidth=\"0\" marginheight=\"0\" scrolling=\"no\"><\/iframe> <\/div><\/figure>    <h2 class=\"wp-block-heading\"><strong>Contactez-nous pour plus de d\u00e9tails sur la machine\u00a0!<\/strong><\/h2>    <p class=\"translation-block\">Cherchez-vous un moyen de gagner de l'argent gr\u00e2ce aux <a href=\"https:\/\/fr.wikipedia.org\/wiki\/Recyclage_du_papier\" target=\"_blank\" rel=\"noopener\">papiers usag\u00e9s<\/a> ? Si oui, contactez-nous d\u00e8s maintenant et nous vous fournirons la meilleure solution !<\/p>    <figure class=\"wp-block-embed is-type-video is-provider-youtube wp-block-embed-youtube wp-embed-aspect-16-9 wp-has-aspect-ratio\"><div class=\"wp-block-embed__wrapper\"> <iframe loading=\"lazy\" title=\"Test de la machine \u00e0 plateau d&#039;\u0153uf de 1500pcs \/ h | Machine de moulage de plateau en papier pour le processus de fabrication du plateau d&#039;oeufs\" width=\"500\" height=\"281\" src=\"https:\/\/www.youtube.com\/embed\/Nq0zN0qMC9E?feature=oembed\" frameborder=\"0\" allow=\"accelerometer; autoplay; clipboard-write; encrypted-media; gyroscope; picture-in-picture; web-share\" referrerpolicy=\"strict-origin-when-cross-origin\" allowfullscreen><\/iframe> <\/div><figcaption class=\"wp-element-caption\">Vid\u00e9o de 1500pcs \/ h Machine \u00e0 plateau d'oeuf<\/figcaption><\/figure>","protected":false},"excerpt":{"rendered":"<p>La machine de moulage de plateaux \u00e0 \u0153ufs de 1 500 \u00e0 2 000 pi\u00e8ces\/h est sp\u00e9cialement con\u00e7ue pour produire des plateaux en papier de haute qualit\u00e9 avec un rendement de 1 500 \u00e0 2 000 pi\u00e8ces\/h \u00e0 partir de vieux papiers. <\/p>","protected":false},"author":1,"featured_media":552,"parent":0,"template":"","tags":[10,11,64,88],"product-type":[61,5,4],"class_list":["post-530","product","type-product","status-publish","has-post-thumbnail","hentry","tag-egg-tray-machine","tag-egg-tray-making-machine","tag-egg-tray-molding-mahcine","tag-egg-trays","product-type-by-capacity","product-type-main-equipment","product-type-product"],"_links":{"self":[{"href":"https:\/\/www.eggtray.org\/fr\/wp-json\/wp\/v2\/product\/530","targetHints":{"allow":["GET"]}}],"collection":[{"href":"https:\/\/www.eggtray.org\/fr\/wp-json\/wp\/v2\/product"}],"about":[{"href":"https:\/\/www.eggtray.org\/fr\/wp-json\/wp\/v2\/types\/product"}],"author":[{"embeddable":true,"href":"https:\/\/www.eggtray.org\/fr\/wp-json\/wp\/v2\/users\/1"}],"wp:featuredmedia":[{"embeddable":true,"href":"https:\/\/www.eggtray.org\/fr\/wp-json\/wp\/v2\/media\/552"}],"wp:attachment":[{"href":"https:\/\/www.eggtray.org\/fr\/wp-json\/wp\/v2\/media?parent=530"}],"wp:term":[{"taxonomy":"post_tag","embeddable":true,"href":"https:\/\/www.eggtray.org\/fr\/wp-json\/wp\/v2\/tags?post=530"},{"taxonomy":"product-type","embeddable":true,"href":"https:\/\/www.eggtray.org\/fr\/wp-json\/wp\/v2\/product-type?post=530"}],"curies":[{"name":"wp","href":"https:\/\/api.w.org\/{rel}","templated":true}]}}