{"id":562,"date":"2022-11-15T16:32:59","date_gmt":"2022-11-15T08:32:59","guid":{"rendered":"https:\/\/www.eggtray.org\/?post_type=product&#038;p=562"},"modified":"2025-10-30T15:03:24","modified_gmt":"2025-10-30T07:03:24","slug":"2000-2500pcs-h-automatic-egg-tray-machine","status":"publish","type":"product","link":"https:\/\/www.eggtray.org\/fr\/product\/2000-2500pcs-h-automatic-egg-tray-machine\/","title":{"rendered":"Machine automatique de plateau d'oeufs 2000-2500PCS\/H"},"content":{"rendered":"<p class=\"translation-block\">Cette <strong>machine automatique de fabrication de plateaux \u00e0 \u0153ufs<\/strong> de 2000-2500 pi\u00e8ces\/h, mod\u00e8le SL-3*4, peut produire des plateaux \u00e0 \u0153ufs de diff\u00e9rents types et tailles, avec un rendement de 2000-2500 pi\u00e8ces\/h. Elle est tr\u00e8s adapt\u00e9e aux investisseurs et aux usines de production moyenne. <\/p>    <p>Cette machine \u00e0 plateaux \u00e0 \u0153ufs en papier est sp\u00e9cialement utilis\u00e9e pour produire divers types de supports en papier, tels que des plateaux \u00e0 \u0153ufs, des caisses \u00e0 \u0153ufs, des plateaux \u00e0 fruits, des plateaux \u00e0 vin, etc.<\/p>    <p>De plus, la conception de la structure de la machine est raisonnable, tr\u00e8s simple et facile \u00e0 comprendre, et tr\u00e8s conviviale pour les utilisateurs. Si de telles machines vous int\u00e9ressent, contactez-nous !<\/p>    <figure class=\"wp-block-embed is-type-video is-provider-youtube wp-block-embed-youtube wp-embed-aspect-16-9 wp-has-aspect-ratio\"><div class=\"wp-block-embed__wrapper\"> <iframe loading=\"lazy\" title=\"Machine de moulage de plateaux en papier 2000-2500 pcs\/h, id\u00e9ale pour la fabrication de cartons de plateaux \u00e0 \u0153ufs en masse, #papertray\" width=\"500\" height=\"281\" src=\"https:\/\/www.youtube.com\/embed\/1Q8NMlwahfI?feature=oembed\" frameborder=\"0\" allow=\"accelerometer; autoplay; clipboard-write; encrypted-media; gyroscope; picture-in-picture; web-share\" referrerpolicy=\"strict-origin-when-cross-origin\" allowfullscreen><\/iframe> <\/div><figcaption class=\"wp-element-caption\">vid\u00e9o de travail de la machine \u00e0 plateaux \u00e0 \u0153ufs en papier SL-3*4<\/figcaption><\/figure>    <h2 class=\"wp-block-heading\"><strong>Pourquoi cette machine automatique de plateau \u00e0 \u0153ufs est-elle si populaire parmi les investisseurs ?<\/strong><\/h2>    <ol class=\"wp-block-list\"> <li><strong>Les mati\u00e8res premi\u00e8res sont faciles \u00e0 obtenir<\/strong>. Les mati\u00e8res premi\u00e8res pour Shuliy <a href=\"https:\/\/www.eggtray.org\/fr\/product\/egg-tray-making-machine\/\">machine de production de plateaux \u00e0 \u0153ufs<\/a> Sont toutes sortes de vieux papiers, de vieux livres, de vieux magazines, etc. Ces mat\u00e9riaux sont tr\u00e8s courants dans la vie et sont faciles \u00e0 obtenir.<\/li>    <li><strong>\u00c9conomique<\/strong>. Une grande quantit\u00e9 de vieux papiers sera produite chaque jour. Le co\u00fbt de ces mat\u00e9riaux est faible et l\u2019investissement initial des investisseurs ne sera pas excessif.<\/li>    <li><strong>Prot\u00e9ger l'environnement<\/strong>. En fait, les mati\u00e8res premi\u00e8res utilis\u00e9es dans cette machine automatique de plateaux \u00e0 \u0153ufs sont utilis\u00e9es pour une utilisation secondaire, ce qui \u00e9vite la pollution de l'environnement et prot\u00e8ge ainsi l'environnement.<\/li>    <li><strong>Des b\u00e9n\u00e9fices \u00e9lev\u00e9s<\/strong>. Une fois qu'une tonne de vieux papiers a \u00e9t\u00e9 trait\u00e9e et produite, le plateau \u00e0 \u0153ufs est vendu et le b\u00e9n\u00e9fice double directement.<\/li>    <li><strong>Forte demande<\/strong>. Dans la vie quotidienne des gens, la demande d\u2019\u0153ufs a toujours \u00e9t\u00e9 \u00e9lev\u00e9e, de sorte que les \u00e9leveurs de poulets ont \u00e9galement \u00e9t\u00e9 nombreux, et la demande de plateaux \u00e0 \u0153ufs qui en r\u00e9sulte est importante.<\/li> <\/ol>    <figure class=\"wp-block-gallery aligncenter has-nested-images columns-default is-cropped wp-block-gallery-2 is-layout-flex wp-block-gallery-is-layout-flex\"> <figure class=\"wp-block-image size-full\"><img loading=\"lazy\" decoding=\"async\" width=\"720\" height=\"540\" data-id=\"576\" src=\"https:\/\/www.eggtray.org\/wp-content\/uploads\/2022\/11\/SL-3-4-automatic-egg-tray-machine.webp\" alt=\"Machine automatique de plateaux \u00e0 \u0153ufs SL-3 * 4\" class=\"wp-image-576\" title=\"\" srcset=\"https:\/\/www.eggtray.org\/wp-content\/uploads\/2022\/11\/SL-3-4-automatic-egg-tray-machine.webp 720w, https:\/\/www.eggtray.org\/wp-content\/uploads\/2022\/11\/SL-3-4-automatic-egg-tray-machine-300x225.webp 300w\" sizes=\"auto, (max-width: 720px) 100vw, 720px\" \/><figcaption class=\"wp-element-caption\">Machine automatique de plateau d'oeufs Sl-3*4<\/figcaption><\/figure>    <figure class=\"wp-block-image size-full\"><img loading=\"lazy\" decoding=\"async\" width=\"720\" height=\"540\" data-id=\"575\" src=\"https:\/\/www.eggtray.org\/wp-content\/uploads\/2022\/11\/2000-2500-egg-tray-machine.webp\" alt=\"Machine de plateau d&#039;oeufs 2000-2500pcs\/h\" class=\"wp-image-575\" title=\"\" srcset=\"https:\/\/www.eggtray.org\/wp-content\/uploads\/2022\/11\/2000-2500-egg-tray-machine.webp 720w, https:\/\/www.eggtray.org\/wp-content\/uploads\/2022\/11\/2000-2500-egg-tray-machine-300x225.webp 300w\" sizes=\"auto, (max-width: 720px) 100vw, 720px\" \/><figcaption class=\"wp-element-caption\">Machine de plateau d'oeufs 2000-2500Pcs\/H<\/figcaption><\/figure> <\/figure>    <h2 class=\"wp-block-heading\"><strong>Des bacs \u00e0 papier personnalis\u00e9s pour vous-m\u00eame<\/strong><\/h2>    <p>En tant que client, vous pouvez parfois penser \u00e0 diff\u00e9rents types de bacs \u00e0 papier, diff\u00e9rents des bacs \u00e0 \u0153ufs. <\/p>    <p>\u00c0 ce stade, vous devez conna\u00eetre la taille du porte-papier que vous souhaitez offrir aux clients avec des machines personnalis\u00e9es. <\/p>    <p class=\"translation-block\">Les plateaux en papier que nous pouvons produire comprennent des plateaux \u00e0 \u0153ufs, des <a href=\"https:\/\/en.wikipedia.org\/wiki\/Egg_carton\" target=\"_blank\" rel=\"noopener\">bo\u00eetes \u00e0 \u0153ufs<\/a>, des barquettes de fruits, des semoirs, des plateaux m\u00e9dicaux, des supports \u00e0 chaussures, des plateaux pour \u0153ufs de caille et des plateaux personnalis\u00e9s. <\/p>    <p>En un mot, si vous avez besoin de r\u00e9aliser tout type de support papier, contactez-nous. Notre responsable commercial personnalisera la machine la plus adapt\u00e9e \u00e0 vos besoins.<\/p>   <div class=\"wp-block-image\"> <figure class=\"aligncenter size-full\"><img loading=\"lazy\" decoding=\"async\" width=\"560\" height=\"400\" src=\"https:\/\/www.eggtray.org\/wp-content\/uploads\/2022\/08\/pulp-paper-trays.webp\" alt=\"plateaux de p\u00e2te \u00e0 papier\" class=\"wp-image-309\" title=\"\" srcset=\"https:\/\/www.eggtray.org\/wp-content\/uploads\/2022\/08\/pulp-paper-trays.webp 560w, https:\/\/www.eggtray.org\/wp-content\/uploads\/2022\/08\/pulp-paper-trays-300x214.webp 300w\" sizes=\"auto, (max-width: 560px) 100vw, 560px\" \/><figcaption class=\"wp-element-caption\">plateaux de p\u00e2te \u00e0 papier<\/figcaption><\/figure> <\/div>   <h2 class=\"wp-block-heading\"><strong>M\u00e9thodes de s\u00e9chage disponibles pour la machine automatique \u00e0 plateaux \u00e0 \u0153ufs Shuliy SL-3*4<\/strong><\/h2>    <p>Cette machine \u00e0 plateaux \u00e0 \u0153ufs de 2 000 \u00e0 2 500 pi\u00e8ces\/h convient \u00e0 une production de taille moyenne. Vous avez donc le choix entre trois m\u00e9thodes de s\u00e9chage.<\/p>    <div class=\"wp-block-columns is-layout-flex wp-container-core-columns-is-layout-9d6595d7 wp-block-columns-is-layout-flex\"> <div class=\"wp-block-column is-layout-flow wp-block-column-is-layout-flow\"> <figure class=\"wp-block-image size-full\"><img loading=\"lazy\" decoding=\"async\" width=\"720\" height=\"540\" src=\"https:\/\/www.eggtray.org\/wp-content\/uploads\/2022\/08\/drying-in-the-sun.webp\" alt=\"s\u00e9cher au soleil\" class=\"wp-image-338\" title=\"\" srcset=\"https:\/\/www.eggtray.org\/wp-content\/uploads\/2022\/08\/drying-in-the-sun.webp 720w, https:\/\/www.eggtray.org\/wp-content\/uploads\/2022\/08\/drying-in-the-sun-300x225.webp 300w\" sizes=\"auto, (max-width: 720px) 100vw, 720px\" \/><figcaption class=\"wp-element-caption\">S\u00e9chage au soleil<\/figcaption><\/figure>    <p>Plus \u00e9conomique mais n\u00e9cessite suffisamment de main d\u2019\u0153uvre<\/p> <\/div>    <div class=\"wp-block-column is-layout-flow wp-block-column-is-layout-flow\"> <figure class=\"wp-block-image size-full\"><img loading=\"lazy\" decoding=\"async\" width=\"720\" height=\"540\" src=\"https:\/\/www.eggtray.org\/wp-content\/uploads\/2022\/08\/brick-kiln-drying.webp\" alt=\"s\u00e9chage au four \u00e0 briques\" class=\"wp-image-347\" title=\"\" srcset=\"https:\/\/www.eggtray.org\/wp-content\/uploads\/2022\/08\/brick-kiln-drying.webp 720w, https:\/\/www.eggtray.org\/wp-content\/uploads\/2022\/08\/brick-kiln-drying-300x225.webp 300w\" sizes=\"auto, (max-width: 720px) 100vw, 720px\" \/><figcaption class=\"wp-element-caption\">S\u00e9chage au four \u00e0 briques <\/figcaption><\/figure>    <p>Plus pratique et rapide, mais l'investissement sera plus important<\/p> <\/div>    <div class=\"wp-block-column is-layout-flow wp-block-column-is-layout-flow\"> <figure class=\"wp-block-image size-full\"><img loading=\"lazy\" decoding=\"async\" width=\"720\" height=\"540\" src=\"https:\/\/www.eggtray.org\/wp-content\/uploads\/2022\/08\/metal-multiple-layer-egg-tray-dryer.webp\" alt=\"S\u00e9choir \u00e0 plateaux \u00e0 \u0153ufs \u00e0 plusieurs couches en m\u00e9tal\" class=\"wp-image-344\" title=\"\" srcset=\"https:\/\/www.eggtray.org\/wp-content\/uploads\/2022\/08\/metal-multiple-layer-egg-tray-dryer.webp 720w, https:\/\/www.eggtray.org\/wp-content\/uploads\/2022\/08\/metal-multiple-layer-egg-tray-dryer-300x225.webp 300w\" sizes=\"auto, (max-width: 720px) 100vw, 720px\" \/><figcaption class=\"wp-element-caption\">S\u00e9choir \u00e0 plateaux \u00e0 \u0153ufs multicouches en m\u00e9tal <\/figcaption><\/figure>    <p>S\u00e9ch\u00e9 automatiquement, avec une efficacit\u00e9 et une rapidit\u00e9 \u00e9lev\u00e9es<\/p> <\/div> <\/div>    <h2 class=\"wp-block-heading\"><strong>Cas r\u00e9ussis de la machine de fabrication de plateaux \u00e0 \u0153ufs Shuliy SL-3*4<\/strong><\/h2>    <p>Notre machine automatique de plateaux \u00e0 \u0153ufs a une qualit\u00e9 et des performances excellentes et compte des clients partout dans le monde. <\/p>    <p>Notre machine de fabrication de plateaux \u00e0 \u0153ufs est export\u00e9e vers l'Arabie Saoudite, le Nigeria, la Zambie, le Nigeria, la Palestine, etc. Les clients de ces pays aiment beaucoup nos machines. <\/p>    <p>Apr\u00e8s avoir utilis\u00e9 la machine, ils estiment que l'effet est tr\u00e8s bon. Certains d\u2019entre eux rach\u00e8tent \u00e9galement lors de l\u2019expansion de la production de cartons d\u2019\u0153ufs, comme les clients nig\u00e9rians.<\/p>    <h2 class=\"wp-block-heading\"><strong>Param\u00e8tres de la machine automatique \u00e0 plateaux \u00e0 \u0153ufs Shuliy SL-3*4<\/strong><\/h2>    <figure class=\"wp-block-table\"><table><tbody><tr><td>Mod\u00e8le<\/td><td>Capacit\u00e9<\/td><td>Consommation de papier<\/td><td>Consommation d'eau<\/td><td>\u00c9nergie utilis\u00e9e<\/td><td>Ouvrier<\/td><\/tr><tr><td>SL-3*4<\/td><td>2000-2500 pi\u00e8ces\/heure<\/td><td>200kg\/h<\/td><td>450kg\/heure<\/td><td>58 kW\/h<\/td><td>4-5<\/td><\/tr><\/tbody><\/table><figcaption class=\"wp-element-caption\">param\u00e8tres techniques de la machine \u00e0 bacs \u00e0 papier<\/figcaption><\/figure>","protected":false},"excerpt":{"rendered":"<p>Cette machine automatique de plateaux \u00e0 \u0153ufs de 2 000 \u00e0 2 500 pi\u00e8ces\/h peut produire des plateaux \u00e0 \u0153ufs de diff\u00e9rents types et tailles, adapt\u00e9s aux investisseurs et aux usines de production moyenne. <\/p>","protected":false},"author":1,"featured_media":570,"parent":0,"template":"","tags":[65,11,88],"product-type":[61,5,4],"class_list":["post-562","product","type-product","status-publish","has-post-thumbnail","hentry","tag-automatic-egg-tray-machine","tag-egg-tray-making-machine","tag-egg-trays","product-type-by-capacity","product-type-main-equipment","product-type-product"],"_links":{"self":[{"href":"https:\/\/www.eggtray.org\/fr\/wp-json\/wp\/v2\/product\/562","targetHints":{"allow":["GET"]}}],"collection":[{"href":"https:\/\/www.eggtray.org\/fr\/wp-json\/wp\/v2\/product"}],"about":[{"href":"https:\/\/www.eggtray.org\/fr\/wp-json\/wp\/v2\/types\/product"}],"author":[{"embeddable":true,"href":"https:\/\/www.eggtray.org\/fr\/wp-json\/wp\/v2\/users\/1"}],"wp:featuredmedia":[{"embeddable":true,"href":"https:\/\/www.eggtray.org\/fr\/wp-json\/wp\/v2\/media\/570"}],"wp:attachment":[{"href":"https:\/\/www.eggtray.org\/fr\/wp-json\/wp\/v2\/media?parent=562"}],"wp:term":[{"taxonomy":"post_tag","embeddable":true,"href":"https:\/\/www.eggtray.org\/fr\/wp-json\/wp\/v2\/tags?post=562"},{"taxonomy":"product-type","embeddable":true,"href":"https:\/\/www.eggtray.org\/fr\/wp-json\/wp\/v2\/product-type?post=562"}],"curies":[{"name":"wp","href":"https:\/\/api.w.org\/{rel}","templated":true}]}}