{"id":577,"date":"2022-11-16T16:51:33","date_gmt":"2022-11-16T08:51:33","guid":{"rendered":"https:\/\/www.eggtray.org\/?post_type=product&#038;p=577"},"modified":"2025-10-30T15:43:40","modified_gmt":"2025-10-30T07:43:40","slug":"3000-3500pcs-h-egg-tray-manufacturing-machine","status":"publish","type":"product","link":"https:\/\/www.eggtray.org\/fr\/product\/3000-3500pcs-h-egg-tray-manufacturing-machine\/","title":{"rendered":"Machine de fabrication de plateaux \u00e0 \u0153ufs 3000-3500PCS\/H"},"content":{"rendered":"<p class=\"translation-block\">Cette <strong>machine de fabrication de caisses \u00e0 \u0153ufs<\/strong> de 3000-3500 pi\u00e8ces\/h est tr\u00e8s adapt\u00e9e \u00e0 la production de masse de caisses \u00e0 \u0153ufs. Pour les investisseurs, ce type de machine \u00e0 caisses \u00e0 \u0153ufs est la solution optimale pour la production de plateaux en papier \u00e0 moyenne \u00e9chelle.<\/p>    <figure class=\"wp-block-embed is-type-video is-provider-youtube wp-block-embed-youtube wp-embed-aspect-16-9 wp-has-aspect-ratio\"><div class=\"wp-block-embed__wrapper\"> <iframe loading=\"lazy\" title=\"Machine de fabrication de plateaux \u00e0 \u0153ufs de 3000 \u00e0 3500 pi\u00e8ces\/h, adapt\u00e9e aux usines de recyclage \u00e0 moyenne \u00e9chelle pour r\u00e9aliser des b\u00e9n\u00e9fices\" width=\"500\" height=\"281\" src=\"https:\/\/www.youtube.com\/embed\/rgCTtpcIBfU?feature=oembed\" frameborder=\"0\" allow=\"accelerometer; autoplay; clipboard-write; encrypted-media; gyroscope; picture-in-picture; web-share\" referrerpolicy=\"strict-origin-when-cross-origin\" allowfullscreen><\/iframe> <\/div><figcaption class=\"wp-element-caption\">vid\u00e9o de travail de la machine \u00e0 plateaux \u00e0 \u0153ufs SL-4*4<\/figcaption><\/figure>    <h2 class=\"wp-block-heading\"><strong>Param\u00e8tres de la machine de fabrication de plateaux \u00e0 \u0153ufs 3000-3500 pcs\/h<\/strong><\/h2>    <figure class=\"wp-block-table\"><table><tbody><tr><td>Mod\u00e8le<\/td><td>Capacit\u00e9<\/td><td>Consommation de papier<\/td><td>Consommation d'eau<\/td><td>\u00c9nergie utilis\u00e9e<\/td><td>Ouvrier<\/td><\/tr><tr><td>SL-4*4<\/td><td>3000-3500 pi\u00e8ces\/heure<\/td><td>280kg\/h<\/td><td>560kg\/heure<\/td><td>78 kW\/h<\/td><td>4-5<\/td><\/tr><\/tbody><\/table><figcaption class=\"wp-element-caption\">Sp\u00e9cifications de la machine de formage de plateaux \u00e0 \u0153ufs<\/figcaption><\/figure>    <p>Si vous souhaitez choisir cet \u00e9quipement, en raison du rendement horaire de 3 000 \u00e0 4 500 pi\u00e8ces, la meilleure m\u00e9thode de s\u00e9chage est le s\u00e9chage du m\u00e9tal. <\/p>    <p>Si cela vous int\u00e9resse ou avez des questions, venez nous contacter pour plus de d\u00e9tails !<\/p>    <h2 class=\"wp-block-heading\"><strong>L'ensemble de la proc\u00e9dure du processus complet de fabrication du plateau \u00e0 \u0153ufs<\/strong><\/h2>    <ol class=\"wp-block-list\"> <li><strong>Mise en p\u00e2te<\/strong>: mettre les mati\u00e8res premi\u00e8res dans le <a href=\"https:\/\/nl.wikipedia.org\/wiki\/Pulper\" target=\"_blank\" rel=\"noreferrer noopener\">pulpeur <\/a>pour en faire de la p\u00e2te \u00e0 papier.<\/li>    <li><strong>Formant<\/strong>: utilisez la machine de fabrication de barquettes en papier pour mouler les barquettes que vous souhaitez produire.<\/li>    <li><strong>S\u00e9chage<\/strong>: adoptez la m\u00e9thode appropri\u00e9e pour s\u00e9cher les plateaux \u00e0 \u0153ufs humides. G\u00e9n\u00e9ralement, trois m\u00e9thodes sont respectivement le s\u00e9chage naturel, le s\u00e9chage au four \u00e0 briques et le s\u00e9chage des m\u00e9taux.<\/li>    <li><strong>Pressage et mise en balles \u00e0 chaud<\/strong>: apr\u00e8s s\u00e9chage, utilisez la presse \u00e0 chaud pour fa\u00e7onner les plateaux en papier, puis utilisez la presse \u00e0 balles pour mettre en balles afin de faciliter le stockage et le transport.<\/li> <\/ol>   <div class=\"wp-block-image\"> <figure class=\"aligncenter size-full\"><img loading=\"lazy\" decoding=\"async\" width=\"720\" height=\"470\" src=\"https:\/\/www.eggtray.org\/wp-content\/uploads\/2022\/08\/flow-chart-of-the-egg-tray-production-line.webp\" alt=\"organigramme de la ligne de production de plateaux \u00e0 \u0153ufs\" class=\"wp-image-221\" title=\"\" srcset=\"https:\/\/www.eggtray.org\/wp-content\/uploads\/2022\/08\/flow-chart-of-the-egg-tray-production-line.webp 720w, https:\/\/www.eggtray.org\/wp-content\/uploads\/2022\/08\/flow-chart-of-the-egg-tray-production-line-300x196.webp 300w\" sizes=\"auto, (max-width: 720px) 100vw, 720px\" \/><figcaption class=\"wp-element-caption\">organigramme de la ligne de production de plateaux \u00e0 \u0153ufs <\/figcaption><\/figure> <\/div>   <h2 class=\"wp-block-heading\"><strong>Machine de fabrication de plateaux \u00e0 \u0153ufs 3000-3500 pi\u00e8ces\/h VS 1500-2000 pi\u00e8ces\/h<\/strong><\/h2>    <p>Lorsque vous d\u00e9marrez une entreprise de production de plateaux \u00e0 \u0153ufs, vous devez tenir compte de votre apport, de votre budget, du retour, etc. <\/p>    <p class=\"translation-block\">Par exemple, il existe deux types de <a href=\"https:\/\/www.eggtray.org\/fr\/product\/egg-tray-making-machine\/\" target=\"_blank\" rel=\"noreferrer noopener\">machines \u00e0 caisses \u00e0 \u0153ufs<\/a> disponibles pour votre entreprise, vous devriez consid\u00e9rer les facteurs suivants, y compris, mais sans s'y limiter.<\/p>    <figure class=\"wp-block-gallery aligncenter has-nested-images columns-default is-cropped wp-block-gallery-2 is-layout-flex wp-block-gallery-is-layout-flex\"> <figure class=\"wp-block-image size-large\"><img loading=\"lazy\" decoding=\"async\" width=\"720\" height=\"540\" data-id=\"560\" src=\"https:\/\/www.eggtray.org\/wp-content\/uploads\/2022\/11\/paper-egg-tray-molding-machine.webp\" alt=\"machine de moulage de plateaux \u00e0 \u0153ufs en papier\" class=\"wp-image-560\" title=\"\" srcset=\"https:\/\/www.eggtray.org\/wp-content\/uploads\/2022\/11\/paper-egg-tray-molding-machine.webp 720w, https:\/\/www.eggtray.org\/wp-content\/uploads\/2022\/11\/paper-egg-tray-molding-machine-300x225.webp 300w\" sizes=\"auto, (max-width: 720px) 100vw, 720px\" \/><figcaption class=\"wp-element-caption\">Machine de moulage de plateau d'oeufs en papier 1500-2000Pcs\/H<\/figcaption><\/figure>    <figure class=\"wp-block-image size-large\"><img loading=\"lazy\" decoding=\"async\" width=\"720\" height=\"540\" data-id=\"579\" src=\"https:\/\/www.eggtray.org\/wp-content\/uploads\/2022\/11\/3000-3500-egg-tray-manufacturing-machine.webp\" alt=\"Machine de fabrication de plateaux \u00e0 \u0153ufs 3000-3500 pcs\/h\" class=\"wp-image-579\" title=\"\" srcset=\"https:\/\/www.eggtray.org\/wp-content\/uploads\/2022\/11\/3000-3500-egg-tray-manufacturing-machine.webp 720w, https:\/\/www.eggtray.org\/wp-content\/uploads\/2022\/11\/3000-3500-egg-tray-manufacturing-machine-300x225.webp 300w\" sizes=\"auto, (max-width: 720px) 100vw, 720px\" \/><figcaption class=\"wp-element-caption\">Machine de fabrication de plateaux \u00e0 \u0153ufs 3000-3500Pcs\/H<\/figcaption><\/figure> <\/figure>    <ol class=\"wp-block-list\"> <li><strong>Co\u00fbt<\/strong>. En fait, cela est \u00e9troitement li\u00e9 \u00e0 votre budget. Parce que votre budget d\u00e9termine le nombre de capacit\u00e9s de la machine que vous pouvez acheter.<\/li>    <li><strong>L'\u00e9chelle de votre entreprise<\/strong>. Si vous souhaitez produire des plateaux \u00e0 \u0153ufs de petite, moyenne ou grande taille, vous devez avoir un objectif clair. Cela affecte directement votre choix de types de machines.<\/li>    <li><strong>Endroit de travail<\/strong>. Le lieu de travail de la machine de fabrication de plateaux \u00e0 \u0153ufs \u00e9tant tr\u00e8s important, il a une grande influence sur la m\u00e9thode de s\u00e9chage. S'il y a suffisamment d'espace, le s\u00e9chage naturel convient \u00e9galement.<\/li>    <li><strong>P\u00e9riode de renvois<\/strong>. Vous devez savoir quand votre entreprise r\u00e9alise des b\u00e9n\u00e9fices. Il est essentiel. Ainsi, vous devriez avoir suffisamment de pr\u00e9paration avant de d\u00e9marrer cette entreprise.<\/li> <\/ol>    <p>Ce qui pr\u00e9c\u00e8de ne sont que quelques \u00e9l\u00e9ments. D'autres facteurs doivent \u00eatre pris en compte. Tout cela est pour votre r\u00e9f\u00e9rence lorsque vous choisissez la machine \u00e0 plateaux \u00e0 \u0153ufs.<\/p>    <h2 class=\"wp-block-heading\"><strong>Quelle est la m\u00e9thode de s\u00e9chage la plus appropri\u00e9e pour la machine \u00e0 plateaux \u00e0 \u0153ufs SL-4*4\u00a0?<\/strong><\/h2>    <p>Pour cette capacit\u00e9, g\u00e9n\u00e9ralement, le directeur commercial recommandera le s\u00e9choir m\u00e9tallique pour s\u00e9cher les plateaux \u00e0 \u0153ufs. <\/p>   <div class=\"wp-block-image\"> <figure class=\"aligncenter size-full\"><img loading=\"lazy\" decoding=\"async\" width=\"720\" height=\"540\" src=\"https:\/\/www.eggtray.org\/wp-content\/uploads\/2022\/08\/metal-multiple-layer-egg-tray-dryer.webp\" alt=\"S\u00e9choir \u00e0 plateaux \u00e0 \u0153ufs \u00e0 plusieurs couches en m\u00e9tal\" class=\"wp-image-344\" title=\"\" srcset=\"https:\/\/www.eggtray.org\/wp-content\/uploads\/2022\/08\/metal-multiple-layer-egg-tray-dryer.webp 720w, https:\/\/www.eggtray.org\/wp-content\/uploads\/2022\/08\/metal-multiple-layer-egg-tray-dryer-300x225.webp 300w\" sizes=\"auto, (max-width: 720px) 100vw, 720px\" \/><figcaption class=\"wp-element-caption\">s\u00e9choir \u00e0 plateaux \u00e0 \u0153ufs multicouches en m\u00e9tal <\/figcaption><\/figure> <\/div>   <p>En tant que machine d'entr\u00e9e pour le s\u00e9chage, ce type de machine de fabrication de plateaux \u00e0 \u0153ufs peut utiliser efficacement l'\u00e9nergie de s\u00e9chage et le rendement peut \u00e9galement augmenter.<\/p>    <h2 class=\"wp-block-heading\"><strong>B\u00e9n\u00e9fices de l'achat de la machine de fabrication de plateaux \u00e0 \u0153ufs de 3 000 \u00e0 3 500 pi\u00e8ces\/h<\/strong><\/h2>    <p>La machine de fabrication de plateaux \u00e0 \u0153ufs de 3 000 \u00e0 3 500 pi\u00e8ces\/h peut produire des plateaux de 60 000 \u00e0 70 000 pi\u00e8ces pendant une journ\u00e9e. Et une pi\u00e8ce g\u00e9n\u00e8re un b\u00e9n\u00e9fice de 0,04RMB. Le b\u00e9n\u00e9fice total pour une journ\u00e9e est donc de 2 400 \u00e0 2 800 RMB. La marge b\u00e9n\u00e9ficiaire est tr\u00e8s consid\u00e9rable.<\/p>   <div class=\"wp-block-image\"> <figure class=\"aligncenter size-full\"><img loading=\"lazy\" decoding=\"async\" width=\"720\" height=\"540\" src=\"https:\/\/www.eggtray.org\/wp-content\/uploads\/2022\/08\/packed-egg-trays.webp\" alt=\"plateaux d&#039;oeufs emball\u00e9s\" class=\"wp-image-385\" title=\"\" srcset=\"https:\/\/www.eggtray.org\/wp-content\/uploads\/2022\/08\/packed-egg-trays.webp 720w, https:\/\/www.eggtray.org\/wp-content\/uploads\/2022\/08\/packed-egg-trays-300x225.webp 300w\" sizes=\"auto, (max-width: 720px) 100vw, 720px\" \/><figcaption class=\"wp-element-caption\">plateaux d'oeufs emball\u00e9s <\/figcaption><\/figure> <\/div>","protected":false},"excerpt":{"rendered":"<p>Cette machine de fabrication de plateaux \u00e0 \u0153ufs de 3 000 \u00e0 3 500 pi\u00e8ces\/h est destin\u00e9e \u00e0 fabriquer des plateaux en papier en quantit\u00e9 massive, ce qui constitue une solution optimale pour les usines de taille moyenne.<\/p>","protected":false},"author":1,"featured_media":578,"parent":0,"template":"","tags":[10,11,66,88],"product-type":[61,5,4],"class_list":["post-577","product","type-product","status-publish","has-post-thumbnail","hentry","tag-egg-tray-machine","tag-egg-tray-making-machine","tag-egg-tray-manufacturing-machine","tag-egg-trays","product-type-by-capacity","product-type-main-equipment","product-type-product"],"_links":{"self":[{"href":"https:\/\/www.eggtray.org\/fr\/wp-json\/wp\/v2\/product\/577","targetHints":{"allow":["GET"]}}],"collection":[{"href":"https:\/\/www.eggtray.org\/fr\/wp-json\/wp\/v2\/product"}],"about":[{"href":"https:\/\/www.eggtray.org\/fr\/wp-json\/wp\/v2\/types\/product"}],"author":[{"embeddable":true,"href":"https:\/\/www.eggtray.org\/fr\/wp-json\/wp\/v2\/users\/1"}],"wp:featuredmedia":[{"embeddable":true,"href":"https:\/\/www.eggtray.org\/fr\/wp-json\/wp\/v2\/media\/578"}],"wp:attachment":[{"href":"https:\/\/www.eggtray.org\/fr\/wp-json\/wp\/v2\/media?parent=577"}],"wp:term":[{"taxonomy":"post_tag","embeddable":true,"href":"https:\/\/www.eggtray.org\/fr\/wp-json\/wp\/v2\/tags?post=577"},{"taxonomy":"product-type","embeddable":true,"href":"https:\/\/www.eggtray.org\/fr\/wp-json\/wp\/v2\/product-type?post=577"}],"curies":[{"name":"wp","href":"https:\/\/api.w.org\/{rel}","templated":true}]}}