{"id":581,"date":"2022-11-18T16:15:47","date_gmt":"2022-11-18T08:15:47","guid":{"rendered":"https:\/\/www.eggtray.org\/?post_type=product&#038;p=581"},"modified":"2025-10-30T16:35:47","modified_gmt":"2025-10-30T08:35:47","slug":"4000pcs-h-paper-tray-making-machine","status":"publish","type":"product","link":"https:\/\/www.eggtray.org\/fr\/product\/4000pcs-h-paper-tray-making-machine\/","title":{"rendered":"Plateau \u00e0 papier 4000PCS\/H faisant la machine"},"content":{"rendered":"<p class=\"translation-block\">Cette <strong>machine de fabrication de plateaux en papier<\/strong> est capable de produire 4 000 pi\u00e8ces de plateaux \u00e0 \u0153ufs par heure et est tr\u00e8s efficace, \u00e9conome en \u00e9nergie et respectueuse de l'environnement. <\/p>    <p>Cette machine \u00e0 plateaux \u00e0 \u0153ufs convient aux usines de moyenne ou grande capacit\u00e9, ou aux investisseurs qui souhaitent investir dans une production \u00e0 grande \u00e9chelle.<\/p>    <figure class=\"wp-block-embed is-type-video is-provider-youtube wp-block-embed-youtube wp-embed-aspect-16-9 wp-has-aspect-ratio\"><div class=\"wp-block-embed__wrapper\"> <iframe loading=\"lazy\" title=\"D\u00e9voilement de Marvel\u00a0:\u00a0Egg Tray Machine en direct\u00a0! \ud83e\udd5a\ud83d\udd27Machine de fabrication de plateaux \u00e0 \u0153ufs 4000 PCS\/H \u00e0 vendre\" width=\"500\" height=\"281\" src=\"https:\/\/www.youtube.com\/embed\/FZ-dyptdaEM?feature=oembed\" frameborder=\"0\" allow=\"accelerometer; autoplay; clipboard-write; encrypted-media; gyroscope; picture-in-picture; web-share\" referrerpolicy=\"strict-origin-when-cross-origin\" allowfullscreen><\/iframe> <\/div><figcaption class=\"wp-element-caption\">vid\u00e9o sur la machine \u00e0 bacs \u00e0 papier 4000pcs\/h<\/figcaption><\/figure>    <h2 class=\"wp-block-heading\"><strong>Les avantages d'investir dans cette machine de fabrication de barquettes \u00e0 papier SL-4*8<\/strong><\/h2>    <ol class=\"wp-block-list\"> <li><strong>Mati\u00e8res premi\u00e8res bon march\u00e9<\/strong> utilis\u00e9 dans cette machine \u00e0 plateaux \u00e0 \u0153ufs peut \u00eatre \u00e0 nouveau recycl\u00e9, ce qui est tr\u00e8s respectueux de l'environnement.<\/li>    <li><strong>La capacit\u00e9 est de 4000 pi\u00e8ces par heure<\/strong>, haute efficacit\u00e9, peut r\u00e9pondre \u00e0 la production \u00e0 moyenne ou grande \u00e9chelle.<\/li>    <li>Le <strong>haut degr\u00e9 d'automatisation<\/strong>. Cette machine peut former une ligne compl\u00e8te de production de bacs \u00e0 papier avec d'autres machines, avec une automatisation \u00e9lev\u00e9e.<\/li>    <li>Le <strong>m\u00e9thode de s\u00e9chage<\/strong> peuvent \u00eatre choisis parmi le four \u00e0 briques ou le s\u00e9chage des m\u00e9taux, qui est tr\u00e8s s\u00e9lectif.<\/li>    <li><strong>Marge b\u00e9n\u00e9ficiaire importante<\/strong>. Le co\u00fbt de production est faible, mais le march\u00e9 est immense.<\/li> <\/ol>    <figure class=\"wp-block-gallery aligncenter has-nested-images columns-default is-cropped wp-block-gallery-2 is-layout-flex wp-block-gallery-is-layout-flex\"> <figure class=\"wp-block-image size-large\"><img loading=\"lazy\" decoding=\"async\" width=\"720\" height=\"540\" data-id=\"611\" src=\"https:\/\/www.eggtray.org\/wp-content\/uploads\/2022\/11\/paper-egg-tray-machine.webp\" alt=\"machine \u00e0 plateaux \u00e0 \u0153ufs en papier\" class=\"wp-image-611\" title=\"\" srcset=\"https:\/\/www.eggtray.org\/wp-content\/uploads\/2022\/11\/paper-egg-tray-machine.webp 720w, https:\/\/www.eggtray.org\/wp-content\/uploads\/2022\/11\/paper-egg-tray-machine-300x225.webp 300w\" sizes=\"auto, (max-width: 720px) 100vw, 720px\" \/><figcaption class=\"wp-element-caption\">Machine \u00e0 plateaux \u00e0 \u0153ufs en papier<\/figcaption><\/figure>    <figure class=\"wp-block-image size-large\"><img loading=\"lazy\" decoding=\"async\" width=\"720\" height=\"540\" data-id=\"612\" src=\"https:\/\/www.eggtray.org\/wp-content\/uploads\/2022\/11\/paper-tray-machine.webp\" alt=\"machine \u00e0 bac \u00e0 papier\" class=\"wp-image-612\" title=\"\" srcset=\"https:\/\/www.eggtray.org\/wp-content\/uploads\/2022\/11\/paper-tray-machine.webp 720w, https:\/\/www.eggtray.org\/wp-content\/uploads\/2022\/11\/paper-tray-machine-300x225.webp 300w\" sizes=\"auto, (max-width: 720px) 100vw, 720px\" \/><figcaption class=\"wp-element-caption\">Machine \u00e0 bacs \u00e0 papier<\/figcaption><\/figure> <\/figure>    <h2 class=\"wp-block-heading\"><strong>Param\u00e8tres de la machine de fabrication de plateaux en papier Shuliy 4000 pcs\/h \u00e0 vendre<\/strong><\/h2>    <figure class=\"wp-block-table\"><table><tbody><tr><td>Mod\u00e8le<\/td><td>Capacit\u00e9<\/td><td>Consommation de papier<\/td><td>Consommation d'eau<\/td><td>\u00c9nergie utilis\u00e9e<\/td><td>Ouvrier<\/td><\/tr><tr><td>SL-4*8<\/td><td>4000 pi\u00e8ces\/heure<\/td><td>320kg\/h<\/td><td>600kg\/heure<\/td><td>80 kW\/h<\/td><td>5-6<\/td><\/tr><\/tbody><\/table><figcaption class=\"wp-element-caption\">param\u00e8tres de la machine de fabrication de plateaux \u00e0 \u0153ufs en papier<\/figcaption><\/figure>    <p>\u00c9tant donn\u00e9 que ce type de machine \u00e0 plateaux \u00e0 \u0153ufs a une capacit\u00e9 de 4 000 pi\u00e8ces par heure, lorsque vous d\u00e9cidez d'y investir, pour votre production efficace et votre retour \u00e0 court terme, la machine de s\u00e9chage de plateaux \u00e0 \u0153ufs (s\u00e9choir en m\u00e9tal) doit \u00eatre s\u00e9lectionn\u00e9e.<\/p>    <figure class=\"wp-block-embed is-type-video is-provider-youtube wp-block-embed-youtube wp-embed-aspect-16-9 wp-has-aspect-ratio\"><div class=\"wp-block-embed__wrapper\"> <iframe loading=\"lazy\" title=\"Machine de moulage en pulpe de papier \u00e0 8 c\u00f4t\u00e9s avec s\u00e9choir sur plate-forme d&#039;oeuf: Comment fonctionne la machine \u00e0 fabriquer du plateau d&#039;oeuf?\" width=\"500\" height=\"281\" src=\"https:\/\/www.youtube.com\/embed\/skFBy8XtZK8?feature=oembed\" frameborder=\"0\" allow=\"accelerometer; autoplay; clipboard-write; encrypted-media; gyroscope; picture-in-picture; web-share\" referrerpolicy=\"strict-origin-when-cross-origin\" allowfullscreen><\/iframe> <\/div><figcaption class=\"wp-element-caption\">Machine \u00e0 plateaux \u00e0 \u0153ufs \u00e0 8 c\u00f4t\u00e9s<\/figcaption><\/figure>    <h2 class=\"wp-block-heading\"><strong>Pourquoi choisir cette machine de fabrication de plateaux de p\u00e2te \u00e0 papier de 4000 pi\u00e8ces par heure\u00a0?<\/strong><\/h2>    <p class=\"translation-block\">En fait, cette <a href=\"https:\/\/www.eggtray.org\/fr\/product\/egg-tray-making-machine\/\">machine de fabrication de plateaux \u00e0 \u0153ufs en papier<\/a> est parfaite pour les investissements de production \u00e0 moyenne \u00e9chelle. <\/p>    <p>En tant qu'investisseur, si vous disposez de suffisamment de capital, de suffisamment d'espace sur le site et de suffisamment de mati\u00e8res premi\u00e8res, vous pouvez r\u00e9aliser un investissement de production moyen. <\/p>    <p>De cette fa\u00e7on, le retour sur investissement sera rapide et notre responsable commercial vous fournira des conseils et un soutien professionnels.<\/p>    <h2 class=\"wp-block-heading\"><strong>Les facteurs affectent le prix de la machine de fabrication de plateaux en papier pour \u0153ufs<\/strong><\/h2>    <p>Le prix de la machine est affect\u00e9 par divers facteurs, tels que le moule, la capacit\u00e9 de la machine, la machine unique ou la ligne de production, le capital, etc. qui auront un impact sur le prix de la machine. <\/p>    <p>Par exemple, le prix de la machine de fabrication de bols en papier et le prix de la machine de fabrication de plateaux \u00e0 \u0153ufs ne sont pas les m\u00eames. <\/p>    <p>Shuliy est une entreprise compl\u00e8te et puissante, son personnel est tr\u00e8s professionnel et vous apportera la meilleure solution en fonction de vos besoins.<\/p>    <figure class=\"wp-block-gallery aligncenter has-nested-images columns-default is-cropped wp-block-gallery-3 is-layout-flex wp-block-gallery-is-layout-flex\"> <figure class=\"wp-block-image size-full\"><img loading=\"lazy\" decoding=\"async\" width=\"720\" height=\"540\" data-id=\"614\" src=\"https:\/\/www.eggtray.org\/wp-content\/uploads\/2022\/11\/egg-tray-making-machine-for-sale.webp\" alt=\"machine de fabrication de plateaux \u00e0 \u0153ufs \u00e0 vendre\" class=\"wp-image-614\" title=\"\" srcset=\"https:\/\/www.eggtray.org\/wp-content\/uploads\/2022\/11\/egg-tray-making-machine-for-sale.webp 720w, https:\/\/www.eggtray.org\/wp-content\/uploads\/2022\/11\/egg-tray-making-machine-for-sale-300x225.webp 300w\" sizes=\"auto, (max-width: 720px) 100vw, 720px\" \/><figcaption class=\"wp-element-caption\">Machine de fabrication de plateaux \u00e0 \u0153ufs \u00e0 vendre<\/figcaption><\/figure>    <figure class=\"wp-block-image size-full\"><img loading=\"lazy\" decoding=\"async\" width=\"720\" height=\"540\" data-id=\"613\" src=\"https:\/\/www.eggtray.org\/wp-content\/uploads\/2022\/11\/egg-tray-machine-manufacturer.webp\" alt=\"fabricant de machine \u00e0 plateaux \u00e0 \u0153ufs\" class=\"wp-image-613\" title=\"\" srcset=\"https:\/\/www.eggtray.org\/wp-content\/uploads\/2022\/11\/egg-tray-machine-manufacturer.webp 720w, https:\/\/www.eggtray.org\/wp-content\/uploads\/2022\/11\/egg-tray-machine-manufacturer-300x225.webp 300w\" sizes=\"auto, (max-width: 720px) 100vw, 720px\" \/><figcaption class=\"wp-element-caption\">Fabricant de machines \u00e0 plateaux \u00e0 \u0153ufs<\/figcaption><\/figure> <\/figure>    <h2 class=\"wp-block-heading\"><strong>Fabricants et fournisseurs de machines de fabrication de bacs \u00e0 papier \u2013 Shuliy Machinery<\/strong><\/h2>    <p>Il existe de nombreux fabricants et fournisseurs de machines de fabrication de plateaux \u00e0 \u0153ufs sur le march\u00e9. <\/p>    <p>Nous, Shuliy Machinery, en tant qu'entreprise jouissant d'une grande r\u00e9putation dans le monde, int\u00e9grons la fabrication et la fourniture. <\/p>    <p>Nous disposons d'une \u00e9quipe de vente professionnelle, d'un service apr\u00e8s-vente 24 heures sur 24, de diff\u00e9rents mod\u00e8les de machines \u00e0 plateaux \u00e0 \u0153ufs, d'une ligne de production compl\u00e8te de plateaux \u00e0 papier avec des machines de support. <\/p>    <p>De plus, nos machines sont non seulement de bonne qualit\u00e9 mais \u00e9galement tr\u00e8s performantes, vous ne regretterez jamais de nous avoir choisis.<\/p>    <figure class=\"wp-block-gallery has-nested-images columns-default is-cropped wp-block-gallery-4 is-layout-flex wp-block-gallery-is-layout-flex\"> <figure class=\"wp-block-image size-large\"><img loading=\"lazy\" decoding=\"async\" width=\"720\" height=\"540\" data-id=\"382\" src=\"https:\/\/www.eggtray.org\/wp-content\/uploads\/2022\/08\/Shuliy-Machinery-paper-tray-machine-manufacturer-supplier.webp\" alt=\"Shuliy Machinery-fabricant et fournisseur de machine \u00e0 bacs \u00e0 papier\" class=\"wp-image-382\" title=\"\" srcset=\"https:\/\/www.eggtray.org\/wp-content\/uploads\/2022\/08\/Shuliy-Machinery-paper-tray-machine-manufacturer-supplier.webp 720w, https:\/\/www.eggtray.org\/wp-content\/uploads\/2022\/08\/Shuliy-Machinery-paper-tray-machine-manufacturer-supplier-300x225.webp 300w\" sizes=\"auto, (max-width: 720px) 100vw, 720px\" \/><figcaption class=\"wp-element-caption\">Shuliy Machinery Fabricant de machines \u00e0 bacs \u00e0 papier et ampli; Fournisseur<\/figcaption><\/figure>    <figure class=\"wp-block-image size-large\"><img loading=\"lazy\" decoding=\"async\" width=\"720\" height=\"540\" data-id=\"122\" src=\"https:\/\/www.eggtray.org\/wp-content\/uploads\/2022\/08\/factory.webp\" alt=\"Usine de fabricant de machine \u00e0 plateaux \u00e0 \u0153ufs\" class=\"wp-image-122\" title=\"\" srcset=\"https:\/\/www.eggtray.org\/wp-content\/uploads\/2022\/08\/factory.webp 720w, https:\/\/www.eggtray.org\/wp-content\/uploads\/2022\/08\/factory-300x225.webp 300w\" sizes=\"auto, (max-width: 720px) 100vw, 720px\" \/><figcaption class=\"wp-element-caption\">Usine de fabricant de machine \u00e0 plateaux \u00e0 \u0153ufs<\/figcaption><\/figure> <\/figure>    <h2 class=\"wp-block-heading\"><strong>Obtenez un devis maintenant !<\/strong><\/h2>    <p class=\"translation-block\">\u00cates-vous int\u00e9ress\u00e9 par cette machine pour la production de <a href=\"https:\/\/en.wikipedia.org\/wiki\/Egg_carton\" target=\"_blank\" rel=\"noopener\">cartons de plateaux \u00e0 \u0153ufs<\/a> ? Si oui, contactez-nous pour un devis !<\/p>","protected":false},"excerpt":{"rendered":"<p>Cette machine de fabrication de plateaux en papier est capable de produire 4 000 plateaux \u00e0 \u0153ufs par heure, tr\u00e8s efficace, \u00e9conome en \u00e9nergie et respectueuse de l'environnement. <\/p>","protected":false},"author":1,"featured_media":583,"parent":0,"template":"","tags":[10,11,88,67],"product-type":[61],"class_list":["post-581","product","type-product","status-publish","has-post-thumbnail","hentry","tag-egg-tray-machine","tag-egg-tray-making-machine","tag-egg-trays","tag-paper-tray-making-machine","product-type-by-capacity"],"_links":{"self":[{"href":"https:\/\/www.eggtray.org\/fr\/wp-json\/wp\/v2\/product\/581","targetHints":{"allow":["GET"]}}],"collection":[{"href":"https:\/\/www.eggtray.org\/fr\/wp-json\/wp\/v2\/product"}],"about":[{"href":"https:\/\/www.eggtray.org\/fr\/wp-json\/wp\/v2\/types\/product"}],"author":[{"embeddable":true,"href":"https:\/\/www.eggtray.org\/fr\/wp-json\/wp\/v2\/users\/1"}],"wp:featuredmedia":[{"embeddable":true,"href":"https:\/\/www.eggtray.org\/fr\/wp-json\/wp\/v2\/media\/583"}],"wp:attachment":[{"href":"https:\/\/www.eggtray.org\/fr\/wp-json\/wp\/v2\/media?parent=581"}],"wp:term":[{"taxonomy":"post_tag","embeddable":true,"href":"https:\/\/www.eggtray.org\/fr\/wp-json\/wp\/v2\/tags?post=581"},{"taxonomy":"product-type","embeddable":true,"href":"https:\/\/www.eggtray.org\/fr\/wp-json\/wp\/v2\/product-type?post=581"}],"curies":[{"name":"wp","href":"https:\/\/api.w.org\/{rel}","templated":true}]}}