{"id":593,"date":"2022-11-24T15:46:06","date_gmt":"2022-11-24T07:46:06","guid":{"rendered":"https:\/\/www.eggtray.org\/?post_type=product&#038;p=593"},"modified":"2025-10-30T14:15:06","modified_gmt":"2025-10-30T06:15:06","slug":"6000pcs-h-paper-egg-tray-making-machine","status":"publish","type":"product","link":"https:\/\/www.eggtray.org\/fr\/product\/6000pcs-h-paper-egg-tray-making-machine\/","title":{"rendered":"Plateau d'oeufs en papier 6000PCS\/H faisant la machine"},"content":{"rendered":"<p class=\"translation-block\">Cette machine \u00e0 fabriquer des <strong>plateaux en papier pour \u0153ufs<\/strong> de 6000pcs\/h, mod\u00e8le SL-5*12, est une machine id\u00e9ale pour r\u00e9aliser une production de masse de plateaux en papier, adapt\u00e9e aux grandes exploitations agricoles. <\/p>    <p>Pour les investisseurs, si vous disposez d'un capital suffisant et envisagez de produire des plateaux \u00e0 \u0153ufs en masse, cette machine de production de plateaux \u00e0 \u0153ufs est un excellent choix.<\/p>    <figure class=\"wp-block-embed is-type-video is-provider-youtube wp-block-embed-youtube wp-embed-aspect-16-9 wp-has-aspect-ratio\"><div class=\"wp-block-embed__wrapper\"> <iframe loading=\"lazy\" title=\"Fabriquer efficacement des cartons pour plateaux \u00e0 \u0153ufs : du moulage, du s\u00e9chage \u00e0 l&#039;emballage ! Prix \u200b\u200bde la machine \u00e0 plateaux \u00e0 \u0153ufs\" width=\"500\" height=\"281\" src=\"https:\/\/www.youtube.com\/embed\/usW7Li1ju98?feature=oembed\" frameborder=\"0\" allow=\"accelerometer; autoplay; clipboard-write; encrypted-media; gyroscope; picture-in-picture; web-share\" referrerpolicy=\"strict-origin-when-cross-origin\" allowfullscreen><\/iframe> <\/div><figcaption class=\"wp-element-caption\">vid\u00e9o sur une grande usine de fabrication de plateaux \u00e0 \u0153ufs<\/figcaption><\/figure>    <h2 class=\"wp-block-heading\"><strong>Avantages de la machine de fabrication de plateaux \u00e0 \u0153ufs en papier automatique 6000 pi\u00e8ces\/h <\/strong><\/h2>    <ul class=\"wp-block-list\"> <li><strong>Grande capacit\u00e9<\/strong>, haute efficacit\u00e9, adapt\u00e9 \u00e0 la production \u00e0 grande \u00e9chelle.<\/li>    <li><strong>Protection environnementale<\/strong>. Les mati\u00e8res premi\u00e8res sont r\u00e9utilis\u00e9es et recycl\u00e9es pour produire \u00e0 nouveau des plateaux de valeur destin\u00e9s \u00e0 un usage commercial.<\/li>    <li><strong>Divers moules<\/strong>. Des moules en plastique et des moules en aluminium sont disponibles pour une utilisation en machine, tr\u00e8s faciles \u00e0 nettoyer et \u00e0 \u00e9liminer les r\u00e9sidus.<\/li>    <li><strong>Diff\u00e9rentes formes de bacs \u00e0 papier<\/strong> peuvent \u00eatre produits. Il suffit de changer le moule correspondant.<\/li>    <li><strong>B\u00e9n\u00e9ficiez rapidement<\/strong>. Parce que cette machine de production a une capacit\u00e9 de 6 000 pi\u00e8ces par heure, produisant de nombreux plateaux \u00e0 \u0153ufs, g\u00e9n\u00e9rant rapidement des b\u00e9n\u00e9fices.<\/li> <\/ul>    <figure class=\"wp-block-gallery has-nested-images columns-default is-cropped wp-block-gallery-2 is-layout-flex wp-block-gallery-is-layout-flex\"> <figure class=\"wp-block-image size-large\"><img loading=\"lazy\" decoding=\"async\" width=\"720\" height=\"540\" data-id=\"1035\" src=\"https:\/\/www.eggtray.org\/wp-content\/uploads\/2022\/11\/paper-pulp-egg-tray-making-machine-for-sale.webp\" alt=\"plateau d&#039;oeufs de p\u00e2te \u00e0 papier faisant la machine \u00e0 vendre\" class=\"wp-image-1035\" title=\"\" srcset=\"https:\/\/www.eggtray.org\/wp-content\/uploads\/2022\/11\/paper-pulp-egg-tray-making-machine-for-sale.webp 720w, https:\/\/www.eggtray.org\/wp-content\/uploads\/2022\/11\/paper-pulp-egg-tray-making-machine-for-sale-300x225.webp 300w, https:\/\/www.eggtray.org\/wp-content\/uploads\/2022\/11\/paper-pulp-egg-tray-making-machine-for-sale-16x12.webp 16w\" sizes=\"auto, (max-width: 720px) 100vw, 720px\" \/><figcaption class=\"wp-element-caption\">Plateau d'oeufs de p\u00e2te \u00e0 papier faisant la machine \u00e0 vendre<\/figcaption><\/figure>    <figure class=\"wp-block-image size-large\"><img loading=\"lazy\" decoding=\"async\" width=\"720\" height=\"540\" data-id=\"1033\" src=\"https:\/\/www.eggtray.org\/wp-content\/uploads\/2022\/11\/fully-automatic-paper-tray-machine.webp\" alt=\"machine \u00e0 bacs \u00e0 papier enti\u00e8rement automatique\" class=\"wp-image-1033\" title=\"\" srcset=\"https:\/\/www.eggtray.org\/wp-content\/uploads\/2022\/11\/fully-automatic-paper-tray-machine.webp 720w, https:\/\/www.eggtray.org\/wp-content\/uploads\/2022\/11\/fully-automatic-paper-tray-machine-300x225.webp 300w, https:\/\/www.eggtray.org\/wp-content\/uploads\/2022\/11\/fully-automatic-paper-tray-machine-16x12.webp 16w\" sizes=\"auto, (max-width: 720px) 100vw, 720px\" \/><figcaption class=\"wp-element-caption\">Machine \u00e0 bacs \u00e0 papier enti\u00e8rement automatique<\/figcaption><\/figure>    <figure class=\"wp-block-image size-large\"><img loading=\"lazy\" decoding=\"async\" width=\"720\" height=\"540\" data-id=\"1034\" src=\"https:\/\/www.eggtray.org\/wp-content\/uploads\/2022\/11\/large-egg-tray-making-machine.webp\" alt=\"grande machine de fabrication de plateaux \u00e0 \u0153ufs\" class=\"wp-image-1034\" title=\"\" srcset=\"https:\/\/www.eggtray.org\/wp-content\/uploads\/2022\/11\/large-egg-tray-making-machine.webp 720w, https:\/\/www.eggtray.org\/wp-content\/uploads\/2022\/11\/large-egg-tray-making-machine-300x225.webp 300w, https:\/\/www.eggtray.org\/wp-content\/uploads\/2022\/11\/large-egg-tray-making-machine-16x12.webp 16w\" sizes=\"auto, (max-width: 720px) 100vw, 720px\" \/><figcaption class=\"wp-element-caption\">Machine de fabrication de grands plateaux \u00e0 \u0153ufs<\/figcaption><\/figure> <\/figure>    <h2 class=\"wp-block-heading\"><strong>Param\u00e8tres techniques de la machine de fabrication de plateaux \u00e0 \u0153ufs en papier Shuliy 6000 pcs\/h<\/strong><\/h2>    <figure class=\"wp-block-table\"><table><tbody><tr><td>Mod\u00e8le<\/td><td>Capacit\u00e9<\/td><td>Consommation de papier<\/td><td>Consommation d'eau<\/td><td>\u00c9nergie utilis\u00e9e<\/td><td>Ouvrier<\/td><\/tr><tr><td>SL-5*12<\/td><td>6000 pi\u00e8ces\/heure<\/td><td>480kg\/h<\/td><td>900kg\/h<\/td><td>90 kW\/h<\/td><td>3-4<\/td><\/tr><\/tbody><\/table><figcaption class=\"wp-element-caption\">param\u00e8tres de la machine de fabrication de grands plateaux \u00e0 \u0153ufs<\/figcaption><\/figure>    <p>Si vous souhaitez d\u00e9marrer une production de plateaux \u00e0 papier en grand volume ou d\u00e9velopper votre entreprise, cette machine \u00e0 plateaux \u00e0 \u0153ufs est le bon choix pour vous. Si vous souhaitez plus d'informations, n'h\u00e9sitez pas \u00e0 nous contacter\u00a0!<\/p>    <h2 class=\"wp-block-heading\"><strong>Grande ligne de production compl\u00e8te de plateaux \u00e0 \u0153ufs en papier <\/strong><\/h2>    <p>Le processus de fabrication des plateaux \u00e0 \u0153ufs comprend la r\u00e9duction en p\u00e2te, le formage, le s\u00e9chage, le pressage \u00e0 chaud et la mise en balles.<\/p>    <p class=\"translation-block\">Si vous choisissez cette machine \u00e0 fabriquer des plateaux en papier pour \u0153ufs de 6000pcs\/h, la meilleure solution de s\u00e9chage est <a href=\"https:\/\/www.eggtray.org\/fr\/product\/egg-tray-dryer\/\" target=\"_blank\" rel=\"noreferrer noopener\">machine \u00e0 s\u00e9cher en m\u00e9tal<\/a>.<\/p>   <div class=\"wp-block-image\"> <figure class=\"aligncenter size-full\"><img loading=\"lazy\" decoding=\"async\" width=\"720\" height=\"540\" src=\"https:\/\/www.eggtray.org\/wp-content\/uploads\/2022\/11\/egg-tray-machine-with-metal-dryer.webp\" alt=\"machine \u00e0 plateaux \u00e0 \u0153ufs avec s\u00e9choir en m\u00e9tal\" class=\"wp-image-1032\" title=\"\" srcset=\"https:\/\/www.eggtray.org\/wp-content\/uploads\/2022\/11\/egg-tray-machine-with-metal-dryer.webp 720w, https:\/\/www.eggtray.org\/wp-content\/uploads\/2022\/11\/egg-tray-machine-with-metal-dryer-300x225.webp 300w, https:\/\/www.eggtray.org\/wp-content\/uploads\/2022\/11\/egg-tray-machine-with-metal-dryer-16x12.webp 16w\" sizes=\"auto, (max-width: 720px) 100vw, 720px\" \/><figcaption class=\"wp-element-caption\">machine \u00e0 plateaux \u00e0 \u0153ufs avec s\u00e9choir en m\u00e9tal<\/figcaption><\/figure> <\/div>   <p>La ligne de fabrication automatique pr\u00e9sente une grande capacit\u00e9, une efficacit\u00e9 \u00e9lev\u00e9e et d\u2019excellentes performances. Si vous \u00eates int\u00e9ress\u00e9, n'h\u00e9sitez pas \u00e0 nous contacter\u00a0!<\/p>   <div class=\"wp-block-image\"> <figure class=\"aligncenter size-full\"><img loading=\"lazy\" decoding=\"async\" width=\"720\" height=\"540\" src=\"https:\/\/www.eggtray.org\/wp-content\/uploads\/2022\/08\/fully-automatic-paper-egg-carton-production-line.webp\" alt=\"ligne de production de cartons \u00e0 \u0153ufs en papier enti\u00e8rement automatique\" class=\"wp-image-252\" title=\"\" srcset=\"https:\/\/www.eggtray.org\/wp-content\/uploads\/2022\/08\/fully-automatic-paper-egg-carton-production-line.webp 720w, https:\/\/www.eggtray.org\/wp-content\/uploads\/2022\/08\/fully-automatic-paper-egg-carton-production-line-300x225.webp 300w\" sizes=\"auto, (max-width: 720px) 100vw, 720px\" \/><figcaption class=\"wp-element-caption\">ligne de production de cartons \u00e0 \u0153ufs en papier enti\u00e8rement automatique<\/figcaption><\/figure> <\/div>   <h2 class=\"wp-block-heading\"><strong>Moules pour machine de fabrication de plateaux \u00e0 \u0153ufs en papier et p\u00e2te Shuliy SL-5*12<\/strong><\/h2>    <p>Nous disposons des moules en plastique et en aluminium pour la production. Ces moules ont une longue dur\u00e9e de vie et une p\u00e9riode de garantie pour assurer le fonctionnement de votre machine. <\/p>    <p>Vous pouvez choisir les moules que vous souhaitez pour produire des barquettes en papier.<\/p>    <figure class=\"wp-block-gallery aligncenter has-nested-images columns-default is-cropped wp-block-gallery-3 is-layout-flex wp-block-gallery-is-layout-flex\"> <figure class=\"wp-block-image size-large\"><img loading=\"lazy\" decoding=\"async\" width=\"720\" height=\"540\" data-id=\"310\" src=\"https:\/\/www.eggtray.org\/wp-content\/uploads\/2022\/08\/molds.webp\" alt=\"moules\" class=\"wp-image-310\" title=\"\" srcset=\"https:\/\/www.eggtray.org\/wp-content\/uploads\/2022\/08\/molds.webp 720w, https:\/\/www.eggtray.org\/wp-content\/uploads\/2022\/08\/molds-300x225.webp 300w\" sizes=\"auto, (max-width: 720px) 100vw, 720px\" \/><figcaption class=\"wp-element-caption\">Moules<\/figcaption><\/figure>    <figure class=\"wp-block-image size-large\"><img loading=\"lazy\" decoding=\"async\" width=\"720\" height=\"540\" data-id=\"378\" src=\"https:\/\/www.eggtray.org\/wp-content\/uploads\/2022\/08\/different-paper-tray-molds.webp\" alt=\"diff\u00e9rents-moules-pour-bacs-\u00e0-papier\" class=\"wp-image-378\" title=\"\" srcset=\"https:\/\/www.eggtray.org\/wp-content\/uploads\/2022\/08\/different-paper-tray-molds.webp 720w, https:\/\/www.eggtray.org\/wp-content\/uploads\/2022\/08\/different-paper-tray-molds-300x225.webp 300w\" sizes=\"auto, (max-width: 720px) 100vw, 720px\" \/><figcaption class=\"wp-element-caption\">Diff\u00e9rents moules de bacs \u00e0 papier<\/figcaption><\/figure> <\/figure>    <h2 class=\"wp-block-heading\"><strong>Projets de machine de fabrication de plateaux \u00e0 \u0153ufs en papier Shuliy SL-5*12<\/strong><\/h2>    <p>La machine \u00e0 plateaux \u00e0 \u0153ufs de Shuliy Machinery est une machine respectueuse de l'environnement qui est populaire dans le monde entier et qui compte des acheteurs dans le monde entier. <\/p>    <p class=\"translation-block\">Nos machines sont souvent export\u00e9es vers <strong>Nig\u00e9ria, Kenya, Arabie Saoudite, Zambie, Cambodge<\/strong>, etc.<\/p>   <div class=\"wp-block-image\"> <figure class=\"aligncenter size-full\"><img loading=\"lazy\" decoding=\"async\" width=\"720\" height=\"540\" src=\"https:\/\/www.eggtray.org\/wp-content\/uploads\/2022\/11\/12-side-paper-egg-tray-making-machine.webp\" alt=\"Machine de fabrication de plateaux \u00e0 \u0153ufs en papier \u00e0 12 c\u00f4t\u00e9s\" class=\"wp-image-606\" title=\"\" srcset=\"https:\/\/www.eggtray.org\/wp-content\/uploads\/2022\/11\/12-side-paper-egg-tray-making-machine.webp 720w, https:\/\/www.eggtray.org\/wp-content\/uploads\/2022\/11\/12-side-paper-egg-tray-making-machine-300x225.webp 300w\" sizes=\"auto, (max-width: 720px) 100vw, 720px\" \/><figcaption class=\"wp-element-caption\">Machine de fabrication de plateaux \u00e0 \u0153ufs en papier \u00e0 12 c\u00f4t\u00e9s<\/figcaption><\/figure> <\/div>   <h2 class=\"wp-block-heading\"><strong>Contactez-nous pour d\u00e9marrer votre entreprise d\u00e8s maintenant !<\/strong><\/h2>    <p class=\"translation-block\">Souhaitez-vous r\u00e9aliser un retour rentable gr\u00e2ce au <a href=\"https:\/\/fr.wikipedia.org\/wiki\/Recyclage_du_papier\" target=\"_blank\" rel=\"noopener\">recyclage du papier<\/a> ? Contactez-nous et nous vous aiderons \u00e0 maximiser vos profits en peu de temps avec une machine \u00e0 plateaux \u00e0 \u0153ufs.<\/p>    <figure class=\"wp-block-embed is-type-video is-provider-youtube wp-block-embed-youtube wp-embed-aspect-16-9 wp-has-aspect-ratio\"><div class=\"wp-block-embed__wrapper\"> <iframe loading=\"lazy\" title=\"Grande machine de fabrication d&#039;un plateau d&#039;oeuf avec syst\u00e8me de s\u00e9chage et de collecte en brique en pleine fonctionnement #GGTRAY\" width=\"500\" height=\"281\" src=\"https:\/\/www.youtube.com\/embed\/5DUwmLc3b3k?feature=oembed\" frameborder=\"0\" allow=\"accelerometer; autoplay; clipboard-write; encrypted-media; gyroscope; picture-in-picture; web-share\" referrerpolicy=\"strict-origin-when-cross-origin\" allowfullscreen><\/iframe> <\/div><figcaption class=\"wp-element-caption\">Vid\u00e9o de grande machine de formation de plateau en papier d'oeuf<\/figcaption><\/figure>","protected":false},"excerpt":{"rendered":"<p>Cette machine de fabrication de plateaux \u00e0 \u0153ufs en papier est destin\u00e9e \u00e0 fabriquer des plateaux en papier avec une production de 6 000 pi\u00e8ces par heure, adapt\u00e9s aux grandes usines dans lesquelles investir.<\/p>","protected":false},"author":1,"featured_media":605,"parent":0,"template":"","tags":[11,88,68],"product-type":[61,5,4],"class_list":["post-593","product","type-product","status-publish","has-post-thumbnail","hentry","tag-egg-tray-making-machine","tag-egg-trays","tag-paper-egg-tray-making-machine","product-type-by-capacity","product-type-main-equipment","product-type-product"],"_links":{"self":[{"href":"https:\/\/www.eggtray.org\/fr\/wp-json\/wp\/v2\/product\/593","targetHints":{"allow":["GET"]}}],"collection":[{"href":"https:\/\/www.eggtray.org\/fr\/wp-json\/wp\/v2\/product"}],"about":[{"href":"https:\/\/www.eggtray.org\/fr\/wp-json\/wp\/v2\/types\/product"}],"author":[{"embeddable":true,"href":"https:\/\/www.eggtray.org\/fr\/wp-json\/wp\/v2\/users\/1"}],"wp:featuredmedia":[{"embeddable":true,"href":"https:\/\/www.eggtray.org\/fr\/wp-json\/wp\/v2\/media\/605"}],"wp:attachment":[{"href":"https:\/\/www.eggtray.org\/fr\/wp-json\/wp\/v2\/media?parent=593"}],"wp:term":[{"taxonomy":"post_tag","embeddable":true,"href":"https:\/\/www.eggtray.org\/fr\/wp-json\/wp\/v2\/tags?post=593"},{"taxonomy":"product-type","embeddable":true,"href":"https:\/\/www.eggtray.org\/fr\/wp-json\/wp\/v2\/product-type?post=593"}],"curies":[{"name":"wp","href":"https:\/\/api.w.org\/{rel}","templated":true}]}}