{"id":123,"date":"2022-08-10T01:21:20","date_gmt":"2022-08-10T01:21:20","guid":{"rendered":"https:\/\/www.eggtray.org\/?page_id=123"},"modified":"2022-08-31T03:03:51","modified_gmt":"2022-08-31T03:03:51","slug":"about-us","status":"publish","type":"page","link":"https:\/\/www.eggtray.org\/pt\/about-us\/","title":{"rendered":"Sobre n\u00f3s"},"content":{"rendered":"<h2 class=\"wp-block-heading\" id=\"h-shuliy-machinery\"><strong>M\u00e1quinas Shuliy<\/strong><\/h2>    <div class=\"wp-block-media-text alignwide is-stacked-on-mobile\"><figure class=\"wp-block-media-text__media\"><img loading=\"lazy\" decoding=\"async\" width=\"720\" height=\"540\" src=\"https:\/\/www.eggtray.org\/wp-content\/uploads\/2022\/08\/egg-tray-machine-manufacturer-supplier-.webp\" alt=\"fabricante e fornecedor de m\u00e1quina de bandeja para ovos\" class=\"wp-image-121 size-full\" title=\"\" srcset=\"https:\/\/www.eggtray.org\/wp-content\/uploads\/2022\/08\/egg-tray-machine-manufacturer-supplier-.webp 720w, https:\/\/www.eggtray.org\/wp-content\/uploads\/2022\/08\/egg-tray-machine-manufacturer-supplier--300x225.webp 300w\" sizes=\"auto, (max-width: 720px) 100vw, 720px\" \/><\/figure><div class=\"wp-block-media-text__content\"> <p>N\u00f3s, Shuliy Machinery, somos especializados na fabrica\u00e7\u00e3o e venda de m\u00e1quinas ecologicamente corretas. <\/p>    <p>Nossas m\u00e1quinas de bandejas para ovos s\u00e3o altamente eficientes, duradouras e f\u00e1ceis de manter. Estamos desenvolvendo nossa empresa com o conceito de desenvolvimento harmonioso com a sociedade. <\/p> <\/div><\/div>    <p><\/p>    <p class=\"translation-block\">As nossas m\u00e1quinas incluem a <strong>linha de produ\u00e7\u00e3o de tabuleiros de ovos, linha de produ\u00e7\u00e3o de caixas de ovos, <a href=\"https:\/\/www.eggtray.org\/pt\/product\/egg-tray-making-machine\/\" target=\"_blank\" rel=\"noreferrer noopener\">m\u00e1quina de tabuleiros de ovos<\/a>, <a href=\"https:\/\/www.eggtray.org\/pt\/product\/egg-carton-making-machine\/\" target=\"_blank\" rel=\"noreferrer noopener\">m\u00e1quina de caixas de ovos<\/a>, <a href=\"https:\/\/www.eggtray.org\/pt\/product\/apple-tray-making-machine\/\" target=\"_blank\" rel=\"noreferrer noopener\">m\u00e1quina de tabuleiros de ma\u00e7\u00e3<\/a>, <a href=\"https:\/\/www.eggtray.org\/pt\/product\/quail-egg-tray-making-machine\/\" target=\"_blank\" rel=\"noreferrer noopener\">m\u00e1quina de ovos de codorniz<\/a>,<\/strong> etc. H\u00e1 tamb\u00e9m uma s\u00e9rie de m\u00e1quinas de <strong>produ\u00e7\u00e3o de polpa, m\u00e1quinas de secagem, m\u00e1quinas de prensagem a quente<\/strong> e <strong>m\u00e1quinas de enfardamento<\/strong>. Bem-vindo a contactar-nos a qualquer momento!<\/p>    <h2 class=\"wp-block-heading\" id=\"h-certificates\"><strong>Certificados<\/strong><\/h2>    <p>Esses certificados mostram que nossas m\u00e1quinas s\u00e3o certificadas no pa\u00eds e no exterior e t\u00eam boa qualidade.<\/p>   <div class=\"wp-block-image\"> <figure class=\"aligncenter size-full\"><img loading=\"lazy\" decoding=\"async\" width=\"750\" height=\"934\" src=\"https:\/\/www.eggtray.org\/wp-content\/uploads\/2022\/08\/certificates.webp\" alt=\"certificados\" class=\"wp-image-413\" title=\"\" srcset=\"https:\/\/www.eggtray.org\/wp-content\/uploads\/2022\/08\/certificates.webp 750w, https:\/\/www.eggtray.org\/wp-content\/uploads\/2022\/08\/certificates-241x300.webp 241w\" sizes=\"auto, (max-width: 750px) 100vw, 750px\" \/><figcaption>certificados<\/figcaption><\/figure> <\/div>   <h2 class=\"wp-block-heading\"><strong>Caixas da m\u00e1quina de bandeja para ovos<\/strong><\/h2>    <div class=\"wp-block-media-text alignwide is-stacked-on-mobile\"><figure class=\"wp-block-media-text__media\"><img loading=\"lazy\" decoding=\"async\" width=\"720\" height=\"540\" src=\"https:\/\/www.eggtray.org\/wp-content\/uploads\/2022\/08\/egg-tray-machine-customer.webp\" alt=\"cliente de m\u00e1quina de bandeja para ovos\" class=\"wp-image-408 size-full\" title=\"\" srcset=\"https:\/\/www.eggtray.org\/wp-content\/uploads\/2022\/08\/egg-tray-machine-customer.webp 720w, https:\/\/www.eggtray.org\/wp-content\/uploads\/2022\/08\/egg-tray-machine-customer-300x225.webp 300w\" sizes=\"auto, (max-width: 720px) 100vw, 720px\" \/><\/figure><div class=\"wp-block-media-text__content\"> <p>Um cliente que vem da Ar\u00e1bia Saudita visitou nossa f\u00e1brica e empresa e expressou sua satisfa\u00e7\u00e3o com as bandejas de ovos produzidas!<\/p> <\/div><\/div>    <div class=\"wp-block-media-text alignwide has-media-on-the-right is-stacked-on-mobile\"><figure class=\"wp-block-media-text__media\"><img loading=\"lazy\" decoding=\"async\" width=\"720\" height=\"540\" src=\"https:\/\/www.eggtray.org\/wp-content\/uploads\/2022\/08\/Shuliy-egg-tray-machine.webp\" alt=\"M\u00e1quina de bandeja para ovos Shuliy\" class=\"wp-image-409 size-full\" title=\"\" srcset=\"https:\/\/www.eggtray.org\/wp-content\/uploads\/2022\/08\/Shuliy-egg-tray-machine.webp 720w, https:\/\/www.eggtray.org\/wp-content\/uploads\/2022\/08\/Shuliy-egg-tray-machine-300x225.webp 300w\" sizes=\"auto, (max-width: 720px) 100vw, 720px\" \/><\/figure><div class=\"wp-block-media-text__content\"> <p>O cliente nigeriano veio \u00e0 China para testar a m\u00e1quina de bandeja para ovos e ficou muito feliz com os resultados!<\/p> <\/div><\/div>    <div class=\"wp-block-media-text alignwide is-stacked-on-mobile\"><figure class=\"wp-block-media-text__media\"><img loading=\"lazy\" decoding=\"async\" width=\"720\" height=\"540\" src=\"https:\/\/www.eggtray.org\/wp-content\/uploads\/2022\/08\/customer-visiting-the-egg-tray-factory.webp\" alt=\"cliente visitando a f\u00e1brica de bandejas de ovos\" class=\"wp-image-411 size-full\" title=\"\" srcset=\"https:\/\/www.eggtray.org\/wp-content\/uploads\/2022\/08\/customer-visiting-the-egg-tray-factory.webp 720w, https:\/\/www.eggtray.org\/wp-content\/uploads\/2022\/08\/customer-visiting-the-egg-tray-factory-300x225.webp 300w\" sizes=\"auto, (max-width: 720px) 100vw, 720px\" \/><\/figure><div class=\"wp-block-media-text__content\"> <p>Um cliente do Reino Unido veio \u00e0 f\u00e1brica para verificar as condi\u00e7\u00f5es da m\u00e1quina de bandejas para ovos e comprou de forma agrad\u00e1vel\uff01<\/p> <\/div><\/div>","protected":false},"excerpt":{"rendered":"<p>Shuliy Machinery We, Shuliy Machinery, are specialized in manufacturing and selling environment-friendly machines. Our egg tray machines are highly efficient, long-lasting, and easy to maintain. We are developing our company with the concept of harmonious development with society. Our machines include the egg tray production line, egg carton production line, egg tray machine, egg carton [&hellip;]<\/p>\n","protected":false},"author":1,"featured_media":0,"parent":0,"menu_order":0,"comment_status":"closed","ping_status":"closed","template":"","meta":{"footnotes":""},"class_list":["post-123","page","type-page","status-publish","hentry"],"_links":{"self":[{"href":"https:\/\/www.eggtray.org\/pt\/wp-json\/wp\/v2\/pages\/123","targetHints":{"allow":["GET"]}}],"collection":[{"href":"https:\/\/www.eggtray.org\/pt\/wp-json\/wp\/v2\/pages"}],"about":[{"href":"https:\/\/www.eggtray.org\/pt\/wp-json\/wp\/v2\/types\/page"}],"author":[{"embeddable":true,"href":"https:\/\/www.eggtray.org\/pt\/wp-json\/wp\/v2\/users\/1"}],"replies":[{"embeddable":true,"href":"https:\/\/www.eggtray.org\/pt\/wp-json\/wp\/v2\/comments?post=123"}],"version-history":[{"count":0,"href":"https:\/\/www.eggtray.org\/pt\/wp-json\/wp\/v2\/pages\/123\/revisions"}],"wp:attachment":[{"href":"https:\/\/www.eggtray.org\/pt\/wp-json\/wp\/v2\/media?parent=123"}],"curies":[{"name":"wp","href":"https:\/\/api.w.org\/{rel}","templated":true}]}}