{"id":184,"date":"2022-08-10T09:05:04","date_gmt":"2022-08-10T01:05:04","guid":{"rendered":"https:\/\/www.eggtray.org\/?post_type=product&#038;p=184"},"modified":"2025-10-30T16:57:44","modified_gmt":"2025-10-30T08:57:44","slug":"apple-tray-making-machine","status":"publish","type":"product","link":"https:\/\/www.eggtray.org\/pt\/product\/apple-tray-making-machine\/","title":{"rendered":"M\u00e1quina para fazer bandejas de ma\u00e7\u00e3"},"content":{"rendered":"<p class=\"translation-block\">Como o nome indica, a m\u00e1quina de fazer bandejas de ma\u00e7\u00e3 \u00e9 principalmente usada para produzir bandejas de papel especificamente para ma\u00e7\u00e3s. Essencialmente, \u00e9 na verdade um tipo de<a href=\"https:\/\/www.eggtray.org\/pt\/product\/egg-tray-making-machine\/\" target=\"_blank\" rel=\"noreferrer noopener\">m\u00e1quina de bandejas de ovos<\/a>. Claro, existem outras bandejas de frutas semelhantes \u00e0 ma\u00e7\u00e3, como abacate, manga, p\u00eassego, etc. Al\u00e9m disso, esta m\u00e1quina possui v\u00e1rias caracter\u00edsticas, alta efici\u00eancia e v\u00e1rias capacidades. Al\u00e9m disso, as nossas m\u00e1quinas s\u00e3o exportadas para o estrangeiro, como<strong>Marrocos, Angola,<a href=\"https:\/\/www.eggtray.org\/pt\/Info\/egg-crate-making-machine-nigeria\/\" target=\"_blank\" rel=\"noreferrer noopener\">Nig\u00e9ria<\/a>, Z\u00e2mbia, Botsuana, Chile, Egito, Qu\u00e9nia<\/strong>, etc. Se estiver interessado nesta m\u00e1quina, n\u00e3o hesite em contactar-nos!<\/p>    <h2 class=\"wp-block-heading\"><strong>Venda m\u00e1quina autom\u00e1tica de fazer bandeja de ma\u00e7\u00e3<\/strong><\/h2>    <p>Na verdade, a m\u00e1quina de bandeja de ma\u00e7\u00e3 \u00e9 muito semelhante \u00e0 m\u00e1quina de bandeja de ovos e \u00e0 m\u00e1quina de caixas de ovos. Portanto, os modelos das m\u00e1quinas s\u00e3o muito semelhantes. A maior diferen\u00e7a entre essas duas m\u00e1quinas \u00e9 que os moldes s\u00e3o diferentes, e os moldes podem ser personalizados de acordo com as necessidades do cliente. Se estiver interessado nesta m\u00e1quina, sinta-se \u00e0 vontade para nos contactar\uff01<\/p>   <div class=\"wp-block-image\"> <figure class=\"aligncenter size-full\"><img loading=\"lazy\" decoding=\"async\" width=\"720\" height=\"540\" src=\"https:\/\/www.eggtray.org\/wp-content\/uploads\/2022\/08\/pulp-paper-tray-making-machine.webp\" alt=\"m\u00e1quina de fazer bandeja de papel de celulose\" class=\"wp-image-321\" title=\"\" srcset=\"https:\/\/www.eggtray.org\/wp-content\/uploads\/2022\/08\/pulp-paper-tray-making-machine.webp 720w, https:\/\/www.eggtray.org\/wp-content\/uploads\/2022\/08\/pulp-paper-tray-making-machine-300x225.webp 300w\" sizes=\"auto, (max-width: 720px) 100vw, 720px\" \/><figcaption class=\"wp-element-caption\">m\u00e1quina de fazer bandeja de papel de celulose<\/figcaption><\/figure> <\/div>   <h2 class=\"wp-block-heading\"><strong>Aplica\u00e7\u00f5es da m\u00e1quina de bandeja de frutas de ma\u00e7\u00e3 Shuliy<\/strong><\/h2>    <p>Podem ser produzidas diversas bandejas de papel para frutas, como p\u00eara, p\u00eassego, ma\u00e7\u00e3, morango, laranja, abacate, manga, etc.<\/p>   <div class=\"wp-block-image\"> <figure class=\"aligncenter size-full\"><img loading=\"lazy\" decoding=\"async\" width=\"720\" height=\"540\" src=\"https:\/\/www.eggtray.org\/wp-content\/uploads\/2022\/08\/various-paper-fruit-trays.webp\" alt=\"v\u00e1rias bandejas de frutas de papel\" class=\"wp-image-317\" title=\"\" srcset=\"https:\/\/www.eggtray.org\/wp-content\/uploads\/2022\/08\/various-paper-fruit-trays.webp 720w, https:\/\/www.eggtray.org\/wp-content\/uploads\/2022\/08\/various-paper-fruit-trays-300x225.webp 300w\" sizes=\"auto, (max-width: 720px) 100vw, 720px\" \/><figcaption class=\"wp-element-caption\">v\u00e1rias bandejas de frutas de papel<\/figcaption><\/figure> <\/div>   <h2 class=\"wp-block-heading\" id=\"h-advantages-of-using-the-apple-tray-making-machine\"><strong>Vantagens de usar a m\u00e1quina para fazer bandejas de ma\u00e7\u00e3<\/strong><\/h2>    <ul class=\"wp-block-list\"> <li>F\u00e1cil de armazenar e transportar. Ap\u00f3s a colheita das ma\u00e7\u00e3s, elas podem ser inseguras e propensas a apodrecer se forem empilhadas. Mas com o uso de bandejas de papel, as ma\u00e7\u00e3s podem ser armazenadas e transportadas de forma a evitar que sejam batidas.<\/li>    <li>Prote\u00e7\u00e3o Ambiental. As mat\u00e9rias-primas utilizadas para fazer bandejas de ma\u00e7\u00e3 s\u00e3o res\u00edduos de papel, livros, revistas, etc. Este pertence a ser reciclado e utilizado, contribuindo assim para a prote\u00e7\u00e3o ambiental.<\/li>    <li>Excelente qualidade da m\u00e1quina. Nossas m\u00e1quinas Shuliy s\u00e3o certificadas pela autoridade e a qualidade do produto \u00e9 garantida.<\/li>    <li>F\u00e1cil de operar. Nossa m\u00e1quina de bandeja de papel ser\u00e1 acompanhada pelo manual de opera\u00e7\u00e3o correspondente e explica\u00e7\u00e3o em v\u00eddeo. Quando o cliente receber a m\u00e1quina, haver\u00e1 uma introdu\u00e7\u00e3o \u00e0s diversas partes da m\u00e1quina.<\/li>    <li>Ampla gama de aplica\u00e7\u00f5es. Esta m\u00e1quina para fazer bandejas de ma\u00e7\u00e3 \u00e9 usada para a produ\u00e7\u00e3o de diversas bandejas de papel para frutas, que podem ser usadas para diversas aplica\u00e7\u00f5es.<\/li> <\/ul>    <h2 class=\"wp-block-heading\" id=\"h-why-invest-in-the-apple-tray-machine\"><strong>Por que investir na m\u00e1quina de bandeja de ma\u00e7\u00e3?<\/strong><\/h2>    <ul class=\"wp-block-list\"> <li><strong>Baixo investimento<\/strong>. Analisando o custo, logo no in\u00edcio desse neg\u00f3cio voc\u00ea pode comprar o menor modelo de <a href=\"https:\/\/www.eggtray.org\/pt\/products\/production-line\/\" target=\"_blank\" rel=\"noreferrer noopener\">linha de produ\u00e7\u00e3o de bandeja de papel<\/a>. A mat\u00e9ria-prima das bandejas de papel \u00e9 muito barata e f\u00e1cil de conseguir.<\/li>    <li><strong>Baixo risco<\/strong>. a m\u00e1quina para fazer bandejas de ma\u00e7\u00e3 ter\u00e1 uma alta taxa de produto acabado, uma baixa taxa de falhas e pode ser amplamente utilizada em atividades comerciais. O risco assumido ao adquirir tal m\u00e1quina \u00e9 muito pequeno.<\/li>    <li><strong>Ambientalmente amig\u00e1vel<\/strong>. Agora que o mundo defende o consumo verde, a nossa m\u00e1quina \u00e9 uma m\u00e1quina amiga do ambiente que recicla novamente mat\u00e9rias-primas (res\u00edduos de papel, res\u00edduos de livros, etc.), em linha com o tema do desenvolvimento mundial.<\/li> <\/ul>   <div class=\"wp-block-image\"> <figure class=\"aligncenter size-full\"><img loading=\"lazy\" decoding=\"async\" width=\"720\" height=\"540\" src=\"https:\/\/www.eggtray.org\/wp-content\/uploads\/2022\/08\/paper-tray-machine-manufacturer.webp\" alt=\"fabricante de m\u00e1quina de bandeja de papel\" class=\"wp-image-322\" title=\"\" srcset=\"https:\/\/www.eggtray.org\/wp-content\/uploads\/2022\/08\/paper-tray-machine-manufacturer.webp 720w, https:\/\/www.eggtray.org\/wp-content\/uploads\/2022\/08\/paper-tray-machine-manufacturer-300x225.webp 300w\" sizes=\"auto, (max-width: 720px) 100vw, 720px\" \/><figcaption class=\"wp-element-caption\">fabricante de m\u00e1quina de bandeja de papel<\/figcaption><\/figure> <\/div>   <h2 class=\"wp-block-heading\"><strong>Shuliy Machinery - o fabricante e fornecedor confi\u00e1vel de m\u00e1quina para fazer bandejas de ma\u00e7\u00e3<\/strong><\/h2>    <p class=\"translation-block\"><strong>Servi\u00e7o de pr\u00e9-venda<\/strong>. O nosso pessoal ter\u00e1 uma atitude amig\u00e1vel e cordial para comunicar consigo de forma ativa e eficaz na fase de pr\u00e9-venda.<\/p>    <p class=\"translation-block\"><strong>Servi\u00e7o em venda<\/strong>. Durante o processo de comunica\u00e7\u00e3o, a nossa equipa de vendas responder\u00e1 \u00e0s suas perguntas com conhecimento profissional e uma atitude paciente.<\/p>    <p class=\"translation-block\"><strong>Servi\u00e7o p\u00f3s-venda<\/strong>. Ap\u00f3s receber a m\u00e1quina, se tiver alguma d\u00favida sobre a m\u00e1quina, o nosso pessoal responder\u00e1 atempadamente, 24 horas por dia.<\/p>    <h2 class=\"wp-block-heading\"><strong>Fatores que afetam o pre\u00e7o da m\u00e1quina para fazer bandejas de frutas de ma\u00e7\u00e3<\/strong><\/h2>    <p class=\"translation-block\"><strong>Configura\u00e7\u00e3o<\/strong>. Quando quiser comprar uma m\u00e1quina, escolhe uma configura\u00e7\u00e3o diferente, o pre\u00e7o n\u00e3o \u00e9 o mesmo. Por exemplo, o pre\u00e7o ser\u00e1 diferente se escolher um tabuleiro para ma\u00e7\u00e3s para secagem natural e um forno de tijolos para secagem.<\/p>    <p class=\"translation-block\"><strong>Capacidade<\/strong>. Quer produzir 1.500 pe\u00e7as por hora e 2.500 pe\u00e7as por hora, a m\u00e1quina de fabrico de tabuleiros para ma\u00e7\u00e3s que escolher \u00e9 diferente e o pre\u00e7o n\u00e3o \u00e9 o mesmo.<\/p>    <p class=\"translation-block\"><strong>Outros fatores<\/strong>. Por exemplo, custos de envio, custos de tempo, etc.<\/p>   <div class=\"wp-block-image\"> <figure class=\"aligncenter size-full\"><img loading=\"lazy\" decoding=\"async\" width=\"720\" height=\"540\" src=\"https:\/\/www.eggtray.org\/wp-content\/uploads\/2022\/08\/apple-tray-making-machine-manufacturer.webp\" alt=\"fabricante de m\u00e1quina para fazer bandejas de ma\u00e7\u00e3\" class=\"wp-image-319\" title=\"\" srcset=\"https:\/\/www.eggtray.org\/wp-content\/uploads\/2022\/08\/apple-tray-making-machine-manufacturer.webp 720w, https:\/\/www.eggtray.org\/wp-content\/uploads\/2022\/08\/apple-tray-making-machine-manufacturer-300x225.webp 300w\" sizes=\"auto, (max-width: 720px) 100vw, 720px\" \/><figcaption class=\"wp-element-caption\">fabricante de m\u00e1quina para fazer bandejas de ma\u00e7\u00e3<\/figcaption><\/figure> <\/div>   <h2 class=\"wp-block-heading\"><strong>Case de sucesso: m\u00e1quina de fazer bandejas de ma\u00e7\u00e3 totalmente autom\u00e1tica entregue no Brasil<\/strong><\/h2>    <p>Um cliente no Brasil possui uma planta\u00e7\u00e3o de ma\u00e7\u00e3s e est\u00e1 envolvido no transporte de ma\u00e7\u00e3s por longas dist\u00e2ncias para v\u00e1rios locais. Por\u00e9m, se as ma\u00e7\u00e3s n\u00e3o forem protegidas durante o transporte, elas ser\u00e3o danificadas durante a viagem. Eventualmente, os interesses do cliente brasileiro s\u00e3o prejudicados ao chegar ao destino. Portanto, ele precisa das bandejas de ma\u00e7\u00e3s para proteg\u00ea-las. Ent\u00e3o, a m\u00e1quina de bandeja de ma\u00e7\u00e3 \u00e9 uma boa escolha. Depois de conhecer nossa m\u00e1quina, ele ficou muito feliz e decidiu compr\u00e1-la imediatamente. Depois de receber a m\u00e1quina e us\u00e1-la por um per\u00edodo de tempo, ele nos contou que sua planta\u00e7\u00e3o obteve trinta por cento mais lucro do que o normal.<\/p>   <div class=\"wp-block-image\"> <figure class=\"aligncenter size-full\"><img loading=\"lazy\" decoding=\"async\" width=\"720\" height=\"540\" src=\"https:\/\/www.eggtray.org\/wp-content\/uploads\/2022\/08\/fruit-tray-machine-for-sale.webp\" alt=\"M\u00e1quina de bandeja de frutas para venda\" class=\"wp-image-320\" title=\"\" srcset=\"https:\/\/www.eggtray.org\/wp-content\/uploads\/2022\/08\/fruit-tray-machine-for-sale.webp 720w, https:\/\/www.eggtray.org\/wp-content\/uploads\/2022\/08\/fruit-tray-machine-for-sale-300x225.webp 300w\" sizes=\"auto, (max-width: 720px) 100vw, 720px\" \/><figcaption class=\"wp-element-caption\">M\u00e1quina de bandeja de frutas para venda<\/figcaption><\/figure> <\/div>   <h2 class=\"wp-block-heading\"><strong>Par\u00e2metros t\u00e9cnicos da m\u00e1quina de bandeja de papel<\/strong><\/h2>    <figure class=\"wp-block-table\"><table><tbody><tr><td>Modelo<\/td><td>Capacidade<\/td><td>Consumo de papel<\/td><td>Consumo de \u00e1gua<\/td><td>Energia utilizada<\/td><td>Trabalhador<\/td><\/tr><tr><td>SL-3*1<\/td><td>1000-1500 unidades\/h<\/td><td>120kg\/hora<\/td><td>300kg\/hora<\/td><td>32kW\/h<\/td><td>3-4<\/td><\/tr><tr><td>SL-4*1<\/td><td>1500-2000 unidades\/h<\/td><td>160kg\/hora<\/td><td>380kg\/hora<\/td><td>45 kW\/h<\/td><td>3-4<\/td><\/tr><tr><td>SL-3*4<\/td><td>2.000-2.500 unidades\/h<\/td><td>200kg\/h<\/td><td>450kg\/hora<\/td><td>58kW\/h<\/td><td>4-5<\/td><\/tr><tr><td>SL-4*4<\/td><td>3000-3500 unidades\/h<\/td><td>280kg\/hora<\/td><td>560kg\/hora<\/td><td>78kW\/h<\/td><td>4-5<\/td><\/tr><tr><td>SL-4*8<\/td><td>4000 unidades\/h<\/td><td>320kg\/hora<\/td><td>600kg\/hora<\/td><td>80kW\/h<\/td><td>5-6<\/td><\/tr><tr><td>SL-5*8<\/td><td>5000 unidades\/h<\/td><td>400kg\/hora<\/td><td>750kg\/hora<\/td><td>85kW\/h<\/td><td>3-4<\/td><\/tr><tr><td>SL-5*12<\/td><td>6000 unidades\/h<\/td><td>480kg\/hora<\/td><td>900kg\/hora<\/td><td>90kW\/h<\/td><td>3-4<\/td><\/tr><tr><td>SL-6*12<\/td><td>8000 unidades\/h<\/td><td>640kg\/hora<\/td><td>1.040 kg\/hora<\/td><td>100kW\/h<\/td><td>3-4<\/td><\/tr><\/tbody><\/table><\/figure>","protected":false},"excerpt":{"rendered":"<p>As the name implies, the apple tray making machine is mainly used to produce paper trays specifically for apples. Essentially, it is actually a kind of egg tray machine. Of course, there are other fruit trays similar to the apple, such as avocado, mango, peach, etc. In addition, this machine has the characteristics of various [&hellip;]<\/p>\n","protected":false},"author":1,"featured_media":303,"parent":0,"template":"","tags":[92,34,33,91,35,36],"product-type":[5,60],"class_list":["post-184","product","type-product","status-publish","has-post-thumbnail","hentry","tag-apple-tray","tag-apple-tray-machine","tag-apple-tray-making-machine","tag-fruit-tray","tag-fruit-tray-machine","tag-fruit-tray-making-machine","product-type-main-equipment","product-type-by-products"],"_links":{"self":[{"href":"https:\/\/www.eggtray.org\/pt\/wp-json\/wp\/v2\/product\/184","targetHints":{"allow":["GET"]}}],"collection":[{"href":"https:\/\/www.eggtray.org\/pt\/wp-json\/wp\/v2\/product"}],"about":[{"href":"https:\/\/www.eggtray.org\/pt\/wp-json\/wp\/v2\/types\/product"}],"author":[{"embeddable":true,"href":"https:\/\/www.eggtray.org\/pt\/wp-json\/wp\/v2\/users\/1"}],"wp:featuredmedia":[{"embeddable":true,"href":"https:\/\/www.eggtray.org\/pt\/wp-json\/wp\/v2\/media\/303"}],"wp:attachment":[{"href":"https:\/\/www.eggtray.org\/pt\/wp-json\/wp\/v2\/media?parent=184"}],"wp:term":[{"taxonomy":"post_tag","embeddable":true,"href":"https:\/\/www.eggtray.org\/pt\/wp-json\/wp\/v2\/tags?post=184"},{"taxonomy":"product-type","embeddable":true,"href":"https:\/\/www.eggtray.org\/pt\/wp-json\/wp\/v2\/product-type?post=184"}],"curies":[{"name":"wp","href":"https:\/\/api.w.org\/{rel}","templated":true}]}}