{"id":255,"date":"2022-08-11T06:52:12","date_gmt":"2022-08-10T22:52:12","guid":{"rendered":"https:\/\/www.eggtray.org\/?post_type=product&#038;p=255"},"modified":"2025-10-30T16:47:10","modified_gmt":"2025-10-30T08:47:10","slug":"egg-carton-making-machine","status":"publish","type":"product","link":"https:\/\/www.eggtray.org\/pt\/product\/egg-carton-making-machine\/","title":{"rendered":"M\u00e1quina para fazer caixas de ovos"},"content":{"rendered":"<p>A m\u00e1quina de fazer caixas de ovos \u00e9 principalmente usada para produzir bandejas de papel de alta qualidade para proteger ovos. N\u00f3s, Shuliy Machinery, como um dos melhores fabricantes e fornecedores de m\u00e1quinas de bandejas, produzimos v\u00e1rios tipos de m\u00e1quinas de caixas de ovos. A nossa m\u00e1quina de caixas de ovos \u00e9 adequada para produ\u00e7\u00e3o de pequena, m\u00e9dia e grande escala. Independentemente do tamanho da sua f\u00e1brica, a nossa m\u00e1quina de caixas de ovos pode satisfaz\u00ea-lo. Para investidores, comprar a nossa m\u00e1quina de fazer caixas de ovos \u00e9 a escolha certa para si. Bem-vindo a nos ligar para mais informa\u00e7\u00f5es!<\/p>    <h2 class=\"wp-block-heading\" id=\"h-egg-carton-machine-for-sale\"><strong>M\u00e1quina de embalagem de ovos \u00e0 venda<\/strong><\/h2>    <p class=\"translation-block\">Na verdade, a m\u00e1quina de fabrico de caixas de ovos tem o mesmo tipo que a <a href=\"https:\/\/www.eggtray.org\/pt\/product\/egg-tray-making-machine\/\" target=\"_blank\" rel=\"noreferrer noopener\">m\u00e1quina de tabuleiros de ovos<\/a>, com capacidades de 1000 pe\u00e7as por hora a 8000 pe\u00e7as por hora. A m\u00e1quina tem excelente qualidade, opera\u00e7\u00e3o est\u00e1vel e longa vida \u00fatil. Comparadas com outras, as nossas m\u00e1quinas n\u00e3o s\u00f3 t\u00eam v\u00e1rios tipos, mas tamb\u00e9m vantagens de pre\u00e7o. Porque pertencemos \u00e0 empresa de ind\u00fastria e com\u00e9rcio, temos a nossa pr\u00f3pria f\u00e1brica e equipa de I&amp;D. Aguardamos a sua consulta!<\/p>    <figure class=\"wp-block-gallery aligncenter has-nested-images columns-default is-cropped wp-block-gallery-2 is-layout-flex wp-block-gallery-is-layout-flex\"> <figure class=\"wp-block-image size-large\"><img loading=\"lazy\" decoding=\"async\" width=\"540\" height=\"720\" data-id=\"370\" src=\"https:\/\/www.eggtray.org\/wp-content\/uploads\/2022\/08\/egg-carton-machine-for-sale.webp\" alt=\"M\u00e1quina de embalagem de ovos \u00e0 venda\" class=\"wp-image-370\" title=\"\" srcset=\"https:\/\/www.eggtray.org\/wp-content\/uploads\/2022\/08\/egg-carton-machine-for-sale.webp 540w, https:\/\/www.eggtray.org\/wp-content\/uploads\/2022\/08\/egg-carton-machine-for-sale-225x300.webp 225w\" sizes=\"auto, (max-width: 540px) 100vw, 540px\" \/><figcaption class=\"wp-element-caption\">M\u00e1quina de embalagem de ovos para venda<\/figcaption><\/figure>    <figure class=\"wp-block-image size-large\"><img loading=\"lazy\" decoding=\"async\" width=\"540\" height=\"720\" data-id=\"371\" src=\"https:\/\/www.eggtray.org\/wp-content\/uploads\/2022\/08\/egg-carton-making-machine-egg-carton-machine.webp\" alt=\"m\u00e1quina de fazer caixa de ovos - m\u00e1quina de fazer caixa de ovos\" class=\"wp-image-371\" title=\"\" srcset=\"https:\/\/www.eggtray.org\/wp-content\/uploads\/2022\/08\/egg-carton-making-machine-egg-carton-machine.webp 540w, https:\/\/www.eggtray.org\/wp-content\/uploads\/2022\/08\/egg-carton-making-machine-egg-carton-machine-225x300.webp 225w\" sizes=\"auto, (max-width: 540px) 100vw, 540px\" \/><figcaption class=\"wp-element-caption\">M\u00e1quina para fazer caixas de ovos - M\u00e1quina para fazer caixas de ovos<\/figcaption><\/figure> <\/figure>    <h2 class=\"wp-block-heading\"><strong>Qual \u00e9 o material da caixa de ovos?<\/strong><\/h2>    <p>Res\u00edduos de livros, restos de papel, res\u00edduos de revistas, papel, livros, etc. Todos estes podem ser a mat\u00e9ria-prima para a m\u00e1quina de fazer caixas de ovos.<\/p>    <p class=\"translation-block\">Estas mat\u00e9rias-primas s\u00e3o muito f\u00e1ceis de obter e o custo \u00e9 baixo. Para empres\u00e1rios que desejam iniciar uma nova ind\u00fastria, investir numa <a href=\"https:\/\/www.eggtray.org\/pt\/product\/egg-carton-production-line-egg-carton-machine\/\" target=\"_blank\" rel=\"noreferrer noopener\">linha de produ\u00e7\u00e3o de caixas de ovos de papel<\/a> \u00e9 uma boa escolha.<\/p>    <h2 class=\"wp-block-heading\"><strong>Aplica\u00e7\u00f5es do fabricante de caixas de ovos<\/strong><\/h2>    <p class=\"translation-block\">A m\u00e1quina de fabrico de caixas de ovos pode produzir n\u00e3o s\u00f3 caixas de ovos, mas tamb\u00e9m tabuleiros de ovos, tabuleiros de ma\u00e7\u00e3s, tabuleiros de viveiro, tabuleiros de vinho, tabuleiros m\u00e9dicos, ta\u00e7as de papel, <a href=\"https:\/\/www.eggtray.org\/pt\/product\/quail-egg-tray-making-machine\/\" target=\"_blank\" rel=\"noreferrer noopener\">tabuleiros de ovos de codorniz<\/a>, etc. Por exemplo, a m\u00e1quina de fabrico de caixas de ovos que pode produzir o tabuleiro de ovos \u00e9 chamada de m\u00e1quina de tabuleiros de ovos, e a que \u00e9 para o tabuleiro de ma\u00e7\u00e3s \u00e9 chamada de <a href=\"https:\/\/www.eggtray.org\/pt\/product\/apple-tray-making-machine\/\" target=\"_blank\" rel=\"noreferrer noopener\">m\u00e1quina de tabuleiros de ma\u00e7\u00e3s<\/a>.<\/p>    <figure class=\"wp-block-gallery aligncenter has-nested-images columns-default is-cropped wp-block-gallery-3 is-layout-flex wp-block-gallery-is-layout-flex\"> <figure class=\"wp-block-image size-large\"><img loading=\"lazy\" decoding=\"async\" width=\"560\" height=\"400\" data-id=\"309\" src=\"https:\/\/www.eggtray.org\/wp-content\/uploads\/2022\/08\/pulp-paper-trays.webp\" alt=\"bandejas de papel de celulose\" class=\"wp-image-309\" title=\"\" srcset=\"https:\/\/www.eggtray.org\/wp-content\/uploads\/2022\/08\/pulp-paper-trays.webp 560w, https:\/\/www.eggtray.org\/wp-content\/uploads\/2022\/08\/pulp-paper-trays-300x214.webp 300w\" sizes=\"auto, (max-width: 560px) 100vw, 560px\" \/><figcaption class=\"wp-element-caption\">Bandejas de papel de celulose<\/figcaption><\/figure> <\/figure>    <h2 class=\"wp-block-heading\"><strong>Vantagens da m\u00e1quina para fazer caixas de ovos para venda<\/strong><\/h2>    <ul class=\"wp-block-list\"> <li>Econ\u00f4mico. As mat\u00e9rias-primas para esta m\u00e1quina de fazer caixas de ovos s\u00e3o f\u00e1ceis de obter e baratas e, no geral, o custo ser\u00e1 reduzido.<\/li>    <li>Fun\u00e7\u00e3o poderosa. Esta m\u00e1quina para fazer caixas de ovos de papel pode produzir n\u00e3o apenas caixas de ovos, mas tamb\u00e9m bandejas para ovos, bandejas para ovos de codorna, bandejas para ma\u00e7\u00e3s, etc., apenas trocando os moldes.<\/li>    <li>V\u00e1rios tipos. Nossa m\u00e1quina \u00e9 adequada para produ\u00e7\u00e3o em pequena, m\u00e9dia e grande escala, portanto, n\u00e3o importa a escala que voc\u00ea deseja, nossa m\u00e1quina para fazer caixas de ovos ir\u00e1 satisfazer seu neg\u00f3cio.<\/li> <\/ul>    <h2 class=\"wp-block-heading\"><strong>Pre\u00e7o atraente da m\u00e1quina de embalagem de ovos<\/strong><\/h2>    <p>As m\u00e1quinas ecol\u00f3gicas da nossa Shuliy Machinery est\u00e3o acompanhando o desenvolvimento da sociedade. O pre\u00e7o da nossa m\u00e1quina para fazer caixas de ovos tem as seguintes vantagens.<\/p>    <ol class=\"wp-block-list\"> <li>N\u00f3s temos o nosso pr\u00f3prio<strong> Equipe de P&amp;D<\/strong>. No processo de desenvolvimento social, nossas m\u00e1quinas autodesenvolvidas sempre visam atender \u00e0s necessidades do cliente, o que significa que nossas m\u00e1quinas s\u00e3o muito adequadas \u00e0s necessidades do cliente.<\/li>    <li>Nosso <strong>qualidade<\/strong> \u00e9 garantido. Podemos dar-lhe a garantia de que as nossas m\u00e1quinas podem ser utilizadas durante mais tempo nas mesmas condi\u00e7\u00f5es.<\/li> <\/ol>    <figure class=\"wp-block-gallery aligncenter has-nested-images columns-default is-cropped wp-block-gallery-4 is-layout-flex wp-block-gallery-is-layout-flex\"> <figure class=\"wp-block-image size-large\"><img loading=\"lazy\" decoding=\"async\" width=\"720\" height=\"540\" data-id=\"373\" src=\"https:\/\/www.eggtray.org\/wp-content\/uploads\/2022\/08\/egg-carton-machine-manufacturer.webp\" alt=\"fabricante de m\u00e1quina de caixa de ovos\" class=\"wp-image-373\" title=\"\" srcset=\"https:\/\/www.eggtray.org\/wp-content\/uploads\/2022\/08\/egg-carton-machine-manufacturer.webp 720w, https:\/\/www.eggtray.org\/wp-content\/uploads\/2022\/08\/egg-carton-machine-manufacturer-300x225.webp 300w\" sizes=\"auto, (max-width: 720px) 100vw, 720px\" \/><figcaption class=\"wp-element-caption\">Fabricante de m\u00e1quina de embalagem de ovos<\/figcaption><\/figure>    <figure class=\"wp-block-image size-large\"><img loading=\"lazy\" decoding=\"async\" width=\"720\" height=\"540\" data-id=\"374\" src=\"https:\/\/www.eggtray.org\/wp-content\/uploads\/2022\/08\/egg-crate-making-machine-manufacturer.webp\" alt=\"fabricante de m\u00e1quina para fazer caixas de ovos\" class=\"wp-image-374\" title=\"\" srcset=\"https:\/\/www.eggtray.org\/wp-content\/uploads\/2022\/08\/egg-crate-making-machine-manufacturer.webp 720w, https:\/\/www.eggtray.org\/wp-content\/uploads\/2022\/08\/egg-crate-making-machine-manufacturer-300x225.webp 300w\" sizes=\"auto, (max-width: 720px) 100vw, 720px\" \/><figcaption class=\"wp-element-caption\">Fabricante de m\u00e1quina para fazer caixas de ovos<\/figcaption><\/figure> <\/figure>    <h2 class=\"wp-block-heading\"><strong>Dicas para escolher a m\u00e1quina de fazer caixas de ovos de papel adequada <\/strong><\/h2>    <ol class=\"wp-block-list\"> <li>Que tipo de <strong>sa\u00edda que voc\u00ea deseja<\/strong>. Como a sa\u00edda \u00e9 diferente, a m\u00e1quina usada tamb\u00e9m \u00e9 diferente. Ent\u00e3o, antes de tudo, voc\u00ea precisa confirmar que tipo de sa\u00edda \u00e9.<\/li>    <li>O <strong>m\u00e9todo de secagem aplic\u00e1vel. <\/strong>Isso \u00e9 determinado pela sua sa\u00edda. Se voc\u00ea deseja uma m\u00e1quina de bandeja de papel de pequena escala, a secagem natural ao sol \u00e9 a melhor escolha.<\/li>    <li><strong>Dentro do or\u00e7amento. <\/strong>Depois de decidir sobre a m\u00e1quina, o pre\u00e7o total estar\u00e1 dentro do seu dinheiro. Portanto, \u00e9 uma coopera\u00e7\u00e3o ganha-ganha.<\/li> <\/ol>    <p>Nossa equipe de vendas \u00e9 profissional e recomendar\u00e1 o mais adequado para voc\u00ea de acordo com suas necessidades.<\/p>    <h2 class=\"wp-block-heading\"><strong>Caso de sucesso: exporta\u00e7\u00e3o de m\u00e1quina manual de fabrica\u00e7\u00e3o de caixas de ovos para Samoa Ocidental<\/strong><\/h2>    <p class=\"translation-block\">Este cliente tem um grande n\u00famero de ind\u00fastrias e quer iniciar uma nova. Ap\u00f3s consulta, decidiu iniciar a produ\u00e7\u00e3o de tabuleiros de papel. Assim, quis adquirir a m\u00e1quina relacionada. Ap\u00f3s ver as nossas m\u00e1quinas, contactou-nos. O nosso gestor de vendas apresentou-lhe detalhadamente a m\u00e1quina relacionada e disse que ele poderia produzir diferentes tabuleiros simplesmente trocando os moldes. Ap\u00f3s considera\u00e7\u00e3o, o cliente samoano ocidental comprou uma <a href=\"https:\/\/www.eggtray.org\/pt\/product\/egg-carton-production-line-egg-carton-machine\/\" target=\"_blank\" rel=\"noreferrer noopener\">linha de produ\u00e7\u00e3o de caixas de ovos<\/a> do nosso lado. Ap\u00f3s usar a m\u00e1quina por algum tempo, expressou a sua grande satisfa\u00e7\u00e3o.<\/p>   <div class=\"wp-block-image\"> <figure class=\"aligncenter size-full\"><img loading=\"lazy\" decoding=\"async\" width=\"720\" height=\"540\" src=\"https:\/\/www.eggtray.org\/wp-content\/uploads\/2022\/08\/1000pcs-per-hour-semi-automatic-paper-tray-machine.webp\" alt=\"M\u00e1quina semiautom\u00e1tica de bandeja de papel de 1000 unidades por hora\" class=\"wp-image-375\" title=\"\" srcset=\"https:\/\/www.eggtray.org\/wp-content\/uploads\/2022\/08\/1000pcs-per-hour-semi-automatic-paper-tray-machine.webp 720w, https:\/\/www.eggtray.org\/wp-content\/uploads\/2022\/08\/1000pcs-per-hour-semi-automatic-paper-tray-machine-300x225.webp 300w\" sizes=\"auto, (max-width: 720px) 100vw, 720px\" \/><figcaption class=\"wp-element-caption\">M\u00e1quina semiautom\u00e1tica de bandeja de papel de 1000 unidades por hora<\/figcaption><\/figure> <\/div>   <h2 class=\"wp-block-heading\"><strong>Par\u00e2metros t\u00e9cnicos da m\u00e1quina de caixa de ovos<\/strong><\/h2>    <figure class=\"wp-block-table\"><table><tbody><tr><td>Modelo<\/td><td>Capacidade<\/td><td>Consumo de papel<\/td><td>Consumo de \u00e1gua<\/td><td>Energia utilizada<\/td><td>Trabalhador<\/td><\/tr><tr><td>SL-3*1<\/td><td>1000-1500 unidades\/h<\/td><td>120kg\/hora<\/td><td>300kg\/hora<\/td><td>32kW\/h<\/td><td>3-4<\/td><\/tr><tr><td>SL-4*1<\/td><td>1500-2000 unidades\/h<\/td><td>160kg\/hora<\/td><td>380kg\/hora<\/td><td>45 kW\/h<\/td><td>3-4<\/td><\/tr><tr><td>SL-3*4<\/td><td>2.000-2.500 unidades\/h<\/td><td>200kg\/h<\/td><td>450kg\/hora<\/td><td>58kW\/h<\/td><td>4-5<\/td><\/tr><tr><td>SL-4*4<\/td><td>3000-3500 unidades\/h<\/td><td>280kg\/hora<\/td><td>560kg\/hora<\/td><td>78kW\/h<\/td><td>4-5<\/td><\/tr><tr><td>SL-4*8<\/td><td>4000 unidades\/h<\/td><td>320kg\/hora<\/td><td>600kg\/hora<\/td><td>80kW\/h<\/td><td>5-6<\/td><\/tr><tr><td>SL-5*8<\/td><td>5000 unidades\/h<\/td><td>400kg\/hora<\/td><td>750kg\/hora<\/td><td>85kW\/h<\/td><td>3-4<\/td><\/tr><tr><td>SL-5*12<\/td><td>6000 unidades\/h<\/td><td>480kg\/hora<\/td><td>900kg\/hora<\/td><td>90kW\/h<\/td><td>3-4<\/td><\/tr><tr><td>SL-6*12<\/td><td>8000 unidades\/h<\/td><td>640kg\/hora<\/td><td>1.040 kg\/hora<\/td><td>100kW\/h<\/td><td>3-4<\/td><\/tr><\/tbody><\/table><figcaption class=\"wp-element-caption\">Especifica\u00e7\u00f5es da m\u00e1quina de fabrica\u00e7\u00e3o de caixas de ovos<\/figcaption><\/figure>","protected":false},"excerpt":{"rendered":"<p>The egg carton making machine is mainly used to produce high-quality paper trays for protecting eggs. We, Shuliy Machinery, as one of the best tray machine manufacturers and suppliers, produce various types of egg carton machines. Our egg carton machine is suitable for small, medium, and large-scale production. No matter what size your factory is, [&hellip;]<\/p>\n","protected":false},"author":1,"featured_media":325,"parent":0,"template":"","tags":[50,89,21,22,20,48,46],"product-type":[5,60,4],"class_list":["post-255","product","type-product","status-publish","has-post-thumbnail","hentry","tag-egg-box-machine","tag-egg-carton","tag-egg-carton-machine","tag-egg-carton-making-machine","tag-egg-carton-production-line","tag-egg-crate-machine","tag-egg-crate-making-machine","product-type-main-equipment","product-type-by-products","product-type-product"],"_links":{"self":[{"href":"https:\/\/www.eggtray.org\/pt\/wp-json\/wp\/v2\/product\/255","targetHints":{"allow":["GET"]}}],"collection":[{"href":"https:\/\/www.eggtray.org\/pt\/wp-json\/wp\/v2\/product"}],"about":[{"href":"https:\/\/www.eggtray.org\/pt\/wp-json\/wp\/v2\/types\/product"}],"author":[{"embeddable":true,"href":"https:\/\/www.eggtray.org\/pt\/wp-json\/wp\/v2\/users\/1"}],"wp:featuredmedia":[{"embeddable":true,"href":"https:\/\/www.eggtray.org\/pt\/wp-json\/wp\/v2\/media\/325"}],"wp:attachment":[{"href":"https:\/\/www.eggtray.org\/pt\/wp-json\/wp\/v2\/media?parent=255"}],"wp:term":[{"taxonomy":"post_tag","embeddable":true,"href":"https:\/\/www.eggtray.org\/pt\/wp-json\/wp\/v2\/tags?post=255"},{"taxonomy":"product-type","embeddable":true,"href":"https:\/\/www.eggtray.org\/pt\/wp-json\/wp\/v2\/product-type?post=255"}],"curies":[{"name":"wp","href":"https:\/\/api.w.org\/{rel}","templated":true}]}}