{"id":275,"date":"2022-08-11T08:42:39","date_gmt":"2022-08-11T00:42:39","guid":{"rendered":"https:\/\/www.eggtray.org\/?post_type=product&#038;p=275"},"modified":"2025-10-30T16:55:53","modified_gmt":"2025-10-30T08:55:53","slug":"quail-egg-tray-making-machine","status":"publish","type":"product","link":"https:\/\/www.eggtray.org\/pt\/product\/quail-egg-tray-making-machine\/","title":{"rendered":"M\u00e1quina para fazer bandejas para ovos de codorna"},"content":{"rendered":"<p class=\"translation-block\">A m\u00e1quina de fabrico de caixas de ovos de codorniz destina-se a produzir caixas de ovos de codorniz em papel de alta qualidade. Al\u00e9m disso, ap\u00f3s a altera\u00e7\u00e3o do molde, esta m\u00e1quina tamb\u00e9m pode produzir caixas de ovos, caixas de ovos, caixas de ma\u00e7\u00e3s, caixas de vinho tinto, caixas de viveiro, caixas de vinho tinto, etc. As caixas de papel correspondentes s\u00e3o produzidas com o nome da m\u00e1quina, como <a href=\"https:\/\/www.eggtray.org\/pt\/product\/egg-tray-making-machine\/\" target=\"_blank\" rel=\"noreferrer noopener\">m\u00e1quina de caixas de ovos<\/a>, m\u00e1quina de caixas de ovos, <a href=\"https:\/\/www.eggtray.org\/pt\/product\/apple-tray-making-machine\/\" target=\"_blank\" rel=\"noreferrer noopener\">m\u00e1quina de fabrico de caixas de ma\u00e7\u00e3s<\/a>, etc. Se tiver interesse nestes produtos, contacte-nos!<\/p>    <h2 class=\"wp-block-heading\" id=\"h-complete-quail-egg-tray-production-process\"><strong>Processo completo de produ\u00e7\u00e3o de bandeja para ovos de codorna<\/strong><\/h2>    <p class=\"translation-block\">Na verdade, \u00e9 muito semelhante \u00e0 <a href=\"https:\/\/www.eggtray.org\/pt\/product\/egg-tray-production-line-egg-tray-machine\/\" target=\"_blank\" rel=\"noreferrer noopener\">linha de fabrico de caixas de ovos<\/a> e \u00e0 linha de produ\u00e7\u00e3o de caixas de ovos, ambas necessitam de utilizar a m\u00e1quina de polpa, a m\u00e1quina de fabrico de caixas de ovos de codorniz, a m\u00e1quina de secagem, a prensa a quente e a m\u00e1quina de embalagem.<\/p>   <div class=\"wp-block-image\"> <figure class=\"aligncenter size-full\"><img loading=\"lazy\" decoding=\"async\" width=\"720\" height=\"450\" src=\"https:\/\/www.eggtray.org\/wp-content\/uploads\/2022\/08\/complete-paper-tray-production-line.webp\" alt=\"linha completa de produ\u00e7\u00e3o de bandeja de papel \" class=\"wp-image-377\" title=\"\" srcset=\"https:\/\/www.eggtray.org\/wp-content\/uploads\/2022\/08\/complete-paper-tray-production-line.webp 720w, https:\/\/www.eggtray.org\/wp-content\/uploads\/2022\/08\/complete-paper-tray-production-line-300x188.webp 300w\" sizes=\"auto, (max-width: 720px) 100vw, 720px\" \/><figcaption class=\"wp-element-caption\">linha completa de produ\u00e7\u00e3o de bandeja de papel <\/figcaption><\/figure> <\/div>   <p class=\"translation-block\"><strong>Polpa\u00e7\u00e3o<\/strong>: Coloque as mat\u00e9rias-primas na m\u00e1quina de polpa\u00e7\u00e3o. A m\u00e1quina de fabrico de polpa tritura as mat\u00e9rias-primas de papel atrav\u00e9s do movimento rotativo da m\u00e1quina. \u00c9 importante notar que \u00e9 necess\u00e1rio adicionar uma certa quantidade de \u00e1gua. Se tiver alguma d\u00favida, pode consultar-nos.<\/p>    <p class=\"translation-block\"><strong>Forma\u00e7\u00e3o<\/strong>: Este \u00e9 o passo fundamental. Ap\u00f3s alguma mistura, a m\u00e1quina de caixas de ovos de codorniz \u00e9 utilizada para produzir as caixas de papel adequadas. Neste processo, s\u00e3o utilizados um compressor de ar e uma bomba de v\u00e1cuo. A bomba de v\u00e1cuo serve para sugar a polpa para o molde de forma\u00e7\u00e3o, e o compressor de ar serve para soprar para o molde de transfer\u00eancia. Se quiser saber mais detalhes, contacte-nos!<\/p>    <p class=\"translation-block\"><strong>Secagem<\/strong>: Como a caixa de ovos de codorniz \u00e9 h\u00famida, precisa de ser seca. Existem tr\u00eas m\u00e9todos de secagem: \u2460 secagem natural, \u2461 secagem em forno de tijolo e \u2462 secagem em m\u00e1quina. Cada um deles tem as suas pr\u00f3prias vantagens, tamb\u00e9m pode consultar o <strong>m\u00e9todo de secagem de caixas de papel<\/strong> para mais detalhes!<\/p>    <p class=\"translation-block\"><strong>Prensagem a quente e enfardamento<\/strong>: A m\u00e1quina de prensagem a quente \u00e9 frequentemente utilizada para caixas tipo caixa, o que pode torn\u00e1-las mais bonitas. Em seguida, embale-as com uma m\u00e1quina de enfardamento.<\/p>    <h2 class=\"wp-block-heading\"><strong>Tipos de moldes para ovos de codorna que podem ser produzidos<\/strong><\/h2>    <p class=\"translation-block\">Esta m\u00e1quina \u00e9 muito pr\u00e1tica. Caixas diferentes podem ser produzidas simplesmente alterando os moldes. Se quiser produzir <a href=\"https:\/\/en.wikipedia.org\/wiki\/Tray\" target=\"_blank\" rel=\"noreferrer noopener\">caixas<\/a> semelhantes a caixas de ovos e caixas de ovos, basta comprar os moldes correspondentes ao adquirir a m\u00e1quina. Em suma, n\u00e3o importa o tipo de caixa que pretende, a nossa m\u00e1quina de fabrico de caixas de ovos de codorniz pode faz\u00ea-lo.<\/p>    <figure class=\"wp-block-gallery aligncenter has-nested-images columns-default is-cropped wp-block-gallery-2 is-layout-flex wp-block-gallery-is-layout-flex\"> <figure class=\"wp-block-image size-large\"><img loading=\"lazy\" decoding=\"async\" width=\"720\" height=\"540\" data-id=\"378\" src=\"https:\/\/www.eggtray.org\/wp-content\/uploads\/2022\/08\/different-paper-tray-molds.webp\" alt=\"moldes de bandeja de papel diferentes\" class=\"wp-image-378\" title=\"\" srcset=\"https:\/\/www.eggtray.org\/wp-content\/uploads\/2022\/08\/different-paper-tray-molds.webp 720w, https:\/\/www.eggtray.org\/wp-content\/uploads\/2022\/08\/different-paper-tray-molds-300x225.webp 300w\" sizes=\"auto, (max-width: 720px) 100vw, 720px\" \/><figcaption class=\"wp-element-caption\">Diferentes moldes de bandeja de papel<\/figcaption><\/figure>    <figure class=\"wp-block-image size-large\"><img loading=\"lazy\" decoding=\"async\" width=\"720\" height=\"540\" data-id=\"379\" src=\"https:\/\/www.eggtray.org\/wp-content\/uploads\/2022\/08\/paper-tray-types.webp\" alt=\"tipos de bandeja de papel\" class=\"wp-image-379\" title=\"\" srcset=\"https:\/\/www.eggtray.org\/wp-content\/uploads\/2022\/08\/paper-tray-types.webp 720w, https:\/\/www.eggtray.org\/wp-content\/uploads\/2022\/08\/paper-tray-types-300x225.webp 300w\" sizes=\"auto, (max-width: 720px) 100vw, 720px\" \/><figcaption class=\"wp-element-caption\">Tipos de bandeja de papel<\/figcaption><\/figure> <\/figure>    <h2 class=\"wp-block-heading\"><strong>Benef\u00edcios de investir em uma m\u00e1quina para fazer bandejas para ovos de codorna<\/strong><\/h2>    <p class=\"translation-block\"><strong>Baixo investimento. <\/strong>Ao investir neste neg\u00f3cio, \u00e9 importante ter em conta os custos individuais. Por exemplo, mat\u00e9rias-primas, m\u00e1quinas, m\u00e3o de obra, tempo, etc. Comparado com outras ind\u00fastrias, o custo de investimento nesta m\u00e1quina de forma\u00e7\u00e3o de caixas de papel \u00e9 muito baixo. Al\u00e9m disso, esta m\u00e1quina \u00e9 totalmente automatizada e poupa m\u00e3o de obra.<\/p>    <p class=\"translation-block\"><strong>Alto retorno. <\/strong>Esta m\u00e1quina tem uma alta taxa de moldagem e uma longa vida \u00fatil. No mesmo per\u00edodo de tempo, a nossa m\u00e1quina pode produzir caixas de ovos de codorniz. Al\u00e9m disso, a nossa m\u00e1quina pode ser utilizada por mais tempo.<\/p>    <h2 class=\"wp-block-heading\"><strong>Como escolher o pre\u00e7o certo para uma m\u00e1quina de bandeja para ovos de codorna?<\/strong><\/h2>    <p class=\"translation-block\"><strong>Qualidade em primeiro lugar<\/strong>. Ao escolher uma m\u00e1quina, a qualidade \u00e9 a primeira coisa a considerar.<\/p>    <p class=\"translation-block\"><strong>Fabricante fi\u00e1vel<\/strong>. Escolher um fabricante fi\u00e1vel \u00e9 muito importante para os investidores. N\u00e3o s\u00f3 a qualidade da m\u00e1quina pode ser garantida, como tamb\u00e9m o servi\u00e7o p\u00f3s-venda \u00e9 garantido.<\/p>    <p class=\"translation-block\"><strong>Alto desempenho de custo<\/strong>. \u00c9 muito econ\u00f3mico comprar a m\u00e1quina de uma empresa que integra ind\u00fastria e com\u00e9rcio. A Shuliy Machinery \u00e9 uma empresa desse tipo.<\/p>   <div class=\"wp-block-image\"> <figure class=\"aligncenter size-full\"><img loading=\"lazy\" decoding=\"async\" width=\"720\" height=\"540\" src=\"https:\/\/www.eggtray.org\/wp-content\/uploads\/2022\/08\/quail-egg-tray-making-machine-manufacturer.webp\" alt=\"fabricante de m\u00e1quina para fazer bandeja para ovos de codorna\" class=\"wp-image-380\" title=\"\" srcset=\"https:\/\/www.eggtray.org\/wp-content\/uploads\/2022\/08\/quail-egg-tray-making-machine-manufacturer.webp 720w, https:\/\/www.eggtray.org\/wp-content\/uploads\/2022\/08\/quail-egg-tray-making-machine-manufacturer-300x225.webp 300w\" sizes=\"auto, (max-width: 720px) 100vw, 720px\" \/><figcaption class=\"wp-element-caption\">fabricante de m\u00e1quina para fazer bandeja para ovos de codorna<\/figcaption><\/figure> <\/div>   <h2 class=\"wp-block-heading\"><strong>Shuliy Machinery - fabricante e fornecedor de m\u00e1quina para fazer bandejas para ovos de codorna<\/strong><\/h2>    <p>N\u00f3s, Shuliy Machinery, somos fabricantes e fornecedores especializados em v\u00e1rios tipos de m\u00e1quinas formadoras de bandejas de celulose. N\u00e3o temos apenas v\u00e1rios tipos de m\u00e1quinas, mas tamb\u00e9m v\u00e1rias linhas de produ\u00e7\u00e3o para voc\u00ea escolher. Nossas m\u00e1quinas s\u00e3o absolutamente adequadas \u00e0s diversas necessidades de seu neg\u00f3cio. Al\u00e9m disso, nossas m\u00e1quinas possuem certificados. Se precisar de um fabricante, entre em contato conosco.<\/p>   <div class=\"wp-block-image\"> <figure class=\"aligncenter size-full\"><img loading=\"lazy\" decoding=\"async\" width=\"720\" height=\"540\" src=\"https:\/\/www.eggtray.org\/wp-content\/uploads\/2022\/08\/Shuliy-Machinery-paper-tray-machine-manufacturer-supplier.webp\" alt=\"Shuliy Machinery-fabricante e fornecedor de m\u00e1quina de bandeja de papel\" class=\"wp-image-382\" title=\"\" srcset=\"https:\/\/www.eggtray.org\/wp-content\/uploads\/2022\/08\/Shuliy-Machinery-paper-tray-machine-manufacturer-supplier.webp 720w, https:\/\/www.eggtray.org\/wp-content\/uploads\/2022\/08\/Shuliy-Machinery-paper-tray-machine-manufacturer-supplier-300x225.webp 300w\" sizes=\"auto, (max-width: 720px) 100vw, 720px\" \/><figcaption class=\"wp-element-caption\">Shuliy Machinery-fabricante e fornecedor de m\u00e1quina de bandeja de papel<\/figcaption><\/figure> <\/div>   <h2 class=\"wp-block-heading\"><strong>Pa\u00edses onde as m\u00e1quinas vendem bem<\/strong><\/h2>    <p class=\"translation-block\">A nossa m\u00e1quina para fabricar caixas de ovos de codorniz \u00e9 vendida no estrangeiro. Temos clientes na \u00c1sia, Europa, \u00c1frica, Am\u00e9rica do Norte, Oce\u00e2nia, etc. Pa\u00edses espec\u00edficos como <strong>Ar\u00e1bia Saudita, Turquia, Ir\u00e3o, Emirados \u00c1rabes Unidos, Mal\u00e1sia, Nepal, Filipinas, Laos, Afeganist\u00e3o, Arm\u00e9nia, Coreia, Botsuana, Arg\u00e9lia, Angola, Nam\u00edbia, N\u00edger, Costa do Marfim, Nig\u00e9ria, Indon\u00e9sia, Rom\u00e9nia, Berlim, Ucr\u00e2nia, Pol\u00f3nia, Espanha, R\u00fassia, Reino Unido, Fran\u00e7a, It\u00e1lia, Espanha, R\u00fassia, Reino Unido. It\u00e1lia<\/strong>, etc.<\/p>    <h2 class=\"wp-block-heading\"><strong>Especifica\u00e7\u00f5es da m\u00e1quina de bandeja de papel<\/strong><\/h2>    <figure class=\"wp-block-table\"><table><tbody><tr><td>Modelo<\/td><td>Capacidade<\/td><td>Consumo de papel<\/td><td>Consumo de \u00e1gua<\/td><td>Energia utilizada<\/td><td>Trabalhador<\/td><\/tr><tr><td>SL-3*1<\/td><td>1000-1500 unidades\/h<\/td><td>120kg\/hora<\/td><td>300kg\/hora<\/td><td>32kW\/h<\/td><td>3-4<\/td><\/tr><tr><td>SL-4*1<\/td><td>1500-2000 unidades\/h<\/td><td>160kg\/hora<\/td><td>380kg\/hora<\/td><td>45 kW\/h<\/td><td>3-4<\/td><\/tr><tr><td>SL-3*4<\/td><td>2.000-2.500 unidades\/h<\/td><td>200kg\/h<\/td><td>450kg\/hora<\/td><td>58kW\/h<\/td><td>4-5<\/td><\/tr><tr><td>SL-4*4<\/td><td>3000-3500 unidades\/h<\/td><td>280kg\/hora<\/td><td>560kg\/hora<\/td><td>78kW\/h<\/td><td>4-5<\/td><\/tr><tr><td>SL-4*8<\/td><td>4000 unidades\/h<\/td><td>320kg\/hora<\/td><td>600kg\/hora<\/td><td>80kW\/h<\/td><td>5-6<\/td><\/tr><tr><td>SL-5*8<\/td><td>5000 unidades\/h<\/td><td>400kg\/hora<\/td><td>750kg\/hora<\/td><td>85kW\/h<\/td><td>3-4<\/td><\/tr><tr><td>SL-5*12<\/td><td>6000 unidades\/h<\/td><td>480kg\/hora<\/td><td>900kg\/hora<\/td><td>90kW\/h<\/td><td>3-4<\/td><\/tr><tr><td>SL-6*12<\/td><td>8000 unidades\/h<\/td><td>640kg\/hora<\/td><td>1.040 kg\/hora<\/td><td>100kW\/h<\/td><td>3-4<\/td><\/tr><\/tbody><\/table><\/figure>","protected":false},"excerpt":{"rendered":"<p>The quail egg tray making machine is to produce high-quality quail egg paper trays. Besides, after changing the mold, this machine can also produce the egg tray, egg carton, apple tray, red wine tray, nursery tray, red wine tray, etc. The corresponding paper trays are produced with the name of the machine, such as egg [&hellip;]<\/p>\n","protected":false},"author":1,"featured_media":326,"parent":0,"template":"","tags":[11,9,51],"product-type":[5,60,4],"class_list":["post-275","product","type-product","status-publish","has-post-thumbnail","hentry","tag-egg-tray-making-machine","tag-egg-tray-production-line","tag-quail-egg-tray-making-machine","product-type-main-equipment","product-type-by-products","product-type-product"],"_links":{"self":[{"href":"https:\/\/www.eggtray.org\/pt\/wp-json\/wp\/v2\/product\/275","targetHints":{"allow":["GET"]}}],"collection":[{"href":"https:\/\/www.eggtray.org\/pt\/wp-json\/wp\/v2\/product"}],"about":[{"href":"https:\/\/www.eggtray.org\/pt\/wp-json\/wp\/v2\/types\/product"}],"author":[{"embeddable":true,"href":"https:\/\/www.eggtray.org\/pt\/wp-json\/wp\/v2\/users\/1"}],"wp:featuredmedia":[{"embeddable":true,"href":"https:\/\/www.eggtray.org\/pt\/wp-json\/wp\/v2\/media\/326"}],"wp:attachment":[{"href":"https:\/\/www.eggtray.org\/pt\/wp-json\/wp\/v2\/media?parent=275"}],"wp:term":[{"taxonomy":"post_tag","embeddable":true,"href":"https:\/\/www.eggtray.org\/pt\/wp-json\/wp\/v2\/tags?post=275"},{"taxonomy":"product-type","embeddable":true,"href":"https:\/\/www.eggtray.org\/pt\/wp-json\/wp\/v2\/product-type?post=275"}],"curies":[{"name":"wp","href":"https:\/\/api.w.org\/{rel}","templated":true}]}}