{"id":327,"date":"2022-08-12T06:50:58","date_gmt":"2022-08-12T06:50:58","guid":{"rendered":"https:\/\/www.eggtray.org\/?post_type=product&#038;p=327"},"modified":"2025-10-31T17:33:57","modified_gmt":"2025-10-31T09:33:57","slug":"paper-pulping-machine","status":"publish","type":"product","link":"https:\/\/www.eggtray.org\/pt\/product\/paper-pulping-machine\/","title":{"rendered":"M\u00e1quina de polpa\u00e7\u00e3o de papel"},"content":{"rendered":"<p>Uma m\u00e1quina de polpa\u00e7\u00e3o de papel \u00e9 uma m\u00e1quina que transforma v\u00e1rias mat\u00e9rias-primas em celulose. Na Shuliy Machinery, ela tritura principalmente v\u00e1rios tipos de papel para fazer celulose para a pr\u00f3xima etapa de forma\u00e7\u00e3o. Para investir na produ\u00e7\u00e3o de diversas bandejas de papel, \u00e9 fundamental adquirir uma m\u00e1quina para fabrica\u00e7\u00e3o de celulose adequada.<\/p>    <h2 class=\"wp-block-heading\" id=\"h-what-is-a-paper-pulper-machine\"><strong>O que \u00e9 uma m\u00e1quina despolpadora de papel?<\/strong><\/h2>    <p class=\"translation-block\">A m\u00e1quina de polpa de papel \u00e9 um <a href=\"https:\/\/en.wikipedia.org\/wiki\/Hydraulics\" target=\"_blank\" rel=\"noreferrer noopener\">pulper hidr\u00e1ulico<\/a> que esmaga v\u00e1rios tipos de papel em polpa, girando a alta velocidade. Claro, \u00e9 preciso adicionar uma certa quantidade de \u00e1gua. Esta m\u00e1quina \u00e9 f\u00e1cil de operar e tem uma estrutura razo\u00e1vel, sendo a melhor escolha para realizar o esmagamento de v\u00e1rios materiais. A nossa empresa \u00e9 uma empresa industrial e comercial. Assim, em compara\u00e7\u00e3o com outras empresas do mesmo tipo, a nossa m\u00e1quina tem um pre\u00e7o competitivo. Se estiver interessado nesta m\u00e1quina, seja bem-vindo a <a href=\"https:\/\/www.eggtray.org\/pt\/contact-us\/\" target=\"_blank\" rel=\"noreferrer noopener\">contactar-nos<\/a>.<\/p>    <figure class=\"wp-block-gallery aligncenter has-nested-images columns-default is-cropped wp-block-gallery-2 is-layout-flex wp-block-gallery-is-layout-flex\"> <figure class=\"wp-block-image size-large\"><img loading=\"lazy\" decoding=\"async\" width=\"720\" height=\"540\" data-id=\"390\" src=\"https:\/\/www.eggtray.org\/wp-content\/uploads\/2022\/08\/egg-tray-pulper.webp\" alt=\"despolpador de bandeja de ovos\" class=\"wp-image-390\" title=\"\" srcset=\"https:\/\/www.eggtray.org\/wp-content\/uploads\/2022\/08\/egg-tray-pulper.webp 720w, https:\/\/www.eggtray.org\/wp-content\/uploads\/2022\/08\/egg-tray-pulper-300x225.webp 300w\" sizes=\"auto, (max-width: 720px) 100vw, 720px\" \/><figcaption>Despolpador de bandeja de ovos<\/figcaption><\/figure>    <figure class=\"wp-block-image size-large\"><img loading=\"lazy\" decoding=\"async\" width=\"720\" height=\"540\" data-id=\"391\" src=\"https:\/\/www.eggtray.org\/wp-content\/uploads\/2022\/08\/pulper-machine.webp\" alt=\"m\u00e1quina de despolpador\" class=\"wp-image-391\" title=\"\" srcset=\"https:\/\/www.eggtray.org\/wp-content\/uploads\/2022\/08\/pulper-machine.webp 720w, https:\/\/www.eggtray.org\/wp-content\/uploads\/2022\/08\/pulper-machine-300x225.webp 300w\" sizes=\"auto, (max-width: 720px) 100vw, 720px\" \/><figcaption>M\u00e1quina despolpadora<\/figcaption><\/figure> <\/figure>    <h2 class=\"wp-block-heading\"><strong>Aplica\u00e7\u00e3o na linha de produ\u00e7\u00e3o de bandejas\/caixas para ovos<\/strong><\/h2>    <p class=\"translation-block\">Na <strong><a href=\"https:\/\/www.eggtray.org\/pt\/products\/production-line\/\" target=\"_blank\" rel=\"noreferrer noopener\">linha de produ\u00e7\u00e3o completa de tabuleiros de papel<\/a><\/strong>, os passos necess\u00e1rios s\u00e3o a produ\u00e7\u00e3o de polpa, forma\u00e7\u00e3o, secagem, prensagem a quente e enfardamento. Pode-se ver que a produ\u00e7\u00e3o de polpa \u00e9 o primeiro passo. Portanto, a m\u00e1quina de polpa de papel \u00e9 muito importante.<\/p>    <p>O papel e a \u00e1gua s\u00e3o misturados em uma determinada propor\u00e7\u00e3o e ent\u00e3o a energia \u00e9 ligada. Sob a a\u00e7\u00e3o da rota\u00e7\u00e3o, o papel \u00e9 triturado at\u00e9 formar a polpa e preparado para a pr\u00f3xima etapa de forma\u00e7\u00e3o. Este \u00e9 o sistema de polpa\u00e7\u00e3o na linha de produ\u00e7\u00e3o de bandejas\/engradados para ovos. <\/p>    <h2 class=\"wp-block-heading\"><strong>Quais equipamentos comp\u00f5e o sistema de polpa\u00e7\u00e3o?<\/strong><\/h2>    <p>Tomando como exemplo a linha de fabrica\u00e7\u00e3o de bandejas para ovos de 1000pcs\/h, o equipamento est\u00e1 listado abaixo. Se desejar uma capacidade maior, voc\u00ea pode escolher a m\u00e1quina correspondente com a capacidade certa. <\/p>    <figure class=\"wp-block-table\"><table><tbody><tr><td>Nome da maquina<\/td><td>Modelo<\/td><td>Poder<\/td><td>Unidade<\/td><\/tr><tr><td>Despolpador hidra<\/td><td>SL1.0<\/td><td>7,5 kW<\/td><td>1 conjunto<\/td><\/tr><tr><td>V\u00e1lvula borboleta<\/td><td>DN100<\/td><td>\/<\/td><td>1 unidade<\/td><\/tr><tr><td>Bomba de polpa<\/td><td>3 polegadas<\/td><td>2,2 kW<\/td><td>1 conjunto<\/td><\/tr><tr><td>Batedor de lagoa de polpa<\/td><td>110 r\/m<\/td><td>1,5kW<\/td><td>1 conjunto<\/td><\/tr><tr><td>Bombas de \u00e1guas residuais&nbsp;<\/td><td>\/<\/td><td>0,75kW<\/td><td>1 conjunto<\/td><\/tr><tr><td>Tubo de transporte de celulose<\/td><td>\/<\/td><td>\/<\/td><td>1 conjunto<\/td><\/tr><\/tbody><\/table><\/figure>    <h2 class=\"wp-block-heading\"><strong>Princ\u00edpio de funcionamento da m\u00e1quina de polpa\u00e7\u00e3o de papel<\/strong><\/h2>    <p>O princ\u00edpio de funcionamento \u00e9 realmente muito simples. Por se tratar de um hidrapulper, use a alta velocidade para produzir o atrito e, em seguida, quebre o papel em polpa. <\/p>   <div class=\"wp-block-image\"> <figure class=\"aligncenter size-full\"><img loading=\"lazy\" decoding=\"async\" width=\"720\" height=\"540\" src=\"https:\/\/www.eggtray.org\/wp-content\/uploads\/2022\/08\/pulp-making-machine-manufacturer.webp\" alt=\"fabricante de m\u00e1quina para fazer celulose\" class=\"wp-image-389\" title=\"\" srcset=\"https:\/\/www.eggtray.org\/wp-content\/uploads\/2022\/08\/pulp-making-machine-manufacturer.webp 720w, https:\/\/www.eggtray.org\/wp-content\/uploads\/2022\/08\/pulp-making-machine-manufacturer-300x225.webp 300w\" sizes=\"auto, (max-width: 720px) 100vw, 720px\" \/><figcaption>fabricante de m\u00e1quina para fazer celulose<\/figcaption><\/figure> <\/div>   <h2 class=\"wp-block-heading\"><strong>Vantagens da m\u00e1quina de polpa\u00e7\u00e3o de papel<\/strong><\/h2>    <ol class=\"wp-block-list\"><li>Estrutura simples, f\u00e1cil de usar e muito amig\u00e1vel aos usu\u00e1rios.<\/li><li>O hidro despolpador \u00e9 econ\u00f4mico, com vantagens de pre\u00e7o.<\/li><li>V\u00e1rios tipos est\u00e3o dispon\u00edveis, adequados para produ\u00e7\u00e3o em pequena, m\u00e9dia e grande escala. <\/li><\/ol>    <h2 class=\"wp-block-heading\"><strong>Par\u00e2metros t\u00e9cnicos da m\u00e1quina de polpa\u00e7\u00e3o de papel<\/strong><\/h2>    <figure class=\"wp-block-table\"><table><tbody><tr><td>Modelo<\/td><td>Pot\u00eancia (kW)<\/td><td>Volume\uff08m\u00b3\uff09<\/td><td>Tamanho (mm)<\/td><td>Capacidade (kg\/uma vez)<\/td><\/tr><tr><td>SL-1.0<\/td><td>7.5<\/td><td>1.2<\/td><td>1400*1200*1400<\/td><td>300<\/td><\/tr><tr><td>SL-2.0<\/td><td>11<\/td><td>2.0<\/td><td>1550*1500*1400<\/td><td>400<\/td><\/tr><tr><td>SL-4.5<\/td><td>22<\/td><td>4.5<\/td><td>2200*2200*2600<\/td><td>600<\/td><\/tr><\/tbody><\/table><\/figure>","protected":false},"excerpt":{"rendered":"<p>A paper pulping machine is a machine that crushes various raw materials into pulp. In Shuliy Machinery, it mainly crushes various kinds of paper to make pulp for the next step of forming. For investing in the production of various paper trays, it is essential to purchase a suitable pulp making machine. What is a [&hellip;]<\/p>\n","protected":false},"author":1,"featured_media":333,"parent":0,"template":"","tags":[53,54,52,14],"product-type":[6],"class_list":["post-327","product","type-product","status-publish","has-post-thumbnail","hentry","tag-egg-tray-pulper","tag-egg-tray-pulping-system","tag-paper-pulping-machine","tag-pulp-making-machine","product-type-auxiliary-equipment"],"_links":{"self":[{"href":"https:\/\/www.eggtray.org\/pt\/wp-json\/wp\/v2\/product\/327","targetHints":{"allow":["GET"]}}],"collection":[{"href":"https:\/\/www.eggtray.org\/pt\/wp-json\/wp\/v2\/product"}],"about":[{"href":"https:\/\/www.eggtray.org\/pt\/wp-json\/wp\/v2\/types\/product"}],"author":[{"embeddable":true,"href":"https:\/\/www.eggtray.org\/pt\/wp-json\/wp\/v2\/users\/1"}],"wp:featuredmedia":[{"embeddable":true,"href":"https:\/\/www.eggtray.org\/pt\/wp-json\/wp\/v2\/media\/333"}],"wp:attachment":[{"href":"https:\/\/www.eggtray.org\/pt\/wp-json\/wp\/v2\/media?parent=327"}],"wp:term":[{"taxonomy":"post_tag","embeddable":true,"href":"https:\/\/www.eggtray.org\/pt\/wp-json\/wp\/v2\/tags?post=327"},{"taxonomy":"product-type","embeddable":true,"href":"https:\/\/www.eggtray.org\/pt\/wp-json\/wp\/v2\/product-type?post=327"}],"curies":[{"name":"wp","href":"https:\/\/api.w.org\/{rel}","templated":true}]}}