{"id":334,"date":"2022-08-12T09:22:57","date_gmt":"2022-08-12T09:22:57","guid":{"rendered":"https:\/\/www.eggtray.org\/?post_type=product&#038;p=334"},"modified":"2025-12-18T15:06:45","modified_gmt":"2025-12-18T07:06:45","slug":"egg-tray-dryer","status":"publish","type":"product","link":"https:\/\/www.eggtray.org\/pt\/product\/egg-tray-dryer\/","title":{"rendered":"Secador de bandeja para ovos"},"content":{"rendered":"<p>O secador de bandeja para ovos serve principalmente para secar a bandeja para ovos \u00famida. Desempenha um papel ativo no processo de fabrica\u00e7\u00e3o e produ\u00e7\u00e3o de bandejas para ovos. Essa etapa \u00e9 a m\u00e1quina que permite ao comprador agilizar o uso da bandeja de ovos. Esta m\u00e1quina \u00e9 uma etapa indispens\u00e1vel se voc\u00ea estiver interessado em bandejas de papel para ovos. Por favor, ligue-nos para mais informa\u00e7\u00f5es!<\/p>    <h2 class=\"wp-block-heading\" id=\"h-what-is-the-egg-tray-dryer\"><strong>O que \u00e9 o secador de bandeja para ovos?<\/strong><\/h2>    <p class=\"translation-block\">A m\u00e1quina de secagem de caixas de ovos \u00e9 tamb\u00e9m o sistema de secagem de caixas de ovos no <a href=\"https:\/\/www.eggtray.org\/pt\/product\/egg-tray-production-line-egg-tray-machine\/\" target=\"_blank\" rel=\"noreferrer noopener\">processo de fabrico de caixas de ovos<\/a>. A sua fun\u00e7\u00e3o \u00e9 secar as caixas de papel molhadas. Na linha de produ\u00e7\u00e3o da Shuliy Machinery, o m\u00e9todo de secagem tamb\u00e9m \u00e9 diferente e ser\u00e1 selecionado de acordo com a escala de produ\u00e7\u00e3o. Se desejar saber mais, seja bem-vindo a ler o conte\u00fado.<\/p>    <h2 class=\"wp-block-heading\"><strong>Tipo 1: a secagem natural <\/strong><\/h2>    <p class=\"translation-block\">A secagem natural, como o nome indica, consiste em secar os tabuleiros h\u00famidos colocando-os ao sol e secando-os com a for\u00e7a da natureza. \u00c9 um tipo totalmente manual. Isto \u00e9 econ\u00f3mico, mas s\u00f3 \u00e9 adequado para produ\u00e7\u00e3o em pequena escala. Como a <a href=\"https:\/\/www.eggtray.org\/pt\/product\/egg-tray-making-machine\/\" target=\"_blank\" rel=\"noreferrer noopener\">m\u00e1quina de tabuleiros de ovos<\/a> para 1000 unidades por hora ou 1500 unidades por hora.<\/p>    <div class=\"wp-block-group\"><div class=\"wp-block-group__inner-container is-layout-flow wp-block-group-is-layout-flow\"> <p>Al\u00e9m disso, este tipo de secador de bandeja para ovos tamb\u00e9m pode ser utilizado para sustentar a bandeja para ovos com um suporte, que pode ser colocado ao sol ou em local fechado para secar.<\/p> <\/div><\/div>    <figure class=\"wp-block-gallery aligncenter has-nested-images columns-default is-cropped wp-block-gallery-2 is-layout-flex wp-block-gallery-is-layout-flex\"> <figure class=\"wp-block-image size-large\"><img loading=\"lazy\" decoding=\"async\" width=\"720\" height=\"540\" data-id=\"338\" src=\"https:\/\/www.eggtray.org\/wp-content\/uploads\/2022\/08\/drying-in-the-sun.webp\" alt=\"secando ao sol\" class=\"wp-image-338\" title=\"\" srcset=\"https:\/\/www.eggtray.org\/wp-content\/uploads\/2022\/08\/drying-in-the-sun.webp 720w, https:\/\/www.eggtray.org\/wp-content\/uploads\/2022\/08\/drying-in-the-sun-300x225.webp 300w\" sizes=\"auto, (max-width: 720px) 100vw, 720px\" \/><figcaption class=\"wp-element-caption\">Secagem ao sol<\/figcaption><\/figure>    <figure class=\"wp-block-image size-large\"><img loading=\"lazy\" decoding=\"async\" width=\"720\" height=\"540\" data-id=\"337\" src=\"https:\/\/www.eggtray.org\/wp-content\/uploads\/2022\/08\/trolley-the-container.webp\" alt=\"carrinho e o cont\u00eainer\" class=\"wp-image-337\" title=\"\" srcset=\"https:\/\/www.eggtray.org\/wp-content\/uploads\/2022\/08\/trolley-the-container.webp 720w, https:\/\/www.eggtray.org\/wp-content\/uploads\/2022\/08\/trolley-the-container-300x225.webp 300w\" sizes=\"auto, (max-width: 720px) 100vw, 720px\" \/><figcaption class=\"wp-element-caption\">Carrinho &amp; O cont\u00eainer<\/figcaption><\/figure> <\/figure>    <div class=\"wp-block-columns is-layout-flex wp-container-core-columns-is-layout-9d6595d7 wp-block-columns-is-layout-flex\"> <div class=\"wp-block-column is-layout-flow wp-block-column-is-layout-flow\"> <h3 class=\"wp-block-heading\"><strong>Caracter\u00edsticas de secagem natural<\/strong><\/h3>    <ul class=\"wp-block-list\"> <li>Econ\u00f4mico e econ\u00f4mico, economize dinheiro secando com o poder da luz solar.<\/li>    <li>Adequado para produ\u00e7\u00e3o em pequena escala. Por ser seco naturalmente, necessita de ajuda manual. Se a escala de produ\u00e7\u00e3o for muito grande, a m\u00e3o de obra ser\u00e1 um pouco esmagadora.<\/li>    <li>Afetado pelo clima. Por ser uma secagem natural ao sol, o clima \u00e9 crucial.<\/li>    <li>Grande espa\u00e7o. Deve haver espa\u00e7o suficiente para a secagem natural.<\/li>    <li>Muito tempo. Em compara\u00e7\u00e3o, a secagem natural leva mais tempo.<\/li> <\/ul> <\/div> <\/div>    <h3 class=\"wp-block-heading\"><strong>M\u00e1quina de bandeja de ovos recomendada para secagem natural <\/strong><\/h3>    <figure class=\"wp-block-table\"><table><tbody><tr><td>Modelo<\/td><td>Capacidade<\/td><td>Consumo de papel<\/td><td>Consumo de \u00e1gua<\/td><td>Energia utilizada<\/td><td>Trabalhador<\/td><\/tr><tr><td>SL-3*1<\/td><td>1000-1500 unidades\/h<\/td><td>120kg\/hora<\/td><td>300kg\/hora<\/td><td>32kW\/h<\/td><td>3-4<\/td><\/tr><tr><td>SL-4*1<\/td><td>1500-2000 PCS\/h<\/td><td>160kg\/hora<\/td><td>380kg\/hora<\/td><td>45 kW\/h<\/td><td>3-4<\/td><\/tr><tr><td>SL-3*4<\/td><td>2.000-2.500 unidades\/h<\/td><td>200kg\/h<\/td><td>450kg\/hora<\/td><td>58kW\/h<\/td><td>4-5<\/td><\/tr><\/tbody><\/table><\/figure>    <h2 class=\"wp-block-heading\"><strong>Tipo 2: linha de secagem em forno de tijolos<\/strong><\/h2>    <p>Este tipo de secador de bandeja para ovos \u00e9 muito mais r\u00e1pido e utiliza a temperatura para secar ao aquecer no forno pr\u00f3ximo. \u00c9 um tipo semiautom\u00e1tico. \u00c9 adequado para produ\u00e7\u00e3o de m\u00e1quinas de m\u00e9dio a grande porte. Este m\u00e9todo de secagem \u00e9 mais eficiente que o primeiro e mais barato que o terceiro. Leva apenas alguns minutos para secar as bandejas.<\/p>   <div class=\"wp-block-image\"> <figure class=\"aligncenter size-full\"><img loading=\"lazy\" decoding=\"async\" width=\"720\" height=\"540\" src=\"https:\/\/www.eggtray.org\/wp-content\/uploads\/2022\/08\/brick-kiln-drying.webp\" alt=\"secagem em forno de tijolos \" class=\"wp-image-347\" title=\"\" srcset=\"https:\/\/www.eggtray.org\/wp-content\/uploads\/2022\/08\/brick-kiln-drying.webp 720w, https:\/\/www.eggtray.org\/wp-content\/uploads\/2022\/08\/brick-kiln-drying-300x225.webp 300w\" sizes=\"auto, (max-width: 720px) 100vw, 720px\" \/><figcaption class=\"wp-element-caption\">secagem em forno de tijolos <\/figcaption><\/figure> <\/div>   <h3 class=\"wp-block-heading\"><strong>Caracter\u00edsticas da secagem em forno de tijolos<\/strong><\/h3>    <ul class=\"wp-block-list\"> <li>Economize tempo e esfor\u00e7o e seque as bandejas de papel em minutos.<\/li>    <li>Grau semiautom\u00e1tico. A correia transportadora pode transferir bandejas, mas \u00e9 necess\u00e1ria a coleta manual.<\/li>    <li>Barato. Comparado com a secagem de metal, o pre\u00e7o \u00e9 barato.<\/li>    <li>F\u00e1cil manuten\u00e7\u00e3o e longa vida \u00fatil. A olaria dura mais.<\/li>    <li>Ocupando o grande espa\u00e7o. Os usu\u00e1rios precisam construir uma olaria com design de camada \u00fanica e \u00e1rea de pelo menos 30 metros quadrados.<\/li> <\/ul>    <h3 class=\"wp-block-heading\">Par\u00e2metros da m\u00e1quina de bandeja para ovos usada<\/h3>    <figure class=\"wp-block-table\"><table><tbody><tr><td>Modelo<\/td><td>Capacidade<\/td><td>Consumo de papel<\/td><td>Consumo de \u00e1gua<\/td><td>Energia utilizada<\/td><td>Trabalhador<\/td><\/tr><tr><td>SL-4*4<\/td><td>3000-3500 unidades\/h<\/td><td>280kg\/hora<\/td><td>560kg\/hora<\/td><td>78kW\/h<\/td><td>4-5<\/td><\/tr><tr><td>SL-4*8<\/td><td>4000 unidades\/h<\/td><td>320kg\/hora<\/td><td>600kg\/hora<\/td><td>80kW\/h<\/td><td>5-6<\/td><\/tr><tr><td>SL-5*8<\/td><td>5000 unidades\/h<\/td><td>400kg\/hora<\/td><td>750kg\/hora<\/td><td>85kW\/h<\/td><td>3-4<\/td><\/tr><tr><td>SL-5*12<\/td><td>6000 unidades\/h<\/td><td>480kg\/hora<\/td><td>900kg\/hora<\/td><td>90kW\/h<\/td><td>3-4<\/td><\/tr><tr><td>SL-6*12<\/td><td>8000 unidades\/h<\/td><td>640kg\/hora<\/td><td>1.040 kg\/hora<\/td><td>100kW\/h<\/td><td>3-4<\/td><\/tr><\/tbody><\/table><\/figure>    <h2 class=\"wp-block-heading\"><strong>Tipo 3: Secador de bandeja de ovos de metal<\/strong><\/h2>    <p>O secador de metal \u00e9 um sistema de secagem de bandejas para ovos totalmente automatizado com m\u00faltiplas camadas, dependendo da escala de produ\u00e7\u00e3o. Com base na rela\u00e7\u00e3o custo-benef\u00edcio, recomenda-se que esse tipo de secagem seja utilizado em conjunto com a produ\u00e7\u00e3o em massa para maximizar seus benef\u00edcios. Aguardamos sua consulta!<\/p>   <div class=\"wp-block-image\"> <figure class=\"aligncenter size-full\"><img loading=\"lazy\" decoding=\"async\" width=\"720\" height=\"540\" src=\"https:\/\/www.eggtray.org\/wp-content\/uploads\/2022\/08\/metal-multiple-layer-egg-tray-dryer.webp\" alt=\"secador de bandeja para ovos de m\u00faltiplas camadas de metal\" class=\"wp-image-344\" title=\"\" srcset=\"https:\/\/www.eggtray.org\/wp-content\/uploads\/2022\/08\/metal-multiple-layer-egg-tray-dryer.webp 720w, https:\/\/www.eggtray.org\/wp-content\/uploads\/2022\/08\/metal-multiple-layer-egg-tray-dryer-300x225.webp 300w\" sizes=\"auto, (max-width: 720px) 100vw, 720px\" \/><figcaption class=\"wp-element-caption\">secador de bandeja para ovos de m\u00faltiplas camadas de metal <\/figcaption><\/figure> <\/div>   <h3 class=\"wp-block-heading\"><strong>Destaques do secador de bandeja para ovos<\/strong><\/h3>    <ul class=\"wp-block-list\"> <li>Um alto grau de automa\u00e7\u00e3o. Esse tipo de secagem \u00e9 o mais automatizado dos tr\u00eas, economizando m\u00e3o de obra.<\/li>    <li>G\u00e1s natural, eletricidade, vapor e \u00f3leo combust\u00edvel podem ser usados \u200b\u200bcomo combust\u00edvel para aquecer a m\u00e1quina.<\/li>    <li>Grande \u00e1rea. Como a m\u00e1quina \u00e9 multicamadas, ela cobre uma ampla \u00e1rea.<\/li>    <li>Um alto grau de aplicabilidade. Independentemente do tamanho da escala de produ\u00e7\u00e3o, \u00e9 poss\u00edvel utilizar a secagem multicamadas de metal.<\/li>    <li>Caro. Alto custo da m\u00e1quina e grande investimento no investimento inicial.<\/li> <\/ul>    <h3 class=\"wp-block-heading\"><strong>Especifica\u00e7\u00f5es da m\u00e1quina de bandeja para ovos sugerida<\/strong><\/h3>    <figure class=\"wp-block-table\"><table><tbody><tr><td>Modelo<\/td><td>Capacidade<\/td><td>Consumo de papel<\/td><td>Consumo de \u00e1gua<\/td><td>Energia utilizada<\/td><td>Trabalhador<\/td><\/tr><tr><td>SL-4*4<\/td><td>3000-3500 unidades\/h<\/td><td>280kg\/hora<\/td><td>560kg\/hora<\/td><td>78kW\/h<\/td><td>4-5<\/td><\/tr><tr><td>SL-4*8<\/td><td>4000 unidades\/h<\/td><td>320kg\/hora<\/td><td>600kg\/hora<\/td><td>80kW\/h<\/td><td>5-6<\/td><\/tr><tr><td>SL-5*8<\/td><td>5000 unidades\/h<\/td><td>400kg\/hora<\/td><td>750kg\/hora<\/td><td>85kW\/h<\/td><td>3-4<\/td><\/tr><tr><td>SL-5*12<\/td><td>6000 unidades\/h<\/td><td>480kg\/hora<\/td><td>900kg\/hora<\/td><td>90kW\/h<\/td><td>3-4<\/td><\/tr><tr><td>SL-6*12<\/td><td>8000 unidades\/h<\/td><td>640kg\/hora<\/td><td>1.040 kg\/hora<\/td><td>100kW\/h<\/td><td>3-4<\/td><\/tr><\/tbody><\/table><\/figure>    <h2 class=\"wp-block-heading\" id=\"h-how-to-choose-the-right-drying-method\"><strong>Como escolher o m\u00e9todo de secagem correto?<\/strong><\/h2>    <p>Ao longo de todo o artigo, podemos saber que temos tr\u00eas tipos de m\u00e9todos de secagem, mas como escolher o m\u00e9todo de secagem certo? Voc\u00ea precisa entender os seguintes pontos.<\/p>    <ol class=\"wp-block-list\"> <li>A escala de produ\u00e7\u00e3o. Quantas bandejas de ovos voc\u00ea deseja produzir em uma hora?<\/li>    <li>N\u00edvel de automa\u00e7\u00e3o. Voc\u00ea deseja ser manual, semiautom\u00e1tico ou totalmente autom\u00e1tico, respectivamente, correspondendo aos diferentes m\u00e9todos de secagem.<\/li>    <li>Custo do trabalho. N\u00e3o importa qual m\u00e9todo de secagem seja usado, \u00e9 necess\u00e1ria m\u00e3o de obra. Portanto, o custo da m\u00e3o de obra tamb\u00e9m deve ser considerado.<\/li>    <li>Espa\u00e7o. A secagem em forno de tijolos e a secagem de metal requerem grande espa\u00e7o.<\/li>    <li>Or\u00e7amento. Quanto dinheiro pretende investir para fazer o investimento?<\/li> <\/ol>    <p>Nosso gerente de vendas tamb\u00e9m personalizar\u00e1 uma solu\u00e7\u00e3o razo\u00e1vel para voc\u00ea de acordo com suas necessidades.<\/p>","protected":false},"excerpt":{"rendered":"<p>The egg tray dryer is mainly to dry the wet egg tray. It plays an active role in the process of egg tray manufacturing and production. This step is the machine that enables the buyer to speed up the use of the egg tray. This machine is an indispensable step if you are interested in [&hellip;]<\/p>\n","protected":false},"author":1,"featured_media":336,"parent":0,"template":"","tags":[40,37,38,39],"product-type":[6],"class_list":["post-334","product","type-product","status-publish","has-post-thumbnail","hentry","tag-brick-kilin-drying-method","tag-egg-tray-dryer","tag-egg-tray-drying-system","tag-metal-dryer","product-type-auxiliary-equipment"],"_links":{"self":[{"href":"https:\/\/www.eggtray.org\/pt\/wp-json\/wp\/v2\/product\/334","targetHints":{"allow":["GET"]}}],"collection":[{"href":"https:\/\/www.eggtray.org\/pt\/wp-json\/wp\/v2\/product"}],"about":[{"href":"https:\/\/www.eggtray.org\/pt\/wp-json\/wp\/v2\/types\/product"}],"author":[{"embeddable":true,"href":"https:\/\/www.eggtray.org\/pt\/wp-json\/wp\/v2\/users\/1"}],"wp:featuredmedia":[{"embeddable":true,"href":"https:\/\/www.eggtray.org\/pt\/wp-json\/wp\/v2\/media\/336"}],"wp:attachment":[{"href":"https:\/\/www.eggtray.org\/pt\/wp-json\/wp\/v2\/media?parent=334"}],"wp:term":[{"taxonomy":"post_tag","embeddable":true,"href":"https:\/\/www.eggtray.org\/pt\/wp-json\/wp\/v2\/tags?post=334"},{"taxonomy":"product-type","embeddable":true,"href":"https:\/\/www.eggtray.org\/pt\/wp-json\/wp\/v2\/product-type?post=334"}],"curies":[{"name":"wp","href":"https:\/\/api.w.org\/{rel}","templated":true}]}}