{"id":345,"date":"2022-08-15T07:34:09","date_gmt":"2022-08-15T07:34:09","guid":{"rendered":"https:\/\/www.eggtray.org\/?post_type=product&#038;p=345"},"modified":"2025-10-31T17:31:01","modified_gmt":"2025-10-31T09:31:01","slug":"hot-pressing-machine","status":"publish","type":"product","link":"https:\/\/www.eggtray.org\/pt\/product\/hot-pressing-machine\/","title":{"rendered":"M\u00e1quina de prensagem a quente"},"content":{"rendered":"<p class=\"translation-block\">A m\u00e1quina de prensagem a quente funciona principalmente para prensar a caixa\/caixote de ovos seco para tornar a sua superf\u00edcie plana mais arrumada e bonita. O principal objetivo \u00e9 prensar a quente caixas de papel. Portanto, esta m\u00e1quina \u00e9 maioritariamente utilizada na <a href=\"https:\/\/www.eggtray.org\/pt\/product\/egg-carton-production-line-egg-carton-machine\/\" target=\"_blank\" rel=\"noreferrer noopener\">linha de produ\u00e7\u00e3o de embalagens de ovos<\/a>, geralmente como uma m\u00e1quina auxiliar. Mas \u00e9 realmente uma parte essencial.<\/p>    <h2 class=\"wp-block-heading\"><strong>Aplica\u00e7\u00f5es da m\u00e1quina formadora de caixa de ovos a quente<\/strong><\/h2>    <p class=\"translation-block\">Esta m\u00e1quina de prensagem a quente \u00e9 usada para prensar a quente v\u00e1rios tipos de produtos de caixas. Assim, esta m\u00e1quina pode ser usada para todos os tipos de produtos de caixas. Tais como <a href=\"https:\/\/www.eggtray.org\/pt\/product\/apple-tray-making-machine\/\" target=\"_blank\" rel=\"noreferrer noopener\">bandejas para ma\u00e7\u00e3s<\/a>, <a href=\"https:\/\/www.eggtray.org\/pt\/product\/quail-egg-tray-making-machine\/\" target=\"_blank\" rel=\"noreferrer noopener\">bandejas para ovos de codorniz<\/a>, embalagens de ovos, bandejas para vinho, etc. Desde que o tipo de caixa possa usar esta m\u00e1quina.<\/p>   <div class=\"wp-block-image\"> <figure class=\"aligncenter size-full\"><img loading=\"lazy\" decoding=\"async\" width=\"560\" height=\"400\" src=\"https:\/\/www.eggtray.org\/wp-content\/uploads\/2022\/08\/pulp-paper-trays.webp\" alt=\"bandejas de papel de celulose\" class=\"wp-image-309\" title=\"\" srcset=\"https:\/\/www.eggtray.org\/wp-content\/uploads\/2022\/08\/pulp-paper-trays.webp 560w, https:\/\/www.eggtray.org\/wp-content\/uploads\/2022\/08\/pulp-paper-trays-300x214.webp 300w\" sizes=\"auto, (max-width: 560px) 100vw, 560px\" \/><figcaption>bandejas de papel de celulose<\/figcaption><\/figure> <\/div>   <h2 class=\"wp-block-heading\"><strong>Benef\u00edcios de usar a m\u00e1quina de prensagem a quente<\/strong><\/h2>    <ol class=\"wp-block-list\"><li>As caixas de ovos s\u00e3o mais bonitas e arrumadas. A apar\u00eancia da caixa de ovos ap\u00f3s a prensagem a quente fica mais atraente.<\/li><li>Aumento das vendas. Quer sejam vendidos sozinhos ou junto com os ovos, s\u00e3o mais atrativos.<\/li><li><a href=\"https:\/\/www.eggtray.org\/pt\/product\/egg-carton-production-line-egg-carton-machine\/\" target=\"_blank\" rel=\"noreferrer noopener\">Linha completa de fabrica\u00e7\u00e3o de caixas de ovos<\/a>. \u00c9 necess\u00e1rio utilizar prensa quente para caixas.<\/li><\/ol>   <div class=\"wp-block-image\"> <figure class=\"aligncenter size-full\"><img loading=\"lazy\" decoding=\"async\" width=\"720\" height=\"540\" src=\"https:\/\/www.eggtray.org\/wp-content\/uploads\/2022\/08\/hot-press-shaping-machine.webp\" alt=\"m\u00e1quina de moldagem por prensa quente\" class=\"wp-image-241\" title=\"\" srcset=\"https:\/\/www.eggtray.org\/wp-content\/uploads\/2022\/08\/hot-press-shaping-machine.webp 720w, https:\/\/www.eggtray.org\/wp-content\/uploads\/2022\/08\/hot-press-shaping-machine-300x225.webp 300w\" sizes=\"auto, (max-width: 720px) 100vw, 720px\" \/><figcaption>m\u00e1quina de moldagem por prensa quente<\/figcaption><\/figure> <\/div>   <h2 class=\"wp-block-heading\" id=\"h-why-choose-shuliy-machinery\"><strong>Por que escolher a maquinaria Shuliy?<\/strong><\/h2>    <p class=\"translation-block\">Existem tantas empresas no mercado, porqu\u00ea escolher a Shuliy Machinery como seu <a href=\"https:\/\/en.wikipedia.org\/wiki\/Manufacturing\" target=\"_blank\" rel=\"noreferrer noopener\">fornecedor<\/a>? Existem os seguintes pontos para sua considera\u00e7\u00e3o.<\/p>    <ul class=\"wp-block-list\"><li>M\u00e1quinas completas. Devido \u00e0 fabrica\u00e7\u00e3o e comercializa\u00e7\u00e3o integradas, temos muitos tipos de m\u00e1quinas de bandejas para ovos relevantes. Tais como o <a href=\"https:\/\/www.eggtray.org\/pt\/product\/egg-tray-dryer\/\" target=\"_blank\" rel=\"noreferrer noopener\">m\u00e1quina de secar bandeja de ovos<\/a>, <a href=\"https:\/\/www.eggtray.org\/pt\/product\/egg-carton-making-machine\/\" target=\"_blank\" rel=\"noreferrer noopener\">m\u00e1quina de fazer caixa de ovo<\/a>, m\u00e1quina para fazer celulose, m\u00e1quina de prensagem a quente, enfardadeira, etc. Voc\u00ea pode comprar o que quiser de uma vez. <\/li><li>Servi\u00e7o profissional. Sendo o principal fabricante e fornecedor, temos conhecimento e atitude profissional para oferecer as melhores solu\u00e7\u00f5es.<\/li><li>Excelente servi\u00e7o p\u00f3s-venda. Tamb\u00e9m oferecemos um excelente servi\u00e7o p\u00f3s-venda para ajudar os clientes a obter os melhores servi\u00e7os.<\/li><\/ul>   <div class=\"wp-block-image\"> <figure class=\"aligncenter size-full\"><img loading=\"lazy\" decoding=\"async\" width=\"720\" height=\"540\" src=\"https:\/\/www.eggtray.org\/wp-content\/uploads\/2022\/08\/working-scene-of-the-hot-pressing-machine.webp\" alt=\"cena de trabalho da m\u00e1quina de prensagem a quente\" class=\"wp-image-386\" title=\"\" srcset=\"https:\/\/www.eggtray.org\/wp-content\/uploads\/2022\/08\/working-scene-of-the-hot-pressing-machine.webp 720w, https:\/\/www.eggtray.org\/wp-content\/uploads\/2022\/08\/working-scene-of-the-hot-pressing-machine-300x225.webp 300w\" sizes=\"auto, (max-width: 720px) 100vw, 720px\" \/><figcaption>cena de trabalho da m\u00e1quina de prensagem a quente<\/figcaption><\/figure> <\/div>   <h2 class=\"wp-block-heading\" id=\"h-technical-parameters-of-the-hot-press-shaping-machine-for-the-egg-carton\"><strong>Par\u00e2metros t\u00e9cnicos da moldagem por prensagem a quente<\/strong> <strong>m\u00e1quina para caixa de ovos<\/strong><\/h2>    <figure class=\"wp-block-table\"><table><tbody><tr><td>Nome da maquina<\/td><td>M\u00e1quina de prensagem a quente<\/td><\/tr><tr><td>Dimens\u00e3o<\/td><td>1200*800*1800mm<\/td><\/tr><tr><td>Press\u00e3o no trabalho<\/td><td>15 toneladas<\/td><\/tr><tr><td>Poder<\/td><td>6,5kW<\/td><\/tr><tr><td>Temperatura de trabalho<\/td><td>160 ~ 200 \u2103<\/td><\/tr><tr><td>Tempo de ciclo de trabalho<\/td><td>6-10 segundos<\/td><\/tr><tr><td>Ar comprimido necess\u00e1rio<\/td><td>0,5~0,6MPa, 1M3\/min;<\/td><\/tr><tr><td>Ao controle<\/td><td>Controle CLP<\/td><\/tr><\/tbody><\/table><\/figure>","protected":false},"excerpt":{"rendered":"<p>The hot pressing machine mainly functions to press the dried carton\/crate to make its flat surface more neat and beautiful. The main purpose is to heat press paper boxes. Therefore, this machine is mostly used in the egg carton manufacturing production line, usually as an auxiliary machine. But it is really an essential part. Applications [&hellip;]<\/p>\n","protected":false},"author":1,"featured_media":348,"parent":0,"template":"","tags":[42,20,43,41,13],"product-type":[6],"class_list":["post-345","product","type-product","status-publish","has-post-thumbnail","hentry","tag-egg-carton-press-machine","tag-egg-carton-production-line","tag-egg-crate-hot-press","tag-hot-press","tag-hot-pressing-machine","product-type-auxiliary-equipment"],"_links":{"self":[{"href":"https:\/\/www.eggtray.org\/pt\/wp-json\/wp\/v2\/product\/345","targetHints":{"allow":["GET"]}}],"collection":[{"href":"https:\/\/www.eggtray.org\/pt\/wp-json\/wp\/v2\/product"}],"about":[{"href":"https:\/\/www.eggtray.org\/pt\/wp-json\/wp\/v2\/types\/product"}],"author":[{"embeddable":true,"href":"https:\/\/www.eggtray.org\/pt\/wp-json\/wp\/v2\/users\/1"}],"wp:featuredmedia":[{"embeddable":true,"href":"https:\/\/www.eggtray.org\/pt\/wp-json\/wp\/v2\/media\/348"}],"wp:attachment":[{"href":"https:\/\/www.eggtray.org\/pt\/wp-json\/wp\/v2\/media?parent=345"}],"wp:term":[{"taxonomy":"post_tag","embeddable":true,"href":"https:\/\/www.eggtray.org\/pt\/wp-json\/wp\/v2\/tags?post=345"},{"taxonomy":"product-type","embeddable":true,"href":"https:\/\/www.eggtray.org\/pt\/wp-json\/wp\/v2\/product-type?post=345"}],"curies":[{"name":"wp","href":"https:\/\/api.w.org\/{rel}","templated":true}]}}