{"id":353,"date":"2022-08-15T08:58:14","date_gmt":"2022-08-15T08:58:14","guid":{"rendered":"https:\/\/www.eggtray.org\/?post_type=product&#038;p=353"},"modified":"2025-10-31T17:28:49","modified_gmt":"2025-10-31T09:28:49","slug":"egg-tray-packing-machine","status":"publish","type":"product","link":"https:\/\/www.eggtray.org\/pt\/product\/egg-tray-packing-machine\/","title":{"rendered":"M\u00e1quina de embalagem de bandeja de ovos"},"content":{"rendered":"<p class=\"translation-block\">Esta m\u00e1quina de embalagem de tabuleiros de ovos \u00e9 usada principalmente na \u00faltima etapa da <a href=\"https:\/\/www.eggtray.org\/pt\/products\/production-line\/\" target=\"_blank\" rel=\"noreferrer noopener\">linha completa de produ\u00e7\u00e3o de tabuleiros de papel<\/a>, para enfardar v\u00e1rios tabuleiros de papel. Ap\u00f3s a embalagem, os tabuleiros ficam mais arrumados. Isto \u00e9 necess\u00e1rio para armazenamento e transporte. Para armazenamento, pode poupar espa\u00e7o e armazenar mais tabuleiros de ovos. Para <a href=\"https:\/\/en.wikipedia.org\/wiki\/Transport\" target=\"_blank\" rel=\"noreferrer noopener\">transporte<\/a>, \u00e9 poss\u00edvel realizar um melhor transporte.<\/p>    <h2 class=\"wp-block-heading\"><strong>Aplica\u00e7\u00f5es da enfardadeira de bandeja para ovos<\/strong><\/h2>    <p class=\"translation-block\">Esta m\u00e1quina de embalagem de tabuleiros de ovos \u00e9 usada como uma m\u00e1quina auxiliar na linha de produ\u00e7\u00e3o de tabuleiros de ovos. \u00c9 usada para embalar v\u00e1rios tabuleiros ap\u00f3s a secagem. Principalmente embalagem autom\u00e1tica. Os tabuleiros que podem ser embalados s\u00e3o <a href=\"https:\/\/www.eggtray.org\/pt\/product\/egg-tray-making-machine\/\" target=\"_blank\" rel=\"noreferrer noopener\">tabuleiros de ovos<\/a>, tabuleiros de ma\u00e7\u00e3, tabuleiros de vinho, tabuleiros de viveiro, tabuleiros m\u00e9dicos, <a href=\"https:\/\/www.eggtray.org\/pt\/product\/quail-egg-tray-making-machine\/\" target=\"_blank\" rel=\"noreferrer noopener\">tabuleiros de ovos de codorniz<\/a>, etc. N\u00e3o hesite em contactar-nos para mais informa\u00e7\u00f5es.<\/p>   <div class=\"wp-block-image\"> <figure class=\"aligncenter size-full\"><img loading=\"lazy\" decoding=\"async\" width=\"720\" height=\"540\" src=\"https:\/\/www.eggtray.org\/wp-content\/uploads\/2022\/08\/packed-egg-trays.webp\" alt=\"bandejas de ovos embaladas \" class=\"wp-image-385\" title=\"\" srcset=\"https:\/\/www.eggtray.org\/wp-content\/uploads\/2022\/08\/packed-egg-trays.webp 720w, https:\/\/www.eggtray.org\/wp-content\/uploads\/2022\/08\/packed-egg-trays-300x225.webp 300w\" sizes=\"auto, (max-width: 720px) 100vw, 720px\" \/><figcaption>bandejas de ovos embaladas <\/figcaption><\/figure> <\/div>   <h2 class=\"wp-block-heading\"><strong>Vantagens de usar a embaladora para bandejas de papel<\/strong><\/h2>    <ol class=\"wp-block-list\"><li>Uma linha completa de produ\u00e7\u00e3o de bandejas para ovos. Toda a linha \u00e9 completa e tem produ\u00e7\u00e3o r\u00e1pida. Melhora muito a produ\u00e7\u00e3o.<\/li><li>Economize espa\u00e7o de armazenamento e transporte. Devido ao empilhamento, as bandejas de papel ocupam menos espa\u00e7o e voc\u00ea pode armazenar e entregar mais.<\/li><li>Alta automa\u00e7\u00e3o. Na linha de produ\u00e7\u00e3o, desde <a href=\"https:\/\/www.eggtray.org\/pt\/product\/paper-pulping-machine\/\" target=\"_blank\" rel=\"noreferrer noopener\">polpa\u00e7\u00e3o<\/a>, conforma\u00e7\u00e3o, secagem e prensagem a quente para enfardamento, atinge um alto grau de automa\u00e7\u00e3o.<\/li><\/ol>    <figure class=\"wp-block-gallery aligncenter has-nested-images columns-default is-cropped wp-block-gallery-2 is-layout-flex wp-block-gallery-is-layout-flex\"> <figure class=\"wp-block-image size-large\"><img loading=\"lazy\" decoding=\"async\" width=\"540\" height=\"720\" data-id=\"383\" src=\"https:\/\/www.eggtray.org\/wp-content\/uploads\/2022\/08\/automatic-egg-tray-baling-machine.webp\" alt=\"enfardadeira autom\u00e1tica de bandeja para ovos\" class=\"wp-image-383\" title=\"\" srcset=\"https:\/\/www.eggtray.org\/wp-content\/uploads\/2022\/08\/automatic-egg-tray-baling-machine.webp 540w, https:\/\/www.eggtray.org\/wp-content\/uploads\/2022\/08\/automatic-egg-tray-baling-machine-225x300.webp 225w\" sizes=\"auto, (max-width: 540px) 100vw, 540px\" \/><figcaption>M\u00e1quina enfardadeira autom\u00e1tica de bandejas para ovos<\/figcaption><\/figure>    <figure class=\"wp-block-image size-large\"><img loading=\"lazy\" decoding=\"async\" width=\"540\" height=\"720\" data-id=\"384\" src=\"https:\/\/www.eggtray.org\/wp-content\/uploads\/2022\/08\/baling-machine-for-egg-trays.webp\" alt=\"enfardadeira para bandejas de ovos\" class=\"wp-image-384\" title=\"\" srcset=\"https:\/\/www.eggtray.org\/wp-content\/uploads\/2022\/08\/baling-machine-for-egg-trays.webp 540w, https:\/\/www.eggtray.org\/wp-content\/uploads\/2022\/08\/baling-machine-for-egg-trays-225x300.webp 225w\" sizes=\"auto, (max-width: 540px) 100vw, 540px\" \/><figcaption>M\u00e1quina enfardadeira para bandejas de ovos<\/figcaption><\/figure> <\/figure>    <h2 class=\"wp-block-heading\"><strong>Servi\u00e7os oferecidos pela Shuliy Machinery<\/strong><\/h2>    <ol class=\"wp-block-list\"><li>Costumiza\u00e7\u00e3o. N\u00e3o apenas a m\u00e1quina embaladora de bandejas para ovos, mas tamb\u00e9m a m\u00e1quina para fazer bandejas para ovos pode ser personalizada.<\/li><li>Servi\u00e7o p\u00f3s-venda. Depois de receber as m\u00e1quinas relevantes, o servi\u00e7o p\u00f3s-venda tamb\u00e9m \u00e9 importante. Pode ajudar os clientes a usar a m\u00e1quina rapidamente e obter seus interesses.<\/li><li>Servi\u00e7o o dia todo. N\u00e3o importa a hora do dia, voc\u00ea sempre pode entrar em contato conosco na primeira oportunidade.<\/li><li>V\u00e1rios tipos de m\u00e1quinas. N\u00e3o importa que tipo de m\u00e1quina voc\u00ea queira comprar, podemos escolh\u00ea-la para voc\u00ea na primeira vez.<\/li><\/ol>    <h2 class=\"wp-block-heading\" id=\"h-specifications-of-the-egg-tray-packing-machine\"><strong>Especifica\u00e7\u00f5es da m\u00e1quina de embalagem de bandeja para ovos<\/strong><\/h2>    <figure class=\"wp-block-table\"><table><tbody><tr><td>Nome da maquina<\/td><td>Enfardadeira para bandeja de ovos<\/td><\/tr><tr><td>Fonte de energia<\/td><td>Pneum\u00e1tico<\/td><\/tr><tr><td>Tipo de automa\u00e7\u00e3o<\/td><td>Automa\u00e7\u00e3o<\/td><\/tr><tr><td>Cor da m\u00e1quina<\/td><td>Costumiza\u00e7\u00e3o<\/td><\/tr><tr><td>Formul\u00e1rios<\/td><td>V\u00e1rias bandejas de papel, como bandejas para ovos, bandejas para ma\u00e7\u00e3s, bandejas para ovos de codorna, etc.<\/td><\/tr><tr><td>Fun\u00e7\u00f5es<\/td><td>Pacote<\/td><\/tr><\/tbody><\/table><\/figure>","protected":false},"excerpt":{"rendered":"<p>This egg tray packing machine is mainly used for the last step of the complete paper tray production line, for baling various paper trays. After packing, the trays are more neatly. This is necessary for storage and transportation. For storage, it can save space and store more egg trays. For transportation, it is possible to [&hellip;]<\/p>\n","protected":false},"author":1,"featured_media":355,"parent":0,"template":"","tags":[10,44,45],"product-type":[6],"class_list":["post-353","product","type-product","status-publish","has-post-thumbnail","hentry","tag-egg-tray-machine","tag-egg-tray-packing-machine","tag-egg-tray-stacker","product-type-auxiliary-equipment"],"_links":{"self":[{"href":"https:\/\/www.eggtray.org\/pt\/wp-json\/wp\/v2\/product\/353","targetHints":{"allow":["GET"]}}],"collection":[{"href":"https:\/\/www.eggtray.org\/pt\/wp-json\/wp\/v2\/product"}],"about":[{"href":"https:\/\/www.eggtray.org\/pt\/wp-json\/wp\/v2\/types\/product"}],"author":[{"embeddable":true,"href":"https:\/\/www.eggtray.org\/pt\/wp-json\/wp\/v2\/users\/1"}],"wp:featuredmedia":[{"embeddable":true,"href":"https:\/\/www.eggtray.org\/pt\/wp-json\/wp\/v2\/media\/355"}],"wp:attachment":[{"href":"https:\/\/www.eggtray.org\/pt\/wp-json\/wp\/v2\/media?parent=353"}],"wp:term":[{"taxonomy":"post_tag","embeddable":true,"href":"https:\/\/www.eggtray.org\/pt\/wp-json\/wp\/v2\/tags?post=353"},{"taxonomy":"product-type","embeddable":true,"href":"https:\/\/www.eggtray.org\/pt\/wp-json\/wp\/v2\/product-type?post=353"}],"curies":[{"name":"wp","href":"https:\/\/api.w.org\/{rel}","templated":true}]}}