{"id":488,"date":"2022-11-09T13:46:00","date_gmt":"2022-11-09T05:46:00","guid":{"rendered":"https:\/\/www.eggtray.org\/?post_type=product&#038;p=488"},"modified":"2025-10-30T13:45:15","modified_gmt":"2025-10-30T05:45:15","slug":"1000pcs-h-egg-tray-forming-machine","status":"publish","type":"product","link":"https:\/\/www.eggtray.org\/pt\/product\/1000pcs-h-egg-tray-forming-machine\/","title":{"rendered":"Ovo 1000PCS\/H Tray Forming Machine"},"content":{"rendered":"<p class=\"translation-block\">Esta <strong>m\u00e1quina formadora de caixas de ovos<\/strong> \u00e9 uma m\u00e1quina rec\u00edproca pequena de caixas de ovos que produz 1000 pe\u00e7as por hora, o que torna a m\u00e1quina ideal para pequenas f\u00e1bricas e startups.\u00aa <\/p>    <p>No futuro, se voc\u00ea quiser expandir sua produ\u00e7\u00e3o, poder\u00e1 adquirir outra m\u00e1quina de fazer bandejas para ovos em grande escala. <\/p>    <p>Se voc\u00ea tiver alguma necessidade, n\u00e3o hesite em nos contatar e nossa equipe de profissionais lhe fornecer\u00e1 a solu\u00e7\u00e3o de neg\u00f3cios ideal.<\/p>    <figure class=\"wp-block-embed is-type-video is-provider-youtube wp-block-embed-youtube wp-embed-aspect-16-9 wp-has-aspect-ratio\"><div class=\"wp-block-embed__wrapper\"> <iframe loading=\"lazy\" title=\"Iniciando seu neg\u00f3cio de embalagem de ovos da maneira certa: teste de inicializa\u00e7\u00e3o e opera\u00e7\u00e3o de m\u00e1quina de bandeja para ovos em pequena escala\" width=\"500\" height=\"281\" src=\"https:\/\/www.youtube.com\/embed\/6pk53GNZnV0?feature=oembed\" frameborder=\"0\" allow=\"accelerometer; autoplay; clipboard-write; encrypted-media; gyroscope; picture-in-picture; web-share\" referrerpolicy=\"strict-origin-when-cross-origin\" allowfullscreen><\/iframe> <\/div><figcaption class=\"wp-element-caption\">pequena m\u00e1quina de fazer bandejas de ovos para empresas iniciantes<\/figcaption><\/figure>    <h2 class=\"wp-block-heading\"><strong>Bandejas de papel que podem ser produzidas de acordo com suas necessidades<\/strong><\/h2>    <p class=\"translation-block\">A m\u00e1quina formadora de caixas de ovos Shuliy 1000pcs\/h pode produzir todos os tipos de bandejas, incluindo, mas n\u00e3o se limitando a, <strong>caixas de ovos, embalagens de ovos, bandejas de frutas, bandejas para ch\u00e1venas de caf\u00e9, bandejas para sapatos, bandejas de viveiro, bandejas para ta\u00e7as, bandejas m\u00e9dicas, bandejas para vinho, embalagens para almo\u00e7o, bandejas personalizadas<\/strong> e mais. <\/p>    <p>\u00c9 importante observar que nossa m\u00e1quina de bandejas para ovos pode produzir todos os tipos de bandejas e tamb\u00e9m personalizar bandejas para atender \u00e0s suas necessidades.<\/p>   <div class=\"wp-block-image\"> <figure class=\"aligncenter size-full\"><img loading=\"lazy\" decoding=\"async\" width=\"720\" height=\"540\" src=\"https:\/\/www.eggtray.org\/wp-content\/uploads\/2022\/11\/paper-trays.webp\" alt=\"bandejas de papel\" class=\"wp-image-497\" title=\"\" srcset=\"https:\/\/www.eggtray.org\/wp-content\/uploads\/2022\/11\/paper-trays.webp 720w, https:\/\/www.eggtray.org\/wp-content\/uploads\/2022\/11\/paper-trays-300x225.webp 300w\" sizes=\"auto, (max-width: 720px) 100vw, 720px\" \/><figcaption class=\"wp-element-caption\">bandejas de papel<\/figcaption><\/figure> <\/div>   <h2 class=\"wp-block-heading\"><strong>Moldes aplicados \u00e0 m\u00e1quina formadora de bandeja para ovos 1000pcs\/h<\/strong><\/h2>    <p>Como um fabricante e fornecedor profissional de m\u00e1quinas de bandejas para ovos, nossos moldes para m\u00e1quinas de bandejas para ovos podem ser feitos de diferentes materiais. <\/p>    <p>Temos moldes em alum\u00ednio e pl\u00e1stico. O formato do molde \u00e9 determinado pelo formato da bandeja de ovos que voc\u00ea deseja produzir. <\/p>    <p>Assim, voc\u00ea pode nos dizer o tamanho da sua bandeja para ovos e n\u00f3s personalizaremos os moldes de acordo com o tamanho da bandeja para ovos.<\/p>    <figure class=\"wp-block-gallery aligncenter has-nested-images columns-default is-cropped wp-block-gallery-2 is-layout-flex wp-block-gallery-is-layout-flex\"> <figure class=\"wp-block-image size-full\"><img loading=\"lazy\" decoding=\"async\" width=\"720\" height=\"540\" data-id=\"378\" src=\"https:\/\/www.eggtray.org\/wp-content\/uploads\/2022\/08\/different-paper-tray-molds.webp\" alt=\"moldes de bandeja de papel diferentes\" class=\"wp-image-378\" title=\"\" srcset=\"https:\/\/www.eggtray.org\/wp-content\/uploads\/2022\/08\/different-paper-tray-molds.webp 720w, https:\/\/www.eggtray.org\/wp-content\/uploads\/2022\/08\/different-paper-tray-molds-300x225.webp 300w\" sizes=\"auto, (max-width: 720px) 100vw, 720px\" \/><figcaption class=\"wp-element-caption\">Diferentes moldes de bandeja de papel<\/figcaption><\/figure>    <figure class=\"wp-block-image size-full\"><img loading=\"lazy\" decoding=\"async\" width=\"720\" height=\"540\" data-id=\"310\" src=\"https:\/\/www.eggtray.org\/wp-content\/uploads\/2022\/08\/molds.webp\" alt=\"moldes\" class=\"wp-image-310\" title=\"\" srcset=\"https:\/\/www.eggtray.org\/wp-content\/uploads\/2022\/08\/molds.webp 720w, https:\/\/www.eggtray.org\/wp-content\/uploads\/2022\/08\/molds-300x225.webp 300w\" sizes=\"auto, (max-width: 720px) 100vw, 720px\" \/><figcaption class=\"wp-element-caption\">Bolores<\/figcaption><\/figure>    <figure class=\"wp-block-image size-full\"><img loading=\"lazy\" decoding=\"async\" width=\"720\" height=\"540\" data-id=\"311\" src=\"https:\/\/www.eggtray.org\/wp-content\/uploads\/2022\/08\/molding-shape.webp\" alt=\"forma de moldagem\" class=\"wp-image-311\" title=\"\" srcset=\"https:\/\/www.eggtray.org\/wp-content\/uploads\/2022\/08\/molding-shape.webp 720w, https:\/\/www.eggtray.org\/wp-content\/uploads\/2022\/08\/molding-shape-300x225.webp 300w\" sizes=\"auto, (max-width: 720px) 100vw, 720px\" \/><figcaption class=\"wp-element-caption\">Forma de moldagem<\/figcaption><\/figure> <\/figure>    <h2 class=\"wp-block-heading\"><strong>Por que escolher a m\u00e1quina formadora de bandeja para ovos Shuliy 1000pcs \/ h?<\/strong><\/h2>    <ul class=\"wp-block-list\"> <li><strong>A vantagem de pre\u00e7o da m\u00e1quina<\/strong>. Como Shuliy \u00e9 uma empresa de produ\u00e7\u00e3o e vendas, o pre\u00e7o da m\u00e1quina \u00e9 o pre\u00e7o de f\u00e1brica, em compara\u00e7\u00e3o com outros vendedores, a m\u00e1quina de moldagem de bandeja para ovos Shuliy tem uma vantagem de pre\u00e7o mais \u00f3bvia.<\/li>    <li><strong>Exporta\u00e7\u00f5es frequentes<\/strong>. A m\u00e1quina de bandeja para ovos Shuliy \u00e9 de boa qualidade e \u00e9 muito popular entre clientes estrangeiros e muitas vezes \u00e9 exportada para pa\u00edses como <strong>Camar\u00f5es, Ar\u00e1bia Saudita, Z\u00e2mbia e Nig\u00e9ria<\/strong>.<\/li>    <li><strong>Servi\u00e7o atencioso. <\/strong>N\u00e3o importa a que horas os clientes fa\u00e7am v\u00e1rias perguntas, nossa equipe responder\u00e1 imediatamente quando as lerem e responder\u00e1 aos clientes prontamente, e tamb\u00e9m poder\u00e1 resolver o problema de forma eficaz.<\/li>    <li><strong>Capacidade diversificada da m\u00e1quina<\/strong>. Nossa m\u00e1quina formadora de bandeja para ovos n\u00e3o \u00e9 apenas 1000 unidades \/ h, mas tamb\u00e9m 1000-1500 unidades \/ h, 2.000 unidades \/ h, at\u00e9 8.000 unidades \/ h, n\u00e3o importa o tipo de capacidade que voc\u00ea deseja, nossas m\u00e1quinas podem satisfaz\u00ea-lo.<\/li> <\/ul>   <div class=\"wp-block-image\"> <figure class=\"aligncenter size-full\"><img loading=\"lazy\" decoding=\"async\" width=\"720\" height=\"540\" src=\"https:\/\/www.eggtray.org\/wp-content\/uploads\/2024\/01\/well-designed-paper-egg-carton-making-machine.webp\" alt=\"m\u00e1quina de fazer caixa de ovos de papel bem projetada\" class=\"wp-image-959\" title=\"\" srcset=\"https:\/\/www.eggtray.org\/wp-content\/uploads\/2024\/01\/well-designed-paper-egg-carton-making-machine.webp 720w, https:\/\/www.eggtray.org\/wp-content\/uploads\/2024\/01\/well-designed-paper-egg-carton-making-machine-300x225.webp 300w\" sizes=\"auto, (max-width: 720px) 100vw, 720px\" \/><figcaption class=\"wp-element-caption\">m\u00e1quina de fazer caixa de ovos de papel bem projetada<\/figcaption><\/figure> <\/div>   <h2 class=\"wp-block-heading\"><strong>Equipamento auxiliar para m\u00e1quina formadora de bandeja para ovos de papel completa <\/strong><\/h2>    <p class=\"translation-block\">Para esta m\u00e1quina de caixas de ovos de 1000pcs\/h, muitas m\u00e1quinas e equipamentos est\u00e3o inclu\u00eddos para formar uma <a href=\"https:\/\/www.eggtray.org\/pt\/product\/egg-tray-production-line-egg-tray-machine\/\">linha de produ\u00e7\u00e3o de caixas de ovos<\/a> completa. <\/p>    <p>Existem o despolpador hidr\u00e1ulico, a bomba de v\u00e1cuo, o compressor de ar, a enfardadeira de bandejas para ovos e o secador tradicional.<\/p>   <div class=\"wp-block-image\"> <figure class=\"aligncenter size-full\"><img loading=\"lazy\" decoding=\"async\" width=\"720\" height=\"540\" src=\"https:\/\/www.eggtray.org\/wp-content\/uploads\/2022\/11\/matching-equipment-for-1000pcs-egg-tray-forming-machine.webp\" alt=\"equipamento correspondente para m\u00e1quina formadora de bandeja de ovos 1000pcs \/ h\" class=\"wp-image-509\" title=\"\" srcset=\"https:\/\/www.eggtray.org\/wp-content\/uploads\/2022\/11\/matching-equipment-for-1000pcs-egg-tray-forming-machine.webp 720w, https:\/\/www.eggtray.org\/wp-content\/uploads\/2022\/11\/matching-equipment-for-1000pcs-egg-tray-forming-machine-300x225.webp 300w\" sizes=\"auto, (max-width: 720px) 100vw, 720px\" \/><figcaption class=\"wp-element-caption\">equipamento correspondente para m\u00e1quina formadora de bandeja de ovos 1000pcs \/ h<\/figcaption><\/figure> <\/div>   <h2 class=\"wp-block-heading\"><strong>Projetos de m\u00e1quina formadora de bandeja para ovos Shuliy 1000pcs \/ h<\/strong><\/h2>    <p>A m\u00e1quina formadora de bandeja para ovos Shuliy 1000pcs \/ h \u00e9 um equipamento de venda quente para iniciantes, investidores ou empres\u00e1rios de pequena escala. <\/p>    <p class=\"translation-block\">Este tipo de m\u00e1quina de moldagem de caixas de ovos foi vendido para mais de 80 pa\u00edses, incluindo <strong>Z\u00e2mbia, Camar\u00f5es, Ar\u00e1bia Saudita, Nig\u00e9ria, Mali, Sud\u00e3o, Gana, Arg\u00e9lia<\/strong>, etc. <\/p>    <p>Se voc\u00ea estiver interessado nesta m\u00e1quina, entre em contato conosco!<\/p>    <figure class=\"wp-block-gallery aligncenter has-nested-images columns-default is-cropped wp-block-gallery-3 is-layout-flex wp-block-gallery-is-layout-flex\"> <figure class=\"wp-block-image size-full\"><img loading=\"lazy\" decoding=\"async\" width=\"720\" height=\"540\" data-id=\"507\" src=\"https:\/\/www.eggtray.org\/wp-content\/uploads\/2022\/11\/reciprocating-egg-tray-forming-machine.webp\" alt=\"m\u00e1quina formadora de bandeja de ovos alternativa\" class=\"wp-image-507\" title=\"\" srcset=\"https:\/\/www.eggtray.org\/wp-content\/uploads\/2022\/11\/reciprocating-egg-tray-forming-machine.webp 720w, https:\/\/www.eggtray.org\/wp-content\/uploads\/2022\/11\/reciprocating-egg-tray-forming-machine-300x225.webp 300w\" sizes=\"auto, (max-width: 720px) 100vw, 720px\" \/><figcaption class=\"wp-element-caption\">M\u00e1quina formadora de bandeja alternativa para ovos<\/figcaption><\/figure>    <figure class=\"wp-block-image size-full\"><img loading=\"lazy\" decoding=\"async\" width=\"720\" height=\"540\" data-id=\"506\" src=\"https:\/\/www.eggtray.org\/wp-content\/uploads\/2022\/11\/reciprocating-egg-tray-forming-machine-sold-to-Zambia.webp\" alt=\"M\u00e1quina formadora de bandeja de ovos alternativa vendida para a Z\u00e2mbia\" class=\"wp-image-506\" title=\"\" srcset=\"https:\/\/www.eggtray.org\/wp-content\/uploads\/2022\/11\/reciprocating-egg-tray-forming-machine-sold-to-Zambia.webp 720w, https:\/\/www.eggtray.org\/wp-content\/uploads\/2022\/11\/reciprocating-egg-tray-forming-machine-sold-to-Zambia-300x225.webp 300w\" sizes=\"auto, (max-width: 720px) 100vw, 720px\" \/><figcaption class=\"wp-element-caption\">M\u00e1quina formadora de bandeja alternativa para ovos vendida para a Z\u00e2mbia<\/figcaption><\/figure> <\/figure>    <h2 class=\"wp-block-heading\"><strong>Par\u00e2metros da m\u00e1quina de fazer bandeja de ovos 1000pcs\/h<\/strong><\/h2>    <p>Na tabela abaixo, voc\u00ea pode entender facilmente as informa\u00e7\u00f5es b\u00e1sicas da m\u00e1quina formadora de bandejas para ovos SL-3 * 1A, ou seja, a m\u00e1quina formadora de bandejas para ovos 1000pcs \/ h. <\/p>    <figure class=\"wp-block-table\"><table><tbody><tr><td>Modelo<\/td><td>SL-3*1A<\/td><\/tr><tr><td>Tens\u00e3o<\/td><td>220v\/380v\/50hz<\/td><\/tr><tr><td>Poder<\/td><td>2,2 kW<\/td><\/tr><tr><td>Capacidade<\/td><td>1000 unidades\/h<\/td><\/tr><tr><td>Tamanho do modelo<\/td><td>1,23m*0,4m<\/td><\/tr><tr><td>Velocidade de opera\u00e7\u00e3o<\/td><td>6 vezes\/min<\/td><\/tr><tr><td>Tamanho<\/td><td>1,7*1*2m<\/td><\/tr><\/tbody><\/table><figcaption class=\"wp-element-caption\">especifica\u00e7\u00f5es da pequena m\u00e1quina para fazer bandejas para ovos<\/figcaption><\/figure>    <p class=\"translation-block\">Se pretender saber mais sobre esta m\u00e1quina, diga-nos os seus requisitos, como a bandeja de papel (como <a href=\"https:\/\/en.wikipedia.org\/wiki\/Egg_carton\" target=\"_blank\" rel=\"noopener\">embalagem de ovos<\/a>) que pretende produzir, o material do molde que pretende, o seu or\u00e7amento, etc., e o nosso gerente de vendas fornecer\u00e1 a melhor solu\u00e7\u00e3o para atender \u00e0s suas necessidades.<\/p>    <figure class=\"wp-block-gallery has-nested-images columns-default is-cropped wp-block-gallery-4 is-layout-flex wp-block-gallery-is-layout-flex\"> <figure class=\"wp-block-image size-large\"><img loading=\"lazy\" decoding=\"async\" width=\"720\" height=\"540\" data-id=\"945\" src=\"https:\/\/www.eggtray.org\/wp-content\/uploads\/2023\/12\/manual-egg-tray-making-machine.webp\" alt=\"m\u00e1quina manual de fazer bandeja para ovos\" class=\"wp-image-945\" title=\"\" srcset=\"https:\/\/www.eggtray.org\/wp-content\/uploads\/2023\/12\/manual-egg-tray-making-machine.webp 720w, https:\/\/www.eggtray.org\/wp-content\/uploads\/2023\/12\/manual-egg-tray-making-machine-300x225.webp 300w\" sizes=\"auto, (max-width: 720px) 100vw, 720px\" \/><figcaption class=\"wp-element-caption\">M\u00e1quina manual para fazer bandejas para ovos<\/figcaption><\/figure>    <figure class=\"wp-block-image size-large\"><img loading=\"lazy\" decoding=\"async\" width=\"720\" height=\"540\" data-id=\"322\" src=\"https:\/\/www.eggtray.org\/wp-content\/uploads\/2022\/08\/paper-tray-machine-manufacturer.webp\" alt=\"fabricante de m\u00e1quina de bandeja de papel\" class=\"wp-image-322\" title=\"\" srcset=\"https:\/\/www.eggtray.org\/wp-content\/uploads\/2022\/08\/paper-tray-machine-manufacturer.webp 720w, https:\/\/www.eggtray.org\/wp-content\/uploads\/2022\/08\/paper-tray-machine-manufacturer-300x225.webp 300w\" sizes=\"auto, (max-width: 720px) 100vw, 720px\" \/><figcaption class=\"wp-element-caption\">Fabricante de m\u00e1quina de bandeja de papel<\/figcaption><\/figure> <\/figure>    <h2 class=\"wp-block-heading\"><strong>V\u00eddeo de feedback em uma m\u00e1quina de fazer bandeja de ovo 1000pcs\/h<\/strong><\/h2>    <figure class=\"wp-block-embed is-type-video is-provider-youtube wp-block-embed-youtube wp-embed-aspect-16-9 wp-has-aspect-ratio\"><div class=\"wp-block-embed__wrapper\"> <iframe loading=\"lazy\" title=\"Camar\u00f5es usa a m\u00e1quina de forma\u00e7\u00e3o de bandeja de ovo 1000pcs\/h de 1000pcs\/h para 30 bandejas de fabrica\u00e7\u00e3o com res\u00edduos\" width=\"500\" height=\"281\" src=\"https:\/\/www.youtube.com\/embed\/9H41SmorzIo?feature=oembed\" frameborder=\"0\" allow=\"accelerometer; autoplay; clipboard-write; encrypted-media; gyroscope; picture-in-picture; web-share\" referrerpolicy=\"strict-origin-when-cross-origin\" allowfullscreen><\/iframe> <\/div><figcaption class=\"wp-element-caption\">f\u00e1brica de bandejas de ovos de Camar\u00f5es <\/figcaption><\/figure>","protected":false},"excerpt":{"rendered":"<p>Esta m\u00e1quina formadora de bandejas para ovos produz 1000 bandejas para ovos por hora, o que torna a m\u00e1quina ideal para pequenas f\u00e1bricas e start-ups. <\/p>","protected":false},"author":1,"featured_media":495,"parent":0,"template":"","tags":[62,11,88],"product-type":[61,5,4],"class_list":["post-488","product","type-product","status-publish","has-post-thumbnail","hentry","tag-egg-tray-forming-machine","tag-egg-tray-making-machine","tag-egg-trays","product-type-by-capacity","product-type-main-equipment","product-type-product"],"_links":{"self":[{"href":"https:\/\/www.eggtray.org\/pt\/wp-json\/wp\/v2\/product\/488","targetHints":{"allow":["GET"]}}],"collection":[{"href":"https:\/\/www.eggtray.org\/pt\/wp-json\/wp\/v2\/product"}],"about":[{"href":"https:\/\/www.eggtray.org\/pt\/wp-json\/wp\/v2\/types\/product"}],"author":[{"embeddable":true,"href":"https:\/\/www.eggtray.org\/pt\/wp-json\/wp\/v2\/users\/1"}],"wp:featuredmedia":[{"embeddable":true,"href":"https:\/\/www.eggtray.org\/pt\/wp-json\/wp\/v2\/media\/495"}],"wp:attachment":[{"href":"https:\/\/www.eggtray.org\/pt\/wp-json\/wp\/v2\/media?parent=488"}],"wp:term":[{"taxonomy":"post_tag","embeddable":true,"href":"https:\/\/www.eggtray.org\/pt\/wp-json\/wp\/v2\/tags?post=488"},{"taxonomy":"product-type","embeddable":true,"href":"https:\/\/www.eggtray.org\/pt\/wp-json\/wp\/v2\/product-type?post=488"}],"curies":[{"name":"wp","href":"https:\/\/api.w.org\/{rel}","templated":true}]}}