{"id":512,"date":"2022-11-10T13:48:29","date_gmt":"2022-11-10T05:48:29","guid":{"rendered":"https:\/\/www.eggtray.org\/?post_type=product&#038;p=512"},"modified":"2025-10-30T11:45:09","modified_gmt":"2025-10-30T03:45:09","slug":"1000-1500pcs-pulp-egg-tray-making-machine","status":"publish","type":"product","link":"https:\/\/www.eggtray.org\/pt\/product\/1000-1500pcs-pulp-egg-tray-making-machine\/","title":{"rendered":"Ovo Tray Making Machine da polpa 1000-1500PCS\/H"},"content":{"rendered":"<p class=\"translation-block\">A <strong>m\u00e1quina de fazer caixas de ovos de polpa<\/strong> com capacidade de 1000-1500 pe\u00e7as\/h \u00e9 uma produ\u00e7\u00e3o rotativa de caixas de ovos em pequena escala, muito adequada para pequenas empresas ou startups. <\/p>    <p>Para os investidores, esta pequena m\u00e1quina de bandeja para ovos pode reduzir o risco de investimento e ao mesmo tempo gerar lucro, tornando-a uma m\u00e1quina muito pr\u00e1tica.<\/p>    <figure class=\"wp-block-embed is-type-video is-provider-youtube wp-block-embed-youtube wp-embed-aspect-16-9 wp-has-aspect-ratio\"><div class=\"wp-block-embed__wrapper\"> <iframe loading=\"lazy\" title=\"M\u00e1quina de fazer bandeja de ovos 1000pcs\/h para bandeja de papel | Como funciona a m\u00e1quina moldadora de bandeja de papel?\" width=\"500\" height=\"281\" src=\"https:\/\/www.youtube.com\/embed\/ZTEkNhmunNg?feature=oembed\" frameborder=\"0\" allow=\"accelerometer; autoplay; clipboard-write; encrypted-media; gyroscope; picture-in-picture; web-share\" referrerpolicy=\"strict-origin-when-cross-origin\" allowfullscreen><\/iframe> <\/div><figcaption class=\"wp-element-caption\">v\u00eddeo de uma pequena m\u00e1quina de bandeja para ovos para empresas iniciantes<\/figcaption><\/figure>    <h2 class=\"wp-block-heading\"><strong>Mat\u00e9rias-primas dispon\u00edveis para m\u00e1quina de fazer bandeja de ovos de polpa de 1000-1500pcs\/h <\/strong><\/h2>    <p>Para esta m\u00e1quina de fazer bandejas para ovos, as mat\u00e9rias-primas usadas para produzir a m\u00e1quina s\u00e3o baratas e f\u00e1ceis de obter e s\u00e3o as seguintes: <br>Res\u00edduos de papel, res\u00edduos de cart\u00e3o, palha, aparas, res\u00edduos de livros, res\u00edduos de caixas de livros, res\u00edduos de jornais e revistas, papel de c\u00f3pia A4, etc.<\/p>    <figure class=\"wp-block-gallery aligncenter has-nested-images columns-2 is-cropped wp-block-gallery-2 is-layout-flex wp-block-gallery-is-layout-flex\"> <figure class=\"wp-block-image size-large\"><img loading=\"lazy\" decoding=\"async\" width=\"720\" height=\"540\" data-id=\"233\" src=\"https:\/\/www.eggtray.org\/wp-content\/uploads\/2022\/08\/waste-materials-1.webp\" alt=\"materiais residuais\" class=\"wp-image-233\" title=\"\" srcset=\"https:\/\/www.eggtray.org\/wp-content\/uploads\/2022\/08\/waste-materials-1.webp 720w, https:\/\/www.eggtray.org\/wp-content\/uploads\/2022\/08\/waste-materials-1-300x225.webp 300w\" sizes=\"auto, (max-width: 720px) 100vw, 720px\" \/><figcaption class=\"wp-element-caption\">Materiais residuais<\/figcaption><\/figure>    <figure class=\"wp-block-image size-large\"><img loading=\"lazy\" decoding=\"async\" width=\"720\" height=\"540\" data-id=\"136\" src=\"https:\/\/www.eggtray.org\/wp-content\/uploads\/2022\/08\/waste-cardboard.webp\" alt=\"papel\u00e3o usado\" class=\"wp-image-136\" title=\"\" srcset=\"https:\/\/www.eggtray.org\/wp-content\/uploads\/2022\/08\/waste-cardboard.webp 720w, https:\/\/www.eggtray.org\/wp-content\/uploads\/2022\/08\/waste-cardboard-300x225.webp 300w\" sizes=\"auto, (max-width: 720px) 100vw, 720px\" \/><figcaption class=\"wp-element-caption\">Res\u00edduos de papel\u00e3o<\/figcaption><\/figure>    <figure class=\"wp-block-image size-large\"><img loading=\"lazy\" decoding=\"async\" width=\"720\" height=\"540\" data-id=\"135\" src=\"https:\/\/www.eggtray.org\/wp-content\/uploads\/2022\/08\/waste-materials.webp\" alt=\"res\u00edduos\" class=\"wp-image-135\" title=\"\" srcset=\"https:\/\/www.eggtray.org\/wp-content\/uploads\/2022\/08\/waste-materials.webp 720w, https:\/\/www.eggtray.org\/wp-content\/uploads\/2022\/08\/waste-materials-300x225.webp 300w\" sizes=\"auto, (max-width: 720px) 100vw, 720px\" \/><figcaption class=\"wp-element-caption\">Materiais de sucata<\/figcaption><\/figure>    <figure class=\"wp-block-image size-large\"><img loading=\"lazy\" decoding=\"async\" width=\"720\" height=\"540\" data-id=\"134\" src=\"https:\/\/www.eggtray.org\/wp-content\/uploads\/2022\/08\/waste-paper.webp\" alt=\"desperd\u00edcio de papel\" class=\"wp-image-134\" title=\"\" srcset=\"https:\/\/www.eggtray.org\/wp-content\/uploads\/2022\/08\/waste-paper.webp 720w, https:\/\/www.eggtray.org\/wp-content\/uploads\/2022\/08\/waste-paper-300x225.webp 300w\" sizes=\"auto, (max-width: 720px) 100vw, 720px\" \/><figcaption class=\"wp-element-caption\">Res\u00edduos de papel<\/figcaption><\/figure> <\/figure>    <h2 class=\"wp-block-heading\"><strong>Produtos finais feitos pela m\u00e1quina de bandeja para ovos SL-3*1<\/strong><\/h2>    <p>A m\u00e1quina para fabricar bandejas para ovos de polpa de 1000-1500 unidades \/ h pode produzir diferentes bandejas de papel com base nas necessidades do cliente. Primeiro, determina-se a bandeja de papel desejada e, em seguida, utiliza-se o molde adequado e, por fim, fabricam-se as bandejas corretas.<\/p>    <p>As bandejas de papel que podem ser produzidas incluem, entre outras, bandejas para ovos, caixas para ovos, bandejas para ma\u00e7\u00e3s\/frutas, bandejas para x\u00edcaras de caf\u00e9, bandejas para sapatos, bandejas para vinhos, bandejas para mudas, bandejas m\u00e9dicas, bandejas para ovos de codorna, bandejas personalizadas, etc. est\u00e3o interessados, entre em contato conosco a qualquer momento!<\/p>    <figure class=\"wp-block-gallery aligncenter has-nested-images columns-default is-cropped wp-block-gallery-3 is-layout-flex wp-block-gallery-is-layout-flex\"> <figure class=\"wp-block-image size-large\"><img loading=\"lazy\" decoding=\"async\" width=\"720\" height=\"540\" data-id=\"54\" src=\"https:\/\/www.eggtray.org\/wp-content\/uploads\/2022\/08\/egg-tray-1.webp\" alt=\"bandejas de ovos\" class=\"wp-image-54\" title=\"\" srcset=\"https:\/\/www.eggtray.org\/wp-content\/uploads\/2022\/08\/egg-tray-1.webp 720w, https:\/\/www.eggtray.org\/wp-content\/uploads\/2022\/08\/egg-tray-1-300x225.webp 300w\" sizes=\"auto, (max-width: 720px) 100vw, 720px\" \/><figcaption class=\"wp-element-caption\">Bandejas de ovos<\/figcaption><\/figure>    <figure class=\"wp-block-image size-large\"><img loading=\"lazy\" decoding=\"async\" width=\"720\" height=\"540\" data-id=\"49\" src=\"https:\/\/www.eggtray.org\/wp-content\/uploads\/2022\/08\/egg-carton-.webp\" alt=\"caixa de ovo\" class=\"wp-image-49\" title=\"\" srcset=\"https:\/\/www.eggtray.org\/wp-content\/uploads\/2022\/08\/egg-carton-.webp 720w, https:\/\/www.eggtray.org\/wp-content\/uploads\/2022\/08\/egg-carton--300x225.webp 300w\" sizes=\"auto, (max-width: 720px) 100vw, 720px\" \/><figcaption class=\"wp-element-caption\">Caixa de Ovos<\/figcaption><\/figure>    <figure class=\"wp-block-image size-large\"><img loading=\"lazy\" decoding=\"async\" width=\"720\" height=\"540\" data-id=\"50\" src=\"https:\/\/www.eggtray.org\/wp-content\/uploads\/2022\/08\/apple-tray.webp\" alt=\"bandeja de ma\u00e7\u00e3\" class=\"wp-image-50\" title=\"\" srcset=\"https:\/\/www.eggtray.org\/wp-content\/uploads\/2022\/08\/apple-tray.webp 720w, https:\/\/www.eggtray.org\/wp-content\/uploads\/2022\/08\/apple-tray-300x225.webp 300w\" sizes=\"auto, (max-width: 720px) 100vw, 720px\" \/><figcaption class=\"wp-element-caption\">Bandeja de ma\u00e7\u00e3<\/figcaption><\/figure>    <figure class=\"wp-block-image size-large\"><img loading=\"lazy\" decoding=\"async\" width=\"720\" height=\"540\" data-id=\"51\" src=\"https:\/\/www.eggtray.org\/wp-content\/uploads\/2022\/08\/coffee-tray-.webp\" alt=\"bandeja de caf\u00e9\" class=\"wp-image-51\" title=\"\" srcset=\"https:\/\/www.eggtray.org\/wp-content\/uploads\/2022\/08\/coffee-tray-.webp 720w, https:\/\/www.eggtray.org\/wp-content\/uploads\/2022\/08\/coffee-tray--300x225.webp 300w\" sizes=\"auto, (max-width: 720px) 100vw, 720px\" \/><figcaption class=\"wp-element-caption\">Bandeja de caf\u00e9<\/figcaption><\/figure>    <figure class=\"wp-block-image size-large\"><img loading=\"lazy\" decoding=\"async\" width=\"720\" height=\"540\" data-id=\"52\" src=\"https:\/\/www.eggtray.org\/wp-content\/uploads\/2022\/08\/shoe-tray-.webp\" alt=\"bandeja de sapato\" class=\"wp-image-52\" title=\"\" srcset=\"https:\/\/www.eggtray.org\/wp-content\/uploads\/2022\/08\/shoe-tray-.webp 720w, https:\/\/www.eggtray.org\/wp-content\/uploads\/2022\/08\/shoe-tray--300x225.webp 300w\" sizes=\"auto, (max-width: 720px) 100vw, 720px\" \/><figcaption class=\"wp-element-caption\">Bandeja para sapatos<\/figcaption><\/figure>    <figure class=\"wp-block-image size-full\"><img loading=\"lazy\" decoding=\"async\" width=\"720\" height=\"540\" data-id=\"521\" src=\"https:\/\/www.eggtray.org\/wp-content\/uploads\/2022\/11\/wine-tray-.webp\" alt=\"bandeja de vinho\" class=\"wp-image-521\" title=\"\" srcset=\"https:\/\/www.eggtray.org\/wp-content\/uploads\/2022\/11\/wine-tray-.webp 720w, https:\/\/www.eggtray.org\/wp-content\/uploads\/2022\/11\/wine-tray--300x225.webp 300w\" sizes=\"auto, (max-width: 720px) 100vw, 720px\" \/><figcaption class=\"wp-element-caption\">Bandeja de vinho<\/figcaption><\/figure> <\/figure>    <h2 class=\"wp-block-heading\"><strong>Por que escolher a m\u00e1quina para fazer bandejas para ovos com polpa Shuliy?<\/strong><\/h2>    <p>Na verdade, existem muitos motivos pelos quais os clientes escolhem nossas m\u00e1quinas Shuliy. Os pontos a seguir s\u00e3o apenas alguns dos muitos motivos para sua refer\u00eancia.<\/p>    <ul class=\"wp-block-list\"> <li><strong>Marca confi\u00e1vel<\/strong>. As m\u00e1quinas de bandejas para ovos Shuliy s\u00e3o frequentemente exportadas para mais de 80 pa\u00edses, como Z\u00e2mbia, Nig\u00e9ria, Ar\u00e1bia Saudita, Angola, Nam\u00edbia, etc.<\/li>    <li><strong>Relacionamento harmonioso com o cliente<\/strong>. Fazemos neg\u00f3cios com o objetivo de rentabilidade m\u00fatua e, ao recomendar m\u00e1quinas aos nossos clientes, faremos o nosso melhor para garantir os interesses dos nossos clientes e de n\u00f3s mesmos, a fim de atingir o objetivo da coopera\u00e7\u00e3o ganha-ganha.<\/li>    <li><strong>Pre\u00e7o vantajoso da m\u00e1quina para fazer bandejas para ovos com polpa<\/strong>. Como produtor e fornecedor profissional do <a href=\"https:\/\/www.eggtray.org\/pt\/product\/egg-tray-making-machine\/\">m\u00e1quina de bandeja para ovos<\/a>, o pre\u00e7o da nossa m\u00e1quina \u00e9 competitivo. Como nossas m\u00e1quinas s\u00e3o vendidas diretamente da f\u00e1brica, n\u00e3o h\u00e1 acr\u00e9scimo de pre\u00e7o extra em compara\u00e7\u00e3o com outros fornecedores.<\/li> <\/ul>   <div class=\"wp-block-image\"> <figure class=\"aligncenter size-full\"><img loading=\"lazy\" decoding=\"async\" width=\"720\" height=\"540\" src=\"https:\/\/www.eggtray.org\/wp-content\/uploads\/2022\/08\/Shuliy-egg-tray-machine.webp\" alt=\"M\u00e1quina de bandeja para ovos Shuliy\" class=\"wp-image-409\" title=\"\" srcset=\"https:\/\/www.eggtray.org\/wp-content\/uploads\/2022\/08\/Shuliy-egg-tray-machine.webp 720w, https:\/\/www.eggtray.org\/wp-content\/uploads\/2022\/08\/Shuliy-egg-tray-machine-300x225.webp 300w\" sizes=\"auto, (max-width: 720px) 100vw, 720px\" \/><figcaption class=\"wp-element-caption\">M\u00e1quina de bandeja para ovos Shuliy<\/figcaption><\/figure> <\/div>   <h2 class=\"wp-block-heading\"><strong>Casos de sucesso de m\u00e1quina de bandeja para ovos com polpa de 1000-1500 unidades \/ h<\/strong><\/h2>    <p>As m\u00e1quinas de bandejas para ovos Shuliy s\u00e3o caracterizadas por boa qualidade, bom desempenho, alta efici\u00eancia e capacidade diversificada. Portanto, eles s\u00e3o muito populares no pa\u00eds e no exterior e muitas vezes s\u00e3o exportados para o exterior. Por exemplo:<\/p>    <ul class=\"wp-block-list\"> <li>Exportamos para a Nig\u00e9ria muitas vezes, e os clientes nigerianos compraram primeiro 1 conjunto de m\u00e1quina para fazer bandejas de ovos de polpa de 1000-1500 unidades \/ h e depois compraram outros equipamentos correspondentes (despolpador de papel) para aumentar a efici\u00eancia da produ\u00e7\u00e3o.<\/li>    <li>O cliente zambiano encomendou uma m\u00e1quina de bandejas para ovos Shuliy SL-3*1 que pode produzir bandejas de frutas.<\/li> <\/ul>    <figure class=\"wp-block-gallery has-nested-images columns-default is-cropped wp-block-gallery-4 is-layout-flex wp-block-gallery-is-layout-flex\"> <figure class=\"wp-block-image size-large\"><img loading=\"lazy\" decoding=\"async\" width=\"720\" height=\"540\" data-id=\"1156\" src=\"https:\/\/www.eggtray.org\/wp-content\/uploads\/2025\/08\/small-egg-tray-making-machine-for-sale.webp\" alt=\"m\u00e1quina de fazer caixas de ovos pequena para venda\" class=\"wp-image-1156\" title=\"\" srcset=\"https:\/\/www.eggtray.org\/wp-content\/uploads\/2025\/08\/small-egg-tray-making-machine-for-sale.webp 720w, https:\/\/www.eggtray.org\/wp-content\/uploads\/2025\/08\/small-egg-tray-making-machine-for-sale-300x225.webp 300w, https:\/\/www.eggtray.org\/wp-content\/uploads\/2025\/08\/small-egg-tray-making-machine-for-sale-16x12.webp 16w\" sizes=\"auto, (max-width: 720px) 100vw, 720px\" \/><figcaption class=\"wp-element-caption\">M\u00e1quina Pequena de Fazer Bandejas de Ovos \u00e0 Venda<\/figcaption><\/figure>    <figure class=\"wp-block-image size-large\"><img loading=\"lazy\" decoding=\"async\" width=\"720\" height=\"540\" data-id=\"957\" src=\"https:\/\/www.eggtray.org\/wp-content\/uploads\/2024\/01\/small-scale-egg-tray-making-machine.webp\" alt=\"m\u00e1quina de fazer bandeja para ovos em pequena escala\" class=\"wp-image-957\" title=\"\" srcset=\"https:\/\/www.eggtray.org\/wp-content\/uploads\/2024\/01\/small-scale-egg-tray-making-machine.webp 720w, https:\/\/www.eggtray.org\/wp-content\/uploads\/2024\/01\/small-scale-egg-tray-making-machine-300x225.webp 300w\" sizes=\"auto, (max-width: 720px) 100vw, 720px\" \/><figcaption class=\"wp-element-caption\">M\u00e1quina para fazer bandejas para ovos em pequena escala<\/figcaption><\/figure> <\/figure>    <h2 class=\"wp-block-heading\"><strong>Par\u00e2metros da m\u00e1quina rotativa para fazer bandeja de ovos de polpa 1000-1500pcs\/h para venda<\/strong><\/h2>    <p>A tabela abaixo mostra as especifica\u00e7\u00f5es da m\u00e1quina rotativa para fazer bandejas para ovos SL-3*1, com capacidade de 1000-1500pcs\/h. <\/p>    <figure class=\"wp-block-table\"><table><tbody><tr><td>Modelo<\/td><td>SL-3*1<\/td><\/tr><tr><td>Tens\u00e3o<\/td><td>220v\/380v\/50hz<\/td><\/tr><tr><td>Poder<\/td><td>2,2 kW<\/td><\/tr><tr><td>Capacidade<\/td><td>1000-1500 unidades\/h<\/td><\/tr><tr><td>Tamanho do modelo<\/td><td>1,23m*0,4m<\/td><\/tr><tr><td>Velocidade de opera\u00e7\u00e3o<\/td><td>7 vezes\/min<\/td><\/tr><tr><td>Tamanho<\/td><td>2,3*1,2*1,6m<\/td><\/tr><\/tbody><\/table><figcaption class=\"wp-element-caption\">especifica\u00e7\u00f5es da pequena m\u00e1quina de bandeja para ovos de papel<\/figcaption><\/figure>    <figure class=\"wp-block-embed is-type-video is-provider-youtube wp-block-embed-youtube wp-embed-aspect-16-9 wp-has-aspect-ratio\"><div class=\"wp-block-embed__wrapper\"> <iframe loading=\"lazy\" title=\"A melhor m\u00e1quina para fazer bandejas de papel em pequena escala | 1000 pe\u00e7as por hora m\u00e1quina de fazer bandeja de ovos #papertray\" width=\"500\" height=\"281\" src=\"https:\/\/www.youtube.com\/embed\/KdIsUl_Oggc?feature=oembed\" frameborder=\"0\" allow=\"accelerometer; autoplay; clipboard-write; encrypted-media; gyroscope; picture-in-picture; web-share\" referrerpolicy=\"strict-origin-when-cross-origin\" allowfullscreen><\/iframe> <\/div><figcaption class=\"wp-element-caption\">v\u00eddeo de trabalho da pequena m\u00e1quina de fazer bandejas para ovos<\/figcaption><\/figure>    <p class=\"translation-block\">Se quiser lucrar com <a href=\"https:\/\/en.wikipedia.org\/wiki\/Paper_recycling\" target=\"_blank\" rel=\"noopener\">papel usado<\/a>, basta dizer-nos os seus requisitos, como os tipos de caixas de ovos, tamanho do molde, capacidade, etc., e a nossa equipa recomendar-lhe-\u00e1 a solu\u00e7\u00e3o ideal.<\/p>    <figure class=\"wp-block-embed is-type-video is-provider-youtube wp-block-embed-youtube wp-embed-aspect-16-9 wp-has-aspect-ratio\"><div class=\"wp-block-embed__wrapper\"> <iframe loading=\"lazy\" title=\"Como produzir uma caixa de ovo de 18 cavidades com a m\u00e1quina de caixa de ovos? Processo de produ\u00e7\u00e3o eficiente de caixa de ovos\" width=\"500\" height=\"281\" src=\"https:\/\/www.youtube.com\/embed\/2u6UAwwYXMM?feature=oembed\" frameborder=\"0\" allow=\"accelerometer; autoplay; clipboard-write; encrypted-media; gyroscope; picture-in-picture; web-share\" referrerpolicy=\"strict-origin-when-cross-origin\" allowfullscreen><\/iframe> <\/div><figcaption class=\"wp-element-caption\">M\u00e1quina de caixa de ovos de papel de 18 ovos<\/figcaption><\/figure>","protected":false},"excerpt":{"rendered":"<p>A m\u00e1quina para fabricar bandejas para ovos com polpa de 1000-1500 unidades \/ h \u00e9 uma produ\u00e7\u00e3o rotativa de bandejas para ovos em pequena escala, que \u00e9 muito adequada para uma pequena empresa ou start-up. <\/p>","protected":false},"author":1,"featured_media":516,"parent":0,"template":"","tags":[11,88,63],"product-type":[61,5,4],"class_list":["post-512","product","type-product","status-publish","has-post-thumbnail","hentry","tag-egg-tray-making-machine","tag-egg-trays","tag-pulp-egg-tray-making-machine","product-type-by-capacity","product-type-main-equipment","product-type-product"],"_links":{"self":[{"href":"https:\/\/www.eggtray.org\/pt\/wp-json\/wp\/v2\/product\/512","targetHints":{"allow":["GET"]}}],"collection":[{"href":"https:\/\/www.eggtray.org\/pt\/wp-json\/wp\/v2\/product"}],"about":[{"href":"https:\/\/www.eggtray.org\/pt\/wp-json\/wp\/v2\/types\/product"}],"author":[{"embeddable":true,"href":"https:\/\/www.eggtray.org\/pt\/wp-json\/wp\/v2\/users\/1"}],"wp:featuredmedia":[{"embeddable":true,"href":"https:\/\/www.eggtray.org\/pt\/wp-json\/wp\/v2\/media\/516"}],"wp:attachment":[{"href":"https:\/\/www.eggtray.org\/pt\/wp-json\/wp\/v2\/media?parent=512"}],"wp:term":[{"taxonomy":"post_tag","embeddable":true,"href":"https:\/\/www.eggtray.org\/pt\/wp-json\/wp\/v2\/tags?post=512"},{"taxonomy":"product-type","embeddable":true,"href":"https:\/\/www.eggtray.org\/pt\/wp-json\/wp\/v2\/product-type?post=512"}],"curies":[{"name":"wp","href":"https:\/\/api.w.org\/{rel}","templated":true}]}}