{"id":562,"date":"2022-11-15T16:32:59","date_gmt":"2022-11-15T08:32:59","guid":{"rendered":"https:\/\/www.eggtray.org\/?post_type=product&#038;p=562"},"modified":"2025-10-30T15:03:24","modified_gmt":"2025-10-30T07:03:24","slug":"2000-2500pcs-h-automatic-egg-tray-machine","status":"publish","type":"product","link":"https:\/\/www.eggtray.org\/pt\/product\/2000-2500pcs-h-automatic-egg-tray-machine\/","title":{"rendered":"M\u00e1quina autom\u00e1tica de bandeja de ovos 2000-2500PCS\/H"},"content":{"rendered":"<p class=\"translation-block\">Esta m\u00e1quina <strong>autom\u00e1tica de fabrica\u00e7\u00e3o de bandejas de ovos<\/strong>, modelo SL-3*4, pode produzir bandejas de ovos de v\u00e1rios tipos e tamanhos, com uma produ\u00e7\u00e3o de 2000-2500 pcs\/h. \u00c9 muito adequada para investidores e f\u00e1bricas de produ\u00e7\u00e3o m\u00e9dia. <\/p>    <p>Esta m\u00e1quina de bandeja para ovos de papel \u00e9 especialmente usada para produzir v\u00e1rios tipos de suportes de papel, como bandeja para ovos, caixa para ovos, bandeja para frutas, bandeja para vinho, etc.<\/p>    <p>Al\u00e9m disso, o projeto da estrutura da m\u00e1quina \u00e9 razo\u00e1vel, muito simples e f\u00e1cil de entender e muito amig\u00e1vel para os usu\u00e1rios. Se voc\u00ea estiver interessado em tais m\u00e1quinas, entre em contato conosco!<\/p>    <figure class=\"wp-block-embed is-type-video is-provider-youtube wp-block-embed-youtube wp-embed-aspect-16-9 wp-has-aspect-ratio\"><div class=\"wp-block-embed__wrapper\"> <iframe loading=\"lazy\" title=\"M\u00e1quina de moldagem de bandeja de papel 2000-2500 unidades\/h, ideal para caixas de bandeja de ovos em massa que fazem #papertray\" width=\"500\" height=\"281\" src=\"https:\/\/www.youtube.com\/embed\/1Q8NMlwahfI?feature=oembed\" frameborder=\"0\" allow=\"accelerometer; autoplay; clipboard-write; encrypted-media; gyroscope; picture-in-picture; web-share\" referrerpolicy=\"strict-origin-when-cross-origin\" allowfullscreen><\/iframe> <\/div><figcaption class=\"wp-element-caption\">v\u00eddeo de trabalho da m\u00e1quina de bandeja para ovos de papel SL-3 * 4<\/figcaption><\/figure>    <h2 class=\"wp-block-heading\"><strong>Por que esta m\u00e1quina autom\u00e1tica de bandejas para ovos \u00e9 t\u00e3o popular entre os investidores?<\/strong><\/h2>    <ol class=\"wp-block-list\"> <li><strong>As mat\u00e9rias-primas s\u00e3o f\u00e1ceis de obter<\/strong>. As mat\u00e9rias-primas para Shuliy <a href=\"https:\/\/www.eggtray.org\/pt\/product\/egg-tray-making-machine\/\">m\u00e1quina de produ\u00e7\u00e3o de bandeja para ovos<\/a> s\u00e3o todos os tipos de res\u00edduos de papel, res\u00edduos de livros, res\u00edduos de revistas, etc. Esses materiais s\u00e3o muito comuns na vida e f\u00e1ceis de obter.<\/li>    <li><strong>Econ\u00f4mico<\/strong>. Uma grande quantidade de res\u00edduos de papel ser\u00e1 produzida todos os dias. O custo desses materiais \u00e9 baixo e o investimento inicial para os investidores n\u00e3o ser\u00e1 muito alto.<\/li>    <li><strong>Proteja o meio ambiente<\/strong>. Na verdade, as mat\u00e9rias-primas utilizadas nesta m\u00e1quina autom\u00e1tica de bandejas para ovos s\u00e3o utilizadas para aproveitamento secund\u00e1rio, o que evita a polui\u00e7\u00e3o ambiental e assim protege o meio ambiente.<\/li>    <li><strong>Lucros elevados<\/strong>. Depois que uma tonelada de res\u00edduos de papel \u00e9 processada e produzida, a bandeja para ovos \u00e9 vendida e o lucro dobra diretamente.<\/li>    <li><strong>Grande demanda<\/strong>. No dia a dia das pessoas, a demanda por ovos sempre foi alta, ent\u00e3o os criadores de galinhas tamb\u00e9m t\u00eam sido grandes, e a consequente demanda por bandejas de ovos \u00e9 grande.<\/li> <\/ol>    <figure class=\"wp-block-gallery aligncenter has-nested-images columns-default is-cropped wp-block-gallery-2 is-layout-flex wp-block-gallery-is-layout-flex\"> <figure class=\"wp-block-image size-full\"><img loading=\"lazy\" decoding=\"async\" width=\"720\" height=\"540\" data-id=\"576\" src=\"https:\/\/www.eggtray.org\/wp-content\/uploads\/2022\/11\/SL-3-4-automatic-egg-tray-machine.webp\" alt=\"M\u00e1quina autom\u00e1tica de bandeja para ovos SL-3 * 4\" class=\"wp-image-576\" title=\"\" srcset=\"https:\/\/www.eggtray.org\/wp-content\/uploads\/2022\/11\/SL-3-4-automatic-egg-tray-machine.webp 720w, https:\/\/www.eggtray.org\/wp-content\/uploads\/2022\/11\/SL-3-4-automatic-egg-tray-machine-300x225.webp 300w\" sizes=\"auto, (max-width: 720px) 100vw, 720px\" \/><figcaption class=\"wp-element-caption\">M\u00e1quina autom\u00e1tica de bandeja para ovos Sl-3*4<\/figcaption><\/figure>    <figure class=\"wp-block-image size-full\"><img loading=\"lazy\" decoding=\"async\" width=\"720\" height=\"540\" data-id=\"575\" src=\"https:\/\/www.eggtray.org\/wp-content\/uploads\/2022\/11\/2000-2500-egg-tray-machine.webp\" alt=\"M\u00e1quina de bandeja de ovos 2000-2500pcs\/h\" class=\"wp-image-575\" title=\"\" srcset=\"https:\/\/www.eggtray.org\/wp-content\/uploads\/2022\/11\/2000-2500-egg-tray-machine.webp 720w, https:\/\/www.eggtray.org\/wp-content\/uploads\/2022\/11\/2000-2500-egg-tray-machine-300x225.webp 300w\" sizes=\"auto, (max-width: 720px) 100vw, 720px\" \/><figcaption class=\"wp-element-caption\">m\u00e1quina da bandeja do ovo 2000-2500Pcs\/H<\/figcaption><\/figure> <\/figure>    <h2 class=\"wp-block-heading\"><strong>Bandejas de papel personalizadas para voc\u00ea<\/strong><\/h2>    <p>Como cliente, \u00e0s vezes voc\u00ea pode pensar em v\u00e1rios tipos de bandejas de papel, que s\u00e3o diferentes das bandejas para ovos. <\/p>    <p>Neste momento, voc\u00ea precisa saber o tamanho do porta-papel que deseja oferecer aos clientes com m\u00e1quinas customizadas. <\/p>    <p class=\"translation-block\">As bandejas de papel que podemos produzir incluem bandeja de ovos, <a href=\"https:\/\/en.wikipedia.org\/wiki\/Egg_carton\" target=\"_blank\" rel=\"noopener\">caixa de ovos<\/a>, bandeja de frutas, bandeja de mudas, bandeja m\u00e9dica, bandeja de sapatos, bandeja de ovos de codorna e bandeja personalizada. <\/p>    <p>Resumindo, se voc\u00ea precisa produzir algum tipo de porta papel, entre em contato conosco. Nosso gerente de vendas personalizar\u00e1 a m\u00e1quina mais adequada para voc\u00ea de acordo com suas necessidades.<\/p>   <div class=\"wp-block-image\"> <figure class=\"aligncenter size-full\"><img loading=\"lazy\" decoding=\"async\" width=\"560\" height=\"400\" src=\"https:\/\/www.eggtray.org\/wp-content\/uploads\/2022\/08\/pulp-paper-trays.webp\" alt=\"bandejas de papel de celulose\" class=\"wp-image-309\" title=\"\" srcset=\"https:\/\/www.eggtray.org\/wp-content\/uploads\/2022\/08\/pulp-paper-trays.webp 560w, https:\/\/www.eggtray.org\/wp-content\/uploads\/2022\/08\/pulp-paper-trays-300x214.webp 300w\" sizes=\"auto, (max-width: 560px) 100vw, 560px\" \/><figcaption class=\"wp-element-caption\">bandejas de papel de celulose<\/figcaption><\/figure> <\/div>   <h2 class=\"wp-block-heading\"><strong>M\u00e9todos de secagem dispon\u00edveis para m\u00e1quina autom\u00e1tica de bandeja para ovos Shuliy SL-3 * 4<\/strong><\/h2>    <p>Esta m\u00e1quina de bandeja para ovos de 2.000 a 2.500 unidades \/ h \u00e9 adequada para produ\u00e7\u00e3o de m\u00e9dio porte, portanto, h\u00e1 tr\u00eas m\u00e9todos de secagem para escolher.<\/p>    <div class=\"wp-block-columns is-layout-flex wp-container-core-columns-is-layout-9d6595d7 wp-block-columns-is-layout-flex\"> <div class=\"wp-block-column is-layout-flow wp-block-column-is-layout-flow\"> <figure class=\"wp-block-image size-full\"><img loading=\"lazy\" decoding=\"async\" width=\"720\" height=\"540\" src=\"https:\/\/www.eggtray.org\/wp-content\/uploads\/2022\/08\/drying-in-the-sun.webp\" alt=\"secando ao sol\" class=\"wp-image-338\" title=\"\" srcset=\"https:\/\/www.eggtray.org\/wp-content\/uploads\/2022\/08\/drying-in-the-sun.webp 720w, https:\/\/www.eggtray.org\/wp-content\/uploads\/2022\/08\/drying-in-the-sun-300x225.webp 300w\" sizes=\"auto, (max-width: 720px) 100vw, 720px\" \/><figcaption class=\"wp-element-caption\">Secagem ao sol<\/figcaption><\/figure>    <p>Mais econ\u00f4mico, mas precisa de m\u00e3o de obra suficiente<\/p> <\/div>    <div class=\"wp-block-column is-layout-flow wp-block-column-is-layout-flow\"> <figure class=\"wp-block-image size-full\"><img loading=\"lazy\" decoding=\"async\" width=\"720\" height=\"540\" src=\"https:\/\/www.eggtray.org\/wp-content\/uploads\/2022\/08\/brick-kiln-drying.webp\" alt=\"secagem em forno de tijolos\" class=\"wp-image-347\" title=\"\" srcset=\"https:\/\/www.eggtray.org\/wp-content\/uploads\/2022\/08\/brick-kiln-drying.webp 720w, https:\/\/www.eggtray.org\/wp-content\/uploads\/2022\/08\/brick-kiln-drying-300x225.webp 300w\" sizes=\"auto, (max-width: 720px) 100vw, 720px\" \/><figcaption class=\"wp-element-caption\">Secagem em forno de tijolos <\/figcaption><\/figure>    <p>Mais c\u00f3modo e r\u00e1pido, mas o investimento ser\u00e1 maior<\/p> <\/div>    <div class=\"wp-block-column is-layout-flow wp-block-column-is-layout-flow\"> <figure class=\"wp-block-image size-full\"><img loading=\"lazy\" decoding=\"async\" width=\"720\" height=\"540\" src=\"https:\/\/www.eggtray.org\/wp-content\/uploads\/2022\/08\/metal-multiple-layer-egg-tray-dryer.webp\" alt=\"secador de bandeja para ovos de m\u00faltiplas camadas de metal\" class=\"wp-image-344\" title=\"\" srcset=\"https:\/\/www.eggtray.org\/wp-content\/uploads\/2022\/08\/metal-multiple-layer-egg-tray-dryer.webp 720w, https:\/\/www.eggtray.org\/wp-content\/uploads\/2022\/08\/metal-multiple-layer-egg-tray-dryer-300x225.webp 300w\" sizes=\"auto, (max-width: 720px) 100vw, 720px\" \/><figcaption class=\"wp-element-caption\">Secador de bandeja para ovos de m\u00faltiplas camadas de metal <\/figcaption><\/figure>    <p>Secado automaticamente, com alta efici\u00eancia e velocidade<\/p> <\/div> <\/div>    <h2 class=\"wp-block-heading\"><strong>Casos de sucesso da m\u00e1quina de fazer bandejas para ovos Shuliy SL-3 * 4<\/strong><\/h2>    <p>Nossa m\u00e1quina autom\u00e1tica de bandeja para ovos tem excelente qualidade e desempenho e tem clientes em todo o mundo. <\/p>    <p>Nossa m\u00e1quina para fabricar bandejas para ovos \u00e9 exportada para Ar\u00e1bia Saudita, Nig\u00e9ria, Z\u00e2mbia, Nig\u00e9ria, Palestina, etc. Os clientes desses pa\u00edses gostam muito de nossas m\u00e1quinas. <\/p>    <p>Depois de usar a m\u00e1quina, eles sentem que o efeito \u00e9 muito bom. Alguns deles tamb\u00e9m recompram quando expandem a escala de produ\u00e7\u00e3o de caixas de ovos, como os clientes nigerianos.<\/p>    <h2 class=\"wp-block-heading\"><strong>Par\u00e2metros da m\u00e1quina autom\u00e1tica de bandeja para ovos Shuliy SL-3 * 4<\/strong><\/h2>    <figure class=\"wp-block-table\"><table><tbody><tr><td>Modelo<\/td><td>Capacidade<\/td><td>Consumo de papel<\/td><td>Consumo de \u00e1gua<\/td><td>Energia utilizada<\/td><td>Trabalhador<\/td><\/tr><tr><td>SL-3*4<\/td><td>2.000-2.500 unidades\/h<\/td><td>200kg\/h<\/td><td>450kg\/hora<\/td><td>58kW\/h<\/td><td>4-5<\/td><\/tr><\/tbody><\/table><figcaption class=\"wp-element-caption\">par\u00e2metros t\u00e9cnicos da m\u00e1quina de bandeja de papel<\/figcaption><\/figure>","protected":false},"excerpt":{"rendered":"<p>Esta m\u00e1quina autom\u00e1tica de bandeja para ovos de 2.000 a 2.500 unidades \/ h pode produzir bandejas de ovos de v\u00e1rios tipos e tamanhos, adequadas para investidores e f\u00e1bricas de m\u00e9dia produ\u00e7\u00e3o. <\/p>","protected":false},"author":1,"featured_media":570,"parent":0,"template":"","tags":[65,11,88],"product-type":[61,5,4],"class_list":["post-562","product","type-product","status-publish","has-post-thumbnail","hentry","tag-automatic-egg-tray-machine","tag-egg-tray-making-machine","tag-egg-trays","product-type-by-capacity","product-type-main-equipment","product-type-product"],"_links":{"self":[{"href":"https:\/\/www.eggtray.org\/pt\/wp-json\/wp\/v2\/product\/562","targetHints":{"allow":["GET"]}}],"collection":[{"href":"https:\/\/www.eggtray.org\/pt\/wp-json\/wp\/v2\/product"}],"about":[{"href":"https:\/\/www.eggtray.org\/pt\/wp-json\/wp\/v2\/types\/product"}],"author":[{"embeddable":true,"href":"https:\/\/www.eggtray.org\/pt\/wp-json\/wp\/v2\/users\/1"}],"wp:featuredmedia":[{"embeddable":true,"href":"https:\/\/www.eggtray.org\/pt\/wp-json\/wp\/v2\/media\/570"}],"wp:attachment":[{"href":"https:\/\/www.eggtray.org\/pt\/wp-json\/wp\/v2\/media?parent=562"}],"wp:term":[{"taxonomy":"post_tag","embeddable":true,"href":"https:\/\/www.eggtray.org\/pt\/wp-json\/wp\/v2\/tags?post=562"},{"taxonomy":"product-type","embeddable":true,"href":"https:\/\/www.eggtray.org\/pt\/wp-json\/wp\/v2\/product-type?post=562"}],"curies":[{"name":"wp","href":"https:\/\/api.w.org\/{rel}","templated":true}]}}