{"id":581,"date":"2022-11-18T16:15:47","date_gmt":"2022-11-18T08:15:47","guid":{"rendered":"https:\/\/www.eggtray.org\/?post_type=product&#038;p=581"},"modified":"2025-10-30T16:35:47","modified_gmt":"2025-10-30T08:35:47","slug":"4000pcs-h-paper-tray-making-machine","status":"publish","type":"product","link":"https:\/\/www.eggtray.org\/pt\/product\/4000pcs-h-paper-tray-making-machine\/","title":{"rendered":"4000PCS\/H bandeja de papel que faz a m\u00e1quina"},"content":{"rendered":"<p class=\"translation-block\">Esta <strong>m\u00e1quina de fabricar tabuleiros de papel<\/strong> \u00e9 capaz de produzir 4.000 unidades de tabuleiros de ovos por hora e \u00e9 altamente eficiente, poupa energia e \u00e9 amiga do ambiente. <\/p>    <p>Esta m\u00e1quina de bandejas para ovos \u00e9 adequada para f\u00e1bricas de m\u00e9dia ou grande capacidade, ou para investidores que desejam investir na produ\u00e7\u00e3o em grande escala.<\/p>    <figure class=\"wp-block-embed is-type-video is-provider-youtube wp-block-embed-youtube wp-embed-aspect-16-9 wp-has-aspect-ratio\"><div class=\"wp-block-embed__wrapper\"> <iframe loading=\"lazy\" title=\"Revelando a Marvel: M\u00e1quina de Bandeja de Ovos em Live Action! \ud83e\udd5a\ud83d\udd27M\u00e1quina de fazer bandejas para ovos 4000 PCS\/H para venda\" width=\"500\" height=\"281\" src=\"https:\/\/www.youtube.com\/embed\/FZ-dyptdaEM?feature=oembed\" frameborder=\"0\" allow=\"accelerometer; autoplay; clipboard-write; encrypted-media; gyroscope; picture-in-picture; web-share\" referrerpolicy=\"strict-origin-when-cross-origin\" allowfullscreen><\/iframe> <\/div><figcaption class=\"wp-element-caption\">v\u00eddeo na m\u00e1quina de bandeja de papel 4000pcs\/h<\/figcaption><\/figure>    <h2 class=\"wp-block-heading\"><strong>As vantagens de investir nesta m\u00e1quina para fabricar bandejas de papel SL-4*8<\/strong><\/h2>    <ol class=\"wp-block-list\"> <li><strong>Mat\u00e9rias-primas baratas<\/strong> usado nesta m\u00e1quina de bandeja para ovos pode ser reciclado novamente, o que \u00e9 muito ecologicamente correto.<\/li>    <li><strong>A capacidade \u00e9 de 4.000 pe\u00e7as por hora<\/strong>, de alta efici\u00eancia, pode atender a produ\u00e7\u00e3o em m\u00e9dia ou grande escala.<\/li>    <li>O <strong>alto grau de automa\u00e7\u00e3o<\/strong>. Esta m\u00e1quina pode formar uma linha completa de produ\u00e7\u00e3o de bandejas de papel com outras m\u00e1quinas, com alta automa\u00e7\u00e3o.<\/li>    <li>O <strong>m\u00e9todo de secagem<\/strong> pode ser escolhido entre forno de tijolos ou secagem de metal, que \u00e9 altamente seletivo.<\/li>    <li><strong>Grande margem de lucro<\/strong>. O custo de produ\u00e7\u00e3o \u00e9 baixo, mas o mercado \u00e9 enorme.<\/li> <\/ol>    <figure class=\"wp-block-gallery aligncenter has-nested-images columns-default is-cropped wp-block-gallery-2 is-layout-flex wp-block-gallery-is-layout-flex\"> <figure class=\"wp-block-image size-large\"><img loading=\"lazy\" decoding=\"async\" width=\"720\" height=\"540\" data-id=\"611\" src=\"https:\/\/www.eggtray.org\/wp-content\/uploads\/2022\/11\/paper-egg-tray-machine.webp\" alt=\"m\u00e1quina de bandeja para ovos de papel\" class=\"wp-image-611\" title=\"\" srcset=\"https:\/\/www.eggtray.org\/wp-content\/uploads\/2022\/11\/paper-egg-tray-machine.webp 720w, https:\/\/www.eggtray.org\/wp-content\/uploads\/2022\/11\/paper-egg-tray-machine-300x225.webp 300w\" sizes=\"auto, (max-width: 720px) 100vw, 720px\" \/><figcaption class=\"wp-element-caption\">M\u00e1quina de bandeja para ovos de papel<\/figcaption><\/figure>    <figure class=\"wp-block-image size-large\"><img loading=\"lazy\" decoding=\"async\" width=\"720\" height=\"540\" data-id=\"612\" src=\"https:\/\/www.eggtray.org\/wp-content\/uploads\/2022\/11\/paper-tray-machine.webp\" alt=\"m\u00e1quina de bandeja de papel\" class=\"wp-image-612\" title=\"\" srcset=\"https:\/\/www.eggtray.org\/wp-content\/uploads\/2022\/11\/paper-tray-machine.webp 720w, https:\/\/www.eggtray.org\/wp-content\/uploads\/2022\/11\/paper-tray-machine-300x225.webp 300w\" sizes=\"auto, (max-width: 720px) 100vw, 720px\" \/><figcaption class=\"wp-element-caption\">M\u00e1quina de bandeja de papel<\/figcaption><\/figure> <\/figure>    <h2 class=\"wp-block-heading\"><strong>Par\u00e2metros da m\u00e1quina para fazer bandeja de papel Shuliy 4000pcs\/h para venda<\/strong><\/h2>    <figure class=\"wp-block-table\"><table><tbody><tr><td>Modelo<\/td><td>Capacidade<\/td><td>Consumo de papel<\/td><td>Consumo de \u00e1gua<\/td><td>Energia utilizada<\/td><td>Trabalhador<\/td><\/tr><tr><td>SL-4*8<\/td><td>4000 unidades\/h<\/td><td>320kg\/hora<\/td><td>600kg\/hora<\/td><td>80kW\/h<\/td><td>5-6<\/td><\/tr><\/tbody><\/table><figcaption class=\"wp-element-caption\">Par\u00e2metros da m\u00e1quina para fazer bandeja de ovos de papel<\/figcaption><\/figure>    <p>Como este tipo de m\u00e1quina de bandeja para ovos tem capacidade de 4000 unidades por hora, quando voc\u00ea decidir investir nela, para sua produ\u00e7\u00e3o eficiente e retorno em curto prazo, a m\u00e1quina de secagem de bandeja para ovos (secador de metal) deve ser selecionada.<\/p>    <figure class=\"wp-block-embed is-type-video is-provider-youtube wp-block-embed-youtube wp-embed-aspect-16-9 wp-has-aspect-ratio\"><div class=\"wp-block-embed__wrapper\"> <iframe loading=\"lazy\" title=\"M\u00e1quina de moldagem de celulose de 8 lados com secador de bandeja de ovo: Como funciona a m\u00e1quina de fazer bandeja de ovos?\" width=\"500\" height=\"281\" src=\"https:\/\/www.youtube.com\/embed\/skFBy8XtZK8?feature=oembed\" frameborder=\"0\" allow=\"accelerometer; autoplay; clipboard-write; encrypted-media; gyroscope; picture-in-picture; web-share\" referrerpolicy=\"strict-origin-when-cross-origin\" allowfullscreen><\/iframe> <\/div><figcaption class=\"wp-element-caption\">M\u00e1quina de bandeja para ovos de 8 lados<\/figcaption><\/figure>    <h2 class=\"wp-block-heading\"><strong>Por que escolher esta m\u00e1quina para fazer bandeja de polpa de papel de 4000 unidades por hora?<\/strong><\/h2>    <p class=\"translation-block\">Na verdade, esta <a href=\"https:\/\/www.eggtray.org\/pt\/product\/egg-tray-making-machine\/\">m\u00e1quina de fabricar tabuleiros de ovos de papel<\/a> \u00e9 perfeita para investimento em produ\u00e7\u00e3o de m\u00e9dia escala. <\/p>    <p>Como investidor, se voc\u00ea tiver capital suficiente pronto, espa\u00e7o suficiente no local e mat\u00e9ria-prima suficiente, poder\u00e1 fazer um investimento de produ\u00e7\u00e3o m\u00e9dio. <\/p>    <p>Desta forma, o retorno ser\u00e1 r\u00e1pido e o nosso gestor de vendas ir\u00e1 fornecer-lhe aconselhamento e apoio profissional.<\/p>    <h2 class=\"wp-block-heading\"><strong>Fatores afetam o pre\u00e7o da m\u00e1quina para fazer bandejas de papel para ovos<\/strong><\/h2>    <p>O pre\u00e7o da m\u00e1quina \u00e9 afetado por v\u00e1rios fatores, como o molde, a capacidade da m\u00e1quina, a m\u00e1quina \u00fanica ou a linha de produ\u00e7\u00e3o, o capital, e assim por diante, ter\u00e3o impacto no pre\u00e7o da m\u00e1quina. <\/p>    <p>Por exemplo, o pre\u00e7o da m\u00e1quina para fazer tigelas de papel e o pre\u00e7o da m\u00e1quina para fazer bandejas para ovos n\u00e3o s\u00e3o iguais. <\/p>    <p>Shuliy \u00e9 uma empresa abrangente e poderosa, sua equipe \u00e9 muito profissional e lhe fornecer\u00e1 a melhor solu\u00e7\u00e3o de acordo com suas necessidades.<\/p>    <figure class=\"wp-block-gallery aligncenter has-nested-images columns-default is-cropped wp-block-gallery-3 is-layout-flex wp-block-gallery-is-layout-flex\"> <figure class=\"wp-block-image size-full\"><img loading=\"lazy\" decoding=\"async\" width=\"720\" height=\"540\" data-id=\"614\" src=\"https:\/\/www.eggtray.org\/wp-content\/uploads\/2022\/11\/egg-tray-making-machine-for-sale.webp\" alt=\"M\u00e1quina de fazer bandeja para ovos \u00e0 venda\" class=\"wp-image-614\" title=\"\" srcset=\"https:\/\/www.eggtray.org\/wp-content\/uploads\/2022\/11\/egg-tray-making-machine-for-sale.webp 720w, https:\/\/www.eggtray.org\/wp-content\/uploads\/2022\/11\/egg-tray-making-machine-for-sale-300x225.webp 300w\" sizes=\"auto, (max-width: 720px) 100vw, 720px\" \/><figcaption class=\"wp-element-caption\">M\u00e1quina de fazer bandejas para ovos \u00e0 venda<\/figcaption><\/figure>    <figure class=\"wp-block-image size-full\"><img loading=\"lazy\" decoding=\"async\" width=\"720\" height=\"540\" data-id=\"613\" src=\"https:\/\/www.eggtray.org\/wp-content\/uploads\/2022\/11\/egg-tray-machine-manufacturer.webp\" alt=\"fabricante de m\u00e1quina de bandeja para ovos\" class=\"wp-image-613\" title=\"\" srcset=\"https:\/\/www.eggtray.org\/wp-content\/uploads\/2022\/11\/egg-tray-machine-manufacturer.webp 720w, https:\/\/www.eggtray.org\/wp-content\/uploads\/2022\/11\/egg-tray-machine-manufacturer-300x225.webp 300w\" sizes=\"auto, (max-width: 720px) 100vw, 720px\" \/><figcaption class=\"wp-element-caption\">Fabricante de m\u00e1quina de bandeja para ovos<\/figcaption><\/figure> <\/figure>    <h2 class=\"wp-block-heading\"><strong>Fabricantes e fornecedores de m\u00e1quinas para fabrica\u00e7\u00e3o de bandejas de papel - Shuliy Machinery<\/strong><\/h2>    <p>Existem muitos fabricantes e fornecedores de m\u00e1quinas para fazer bandejas para ovos no mercado. <\/p>    <p>N\u00f3s, Shuliy Machinery, como uma empresa que goza de grande reputa\u00e7\u00e3o no mundo, integramos fabrica\u00e7\u00e3o e fornecimento. <\/p>    <p>Contamos com uma equipe de vendas profissional, servi\u00e7o p\u00f3s-venda 24 horas por dia, v\u00e1rios modelos de m\u00e1quinas de bandejas para ovos, linha completa de produ\u00e7\u00e3o de bandejas de papel com m\u00e1quinas de suporte. <\/p>    <p>Al\u00e9m disso, nossas m\u00e1quinas n\u00e3o s\u00e3o apenas de boa qualidade, mas tamb\u00e9m de alto desempenho de custo, voc\u00ea nunca se arrepender\u00e1 de nos escolher.<\/p>    <figure class=\"wp-block-gallery has-nested-images columns-default is-cropped wp-block-gallery-4 is-layout-flex wp-block-gallery-is-layout-flex\"> <figure class=\"wp-block-image size-large\"><img loading=\"lazy\" decoding=\"async\" width=\"720\" height=\"540\" data-id=\"382\" src=\"https:\/\/www.eggtray.org\/wp-content\/uploads\/2022\/08\/Shuliy-Machinery-paper-tray-machine-manufacturer-supplier.webp\" alt=\"Shuliy Machinery-fabricante e fornecedor de m\u00e1quina de bandeja de papel\" class=\"wp-image-382\" title=\"\" srcset=\"https:\/\/www.eggtray.org\/wp-content\/uploads\/2022\/08\/Shuliy-Machinery-paper-tray-machine-manufacturer-supplier.webp 720w, https:\/\/www.eggtray.org\/wp-content\/uploads\/2022\/08\/Shuliy-Machinery-paper-tray-machine-manufacturer-supplier-300x225.webp 300w\" sizes=\"auto, (max-width: 720px) 100vw, 720px\" \/><figcaption class=\"wp-element-caption\">Fabricante de m\u00e1quinas de bandeja de papel Shuliy Machinery &amp;Amp; Fornecedor<\/figcaption><\/figure>    <figure class=\"wp-block-image size-large\"><img loading=\"lazy\" decoding=\"async\" width=\"720\" height=\"540\" data-id=\"122\" src=\"https:\/\/www.eggtray.org\/wp-content\/uploads\/2022\/08\/factory.webp\" alt=\"f\u00e1brica de fabricante de m\u00e1quina de bandeja para ovos\" class=\"wp-image-122\" title=\"\" srcset=\"https:\/\/www.eggtray.org\/wp-content\/uploads\/2022\/08\/factory.webp 720w, https:\/\/www.eggtray.org\/wp-content\/uploads\/2022\/08\/factory-300x225.webp 300w\" sizes=\"auto, (max-width: 720px) 100vw, 720px\" \/><figcaption class=\"wp-element-caption\">F\u00e1brica de fabricantes de m\u00e1quinas de bandejas para ovos<\/figcaption><\/figure> <\/figure>    <h2 class=\"wp-block-heading\"><strong>Fa\u00e7a uma cota\u00e7\u00e3o agora!<\/strong><\/h2>    <p class=\"translation-block\">Est\u00e1 interessado nesta m\u00e1quina para a produ\u00e7\u00e3o de <a href=\"https:\/\/en.wikipedia.org\/wiki\/Egg_carton\" target=\"_blank\" rel=\"noopener\">caixas de tabuleiros de ovos<\/a>? Se sim, contacte-nos para uma cota\u00e7\u00e3o!<\/p>","protected":false},"excerpt":{"rendered":"<p>Esta m\u00e1quina para fabricar bandejas de papel \u00e9 capaz de produzir 4.000 pe\u00e7as de bandejas para ovos por hora, sendo altamente eficiente, com economia de energia e ecologicamente correta. <\/p>","protected":false},"author":1,"featured_media":583,"parent":0,"template":"","tags":[10,11,88,67],"product-type":[61],"class_list":["post-581","product","type-product","status-publish","has-post-thumbnail","hentry","tag-egg-tray-machine","tag-egg-tray-making-machine","tag-egg-trays","tag-paper-tray-making-machine","product-type-by-capacity"],"_links":{"self":[{"href":"https:\/\/www.eggtray.org\/pt\/wp-json\/wp\/v2\/product\/581","targetHints":{"allow":["GET"]}}],"collection":[{"href":"https:\/\/www.eggtray.org\/pt\/wp-json\/wp\/v2\/product"}],"about":[{"href":"https:\/\/www.eggtray.org\/pt\/wp-json\/wp\/v2\/types\/product"}],"author":[{"embeddable":true,"href":"https:\/\/www.eggtray.org\/pt\/wp-json\/wp\/v2\/users\/1"}],"wp:featuredmedia":[{"embeddable":true,"href":"https:\/\/www.eggtray.org\/pt\/wp-json\/wp\/v2\/media\/583"}],"wp:attachment":[{"href":"https:\/\/www.eggtray.org\/pt\/wp-json\/wp\/v2\/media?parent=581"}],"wp:term":[{"taxonomy":"post_tag","embeddable":true,"href":"https:\/\/www.eggtray.org\/pt\/wp-json\/wp\/v2\/tags?post=581"},{"taxonomy":"product-type","embeddable":true,"href":"https:\/\/www.eggtray.org\/pt\/wp-json\/wp\/v2\/product-type?post=581"}],"curies":[{"name":"wp","href":"https:\/\/api.w.org\/{rel}","templated":true}]}}