{"id":593,"date":"2022-11-24T15:46:06","date_gmt":"2022-11-24T07:46:06","guid":{"rendered":"https:\/\/www.eggtray.org\/?post_type=product&#038;p=593"},"modified":"2025-10-30T14:15:06","modified_gmt":"2025-10-30T06:15:06","slug":"6000pcs-h-paper-egg-tray-making-machine","status":"publish","type":"product","link":"https:\/\/www.eggtray.org\/pt\/product\/6000pcs-h-paper-egg-tray-making-machine\/","title":{"rendered":"Ovo 6000PCS\/H Tray Making Machine de papel"},"content":{"rendered":"<p class=\"translation-block\">Esta <strong>m\u00e1quina de fazer caixas de ovos de papel<\/strong> de 6000 unidades\/h, modelo SL-5*12, \u00e9 uma m\u00e1quina ideal para realizar a produ\u00e7\u00e3o em massa de caixas de ovos de papel, adequada para quintas de grande escala.\u00aa <\/p>    <p>Para investidores, se voc\u00ea tiver suporte de capital suficiente e planeja produzir bandejas para ovos em massa, esta m\u00e1quina de produ\u00e7\u00e3o de bandejas para ovos \u00e9 uma \u00f3tima escolha.<\/p>    <figure class=\"wp-block-embed is-type-video is-provider-youtube wp-block-embed-youtube wp-embed-aspect-16-9 wp-has-aspect-ratio\"><div class=\"wp-block-embed__wrapper\"> <iframe loading=\"lazy\" title=\"Fabrica\u00e7\u00e3o eficaz de caixas para bandejas de ovos: desde a moldagem, secagem at\u00e9 a embalagem! Pre\u00e7o da m\u00e1quina de bandeja para ovos\" width=\"500\" height=\"281\" src=\"https:\/\/www.youtube.com\/embed\/usW7Li1ju98?feature=oembed\" frameborder=\"0\" allow=\"accelerometer; autoplay; clipboard-write; encrypted-media; gyroscope; picture-in-picture; web-share\" referrerpolicy=\"strict-origin-when-cross-origin\" allowfullscreen><\/iframe> <\/div><figcaption class=\"wp-element-caption\">v\u00eddeo sobre uma grande f\u00e1brica de bandejas para ovos<\/figcaption><\/figure>    <h2 class=\"wp-block-heading\"><strong>Vantagens da m\u00e1quina autom\u00e1tica de fabrica\u00e7\u00e3o de bandejas para ovos de papel 6000pcs\/h <\/strong><\/h2>    <ul class=\"wp-block-list\"> <li><strong>Grande capacidade<\/strong>, alta efici\u00eancia, adequado para produ\u00e7\u00e3o em larga escala.<\/li>    <li><strong>Prote\u00e7\u00e3o Ambiental<\/strong>. As mat\u00e9rias-primas s\u00e3o reutilizadas e recicladas para produzir novamente bandejas valiosas para uso comercial.<\/li>    <li><strong>V\u00e1rios moldes<\/strong>. Moldes de pl\u00e1stico e moldes de alum\u00ednio est\u00e3o dispon\u00edveis para uso em m\u00e1quinas, muito f\u00e1ceis de limpar e remover res\u00edduos.<\/li>    <li><strong>Diferentes formatos de bandejas de papel<\/strong> pode ser produzido. Basta alterar o molde correspondente.<\/li>    <li><strong>Lucre rapidamente<\/strong>. Pois esta m\u00e1quina de produ\u00e7\u00e3o tem capacidade de 6.000 unidades por hora, produzindo muitas bandejas de ovos, gerando lucros r\u00e1pidos.<\/li> <\/ul>    <figure class=\"wp-block-gallery has-nested-images columns-default is-cropped wp-block-gallery-2 is-layout-flex wp-block-gallery-is-layout-flex\"> <figure class=\"wp-block-image size-large\"><img loading=\"lazy\" decoding=\"async\" width=\"720\" height=\"540\" data-id=\"1035\" src=\"https:\/\/www.eggtray.org\/wp-content\/uploads\/2022\/11\/paper-pulp-egg-tray-making-machine-for-sale.webp\" alt=\"Venda m\u00e1quina de fazer bandeja para ovos de polpa de papel\" class=\"wp-image-1035\" title=\"\" srcset=\"https:\/\/www.eggtray.org\/wp-content\/uploads\/2022\/11\/paper-pulp-egg-tray-making-machine-for-sale.webp 720w, https:\/\/www.eggtray.org\/wp-content\/uploads\/2022\/11\/paper-pulp-egg-tray-making-machine-for-sale-300x225.webp 300w, https:\/\/www.eggtray.org\/wp-content\/uploads\/2022\/11\/paper-pulp-egg-tray-making-machine-for-sale-16x12.webp 16w\" sizes=\"auto, (max-width: 720px) 100vw, 720px\" \/><figcaption class=\"wp-element-caption\">M\u00e1quina para fazer bandejas de ovos de celulose para venda<\/figcaption><\/figure>    <figure class=\"wp-block-image size-large\"><img loading=\"lazy\" decoding=\"async\" width=\"720\" height=\"540\" data-id=\"1033\" src=\"https:\/\/www.eggtray.org\/wp-content\/uploads\/2022\/11\/fully-automatic-paper-tray-machine.webp\" alt=\"m\u00e1quina de bandeja de papel totalmente autom\u00e1tica\" class=\"wp-image-1033\" title=\"\" srcset=\"https:\/\/www.eggtray.org\/wp-content\/uploads\/2022\/11\/fully-automatic-paper-tray-machine.webp 720w, https:\/\/www.eggtray.org\/wp-content\/uploads\/2022\/11\/fully-automatic-paper-tray-machine-300x225.webp 300w, https:\/\/www.eggtray.org\/wp-content\/uploads\/2022\/11\/fully-automatic-paper-tray-machine-16x12.webp 16w\" sizes=\"auto, (max-width: 720px) 100vw, 720px\" \/><figcaption class=\"wp-element-caption\">M\u00e1quina de bandeja de papel totalmente autom\u00e1tica<\/figcaption><\/figure>    <figure class=\"wp-block-image size-large\"><img loading=\"lazy\" decoding=\"async\" width=\"720\" height=\"540\" data-id=\"1034\" src=\"https:\/\/www.eggtray.org\/wp-content\/uploads\/2022\/11\/large-egg-tray-making-machine.webp\" alt=\"m\u00e1quina de fazer bandeja para ovos grande\" class=\"wp-image-1034\" title=\"\" srcset=\"https:\/\/www.eggtray.org\/wp-content\/uploads\/2022\/11\/large-egg-tray-making-machine.webp 720w, https:\/\/www.eggtray.org\/wp-content\/uploads\/2022\/11\/large-egg-tray-making-machine-300x225.webp 300w, https:\/\/www.eggtray.org\/wp-content\/uploads\/2022\/11\/large-egg-tray-making-machine-16x12.webp 16w\" sizes=\"auto, (max-width: 720px) 100vw, 720px\" \/><figcaption class=\"wp-element-caption\">M\u00e1quina para fazer bandejas para ovos grandes<\/figcaption><\/figure> <\/figure>    <h2 class=\"wp-block-heading\"><strong>Par\u00e2metros t\u00e9cnicos da m\u00e1quina para fazer bandeja de ovos de papel Shuliy 6000pcs\/h<\/strong><\/h2>    <figure class=\"wp-block-table\"><table><tbody><tr><td>Modelo<\/td><td>Capacidade<\/td><td>Consumo de papel<\/td><td>Consumo de \u00e1gua<\/td><td>Energia utilizada<\/td><td>Trabalhador<\/td><\/tr><tr><td>SL-5*12<\/td><td>6000 unidades\/h<\/td><td>480kg\/hora<\/td><td>900kg\/hora<\/td><td>90kW\/h<\/td><td>3-4<\/td><\/tr><\/tbody><\/table><figcaption class=\"wp-element-caption\">Par\u00e2metros da m\u00e1quina para fazer bandejas de ovos grandes<\/figcaption><\/figure>    <p>Se voc\u00ea deseja iniciar uma produ\u00e7\u00e3o de bandejas de papel em alto volume ou expandir seus neg\u00f3cios, esta m\u00e1quina de bandejas para ovos \u00e9 a escolha certa para voc\u00ea. Se voc\u00ea quiser mais informa\u00e7\u00f5es, entre em contato conosco!<\/p>    <h2 class=\"wp-block-heading\"><strong>Grande linha completa de produ\u00e7\u00e3o de bandejas para ovos de papel <\/strong><\/h2>    <p>O processo de fabrica\u00e7\u00e3o da bandeja para ovos inclui polpa\u00e7\u00e3o, forma\u00e7\u00e3o, secagem, prensagem a quente e enfardamento.<\/p>    <p class=\"translation-block\">Se escolher esta m\u00e1quina de fazer caixas de ovos de papel de 6000 unidades\/h, a melhor solu\u00e7\u00e3o de secagem \u00e9 a <a href=\"https:\/\/www.eggtray.org\/pt\/product\/egg-tray-dryer\/\" target=\"_blank\" rel=\"noreferrer noopener\">m\u00e1quina secadora de metal<\/a>.<\/p>   <div class=\"wp-block-image\"> <figure class=\"aligncenter size-full\"><img loading=\"lazy\" decoding=\"async\" width=\"720\" height=\"540\" src=\"https:\/\/www.eggtray.org\/wp-content\/uploads\/2022\/11\/egg-tray-machine-with-metal-dryer.webp\" alt=\"m\u00e1quina de bandeja para ovos com secador de metal\" class=\"wp-image-1032\" title=\"\" srcset=\"https:\/\/www.eggtray.org\/wp-content\/uploads\/2022\/11\/egg-tray-machine-with-metal-dryer.webp 720w, https:\/\/www.eggtray.org\/wp-content\/uploads\/2022\/11\/egg-tray-machine-with-metal-dryer-300x225.webp 300w, https:\/\/www.eggtray.org\/wp-content\/uploads\/2022\/11\/egg-tray-machine-with-metal-dryer-16x12.webp 16w\" sizes=\"auto, (max-width: 720px) 100vw, 720px\" \/><figcaption class=\"wp-element-caption\">m\u00e1quina de bandeja para ovos com secador de metal<\/figcaption><\/figure> <\/div>   <p>A linha de fabrica\u00e7\u00e3o autom\u00e1tica apresenta grande capacidade, alta efici\u00eancia e \u00f3timo desempenho. Se voc\u00ea estiver interessado, entre em contato conosco!<\/p>   <div class=\"wp-block-image\"> <figure class=\"aligncenter size-full\"><img loading=\"lazy\" decoding=\"async\" width=\"720\" height=\"540\" src=\"https:\/\/www.eggtray.org\/wp-content\/uploads\/2022\/08\/fully-automatic-paper-egg-carton-production-line.webp\" alt=\"linha de produ\u00e7\u00e3o de caixa de ovo de papel totalmente autom\u00e1tica\" class=\"wp-image-252\" title=\"\" srcset=\"https:\/\/www.eggtray.org\/wp-content\/uploads\/2022\/08\/fully-automatic-paper-egg-carton-production-line.webp 720w, https:\/\/www.eggtray.org\/wp-content\/uploads\/2022\/08\/fully-automatic-paper-egg-carton-production-line-300x225.webp 300w\" sizes=\"auto, (max-width: 720px) 100vw, 720px\" \/><figcaption class=\"wp-element-caption\">linha de produ\u00e7\u00e3o de caixa de ovo de papel totalmente autom\u00e1tica<\/figcaption><\/figure> <\/div>   <h2 class=\"wp-block-heading\"><strong>Moldes para m\u00e1quina de fazer bandeja de ovos de papel de celulose Shuliy SL-5 * 12<\/strong><\/h2>    <p>Temos os moldes de pl\u00e1stico e alum\u00ednio dispon\u00edveis para produ\u00e7\u00e3o. Esses moldes t\u00eam uma longa vida \u00fatil e per\u00edodo de garantia para garantir o funcionamento da sua m\u00e1quina. <\/p>    <p>Voc\u00ea pode escolher os moldes que deseja para produzir bandejas de papel.<\/p>    <figure class=\"wp-block-gallery aligncenter has-nested-images columns-default is-cropped wp-block-gallery-3 is-layout-flex wp-block-gallery-is-layout-flex\"> <figure class=\"wp-block-image size-large\"><img loading=\"lazy\" decoding=\"async\" width=\"720\" height=\"540\" data-id=\"310\" src=\"https:\/\/www.eggtray.org\/wp-content\/uploads\/2022\/08\/molds.webp\" alt=\"moldes\" class=\"wp-image-310\" title=\"\" srcset=\"https:\/\/www.eggtray.org\/wp-content\/uploads\/2022\/08\/molds.webp 720w, https:\/\/www.eggtray.org\/wp-content\/uploads\/2022\/08\/molds-300x225.webp 300w\" sizes=\"auto, (max-width: 720px) 100vw, 720px\" \/><figcaption class=\"wp-element-caption\">Bolores<\/figcaption><\/figure>    <figure class=\"wp-block-image size-large\"><img loading=\"lazy\" decoding=\"async\" width=\"720\" height=\"540\" data-id=\"378\" src=\"https:\/\/www.eggtray.org\/wp-content\/uploads\/2022\/08\/different-paper-tray-molds.webp\" alt=\"moldes de bandeja de papel diferentes\" class=\"wp-image-378\" title=\"\" srcset=\"https:\/\/www.eggtray.org\/wp-content\/uploads\/2022\/08\/different-paper-tray-molds.webp 720w, https:\/\/www.eggtray.org\/wp-content\/uploads\/2022\/08\/different-paper-tray-molds-300x225.webp 300w\" sizes=\"auto, (max-width: 720px) 100vw, 720px\" \/><figcaption class=\"wp-element-caption\">Diferentes moldes de bandeja de papel<\/figcaption><\/figure> <\/figure>    <h2 class=\"wp-block-heading\"><strong>Projetos de m\u00e1quina para fazer bandejas para ovos de papel Shuliy SL-5 * 12<\/strong><\/h2>    <p>A m\u00e1quina de bandeja para ovos da Shuliy Machinery \u00e9 uma m\u00e1quina ecologicamente correta que \u00e9 popular em todo o mundo e h\u00e1 compradores da m\u00e1quina em todo o mundo. <\/p>    <p class=\"translation-block\">As nossas m\u00e1quinas s\u00e3o frequentemente exportadas para <strong>Nig\u00e9ria, Qu\u00e9nia, Ar\u00e1bia Saudita, Z\u00e2mbia, Camboja<\/strong>, etc.<\/p>   <div class=\"wp-block-image\"> <figure class=\"aligncenter size-full\"><img loading=\"lazy\" decoding=\"async\" width=\"720\" height=\"540\" src=\"https:\/\/www.eggtray.org\/wp-content\/uploads\/2022\/11\/12-side-paper-egg-tray-making-machine.webp\" alt=\"M\u00e1quina de fazer bandeja para ovos de papel com 12 lados\" class=\"wp-image-606\" title=\"\" srcset=\"https:\/\/www.eggtray.org\/wp-content\/uploads\/2022\/11\/12-side-paper-egg-tray-making-machine.webp 720w, https:\/\/www.eggtray.org\/wp-content\/uploads\/2022\/11\/12-side-paper-egg-tray-making-machine-300x225.webp 300w\" sizes=\"auto, (max-width: 720px) 100vw, 720px\" \/><figcaption class=\"wp-element-caption\">M\u00e1quina de fazer bandeja para ovos de papel com 12 lados<\/figcaption><\/figure> <\/div>   <h2 class=\"wp-block-heading\"><strong>Entre em contato conosco para iniciar seu neg\u00f3cio agora!<\/strong><\/h2>    <p class=\"translation-block\">Voc\u00ea quer obter um retorno lucrativo atrav\u00e9s da <a href=\"https:\/\/en.wikipedia.org\/wiki\/Paper_recycling\" target=\"_blank\" rel=\"noopener\">reciclagem de papel<\/a>? Contacte-nos e n\u00f3s o ajudaremos a maximizar seus lucros em pouco tempo com uma m\u00e1quina de bandejas de ovos.<\/p>    <figure class=\"wp-block-embed is-type-video is-provider-youtube wp-block-embed-youtube wp-embed-aspect-16-9 wp-has-aspect-ratio\"><div class=\"wp-block-embed__wrapper\"> <iframe loading=\"lazy\" title=\"M\u00e1quina de fabrica\u00e7\u00e3o de bandeja de ovos grandes com sistema de secagem e cole\u00e7\u00e3o de tijolos em plena opera\u00e7\u00e3o #EGGTRAY\" width=\"500\" height=\"281\" src=\"https:\/\/www.youtube.com\/embed\/5DUwmLc3b3k?feature=oembed\" frameborder=\"0\" allow=\"accelerometer; autoplay; clipboard-write; encrypted-media; gyroscope; picture-in-picture; web-share\" referrerpolicy=\"strict-origin-when-cross-origin\" allowfullscreen><\/iframe> <\/div><figcaption class=\"wp-element-caption\">V\u00eddeo de grande m\u00e1quina de forma\u00e7\u00e3o de bandeja de papel de ovo<\/figcaption><\/figure>","protected":false},"excerpt":{"rendered":"<p>Esta m\u00e1quina de fazer bandejas para ovos de papel \u00e9 para fabricar bandejas de papel com uma produ\u00e7\u00e3o de 6.000 pe\u00e7as por hora, adequadas para grandes f\u00e1bricas investirem.<\/p>","protected":false},"author":1,"featured_media":605,"parent":0,"template":"","tags":[11,88,68],"product-type":[61,5,4],"class_list":["post-593","product","type-product","status-publish","has-post-thumbnail","hentry","tag-egg-tray-making-machine","tag-egg-trays","tag-paper-egg-tray-making-machine","product-type-by-capacity","product-type-main-equipment","product-type-product"],"_links":{"self":[{"href":"https:\/\/www.eggtray.org\/pt\/wp-json\/wp\/v2\/product\/593","targetHints":{"allow":["GET"]}}],"collection":[{"href":"https:\/\/www.eggtray.org\/pt\/wp-json\/wp\/v2\/product"}],"about":[{"href":"https:\/\/www.eggtray.org\/pt\/wp-json\/wp\/v2\/types\/product"}],"author":[{"embeddable":true,"href":"https:\/\/www.eggtray.org\/pt\/wp-json\/wp\/v2\/users\/1"}],"wp:featuredmedia":[{"embeddable":true,"href":"https:\/\/www.eggtray.org\/pt\/wp-json\/wp\/v2\/media\/605"}],"wp:attachment":[{"href":"https:\/\/www.eggtray.org\/pt\/wp-json\/wp\/v2\/media?parent=593"}],"wp:term":[{"taxonomy":"post_tag","embeddable":true,"href":"https:\/\/www.eggtray.org\/pt\/wp-json\/wp\/v2\/tags?post=593"},{"taxonomy":"product-type","embeddable":true,"href":"https:\/\/www.eggtray.org\/pt\/wp-json\/wp\/v2\/product-type?post=593"}],"curies":[{"name":"wp","href":"https:\/\/api.w.org\/{rel}","templated":true}]}}