{"id":184,"date":"2022-08-10T09:05:04","date_gmt":"2022-08-10T01:05:04","guid":{"rendered":"https:\/\/www.eggtray.org\/?post_type=product&#038;p=184"},"modified":"2025-10-30T16:57:44","modified_gmt":"2025-10-30T08:57:44","slug":"apple-tray-making-machine","status":"publish","type":"product","link":"https:\/\/www.eggtray.org\/sw\/product\/apple-tray-making-machine\/","title":{"rendered":"Maskin f\u00f6r att tillverka \u00e4ppell\u00e5dor"},"content":{"rendered":"<p class=\"translation-block\">Kama jina linavyopendekeza, mashine ya kutengeneza tray ya apple inatumiwa hasa kutengeneza tray za karatasi kwa ajili ya apples. Kimsingi, ni aina ya<a href=\"https:\/\/www.eggtray.org\/sw\/product\/egg-tray-making-machine\/\" target=\"_blank\" rel=\"noreferrer noopener\">mashine ya tray ya mayai<\/a>. Bado, kuna tray nyingine za matunda zinazofanana na apple, kama vile avocado, embe, peach, n.k. Zaidi ya hayo, mashine hii ina sifa za aina mbalimbali, ufanisi mkubwa, na uwezo tofauti. Zaidi ya hayo, mashine zetu zinatumiwa nje ya nchi, kama vile<strong>Morocco, Angola,<a href=\"https:\/\/www.eggtray.org\/sw\/Info\/egg-crate-making-machine-nigeria\/\" target=\"_blank\" rel=\"noreferrer noopener\">Nigeria<\/a>, Zambia, Botswana, Chile, Misri, Kenya<\/strong>, n.k. Ikiwa una nia na mashine hii, karibu uwasiliane nasi!<\/p>    <h2 class=\"wp-block-heading\"><strong>Maskin f\u00f6r automatisk tillverkning av \u00e4ppelsk\u00e5lar till salu<\/strong><\/h2>    <p>Kwa kweli, mashine ya tray ya apple ni sawa sana na mashine ya tray ya mayai na mashine ya sanduku la mayai. Kwa hivyo, modeli za mashine hizi ni sawa sana. Tofauti kubwa kati ya mashine hizi mbili ni kwamba miundo ni tofauti, na miundo inaweza kubinafsishwa kulingana na mahitaji ya mteja. Ikiwa una nia na mashine hii, karibu uwasiliane nasi!<\/p>   <div class=\"wp-block-image\"> <figure class=\"aligncenter size-full\"><img loading=\"lazy\" decoding=\"async\" width=\"720\" height=\"540\" src=\"https:\/\/www.eggtray.org\/wp-content\/uploads\/2022\/08\/pulp-paper-tray-making-machine.webp\" alt=\"maskin f\u00f6r tillverkning av pulpappl\u00e5tar\" class=\"wp-image-321\" title=\"\" srcset=\"https:\/\/www.eggtray.org\/wp-content\/uploads\/2022\/08\/pulp-paper-tray-making-machine.webp 720w, https:\/\/www.eggtray.org\/wp-content\/uploads\/2022\/08\/pulp-paper-tray-making-machine-300x225.webp 300w\" sizes=\"auto, (max-width: 720px) 100vw, 720px\" \/><figcaption class=\"wp-element-caption\">maskin f\u00f6r tillverkning av pulpappl\u00e5tar<\/figcaption><\/figure> <\/div>   <h2 class=\"wp-block-heading\"><strong>Shuliy \u00e4ppelfrukt sk\u00e5lmaskinens till\u00e4mpningar<\/strong><\/h2>    <p>Olika fruktpappl\u00e5dor kan produceras, s\u00e5som p\u00e4ron, persika, \u00e4pple, jordgubbe, apelsin, avokado, mango, osv.<\/p>   <div class=\"wp-block-image\"> <figure class=\"aligncenter size-full\"><img loading=\"lazy\" decoding=\"async\" width=\"720\" height=\"540\" src=\"https:\/\/www.eggtray.org\/wp-content\/uploads\/2022\/08\/various-paper-fruit-trays.webp\" alt=\"olika pappersfruktsk\u00e5lar\" class=\"wp-image-317\" title=\"\" srcset=\"https:\/\/www.eggtray.org\/wp-content\/uploads\/2022\/08\/various-paper-fruit-trays.webp 720w, https:\/\/www.eggtray.org\/wp-content\/uploads\/2022\/08\/various-paper-fruit-trays-300x225.webp 300w\" sizes=\"auto, (max-width: 720px) 100vw, 720px\" \/><figcaption class=\"wp-element-caption\">olika pappersfruktsk\u00e5lar<\/figcaption><\/figure> <\/div>   <h2 class=\"wp-block-heading\" id=\"h-advantages-of-using-the-apple-tray-making-machine\"><strong>F\u00f6rdelar med att anv\u00e4nda \u00e4ppelsk\u00e5lsmaskinen<\/strong><\/h2>    <ul class=\"wp-block-list\"> <li>L\u00e4tt att lagra och transportera. Efter sk\u00f6rd av \u00e4pplen kan de vara os\u00e4kra och ben\u00e4gna att ruttna om \u00e4pplena staplas. Men med anv\u00e4ndning av pappersbrickor kan \u00e4pplena lagras och transporteras p\u00e5 ett s\u00e4tt som f\u00f6rhindrar att de st\u00f6ts.<\/li>    <li>Skydd av milj\u00f6n. R\u00e5materialen som anv\u00e4nds f\u00f6r att tillverka \u00e4ppell\u00e5dor \u00e4r \u00e5tervunnet papper, b\u00f6cker, tidskrifter, etc. Du kan hitta det \u00f6verallt i livet. Detta tillh\u00f6r att \u00e5tervinnas och anv\u00e4ndas, vilket bidrar till skydd av milj\u00f6n.<\/li>    <li>Utm\u00e4rkt maskinkvalitet. V\u00e5ra Shuliy-maskiner \u00e4r certifierade av myndigheten och produktkvaliteten \u00e4r garanterad.<\/li>    <li>Rahisi kutumia. Mashine yetu ya tray ya karatasi itakuwa na mwongozo wa matumizi unaofanana na video ya maelezo. Wakati mteja anapopokea mashine, kutakuwa na utangulizi wa sehemu mbalimbali za mashine.<\/li>    <li>Mchanganyiko mpana wa matumizi. Mashine hii ya kutengeneza tray za tufaha inatumika kwa uzalishaji wa tray mbalimbali za matunda za karatasi, ambazo zinaweza kutumika kwa matumizi mengi.<\/li> <\/ul>    <h2 class=\"wp-block-heading\" id=\"h-why-invest-in-the-apple-tray-machine\"><strong>Varf\u00f6r investera i \u00e4ppelsk\u00e5lsmaskinen?<\/strong><\/h2>    <ul class=\"wp-block-list\"> <li><strong>L\u00e5g investering<\/strong>. Genom att analysera kostnaden, i b\u00f6rjan av denna verksamhet kan du k\u00f6pa den minsta modellen av <a href=\"https:\/\/www.eggtray.org\/sw\/products\/production-line\/\" target=\"_blank\" rel=\"noreferrer noopener\">produktionslinje f\u00f6r papperssk\u00e5lar<\/a>. R\u00e5materialet f\u00f6r pappl\u00e5dor \u00e4r mycket billigt och l\u00e4tt att f\u00e5 tag p\u00e5.<\/li>    <li><strong>Hatari ndogo<\/strong>Maskini wa kutengeneza tray za tufaha utakuwa na kiwango cha juu cha bidhaa zilizomalizika, kiwango kidogo cha kushindwa, na unaweza kutumika kwa wingi katika shughuli za kibiashara. Hatari inayochukuliwa kwa kununua mashine kama hiyo ni ndogo sana.<\/li>    <li><strong>Milj\u00f6v\u00e4nlig<\/strong>Nu v\u00e4rlden f\u00f6respr\u00e5kar gr\u00f6n konsumtion, \u00e4r v\u00e5r maskin en s\u00e5dan milj\u00f6v\u00e4nlig maskin som \u00e5tervinner r\u00e5material (avfallspapper, avfall b\u00f6cker, etc.) igen, i linje med temat f\u00f6r v\u00e4rldens utveckling.<\/li> <\/ul>   <div class=\"wp-block-image\"> <figure class=\"aligncenter size-full\"><img loading=\"lazy\" decoding=\"async\" width=\"720\" height=\"540\" src=\"https:\/\/www.eggtray.org\/wp-content\/uploads\/2022\/08\/paper-tray-machine-manufacturer.webp\" alt=\"mtengenezaji wa mashine za tray za karatasi\" class=\"wp-image-322\" title=\"\" srcset=\"https:\/\/www.eggtray.org\/wp-content\/uploads\/2022\/08\/paper-tray-machine-manufacturer.webp 720w, https:\/\/www.eggtray.org\/wp-content\/uploads\/2022\/08\/paper-tray-machine-manufacturer-300x225.webp 300w\" sizes=\"auto, (max-width: 720px) 100vw, 720px\" \/><figcaption class=\"wp-element-caption\">mtengenezaji wa mashine za tray za karatasi<\/figcaption><\/figure> <\/div>   <h2 class=\"wp-block-heading\"><strong>Shuliy Machinery \u2013 mtengenezaji na mtoa huduma wa mashine ya kutengeneza tray za tufaha anayependekezwa<\/strong><\/h2>    <p class=\"translation-block\"><strong>Huduma ya kabla ya mauzo<\/strong>. Wafanyakazi wetu watakuwa na mtazamo wa kirafiki na mchangamfu wa kuwasiliana nawe kwa uhakika na kwa ufanisi katika hatua ya kabla ya mauzo.<\/p>    <p class=\"translation-block\"><strong>Huduma wakati wa mauzo<\/strong>. Katika mchakato wa mawasiliano, wafanyakazi wetu wa mauzo watajibu maswali yako kwa maarifa ya kitaaluma na mtazamo wenye subira.<\/p>    <p class=\"translation-block\"><strong>Huduma baada ya mauzo<\/strong>. Baada ya kupokea mashine, ikiwa una maswali yoyote kuhusu mashine, wafanyakazi wetu watakujibu kwa wakati unaofaa saa nzima.<\/p>    <h2 class=\"wp-block-heading\"><strong>Faktorer som p\u00e5verkar priset p\u00e5 \u00e4ppelkorgstillverkningsmaskinen<\/strong><\/h2>    <p class=\"translation-block\"><strong>Uteuzi wa vipengele (Configuration)<\/strong>. Unapotaka kununua mashine, unachagua vipengele tofauti, bei huwa si sawa. Kwa mfano, bei itakuwa tofauti ikiwa utachagua trei za tufaha kwa ajili ya kukaushwa kwa kawaida na kiwanda cha matofali kwa ajili ya kukausha.<\/p>    <p class=\"translation-block\"><strong>Uwezo<\/strong>. Unataka kuzalisha vipande 1,500 kwa saa na vipande 2,500 kwa saa, mashine ya kutengeneza trei za tufaha unayochagua ni tofauti na bei huwa si sawa.<\/p>    <p class=\"translation-block\"><strong>Mambo mengine<\/strong>. Kwa mfano, gharama za usafirishaji, gharama za muda, n.k.<\/p>   <div class=\"wp-block-image\"> <figure class=\"aligncenter size-full\"><img loading=\"lazy\" decoding=\"async\" width=\"720\" height=\"540\" src=\"https:\/\/www.eggtray.org\/wp-content\/uploads\/2022\/08\/apple-tray-making-machine-manufacturer.webp\" alt=\"Tillverkare av \u00e4ppelkartongmaskiner\" class=\"wp-image-319\" title=\"\" srcset=\"https:\/\/www.eggtray.org\/wp-content\/uploads\/2022\/08\/apple-tray-making-machine-manufacturer.webp 720w, https:\/\/www.eggtray.org\/wp-content\/uploads\/2022\/08\/apple-tray-making-machine-manufacturer-300x225.webp 300w\" sizes=\"auto, (max-width: 720px) 100vw, 720px\" \/><figcaption class=\"wp-element-caption\">Tillverkare av \u00e4ppelkartongmaskiner<\/figcaption><\/figure> <\/div>   <h2 class=\"wp-block-heading\"><strong>Framg\u00e5ngsfall: helt automatisk \u00e4ppelkorgstillverkningsmaskin levererad till Brasilien<\/strong><\/h2>    <p>Mteja nchini Brazil ana shamba la tufaha na anajihusisha na usafirishaji wa tufaha kwa umbali mrefu hadi maeneo mbalimbali. Hata hivyo, ikiwa tufaha hazitakuwa salama wakati wa usafirishaji, tufaha hizo zinaweza kuharibiwa wakati wa safari. Hatimaye, maslahi ya mteja wa Brazil yanadhurika wanapofika kwenye eneo lao la mwisho. Hivyo, anahitaji tray za tufaha ili kulinda tufaha hizo. Basi, mashine ya tray za tufaha ni chaguo nzuri. Baada ya kujifunza kuhusu mashine yetu, alifurahi sana na kuamua kuinunua mara moja. Baada ya kupokea mashine na kuitumia kwa muda fulani, alitujulisha kwamba shamba lake lilipata faida ya asilimia thelathini zaidi kuliko kawaida.<\/p>   <div class=\"wp-block-image\"> <figure class=\"aligncenter size-full\"><img loading=\"lazy\" decoding=\"async\" width=\"720\" height=\"540\" src=\"https:\/\/www.eggtray.org\/wp-content\/uploads\/2022\/08\/fruit-tray-machine-for-sale.webp\" alt=\"Fruktkartongmaskin till salu\" class=\"wp-image-320\" title=\"\" srcset=\"https:\/\/www.eggtray.org\/wp-content\/uploads\/2022\/08\/fruit-tray-machine-for-sale.webp 720w, https:\/\/www.eggtray.org\/wp-content\/uploads\/2022\/08\/fruit-tray-machine-for-sale-300x225.webp 300w\" sizes=\"auto, (max-width: 720px) 100vw, 720px\" \/><figcaption class=\"wp-element-caption\">Fruktkartongmaskin till salu<\/figcaption><\/figure> <\/div>   <h2 class=\"wp-block-heading\"><strong>Tekniska parametrar f\u00f6r papperssk\u00e5lsmaskinen<\/strong><\/h2>    <figure class=\"wp-block-table\"><table><tbody><tr><td>Modell<\/td><td>Kapacitet<\/td><td>Pappersf\u00f6rbrukning<\/td><td>Vattenf\u00f6rbrukning<\/td><td>Energi som anv\u00e4nds<\/td><td>Arbetare<\/td><\/tr><tr><td>SL-3*1<\/td><td>1000-1500pcs\/h<\/td><td>120kg\/h<\/td><td>300kg\/h<\/td><td>32kW\/h<\/td><td>3-4<\/td><\/tr><tr><td>SL-4*1<\/td><td>1500-2000st\/h<\/td><td>160kg\/h<\/td><td>380kg\/h<\/td><td>45kW\/h<\/td><td>3-4<\/td><\/tr><tr><td>SL-3*4<\/td><td>2000-2500pcs\/h<\/td><td>200kg\/h<\/td><td>450kg\/h<\/td><td>58kW\/h<\/td><td>4-5<\/td><\/tr><tr><td>SL-4*4<\/td><td>3000-3500pcs\/h<\/td><td>280kg\/h<\/td><td>560kg\/h<\/td><td>78kW\/h<\/td><td>4-5<\/td><\/tr><tr><td>SL-4*8<\/td><td>4000pcs\/h<\/td><td>320kg\/h<\/td><td>600kg\/h<\/td><td>80kW\/t<\/td><td>5-6<\/td><\/tr><tr><td>SL-5*8<\/td><td>5000pcs\/t<\/td><td>400kg\/t<\/td><td>750kg\/t<\/td><td>85kW\/h<\/td><td>3-4<\/td><\/tr><tr><td>SL-5*12<\/td><td>6000pcs\/h<\/td><td>480kg\/h<\/td><td>900kg\/h<\/td><td>90kW\/h<\/td><td>3-4<\/td><\/tr><tr><td>SL-6*12<\/td><td>8000pcs\/h<\/td><td>640kg\/h<\/td><td>1040kg\/h<\/td><td>100kW\/h<\/td><td>3-4<\/td><\/tr><\/tbody><\/table><\/figure>","protected":false},"excerpt":{"rendered":"<p>As the name implies, the apple tray making machine is mainly used to produce paper trays specifically for apples. Essentially, it is actually a kind of egg tray machine. Of course, there are other fruit trays similar to the apple, such as avocado, mango, peach, etc. In addition, this machine has the characteristics of various [&hellip;]<\/p>\n","protected":false},"author":1,"featured_media":303,"parent":0,"template":"","tags":[92,34,33,91,35,36],"product-type":[5,60],"class_list":["post-184","product","type-product","status-publish","has-post-thumbnail","hentry","tag-apple-tray","tag-apple-tray-machine","tag-apple-tray-making-machine","tag-fruit-tray","tag-fruit-tray-machine","tag-fruit-tray-making-machine","product-type-main-equipment","product-type-by-products"],"_links":{"self":[{"href":"https:\/\/www.eggtray.org\/sw\/wp-json\/wp\/v2\/product\/184","targetHints":{"allow":["GET"]}}],"collection":[{"href":"https:\/\/www.eggtray.org\/sw\/wp-json\/wp\/v2\/product"}],"about":[{"href":"https:\/\/www.eggtray.org\/sw\/wp-json\/wp\/v2\/types\/product"}],"author":[{"embeddable":true,"href":"https:\/\/www.eggtray.org\/sw\/wp-json\/wp\/v2\/users\/1"}],"wp:featuredmedia":[{"embeddable":true,"href":"https:\/\/www.eggtray.org\/sw\/wp-json\/wp\/v2\/media\/303"}],"wp:attachment":[{"href":"https:\/\/www.eggtray.org\/sw\/wp-json\/wp\/v2\/media?parent=184"}],"wp:term":[{"taxonomy":"post_tag","embeddable":true,"href":"https:\/\/www.eggtray.org\/sw\/wp-json\/wp\/v2\/tags?post=184"},{"taxonomy":"product-type","embeddable":true,"href":"https:\/\/www.eggtray.org\/sw\/wp-json\/wp\/v2\/product-type?post=184"}],"curies":[{"name":"wp","href":"https:\/\/api.w.org\/{rel}","templated":true}]}}