{"id":19,"date":"2022-08-08T10:07:32","date_gmt":"2022-08-08T10:07:32","guid":{"rendered":"https:\/\/www.eggtray.org\/?post_type=product&#038;p=19"},"modified":"2026-02-10T14:31:10","modified_gmt":"2026-02-10T06:31:10","slug":"egg-tray-production-line-egg-tray-machine","status":"publish","type":"product","link":"https:\/\/www.eggtray.org\/sw\/product\/egg-tray-production-line-egg-tray-machine\/","title":{"rendered":"Linje ya Uzalishaji wa Tray za Mayai kwa Utengenezaji wa Tray za Karatasi"},"content":{"rendered":"<p class=\"translation-block\"><strong>Laini ya uzalishaji wa trei za mayai<\/strong> ni laini ya kiuchumi ambayo ni ya vitendo sana. Kiwanda hiki cha kutengeneza trei za mayai kinafaa kwa wawekezaji wadogo, wa kati, na wakubwa. <\/p>    <p>Dessutom \u00e4r anv\u00e4ndningen av denna \u00e4ggbricka tillverkningsmaskin milj\u00f6v\u00e4nlig p\u00e5 grund av dess r\u00e5material. Om du \u00e4r intresserad av denna verksamhet, v\u00e4lkommen att kontakta oss f\u00f6r mer information!<\/p>    <figure class=\"wp-block-embed is-type-video is-provider-youtube wp-block-embed-youtube wp-embed-aspect-16-9 wp-has-aspect-ratio\"><div class=\"wp-block-embed__wrapper\"> <iframe loading=\"lazy\" title=\"8000 stycken\/timme helt automatisk \u00e4ggbr\u00e4deproduktionslinje fr\u00e5n Shuliy | avfalls\u00e5tervinningsanl\u00e4ggning #\u00e4ggbr\u00e4da\" width=\"500\" height=\"281\" src=\"https:\/\/www.youtube.com\/embed\/YjOJhcC9-3U?feature=oembed\" frameborder=\"0\" allow=\"accelerometer; autoplay; clipboard-write; encrypted-media; gyroscope; picture-in-picture; web-share\" referrerpolicy=\"strict-origin-when-cross-origin\" allowfullscreen><\/iframe> <\/div><figcaption class=\"wp-element-caption\">arbetsvideo av den helt automatiska pappersbricka produktionsprocessen<\/figcaption><\/figure>    <h2 class=\"wp-block-heading\" id=\"h-what-material-is-used-to-make-egg-trays\"><strong>Vilket material anv\u00e4nds f\u00f6r att tillverka \u00e4ggtr\u00e5g?<\/strong><\/h2>    <p>Faktum \u00e4r att r\u00e5materialen \u00e4r mycket vanliga och billiga i \u00e4ggkartongproduktionslinjen. Det finns mycket r\u00e5material som produceras i v\u00e5rt dagliga liv. <\/p>    <p class=\"translation-block\">Malighafi ni karatasi chakavu, magazeti chakavu, vitabu chakavu, <a href=\"https:\/\/en.wikipedia.org\/wiki\/Carton\" target=\"_blank\" rel=\"noreferrer noopener\">katoni<\/a> chakavu, n.k.<\/p>    <figure class=\"wp-block-gallery aligncenter has-nested-images columns-default is-cropped wp-block-gallery-2 is-layout-flex wp-block-gallery-is-layout-flex\"> <figure class=\"wp-block-image size-full\"><img loading=\"lazy\" decoding=\"async\" width=\"720\" height=\"540\" data-id=\"134\" src=\"https:\/\/www.eggtray.org\/wp-content\/uploads\/2022\/08\/waste-paper.webp\" alt=\"avfallspapper\" class=\"wp-image-134\" title=\"\" srcset=\"https:\/\/www.eggtray.org\/wp-content\/uploads\/2022\/08\/waste-paper.webp 720w, https:\/\/www.eggtray.org\/wp-content\/uploads\/2022\/08\/waste-paper-300x225.webp 300w\" sizes=\"auto, (max-width: 720px) 100vw, 720px\" \/><figcaption class=\"wp-element-caption\">Pappersavfall<\/figcaption><\/figure>    <figure class=\"wp-block-image size-full\"><img loading=\"lazy\" decoding=\"async\" width=\"720\" height=\"540\" data-id=\"136\" src=\"https:\/\/www.eggtray.org\/wp-content\/uploads\/2022\/08\/waste-cardboard.webp\" alt=\"avfallskartong\" class=\"wp-image-136\" title=\"\" srcset=\"https:\/\/www.eggtray.org\/wp-content\/uploads\/2022\/08\/waste-cardboard.webp 720w, https:\/\/www.eggtray.org\/wp-content\/uploads\/2022\/08\/waste-cardboard-300x225.webp 300w\" sizes=\"auto, (max-width: 720px) 100vw, 720px\" \/><figcaption class=\"wp-element-caption\">Avfallskartong<\/figcaption><\/figure>    <figure class=\"wp-block-image size-full\"><img loading=\"lazy\" decoding=\"async\" width=\"720\" height=\"540\" data-id=\"135\" src=\"https:\/\/www.eggtray.org\/wp-content\/uploads\/2022\/08\/waste-materials.webp\" alt=\"avfallsmaterial\" class=\"wp-image-135\" title=\"\" srcset=\"https:\/\/www.eggtray.org\/wp-content\/uploads\/2022\/08\/waste-materials.webp 720w, https:\/\/www.eggtray.org\/wp-content\/uploads\/2022\/08\/waste-materials-300x225.webp 300w\" sizes=\"auto, (max-width: 720px) 100vw, 720px\" \/><figcaption class=\"wp-element-caption\">Skrotmaterial<\/figcaption><\/figure> <\/figure>    <p>D\u00e4rf\u00f6r, om du vill starta ett nytt f\u00f6retag, skulle tillverkning av \u00e4ggtr\u00e5g vara ett bra val. P\u00e5 grund av dess rikliga och l\u00e5ga r\u00e5varor kommer det att minska dina produktionskostnader.<\/p>    <h2 class=\"wp-block-heading\"><strong>Introduktion av produktionlinjen f\u00f6r \u00e4ggkartonger<\/strong><\/h2>    <p>Som en ledande tillverkare och leverant\u00f6r bland leverant\u00f6rer av \u00e4ggbricka tillverkningsmaskiner har v\u00e5r Shuliy Machinery den kompletta och automatiska processen f\u00f6r tillverkning av \u00e4ggbrickor. <\/p>    <p>Kama wewe ni mmoja wa wasambazaji wa tray za mayai, ni muhimu kujifunza habari hii ya msingi.<\/p>    <h3 class=\"wp-block-heading\"><strong>Maskiner som anv\u00e4nds i produktionen av \u00e4ggkartonger<\/strong><\/h3>    <p class=\"translation-block\">Kuna mashine tano zinazotumiwa katika laini hii ya uzalishaji. Ya kwanza ni <strong>vifaa vya kutengeneza massa<\/strong>. Ya pili ni <strong><a href=\"https:\/\/www.eggtray.org\/sw\/product\/egg-tray-making-machine\/\" target=\"_blank\" rel=\"noreferrer noopener\">mashine ya trei za mayai ya karatasi<\/a><\/strong>(mashine kuu). Ya tatu ni <strong>kikaushio<\/strong>. Ya nne ni <strong>mashine ya kusukuma kwa joto<\/strong>. Ya tano ni <strong>mashine ya kufungashia<\/strong>.<\/p>    <figure class=\"wp-block-gallery aligncenter has-nested-images columns-default is-cropped wp-block-gallery-3 is-layout-flex wp-block-gallery-is-layout-flex\"> <figure class=\"wp-block-image size-full\"><img loading=\"lazy\" decoding=\"async\" width=\"720\" height=\"540\" data-id=\"215\" src=\"https:\/\/www.eggtray.org\/wp-content\/uploads\/2022\/08\/pulp-making-machine.webp\" alt=\"Pulpframst\u00e4llningsmaskin\" class=\"wp-image-215\" title=\"\" srcset=\"https:\/\/www.eggtray.org\/wp-content\/uploads\/2022\/08\/pulp-making-machine.webp 720w, https:\/\/www.eggtray.org\/wp-content\/uploads\/2022\/08\/pulp-making-machine-300x225.webp 300w\" sizes=\"auto, (max-width: 720px) 100vw, 720px\" \/><figcaption class=\"wp-element-caption\">Mashine ya Kutengeneza Pulp<\/figcaption><\/figure>    <figure class=\"wp-block-image size-full\"><img loading=\"lazy\" decoding=\"async\" width=\"720\" height=\"540\" data-id=\"214\" src=\"https:\/\/www.eggtray.org\/wp-content\/uploads\/2022\/08\/egg-tray-machine.webp\" alt=\"maskin f\u00f6r \u00e4ggkartonger\" class=\"wp-image-214\" title=\"\" srcset=\"https:\/\/www.eggtray.org\/wp-content\/uploads\/2022\/08\/egg-tray-machine.webp 720w, https:\/\/www.eggtray.org\/wp-content\/uploads\/2022\/08\/egg-tray-machine-300x225.webp 300w\" sizes=\"auto, (max-width: 720px) 100vw, 720px\" \/><figcaption class=\"wp-element-caption\">Maskin f\u00f6r \u00e4ggtr\u00e5g<\/figcaption><\/figure> <\/figure>    <figure class=\"wp-block-gallery aligncenter has-nested-images columns-default is-cropped wp-block-gallery-4 is-layout-flex wp-block-gallery-is-layout-flex\"> <figure class=\"wp-block-image size-full\"><img loading=\"lazy\" decoding=\"async\" width=\"720\" height=\"540\" data-id=\"217\" src=\"https:\/\/www.eggtray.org\/wp-content\/uploads\/2022\/08\/dryer.webp\" alt=\"tork\" class=\"wp-image-217\" title=\"\" srcset=\"https:\/\/www.eggtray.org\/wp-content\/uploads\/2022\/08\/dryer.webp 720w, https:\/\/www.eggtray.org\/wp-content\/uploads\/2022\/08\/dryer-300x225.webp 300w\" sizes=\"auto, (max-width: 720px) 100vw, 720px\" \/><figcaption class=\"wp-element-caption\">Torkare<\/figcaption><\/figure>    <figure class=\"wp-block-image size-full\"><img loading=\"lazy\" decoding=\"async\" width=\"720\" height=\"540\" data-id=\"219\" src=\"https:\/\/www.eggtray.org\/wp-content\/uploads\/2022\/08\/hot-pressing-machine.webp\" alt=\"mashine ya kupasha moto\" class=\"wp-image-219\" title=\"\" srcset=\"https:\/\/www.eggtray.org\/wp-content\/uploads\/2022\/08\/hot-pressing-machine.webp 720w, https:\/\/www.eggtray.org\/wp-content\/uploads\/2022\/08\/hot-pressing-machine-300x225.webp 300w\" sizes=\"auto, (max-width: 720px) 100vw, 720px\" \/><figcaption class=\"wp-element-caption\">Varmpressningsmaskin<\/figcaption><\/figure>    <figure class=\"wp-block-image size-full\"><img loading=\"lazy\" decoding=\"async\" width=\"720\" height=\"540\" data-id=\"218\" src=\"https:\/\/www.eggtray.org\/wp-content\/uploads\/2022\/08\/baling-machine.webp\" alt=\"balmaskin\" class=\"wp-image-218\" title=\"\" srcset=\"https:\/\/www.eggtray.org\/wp-content\/uploads\/2022\/08\/baling-machine.webp 720w, https:\/\/www.eggtray.org\/wp-content\/uploads\/2022\/08\/baling-machine-300x225.webp 300w\" sizes=\"auto, (max-width: 720px) 100vw, 720px\" \/><figcaption class=\"wp-element-caption\">Balingmaskin<\/figcaption><\/figure> <\/figure>    <h3 class=\"wp-block-heading\"><strong>Tillverkningsprocess f\u00f6r pappers\u00e4ggkartonger<\/strong><\/h3>    <p>I tillverkningsprocessen av \u00e4ggkartonger b\u00f6r totalt fyra steg slutf\u00f6ras f\u00f6r att f\u00e5 kvalitativa \u00e4ggkartonger.<\/p>    <ol class=\"wp-block-list\"> <li>den <strong>Pulpframst\u00e4llningsmaskin<\/strong>hii aina ya pulper ni pulper ya hydra, ikitumia nguvu ya maji kusaga taka kuwa pulp, maandalizi ya hatua inayofuata. Kwa njia, ikiwa unataka rangi ya kuvutia kwa tray ya mayai, unaweza kuongeza viambato.<\/li>    <li>den <strong>mashine ya tray za mayai<\/strong>maskini huu wa kutengeneza tray za mayai za pulp ni sehemu kuu ya mchakato mzima. Mashine hii ya tray za mayai ya pulp ina aina mbalimbali. Inafanya kazi ya kuunda tray za mayai. Tafadhali wasiliana nasi kwa maelezo zaidi!<\/li>    <li>den <strong>tork<\/strong>Fr\u00e5n maskinens namn \u00e4r det l\u00e4tt att f\u00f6rst\u00e5 att denna maskin \u00e4r f\u00f6r att torka \u00e4ggtr\u00e5get. Men det finns tre typer av torkningsmetoder: \u2460 naturlig torkning; \u2461 tegel torkning; \u2462 \u00e4ggtr\u00e5gstorkmaskin. Du kan v\u00e4lja den l\u00e4mpliga metoden beroende p\u00e5 din aff\u00e4rsskala. Dessutom kommer v\u00e5r f\u00f6rs\u00e4ljningschef att erbjuda fantastiska l\u00f6sningar f\u00f6r att m\u00f6ta dina krav!<\/li>    <li>den <strong>Maskin f\u00f6r hetpressning<\/strong>: denna maskin anv\u00e4nds huvudsakligen f\u00f6r att pressa \u00e4ggkartongen, f\u00f6r att f\u00e5 mer vackra och attraktiva \u00e4ggkartonger.<\/li>    <li>den <strong>balningsmaskin<\/strong>: inatumika kwa ajili ya kufunga tray za mayai ili kuhifadhi kwa urahisi.<\/li> <\/ol>   <div class=\"wp-block-image\"> <figure class=\"aligncenter size-full\"><img loading=\"lazy\" decoding=\"async\" width=\"720\" height=\"470\" src=\"https:\/\/www.eggtray.org\/wp-content\/uploads\/2022\/08\/flow-chart-of-the-egg-tray-production-line.webp\" alt=\"Fl\u00f6desschema f\u00f6r \u00e4ggkartongproduktionslinjen \" class=\"wp-image-221\" title=\"\" srcset=\"https:\/\/www.eggtray.org\/wp-content\/uploads\/2022\/08\/flow-chart-of-the-egg-tray-production-line.webp 720w, https:\/\/www.eggtray.org\/wp-content\/uploads\/2022\/08\/flow-chart-of-the-egg-tray-production-line-300x196.webp 300w\" sizes=\"auto, (max-width: 720px) 100vw, 720px\" \/><figcaption class=\"wp-element-caption\">Fl\u00f6desschema f\u00f6r \u00e4ggkartongproduktionslinjen <\/figcaption><\/figure> <\/div>   <p>Tafadhali zingatia, wakati wa uzalishaji wa tray za mayai, kuna mabwawa kadhaa ya maji yanayohitajika. Lakini tutatoa michoro sahihi ya mabwawa ya maji yanayolingana na biashara za wateja.<\/p>    <figure class=\"wp-block-embed is-type-video is-provider-youtube wp-block-embed-youtube wp-embed-aspect-16-9 wp-has-aspect-ratio\"><div class=\"wp-block-embed__wrapper\"> <iframe loading=\"lazy\" title=\"Helt automatisk \u00e4ggkartongproduktionslinje med tegelugnstorkning - Anv\u00e4nda avfallspapper f\u00f6r att g\u00f6ra \u00e4ggkartong\" width=\"500\" height=\"281\" src=\"https:\/\/www.youtube.com\/embed\/ZDfD3ahafE4?feature=oembed\" frameborder=\"0\" allow=\"accelerometer; autoplay; clipboard-write; encrypted-media; gyroscope; picture-in-picture; web-share\" referrerpolicy=\"strict-origin-when-cross-origin\" allowfullscreen><\/iframe> <\/div><figcaption class=\"wp-element-caption\">helautomatiserad maskin f\u00f6r tillverkning av \u00e4ggkartonger med tegelugnstorkning<\/figcaption><\/figure>    <h2 class=\"wp-block-heading\"><strong>Beskrivning av \u00e4ggkartonger<\/strong><\/h2>    <p>\u00c4ggkartongerna som produceras av den automatiska \u00e4ggkartongmaskinen \u00e4r inte bara l\u00e4tta i vikt utan ocks\u00e5 p\u00e5litliga i kvalitet. <\/p>    <p>Kvaliteten \u00e4r p\u00e5litlig eftersom det inte finns n\u00e5gon skada p\u00e5 \u00e4ggkartongen \u00e4ven om en person st\u00e5r p\u00e5 den.<\/p>    <figure class=\"wp-block-gallery aligncenter has-nested-images columns-default is-cropped wp-block-gallery-5 is-layout-flex wp-block-gallery-is-layout-flex\"> <figure class=\"wp-block-image size-large\"><img loading=\"lazy\" decoding=\"async\" width=\"540\" height=\"720\" data-id=\"224\" src=\"https:\/\/www.eggtray.org\/wp-content\/uploads\/2022\/08\/egg-trays.webp\" alt=\"\u00e4ggtr\u00e5g\" class=\"wp-image-224\" title=\"\" srcset=\"https:\/\/www.eggtray.org\/wp-content\/uploads\/2022\/08\/egg-trays.webp 540w, https:\/\/www.eggtray.org\/wp-content\/uploads\/2022\/08\/egg-trays-225x300.webp 225w\" sizes=\"auto, (max-width: 540px) 100vw, 540px\" \/><figcaption class=\"wp-element-caption\">Kifuniko cha Mayai<\/figcaption><\/figure>    <figure class=\"wp-block-image size-large\"><img loading=\"lazy\" decoding=\"async\" width=\"540\" height=\"720\" data-id=\"223\" src=\"https:\/\/www.eggtray.org\/wp-content\/uploads\/2022\/08\/quality-egg-trays.webp\" alt=\"kvalitets\u00e4ggtr\u00e5g\" class=\"wp-image-223\" title=\"\" srcset=\"https:\/\/www.eggtray.org\/wp-content\/uploads\/2022\/08\/quality-egg-trays.webp 540w, https:\/\/www.eggtray.org\/wp-content\/uploads\/2022\/08\/quality-egg-trays-225x300.webp 225w\" sizes=\"auto, (max-width: 540px) 100vw, 540px\" \/><figcaption class=\"wp-element-caption\">Kvalitet\u00e4ggtr\u00e5g<\/figcaption><\/figure> <\/figure>    <p>Mbali, rangi ya tray ya mayai pia ni tofauti. Kuna rangi za kawaida kama vile pulp ya ardhi, zambarau, njano, nyeupe, n.k. Ikiwa una rangi maalum akilini, mashine ya tray ya mayai ya kuzunguka inaweza pia kuizalisha kwa ajili yako.<\/p>   <div class=\"wp-block-image\"> <figure class=\"aligncenter size-full\"><img loading=\"lazy\" decoding=\"async\" width=\"720\" height=\"540\" src=\"https:\/\/www.eggtray.org\/wp-content\/uploads\/2022\/08\/different-colors-and-types-of-the-paper-trays.jpg\" alt=\"rangi na aina tofauti za tray za karatasi\" class=\"wp-image-225\" title=\"\" srcset=\"https:\/\/www.eggtray.org\/wp-content\/uploads\/2022\/08\/different-colors-and-types-of-the-paper-trays.jpg 720w, https:\/\/www.eggtray.org\/wp-content\/uploads\/2022\/08\/different-colors-and-types-of-the-paper-trays-300x225.jpg 300w\" sizes=\"auto, (max-width: 720px) 100vw, 720px\" \/><figcaption class=\"wp-element-caption\">olika f\u00e4rger och typer av pappersfack<\/figcaption><\/figure> <\/div>   <h2 class=\"wp-block-heading\" id=\"h-spotlights-of-the-egg-tray-production-line\"><strong>Huvudpunkter i produktionlinjen f\u00f6r \u00e4ggkartonger<\/strong><\/h2>    <ol class=\"wp-block-list\"> <li><strong>Milj\u00f6v\u00e4nlig<\/strong>. P\u00e5 grund av sina r\u00e5material minskas f\u00f6roreningarna till viss del. F\u00f6r den nuvarande milj\u00f6n spelar det en stor roll.<\/li>    <li><strong>L\u00e5g kostnad<\/strong>. Kama tunavyojua, inatumia karatasi za taka, magazeti ya taka, vitabu vya taka, nk. Kwa mwekezaji mpya, ni rahisi kupata, na bei ni nafuu.<\/li>    <li><strong>Automatisering<\/strong>Vi klassificerar processen f\u00f6r att tillverka \u00e4ggtr\u00e5g baserat p\u00e5 torkmetoderna. Den helt automatiska \u00e4ggtr\u00e5gsmaskinen och den manuella \u00e4ggtr\u00e5gsproduktionsmaskinen finns b\u00e5da tillg\u00e4ngliga. Du kan v\u00e4lja vad som passar ditt f\u00f6retag.<\/li>    <li><strong>Bekv\u00e4m och snabb<\/strong>Om du vill starta denna produktion av \u00e4ggtrays, kan du bara k\u00f6pa de n\u00f6dv\u00e4ndiga maskinerna fr\u00e5n oss p\u00e5 Shuliy Machinery. Och sedan kan du snabbt starta den! Detta resulterar i en kort investeringsperiod och snabba int\u00e4kter.<\/li>    <li><strong>Arbetsbesparande<\/strong>P\u00e5 grund av den h\u00f6ga automatiseringen beh\u00f6ver du bara ordna flera arbetare f\u00f6r att \u00f6vervaka maskinens drift. Det sparar mycket arbetskostnader.<\/li> <\/ol>   <div class=\"wp-block-image\"> <figure class=\"aligncenter size-full\"><img loading=\"lazy\" decoding=\"async\" width=\"720\" height=\"540\" src=\"https:\/\/www.eggtray.org\/wp-content\/uploads\/2022\/08\/automatic-egg-tray-production-line.webp\" alt=\"mstari wa uzalishaji wa tray za mayai otomatiki\" class=\"wp-image-226\" title=\"\" srcset=\"https:\/\/www.eggtray.org\/wp-content\/uploads\/2022\/08\/automatic-egg-tray-production-line.webp 720w, https:\/\/www.eggtray.org\/wp-content\/uploads\/2022\/08\/automatic-egg-tray-production-line-300x225.webp 300w\" sizes=\"auto, (max-width: 720px) 100vw, 720px\" \/><figcaption class=\"wp-element-caption\">mstari wa uzalishaji wa tray za mayai otomatiki<\/figcaption><\/figure> <\/div>   <h2 class=\"wp-block-heading\" id=\"h-what-affects-the-cost-of-the-egg-tray-machine\"><strong>Vad p\u00e5verkar kostnaden f\u00f6r \u00e4ggtraysmaskinen?<\/strong><\/h2>    <ol class=\"wp-block-list\"> <li>Mikakati ya biashara. Kadri kiwango cha biashara kinavyoathiri uwezo wa mashine. Ikiwa uko katika uzalishaji wa tray za mayai kwa kiwango kikubwa, unapaswa kununua mashine zinazofaa ili kukidhi mahitaji ya biashara yako. <\/li>    <li>Automatisering. Eftersom automatiseringen avg\u00f6r vilken torkmetod som till\u00e4mpas. Naturlig torkning, tegel-torkning och torkmaskin har definitivt olika priser.<\/li>    <li>Kr\u00e4vd tid. P\u00e5 den internationella marknaden varierar v\u00e4xelkursen alltid.<\/li> <\/ol>   <div class=\"wp-block-image\"> <figure class=\"aligncenter size-full\"><img loading=\"lazy\" decoding=\"async\" width=\"720\" height=\"540\" src=\"https:\/\/www.eggtray.org\/wp-content\/uploads\/2022\/08\/egg-tray-machine-manufacturer.webp\" alt=\"tillverkare av \u00e4ggbricka maskin\" class=\"wp-image-228\" title=\"\" srcset=\"https:\/\/www.eggtray.org\/wp-content\/uploads\/2022\/08\/egg-tray-machine-manufacturer.webp 720w, https:\/\/www.eggtray.org\/wp-content\/uploads\/2022\/08\/egg-tray-machine-manufacturer-300x225.webp 300w\" sizes=\"auto, (max-width: 720px) 100vw, 720px\" \/><figcaption class=\"wp-element-caption\">tillverkare av \u00e4ggbricka maskin<\/figcaption><\/figure> <\/div>   <h2 class=\"wp-block-heading\" id=\"h-why-choose-the-egg-tray-production-line-from-shuliy-machinery\"><strong>Varf\u00f6r v\u00e4lja \u00e4ggkartongproduktionslinjen fr\u00e5n Shuliy Machinery?<\/strong><\/h2>    <ol class=\"wp-block-list\"> <li><strong>Professionell personal<\/strong>V\u00e5r f\u00f6rs\u00e4ljningschef har den professionella kunskapen f\u00f6r att introducera \u00e4ggbr\u00e4demaskinen f\u00f6r v\u00e5ra kunder och svara p\u00e5 deras fr\u00e5gor.<\/li>    <li><strong>K\u00f6p de n\u00f6dv\u00e4ndiga maskinerna p\u00e5 en g\u00e5ng<\/strong>. Kama kampuni bora, tuna mashine mbalimbali kukidhi mahitaji ya wateja. Unaweza kununua kile unachohitaji kwa pamoja, ambacho ni rahisi sana.<\/li>    <li>F<strong>ber\u00f6md m\u00e4rke<\/strong>V\u00e5ra \u00e4ggbr\u00e4demaskiner exporteras till olika utl\u00e4ndska l\u00e4nder och regioner, s\u00e5som Zambia, Filippinerna, Indonesien, Nigeria, Mocorro, etc.<\/li> <\/ol>    <h2 class=\"wp-block-heading\" id=\"h-how-to-use-the-egg-tray-production-line-safely-for-a-long-time\"><strong>Hur man anv\u00e4nder \u00e4ggkartongproduktionslinjen s\u00e4kert under en l\u00e5ng tid?<\/strong><\/h2>    <ol class=\"wp-block-list\"> <li>Innan arbetet p\u00e5b\u00f6rjas, kontrollera noggrant varje del av produktionslinjen f\u00f6r att s\u00e4kerst\u00e4lla att den \u00e4r felfri.<\/li>    <li>Under arbetets g\u00e5ng, var uppm\u00e4rksam p\u00e5 maskinens arbetsprestanda samt arbetsf\u00f6rh\u00e5llandena. Om n\u00e5got \u00e4r fel, sluta arbeta omedelbart.<\/li>    <li>Efter att arbetet \u00e4r avslutat b\u00f6r maskinen reng\u00f6ras, s\u00e4rskilt pulpaskapande maskinen och \u00e4ggtraysmaskinens formar, s\u00e5 att de h\u00e5lls i gott skick och f\u00f6rl\u00e4nger livsl\u00e4ngden.<\/li> <\/ol>    <h2 class=\"wp-block-heading\" id=\"h-successful-case-automatic-egg-tray-production-line-sold-to-zambia\"><strong>Framg\u00e5ngsfall: automatisk \u00e4ggkartongproduktionslinje s\u00e5ld till Zambia<\/strong><\/h2>    <p>Mteja wa Zambia amejiandaa katika uzalishaji wa aina mbalimbali za sahani za karatasi kwa ajili ya kuuza ndani ya nchi. Hivyo, alijitokeza kwa hamu alipoangalia tovuti yetu, ambayo ilikuwa inafaa sana kwa mahitaji yake. Kupitia WhatsApp, tulifanya mawasiliano. <\/p>    <p>Efter att ha f\u00e5tt information om maskinen, inklusive arbetsvideon, formen, parametrarna, priset osv., skrev vi omedelbart under kontraktet. B\u00e5da parter samarbetade mycket bra.<\/p>   <div class=\"wp-block-image\"> <figure class=\"aligncenter size-full\"><img loading=\"lazy\" decoding=\"async\" width=\"551\" height=\"413\" src=\"https:\/\/www.eggtray.org\/wp-content\/uploads\/2022\/08\/loading-the-egg-tray-machine.webp\" alt=\"laddar \u00e4ggbr\u00e4demaskinen\" class=\"wp-image-231\" title=\"\" srcset=\"https:\/\/www.eggtray.org\/wp-content\/uploads\/2022\/08\/loading-the-egg-tray-machine.webp 551w, https:\/\/www.eggtray.org\/wp-content\/uploads\/2022\/08\/loading-the-egg-tray-machine-300x225.webp 300w\" sizes=\"auto, (max-width: 551px) 100vw, 551px\" \/><figcaption class=\"wp-element-caption\">laddar \u00e4ggbr\u00e4demaskinen<\/figcaption><\/figure> <\/div>   <h2 class=\"wp-block-heading\"><strong>Tekniska parametrar f\u00f6r \u00e4ggtraysmaskinen<\/strong><\/h2>    <figure class=\"wp-block-table\"><table><tbody><tr><td>Modell<\/td><td>Kapacitet<\/td><td>Pappersf\u00f6rbrukning<\/td><td>Vattenf\u00f6rbrukning<\/td><td>Energi som anv\u00e4nds<\/td><td>Arbetare<\/td><\/tr><tr><td>SL-3*1<\/td><td>1000-1500pcs\/h<\/td><td>120kg\/h<\/td><td>300kg\/h<\/td><td>32kW\/h<\/td><td>3-4<\/td><\/tr><tr><td>SL-4*1<\/td><td>1500-2000PCS\/h<\/td><td>160kg\/h<\/td><td>380kg\/h<\/td><td>45kW\/h<\/td><td>3-4<\/td><\/tr><tr><td>SL-3*4<\/td><td>2000-2500pcs\/h<\/td><td>200kg\/h<\/td><td>450kg\/h<\/td><td>58kW\/h<\/td><td>4-5<\/td><\/tr><tr><td>SL-4*4<\/td><td>3000-3500pcs\/h<\/td><td>280kg\/h<\/td><td>560kg\/h<\/td><td>78kW\/h<\/td><td>4-5<\/td><\/tr><tr><td>SL-4*8<\/td><td>4000pcs\/h<\/td><td>320kg\/h<\/td><td>600kg\/h<\/td><td>80kW\/t<\/td><td>5-6<\/td><\/tr><tr><td>SL-5*8<\/td><td>5000pcs\/t<\/td><td>400kg\/t<\/td><td>750kg\/t<\/td><td>85kW\/h<\/td><td>3-4<\/td><\/tr><tr><td>SL-6*8<\/td><td>6000pcs\/h<\/td><td>480kg\/h<\/td><td>900kg\/h<\/td><td>90kW\/h<\/td><td>3-4<\/td><\/tr><tr><td>SL-8*8<\/td><td>8000pcs\/h<\/td><td>640kg\/h<\/td><td>1040kg\/h<\/td><td>100kW\/h<\/td><td>3-4<\/td><\/tr><\/tbody><\/table><figcaption class=\"wp-element-caption\">parametrar f\u00f6r \u00e4ggtraysmaskin<\/figcaption><\/figure>    <h2 class=\"wp-block-heading\" id=\"h-faq\"><strong>Vanliga fr\u00e5gor om Shuliy \u00e4ggtraysproduktionslinje<\/strong><\/h2>   <div id=\"rank-math-faq\" class=\"rank-math-block\"> <div class=\"rank-math-list\"> <div id=\"faq-question-1664332297015\" class=\"rank-math-list-item\"> <h3 class=\"rank-math-question\"><strong>Q: Je, kutakuwa na athari yoyote pale ambapo kuna uchafuzi zaidi katika malighafi?<\/strong><\/h3> <div class=\"rank-math-answer\">  <p>A: Lite kalk och bagasse kan l\u00e4ggas till r\u00e5materialet f\u00f6r att \u00f6ka h\u00e5rdheten p\u00e5 \u00e4ggtr\u00e5den. Och n\u00e4r det finns fler f\u00f6roreningar kan en vibrationssikt l\u00e4ggas till f\u00f6r att ta bort f\u00f6roreningar. (Vibrationssikt anv\u00e4nds n\u00e4r en produktionslinje f\u00f6r \u00e4ggtr\u00e5dar av stor storlek finns tillg\u00e4nglig.)<\/p>  <\/div> <\/div> <div id=\"faq-question-1664332304175\" class=\"rank-math-list-item\"> <h3 class=\"rank-math-question\"><strong>Q: Kommer formen av \u00e4ggbr\u00e4demaskinen att slitas ut under produktionsprocessen?<\/strong><\/h3> <div class=\"rank-math-answer\">  <p>A: Om det finns fler f\u00f6roreningar kommer slitaget att vara st\u00f6rre, men i allm\u00e4nhet \u00e4r slitaget litet.<\/p>  <\/div> <\/div> <div id=\"faq-question-1664332318509\" class=\"rank-math-list-item\"> <h3 class=\"rank-math-question\"><strong>Q: Om en kund vill ha en vanlig \u00e4ggtr\u00e5g och ocks\u00e5 vill ha en formad tr\u00e5g, kan formar bytas ut?<\/strong><\/h3> <div class=\"rank-math-answer\">  <p>A: Du kan anv\u00e4nda en maskin, bara byt ut formen.<\/p>  <\/div> <\/div> <div id=\"faq-question-1664332330477\" class=\"rank-math-list-item\"> <h3 class=\"rank-math-question\"><strong>Q: Hur m\u00e5nga vattenpooler beh\u00f6ver kunden bygga sj\u00e4lv?<\/strong><\/h3> <div class=\"rank-math-answer\">  <p>A: Det beror p\u00e5 kundens produktion och anl\u00e4ggningsomr\u00e5de. Om det \u00e4r en liten produktion r\u00e4cker 2-3 pooler. Om produktionen \u00e4r st\u00f6rre finns det 3-4 pooler. Oroa dig inte, vi kommer att tillhandah\u00e5lla ritningarna.<\/p>  <\/div> <\/div> <\/div> <\/div>","protected":false},"excerpt":{"rendered":"<p>Mstari wa uzalishaji wa tray za mayai hasa unazalisha tray za mayai za ubora katika saizi na rangi tofauti, badala ya vifungashio vya plastiki, zikiwa na uwezo wa 1000-8000pcs\/h. <\/p>","protected":false},"author":1,"featured_media":142,"parent":0,"template":"","tags":[15,12,70,10,11,17,9,16,13,14],"product-type":[3],"class_list":["post-19","product","type-product","status-publish","has-post-thumbnail","hentry","tag-baling-machine","tag-dryer","tag-egg-tray","tag-egg-tray-machine","tag-egg-tray-making-machine","tag-egg-tray-manufacturing-process","tag-egg-tray-production-line","tag-egg-tray-production-process","tag-hot-pressing-machine","tag-pulp-making-machine","product-type-production-line"],"_links":{"self":[{"href":"https:\/\/www.eggtray.org\/sw\/wp-json\/wp\/v2\/product\/19","targetHints":{"allow":["GET"]}}],"collection":[{"href":"https:\/\/www.eggtray.org\/sw\/wp-json\/wp\/v2\/product"}],"about":[{"href":"https:\/\/www.eggtray.org\/sw\/wp-json\/wp\/v2\/types\/product"}],"author":[{"embeddable":true,"href":"https:\/\/www.eggtray.org\/sw\/wp-json\/wp\/v2\/users\/1"}],"wp:featuredmedia":[{"embeddable":true,"href":"https:\/\/www.eggtray.org\/sw\/wp-json\/wp\/v2\/media\/142"}],"wp:attachment":[{"href":"https:\/\/www.eggtray.org\/sw\/wp-json\/wp\/v2\/media?parent=19"}],"wp:term":[{"taxonomy":"post_tag","embeddable":true,"href":"https:\/\/www.eggtray.org\/sw\/wp-json\/wp\/v2\/tags?post=19"},{"taxonomy":"product-type","embeddable":true,"href":"https:\/\/www.eggtray.org\/sw\/wp-json\/wp\/v2\/product-type?post=19"}],"curies":[{"name":"wp","href":"https:\/\/api.w.org\/{rel}","templated":true}]}}