{"id":255,"date":"2022-08-11T06:52:12","date_gmt":"2022-08-10T22:52:12","guid":{"rendered":"https:\/\/www.eggtray.org\/?post_type=product&#038;p=255"},"modified":"2025-10-30T16:47:10","modified_gmt":"2025-10-30T08:47:10","slug":"egg-carton-making-machine","status":"publish","type":"product","link":"https:\/\/www.eggtray.org\/sw\/product\/egg-carton-making-machine\/","title":{"rendered":"Maskin f\u00f6r att tillverka \u00e4ggkartonger"},"content":{"rendered":"<p>Mashine ya kutengeneza sanduku la mayai inatumiwa hasa kutengeneza tray za karatasi za ubora wa juu kwa kulinda mayai. Sisi, Shuliy Machinery, kama mmoja wa wazalishaji na wasambazaji bora wa mashine za tray, tunatengeneza aina mbalimbali za mashine za sanduku la mayai. Mashine yetu ya sanduku la mayai inafaa kwa uzalishaji mdogo, wa kati, na mkubwa. Haijalishi ukubwa wa kiwanda chako, mashine yetu ya sanduku la mayai inaweza kukidhi mahitaji yako. Kwa wawekezaji, kununua mashine yetu ya kutengeneza sanduku la mayai ni chaguo sahihi kwako. Karibu uwasiliane nasi kwa habari zaidi!<\/p>    <h2 class=\"wp-block-heading\" id=\"h-egg-carton-machine-for-sale\"><strong>Mashine ya masanduku ya mayai inauzwa<\/strong><\/h2>    <p class=\"translation-block\">Kwa kweli, mashine ya kutengeneza makreti ya mayai ina aina sawa na <a href=\"https:\/\/www.eggtray.org\/sw\/product\/egg-tray-making-machine\/\" target=\"_blank\" rel=\"noreferrer noopener\">mashine ya kutengeneza trei za mayai<\/a>, ikiwa na uwezo kutoka vipande 1000 kwa saa hadi vipande 8000 kwa saa. Mashine ina ubora bora, utendaji thabiti, na maisha marefu ya huduma. Ikilinganishwa na wengine, mashine zetu sio tu zina aina mbalimbali lakini pia zina faida za bei. Kwa sababu sisi ni kampuni ya viwanda na biashara, tuna kiwanda chetu na timu ya R&amp;D. Tunatarajia uchunguzi wako!<\/p>    <figure class=\"wp-block-gallery aligncenter has-nested-images columns-default is-cropped wp-block-gallery-2 is-layout-flex wp-block-gallery-is-layout-flex\"> <figure class=\"wp-block-image size-large\"><img loading=\"lazy\" decoding=\"async\" width=\"540\" height=\"720\" data-id=\"370\" src=\"https:\/\/www.eggtray.org\/wp-content\/uploads\/2022\/08\/egg-carton-machine-for-sale.webp\" alt=\"maskin f\u00f6r \u00e4ggkartonger till salu\" class=\"wp-image-370\" title=\"\" srcset=\"https:\/\/www.eggtray.org\/wp-content\/uploads\/2022\/08\/egg-carton-machine-for-sale.webp 540w, https:\/\/www.eggtray.org\/wp-content\/uploads\/2022\/08\/egg-carton-machine-for-sale-225x300.webp 225w\" sizes=\"auto, (max-width: 540px) 100vw, 540px\" \/><figcaption class=\"wp-element-caption\">\u00c4ggkartongmaskin till salu<\/figcaption><\/figure>    <figure class=\"wp-block-image size-large\"><img loading=\"lazy\" decoding=\"async\" width=\"540\" height=\"720\" data-id=\"371\" src=\"https:\/\/www.eggtray.org\/wp-content\/uploads\/2022\/08\/egg-carton-making-machine-egg-carton-machine.webp\" alt=\"maskin f\u00f6r tillverkning av \u00e4ggkartonger - \u00e4ggkartongmaskin\" class=\"wp-image-371\" title=\"\" srcset=\"https:\/\/www.eggtray.org\/wp-content\/uploads\/2022\/08\/egg-carton-making-machine-egg-carton-machine.webp 540w, https:\/\/www.eggtray.org\/wp-content\/uploads\/2022\/08\/egg-carton-making-machine-egg-carton-machine-225x300.webp 225w\" sizes=\"auto, (max-width: 540px) 100vw, 540px\" \/><figcaption class=\"wp-element-caption\">Maskin f\u00f6r tillverkning av \u00e4ggkartonger - \u00c4ggkartongmaskin<\/figcaption><\/figure> <\/figure>    <h2 class=\"wp-block-heading\"><strong>Nini kifaa cha kutengeneza masanduku ya mayai?<\/strong><\/h2>    <p>Vitabu vya taka, karatasi za taka, magazeti ya taka, karatasi, vitabu, nk. Hizi zote zinaweza kuwa malighafi za mashine ya kutengeneza sanduku la mayai.<\/p>    <p class=\"translation-block\">Nyenzo hizi za malighafi ni rahisi kupatikana na gharama ni ndogo. Kwa wafanyabiashara wanaotaka kuanzisha tasnia mpya, kuwekeza katika <a href=\"https:\/\/www.eggtray.org\/sw\/product\/egg-carton-production-line-egg-carton-machine\/\" target=\"_blank\" rel=\"noreferrer noopener\">mstari wa uzalishaji wa makreti ya mayai ya karatasi<\/a> ni chaguo nzuri.<\/p>    <h2 class=\"wp-block-heading\"><strong>Matumizi ya mtengenezaji wa masanduku ya mayai<\/strong><\/h2>    <p class=\"translation-block\">Mashine ya kutengeneza vikapu vya mayai inaweza kuzalisha sio tu makreti ya mayai bali pia trei za mayai, trei za tufaha, trei za kitalu, trei za divai, trei za matibabu, vikapu vya karatasi, <a href=\"https:\/\/www.eggtray.org\/sw\/product\/quail-egg-tray-making-machine\/\" target=\"_blank\" rel=\"noreferrer noopener\">trei za mayai ya kware<\/a>, n.k. Kwa mfano, mashine ya kutengeneza makreti ya mayai ambayo inaweza kuzalisha trei ya mayai inaitwa mashine ya kutengeneza trei za mayai, na ile ya trei ya tufaha inaitwa <a href=\"https:\/\/www.eggtray.org\/sw\/product\/apple-tray-making-machine\/\" target=\"_blank\" rel=\"noreferrer noopener\">mashine ya kutengeneza trei za tufaha<\/a>.<\/p>    <figure class=\"wp-block-gallery aligncenter has-nested-images columns-default is-cropped wp-block-gallery-3 is-layout-flex wp-block-gallery-is-layout-flex\"> <figure class=\"wp-block-image size-large\"><img loading=\"lazy\" decoding=\"async\" width=\"560\" height=\"400\" data-id=\"309\" src=\"https:\/\/www.eggtray.org\/wp-content\/uploads\/2022\/08\/pulp-paper-trays.webp\" alt=\"korgpapperstr\u00e5g\" class=\"wp-image-309\" title=\"\" srcset=\"https:\/\/www.eggtray.org\/wp-content\/uploads\/2022\/08\/pulp-paper-trays.webp 560w, https:\/\/www.eggtray.org\/wp-content\/uploads\/2022\/08\/pulp-paper-trays-300x214.webp 300w\" sizes=\"auto, (max-width: 560px) 100vw, 560px\" \/><figcaption class=\"wp-element-caption\">Pappersbrickor av massa<\/figcaption><\/figure> <\/figure>    <h2 class=\"wp-block-heading\"><strong>Faida za mashine ya kutengeneza sanduku la mayai inayopatikana<\/strong><\/h2>    <ul class=\"wp-block-list\"> <li>Kiuchumi. Malighafi za kutengeneza mashine hii ya sanduku la mayai ni rahisi kupatikana na ni za bei nafuu, na kwa ujumla, gharama itapungua.<\/li>    <li>Kazi yenye nguvu. Mashine hii ya kutengeneza masanduku ya mayai inaweza kuzalisha si tu masanduku ya mayai bali pia trays za mayai, trays za mayai ya quail, trays za tufaha, n.k., kwa kubadilisha tu mitungi.<\/li>    <li>Aina mbalimbali. Mashine yetu inafaa kwa uzalishaji mdogo, wa kati, na mkubwa, hivyo haijalishi ni kiwango gani unachotaka, mashine yetu ya kutengeneza sanduku la mayai itaridhisha biashara yako.<\/li> <\/ul>    <h2 class=\"wp-block-heading\"><strong>Bei ya kuvutia ya mashine ya masanduku ya mayai<\/strong><\/h2>    <p>Maskini zetu za Shuliy Machinery zinazofaa mazingira zinafuata maendeleo ya jamii. Bei ya mashine yetu ya kutengeneza masanduku ya mayai ina faida zifuatazo.<\/p>    <ol class=\"wp-block-list\"> <li>Tuna na yetu<strong> Timu ya R&amp;D<\/strong>I processen av samh\u00e4llsutveckling syftar v\u00e5ra sj\u00e4lvutvecklade maskiner alltid till att m\u00f6ta kundernas behov, vilket inneb\u00e4r att v\u00e5ra maskiner \u00e4r mycket l\u00e4mpliga f\u00f6r kundernas behov.<\/li>    <li>V\u00e5r <strong>ubora<\/strong> imehakikishwa. Tunaweza kukupa dhamana kwamba mashine zetu zinaweza kutumika kwa muda mrefu chini ya hali sawa.<\/li> <\/ol>    <figure class=\"wp-block-gallery aligncenter has-nested-images columns-default is-cropped wp-block-gallery-4 is-layout-flex wp-block-gallery-is-layout-flex\"> <figure class=\"wp-block-image size-large\"><img loading=\"lazy\" decoding=\"async\" width=\"720\" height=\"540\" data-id=\"373\" src=\"https:\/\/www.eggtray.org\/wp-content\/uploads\/2022\/08\/egg-carton-machine-manufacturer.webp\" alt=\"tillverkare av \u00e4ggkartongmaskiner\" class=\"wp-image-373\" title=\"\" srcset=\"https:\/\/www.eggtray.org\/wp-content\/uploads\/2022\/08\/egg-carton-machine-manufacturer.webp 720w, https:\/\/www.eggtray.org\/wp-content\/uploads\/2022\/08\/egg-carton-machine-manufacturer-300x225.webp 300w\" sizes=\"auto, (max-width: 720px) 100vw, 720px\" \/><figcaption class=\"wp-element-caption\">Tillverkare av \u00e4ggkartongmaskiner<\/figcaption><\/figure>    <figure class=\"wp-block-image size-large\"><img loading=\"lazy\" decoding=\"async\" width=\"720\" height=\"540\" data-id=\"374\" src=\"https:\/\/www.eggtray.org\/wp-content\/uploads\/2022\/08\/egg-crate-making-machine-manufacturer.webp\" alt=\"tillverkare av maskiner f\u00f6r \u00e4ggkartongstillverkning\" class=\"wp-image-374\" title=\"\" srcset=\"https:\/\/www.eggtray.org\/wp-content\/uploads\/2022\/08\/egg-crate-making-machine-manufacturer.webp 720w, https:\/\/www.eggtray.org\/wp-content\/uploads\/2022\/08\/egg-crate-making-machine-manufacturer-300x225.webp 300w\" sizes=\"auto, (max-width: 720px) 100vw, 720px\" \/><figcaption class=\"wp-element-caption\">Tillverkare av \u00e4ggkartongmaskiner<\/figcaption><\/figure> <\/figure>    <h2 class=\"wp-block-heading\"><strong>Vidokezo vya kuchagua mashine inayofaa ya kutengeneza sanduku la mayai la karatasi <\/strong><\/h2>    <ol class=\"wp-block-list\"> <li>Ni aina gani ya <strong>matokeo unayotaka<\/strong>. Kwa sababu uzalishaji ni tofauti, mashine inayotumika pia ni tofauti. Hivyo basi, kwanza kabisa, unapaswa kuthibitisha ni aina gani ya uzalishaji.<\/li>    <li>Den <strong>tApplicable torkningsmetod. <\/strong>Hii inategemea uzalishaji wako. Ikiwa unataka mashine ndogo ya tray ya karatasi, basi kukausha kwa jua ni chaguo bora.<\/li>    <li><strong>Inom budget. <\/strong>Baada ya kuamua juu ya mashine, jumla ya bei iko ndani ya pesa zako. Hivyo, ni ushirikiano wa faida kwa pande zote.<\/li> <\/ol>    <p>Wafanyakazi wetu wa mauzo ni wataalamu na watakupendekezea ile inayofaa zaidi kulingana na mahitaji yako.<\/p>    <h2 class=\"wp-block-heading\"><strong>Kesi ya mafanikio: usafirishaji wa mashine ya kutengeneza sanduku la mayai ya mkono kwenda Samoa Magharibi<\/strong><\/h2>    <p class=\"translation-block\">Mteja huyu ana idadi kubwa ya viwanda na anataka kuanzisha kingine kipya. Baada ya mashauriano, aliamua kuanzisha trei za karatasi. Kwa hivyo, alitaka kununua mashine husika. Baada ya kuona mashine zetu, alitawasiliana nasi. Meneja wetu wa mauzo alimuelezea mashine husika kwa undani na kusema kwamba angeweza kuzalisha trei tofauti kwa kubadilisha tu ukungu. Baada ya kuzingatia, mteja wa Samoa ya Magharibi alinunua <a href=\"https:\/\/www.eggtray.org\/sw\/product\/egg-carton-production-line-egg-carton-machine\/\" target=\"_blank\" rel=\"noreferrer noopener\">mstari wa uzalishaji wa vikapu vya mayai<\/a> kutoka kwetu. Baada ya kutumia mashine kwa muda, alionyesha kuridhika kwake sana.<\/p>   <div class=\"wp-block-image\"> <figure class=\"aligncenter size-full\"><img loading=\"lazy\" decoding=\"async\" width=\"720\" height=\"540\" src=\"https:\/\/www.eggtray.org\/wp-content\/uploads\/2022\/08\/1000pcs-per-hour-semi-automatic-paper-tray-machine.webp\" alt=\"1000pcs kwa saa mashine ya tray ya karatasi ya nusu-automatik\" class=\"wp-image-375\" title=\"\" srcset=\"https:\/\/www.eggtray.org\/wp-content\/uploads\/2022\/08\/1000pcs-per-hour-semi-automatic-paper-tray-machine.webp 720w, https:\/\/www.eggtray.org\/wp-content\/uploads\/2022\/08\/1000pcs-per-hour-semi-automatic-paper-tray-machine-300x225.webp 300w\" sizes=\"auto, (max-width: 720px) 100vw, 720px\" \/><figcaption class=\"wp-element-caption\">1000pcs kwa saa mashine ya tray ya karatasi ya nusu-automatik<\/figcaption><\/figure> <\/div>   <h2 class=\"wp-block-heading\"><strong>Tekniska parametrar f\u00f6r \u00e4ggkartongmaskinen<\/strong><\/h2>    <figure class=\"wp-block-table\"><table><tbody><tr><td>Modell<\/td><td>Kapacitet<\/td><td>Pappersf\u00f6rbrukning<\/td><td>Vattenf\u00f6rbrukning<\/td><td>Energi som anv\u00e4nds<\/td><td>Arbetare<\/td><\/tr><tr><td>SL-3*1<\/td><td>1000-1500pcs\/h<\/td><td>120kg\/h<\/td><td>300kg\/h<\/td><td>32kW\/h<\/td><td>3-4<\/td><\/tr><tr><td>SL-4*1<\/td><td>1500-2000st\/h<\/td><td>160kg\/h<\/td><td>380kg\/h<\/td><td>45kW\/h<\/td><td>3-4<\/td><\/tr><tr><td>SL-3*4<\/td><td>2000-2500pcs\/h<\/td><td>200kg\/h<\/td><td>450kg\/h<\/td><td>58kW\/h<\/td><td>4-5<\/td><\/tr><tr><td>SL-4*4<\/td><td>3000-3500pcs\/h<\/td><td>280kg\/h<\/td><td>560kg\/h<\/td><td>78kW\/h<\/td><td>4-5<\/td><\/tr><tr><td>SL-4*8<\/td><td>4000pcs\/h<\/td><td>320kg\/h<\/td><td>600kg\/h<\/td><td>80kW\/t<\/td><td>5-6<\/td><\/tr><tr><td>SL-5*8<\/td><td>5000pcs\/t<\/td><td>400kg\/t<\/td><td>750kg\/t<\/td><td>85kW\/h<\/td><td>3-4<\/td><\/tr><tr><td>SL-5*12<\/td><td>6000pcs\/h<\/td><td>480kg\/h<\/td><td>900kg\/h<\/td><td>90kW\/h<\/td><td>3-4<\/td><\/tr><tr><td>SL-6*12<\/td><td>8000pcs\/h<\/td><td>640kg\/h<\/td><td>1040kg\/h<\/td><td>100kW\/h<\/td><td>3-4<\/td><\/tr><\/tbody><\/table><figcaption class=\"wp-element-caption\">maelezo ya mashine ya kutengeneza sanduku la mayai<\/figcaption><\/figure>","protected":false},"excerpt":{"rendered":"<p>The egg carton making machine is mainly used to produce high-quality paper trays for protecting eggs. We, Shuliy Machinery, as one of the best tray machine manufacturers and suppliers, produce various types of egg carton machines. Our egg carton machine is suitable for small, medium, and large-scale production. No matter what size your factory is, [&hellip;]<\/p>\n","protected":false},"author":1,"featured_media":325,"parent":0,"template":"","tags":[50,89,21,22,20,48,46],"product-type":[5,60,4],"class_list":["post-255","product","type-product","status-publish","has-post-thumbnail","hentry","tag-egg-box-machine","tag-egg-carton","tag-egg-carton-machine","tag-egg-carton-making-machine","tag-egg-carton-production-line","tag-egg-crate-machine","tag-egg-crate-making-machine","product-type-main-equipment","product-type-by-products","product-type-product"],"_links":{"self":[{"href":"https:\/\/www.eggtray.org\/sw\/wp-json\/wp\/v2\/product\/255","targetHints":{"allow":["GET"]}}],"collection":[{"href":"https:\/\/www.eggtray.org\/sw\/wp-json\/wp\/v2\/product"}],"about":[{"href":"https:\/\/www.eggtray.org\/sw\/wp-json\/wp\/v2\/types\/product"}],"author":[{"embeddable":true,"href":"https:\/\/www.eggtray.org\/sw\/wp-json\/wp\/v2\/users\/1"}],"wp:featuredmedia":[{"embeddable":true,"href":"https:\/\/www.eggtray.org\/sw\/wp-json\/wp\/v2\/media\/325"}],"wp:attachment":[{"href":"https:\/\/www.eggtray.org\/sw\/wp-json\/wp\/v2\/media?parent=255"}],"wp:term":[{"taxonomy":"post_tag","embeddable":true,"href":"https:\/\/www.eggtray.org\/sw\/wp-json\/wp\/v2\/tags?post=255"},{"taxonomy":"product-type","embeddable":true,"href":"https:\/\/www.eggtray.org\/sw\/wp-json\/wp\/v2\/product-type?post=255"}],"curies":[{"name":"wp","href":"https:\/\/api.w.org\/{rel}","templated":true}]}}